{"id":2302,"date":"2023-05-17T16:33:45","date_gmt":"2023-05-17T16:33:45","guid":{"rendered":"http:\/\/booksfrommexico.com\/news\/"},"modified":"2023-09-18T14:28:19","modified_gmt":"2023-09-18T14:28:19","slug":"news","status":"publish","type":"page","link":"https:\/\/booksfrommexico.com\/es\/news\/","title":{"rendered":"Noticias"},"content":{"rendered":"<div class=\"wpb-content-wrapper\"><p>[vc_row][vc_column][vc_column_text]<\/p>\n<h1 style=\"text-align: center;\">El blog de la <strong>literatura mexicana<\/strong><\/h1>\n<p style=\"text-align: center;\">En este espacio compartimos conocimientos, vivencias y opini\u00f3n de algunas publicaciones mexicanas que distribuimos en todo el mundo, a lo largo de m\u00e1s de 40 a\u00f1os.<\/p>\n<p>[\/vc_column_text][\/vc_column][\/vc_row][vc_row][vc_column][vc_basic_grid post_type=\u00bbpost\u00bb max_items=\u00bb12&#8243; style=\u00bbpagination\u00bb items_per_page=\u00bb12&#8243; show_filter=\u00bbyes\u00bb arrows_design=\u00bbvc_arrow-icon-arrow_01_left\u00bb item=\u00bb2315&#8243; grid_id=\u00bbvc_gid:1695047285633-e34875bd-8a06-2&#8243; filter_source=\u00bbcategory\u00bb][\/vc_column][\/vc_row]<\/p>\n<\/div>","protected":false},"excerpt":{"rendered":"<p>[vc_row][vc_column][vc_column_text] El blog de la literatura mexicana En este espacio compartimos conocimientos, vivencias y opini\u00f3n de algunas publicaciones mexicanas que distribuimos en todo el mundo, a lo largo de m\u00e1s de 40 a\u00f1os. [\/vc_column_text][\/vc_column][\/vc_row][vc_row][vc_column][vc_basic_grid post_type=\u00bbpost\u00bb max_items=\u00bb12&#8243; style=\u00bbpagination\u00bb items_per_page=\u00bb12&#8243; show_filter=\u00bbyes\u00bb arrows_design=\u00bbvc_arrow-icon-arrow_01_left\u00bb item=\u00bb2315&#8243; grid_id=\u00bbvc_gid:1695047285633-e34875bd-8a06-2&#8243; filter_source=\u00bbcategory\u00bb][\/vc_column][\/vc_row]<\/p>\n","protected":false},"author":1,"featured_media":0,"parent":0,"menu_order":0,"comment_status":"closed","ping_status":"closed","template":"","meta":{"_acf_changed":false,"inline_featured_image":false,"footnotes":""},"class_list":["post-2302","page","type-page","status-publish","hentry"],"acf":[],"yoast_head":"<!-- This site is optimized with the Yoast SEO plugin v27.3 - https:\/\/yoast.com\/product\/yoast-seo-wordpress\/ -->\n<title>Noticias - Books From Mexico<\/title>\n<meta name=\"robots\" content=\"index, follow, max-snippet:-1, max-image-preview:large, max-video-preview:-1\" \/>\n<link rel=\"canonical\" href=\"https:\/\/booksfrommexico.com\/news\/\" \/>\n<meta property=\"og:locale\" content=\"es_ES\" \/>\n<meta property=\"og:type\" content=\"article\" \/>\n<meta property=\"og:title\" content=\"Noticias - Books From Mexico\" \/>\n<meta property=\"og:description\" content=\"[vc_row][vc_column][vc_column_text] El blog de la literatura mexicana En este espacio compartimos conocimientos, vivencias y opini\u00f3n de algunas publicaciones mexicanas que distribuimos en todo el mundo, a lo largo de m\u00e1s de 40 a\u00f1os. [\/vc_column_text][\/vc_column][\/vc_row][vc_row][vc_column][vc_basic_grid post_type=\u00bbpost\u00bb max_items=\u00bb12&#8243; style=\u00bbpagination\u00bb items_per_page=\u00bb12&#8243; show_filter=\u00bbyes\u00bb arrows_design=\u00bbvc_arrow-icon-arrow_01_left\u00bb item=\u00bb2315&#8243; grid_id=\u00bbvc_gid:1695047285633-e34875bd-8a06-2&#8243; filter_source=\u00bbcategory\u00bb][\/vc_column][\/vc_row]\" \/>\n<meta property=\"og:url\" content=\"https:\/\/booksfrommexico.com\/news\/\" \/>\n<meta property=\"og:site_name\" content=\"Books From Mexico\" \/>\n<meta property=\"article:modified_time\" content=\"2023-09-18T14:28:19+00:00\" \/>\n<meta name=\"twitter:card\" content=\"summary_large_image\" \/>\n<meta name=\"twitter:label1\" content=\"Tiempo de lectura\" \/>\n\t<meta name=\"twitter:data1\" content=\"1 minuto\" \/>\n<script type=\"application\/ld+json\" class=\"yoast-schema-graph\">{\"@context\":\"https:\\\/\\\/schema.org\",\"@graph\":[{\"@type\":\"WebPage\",\"@id\":\"https:\\\/\\\/booksfrommexico.com\\\/news\\\/\",\"url\":\"https:\\\/\\\/booksfrommexico.com\\\/news\\\/\",\"name\":\"Noticias - Books From Mexico\",\"isPartOf\":{\"@id\":\"https:\\\/\\\/booksfrommexico.com\\\/#website\"},\"datePublished\":\"2023-05-17T16:33:45+00:00\",\"dateModified\":\"2023-09-18T14:28:19+00:00\",\"breadcrumb\":{\"@id\":\"https:\\\/\\\/booksfrommexico.com\\\/news\\\/#breadcrumb\"},\"inLanguage\":\"es\",\"potentialAction\":[{\"@type\":\"ReadAction\",\"target\":[\"https:\\\/\\\/booksfrommexico.com\\\/news\\\/\"]}]},{\"@type\":\"BreadcrumbList\",\"@id\":\"https:\\\/\\\/booksfrommexico.com\\\/news\\\/#breadcrumb\",\"itemListElement\":[{\"@type\":\"ListItem\",\"position\":1,\"name\":\"Home\",\"item\":\"https:\\\/\\\/booksfrommexico.com\\\/es\\\/\"},{\"@type\":\"ListItem\",\"position\":2,\"name\":\"Noticias\"}]},{\"@type\":\"WebSite\",\"@id\":\"https:\\\/\\\/booksfrommexico.com\\\/#website\",\"url\":\"https:\\\/\\\/booksfrommexico.com\\\/\",\"name\":\"Books From Mexico\",\"description\":\"\",\"publisher\":{\"@id\":\"https:\\\/\\\/booksfrommexico.com\\\/#organization\"},\"potentialAction\":[{\"@type\":\"SearchAction\",\"target\":{\"@type\":\"EntryPoint\",\"urlTemplate\":\"https:\\\/\\\/booksfrommexico.com\\\/?s={search_term_string}\"},\"query-input\":{\"@type\":\"PropertyValueSpecification\",\"valueRequired\":true,\"valueName\":\"search_term_string\"}}],\"inLanguage\":\"es\"},{\"@type\":\"Organization\",\"@id\":\"https:\\\/\\\/booksfrommexico.com\\\/#organization\",\"name\":\"Books From Mexico\",\"url\":\"https:\\\/\\\/booksfrommexico.com\\\/\",\"logo\":{\"@type\":\"ImageObject\",\"inLanguage\":\"es\",\"@id\":\"https:\\\/\\\/booksfrommexico.com\\\/#\\\/schema\\\/logo\\\/image\\\/\",\"url\":\"https:\\\/\\\/booksfrommexico.com\\\/app\\\/uploads\\\/2023\\\/05\\\/logo-booksfrommexico.svg\",\"contentUrl\":\"https:\\\/\\\/booksfrommexico.com\\\/app\\\/uploads\\\/2023\\\/05\\\/logo-booksfrommexico.svg\",\"width\":86,\"height\":56,\"caption\":\"Books From Mexico\"},\"image\":{\"@id\":\"https:\\\/\\\/booksfrommexico.com\\\/#\\\/schema\\\/logo\\\/image\\\/\"}}]}<\/script>\n<!-- \/ Yoast SEO plugin. -->","yoast_head_json":{"title":"Noticias - Books From Mexico","robots":{"index":"index","follow":"follow","max-snippet":"max-snippet:-1","max-image-preview":"max-image-preview:large","max-video-preview":"max-video-preview:-1"},"canonical":"https:\/\/booksfrommexico.com\/news\/","og_locale":"es_ES","og_type":"article","og_title":"Noticias - Books From Mexico","og_description":"[vc_row][vc_column][vc_column_text] El blog de la literatura mexicana En este espacio compartimos conocimientos, vivencias y opini\u00f3n de algunas publicaciones mexicanas que distribuimos en todo el mundo, a lo largo de m\u00e1s de 40 a\u00f1os. [\/vc_column_text][\/vc_column][\/vc_row][vc_row][vc_column][vc_basic_grid post_type=\u00bbpost\u00bb max_items=\u00bb12&#8243; style=\u00bbpagination\u00bb items_per_page=\u00bb12&#8243; show_filter=\u00bbyes\u00bb arrows_design=\u00bbvc_arrow-icon-arrow_01_left\u00bb item=\u00bb2315&#8243; grid_id=\u00bbvc_gid:1695047285633-e34875bd-8a06-2&#8243; filter_source=\u00bbcategory\u00bb][\/vc_column][\/vc_row]","og_url":"https:\/\/booksfrommexico.com\/news\/","og_site_name":"Books From Mexico","article_modified_time":"2023-09-18T14:28:19+00:00","twitter_card":"summary_large_image","twitter_misc":{"Tiempo de lectura":"1 minuto"},"schema":{"@context":"https:\/\/schema.org","@graph":[{"@type":"WebPage","@id":"https:\/\/booksfrommexico.com\/news\/","url":"https:\/\/booksfrommexico.com\/news\/","name":"Noticias - Books From Mexico","isPartOf":{"@id":"https:\/\/booksfrommexico.com\/#website"},"datePublished":"2023-05-17T16:33:45+00:00","dateModified":"2023-09-18T14:28:19+00:00","breadcrumb":{"@id":"https:\/\/booksfrommexico.com\/news\/#breadcrumb"},"inLanguage":"es","potentialAction":[{"@type":"ReadAction","target":["https:\/\/booksfrommexico.com\/news\/"]}]},{"@type":"BreadcrumbList","@id":"https:\/\/booksfrommexico.com\/news\/#breadcrumb","itemListElement":[{"@type":"ListItem","position":1,"name":"Home","item":"https:\/\/booksfrommexico.com\/es\/"},{"@type":"ListItem","position":2,"name":"Noticias"}]},{"@type":"WebSite","@id":"https:\/\/booksfrommexico.com\/#website","url":"https:\/\/booksfrommexico.com\/","name":"Books From Mexico","description":"","publisher":{"@id":"https:\/\/booksfrommexico.com\/#organization"},"potentialAction":[{"@type":"SearchAction","target":{"@type":"EntryPoint","urlTemplate":"https:\/\/booksfrommexico.com\/?s={search_term_string}"},"query-input":{"@type":"PropertyValueSpecification","valueRequired":true,"valueName":"search_term_string"}}],"inLanguage":"es"},{"@type":"Organization","@id":"https:\/\/booksfrommexico.com\/#organization","name":"Books From Mexico","url":"https:\/\/booksfrommexico.com\/","logo":{"@type":"ImageObject","inLanguage":"es","@id":"https:\/\/booksfrommexico.com\/#\/schema\/logo\/image\/","url":"https:\/\/booksfrommexico.com\/app\/uploads\/2023\/05\/logo-booksfrommexico.svg","contentUrl":"https:\/\/booksfrommexico.com\/app\/uploads\/2023\/05\/logo-booksfrommexico.svg","width":86,"height":56,"caption":"Books From Mexico"},"image":{"@id":"https:\/\/booksfrommexico.com\/#\/schema\/logo\/image\/"}}]}},"_links":{"self":[{"href":"https:\/\/booksfrommexico.com\/es\/wp-json\/wp\/v2\/pages\/2302","targetHints":{"allow":["GET"]}}],"collection":[{"href":"https:\/\/booksfrommexico.com\/es\/wp-json\/wp\/v2\/pages"}],"about":[{"href":"https:\/\/booksfrommexico.com\/es\/wp-json\/wp\/v2\/types\/page"}],"author":[{"embeddable":true,"href":"https:\/\/booksfrommexico.com\/es\/wp-json\/wp\/v2\/users\/1"}],"replies":[{"embeddable":true,"href":"https:\/\/booksfrommexico.com\/es\/wp-json\/wp\/v2\/comments?post=2302"}],"version-history":[{"count":7,"href":"https:\/\/booksfrommexico.com\/es\/wp-json\/wp\/v2\/pages\/2302\/revisions"}],"predecessor-version":[{"id":3694,"href":"https:\/\/booksfrommexico.com\/es\/wp-json\/wp\/v2\/pages\/2302\/revisions\/3694"}],"wp:attachment":[{"href":"https:\/\/booksfrommexico.com\/es\/wp-json\/wp\/v2\/media?parent=2302"}],"curies":[{"name":"wp","href":"https:\/\/api.w.org\/{rel}","templated":true}]}}