{"id":3340,"date":"2023-07-19T09:54:12","date_gmt":"2023-07-19T09:54:12","guid":{"rendered":"https:\/\/booksfrommexico.com\/?page_id=3340"},"modified":"2023-07-20T09:31:27","modified_gmt":"2023-07-20T09:31:27","slug":"busquedas-especializadas","status":"publish","type":"page","link":"https:\/\/booksfrommexico.com\/es\/busquedas-especializadas\/","title":{"rendered":"B\u00fasquedas especializadas"},"content":{"rendered":"<div class=\"wpb-content-wrapper\"><p>[vc_row full_width=\u00bbstretch_row_content\u00bb css=\u00bb.vc_custom_1689759828480{background-image: url(https:\/\/booksfrommexico.com\/app\/uploads\/2023\/07\/books-from-mexico-nosotros.jpg?id=3330) !important;background-position: center !important;background-repeat: no-repeat !important;background-size: cover !important;}\u00bb el_class=\u00bbbanner-header\u00bb][vc_column][vc_row_inner][vc_column_inner][vc_column_text]<\/p>\n<h1>B\u00fasquedas especializadas<\/h1>\n<p>Estudiantes, investigadores, profesores y otros usuarios frecuentemente solicitan material especializado para su uso inmediato.[\/vc_column_text][\/vc_column_inner][\/vc_row_inner][\/vc_column][\/vc_row][vc_row css=\u00bb.vc_custom_1684328768798{margin-bottom: 50px !important;}\u00bb][vc_column width=\u00bb1\/6&#8243;][\/vc_column][vc_column width=\u00bb2\/3&#8243;][vc_column_text]<\/p>\n<p style=\"text-align: center;\">Ya que nosotros estamos inmersos y participamos activamente en el mundo de las publicaciones acad\u00e9micas por m\u00e1s de cuatro d\u00e9cadas; nosotros tenemos los contactos y sabemos d\u00f3nde adquirir r\u00e1pidamente t\u00edtulos \u00fanicos y dif\u00edciles de encontrar.<\/p>\n<p>[\/vc_column_text][\/vc_column][vc_column width=\u00bb1\/6&#8243;][\/vc_column][\/vc_row][vc_row css=\u00bb.vc_custom_1684328742075{margin-bottom: 30px !important;}\u00bb][vc_column width=\u00bb1\/2&#8243;][vc_column_text]<span style=\"font-weight: 400;\">\u00bfAlguna vez se ha preguntado por qu\u00e9 otros vendedores de libros mexicanos especializados rara vez ofrecen libros agotados o dif\u00edciles de conseguir? <\/span><\/p>\n<p><span style=\"font-weight: 400;\">Su modelo de negocio les obliga a ofrecer solo libros que tienen en mano o t\u00edtulos f\u00e1ciles de adquirir de las principales editoriales. <\/span><span style=\"font-weight: 400;\">\u00bfQu\u00e9 pasa con las publicaciones de las ONG? \u00bfAgencias gubernamentales? \u00bfAsociaciones comerciales? <\/span><\/p>\n<p><span style=\"font-weight: 400;\">Nos esforzamos por ofrecer publicaciones especializadas que enriquezcan y mejoren las colecciones de las bibliotecas. Nuestra mayor satisfacci\u00f3n es cumplir con las solicitudes de libros singulares de editoriales desconocidas y fuera de lo com\u00fan.\u00a0<\/span><\/p>\n<p><span style=\"font-weight: 400;\">Nuestra informaci\u00f3n de adquisiciones data de la d\u00e9cada de 1980. Esto significa que tenemos muchos t\u00edtulos agotados en el mercado. <strong>Books From M\u00e9xico<\/strong> mantiene su principal centro de operaciones en la Ciudad de M\u00e9xico desde all\u00ed viajamos al resto del pa\u00eds. Hemos sido participantes en el comercio de libros acad\u00e9micos mexicanos durante tantas d\u00e9cadas que sabemos c\u00f3mo y d\u00f3nde encontrar libros agotados que actualmente no est\u00e1n en stock.<\/span>[\/vc_column_text][vc_btn title=\u00bbQuiero saber m\u00e1s\u00bb link=\u00bburl:%23Contacta-servicios|title:Contact%20Doble\u00bb el_class=\u00bbbutton-bfm-normal arrow\u00bb][\/vc_column][vc_column width=\u00bb1\/2&#8243;][vc_single_image image=\u00bb3294&#8243; img_size=\u00bbfull\u00bb onclick=\u00bbcustom_link\u00bb el_class=\u00bbrounded\u00bb link=\u00bbhttp:\/\/booksfrommexico.com\/es\/servicios\/\u00bb][\/vc_column][\/vc_row][vc_row el_id=\u00bbContacta-servicios\u00bb][vc_column][vc_empty_space height=\u00bb100px\u00bb][\/vc_column][\/vc_row][vc_row][vc_column][vc_row full_width=\"stretch_row_content\" el_class=\"bfm-servicios\"][vc_column][vc_custom_heading text=\"Servicios pensados para ti\" font_container=\"tag:h2|text_align:center\" use_theme_fonts=\"yes\"][vc_row_inner][vc_column_inner width=\"1\/4\"][vc_column_text]\r\n<p style=\"text-align: center;\"><a href=\"\/?page_id=3306\">Pedidos en firme<\/a><\/p>\r\n[\/vc_column_text][\/vc_column_inner][vc_column_inner width=\"1\/4\"][vc_column_text]\r\n<p style=\"text-align: center;\"><a href=\"\/?page_id=3334\">Contrato de adquisiciones<\/a><\/p>\r\n[\/vc_column_text][\/vc_column_inner][vc_column_inner width=\"1\/4\"][vc_column_text]\r\n<p style=\"text-align: center;\"><a href=\"\/?page_id=3340\">B\u00fasquedas especializadas<\/a><\/p>\r\n[\/vc_column_text][\/vc_column_inner][vc_column_inner width=\"1\/4\"][vc_column_text]\r\n<p style=\"text-align: center;\"><a href=\"\/?page_id=3347\">Proyectos de adquisiciones\r\nconjuntas<\/a><\/p>\r\n[\/vc_column_text][\/vc_column_inner][\/vc_row_inner][vc_row_inner][vc_column_inner width=\"1\/4\"][vc_column_text]\r\n<p style=\"text-align: center;\"><a href=\"\/?page_id=3355\">Catalogaci\u00f3n Marc y RDA<\/a><\/p>\r\n[\/vc_column_text][\/vc_column_inner][vc_column_inner width=\"1\/4\"][vc_column_text]\r\n<p style=\"text-align: center;\"><a href=\"\/?page_id=3418\">Suscripciones y servicios\r\nde publicaciones seriadas<\/a><\/p>\r\n[\/vc_column_text][\/vc_column_inner][vc_column_inner el_class=\"blue\" width=\"1\/2\"][vc_column_text]\r\n<p style=\"text-align: center;\"><a href=\"\/?page_id=2307\">\u00bfTienes dudas? hablemos<\/a><\/p>\r\n[\/vc_column_text][\/vc_column_inner][\/vc_row_inner][\/vc_column][\/vc_row][\/vc_column][\/vc_row][vc_row][vc_column][vc_row full_width=\"stretch_row_content\" css=\".vc_custom_1688986717357{background-image: url(http:\/\/booksfrommexico.com\/app\/uploads\/2023\/05\/background-contactform.jpg?id=2130) !important;background-position: center !important;background-repeat: no-repeat !important;background-size: cover !important;}\" el_class=\"bfm-contact bfm-contact-second\" el_id=\"contact\"][vc_column][vc_row_inner][vc_column_inner][vc_single_image image=\"2133\" img_size=\"full\" alignment=\"center\"][\/vc_column_inner][\/vc_row_inner][vc_row_inner][vc_column_inner width=\"1\/2\"][vc_custom_heading text=\"Solicitud desde instituciones\" font_container=\"tag:h3|text_align:left\" use_theme_fonts=\"yes\"]\n<div class=\"wpcf7 no-js\" id=\"wpcf7-f3081-o1\" lang=\"en-US\" dir=\"ltr\" data-wpcf7-id=\"3081\">\n<div class=\"screen-reader-response\"><p role=\"status\" aria-live=\"polite\" aria-atomic=\"true\"><\/p> <ul><\/ul><\/div>\n<form action=\"\/es\/wp-json\/wp\/v2\/pages\/3340#wpcf7-f3081-o1\" method=\"post\" class=\"wpcf7-form init\" aria-label=\"Contact form\" novalidate=\"novalidate\" data-status=\"init\">\n<fieldset class=\"hidden-fields-container\"><input type=\"hidden\" name=\"_wpcf7\" value=\"3081\" \/><input type=\"hidden\" name=\"_wpcf7_version\" value=\"6.1.5\" \/><input type=\"hidden\" name=\"_wpcf7_locale\" value=\"en_US\" \/><input type=\"hidden\" name=\"_wpcf7_unit_tag\" value=\"wpcf7-f3081-o1\" \/><input type=\"hidden\" name=\"_wpcf7_container_post\" value=\"0\" \/><input type=\"hidden\" name=\"_wpcf7_posted_data_hash\" value=\"\" \/>\n<\/fieldset>\n<div class=\"wpcf7-turnstile cf-turnstile\" data-sitekey=\"0x4AAAAAACG9MqAVpMErkLBi\" data-response-field-name=\"_wpcf7_turnstile_response\"><\/div>\n\n<div class=\"columns-2\">\n\t<p><span class=\"wpcf7-form-control-wrap\" data-name=\"your-name\"><input size=\"40\" maxlength=\"400\" class=\"wpcf7-form-control wpcf7-text wpcf7-validates-as-required\" aria-required=\"true\" aria-invalid=\"false\" placeholder=\"Name*\" value=\"\" type=\"text\" name=\"your-name\" \/><\/span><br \/>\n<span class=\"wpcf7-form-control-wrap\" data-name=\"email\"><input size=\"40\" maxlength=\"400\" class=\"wpcf7-form-control wpcf7-email wpcf7-validates-as-required wpcf7-text wpcf7-validates-as-email\" aria-required=\"true\" aria-invalid=\"false\" placeholder=\"Email*\" value=\"\" type=\"email\" name=\"email\" \/><\/span>\n\t<\/p>\n<\/div>\n<div class=\"columns-2\">\n\t<p><span class=\"wpcf7-form-control-wrap\" data-name=\"phone\"><input size=\"40\" maxlength=\"400\" class=\"wpcf7-form-control wpcf7-text wpcf7-validates-as-required\" aria-required=\"true\" aria-invalid=\"false\" placeholder=\"Phone*\" value=\"\" type=\"text\" name=\"phone\" \/><\/span><br \/>\n<span class=\"wpcf7-form-control-wrap\" data-name=\"instittutional\"><input size=\"40\" maxlength=\"400\" class=\"wpcf7-form-control wpcf7-text wpcf7-validates-as-required\" aria-required=\"true\" aria-invalid=\"false\" placeholder=\"Instittutional affiliation*\" value=\"\" type=\"text\" name=\"instittutional\" \/><\/span>\n\t<\/p>\n<\/div>\n<div class=\"columns-2\">\n\t<p><span class=\"wpcf7-form-control-wrap\" data-name=\"shipaddress\"><input size=\"40\" maxlength=\"400\" class=\"wpcf7-form-control wpcf7-text wpcf7-validates-as-required\" aria-required=\"true\" aria-invalid=\"false\" placeholder=\"Instittutional ship to address*\" value=\"\" type=\"text\" name=\"shipaddress\" \/><\/span><br \/>\n<span class=\"wpcf7-form-control-wrap\" data-name=\"billaddress\"><input size=\"40\" maxlength=\"400\" class=\"wpcf7-form-control wpcf7-text wpcf7-validates-as-required\" aria-required=\"true\" aria-invalid=\"false\" placeholder=\"Institutional billing address*\" value=\"\" type=\"text\" name=\"billaddress\" \/><\/span>\n\t<\/p>\n<\/div>\n<div class=\"columns-2\">\n\t<p><span class=\"wpcf7-form-control-wrap\" data-name=\"otheraddress\"><input size=\"40\" maxlength=\"400\" class=\"wpcf7-form-control wpcf7-text wpcf7-validates-as-required\" aria-required=\"true\" aria-invalid=\"false\" placeholder=\"Other address\" value=\"\" type=\"text\" name=\"otheraddress\" \/><\/span><br \/>\n<span class=\"wpcf7-form-control-wrap\" data-name=\"purchase\"><input size=\"40\" maxlength=\"400\" class=\"wpcf7-form-control wpcf7-text wpcf7-validates-as-required\" aria-required=\"true\" aria-invalid=\"false\" placeholder=\"Institutional purchase order number\" value=\"\" type=\"text\" name=\"purchase\" \/><\/span>\n\t<\/p>\n<\/div>\n<div class=\"columns-1\">\n\t<p><span class=\"wpcf7-form-control-wrap\" data-name=\"message\"><textarea cols=\"40\" rows=\"10\" maxlength=\"2000\" class=\"wpcf7-form-control wpcf7-textarea\" aria-invalid=\"false\" placeholder=\"I request you to send and bill me the following publication(s): Author: Title: Place, Publisher, Year: ISBN: (if available):\" name=\"message\"><\/textarea><\/span><br \/>\n<span class=\"wpcf7-form-control-wrap\" data-name=\"acceptance-68\"><span class=\"wpcf7-form-control wpcf7-acceptance optional\"><span class=\"wpcf7-list-item\"><label><input type=\"checkbox\" name=\"acceptance-68\" value=\"1\" aria-invalid=\"false\" \/><span class=\"wpcf7-list-item-label\">I have read and accept the Privacy Policy of <a href=\"#\">Books From Mexico<\/a><\/span><\/label><\/span><\/span><\/span><br \/>\n<input class=\"wpcf7-form-control wpcf7-submit has-spinner\" type=\"submit\" value=\"Send\" \/>\n\t<\/p>\n<\/div><div class=\"wpcf7-response-output\" aria-hidden=\"true\"><\/div>\n<\/form>\n<\/div>\n[\/vc_column_inner][vc_column_inner width=\"1\/2\"][vc_custom_heading text=\"Solicitud desde particulares\" font_container=\"tag:h3|text_align:left\" use_theme_fonts=\"yes\"]\n<div class=\"wpcf7 no-js\" id=\"wpcf7-f3082-o2\" lang=\"en-US\" dir=\"ltr\" data-wpcf7-id=\"3082\">\n<div class=\"screen-reader-response\"><p role=\"status\" aria-live=\"polite\" aria-atomic=\"true\"><\/p> <ul><\/ul><\/div>\n<form action=\"\/es\/wp-json\/wp\/v2\/pages\/3340#wpcf7-f3082-o2\" method=\"post\" class=\"wpcf7-form init\" aria-label=\"Contact form\" novalidate=\"novalidate\" data-status=\"init\">\n<fieldset class=\"hidden-fields-container\"><input type=\"hidden\" name=\"_wpcf7\" value=\"3082\" \/><input type=\"hidden\" name=\"_wpcf7_version\" value=\"6.1.5\" \/><input type=\"hidden\" name=\"_wpcf7_locale\" value=\"en_US\" \/><input type=\"hidden\" name=\"_wpcf7_unit_tag\" value=\"wpcf7-f3082-o2\" \/><input type=\"hidden\" name=\"_wpcf7_container_post\" value=\"0\" \/><input type=\"hidden\" name=\"_wpcf7_posted_data_hash\" value=\"\" \/>\n<\/fieldset>\n<div class=\"wpcf7-turnstile cf-turnstile\" data-sitekey=\"0x4AAAAAACG9MqAVpMErkLBi\" data-response-field-name=\"_wpcf7_turnstile_response\"><\/div>\n\n<div class=\"columns-2\">\n\t<p><span class=\"wpcf7-form-control-wrap\" data-name=\"your-name\"><input size=\"40\" maxlength=\"400\" class=\"wpcf7-form-control wpcf7-text wpcf7-validates-as-required\" aria-required=\"true\" aria-invalid=\"false\" placeholder=\"Name*\" value=\"\" type=\"text\" name=\"your-name\" \/><\/span><br \/>\n<span class=\"wpcf7-form-control-wrap\" data-name=\"email\"><input size=\"40\" maxlength=\"400\" class=\"wpcf7-form-control wpcf7-email wpcf7-validates-as-required wpcf7-text wpcf7-validates-as-email\" aria-required=\"true\" aria-invalid=\"false\" placeholder=\"Email*\" value=\"\" type=\"email\" name=\"email\" \/><\/span>\n\t<\/p>\n<\/div>\n<div class=\"columns-2\">\n\t<p><span class=\"wpcf7-form-control-wrap\" data-name=\"phone\"><input size=\"40\" maxlength=\"400\" class=\"wpcf7-form-control wpcf7-text wpcf7-validates-as-required\" aria-required=\"true\" aria-invalid=\"false\" placeholder=\"Phone*\" value=\"\" type=\"text\" name=\"phone\" \/><\/span><br \/>\n<span class=\"wpcf7-form-control-wrap\" data-name=\"shipaddress\"><input size=\"40\" maxlength=\"400\" class=\"wpcf7-form-control wpcf7-text wpcf7-validates-as-required\" aria-required=\"true\" aria-invalid=\"false\" placeholder=\"My ship-to address*\" value=\"\" type=\"text\" name=\"shipaddress\" \/><\/span>\n\t<\/p>\n<\/div>\n<div class=\"columns-2\">\n\t<p><span class=\"wpcf7-form-control-wrap\" data-name=\"billaddress\"><input size=\"40\" maxlength=\"400\" class=\"wpcf7-form-control wpcf7-text wpcf7-validates-as-required\" aria-required=\"true\" aria-invalid=\"false\" placeholder=\"My billing address is (if different from above):\" value=\"\" type=\"text\" name=\"billaddress\" \/><\/span><br \/>\n<span class=\"wpcf7-form-control-wrap\" data-name=\"purchase\"><input size=\"40\" maxlength=\"400\" class=\"wpcf7-form-control wpcf7-text wpcf7-validates-as-required\" aria-required=\"true\" aria-invalid=\"false\" placeholder=\"I wish to pay for this purchase by following\" value=\"\" type=\"text\" name=\"purchase\" \/><\/span>\n\t<\/p>\n<\/div>\n<div class=\"columns-1\">\n\t<p><span class=\"wpcf7-form-control-wrap\" data-name=\"message\"><textarea cols=\"40\" rows=\"10\" maxlength=\"2000\" class=\"wpcf7-form-control wpcf7-textarea\" aria-invalid=\"false\" placeholder=\"I request you to send and bill me the following publication(s): Author: Title: Place, Publisher, Year: ISBN: (if available):\" name=\"message\"><\/textarea><\/span><br \/>\n<span class=\"wpcf7-form-control-wrap\" data-name=\"acceptance-68\"><span class=\"wpcf7-form-control wpcf7-acceptance optional\"><span class=\"wpcf7-list-item\"><label><input type=\"checkbox\" name=\"acceptance-68\" value=\"1\" aria-invalid=\"false\" \/><span class=\"wpcf7-list-item-label\">I have read and accept the Privacy Policy of <a href=\"#\">Books From Mexico<\/a><\/span><\/label><\/span><\/span><\/span><br \/>\n<input class=\"wpcf7-form-control wpcf7-submit has-spinner\" type=\"submit\" value=\"Send\" \/>\n\t<\/p>\n<\/div><div class=\"wpcf7-response-output\" aria-hidden=\"true\"><\/div>\n<\/form>\n<\/div>\n[\/vc_column_inner][\/vc_row_inner][\/vc_column][\/vc_row]<style>.vc_custom_1688986717357{background-image: url(http:\/\/booksfrommexico.com\/app\/uploads\/2023\/05\/background-contactform.jpg?id=2130) !important;background-position: center !important;background-repeat: no-repeat !important;background-size: cover !important;}<\/style>[\/vc_column][\/vc_row][vc_row][vc_column][vc_row el_id=\"blog3\"][vc_column][vc_custom_heading text=\"El blog de la literatura mexicana\" font_container=\"tag:h2|text_align:center\" use_theme_fonts=\"yes\"][vc_column_text]\r\n<p style=\"text-align: center;\">En este espacio compartimos conocimientos, vivencias y opini\u00f3n de algunas publicaciones mexicanas que distribuimos en todo el mundo, a lo largo de m\u00e1s de 40 a\u00f1os.<\/p>\r\n[\/vc_column_text][vc_basic_grid post_type=\"post\" max_items=\"3\" item=\"2315\" grid_id=\"vc_gid:1689344313810-fd0557b7-2eaf-10\"][\/vc_column][\/vc_row][\/vc_column][\/vc_row][vc_row][vc_column]<p>[vc_row full_width=\"stretch_row_content\" el_class=\"subscribe\"][vc_column][vc_custom_heading text=\"\u00danete a nuestro club BFM\" font_container=\"tag:h2|text_align:center\" use_theme_fonts=\"yes\"][vc_row_inner el_class=\"subscribe-form\"][vc_column_inner]\n<div class=\"wpcf7 no-js\" id=\"wpcf7-f5384-o3\" lang=\"es-MX\" dir=\"ltr\" data-wpcf7-id=\"5384\">\n<div class=\"screen-reader-response\"><p role=\"status\" aria-live=\"polite\" aria-atomic=\"true\"><\/p> <ul><\/ul><\/div>\n<form action=\"\/es\/wp-json\/wp\/v2\/pages\/3340#wpcf7-f5384-o3\" method=\"post\" class=\"wpcf7-form init\" aria-label=\"Formulario de contacto\" novalidate=\"novalidate\" data-status=\"init\">\n<fieldset class=\"hidden-fields-container\"><input type=\"hidden\" name=\"_wpcf7\" value=\"5384\" \/><input type=\"hidden\" name=\"_wpcf7_version\" value=\"6.1.5\" \/><input type=\"hidden\" name=\"_wpcf7_locale\" value=\"es_MX\" \/><input type=\"hidden\" name=\"_wpcf7_unit_tag\" value=\"wpcf7-f5384-o3\" \/><input type=\"hidden\" name=\"_wpcf7_container_post\" value=\"0\" \/><input type=\"hidden\" name=\"_wpcf7_posted_data_hash\" value=\"\" \/>\n<\/fieldset>\n<div class=\"wpcf7-turnstile cf-turnstile\" data-sitekey=\"0x4AAAAAACG9MqAVpMErkLBi\" data-response-field-name=\"_wpcf7_turnstile_response\"><\/div>\n\n<p><span class=\"wpcf7-form-control-wrap\" data-name=\"nombre\"><input size=\"40\" maxlength=\"400\" class=\"wpcf7-form-control wpcf7-text\" aria-invalid=\"false\" placeholder=\"Ingrese su nombre\" value=\"\" type=\"text\" name=\"nombre\" \/><\/span><span class=\"wpcf7-form-control-wrap\" data-name=\"email\"><input size=\"40\" maxlength=\"400\" class=\"wpcf7-form-control wpcf7-email wpcf7-text wpcf7-validates-as-email\" aria-invalid=\"false\" placeholder=\"Ingrese su email\" value=\"\" type=\"email\" name=\"email\" \/><\/span><input class=\"wpcf7-form-control wpcf7-submit has-spinner\" type=\"submit\" value=\"Subscribir\" \/>\n<\/p><div class=\"wpcf7-response-output\" aria-hidden=\"true\"><\/div>\n<\/form>\n<\/div>\n[\/vc_column_inner][\/vc_row_inner][\/vc_column][\/vc_row]<\/p>\n[\/vc_column][\/vc_row]<\/p>\n<\/div>","protected":false},"excerpt":{"rendered":"<p>[vc_row full_width=\u00bbstretch_row_content\u00bb css=\u00bb.vc_custom_1689759828480{background-image: url(https:\/\/booksfrommexico.com\/app\/uploads\/2023\/07\/books-from-mexico-nosotros.jpg?id=3330) !important;background-position: center !important;background-repeat: no-repeat !important;background-size: cover !important;}\u00bb el_class=\u00bbbanner-header\u00bb][vc_column][vc_row_inner][vc_column_inner][vc_column_text] B\u00fasquedas especializadas Estudiantes, investigadores, profesores y otros usuarios frecuentemente solicitan material especializado para su uso inmediato.[\/vc_column_text][\/vc_column_inner][\/vc_row_inner][\/vc_column][\/vc_row][vc_row css=\u00bb.vc_custom_1684328768798{margin-bottom: 50px !important;}\u00bb][vc_column width=\u00bb1\/6&#8243;][\/vc_column][vc_column width=\u00bb2\/3&#8243;][vc_column_text] Ya que nosotros estamos inmersos y participamos activamente en el mundo de las publicaciones acad\u00e9micas por m\u00e1s de cuatro d\u00e9cadas; nosotros tenemos [&hellip;]<\/p>\n","protected":false},"author":1,"featured_media":0,"parent":0,"menu_order":0,"comment_status":"closed","ping_status":"closed","template":"","meta":{"_acf_changed":false,"inline_featured_image":false,"footnotes":""},"class_list":["post-3340","page","type-page","status-publish","hentry"],"acf":[],"yoast_head":"<!-- This site is optimized with the Yoast SEO plugin v27.2 - https:\/\/yoast.com\/product\/yoast-seo-wordpress\/ -->\n<title>Books From Mexico: B\u00fasquedas especializadas<\/title>\n<meta name=\"description\" content=\"Estudiantes, investigadores, profesores y otros usuarios frecuentemente solicitan material especializado para su uso inmediato.\" \/>\n<meta name=\"robots\" content=\"index, follow, max-snippet:-1, max-image-preview:large, max-video-preview:-1\" \/>\n<link rel=\"canonical\" href=\"https:\/\/booksfrommexico.com\/search-and-quote\/\" \/>\n<meta property=\"og:locale\" content=\"es_ES\" \/>\n<meta property=\"og:type\" content=\"article\" \/>\n<meta property=\"og:title\" content=\"Books From Mexico: B\u00fasquedas especializadas\" \/>\n<meta property=\"og:description\" content=\"Estudiantes, investigadores, profesores y otros usuarios frecuentemente solicitan material especializado para su uso inmediato.\" \/>\n<meta property=\"og:url\" content=\"https:\/\/booksfrommexico.com\/search-and-quote\/\" \/>\n<meta property=\"og:site_name\" content=\"Books From Mexico\" \/>\n<meta property=\"article:modified_time\" content=\"2023-07-20T09:31:27+00:00\" \/>\n<meta name=\"twitter:card\" content=\"summary_large_image\" \/>\n<meta name=\"twitter:label1\" content=\"Tiempo de lectura\" \/>\n\t<meta name=\"twitter:data1\" content=\"2 minutos\" \/>\n<script type=\"application\/ld+json\" class=\"yoast-schema-graph\">{\"@context\":\"https:\/\/schema.org\",\"@graph\":[{\"@type\":\"WebPage\",\"@id\":\"https:\/\/booksfrommexico.com\/search-and-quote\/\",\"url\":\"https:\/\/booksfrommexico.com\/search-and-quote\/\",\"name\":\"Books From Mexico: B\u00fasquedas especializadas\",\"isPartOf\":{\"@id\":\"https:\/\/booksfrommexico.com\/#website\"},\"datePublished\":\"2023-07-19T09:54:12+00:00\",\"dateModified\":\"2023-07-20T09:31:27+00:00\",\"description\":\"Estudiantes, investigadores, profesores y otros usuarios frecuentemente solicitan material especializado para su uso inmediato.\",\"breadcrumb\":{\"@id\":\"https:\/\/booksfrommexico.com\/search-and-quote\/#breadcrumb\"},\"inLanguage\":\"es\",\"potentialAction\":[{\"@type\":\"ReadAction\",\"target\":[\"https:\/\/booksfrommexico.com\/search-and-quote\/\"]}]},{\"@type\":\"BreadcrumbList\",\"@id\":\"https:\/\/booksfrommexico.com\/search-and-quote\/#breadcrumb\",\"itemListElement\":[{\"@type\":\"ListItem\",\"position\":1,\"name\":\"Home\",\"item\":\"https:\/\/booksfrommexico.com\/es\/\"},{\"@type\":\"ListItem\",\"position\":2,\"name\":\"B\u00fasquedas especializadas\"}]},{\"@type\":\"WebSite\",\"@id\":\"https:\/\/booksfrommexico.com\/#website\",\"url\":\"https:\/\/booksfrommexico.com\/\",\"name\":\"Books From Mexico\",\"description\":\"\",\"publisher\":{\"@id\":\"https:\/\/booksfrommexico.com\/#organization\"},\"potentialAction\":[{\"@type\":\"SearchAction\",\"target\":{\"@type\":\"EntryPoint\",\"urlTemplate\":\"https:\/\/booksfrommexico.com\/?s={search_term_string}\"},\"query-input\":{\"@type\":\"PropertyValueSpecification\",\"valueRequired\":true,\"valueName\":\"search_term_string\"}}],\"inLanguage\":\"es\"},{\"@type\":\"Organization\",\"@id\":\"https:\/\/booksfrommexico.com\/#organization\",\"name\":\"Books From Mexico\",\"url\":\"https:\/\/booksfrommexico.com\/\",\"logo\":{\"@type\":\"ImageObject\",\"inLanguage\":\"es\",\"@id\":\"https:\/\/booksfrommexico.com\/#\/schema\/logo\/image\/\",\"url\":\"https:\/\/booksfrommexico.com\/app\/uploads\/2023\/05\/logo-booksfrommexico.svg\",\"contentUrl\":\"https:\/\/booksfrommexico.com\/app\/uploads\/2023\/05\/logo-booksfrommexico.svg\",\"width\":86,\"height\":56,\"caption\":\"Books From Mexico\"},\"image\":{\"@id\":\"https:\/\/booksfrommexico.com\/#\/schema\/logo\/image\/\"}}]}<\/script>\n<!-- \/ Yoast SEO plugin. -->","yoast_head_json":{"title":"Books From Mexico: B\u00fasquedas especializadas","description":"Estudiantes, investigadores, profesores y otros usuarios frecuentemente solicitan material especializado para su uso inmediato.","robots":{"index":"index","follow":"follow","max-snippet":"max-snippet:-1","max-image-preview":"max-image-preview:large","max-video-preview":"max-video-preview:-1"},"canonical":"https:\/\/booksfrommexico.com\/search-and-quote\/","og_locale":"es_ES","og_type":"article","og_title":"Books From Mexico: B\u00fasquedas especializadas","og_description":"Estudiantes, investigadores, profesores y otros usuarios frecuentemente solicitan material especializado para su uso inmediato.","og_url":"https:\/\/booksfrommexico.com\/search-and-quote\/","og_site_name":"Books From Mexico","article_modified_time":"2023-07-20T09:31:27+00:00","twitter_card":"summary_large_image","twitter_misc":{"Tiempo de lectura":"2 minutos"},"schema":{"@context":"https:\/\/schema.org","@graph":[{"@type":"WebPage","@id":"https:\/\/booksfrommexico.com\/search-and-quote\/","url":"https:\/\/booksfrommexico.com\/search-and-quote\/","name":"Books From Mexico: B\u00fasquedas especializadas","isPartOf":{"@id":"https:\/\/booksfrommexico.com\/#website"},"datePublished":"2023-07-19T09:54:12+00:00","dateModified":"2023-07-20T09:31:27+00:00","description":"Estudiantes, investigadores, profesores y otros usuarios frecuentemente solicitan material especializado para su uso inmediato.","breadcrumb":{"@id":"https:\/\/booksfrommexico.com\/search-and-quote\/#breadcrumb"},"inLanguage":"es","potentialAction":[{"@type":"ReadAction","target":["https:\/\/booksfrommexico.com\/search-and-quote\/"]}]},{"@type":"BreadcrumbList","@id":"https:\/\/booksfrommexico.com\/search-and-quote\/#breadcrumb","itemListElement":[{"@type":"ListItem","position":1,"name":"Home","item":"https:\/\/booksfrommexico.com\/es\/"},{"@type":"ListItem","position":2,"name":"B\u00fasquedas especializadas"}]},{"@type":"WebSite","@id":"https:\/\/booksfrommexico.com\/#website","url":"https:\/\/booksfrommexico.com\/","name":"Books From Mexico","description":"","publisher":{"@id":"https:\/\/booksfrommexico.com\/#organization"},"potentialAction":[{"@type":"SearchAction","target":{"@type":"EntryPoint","urlTemplate":"https:\/\/booksfrommexico.com\/?s={search_term_string}"},"query-input":{"@type":"PropertyValueSpecification","valueRequired":true,"valueName":"search_term_string"}}],"inLanguage":"es"},{"@type":"Organization","@id":"https:\/\/booksfrommexico.com\/#organization","name":"Books From Mexico","url":"https:\/\/booksfrommexico.com\/","logo":{"@type":"ImageObject","inLanguage":"es","@id":"https:\/\/booksfrommexico.com\/#\/schema\/logo\/image\/","url":"https:\/\/booksfrommexico.com\/app\/uploads\/2023\/05\/logo-booksfrommexico.svg","contentUrl":"https:\/\/booksfrommexico.com\/app\/uploads\/2023\/05\/logo-booksfrommexico.svg","width":86,"height":56,"caption":"Books From Mexico"},"image":{"@id":"https:\/\/booksfrommexico.com\/#\/schema\/logo\/image\/"}}]}},"_links":{"self":[{"href":"https:\/\/booksfrommexico.com\/es\/wp-json\/wp\/v2\/pages\/3340","targetHints":{"allow":["GET"]}}],"collection":[{"href":"https:\/\/booksfrommexico.com\/es\/wp-json\/wp\/v2\/pages"}],"about":[{"href":"https:\/\/booksfrommexico.com\/es\/wp-json\/wp\/v2\/types\/page"}],"author":[{"embeddable":true,"href":"https:\/\/booksfrommexico.com\/es\/wp-json\/wp\/v2\/users\/1"}],"replies":[{"embeddable":true,"href":"https:\/\/booksfrommexico.com\/es\/wp-json\/wp\/v2\/comments?post=3340"}],"version-history":[{"count":4,"href":"https:\/\/booksfrommexico.com\/es\/wp-json\/wp\/v2\/pages\/3340\/revisions"}],"predecessor-version":[{"id":3460,"href":"https:\/\/booksfrommexico.com\/es\/wp-json\/wp\/v2\/pages\/3340\/revisions\/3460"}],"wp:attachment":[{"href":"https:\/\/booksfrommexico.com\/es\/wp-json\/wp\/v2\/media?parent=3340"}],"curies":[{"name":"wp","href":"https:\/\/api.w.org\/{rel}","templated":true}]}}