{"id":1002,"date":"2023-05-08T17:09:38","date_gmt":"2023-05-08T17:09:38","guid":{"rendered":"http:\/\/booksfrommexico.com\/product\/reflexiones-sobre-cine-mexicano-contemporaneo-ficcion\/"},"modified":"2025-04-21T17:48:58","modified_gmt":"2025-04-21T17:48:58","slug":"reflexiones-sobre-cine-mexicano-contemporaneo-ficcion","status":"publish","type":"product","link":"https:\/\/booksfrommexico.com\/es\/producto\/reflexiones-sobre-cine-mexicano-contemporaneo-ficcion\/","title":{"rendered":"Reflexiones sobre cine mexicano contempor\u00e1neo: Ficci\u00f3n"},"content":{"rendered":"<p><span style=\"font-weight: 400;\">Colaboraci\u00f3n entre el Consejo Nacional para la Cultura y las Artes y la Cineteca Nacional para conjuntar a doce autores especializados en comunicaci\u00f3n, periodismo y artes con el fin de exponer sobre cine mexicano contempor\u00e1neo. Partiendo del an\u00e1lisis de una pel\u00edcula en espec\u00edfico, cada cap\u00edtulo explora la visi\u00f3n personal de cada autor, sus reflexiones y observaciones al respecto de la misma, as\u00ed como el impacto de \u00e9stas en la forma de hacer cine para las generaciones actuales y futuras.<\/span><\/p>\n<p><br style=\"font-weight: 400;\" \/><br style=\"font-weight: 400;\" \/><\/p>\n","protected":false},"excerpt":{"rendered":"<p>Claudia Curiel de Icaza, Abel Mu\u00f1oz H\u00e9nonin, coordinadores. M\u00e9xico, D.F.: Cineteca Nacional, 2012. 155 pages : 22 cm. ISBN: 9786077535133<\/p>\n","protected":false},"featured_media":1001,"template":"","meta":{"_acf_changed":false,"inline_featured_image":false},"product_brand":[],"product_cat":[4036,911],"product_tag":[4037],"class_list":{"0":"post-1002","1":"product","2":"type-product","3":"status-publish","4":"has-post-thumbnail","6":"product_cat-critica-pelicula-y-cine","7":"product_cat-pelicula-y-cine","8":"product_tag-cine-mexicano","10":"first","11":"outofstock","12":"taxable","13":"shipping-taxable","14":"purchasable","15":"product-type-simple"},"acf":[],"yoast_head":"<!-- This site is optimized with the Yoast SEO plugin v27.3 - https:\/\/yoast.com\/product\/yoast-seo-wordpress\/ -->\n<title>Reflexiones sobre cine mexicano contempor\u00e1neo Ficci\u00f3n<\/title>\n<meta name=\"description\" content=\"Reflexiones sobre cine mexicano contempor\u00e1neo Ficci\u00f3n por Claudia Curiel de Icaza, Abel Mu\u00f1oz H\u00e9nonin, coordinadores. M\u00e9xico, D.F.\" \/>\n<meta name=\"robots\" content=\"index, follow, max-snippet:-1, max-image-preview:large, max-video-preview:-1\" \/>\n<link rel=\"canonical\" href=\"https:\/\/booksfrommexico.com\/es\/producto\/reflexiones-sobre-cine-mexicano-contemporaneo-ficcion\/\" \/>\n<meta property=\"og:locale\" content=\"es_ES\" \/>\n<meta property=\"og:type\" content=\"article\" \/>\n<meta property=\"og:title\" content=\"Reflexiones sobre cine mexicano contempor\u00e1neo Ficci\u00f3n\" \/>\n<meta property=\"og:description\" content=\"Reflexiones sobre cine mexicano contempor\u00e1neo Ficci\u00f3n por Claudia Curiel de Icaza, Abel Mu\u00f1oz H\u00e9nonin, coordinadores. M\u00e9xico, D.F.\" \/>\n<meta property=\"og:url\" content=\"https:\/\/booksfrommexico.com\/es\/producto\/reflexiones-sobre-cine-mexicano-contemporaneo-ficcion\/\" \/>\n<meta property=\"og:site_name\" content=\"Books From Mexico\" \/>\n<meta property=\"article:modified_time\" content=\"2025-04-21T17:48:58+00:00\" \/>\n<meta property=\"og:image\" content=\"http:\/\/booksfrommexico.com\/app\/uploads\/2023\/05\/167544.jpeg\" \/>\n\t<meta property=\"og:image:width\" content=\"399\" \/>\n\t<meta property=\"og:image:height\" content=\"624\" \/>\n\t<meta property=\"og:image:type\" content=\"image\/jpeg\" \/>\n<meta name=\"twitter:card\" content=\"summary_large_image\" \/>\n<meta name=\"twitter:label1\" content=\"Tiempo de lectura\" \/>\n\t<meta name=\"twitter:data1\" content=\"1 minuto\" \/>\n<script type=\"application\/ld+json\" class=\"yoast-schema-graph\">{\"@context\":\"https:\\\/\\\/schema.org\",\"@graph\":[{\"@type\":\"WebPage\",\"@id\":\"https:\\\/\\\/booksfrommexico.com\\\/es\\\/producto\\\/reflexiones-sobre-cine-mexicano-contemporaneo-ficcion\\\/\",\"url\":\"https:\\\/\\\/booksfrommexico.com\\\/es\\\/producto\\\/reflexiones-sobre-cine-mexicano-contemporaneo-ficcion\\\/\",\"name\":\"Reflexiones sobre cine mexicano contempor\u00e1neo Ficci\u00f3n\",\"isPartOf\":{\"@id\":\"https:\\\/\\\/booksfrommexico.com\\\/#website\"},\"primaryImageOfPage\":{\"@id\":\"https:\\\/\\\/booksfrommexico.com\\\/es\\\/producto\\\/reflexiones-sobre-cine-mexicano-contemporaneo-ficcion\\\/#primaryimage\"},\"image\":{\"@id\":\"https:\\\/\\\/booksfrommexico.com\\\/es\\\/producto\\\/reflexiones-sobre-cine-mexicano-contemporaneo-ficcion\\\/#primaryimage\"},\"thumbnailUrl\":\"https:\\\/\\\/booksfrommexico.com\\\/app\\\/uploads\\\/2023\\\/05\\\/167544.jpeg\",\"datePublished\":\"2023-05-08T17:09:38+00:00\",\"dateModified\":\"2025-04-21T17:48:58+00:00\",\"description\":\"Reflexiones sobre cine mexicano contempor\u00e1neo Ficci\u00f3n por Claudia Curiel de Icaza, Abel Mu\u00f1oz H\u00e9nonin, coordinadores. M\u00e9xico, D.F.\",\"breadcrumb\":{\"@id\":\"https:\\\/\\\/booksfrommexico.com\\\/es\\\/producto\\\/reflexiones-sobre-cine-mexicano-contemporaneo-ficcion\\\/#breadcrumb\"},\"inLanguage\":\"es\",\"potentialAction\":[{\"@type\":\"ReadAction\",\"target\":[\"https:\\\/\\\/booksfrommexico.com\\\/es\\\/producto\\\/reflexiones-sobre-cine-mexicano-contemporaneo-ficcion\\\/\"]}]},{\"@type\":\"ImageObject\",\"inLanguage\":\"es\",\"@id\":\"https:\\\/\\\/booksfrommexico.com\\\/es\\\/producto\\\/reflexiones-sobre-cine-mexicano-contemporaneo-ficcion\\\/#primaryimage\",\"url\":\"https:\\\/\\\/booksfrommexico.com\\\/app\\\/uploads\\\/2023\\\/05\\\/167544.jpeg\",\"contentUrl\":\"https:\\\/\\\/booksfrommexico.com\\\/app\\\/uploads\\\/2023\\\/05\\\/167544.jpeg\",\"width\":399,\"height\":624,\"caption\":\"Reflexiones sobre cine mexicano contempor\u00e1neo Ficci\u00f3n\"},{\"@type\":\"BreadcrumbList\",\"@id\":\"https:\\\/\\\/booksfrommexico.com\\\/es\\\/producto\\\/reflexiones-sobre-cine-mexicano-contemporaneo-ficcion\\\/#breadcrumb\",\"itemListElement\":[{\"@type\":\"ListItem\",\"position\":1,\"name\":\"Home\",\"item\":\"https:\\\/\\\/booksfrommexico.com\\\/es\\\/\"},{\"@type\":\"ListItem\",\"position\":2,\"name\":\"Libros\",\"item\":\"https:\\\/\\\/booksfrommexico.com\\\/es\\\/libros\\\/\"},{\"@type\":\"ListItem\",\"position\":3,\"name\":\"Reflexiones sobre cine mexicano contempor\u00e1neo: Ficci\u00f3n\"}]},{\"@type\":\"WebSite\",\"@id\":\"https:\\\/\\\/booksfrommexico.com\\\/#website\",\"url\":\"https:\\\/\\\/booksfrommexico.com\\\/\",\"name\":\"Books From Mexico\",\"description\":\"\",\"publisher\":{\"@id\":\"https:\\\/\\\/booksfrommexico.com\\\/#organization\"},\"potentialAction\":[{\"@type\":\"SearchAction\",\"target\":{\"@type\":\"EntryPoint\",\"urlTemplate\":\"https:\\\/\\\/booksfrommexico.com\\\/?s={search_term_string}\"},\"query-input\":{\"@type\":\"PropertyValueSpecification\",\"valueRequired\":true,\"valueName\":\"search_term_string\"}}],\"inLanguage\":\"es\"},{\"@type\":\"Organization\",\"@id\":\"https:\\\/\\\/booksfrommexico.com\\\/#organization\",\"name\":\"Books From Mexico\",\"url\":\"https:\\\/\\\/booksfrommexico.com\\\/\",\"logo\":{\"@type\":\"ImageObject\",\"inLanguage\":\"es\",\"@id\":\"https:\\\/\\\/booksfrommexico.com\\\/#\\\/schema\\\/logo\\\/image\\\/\",\"url\":\"https:\\\/\\\/booksfrommexico.com\\\/app\\\/uploads\\\/2023\\\/05\\\/logo-booksfrommexico.svg\",\"contentUrl\":\"https:\\\/\\\/booksfrommexico.com\\\/app\\\/uploads\\\/2023\\\/05\\\/logo-booksfrommexico.svg\",\"width\":86,\"height\":56,\"caption\":\"Books From Mexico\"},\"image\":{\"@id\":\"https:\\\/\\\/booksfrommexico.com\\\/#\\\/schema\\\/logo\\\/image\\\/\"}}]}<\/script>\n<!-- \/ Yoast SEO plugin. -->","yoast_head_json":{"title":"Reflexiones sobre cine mexicano contempor\u00e1neo Ficci\u00f3n","description":"Reflexiones sobre cine mexicano contempor\u00e1neo Ficci\u00f3n por Claudia Curiel de Icaza, Abel Mu\u00f1oz H\u00e9nonin, coordinadores. M\u00e9xico, D.F.","robots":{"index":"index","follow":"follow","max-snippet":"max-snippet:-1","max-image-preview":"max-image-preview:large","max-video-preview":"max-video-preview:-1"},"canonical":"https:\/\/booksfrommexico.com\/es\/producto\/reflexiones-sobre-cine-mexicano-contemporaneo-ficcion\/","og_locale":"es_ES","og_type":"article","og_title":"Reflexiones sobre cine mexicano contempor\u00e1neo Ficci\u00f3n","og_description":"Reflexiones sobre cine mexicano contempor\u00e1neo Ficci\u00f3n por Claudia Curiel de Icaza, Abel Mu\u00f1oz H\u00e9nonin, coordinadores. M\u00e9xico, D.F.","og_url":"https:\/\/booksfrommexico.com\/es\/producto\/reflexiones-sobre-cine-mexicano-contemporaneo-ficcion\/","og_site_name":"Books From Mexico","article_modified_time":"2025-04-21T17:48:58+00:00","og_image":[{"width":399,"height":624,"url":"http:\/\/booksfrommexico.com\/app\/uploads\/2023\/05\/167544.jpeg","type":"image\/jpeg"}],"twitter_card":"summary_large_image","twitter_misc":{"Tiempo de lectura":"1 minuto"},"schema":{"@context":"https:\/\/schema.org","@graph":[{"@type":"WebPage","@id":"https:\/\/booksfrommexico.com\/es\/producto\/reflexiones-sobre-cine-mexicano-contemporaneo-ficcion\/","url":"https:\/\/booksfrommexico.com\/es\/producto\/reflexiones-sobre-cine-mexicano-contemporaneo-ficcion\/","name":"Reflexiones sobre cine mexicano contempor\u00e1neo Ficci\u00f3n","isPartOf":{"@id":"https:\/\/booksfrommexico.com\/#website"},"primaryImageOfPage":{"@id":"https:\/\/booksfrommexico.com\/es\/producto\/reflexiones-sobre-cine-mexicano-contemporaneo-ficcion\/#primaryimage"},"image":{"@id":"https:\/\/booksfrommexico.com\/es\/producto\/reflexiones-sobre-cine-mexicano-contemporaneo-ficcion\/#primaryimage"},"thumbnailUrl":"https:\/\/booksfrommexico.com\/app\/uploads\/2023\/05\/167544.jpeg","datePublished":"2023-05-08T17:09:38+00:00","dateModified":"2025-04-21T17:48:58+00:00","description":"Reflexiones sobre cine mexicano contempor\u00e1neo Ficci\u00f3n por Claudia Curiel de Icaza, Abel Mu\u00f1oz H\u00e9nonin, coordinadores. M\u00e9xico, D.F.","breadcrumb":{"@id":"https:\/\/booksfrommexico.com\/es\/producto\/reflexiones-sobre-cine-mexicano-contemporaneo-ficcion\/#breadcrumb"},"inLanguage":"es","potentialAction":[{"@type":"ReadAction","target":["https:\/\/booksfrommexico.com\/es\/producto\/reflexiones-sobre-cine-mexicano-contemporaneo-ficcion\/"]}]},{"@type":"ImageObject","inLanguage":"es","@id":"https:\/\/booksfrommexico.com\/es\/producto\/reflexiones-sobre-cine-mexicano-contemporaneo-ficcion\/#primaryimage","url":"https:\/\/booksfrommexico.com\/app\/uploads\/2023\/05\/167544.jpeg","contentUrl":"https:\/\/booksfrommexico.com\/app\/uploads\/2023\/05\/167544.jpeg","width":399,"height":624,"caption":"Reflexiones sobre cine mexicano contempor\u00e1neo Ficci\u00f3n"},{"@type":"BreadcrumbList","@id":"https:\/\/booksfrommexico.com\/es\/producto\/reflexiones-sobre-cine-mexicano-contemporaneo-ficcion\/#breadcrumb","itemListElement":[{"@type":"ListItem","position":1,"name":"Home","item":"https:\/\/booksfrommexico.com\/es\/"},{"@type":"ListItem","position":2,"name":"Libros","item":"https:\/\/booksfrommexico.com\/es\/libros\/"},{"@type":"ListItem","position":3,"name":"Reflexiones sobre cine mexicano contempor\u00e1neo: Ficci\u00f3n"}]},{"@type":"WebSite","@id":"https:\/\/booksfrommexico.com\/#website","url":"https:\/\/booksfrommexico.com\/","name":"Books From Mexico","description":"","publisher":{"@id":"https:\/\/booksfrommexico.com\/#organization"},"potentialAction":[{"@type":"SearchAction","target":{"@type":"EntryPoint","urlTemplate":"https:\/\/booksfrommexico.com\/?s={search_term_string}"},"query-input":{"@type":"PropertyValueSpecification","valueRequired":true,"valueName":"search_term_string"}}],"inLanguage":"es"},{"@type":"Organization","@id":"https:\/\/booksfrommexico.com\/#organization","name":"Books From Mexico","url":"https:\/\/booksfrommexico.com\/","logo":{"@type":"ImageObject","inLanguage":"es","@id":"https:\/\/booksfrommexico.com\/#\/schema\/logo\/image\/","url":"https:\/\/booksfrommexico.com\/app\/uploads\/2023\/05\/logo-booksfrommexico.svg","contentUrl":"https:\/\/booksfrommexico.com\/app\/uploads\/2023\/05\/logo-booksfrommexico.svg","width":86,"height":56,"caption":"Books From Mexico"},"image":{"@id":"https:\/\/booksfrommexico.com\/#\/schema\/logo\/image\/"}}]}},"_links":{"self":[{"href":"https:\/\/booksfrommexico.com\/es\/wp-json\/wp\/v2\/product\/1002","targetHints":{"allow":["GET"]}}],"collection":[{"href":"https:\/\/booksfrommexico.com\/es\/wp-json\/wp\/v2\/product"}],"about":[{"href":"https:\/\/booksfrommexico.com\/es\/wp-json\/wp\/v2\/types\/product"}],"wp:featuredmedia":[{"embeddable":true,"href":"https:\/\/booksfrommexico.com\/es\/wp-json\/wp\/v2\/media\/1001"}],"wp:attachment":[{"href":"https:\/\/booksfrommexico.com\/es\/wp-json\/wp\/v2\/media?parent=1002"}],"wp:term":[{"taxonomy":"product_brand","embeddable":true,"href":"https:\/\/booksfrommexico.com\/es\/wp-json\/wp\/v2\/product_brand?post=1002"},{"taxonomy":"product_cat","embeddable":true,"href":"https:\/\/booksfrommexico.com\/es\/wp-json\/wp\/v2\/product_cat?post=1002"},{"taxonomy":"product_tag","embeddable":true,"href":"https:\/\/booksfrommexico.com\/es\/wp-json\/wp\/v2\/product_tag?post=1002"}],"curies":[{"name":"wp","href":"https:\/\/api.w.org\/{rel}","templated":true}]}}