{"id":1004,"date":"2023-05-08T17:09:40","date_gmt":"2023-05-08T17:09:40","guid":{"rendered":"http:\/\/booksfrommexico.com\/product\/monacato-femenino-franciscano-en-hispanoamerica-y-espana\/"},"modified":"2024-04-25T22:17:34","modified_gmt":"2024-04-25T22:17:34","slug":"monacato-femenino-franciscano-en-hispanoamerica-y-espana","status":"publish","type":"product","link":"https:\/\/booksfrommexico.com\/es\/producto\/monacato-femenino-franciscano-en-hispanoamerica-y-espana\/","title":{"rendered":"Monacato: Femenino franciscano en Hispanoam\u00e9rica y Espa\u00f1a"},"content":{"rendered":"<p><span style=\"font-weight: 400;\">Como homenaje a las monjas que vivieron en el convento de Santa Clara de Jes\u00fas de Quer\u00e9taro, al cumplirse 400 a\u00f1os de su fundaci\u00f3n, se realiz\u00f3 el Coloquio de Monacato Femenino Franciscano en Hispanoam\u00e9rica y Espa\u00f1a. En este t\u00edtulo se re\u00fanen textos que buscan esclarecer la historia de los conventos en el viejo continente desde la \u00e9poca medieval, hasta la conquista de Am\u00e9rica. Asimismo, se habla ampliamente\u00a0 de las monjas en Hispanoam\u00e9rica y Espa\u00f1a, de su vida de comunidad, educaci\u00f3n, boda m\u00edstica; as\u00ed como se intenta profundizar en el mundo femenino a trav\u00e9s de sus registros, actas capitulares, libros de cuentas, sus propios escritos y los textos de lo eclesi\u00e1sticos que escrib\u00edan sobre ella.\u00a0<\/span><\/p>\n<p><br style=\"font-weight: 400;\" \/><br style=\"font-weight: 400;\" \/><\/p>\n","protected":false},"excerpt":{"rendered":"<p>MONACATO : FEMENINO FRANCISCANO EN HISPANOAM\u00c9RICA Y ESPA\u00d1A<span style=\"font-weight: 400;\">. \/ Mina Ram\u00edrez Montes (coordinator). Quer\u00e9taro, M\u00e9xico : Poder Ejecutivo del Estado de Quer\u00e9taro ; Direcci\u00f3n Estatal de Archivos del Estado de Quer\u00e9taro ; Fondo Editorial de Quer\u00e9taro, 2012. 510 pages : includes photos, tables, references, bibliography ; 23 cm. ISBN : 9786077906162.<\/span><\/p>\n","protected":false},"featured_media":1003,"template":"","meta":{"_acf_changed":false,"inline_featured_image":false},"product_brand":[],"product_cat":[579,158],"product_tag":[4101,3762],"class_list":{"0":"post-1004","1":"product","2":"type-product","3":"status-publish","4":"has-post-thumbnail","6":"product_cat-biografias-religiosas-religion-y-sociedad","7":"product_cat-religion-y-sociedad","8":"product_tag-mujeres-es","9":"product_tag-vida-religiosa-y-costumbres","11":"first","12":"instock","13":"taxable","14":"shipping-taxable","15":"purchasable","16":"product-type-simple"},"acf":[],"yoast_head":"<!-- This site is optimized with the Yoast SEO plugin v27.3 - https:\/\/yoast.com\/product\/yoast-seo-wordpress\/ -->\n<title>Monacato: Femenino franciscano en Hispanoam\u00e9rica y Espa\u00f1a<\/title>\n<meta name=\"description\" content=\"MONACATO : FEMENINO FRANCISCANO EN HISPANOAM\u00c9RICA Y ESPA\u00d1A. \/ Mina Ram\u00edrez Montes (coordinator). Fondo Editorial de Quer\u00e9taro, 2012. ISBN : 9786077906162.\" \/>\n<meta name=\"robots\" content=\"index, follow, max-snippet:-1, max-image-preview:large, max-video-preview:-1\" \/>\n<link rel=\"canonical\" href=\"https:\/\/booksfrommexico.com\/es\/producto\/monacato-femenino-franciscano-en-hispanoamerica-y-espana\/\" \/>\n<meta property=\"og:locale\" content=\"es_ES\" \/>\n<meta property=\"og:type\" content=\"article\" \/>\n<meta property=\"og:title\" content=\"Monacato: Femenino franciscano en Hispanoam\u00e9rica y Espa\u00f1a\" \/>\n<meta property=\"og:description\" content=\"MONACATO : FEMENINO FRANCISCANO EN HISPANOAM\u00c9RICA Y ESPA\u00d1A. \/ Mina Ram\u00edrez Montes (coordinator). Fondo Editorial de Quer\u00e9taro, 2012. ISBN : 9786077906162.\" \/>\n<meta property=\"og:url\" content=\"https:\/\/booksfrommexico.com\/es\/producto\/monacato-femenino-franciscano-en-hispanoamerica-y-espana\/\" \/>\n<meta property=\"og:site_name\" content=\"Books From Mexico\" \/>\n<meta property=\"article:modified_time\" content=\"2024-04-25T22:17:34+00:00\" \/>\n<meta property=\"og:image\" content=\"http:\/\/booksfrommexico.com\/app\/uploads\/2023\/05\/167701.jpeg\" \/>\n\t<meta property=\"og:image:width\" content=\"475\" \/>\n\t<meta property=\"og:image:height\" content=\"667\" \/>\n\t<meta property=\"og:image:type\" content=\"image\/jpeg\" \/>\n<meta name=\"twitter:card\" content=\"summary_large_image\" \/>\n<meta name=\"twitter:label1\" content=\"Tiempo de lectura\" \/>\n\t<meta name=\"twitter:data1\" content=\"1 minuto\" \/>\n<script type=\"application\/ld+json\" class=\"yoast-schema-graph\">{\"@context\":\"https:\\\/\\\/schema.org\",\"@graph\":[{\"@type\":\"WebPage\",\"@id\":\"https:\\\/\\\/booksfrommexico.com\\\/es\\\/producto\\\/monacato-femenino-franciscano-en-hispanoamerica-y-espana\\\/\",\"url\":\"https:\\\/\\\/booksfrommexico.com\\\/es\\\/producto\\\/monacato-femenino-franciscano-en-hispanoamerica-y-espana\\\/\",\"name\":\"Monacato: Femenino franciscano en Hispanoam\u00e9rica y Espa\u00f1a\",\"isPartOf\":{\"@id\":\"https:\\\/\\\/booksfrommexico.com\\\/#website\"},\"primaryImageOfPage\":{\"@id\":\"https:\\\/\\\/booksfrommexico.com\\\/es\\\/producto\\\/monacato-femenino-franciscano-en-hispanoamerica-y-espana\\\/#primaryimage\"},\"image\":{\"@id\":\"https:\\\/\\\/booksfrommexico.com\\\/es\\\/producto\\\/monacato-femenino-franciscano-en-hispanoamerica-y-espana\\\/#primaryimage\"},\"thumbnailUrl\":\"https:\\\/\\\/booksfrommexico.com\\\/app\\\/uploads\\\/2023\\\/05\\\/167701.jpeg\",\"datePublished\":\"2023-05-08T17:09:40+00:00\",\"dateModified\":\"2024-04-25T22:17:34+00:00\",\"description\":\"MONACATO : FEMENINO FRANCISCANO EN HISPANOAM\u00c9RICA Y ESPA\u00d1A. \\\/ Mina Ram\u00edrez Montes (coordinator). Fondo Editorial de Quer\u00e9taro, 2012. ISBN : 9786077906162.\",\"breadcrumb\":{\"@id\":\"https:\\\/\\\/booksfrommexico.com\\\/es\\\/producto\\\/monacato-femenino-franciscano-en-hispanoamerica-y-espana\\\/#breadcrumb\"},\"inLanguage\":\"es\",\"potentialAction\":[{\"@type\":\"ReadAction\",\"target\":[\"https:\\\/\\\/booksfrommexico.com\\\/es\\\/producto\\\/monacato-femenino-franciscano-en-hispanoamerica-y-espana\\\/\"]}]},{\"@type\":\"ImageObject\",\"inLanguage\":\"es\",\"@id\":\"https:\\\/\\\/booksfrommexico.com\\\/es\\\/producto\\\/monacato-femenino-franciscano-en-hispanoamerica-y-espana\\\/#primaryimage\",\"url\":\"https:\\\/\\\/booksfrommexico.com\\\/app\\\/uploads\\\/2023\\\/05\\\/167701.jpeg\",\"contentUrl\":\"https:\\\/\\\/booksfrommexico.com\\\/app\\\/uploads\\\/2023\\\/05\\\/167701.jpeg\",\"width\":475,\"height\":667,\"caption\":\"Monacato femenino franciscano en Hispanoam\u00e9rica y Espa\u00f1a. Mina Ram\u00edrez Montes\"},{\"@type\":\"BreadcrumbList\",\"@id\":\"https:\\\/\\\/booksfrommexico.com\\\/es\\\/producto\\\/monacato-femenino-franciscano-en-hispanoamerica-y-espana\\\/#breadcrumb\",\"itemListElement\":[{\"@type\":\"ListItem\",\"position\":1,\"name\":\"Home\",\"item\":\"https:\\\/\\\/booksfrommexico.com\\\/es\\\/\"},{\"@type\":\"ListItem\",\"position\":2,\"name\":\"Libros\",\"item\":\"https:\\\/\\\/booksfrommexico.com\\\/es\\\/libros\\\/\"},{\"@type\":\"ListItem\",\"position\":3,\"name\":\"Monacato: Femenino franciscano en Hispanoam\u00e9rica y Espa\u00f1a\"}]},{\"@type\":\"WebSite\",\"@id\":\"https:\\\/\\\/booksfrommexico.com\\\/#website\",\"url\":\"https:\\\/\\\/booksfrommexico.com\\\/\",\"name\":\"Books From Mexico\",\"description\":\"\",\"publisher\":{\"@id\":\"https:\\\/\\\/booksfrommexico.com\\\/#organization\"},\"potentialAction\":[{\"@type\":\"SearchAction\",\"target\":{\"@type\":\"EntryPoint\",\"urlTemplate\":\"https:\\\/\\\/booksfrommexico.com\\\/?s={search_term_string}\"},\"query-input\":{\"@type\":\"PropertyValueSpecification\",\"valueRequired\":true,\"valueName\":\"search_term_string\"}}],\"inLanguage\":\"es\"},{\"@type\":\"Organization\",\"@id\":\"https:\\\/\\\/booksfrommexico.com\\\/#organization\",\"name\":\"Books From Mexico\",\"url\":\"https:\\\/\\\/booksfrommexico.com\\\/\",\"logo\":{\"@type\":\"ImageObject\",\"inLanguage\":\"es\",\"@id\":\"https:\\\/\\\/booksfrommexico.com\\\/#\\\/schema\\\/logo\\\/image\\\/\",\"url\":\"https:\\\/\\\/booksfrommexico.com\\\/app\\\/uploads\\\/2023\\\/05\\\/logo-booksfrommexico.svg\",\"contentUrl\":\"https:\\\/\\\/booksfrommexico.com\\\/app\\\/uploads\\\/2023\\\/05\\\/logo-booksfrommexico.svg\",\"width\":86,\"height\":56,\"caption\":\"Books From Mexico\"},\"image\":{\"@id\":\"https:\\\/\\\/booksfrommexico.com\\\/#\\\/schema\\\/logo\\\/image\\\/\"}}]}<\/script>\n<!-- \/ Yoast SEO plugin. -->","yoast_head_json":{"title":"Monacato: Femenino franciscano en Hispanoam\u00e9rica y Espa\u00f1a","description":"MONACATO : FEMENINO FRANCISCANO EN HISPANOAM\u00c9RICA Y ESPA\u00d1A. \/ Mina Ram\u00edrez Montes (coordinator). Fondo Editorial de Quer\u00e9taro, 2012. ISBN : 9786077906162.","robots":{"index":"index","follow":"follow","max-snippet":"max-snippet:-1","max-image-preview":"max-image-preview:large","max-video-preview":"max-video-preview:-1"},"canonical":"https:\/\/booksfrommexico.com\/es\/producto\/monacato-femenino-franciscano-en-hispanoamerica-y-espana\/","og_locale":"es_ES","og_type":"article","og_title":"Monacato: Femenino franciscano en Hispanoam\u00e9rica y Espa\u00f1a","og_description":"MONACATO : FEMENINO FRANCISCANO EN HISPANOAM\u00c9RICA Y ESPA\u00d1A. \/ Mina Ram\u00edrez Montes (coordinator). Fondo Editorial de Quer\u00e9taro, 2012. ISBN : 9786077906162.","og_url":"https:\/\/booksfrommexico.com\/es\/producto\/monacato-femenino-franciscano-en-hispanoamerica-y-espana\/","og_site_name":"Books From Mexico","article_modified_time":"2024-04-25T22:17:34+00:00","og_image":[{"width":475,"height":667,"url":"http:\/\/booksfrommexico.com\/app\/uploads\/2023\/05\/167701.jpeg","type":"image\/jpeg"}],"twitter_card":"summary_large_image","twitter_misc":{"Tiempo de lectura":"1 minuto"},"schema":{"@context":"https:\/\/schema.org","@graph":[{"@type":"WebPage","@id":"https:\/\/booksfrommexico.com\/es\/producto\/monacato-femenino-franciscano-en-hispanoamerica-y-espana\/","url":"https:\/\/booksfrommexico.com\/es\/producto\/monacato-femenino-franciscano-en-hispanoamerica-y-espana\/","name":"Monacato: Femenino franciscano en Hispanoam\u00e9rica y Espa\u00f1a","isPartOf":{"@id":"https:\/\/booksfrommexico.com\/#website"},"primaryImageOfPage":{"@id":"https:\/\/booksfrommexico.com\/es\/producto\/monacato-femenino-franciscano-en-hispanoamerica-y-espana\/#primaryimage"},"image":{"@id":"https:\/\/booksfrommexico.com\/es\/producto\/monacato-femenino-franciscano-en-hispanoamerica-y-espana\/#primaryimage"},"thumbnailUrl":"https:\/\/booksfrommexico.com\/app\/uploads\/2023\/05\/167701.jpeg","datePublished":"2023-05-08T17:09:40+00:00","dateModified":"2024-04-25T22:17:34+00:00","description":"MONACATO : FEMENINO FRANCISCANO EN HISPANOAM\u00c9RICA Y ESPA\u00d1A. \/ Mina Ram\u00edrez Montes (coordinator). Fondo Editorial de Quer\u00e9taro, 2012. ISBN : 9786077906162.","breadcrumb":{"@id":"https:\/\/booksfrommexico.com\/es\/producto\/monacato-femenino-franciscano-en-hispanoamerica-y-espana\/#breadcrumb"},"inLanguage":"es","potentialAction":[{"@type":"ReadAction","target":["https:\/\/booksfrommexico.com\/es\/producto\/monacato-femenino-franciscano-en-hispanoamerica-y-espana\/"]}]},{"@type":"ImageObject","inLanguage":"es","@id":"https:\/\/booksfrommexico.com\/es\/producto\/monacato-femenino-franciscano-en-hispanoamerica-y-espana\/#primaryimage","url":"https:\/\/booksfrommexico.com\/app\/uploads\/2023\/05\/167701.jpeg","contentUrl":"https:\/\/booksfrommexico.com\/app\/uploads\/2023\/05\/167701.jpeg","width":475,"height":667,"caption":"Monacato femenino franciscano en Hispanoam\u00e9rica y Espa\u00f1a. Mina Ram\u00edrez Montes"},{"@type":"BreadcrumbList","@id":"https:\/\/booksfrommexico.com\/es\/producto\/monacato-femenino-franciscano-en-hispanoamerica-y-espana\/#breadcrumb","itemListElement":[{"@type":"ListItem","position":1,"name":"Home","item":"https:\/\/booksfrommexico.com\/es\/"},{"@type":"ListItem","position":2,"name":"Libros","item":"https:\/\/booksfrommexico.com\/es\/libros\/"},{"@type":"ListItem","position":3,"name":"Monacato: Femenino franciscano en Hispanoam\u00e9rica y Espa\u00f1a"}]},{"@type":"WebSite","@id":"https:\/\/booksfrommexico.com\/#website","url":"https:\/\/booksfrommexico.com\/","name":"Books From Mexico","description":"","publisher":{"@id":"https:\/\/booksfrommexico.com\/#organization"},"potentialAction":[{"@type":"SearchAction","target":{"@type":"EntryPoint","urlTemplate":"https:\/\/booksfrommexico.com\/?s={search_term_string}"},"query-input":{"@type":"PropertyValueSpecification","valueRequired":true,"valueName":"search_term_string"}}],"inLanguage":"es"},{"@type":"Organization","@id":"https:\/\/booksfrommexico.com\/#organization","name":"Books From Mexico","url":"https:\/\/booksfrommexico.com\/","logo":{"@type":"ImageObject","inLanguage":"es","@id":"https:\/\/booksfrommexico.com\/#\/schema\/logo\/image\/","url":"https:\/\/booksfrommexico.com\/app\/uploads\/2023\/05\/logo-booksfrommexico.svg","contentUrl":"https:\/\/booksfrommexico.com\/app\/uploads\/2023\/05\/logo-booksfrommexico.svg","width":86,"height":56,"caption":"Books From Mexico"},"image":{"@id":"https:\/\/booksfrommexico.com\/#\/schema\/logo\/image\/"}}]}},"_links":{"self":[{"href":"https:\/\/booksfrommexico.com\/es\/wp-json\/wp\/v2\/product\/1004","targetHints":{"allow":["GET"]}}],"collection":[{"href":"https:\/\/booksfrommexico.com\/es\/wp-json\/wp\/v2\/product"}],"about":[{"href":"https:\/\/booksfrommexico.com\/es\/wp-json\/wp\/v2\/types\/product"}],"wp:featuredmedia":[{"embeddable":true,"href":"https:\/\/booksfrommexico.com\/es\/wp-json\/wp\/v2\/media\/1003"}],"wp:attachment":[{"href":"https:\/\/booksfrommexico.com\/es\/wp-json\/wp\/v2\/media?parent=1004"}],"wp:term":[{"taxonomy":"product_brand","embeddable":true,"href":"https:\/\/booksfrommexico.com\/es\/wp-json\/wp\/v2\/product_brand?post=1004"},{"taxonomy":"product_cat","embeddable":true,"href":"https:\/\/booksfrommexico.com\/es\/wp-json\/wp\/v2\/product_cat?post=1004"},{"taxonomy":"product_tag","embeddable":true,"href":"https:\/\/booksfrommexico.com\/es\/wp-json\/wp\/v2\/product_tag?post=1004"}],"curies":[{"name":"wp","href":"https:\/\/api.w.org\/{rel}","templated":true}]}}