{"id":1006,"date":"2023-05-08T17:09:42","date_gmt":"2023-05-08T17:09:42","guid":{"rendered":"http:\/\/booksfrommexico.com\/product\/grafica-contemporanea-del-elogio-de-la-materia-a-la-grafica-intangible\/"},"modified":"2024-04-24T23:41:07","modified_gmt":"2024-04-24T23:41:07","slug":"grafica-contemporanea-del-elogio-de-la-materia-a-la-grafica-intangible","status":"publish","type":"product","link":"https:\/\/booksfrommexico.com\/es\/producto\/grafica-contemporanea-del-elogio-de-la-materia-a-la-grafica-intangible\/","title":{"rendered":"Gr\u00e1fica contempor\u00e1nea: Del elogio de la materia a la gr\u00e1fica intangible"},"content":{"rendered":"<p><span style=\"font-weight: 400;\">Comenzando por los inicios remotos del arte gr\u00e1fico en la antig\u00fcedad, la autora propone un paseo por las producciones tangibles e intangibles de las expresiones de este arte, m\u00e1s all\u00e1 de s\u00f3lo un cat\u00e1logo de fechas y nombres. El hilo conductor es el transcurrir de la imagen m\u00faltiple en sus diversos acercamientos con t\u00e9cnicas, procedimientos, m\u00e9todos, medios y est\u00e9ticas. En este t\u00edtulo se pueden encontrar muestras comentadas y discutidas con fotograf\u00edas y definiciones, combinando el trabajo de taller con la lectura de la historia del arte gr\u00e1fico seriable, ofreciendo la documentaci\u00f3n necesaria para sustentar sus hallazgos.\u00a0<\/span><\/p>\n","protected":false},"excerpt":{"rendered":"<p>GR\u00c1FICA CONTEMPOR\u00c1NEA : DEL ELOGIO DE LA MATERIA A LA GR\u00c1FICA INTANGIBLE<span style=\"font-weight: 400;\">. \/ Hortensia M\u00ednguez Garc\u00eda. Ciudad Ju\u00e1rez, Chihuahua, M\u00e9xico : Universidad Aut\u00f3noma de Ciudad Ju\u00e1rez, 2013. 419 pages : includes photos, illustrations, references, bibliography ; 21 cm. ISBN : 9786079224493.<\/span><\/p>\n<p><br style=\"font-weight: 400;\" \/><br style=\"font-weight: 400;\" \/><\/p>\n","protected":false},"featured_media":1005,"template":"","meta":{"_acf_changed":false,"inline_featured_image":false},"product_brand":[],"product_cat":[4277,4267],"product_tag":[4044,4279],"class_list":{"0":"post-1006","1":"product","2":"type-product","3":"status-publish","4":"has-post-thumbnail","6":"product_cat-diseno-grafico","7":"product_cat-historia-del-arte","8":"product_tag-arte","9":"product_tag-diseno","11":"first","12":"instock","13":"taxable","14":"shipping-taxable","15":"purchasable","16":"product-type-simple"},"acf":[],"yoast_head":"<!-- This site is optimized with the Yoast SEO plugin v27.3 - https:\/\/yoast.com\/product\/yoast-seo-wordpress\/ -->\n<title>Gr\u00e1fica contempor\u00e1nea: Del elogio de la materia gr\u00e1fica intangible<\/title>\n<meta name=\"description\" content=\"Hortensia M\u00ednguez Garc\u00eda. Ciudad Ju\u00e1rez, Chihuahua, M\u00e9xico : Universidad Aut\u00f3noma de Ciudad Ju\u00e1rez, 2013. 419 pages. ISBN : 9786079224493.\" \/>\n<meta name=\"robots\" content=\"index, follow, max-snippet:-1, max-image-preview:large, max-video-preview:-1\" \/>\n<link rel=\"canonical\" href=\"https:\/\/booksfrommexico.com\/es\/producto\/grafica-contemporanea-del-elogio-de-la-materia-a-la-grafica-intangible\/\" \/>\n<meta property=\"og:locale\" content=\"es_ES\" \/>\n<meta property=\"og:type\" content=\"article\" \/>\n<meta property=\"og:title\" content=\"Gr\u00e1fica contempor\u00e1nea: Del elogio de la materia gr\u00e1fica intangible\" \/>\n<meta property=\"og:description\" content=\"Hortensia M\u00ednguez Garc\u00eda. Ciudad Ju\u00e1rez, Chihuahua, M\u00e9xico : Universidad Aut\u00f3noma de Ciudad Ju\u00e1rez, 2013. 419 pages. ISBN : 9786079224493.\" \/>\n<meta property=\"og:url\" content=\"https:\/\/booksfrommexico.com\/es\/producto\/grafica-contemporanea-del-elogio-de-la-materia-a-la-grafica-intangible\/\" \/>\n<meta property=\"og:site_name\" content=\"Books From Mexico\" \/>\n<meta property=\"article:modified_time\" content=\"2024-04-24T23:41:07+00:00\" \/>\n<meta property=\"og:image\" content=\"http:\/\/booksfrommexico.com\/app\/uploads\/2023\/05\/169419.jpeg\" \/>\n\t<meta property=\"og:image:width\" content=\"485\" \/>\n\t<meta property=\"og:image:height\" content=\"602\" \/>\n\t<meta property=\"og:image:type\" content=\"image\/jpeg\" \/>\n<meta name=\"twitter:card\" content=\"summary_large_image\" \/>\n<meta name=\"twitter:label1\" content=\"Tiempo de lectura\" \/>\n\t<meta name=\"twitter:data1\" content=\"1 minuto\" \/>\n<script type=\"application\/ld+json\" class=\"yoast-schema-graph\">{\"@context\":\"https:\\\/\\\/schema.org\",\"@graph\":[{\"@type\":\"WebPage\",\"@id\":\"https:\\\/\\\/booksfrommexico.com\\\/es\\\/producto\\\/grafica-contemporanea-del-elogio-de-la-materia-a-la-grafica-intangible\\\/\",\"url\":\"https:\\\/\\\/booksfrommexico.com\\\/es\\\/producto\\\/grafica-contemporanea-del-elogio-de-la-materia-a-la-grafica-intangible\\\/\",\"name\":\"Gr\u00e1fica contempor\u00e1nea: Del elogio de la materia gr\u00e1fica intangible\",\"isPartOf\":{\"@id\":\"https:\\\/\\\/booksfrommexico.com\\\/#website\"},\"primaryImageOfPage\":{\"@id\":\"https:\\\/\\\/booksfrommexico.com\\\/es\\\/producto\\\/grafica-contemporanea-del-elogio-de-la-materia-a-la-grafica-intangible\\\/#primaryimage\"},\"image\":{\"@id\":\"https:\\\/\\\/booksfrommexico.com\\\/es\\\/producto\\\/grafica-contemporanea-del-elogio-de-la-materia-a-la-grafica-intangible\\\/#primaryimage\"},\"thumbnailUrl\":\"https:\\\/\\\/booksfrommexico.com\\\/app\\\/uploads\\\/2023\\\/05\\\/169419.jpeg\",\"datePublished\":\"2023-05-08T17:09:42+00:00\",\"dateModified\":\"2024-04-24T23:41:07+00:00\",\"description\":\"Hortensia M\u00ednguez Garc\u00eda. Ciudad Ju\u00e1rez, Chihuahua, M\u00e9xico : Universidad Aut\u00f3noma de Ciudad Ju\u00e1rez, 2013. 419 pages. ISBN : 9786079224493.\",\"breadcrumb\":{\"@id\":\"https:\\\/\\\/booksfrommexico.com\\\/es\\\/producto\\\/grafica-contemporanea-del-elogio-de-la-materia-a-la-grafica-intangible\\\/#breadcrumb\"},\"inLanguage\":\"es\",\"potentialAction\":[{\"@type\":\"ReadAction\",\"target\":[\"https:\\\/\\\/booksfrommexico.com\\\/es\\\/producto\\\/grafica-contemporanea-del-elogio-de-la-materia-a-la-grafica-intangible\\\/\"]}]},{\"@type\":\"ImageObject\",\"inLanguage\":\"es\",\"@id\":\"https:\\\/\\\/booksfrommexico.com\\\/es\\\/producto\\\/grafica-contemporanea-del-elogio-de-la-materia-a-la-grafica-intangible\\\/#primaryimage\",\"url\":\"https:\\\/\\\/booksfrommexico.com\\\/app\\\/uploads\\\/2023\\\/05\\\/169419.jpeg\",\"contentUrl\":\"https:\\\/\\\/booksfrommexico.com\\\/app\\\/uploads\\\/2023\\\/05\\\/169419.jpeg\",\"width\":485,\"height\":602,\"caption\":\"Gr\u00e1fica contempor\u00e1nea del elogio de la materia a la gr\u00e1fica intangible. Hortensia M\u00ednguez Garc\u00eda.\"},{\"@type\":\"BreadcrumbList\",\"@id\":\"https:\\\/\\\/booksfrommexico.com\\\/es\\\/producto\\\/grafica-contemporanea-del-elogio-de-la-materia-a-la-grafica-intangible\\\/#breadcrumb\",\"itemListElement\":[{\"@type\":\"ListItem\",\"position\":1,\"name\":\"Home\",\"item\":\"https:\\\/\\\/booksfrommexico.com\\\/es\\\/\"},{\"@type\":\"ListItem\",\"position\":2,\"name\":\"Libros\",\"item\":\"https:\\\/\\\/booksfrommexico.com\\\/es\\\/libros\\\/\"},{\"@type\":\"ListItem\",\"position\":3,\"name\":\"Gr\u00e1fica contempor\u00e1nea: Del elogio de la materia a la gr\u00e1fica intangible\"}]},{\"@type\":\"WebSite\",\"@id\":\"https:\\\/\\\/booksfrommexico.com\\\/#website\",\"url\":\"https:\\\/\\\/booksfrommexico.com\\\/\",\"name\":\"Books From Mexico\",\"description\":\"\",\"publisher\":{\"@id\":\"https:\\\/\\\/booksfrommexico.com\\\/#organization\"},\"potentialAction\":[{\"@type\":\"SearchAction\",\"target\":{\"@type\":\"EntryPoint\",\"urlTemplate\":\"https:\\\/\\\/booksfrommexico.com\\\/?s={search_term_string}\"},\"query-input\":{\"@type\":\"PropertyValueSpecification\",\"valueRequired\":true,\"valueName\":\"search_term_string\"}}],\"inLanguage\":\"es\"},{\"@type\":\"Organization\",\"@id\":\"https:\\\/\\\/booksfrommexico.com\\\/#organization\",\"name\":\"Books From Mexico\",\"url\":\"https:\\\/\\\/booksfrommexico.com\\\/\",\"logo\":{\"@type\":\"ImageObject\",\"inLanguage\":\"es\",\"@id\":\"https:\\\/\\\/booksfrommexico.com\\\/#\\\/schema\\\/logo\\\/image\\\/\",\"url\":\"https:\\\/\\\/booksfrommexico.com\\\/app\\\/uploads\\\/2023\\\/05\\\/logo-booksfrommexico.svg\",\"contentUrl\":\"https:\\\/\\\/booksfrommexico.com\\\/app\\\/uploads\\\/2023\\\/05\\\/logo-booksfrommexico.svg\",\"width\":86,\"height\":56,\"caption\":\"Books From Mexico\"},\"image\":{\"@id\":\"https:\\\/\\\/booksfrommexico.com\\\/#\\\/schema\\\/logo\\\/image\\\/\"}}]}<\/script>\n<!-- \/ Yoast SEO plugin. -->","yoast_head_json":{"title":"Gr\u00e1fica contempor\u00e1nea: Del elogio de la materia gr\u00e1fica intangible","description":"Hortensia M\u00ednguez Garc\u00eda. Ciudad Ju\u00e1rez, Chihuahua, M\u00e9xico : Universidad Aut\u00f3noma de Ciudad Ju\u00e1rez, 2013. 419 pages. ISBN : 9786079224493.","robots":{"index":"index","follow":"follow","max-snippet":"max-snippet:-1","max-image-preview":"max-image-preview:large","max-video-preview":"max-video-preview:-1"},"canonical":"https:\/\/booksfrommexico.com\/es\/producto\/grafica-contemporanea-del-elogio-de-la-materia-a-la-grafica-intangible\/","og_locale":"es_ES","og_type":"article","og_title":"Gr\u00e1fica contempor\u00e1nea: Del elogio de la materia gr\u00e1fica intangible","og_description":"Hortensia M\u00ednguez Garc\u00eda. Ciudad Ju\u00e1rez, Chihuahua, M\u00e9xico : Universidad Aut\u00f3noma de Ciudad Ju\u00e1rez, 2013. 419 pages. ISBN : 9786079224493.","og_url":"https:\/\/booksfrommexico.com\/es\/producto\/grafica-contemporanea-del-elogio-de-la-materia-a-la-grafica-intangible\/","og_site_name":"Books From Mexico","article_modified_time":"2024-04-24T23:41:07+00:00","og_image":[{"width":485,"height":602,"url":"http:\/\/booksfrommexico.com\/app\/uploads\/2023\/05\/169419.jpeg","type":"image\/jpeg"}],"twitter_card":"summary_large_image","twitter_misc":{"Tiempo de lectura":"1 minuto"},"schema":{"@context":"https:\/\/schema.org","@graph":[{"@type":"WebPage","@id":"https:\/\/booksfrommexico.com\/es\/producto\/grafica-contemporanea-del-elogio-de-la-materia-a-la-grafica-intangible\/","url":"https:\/\/booksfrommexico.com\/es\/producto\/grafica-contemporanea-del-elogio-de-la-materia-a-la-grafica-intangible\/","name":"Gr\u00e1fica contempor\u00e1nea: Del elogio de la materia gr\u00e1fica intangible","isPartOf":{"@id":"https:\/\/booksfrommexico.com\/#website"},"primaryImageOfPage":{"@id":"https:\/\/booksfrommexico.com\/es\/producto\/grafica-contemporanea-del-elogio-de-la-materia-a-la-grafica-intangible\/#primaryimage"},"image":{"@id":"https:\/\/booksfrommexico.com\/es\/producto\/grafica-contemporanea-del-elogio-de-la-materia-a-la-grafica-intangible\/#primaryimage"},"thumbnailUrl":"https:\/\/booksfrommexico.com\/app\/uploads\/2023\/05\/169419.jpeg","datePublished":"2023-05-08T17:09:42+00:00","dateModified":"2024-04-24T23:41:07+00:00","description":"Hortensia M\u00ednguez Garc\u00eda. Ciudad Ju\u00e1rez, Chihuahua, M\u00e9xico : Universidad Aut\u00f3noma de Ciudad Ju\u00e1rez, 2013. 419 pages. ISBN : 9786079224493.","breadcrumb":{"@id":"https:\/\/booksfrommexico.com\/es\/producto\/grafica-contemporanea-del-elogio-de-la-materia-a-la-grafica-intangible\/#breadcrumb"},"inLanguage":"es","potentialAction":[{"@type":"ReadAction","target":["https:\/\/booksfrommexico.com\/es\/producto\/grafica-contemporanea-del-elogio-de-la-materia-a-la-grafica-intangible\/"]}]},{"@type":"ImageObject","inLanguage":"es","@id":"https:\/\/booksfrommexico.com\/es\/producto\/grafica-contemporanea-del-elogio-de-la-materia-a-la-grafica-intangible\/#primaryimage","url":"https:\/\/booksfrommexico.com\/app\/uploads\/2023\/05\/169419.jpeg","contentUrl":"https:\/\/booksfrommexico.com\/app\/uploads\/2023\/05\/169419.jpeg","width":485,"height":602,"caption":"Gr\u00e1fica contempor\u00e1nea del elogio de la materia a la gr\u00e1fica intangible. Hortensia M\u00ednguez Garc\u00eda."},{"@type":"BreadcrumbList","@id":"https:\/\/booksfrommexico.com\/es\/producto\/grafica-contemporanea-del-elogio-de-la-materia-a-la-grafica-intangible\/#breadcrumb","itemListElement":[{"@type":"ListItem","position":1,"name":"Home","item":"https:\/\/booksfrommexico.com\/es\/"},{"@type":"ListItem","position":2,"name":"Libros","item":"https:\/\/booksfrommexico.com\/es\/libros\/"},{"@type":"ListItem","position":3,"name":"Gr\u00e1fica contempor\u00e1nea: Del elogio de la materia a la gr\u00e1fica intangible"}]},{"@type":"WebSite","@id":"https:\/\/booksfrommexico.com\/#website","url":"https:\/\/booksfrommexico.com\/","name":"Books From Mexico","description":"","publisher":{"@id":"https:\/\/booksfrommexico.com\/#organization"},"potentialAction":[{"@type":"SearchAction","target":{"@type":"EntryPoint","urlTemplate":"https:\/\/booksfrommexico.com\/?s={search_term_string}"},"query-input":{"@type":"PropertyValueSpecification","valueRequired":true,"valueName":"search_term_string"}}],"inLanguage":"es"},{"@type":"Organization","@id":"https:\/\/booksfrommexico.com\/#organization","name":"Books From Mexico","url":"https:\/\/booksfrommexico.com\/","logo":{"@type":"ImageObject","inLanguage":"es","@id":"https:\/\/booksfrommexico.com\/#\/schema\/logo\/image\/","url":"https:\/\/booksfrommexico.com\/app\/uploads\/2023\/05\/logo-booksfrommexico.svg","contentUrl":"https:\/\/booksfrommexico.com\/app\/uploads\/2023\/05\/logo-booksfrommexico.svg","width":86,"height":56,"caption":"Books From Mexico"},"image":{"@id":"https:\/\/booksfrommexico.com\/#\/schema\/logo\/image\/"}}]}},"_links":{"self":[{"href":"https:\/\/booksfrommexico.com\/es\/wp-json\/wp\/v2\/product\/1006","targetHints":{"allow":["GET"]}}],"collection":[{"href":"https:\/\/booksfrommexico.com\/es\/wp-json\/wp\/v2\/product"}],"about":[{"href":"https:\/\/booksfrommexico.com\/es\/wp-json\/wp\/v2\/types\/product"}],"wp:featuredmedia":[{"embeddable":true,"href":"https:\/\/booksfrommexico.com\/es\/wp-json\/wp\/v2\/media\/1005"}],"wp:attachment":[{"href":"https:\/\/booksfrommexico.com\/es\/wp-json\/wp\/v2\/media?parent=1006"}],"wp:term":[{"taxonomy":"product_brand","embeddable":true,"href":"https:\/\/booksfrommexico.com\/es\/wp-json\/wp\/v2\/product_brand?post=1006"},{"taxonomy":"product_cat","embeddable":true,"href":"https:\/\/booksfrommexico.com\/es\/wp-json\/wp\/v2\/product_cat?post=1006"},{"taxonomy":"product_tag","embeddable":true,"href":"https:\/\/booksfrommexico.com\/es\/wp-json\/wp\/v2\/product_tag?post=1006"}],"curies":[{"name":"wp","href":"https:\/\/api.w.org\/{rel}","templated":true}]}}