{"id":1008,"date":"2023-05-08T17:09:43","date_gmt":"2023-05-08T17:09:43","guid":{"rendered":"http:\/\/booksfrommexico.com\/product\/vocabulario-popular-sinaloense-aya-bonchi\/"},"modified":"2025-03-27T16:42:08","modified_gmt":"2025-03-27T16:42:08","slug":"vocabulario-popular-sinaloense-aya-bonchi","status":"publish","type":"product","link":"https:\/\/booksfrommexico.com\/es\/producto\/vocabulario-popular-sinaloense-aya-bonchi\/","title":{"rendered":"Vocabulario popular sinaloense: \u00a1Aya bonchi!"},"content":{"rendered":"<p><span style=\"font-weight: 400;\">Este diccionario-vocabulario tiene el prop\u00f3sito de preservar la lengua vern\u00e1cula como v\u00ednculo de identidad sinaloense, pues sus autores tienen la firme creencia de que Sinaloa tiene perfiles <\/span><i><span style=\"font-weight: 400;\">sui g\u00e9neris <\/span><\/i><span style=\"font-weight: 400;\">que la hacen distinta de otras entidades del pa\u00eds. Este trabajo nace de un juego que los autores ten\u00edan cuando eran ni\u00f1os y que consist\u00eda en escuchar pl\u00e1ticas de adultos, memorizando los t\u00e9rminos, tonos, arca\u00edsmos, giros y gesticulaciones para despu\u00e9s repetirlas en conversaciones ficticias. El proyecto fue enriquecido con el pasar de los a\u00f1os, nutrido con el conocimiento de otros, teniendo como resultado no s\u00f3lo un diccionario que alude a los modismos sinaloenses, sino una herencia cultural.<\/span><\/p>\n","protected":false},"excerpt":{"rendered":"<p>VOCABULARIO POPULAR SINALOENSE : \u00a1AYA BONCHI!<span style=\"font-weight: 400;\">. \/ Juan Estrella Reyes, Diego Estrella Reyes. Culiac\u00e1n, Sinaloa, M\u00e9xico : Instituto Sinaloense de Cultura , M\u00e1s Cult<\/span><span style=\"font-weight: 400;\">ura, 2012. 191 pages ; 21 cm. (Serie La Biblioteca de Babel : Vocabulario). ISBN : 9786077756446. <\/span><\/p>\n","protected":false},"featured_media":1007,"template":"","meta":{"_acf_changed":false,"inline_featured_image":false},"product_brand":[],"product_cat":[451,3813,450],"product_tag":[3880,4242],"class_list":{"0":"post-1008","1":"product","2":"type-product","3":"status-publish","4":"has-post-thumbnail","6":"product_cat-diccionarios-y-enciclopedias-referencias","7":"product_cat-lengua-espanola-diccionarios-y-enciclopedias-referencia","8":"product_cat-referencias","9":"product_tag-identidad-cultural","10":"product_tag-sinaloa-mexico","12":"first","13":"outofstock","14":"taxable","15":"shipping-taxable","16":"purchasable","17":"product-type-simple"},"acf":[],"yoast_head":"<!-- This site is optimized with the Yoast SEO plugin v27.3 - https:\/\/yoast.com\/product\/yoast-seo-wordpress\/ -->\n<title>Vocabulario popular sinaloense \u00a1Aya bonchi!<\/title>\n<meta name=\"description\" content=\"VOCABULARIO POPULAR SINALOENSE : \u00a1AYA BONCHI!. \/ Juan Estrella Reyes, Diego Estrella Reyes. Instituto Sinaloense de Cultura , M\u00e1s Cultura, 2012.\" \/>\n<meta name=\"robots\" content=\"index, follow, max-snippet:-1, max-image-preview:large, max-video-preview:-1\" \/>\n<link rel=\"canonical\" href=\"https:\/\/booksfrommexico.com\/es\/producto\/vocabulario-popular-sinaloense-aya-bonchi\/\" \/>\n<meta property=\"og:locale\" content=\"es_ES\" \/>\n<meta property=\"og:type\" content=\"article\" \/>\n<meta property=\"og:title\" content=\"Vocabulario popular sinaloense \u00a1Aya bonchi!\" \/>\n<meta property=\"og:description\" content=\"VOCABULARIO POPULAR SINALOENSE : \u00a1AYA BONCHI!. \/ Juan Estrella Reyes, Diego Estrella Reyes. Instituto Sinaloense de Cultura , M\u00e1s Cultura, 2012.\" \/>\n<meta property=\"og:url\" content=\"https:\/\/booksfrommexico.com\/es\/producto\/vocabulario-popular-sinaloense-aya-bonchi\/\" \/>\n<meta property=\"og:site_name\" content=\"Books From Mexico\" \/>\n<meta property=\"article:modified_time\" content=\"2025-03-27T16:42:08+00:00\" \/>\n<meta property=\"og:image\" content=\"http:\/\/booksfrommexico.com\/app\/uploads\/2023\/05\/169439.jpeg\" \/>\n\t<meta property=\"og:image:width\" content=\"378\" \/>\n\t<meta property=\"og:image:height\" content=\"606\" \/>\n\t<meta property=\"og:image:type\" content=\"image\/jpeg\" \/>\n<meta name=\"twitter:card\" content=\"summary_large_image\" \/>\n<meta name=\"twitter:label1\" content=\"Tiempo de lectura\" \/>\n\t<meta name=\"twitter:data1\" content=\"1 minuto\" \/>\n<script type=\"application\/ld+json\" class=\"yoast-schema-graph\">{\"@context\":\"https:\\\/\\\/schema.org\",\"@graph\":[{\"@type\":\"WebPage\",\"@id\":\"https:\\\/\\\/booksfrommexico.com\\\/es\\\/producto\\\/vocabulario-popular-sinaloense-aya-bonchi\\\/\",\"url\":\"https:\\\/\\\/booksfrommexico.com\\\/es\\\/producto\\\/vocabulario-popular-sinaloense-aya-bonchi\\\/\",\"name\":\"Vocabulario popular sinaloense \u00a1Aya bonchi!\",\"isPartOf\":{\"@id\":\"https:\\\/\\\/booksfrommexico.com\\\/#website\"},\"primaryImageOfPage\":{\"@id\":\"https:\\\/\\\/booksfrommexico.com\\\/es\\\/producto\\\/vocabulario-popular-sinaloense-aya-bonchi\\\/#primaryimage\"},\"image\":{\"@id\":\"https:\\\/\\\/booksfrommexico.com\\\/es\\\/producto\\\/vocabulario-popular-sinaloense-aya-bonchi\\\/#primaryimage\"},\"thumbnailUrl\":\"https:\\\/\\\/booksfrommexico.com\\\/app\\\/uploads\\\/2023\\\/05\\\/169439.jpeg\",\"datePublished\":\"2023-05-08T17:09:43+00:00\",\"dateModified\":\"2025-03-27T16:42:08+00:00\",\"description\":\"VOCABULARIO POPULAR SINALOENSE : \u00a1AYA BONCHI!. \\\/ Juan Estrella Reyes, Diego Estrella Reyes. Instituto Sinaloense de Cultura , M\u00e1s Cultura, 2012.\",\"breadcrumb\":{\"@id\":\"https:\\\/\\\/booksfrommexico.com\\\/es\\\/producto\\\/vocabulario-popular-sinaloense-aya-bonchi\\\/#breadcrumb\"},\"inLanguage\":\"es\",\"potentialAction\":[{\"@type\":\"ReadAction\",\"target\":[\"https:\\\/\\\/booksfrommexico.com\\\/es\\\/producto\\\/vocabulario-popular-sinaloense-aya-bonchi\\\/\"]}]},{\"@type\":\"ImageObject\",\"inLanguage\":\"es\",\"@id\":\"https:\\\/\\\/booksfrommexico.com\\\/es\\\/producto\\\/vocabulario-popular-sinaloense-aya-bonchi\\\/#primaryimage\",\"url\":\"https:\\\/\\\/booksfrommexico.com\\\/app\\\/uploads\\\/2023\\\/05\\\/169439.jpeg\",\"contentUrl\":\"https:\\\/\\\/booksfrommexico.com\\\/app\\\/uploads\\\/2023\\\/05\\\/169439.jpeg\",\"width\":378,\"height\":606,\"caption\":\"Vocabulario popular sinaloense \u00a1Aya bonchi! Books From M\u00e9xico\"},{\"@type\":\"BreadcrumbList\",\"@id\":\"https:\\\/\\\/booksfrommexico.com\\\/es\\\/producto\\\/vocabulario-popular-sinaloense-aya-bonchi\\\/#breadcrumb\",\"itemListElement\":[{\"@type\":\"ListItem\",\"position\":1,\"name\":\"Home\",\"item\":\"https:\\\/\\\/booksfrommexico.com\\\/es\\\/\"},{\"@type\":\"ListItem\",\"position\":2,\"name\":\"Libros\",\"item\":\"https:\\\/\\\/booksfrommexico.com\\\/es\\\/libros\\\/\"},{\"@type\":\"ListItem\",\"position\":3,\"name\":\"Vocabulario popular sinaloense: \u00a1Aya bonchi!\"}]},{\"@type\":\"WebSite\",\"@id\":\"https:\\\/\\\/booksfrommexico.com\\\/#website\",\"url\":\"https:\\\/\\\/booksfrommexico.com\\\/\",\"name\":\"Books From Mexico\",\"description\":\"\",\"publisher\":{\"@id\":\"https:\\\/\\\/booksfrommexico.com\\\/#organization\"},\"potentialAction\":[{\"@type\":\"SearchAction\",\"target\":{\"@type\":\"EntryPoint\",\"urlTemplate\":\"https:\\\/\\\/booksfrommexico.com\\\/?s={search_term_string}\"},\"query-input\":{\"@type\":\"PropertyValueSpecification\",\"valueRequired\":true,\"valueName\":\"search_term_string\"}}],\"inLanguage\":\"es\"},{\"@type\":\"Organization\",\"@id\":\"https:\\\/\\\/booksfrommexico.com\\\/#organization\",\"name\":\"Books From Mexico\",\"url\":\"https:\\\/\\\/booksfrommexico.com\\\/\",\"logo\":{\"@type\":\"ImageObject\",\"inLanguage\":\"es\",\"@id\":\"https:\\\/\\\/booksfrommexico.com\\\/#\\\/schema\\\/logo\\\/image\\\/\",\"url\":\"https:\\\/\\\/booksfrommexico.com\\\/app\\\/uploads\\\/2023\\\/05\\\/logo-booksfrommexico.svg\",\"contentUrl\":\"https:\\\/\\\/booksfrommexico.com\\\/app\\\/uploads\\\/2023\\\/05\\\/logo-booksfrommexico.svg\",\"width\":86,\"height\":56,\"caption\":\"Books From Mexico\"},\"image\":{\"@id\":\"https:\\\/\\\/booksfrommexico.com\\\/#\\\/schema\\\/logo\\\/image\\\/\"}}]}<\/script>\n<!-- \/ Yoast SEO plugin. -->","yoast_head_json":{"title":"Vocabulario popular sinaloense \u00a1Aya bonchi!","description":"VOCABULARIO POPULAR SINALOENSE : \u00a1AYA BONCHI!. \/ Juan Estrella Reyes, Diego Estrella Reyes. Instituto Sinaloense de Cultura , M\u00e1s Cultura, 2012.","robots":{"index":"index","follow":"follow","max-snippet":"max-snippet:-1","max-image-preview":"max-image-preview:large","max-video-preview":"max-video-preview:-1"},"canonical":"https:\/\/booksfrommexico.com\/es\/producto\/vocabulario-popular-sinaloense-aya-bonchi\/","og_locale":"es_ES","og_type":"article","og_title":"Vocabulario popular sinaloense \u00a1Aya bonchi!","og_description":"VOCABULARIO POPULAR SINALOENSE : \u00a1AYA BONCHI!. \/ Juan Estrella Reyes, Diego Estrella Reyes. Instituto Sinaloense de Cultura , M\u00e1s Cultura, 2012.","og_url":"https:\/\/booksfrommexico.com\/es\/producto\/vocabulario-popular-sinaloense-aya-bonchi\/","og_site_name":"Books From Mexico","article_modified_time":"2025-03-27T16:42:08+00:00","og_image":[{"width":378,"height":606,"url":"http:\/\/booksfrommexico.com\/app\/uploads\/2023\/05\/169439.jpeg","type":"image\/jpeg"}],"twitter_card":"summary_large_image","twitter_misc":{"Tiempo de lectura":"1 minuto"},"schema":{"@context":"https:\/\/schema.org","@graph":[{"@type":"WebPage","@id":"https:\/\/booksfrommexico.com\/es\/producto\/vocabulario-popular-sinaloense-aya-bonchi\/","url":"https:\/\/booksfrommexico.com\/es\/producto\/vocabulario-popular-sinaloense-aya-bonchi\/","name":"Vocabulario popular sinaloense \u00a1Aya bonchi!","isPartOf":{"@id":"https:\/\/booksfrommexico.com\/#website"},"primaryImageOfPage":{"@id":"https:\/\/booksfrommexico.com\/es\/producto\/vocabulario-popular-sinaloense-aya-bonchi\/#primaryimage"},"image":{"@id":"https:\/\/booksfrommexico.com\/es\/producto\/vocabulario-popular-sinaloense-aya-bonchi\/#primaryimage"},"thumbnailUrl":"https:\/\/booksfrommexico.com\/app\/uploads\/2023\/05\/169439.jpeg","datePublished":"2023-05-08T17:09:43+00:00","dateModified":"2025-03-27T16:42:08+00:00","description":"VOCABULARIO POPULAR SINALOENSE : \u00a1AYA BONCHI!. \/ Juan Estrella Reyes, Diego Estrella Reyes. Instituto Sinaloense de Cultura , M\u00e1s Cultura, 2012.","breadcrumb":{"@id":"https:\/\/booksfrommexico.com\/es\/producto\/vocabulario-popular-sinaloense-aya-bonchi\/#breadcrumb"},"inLanguage":"es","potentialAction":[{"@type":"ReadAction","target":["https:\/\/booksfrommexico.com\/es\/producto\/vocabulario-popular-sinaloense-aya-bonchi\/"]}]},{"@type":"ImageObject","inLanguage":"es","@id":"https:\/\/booksfrommexico.com\/es\/producto\/vocabulario-popular-sinaloense-aya-bonchi\/#primaryimage","url":"https:\/\/booksfrommexico.com\/app\/uploads\/2023\/05\/169439.jpeg","contentUrl":"https:\/\/booksfrommexico.com\/app\/uploads\/2023\/05\/169439.jpeg","width":378,"height":606,"caption":"Vocabulario popular sinaloense \u00a1Aya bonchi! Books From M\u00e9xico"},{"@type":"BreadcrumbList","@id":"https:\/\/booksfrommexico.com\/es\/producto\/vocabulario-popular-sinaloense-aya-bonchi\/#breadcrumb","itemListElement":[{"@type":"ListItem","position":1,"name":"Home","item":"https:\/\/booksfrommexico.com\/es\/"},{"@type":"ListItem","position":2,"name":"Libros","item":"https:\/\/booksfrommexico.com\/es\/libros\/"},{"@type":"ListItem","position":3,"name":"Vocabulario popular sinaloense: \u00a1Aya bonchi!"}]},{"@type":"WebSite","@id":"https:\/\/booksfrommexico.com\/#website","url":"https:\/\/booksfrommexico.com\/","name":"Books From Mexico","description":"","publisher":{"@id":"https:\/\/booksfrommexico.com\/#organization"},"potentialAction":[{"@type":"SearchAction","target":{"@type":"EntryPoint","urlTemplate":"https:\/\/booksfrommexico.com\/?s={search_term_string}"},"query-input":{"@type":"PropertyValueSpecification","valueRequired":true,"valueName":"search_term_string"}}],"inLanguage":"es"},{"@type":"Organization","@id":"https:\/\/booksfrommexico.com\/#organization","name":"Books From Mexico","url":"https:\/\/booksfrommexico.com\/","logo":{"@type":"ImageObject","inLanguage":"es","@id":"https:\/\/booksfrommexico.com\/#\/schema\/logo\/image\/","url":"https:\/\/booksfrommexico.com\/app\/uploads\/2023\/05\/logo-booksfrommexico.svg","contentUrl":"https:\/\/booksfrommexico.com\/app\/uploads\/2023\/05\/logo-booksfrommexico.svg","width":86,"height":56,"caption":"Books From Mexico"},"image":{"@id":"https:\/\/booksfrommexico.com\/#\/schema\/logo\/image\/"}}]}},"_links":{"self":[{"href":"https:\/\/booksfrommexico.com\/es\/wp-json\/wp\/v2\/product\/1008","targetHints":{"allow":["GET"]}}],"collection":[{"href":"https:\/\/booksfrommexico.com\/es\/wp-json\/wp\/v2\/product"}],"about":[{"href":"https:\/\/booksfrommexico.com\/es\/wp-json\/wp\/v2\/types\/product"}],"wp:featuredmedia":[{"embeddable":true,"href":"https:\/\/booksfrommexico.com\/es\/wp-json\/wp\/v2\/media\/1007"}],"wp:attachment":[{"href":"https:\/\/booksfrommexico.com\/es\/wp-json\/wp\/v2\/media?parent=1008"}],"wp:term":[{"taxonomy":"product_brand","embeddable":true,"href":"https:\/\/booksfrommexico.com\/es\/wp-json\/wp\/v2\/product_brand?post=1008"},{"taxonomy":"product_cat","embeddable":true,"href":"https:\/\/booksfrommexico.com\/es\/wp-json\/wp\/v2\/product_cat?post=1008"},{"taxonomy":"product_tag","embeddable":true,"href":"https:\/\/booksfrommexico.com\/es\/wp-json\/wp\/v2\/product_tag?post=1008"}],"curies":[{"name":"wp","href":"https:\/\/api.w.org\/{rel}","templated":true}]}}