{"id":101,"date":"2023-05-08T16:10:50","date_gmt":"2023-05-08T16:10:50","guid":{"rendered":"http:\/\/booksfrommexico.com\/product\/historia-minima-de-la-lengua-espanola\/"},"modified":"2023-12-07T00:00:38","modified_gmt":"2023-12-07T00:00:38","slug":"historia-minima-de-la-lengua-espanola","status":"publish","type":"product","link":"https:\/\/booksfrommexico.com\/es\/producto\/historia-minima-de-la-lengua-espanola\/","title":{"rendered":"Historia m\u00ednima de la lengua espa\u00f1ola"},"content":{"rendered":"<p id=\"tw-target-text\" class=\"tw-data-text tw-text-large tw-ta\" dir=\"ltr\" data-placeholder=\"Traducci\u00f3n\" data-ved=\"2ahUKEwje7Jv-sPuCAxWGLkQIHSSZDxwQ3ewLegQIBRAQ\"><span class=\"Y2IQFc\" lang=\"es\">Amplia historia de la lengua espa\u00f1ola desde sus or\u00edgenes latinos hasta finales del siglo XIX, con observaciones sobre el estado de la lengua en el siglo XX y en la actualidad. Destaca el papel de diversos pueblos en la formaci\u00f3n y evoluci\u00f3n de la lengua en Espa\u00f1a y Am\u00e9rica Latina, particularmente en M\u00e9xico, donde fue moldeada por pueblos ind\u00edgenas, africanos y mestizos. Ilustrado con fragmentos de textos de todas las \u00e9pocas, cientos de mapas y m\u00e1s de mil ilustraciones en el DVD que lo acompa\u00f1a.<\/span><\/p>\n","protected":false},"excerpt":{"rendered":"<p>Lara, Luis Fernando HISTORIA M\u00cdNIMA DE LA LENGUA ESPA\u00f1OLA. \/ Luis Fernando Lara M\u00e9xico, D.F.: El Colegio de M\u00e9xico, Centro de Estudios Ling\u00fc\u00edsticos y Literarios; El Colegio Nacional, 2013. 578 pages : plus CD-ROM. 21 cm Bibliography: pages 503-515. ISBN 9786074625035.<\/p>\n","protected":false},"featured_media":100,"template":"","meta":{"_acf_changed":false,"inline_featured_image":false},"product_brand":[],"product_cat":[169,1032],"product_tag":[3657,3821,3825],"class_list":{"0":"post-101","1":"product","2":"type-product","3":"status-publish","4":"has-post-thumbnail","6":"product_cat-lengua-y-linguistica","7":"product_cat-linguistica-espanola-lengua-y-linguistica","8":"product_tag-historia","9":"product_tag-literatura-hispanoamericana","10":"product_tag-periodos-literarios","12":"first","13":"outofstock","14":"taxable","15":"shipping-taxable","16":"purchasable","17":"product-type-simple"},"acf":[],"yoast_head":"<!-- This site is optimized with the Yoast SEO plugin v27.3 - https:\/\/yoast.com\/product\/yoast-seo-wordpress\/ -->\n<title>Historia m\u00ednima de la lengua espa\u00f1ola - Books From Mexico<\/title>\n<meta name=\"description\" content=\"HISTORIA M\u00cdNIMA DE LA LENGUA ESPA\u00d1OLA. \/ Luis Fernando Lara M\u00e9xico, D.F.: El Colegio de M\u00e9xico, El Colegio Nacional, 2013. ISBN 9786074625035.\" \/>\n<meta name=\"robots\" content=\"index, follow, max-snippet:-1, max-image-preview:large, max-video-preview:-1\" \/>\n<link rel=\"canonical\" href=\"https:\/\/booksfrommexico.com\/es\/producto\/historia-minima-de-la-lengua-espanola\/\" \/>\n<meta property=\"og:locale\" content=\"es_ES\" \/>\n<meta property=\"og:type\" content=\"article\" \/>\n<meta property=\"og:title\" content=\"Historia m\u00ednima de la lengua espa\u00f1ola - Books From Mexico\" \/>\n<meta property=\"og:description\" content=\"HISTORIA M\u00cdNIMA DE LA LENGUA ESPA\u00d1OLA. \/ Luis Fernando Lara M\u00e9xico, D.F.: El Colegio de M\u00e9xico, El Colegio Nacional, 2013. ISBN 9786074625035.\" \/>\n<meta property=\"og:url\" content=\"https:\/\/booksfrommexico.com\/es\/producto\/historia-minima-de-la-lengua-espanola\/\" \/>\n<meta property=\"og:site_name\" content=\"Books From Mexico\" \/>\n<meta property=\"article:modified_time\" content=\"2023-12-07T00:00:38+00:00\" \/>\n<meta property=\"og:image\" content=\"http:\/\/booksfrommexico.com\/app\/uploads\/2023\/05\/171564.jpeg\" \/>\n\t<meta property=\"og:image:width\" content=\"1024\" \/>\n\t<meta property=\"og:image:height\" content=\"1623\" \/>\n\t<meta property=\"og:image:type\" content=\"image\/jpeg\" \/>\n<meta name=\"twitter:card\" content=\"summary_large_image\" \/>\n<meta name=\"twitter:label1\" content=\"Tiempo de lectura\" \/>\n\t<meta name=\"twitter:data1\" content=\"1 minuto\" \/>\n<script type=\"application\/ld+json\" class=\"yoast-schema-graph\">{\"@context\":\"https:\\\/\\\/schema.org\",\"@graph\":[{\"@type\":\"WebPage\",\"@id\":\"https:\\\/\\\/booksfrommexico.com\\\/es\\\/producto\\\/historia-minima-de-la-lengua-espanola\\\/\",\"url\":\"https:\\\/\\\/booksfrommexico.com\\\/es\\\/producto\\\/historia-minima-de-la-lengua-espanola\\\/\",\"name\":\"Historia m\u00ednima de la lengua espa\u00f1ola - Books From Mexico\",\"isPartOf\":{\"@id\":\"https:\\\/\\\/booksfrommexico.com\\\/#website\"},\"primaryImageOfPage\":{\"@id\":\"https:\\\/\\\/booksfrommexico.com\\\/es\\\/producto\\\/historia-minima-de-la-lengua-espanola\\\/#primaryimage\"},\"image\":{\"@id\":\"https:\\\/\\\/booksfrommexico.com\\\/es\\\/producto\\\/historia-minima-de-la-lengua-espanola\\\/#primaryimage\"},\"thumbnailUrl\":\"https:\\\/\\\/booksfrommexico.com\\\/app\\\/uploads\\\/2023\\\/05\\\/171564.jpeg\",\"datePublished\":\"2023-05-08T16:10:50+00:00\",\"dateModified\":\"2023-12-07T00:00:38+00:00\",\"description\":\"HISTORIA M\u00cdNIMA DE LA LENGUA ESPA\u00d1OLA. \\\/ Luis Fernando Lara M\u00e9xico, D.F.: El Colegio de M\u00e9xico, El Colegio Nacional, 2013. ISBN 9786074625035.\",\"breadcrumb\":{\"@id\":\"https:\\\/\\\/booksfrommexico.com\\\/es\\\/producto\\\/historia-minima-de-la-lengua-espanola\\\/#breadcrumb\"},\"inLanguage\":\"es\",\"potentialAction\":[{\"@type\":\"ReadAction\",\"target\":[\"https:\\\/\\\/booksfrommexico.com\\\/es\\\/producto\\\/historia-minima-de-la-lengua-espanola\\\/\"]}]},{\"@type\":\"ImageObject\",\"inLanguage\":\"es\",\"@id\":\"https:\\\/\\\/booksfrommexico.com\\\/es\\\/producto\\\/historia-minima-de-la-lengua-espanola\\\/#primaryimage\",\"url\":\"https:\\\/\\\/booksfrommexico.com\\\/app\\\/uploads\\\/2023\\\/05\\\/171564.jpeg\",\"contentUrl\":\"https:\\\/\\\/booksfrommexico.com\\\/app\\\/uploads\\\/2023\\\/05\\\/171564.jpeg\",\"width\":1024,\"height\":1623},{\"@type\":\"BreadcrumbList\",\"@id\":\"https:\\\/\\\/booksfrommexico.com\\\/es\\\/producto\\\/historia-minima-de-la-lengua-espanola\\\/#breadcrumb\",\"itemListElement\":[{\"@type\":\"ListItem\",\"position\":1,\"name\":\"Home\",\"item\":\"https:\\\/\\\/booksfrommexico.com\\\/es\\\/\"},{\"@type\":\"ListItem\",\"position\":2,\"name\":\"Libros\",\"item\":\"https:\\\/\\\/booksfrommexico.com\\\/es\\\/libros\\\/\"},{\"@type\":\"ListItem\",\"position\":3,\"name\":\"Historia m\u00ednima de la lengua espa\u00f1ola\"}]},{\"@type\":\"WebSite\",\"@id\":\"https:\\\/\\\/booksfrommexico.com\\\/#website\",\"url\":\"https:\\\/\\\/booksfrommexico.com\\\/\",\"name\":\"Books From Mexico\",\"description\":\"\",\"publisher\":{\"@id\":\"https:\\\/\\\/booksfrommexico.com\\\/#organization\"},\"potentialAction\":[{\"@type\":\"SearchAction\",\"target\":{\"@type\":\"EntryPoint\",\"urlTemplate\":\"https:\\\/\\\/booksfrommexico.com\\\/?s={search_term_string}\"},\"query-input\":{\"@type\":\"PropertyValueSpecification\",\"valueRequired\":true,\"valueName\":\"search_term_string\"}}],\"inLanguage\":\"es\"},{\"@type\":\"Organization\",\"@id\":\"https:\\\/\\\/booksfrommexico.com\\\/#organization\",\"name\":\"Books From Mexico\",\"url\":\"https:\\\/\\\/booksfrommexico.com\\\/\",\"logo\":{\"@type\":\"ImageObject\",\"inLanguage\":\"es\",\"@id\":\"https:\\\/\\\/booksfrommexico.com\\\/#\\\/schema\\\/logo\\\/image\\\/\",\"url\":\"https:\\\/\\\/booksfrommexico.com\\\/app\\\/uploads\\\/2023\\\/05\\\/logo-booksfrommexico.svg\",\"contentUrl\":\"https:\\\/\\\/booksfrommexico.com\\\/app\\\/uploads\\\/2023\\\/05\\\/logo-booksfrommexico.svg\",\"width\":86,\"height\":56,\"caption\":\"Books From Mexico\"},\"image\":{\"@id\":\"https:\\\/\\\/booksfrommexico.com\\\/#\\\/schema\\\/logo\\\/image\\\/\"}}]}<\/script>\n<!-- \/ Yoast SEO plugin. -->","yoast_head_json":{"title":"Historia m\u00ednima de la lengua espa\u00f1ola - Books From Mexico","description":"HISTORIA M\u00cdNIMA DE LA LENGUA ESPA\u00d1OLA. \/ Luis Fernando Lara M\u00e9xico, D.F.: El Colegio de M\u00e9xico, El Colegio Nacional, 2013. ISBN 9786074625035.","robots":{"index":"index","follow":"follow","max-snippet":"max-snippet:-1","max-image-preview":"max-image-preview:large","max-video-preview":"max-video-preview:-1"},"canonical":"https:\/\/booksfrommexico.com\/es\/producto\/historia-minima-de-la-lengua-espanola\/","og_locale":"es_ES","og_type":"article","og_title":"Historia m\u00ednima de la lengua espa\u00f1ola - Books From Mexico","og_description":"HISTORIA M\u00cdNIMA DE LA LENGUA ESPA\u00d1OLA. \/ Luis Fernando Lara M\u00e9xico, D.F.: El Colegio de M\u00e9xico, El Colegio Nacional, 2013. ISBN 9786074625035.","og_url":"https:\/\/booksfrommexico.com\/es\/producto\/historia-minima-de-la-lengua-espanola\/","og_site_name":"Books From Mexico","article_modified_time":"2023-12-07T00:00:38+00:00","og_image":[{"width":1024,"height":1623,"url":"http:\/\/booksfrommexico.com\/app\/uploads\/2023\/05\/171564.jpeg","type":"image\/jpeg"}],"twitter_card":"summary_large_image","twitter_misc":{"Tiempo de lectura":"1 minuto"},"schema":{"@context":"https:\/\/schema.org","@graph":[{"@type":"WebPage","@id":"https:\/\/booksfrommexico.com\/es\/producto\/historia-minima-de-la-lengua-espanola\/","url":"https:\/\/booksfrommexico.com\/es\/producto\/historia-minima-de-la-lengua-espanola\/","name":"Historia m\u00ednima de la lengua espa\u00f1ola - Books From Mexico","isPartOf":{"@id":"https:\/\/booksfrommexico.com\/#website"},"primaryImageOfPage":{"@id":"https:\/\/booksfrommexico.com\/es\/producto\/historia-minima-de-la-lengua-espanola\/#primaryimage"},"image":{"@id":"https:\/\/booksfrommexico.com\/es\/producto\/historia-minima-de-la-lengua-espanola\/#primaryimage"},"thumbnailUrl":"https:\/\/booksfrommexico.com\/app\/uploads\/2023\/05\/171564.jpeg","datePublished":"2023-05-08T16:10:50+00:00","dateModified":"2023-12-07T00:00:38+00:00","description":"HISTORIA M\u00cdNIMA DE LA LENGUA ESPA\u00d1OLA. \/ Luis Fernando Lara M\u00e9xico, D.F.: El Colegio de M\u00e9xico, El Colegio Nacional, 2013. ISBN 9786074625035.","breadcrumb":{"@id":"https:\/\/booksfrommexico.com\/es\/producto\/historia-minima-de-la-lengua-espanola\/#breadcrumb"},"inLanguage":"es","potentialAction":[{"@type":"ReadAction","target":["https:\/\/booksfrommexico.com\/es\/producto\/historia-minima-de-la-lengua-espanola\/"]}]},{"@type":"ImageObject","inLanguage":"es","@id":"https:\/\/booksfrommexico.com\/es\/producto\/historia-minima-de-la-lengua-espanola\/#primaryimage","url":"https:\/\/booksfrommexico.com\/app\/uploads\/2023\/05\/171564.jpeg","contentUrl":"https:\/\/booksfrommexico.com\/app\/uploads\/2023\/05\/171564.jpeg","width":1024,"height":1623},{"@type":"BreadcrumbList","@id":"https:\/\/booksfrommexico.com\/es\/producto\/historia-minima-de-la-lengua-espanola\/#breadcrumb","itemListElement":[{"@type":"ListItem","position":1,"name":"Home","item":"https:\/\/booksfrommexico.com\/es\/"},{"@type":"ListItem","position":2,"name":"Libros","item":"https:\/\/booksfrommexico.com\/es\/libros\/"},{"@type":"ListItem","position":3,"name":"Historia m\u00ednima de la lengua espa\u00f1ola"}]},{"@type":"WebSite","@id":"https:\/\/booksfrommexico.com\/#website","url":"https:\/\/booksfrommexico.com\/","name":"Books From Mexico","description":"","publisher":{"@id":"https:\/\/booksfrommexico.com\/#organization"},"potentialAction":[{"@type":"SearchAction","target":{"@type":"EntryPoint","urlTemplate":"https:\/\/booksfrommexico.com\/?s={search_term_string}"},"query-input":{"@type":"PropertyValueSpecification","valueRequired":true,"valueName":"search_term_string"}}],"inLanguage":"es"},{"@type":"Organization","@id":"https:\/\/booksfrommexico.com\/#organization","name":"Books From Mexico","url":"https:\/\/booksfrommexico.com\/","logo":{"@type":"ImageObject","inLanguage":"es","@id":"https:\/\/booksfrommexico.com\/#\/schema\/logo\/image\/","url":"https:\/\/booksfrommexico.com\/app\/uploads\/2023\/05\/logo-booksfrommexico.svg","contentUrl":"https:\/\/booksfrommexico.com\/app\/uploads\/2023\/05\/logo-booksfrommexico.svg","width":86,"height":56,"caption":"Books From Mexico"},"image":{"@id":"https:\/\/booksfrommexico.com\/#\/schema\/logo\/image\/"}}]}},"_links":{"self":[{"href":"https:\/\/booksfrommexico.com\/es\/wp-json\/wp\/v2\/product\/101","targetHints":{"allow":["GET"]}}],"collection":[{"href":"https:\/\/booksfrommexico.com\/es\/wp-json\/wp\/v2\/product"}],"about":[{"href":"https:\/\/booksfrommexico.com\/es\/wp-json\/wp\/v2\/types\/product"}],"wp:featuredmedia":[{"embeddable":true,"href":"https:\/\/booksfrommexico.com\/es\/wp-json\/wp\/v2\/media\/100"}],"wp:attachment":[{"href":"https:\/\/booksfrommexico.com\/es\/wp-json\/wp\/v2\/media?parent=101"}],"wp:term":[{"taxonomy":"product_brand","embeddable":true,"href":"https:\/\/booksfrommexico.com\/es\/wp-json\/wp\/v2\/product_brand?post=101"},{"taxonomy":"product_cat","embeddable":true,"href":"https:\/\/booksfrommexico.com\/es\/wp-json\/wp\/v2\/product_cat?post=101"},{"taxonomy":"product_tag","embeddable":true,"href":"https:\/\/booksfrommexico.com\/es\/wp-json\/wp\/v2\/product_tag?post=101"}],"curies":[{"name":"wp","href":"https:\/\/api.w.org\/{rel}","templated":true}]}}