{"id":1010,"date":"2023-05-08T17:09:45","date_gmt":"2023-05-08T17:09:45","guid":{"rendered":"http:\/\/booksfrommexico.com\/product\/sobre-lowry\/"},"modified":"2024-04-29T23:29:06","modified_gmt":"2024-04-29T23:29:06","slug":"sobre-lowry","status":"publish","type":"product","link":"https:\/\/booksfrommexico.com\/es\/producto\/sobre-lowry\/","title":{"rendered":"Sobre Lowry"},"content":{"rendered":"<p><span style=\"font-weight: 400;\">Recopilaci\u00f3n de textos anal\u00edticos y reflexivos alrededor del trabajo de Malcolm Lowry, novelista, poeta y cuentista ingl\u00e9s, que ha sido fundamentalmente valorado por escribir una de las mayores novelas de lengua inglesa del siglo XX. <\/span><i><span style=\"font-weight: 400;\">Bajo el volc\u00e1n <\/span><\/i><span style=\"font-weight: 400;\">fue la novela que le dio a Lowry su lugar en la historia de la literatura, para la cual encontr\u00f3 inspiraci\u00f3n durante su tiempo viviendo en Cuernavaca. Los textos que aqu\u00ed se presentan, fueron escritos por 25 autores, tienen una amplia diversidad de enfoques, temas tratados y formas literarias. Siendo parte de La Cartonera, este ejemplar es el n\u00famero 63 de un tiraje de 160, contando con un encuadernado artesanal y una portada \u00fanica pintada a mano.<\/span><\/p>\n","protected":false},"excerpt":{"rendered":"<p>SOBRE LOWRY<span style=\"font-weight: 400;\">. \/ Varios. Cuernavaca, Morelos, M\u00e9xico : La Cartonera, 2012. 194 pages : includes photo, semblances, bibliography ; 23 cm.<\/span><\/p>\n<p><br style=\"font-weight: 400;\" \/><br style=\"font-weight: 400;\" \/><\/p>\n","protected":false},"featured_media":1009,"template":"","meta":{"_acf_changed":false,"inline_featured_image":false},"product_brand":[],"product_cat":[26,25],"product_tag":[4193,3707],"class_list":{"0":"post-1010","1":"product","2":"type-product","3":"status-publish","4":"has-post-thumbnail","6":"product_cat-ensayo-literatura","7":"product_cat-literatura","8":"product_tag-cartonera-es","9":"product_tag-critica-e-interpretacion","11":"first","12":"instock","13":"taxable","14":"shipping-taxable","15":"purchasable","16":"product-type-simple"},"acf":[],"yoast_head":"<!-- This site is optimized with the Yoast SEO plugin v27.3 - https:\/\/yoast.com\/product\/yoast-seo-wordpress\/ -->\n<title>Sobre Lowry<\/title>\n<meta name=\"description\" content=\"SOBRE LOWRY. \/ Varios. Cuernavaca, Morelos, M\u00e9xico : La Cartonera, 2012. 194 pages : includes photo, semblances, bibliography ; 23 cm.\" \/>\n<meta name=\"robots\" content=\"index, follow, max-snippet:-1, max-image-preview:large, max-video-preview:-1\" \/>\n<link rel=\"canonical\" href=\"https:\/\/booksfrommexico.com\/es\/producto\/sobre-lowry\/\" \/>\n<meta property=\"og:locale\" content=\"es_ES\" \/>\n<meta property=\"og:type\" content=\"article\" \/>\n<meta property=\"og:title\" content=\"Sobre Lowry\" \/>\n<meta property=\"og:description\" content=\"SOBRE LOWRY. \/ Varios. Cuernavaca, Morelos, M\u00e9xico : La Cartonera, 2012. 194 pages : includes photo, semblances, bibliography ; 23 cm.\" \/>\n<meta property=\"og:url\" content=\"https:\/\/booksfrommexico.com\/es\/producto\/sobre-lowry\/\" \/>\n<meta property=\"og:site_name\" content=\"Books From Mexico\" \/>\n<meta property=\"article:modified_time\" content=\"2024-04-29T23:29:06+00:00\" \/>\n<meta property=\"og:image\" content=\"http:\/\/booksfrommexico.com\/app\/uploads\/2023\/05\/169500.jpeg\" \/>\n\t<meta property=\"og:image:width\" content=\"423\" \/>\n\t<meta property=\"og:image:height\" content=\"643\" \/>\n\t<meta property=\"og:image:type\" content=\"image\/jpeg\" \/>\n<meta name=\"twitter:card\" content=\"summary_large_image\" \/>\n<meta name=\"twitter:label1\" content=\"Tiempo de lectura\" \/>\n\t<meta name=\"twitter:data1\" content=\"1 minuto\" \/>\n<script type=\"application\/ld+json\" class=\"yoast-schema-graph\">{\"@context\":\"https:\\\/\\\/schema.org\",\"@graph\":[{\"@type\":\"WebPage\",\"@id\":\"https:\\\/\\\/booksfrommexico.com\\\/es\\\/producto\\\/sobre-lowry\\\/\",\"url\":\"https:\\\/\\\/booksfrommexico.com\\\/es\\\/producto\\\/sobre-lowry\\\/\",\"name\":\"Sobre Lowry\",\"isPartOf\":{\"@id\":\"https:\\\/\\\/booksfrommexico.com\\\/#website\"},\"primaryImageOfPage\":{\"@id\":\"https:\\\/\\\/booksfrommexico.com\\\/es\\\/producto\\\/sobre-lowry\\\/#primaryimage\"},\"image\":{\"@id\":\"https:\\\/\\\/booksfrommexico.com\\\/es\\\/producto\\\/sobre-lowry\\\/#primaryimage\"},\"thumbnailUrl\":\"https:\\\/\\\/booksfrommexico.com\\\/app\\\/uploads\\\/2023\\\/05\\\/169500.jpeg\",\"datePublished\":\"2023-05-08T17:09:45+00:00\",\"dateModified\":\"2024-04-29T23:29:06+00:00\",\"description\":\"SOBRE LOWRY. \\\/ Varios. Cuernavaca, Morelos, M\u00e9xico : La Cartonera, 2012. 194 pages : includes photo, semblances, bibliography ; 23 cm.\",\"breadcrumb\":{\"@id\":\"https:\\\/\\\/booksfrommexico.com\\\/es\\\/producto\\\/sobre-lowry\\\/#breadcrumb\"},\"inLanguage\":\"es\",\"potentialAction\":[{\"@type\":\"ReadAction\",\"target\":[\"https:\\\/\\\/booksfrommexico.com\\\/es\\\/producto\\\/sobre-lowry\\\/\"]}]},{\"@type\":\"ImageObject\",\"inLanguage\":\"es\",\"@id\":\"https:\\\/\\\/booksfrommexico.com\\\/es\\\/producto\\\/sobre-lowry\\\/#primaryimage\",\"url\":\"https:\\\/\\\/booksfrommexico.com\\\/app\\\/uploads\\\/2023\\\/05\\\/169500.jpeg\",\"contentUrl\":\"https:\\\/\\\/booksfrommexico.com\\\/app\\\/uploads\\\/2023\\\/05\\\/169500.jpeg\",\"width\":423,\"height\":643,\"caption\":\"Sobre Lowry por Alberto Rebollo. Books From M\u00e9xico\"},{\"@type\":\"BreadcrumbList\",\"@id\":\"https:\\\/\\\/booksfrommexico.com\\\/es\\\/producto\\\/sobre-lowry\\\/#breadcrumb\",\"itemListElement\":[{\"@type\":\"ListItem\",\"position\":1,\"name\":\"Home\",\"item\":\"https:\\\/\\\/booksfrommexico.com\\\/es\\\/\"},{\"@type\":\"ListItem\",\"position\":2,\"name\":\"Libros\",\"item\":\"https:\\\/\\\/booksfrommexico.com\\\/es\\\/libros\\\/\"},{\"@type\":\"ListItem\",\"position\":3,\"name\":\"Sobre Lowry\"}]},{\"@type\":\"WebSite\",\"@id\":\"https:\\\/\\\/booksfrommexico.com\\\/#website\",\"url\":\"https:\\\/\\\/booksfrommexico.com\\\/\",\"name\":\"Books From Mexico\",\"description\":\"\",\"publisher\":{\"@id\":\"https:\\\/\\\/booksfrommexico.com\\\/#organization\"},\"potentialAction\":[{\"@type\":\"SearchAction\",\"target\":{\"@type\":\"EntryPoint\",\"urlTemplate\":\"https:\\\/\\\/booksfrommexico.com\\\/?s={search_term_string}\"},\"query-input\":{\"@type\":\"PropertyValueSpecification\",\"valueRequired\":true,\"valueName\":\"search_term_string\"}}],\"inLanguage\":\"es\"},{\"@type\":\"Organization\",\"@id\":\"https:\\\/\\\/booksfrommexico.com\\\/#organization\",\"name\":\"Books From Mexico\",\"url\":\"https:\\\/\\\/booksfrommexico.com\\\/\",\"logo\":{\"@type\":\"ImageObject\",\"inLanguage\":\"es\",\"@id\":\"https:\\\/\\\/booksfrommexico.com\\\/#\\\/schema\\\/logo\\\/image\\\/\",\"url\":\"https:\\\/\\\/booksfrommexico.com\\\/app\\\/uploads\\\/2023\\\/05\\\/logo-booksfrommexico.svg\",\"contentUrl\":\"https:\\\/\\\/booksfrommexico.com\\\/app\\\/uploads\\\/2023\\\/05\\\/logo-booksfrommexico.svg\",\"width\":86,\"height\":56,\"caption\":\"Books From Mexico\"},\"image\":{\"@id\":\"https:\\\/\\\/booksfrommexico.com\\\/#\\\/schema\\\/logo\\\/image\\\/\"}}]}<\/script>\n<!-- \/ Yoast SEO plugin. -->","yoast_head_json":{"title":"Sobre Lowry","description":"SOBRE LOWRY. \/ Varios. Cuernavaca, Morelos, M\u00e9xico : La Cartonera, 2012. 194 pages : includes photo, semblances, bibliography ; 23 cm.","robots":{"index":"index","follow":"follow","max-snippet":"max-snippet:-1","max-image-preview":"max-image-preview:large","max-video-preview":"max-video-preview:-1"},"canonical":"https:\/\/booksfrommexico.com\/es\/producto\/sobre-lowry\/","og_locale":"es_ES","og_type":"article","og_title":"Sobre Lowry","og_description":"SOBRE LOWRY. \/ Varios. Cuernavaca, Morelos, M\u00e9xico : La Cartonera, 2012. 194 pages : includes photo, semblances, bibliography ; 23 cm.","og_url":"https:\/\/booksfrommexico.com\/es\/producto\/sobre-lowry\/","og_site_name":"Books From Mexico","article_modified_time":"2024-04-29T23:29:06+00:00","og_image":[{"width":423,"height":643,"url":"http:\/\/booksfrommexico.com\/app\/uploads\/2023\/05\/169500.jpeg","type":"image\/jpeg"}],"twitter_card":"summary_large_image","twitter_misc":{"Tiempo de lectura":"1 minuto"},"schema":{"@context":"https:\/\/schema.org","@graph":[{"@type":"WebPage","@id":"https:\/\/booksfrommexico.com\/es\/producto\/sobre-lowry\/","url":"https:\/\/booksfrommexico.com\/es\/producto\/sobre-lowry\/","name":"Sobre Lowry","isPartOf":{"@id":"https:\/\/booksfrommexico.com\/#website"},"primaryImageOfPage":{"@id":"https:\/\/booksfrommexico.com\/es\/producto\/sobre-lowry\/#primaryimage"},"image":{"@id":"https:\/\/booksfrommexico.com\/es\/producto\/sobre-lowry\/#primaryimage"},"thumbnailUrl":"https:\/\/booksfrommexico.com\/app\/uploads\/2023\/05\/169500.jpeg","datePublished":"2023-05-08T17:09:45+00:00","dateModified":"2024-04-29T23:29:06+00:00","description":"SOBRE LOWRY. \/ Varios. Cuernavaca, Morelos, M\u00e9xico : La Cartonera, 2012. 194 pages : includes photo, semblances, bibliography ; 23 cm.","breadcrumb":{"@id":"https:\/\/booksfrommexico.com\/es\/producto\/sobre-lowry\/#breadcrumb"},"inLanguage":"es","potentialAction":[{"@type":"ReadAction","target":["https:\/\/booksfrommexico.com\/es\/producto\/sobre-lowry\/"]}]},{"@type":"ImageObject","inLanguage":"es","@id":"https:\/\/booksfrommexico.com\/es\/producto\/sobre-lowry\/#primaryimage","url":"https:\/\/booksfrommexico.com\/app\/uploads\/2023\/05\/169500.jpeg","contentUrl":"https:\/\/booksfrommexico.com\/app\/uploads\/2023\/05\/169500.jpeg","width":423,"height":643,"caption":"Sobre Lowry por Alberto Rebollo. Books From M\u00e9xico"},{"@type":"BreadcrumbList","@id":"https:\/\/booksfrommexico.com\/es\/producto\/sobre-lowry\/#breadcrumb","itemListElement":[{"@type":"ListItem","position":1,"name":"Home","item":"https:\/\/booksfrommexico.com\/es\/"},{"@type":"ListItem","position":2,"name":"Libros","item":"https:\/\/booksfrommexico.com\/es\/libros\/"},{"@type":"ListItem","position":3,"name":"Sobre Lowry"}]},{"@type":"WebSite","@id":"https:\/\/booksfrommexico.com\/#website","url":"https:\/\/booksfrommexico.com\/","name":"Books From Mexico","description":"","publisher":{"@id":"https:\/\/booksfrommexico.com\/#organization"},"potentialAction":[{"@type":"SearchAction","target":{"@type":"EntryPoint","urlTemplate":"https:\/\/booksfrommexico.com\/?s={search_term_string}"},"query-input":{"@type":"PropertyValueSpecification","valueRequired":true,"valueName":"search_term_string"}}],"inLanguage":"es"},{"@type":"Organization","@id":"https:\/\/booksfrommexico.com\/#organization","name":"Books From Mexico","url":"https:\/\/booksfrommexico.com\/","logo":{"@type":"ImageObject","inLanguage":"es","@id":"https:\/\/booksfrommexico.com\/#\/schema\/logo\/image\/","url":"https:\/\/booksfrommexico.com\/app\/uploads\/2023\/05\/logo-booksfrommexico.svg","contentUrl":"https:\/\/booksfrommexico.com\/app\/uploads\/2023\/05\/logo-booksfrommexico.svg","width":86,"height":56,"caption":"Books From Mexico"},"image":{"@id":"https:\/\/booksfrommexico.com\/#\/schema\/logo\/image\/"}}]}},"_links":{"self":[{"href":"https:\/\/booksfrommexico.com\/es\/wp-json\/wp\/v2\/product\/1010","targetHints":{"allow":["GET"]}}],"collection":[{"href":"https:\/\/booksfrommexico.com\/es\/wp-json\/wp\/v2\/product"}],"about":[{"href":"https:\/\/booksfrommexico.com\/es\/wp-json\/wp\/v2\/types\/product"}],"wp:featuredmedia":[{"embeddable":true,"href":"https:\/\/booksfrommexico.com\/es\/wp-json\/wp\/v2\/media\/1009"}],"wp:attachment":[{"href":"https:\/\/booksfrommexico.com\/es\/wp-json\/wp\/v2\/media?parent=1010"}],"wp:term":[{"taxonomy":"product_brand","embeddable":true,"href":"https:\/\/booksfrommexico.com\/es\/wp-json\/wp\/v2\/product_brand?post=1010"},{"taxonomy":"product_cat","embeddable":true,"href":"https:\/\/booksfrommexico.com\/es\/wp-json\/wp\/v2\/product_cat?post=1010"},{"taxonomy":"product_tag","embeddable":true,"href":"https:\/\/booksfrommexico.com\/es\/wp-json\/wp\/v2\/product_tag?post=1010"}],"curies":[{"name":"wp","href":"https:\/\/api.w.org\/{rel}","templated":true}]}}