{"id":1012,"date":"2023-05-08T17:09:47","date_gmt":"2023-05-08T17:09:47","guid":{"rendered":"http:\/\/booksfrommexico.com\/product\/y-zapata-siguio-cabalgando\/"},"modified":"2024-05-27T19:38:03","modified_gmt":"2024-05-27T19:38:03","slug":"y-zapata-siguio-cabalgando","status":"publish","type":"product","link":"https:\/\/booksfrommexico.com\/es\/producto\/y-zapata-siguio-cabalgando\/","title":{"rendered":"&#8230;y Zapata sigui\u00f3 cabalgando"},"content":{"rendered":"<p><span style=\"font-weight: 400;\">Breve narraci\u00f3n del autor donde expone la realidad actual de Cuernavaca, al tiempo que la contrasta con los tiempos de la Revoluci\u00f3n mexicana, cuando su abuelo era zapatista y luchaba al lado del caudillo del Sur. Es a trav\u00e9s de estas p\u00e1ginas que se retrata una perspectiva \u00fanica y de primera mano de Emiliano Zapata, al tiempo que cuenta la historia de la ciudad de Cuernavaca y quienes pelearon por ella, bajo los ideales de su l\u00edder. Siendo parte de La Cartonera, este ejemplar es el n\u00famero 30 de un tiraje de 35, contando con un encuadernado artesanal y una portada \u00fanica pintada a mano.<\/span><\/p>\n","protected":false},"excerpt":{"rendered":"<p>&#8230;Y ZAPATA SIGUE CABALGANDO<span style=\"font-weight: 400;\">. \/ V\u00edctor Hugo S\u00e1nchez Res\u00e9ndiz. Cuernavaca, Morelos, M\u00e9xico : La Cartonera, 2012. 17 pages ; 23 cm. <\/span><\/p>\n","protected":false},"featured_media":1011,"template":"","meta":{"_acf_changed":false,"inline_featured_image":false},"product_brand":[],"product_cat":[37,25],"product_tag":[4193,3769,4092],"class_list":{"0":"post-1012","1":"product","2":"type-product","3":"status-publish","4":"has-post-thumbnail","6":"product_cat-cuento-literatura","7":"product_cat-literatura","8":"product_tag-cartonera-es","9":"product_tag-obras-ilustradas","10":"product_tag-revolucion-mexicana","12":"first","13":"instock","14":"taxable","15":"shipping-taxable","16":"purchasable","17":"product-type-simple"},"acf":[],"yoast_head":"<!-- This site is optimized with the Yoast SEO plugin v27.3 - https:\/\/yoast.com\/product\/yoast-seo-wordpress\/ -->\n<title>...y Zapata sigui\u00f3 cabalgando<\/title>\n<meta name=\"description\" content=\"...Y ZAPATA SIGUE CABALGANDO. \/ V\u00edctor Hugo S\u00e1nchez Res\u00e9ndiz. Cuernavaca, Morelos, M\u00e9xico : La Cartonera, 2012. 17 pages ; 23 cm.\" \/>\n<meta name=\"robots\" content=\"index, follow, max-snippet:-1, max-image-preview:large, max-video-preview:-1\" \/>\n<link rel=\"canonical\" href=\"https:\/\/booksfrommexico.com\/es\/producto\/y-zapata-siguio-cabalgando\/\" \/>\n<meta property=\"og:locale\" content=\"es_ES\" \/>\n<meta property=\"og:type\" content=\"article\" \/>\n<meta property=\"og:title\" content=\"...y Zapata sigui\u00f3 cabalgando\" \/>\n<meta property=\"og:description\" content=\"...Y ZAPATA SIGUE CABALGANDO. \/ V\u00edctor Hugo S\u00e1nchez Res\u00e9ndiz. Cuernavaca, Morelos, M\u00e9xico : La Cartonera, 2012. 17 pages ; 23 cm.\" \/>\n<meta property=\"og:url\" content=\"https:\/\/booksfrommexico.com\/es\/producto\/y-zapata-siguio-cabalgando\/\" \/>\n<meta property=\"og:site_name\" content=\"Books From Mexico\" \/>\n<meta property=\"article:modified_time\" content=\"2024-05-27T19:38:03+00:00\" \/>\n<meta property=\"og:image\" content=\"http:\/\/booksfrommexico.com\/app\/uploads\/2023\/05\/169503.jpeg\" \/>\n\t<meta property=\"og:image:width\" content=\"437\" \/>\n\t<meta property=\"og:image:height\" content=\"660\" \/>\n\t<meta property=\"og:image:type\" content=\"image\/jpeg\" \/>\n<meta name=\"twitter:card\" content=\"summary_large_image\" \/>\n<meta name=\"twitter:label1\" content=\"Tiempo de lectura\" \/>\n\t<meta name=\"twitter:data1\" content=\"1 minuto\" \/>\n<script type=\"application\/ld+json\" class=\"yoast-schema-graph\">{\"@context\":\"https:\\\/\\\/schema.org\",\"@graph\":[{\"@type\":\"WebPage\",\"@id\":\"https:\\\/\\\/booksfrommexico.com\\\/es\\\/producto\\\/y-zapata-siguio-cabalgando\\\/\",\"url\":\"https:\\\/\\\/booksfrommexico.com\\\/es\\\/producto\\\/y-zapata-siguio-cabalgando\\\/\",\"name\":\"...y Zapata sigui\u00f3 cabalgando\",\"isPartOf\":{\"@id\":\"https:\\\/\\\/booksfrommexico.com\\\/#website\"},\"primaryImageOfPage\":{\"@id\":\"https:\\\/\\\/booksfrommexico.com\\\/es\\\/producto\\\/y-zapata-siguio-cabalgando\\\/#primaryimage\"},\"image\":{\"@id\":\"https:\\\/\\\/booksfrommexico.com\\\/es\\\/producto\\\/y-zapata-siguio-cabalgando\\\/#primaryimage\"},\"thumbnailUrl\":\"https:\\\/\\\/booksfrommexico.com\\\/app\\\/uploads\\\/2023\\\/05\\\/169503.jpeg\",\"datePublished\":\"2023-05-08T17:09:47+00:00\",\"dateModified\":\"2024-05-27T19:38:03+00:00\",\"description\":\"...Y ZAPATA SIGUE CABALGANDO. \\\/ V\u00edctor Hugo S\u00e1nchez Res\u00e9ndiz. Cuernavaca, Morelos, M\u00e9xico : La Cartonera, 2012. 17 pages ; 23 cm.\",\"breadcrumb\":{\"@id\":\"https:\\\/\\\/booksfrommexico.com\\\/es\\\/producto\\\/y-zapata-siguio-cabalgando\\\/#breadcrumb\"},\"inLanguage\":\"es\",\"potentialAction\":[{\"@type\":\"ReadAction\",\"target\":[\"https:\\\/\\\/booksfrommexico.com\\\/es\\\/producto\\\/y-zapata-siguio-cabalgando\\\/\"]}]},{\"@type\":\"ImageObject\",\"inLanguage\":\"es\",\"@id\":\"https:\\\/\\\/booksfrommexico.com\\\/es\\\/producto\\\/y-zapata-siguio-cabalgando\\\/#primaryimage\",\"url\":\"https:\\\/\\\/booksfrommexico.com\\\/app\\\/uploads\\\/2023\\\/05\\\/169503.jpeg\",\"contentUrl\":\"https:\\\/\\\/booksfrommexico.com\\\/app\\\/uploads\\\/2023\\\/05\\\/169503.jpeg\",\"width\":437,\"height\":660,\"caption\":\"...y Zapata sigui\u00f3 cabalgando. Books From M\u00e9xico\"},{\"@type\":\"BreadcrumbList\",\"@id\":\"https:\\\/\\\/booksfrommexico.com\\\/es\\\/producto\\\/y-zapata-siguio-cabalgando\\\/#breadcrumb\",\"itemListElement\":[{\"@type\":\"ListItem\",\"position\":1,\"name\":\"Home\",\"item\":\"https:\\\/\\\/booksfrommexico.com\\\/es\\\/\"},{\"@type\":\"ListItem\",\"position\":2,\"name\":\"Libros\",\"item\":\"https:\\\/\\\/booksfrommexico.com\\\/es\\\/libros\\\/\"},{\"@type\":\"ListItem\",\"position\":3,\"name\":\"&#8230;y Zapata sigui\u00f3 cabalgando\"}]},{\"@type\":\"WebSite\",\"@id\":\"https:\\\/\\\/booksfrommexico.com\\\/#website\",\"url\":\"https:\\\/\\\/booksfrommexico.com\\\/\",\"name\":\"Books From Mexico\",\"description\":\"\",\"publisher\":{\"@id\":\"https:\\\/\\\/booksfrommexico.com\\\/#organization\"},\"potentialAction\":[{\"@type\":\"SearchAction\",\"target\":{\"@type\":\"EntryPoint\",\"urlTemplate\":\"https:\\\/\\\/booksfrommexico.com\\\/?s={search_term_string}\"},\"query-input\":{\"@type\":\"PropertyValueSpecification\",\"valueRequired\":true,\"valueName\":\"search_term_string\"}}],\"inLanguage\":\"es\"},{\"@type\":\"Organization\",\"@id\":\"https:\\\/\\\/booksfrommexico.com\\\/#organization\",\"name\":\"Books From Mexico\",\"url\":\"https:\\\/\\\/booksfrommexico.com\\\/\",\"logo\":{\"@type\":\"ImageObject\",\"inLanguage\":\"es\",\"@id\":\"https:\\\/\\\/booksfrommexico.com\\\/#\\\/schema\\\/logo\\\/image\\\/\",\"url\":\"https:\\\/\\\/booksfrommexico.com\\\/app\\\/uploads\\\/2023\\\/05\\\/logo-booksfrommexico.svg\",\"contentUrl\":\"https:\\\/\\\/booksfrommexico.com\\\/app\\\/uploads\\\/2023\\\/05\\\/logo-booksfrommexico.svg\",\"width\":86,\"height\":56,\"caption\":\"Books From Mexico\"},\"image\":{\"@id\":\"https:\\\/\\\/booksfrommexico.com\\\/#\\\/schema\\\/logo\\\/image\\\/\"}}]}<\/script>\n<!-- \/ Yoast SEO plugin. -->","yoast_head_json":{"title":"...y Zapata sigui\u00f3 cabalgando","description":"...Y ZAPATA SIGUE CABALGANDO. \/ V\u00edctor Hugo S\u00e1nchez Res\u00e9ndiz. Cuernavaca, Morelos, M\u00e9xico : La Cartonera, 2012. 17 pages ; 23 cm.","robots":{"index":"index","follow":"follow","max-snippet":"max-snippet:-1","max-image-preview":"max-image-preview:large","max-video-preview":"max-video-preview:-1"},"canonical":"https:\/\/booksfrommexico.com\/es\/producto\/y-zapata-siguio-cabalgando\/","og_locale":"es_ES","og_type":"article","og_title":"...y Zapata sigui\u00f3 cabalgando","og_description":"...Y ZAPATA SIGUE CABALGANDO. \/ V\u00edctor Hugo S\u00e1nchez Res\u00e9ndiz. Cuernavaca, Morelos, M\u00e9xico : La Cartonera, 2012. 17 pages ; 23 cm.","og_url":"https:\/\/booksfrommexico.com\/es\/producto\/y-zapata-siguio-cabalgando\/","og_site_name":"Books From Mexico","article_modified_time":"2024-05-27T19:38:03+00:00","og_image":[{"width":437,"height":660,"url":"http:\/\/booksfrommexico.com\/app\/uploads\/2023\/05\/169503.jpeg","type":"image\/jpeg"}],"twitter_card":"summary_large_image","twitter_misc":{"Tiempo de lectura":"1 minuto"},"schema":{"@context":"https:\/\/schema.org","@graph":[{"@type":"WebPage","@id":"https:\/\/booksfrommexico.com\/es\/producto\/y-zapata-siguio-cabalgando\/","url":"https:\/\/booksfrommexico.com\/es\/producto\/y-zapata-siguio-cabalgando\/","name":"...y Zapata sigui\u00f3 cabalgando","isPartOf":{"@id":"https:\/\/booksfrommexico.com\/#website"},"primaryImageOfPage":{"@id":"https:\/\/booksfrommexico.com\/es\/producto\/y-zapata-siguio-cabalgando\/#primaryimage"},"image":{"@id":"https:\/\/booksfrommexico.com\/es\/producto\/y-zapata-siguio-cabalgando\/#primaryimage"},"thumbnailUrl":"https:\/\/booksfrommexico.com\/app\/uploads\/2023\/05\/169503.jpeg","datePublished":"2023-05-08T17:09:47+00:00","dateModified":"2024-05-27T19:38:03+00:00","description":"...Y ZAPATA SIGUE CABALGANDO. \/ V\u00edctor Hugo S\u00e1nchez Res\u00e9ndiz. Cuernavaca, Morelos, M\u00e9xico : La Cartonera, 2012. 17 pages ; 23 cm.","breadcrumb":{"@id":"https:\/\/booksfrommexico.com\/es\/producto\/y-zapata-siguio-cabalgando\/#breadcrumb"},"inLanguage":"es","potentialAction":[{"@type":"ReadAction","target":["https:\/\/booksfrommexico.com\/es\/producto\/y-zapata-siguio-cabalgando\/"]}]},{"@type":"ImageObject","inLanguage":"es","@id":"https:\/\/booksfrommexico.com\/es\/producto\/y-zapata-siguio-cabalgando\/#primaryimage","url":"https:\/\/booksfrommexico.com\/app\/uploads\/2023\/05\/169503.jpeg","contentUrl":"https:\/\/booksfrommexico.com\/app\/uploads\/2023\/05\/169503.jpeg","width":437,"height":660,"caption":"...y Zapata sigui\u00f3 cabalgando. Books From M\u00e9xico"},{"@type":"BreadcrumbList","@id":"https:\/\/booksfrommexico.com\/es\/producto\/y-zapata-siguio-cabalgando\/#breadcrumb","itemListElement":[{"@type":"ListItem","position":1,"name":"Home","item":"https:\/\/booksfrommexico.com\/es\/"},{"@type":"ListItem","position":2,"name":"Libros","item":"https:\/\/booksfrommexico.com\/es\/libros\/"},{"@type":"ListItem","position":3,"name":"&#8230;y Zapata sigui\u00f3 cabalgando"}]},{"@type":"WebSite","@id":"https:\/\/booksfrommexico.com\/#website","url":"https:\/\/booksfrommexico.com\/","name":"Books From Mexico","description":"","publisher":{"@id":"https:\/\/booksfrommexico.com\/#organization"},"potentialAction":[{"@type":"SearchAction","target":{"@type":"EntryPoint","urlTemplate":"https:\/\/booksfrommexico.com\/?s={search_term_string}"},"query-input":{"@type":"PropertyValueSpecification","valueRequired":true,"valueName":"search_term_string"}}],"inLanguage":"es"},{"@type":"Organization","@id":"https:\/\/booksfrommexico.com\/#organization","name":"Books From Mexico","url":"https:\/\/booksfrommexico.com\/","logo":{"@type":"ImageObject","inLanguage":"es","@id":"https:\/\/booksfrommexico.com\/#\/schema\/logo\/image\/","url":"https:\/\/booksfrommexico.com\/app\/uploads\/2023\/05\/logo-booksfrommexico.svg","contentUrl":"https:\/\/booksfrommexico.com\/app\/uploads\/2023\/05\/logo-booksfrommexico.svg","width":86,"height":56,"caption":"Books From Mexico"},"image":{"@id":"https:\/\/booksfrommexico.com\/#\/schema\/logo\/image\/"}}]}},"_links":{"self":[{"href":"https:\/\/booksfrommexico.com\/es\/wp-json\/wp\/v2\/product\/1012","targetHints":{"allow":["GET"]}}],"collection":[{"href":"https:\/\/booksfrommexico.com\/es\/wp-json\/wp\/v2\/product"}],"about":[{"href":"https:\/\/booksfrommexico.com\/es\/wp-json\/wp\/v2\/types\/product"}],"wp:featuredmedia":[{"embeddable":true,"href":"https:\/\/booksfrommexico.com\/es\/wp-json\/wp\/v2\/media\/1011"}],"wp:attachment":[{"href":"https:\/\/booksfrommexico.com\/es\/wp-json\/wp\/v2\/media?parent=1012"}],"wp:term":[{"taxonomy":"product_brand","embeddable":true,"href":"https:\/\/booksfrommexico.com\/es\/wp-json\/wp\/v2\/product_brand?post=1012"},{"taxonomy":"product_cat","embeddable":true,"href":"https:\/\/booksfrommexico.com\/es\/wp-json\/wp\/v2\/product_cat?post=1012"},{"taxonomy":"product_tag","embeddable":true,"href":"https:\/\/booksfrommexico.com\/es\/wp-json\/wp\/v2\/product_tag?post=1012"}],"curies":[{"name":"wp","href":"https:\/\/api.w.org\/{rel}","templated":true}]}}