{"id":1016,"date":"2023-05-08T17:09:51","date_gmt":"2023-05-08T17:09:51","guid":{"rendered":"http:\/\/booksfrommexico.com\/product\/nu-tonjo-nu-xinchi-zak\/"},"modified":"2025-02-26T01:20:34","modified_gmt":"2025-02-26T01:20:34","slug":"nu-tonjo-nu-xinchi-zak","status":"publish","type":"product","link":"https:\/\/booksfrommexico.com\/es\/producto\/nu-tonjo-nu-xinchi-zak\/","title":{"rendered":"Nu tonjo nu xinchi zak"},"content":{"rendered":"<p><i><span style=\"font-weight: 400;\">Nu tonjo nu xinchi zak <\/span><\/i><span style=\"font-weight: 400;\">significa <\/span><i><span style=\"font-weight: 400;\">Canto a la vida<\/span><\/i><span style=\"font-weight: 400;\">, y es un poema escrito por Julio Gardu\u00f1o Cervantes, quien fue profesor normalista, pintor fot\u00f3grafo, conocedor y promotor profundo de la cultura mazahua. Esta edici\u00f3n contiene el poema completo en versi\u00f3n biling\u00fce mazahua-espa\u00f1ol y est\u00e1 acompa\u00f1ado por ilustraciones de ni\u00f1os mazahuas. El poema es muy breve, pero da una muestra significativa de la visi\u00f3n que ten\u00eda el autor sobre la vida, bajo su perspectiva de la cultura mazahua. Esta edici\u00f3n pertenece a La Ratona Cartonera, trat\u00e1ndose de un ejemplar encuadernado artesanalmente y con una portada pintada a mano. <\/span><\/p>\n","protected":false},"excerpt":{"rendered":"<p>NU TONJO NU XINCHI ZAK<span style=\"font-weight: 400;\">. \/ Julio Gardu\u00f1o Cervantes. Cuernavaca, Morelos, M\u00e9xico : La Ratona Cartonera, 2013. 16 pages : includes Illustrations ; 22 cm. <\/span><\/p>\n","protected":false},"featured_media":1015,"template":"","meta":{"_acf_changed":false,"inline_featured_image":false},"product_brand":[],"product_cat":[25,32],"product_tag":[4193,3769,4115,4026],"class_list":{"0":"post-1016","1":"product","2":"type-product","3":"status-publish","4":"has-post-thumbnail","6":"product_cat-literatura","7":"product_cat-poesia-literatura","8":"product_tag-cartonera-es","9":"product_tag-obras-ilustradas","10":"product_tag-poesia-es","11":"product_tag-poesia-en-lenguas-originarias","13":"first","14":"outofstock","15":"taxable","16":"shipping-taxable","17":"purchasable","18":"product-type-simple"},"acf":[],"yoast_head":"<!-- This site is optimized with the Yoast SEO plugin v27.2 - https:\/\/yoast.com\/product\/yoast-seo-wordpress\/ -->\n<title>Nu tonjo nu xinchi zak<\/title>\n<meta name=\"description\" content=\"NU TONJO NU XINCHI ZAK. \/ Julio Gardu\u00f1o Cervantes. Cuernavaca, Morelos, M\u00e9xico : La Ratona Cartonera, 2013. 16 pages : includes Illustrations ; 22 cm.\" \/>\n<meta name=\"robots\" content=\"index, follow, max-snippet:-1, max-image-preview:large, max-video-preview:-1\" \/>\n<link rel=\"canonical\" href=\"https:\/\/booksfrommexico.com\/es\/producto\/nu-tonjo-nu-xinchi-zak\/\" \/>\n<meta property=\"og:locale\" content=\"es_ES\" \/>\n<meta property=\"og:type\" content=\"article\" \/>\n<meta property=\"og:title\" content=\"Nu tonjo nu xinchi zak\" \/>\n<meta property=\"og:description\" content=\"NU TONJO NU XINCHI ZAK. \/ Julio Gardu\u00f1o Cervantes. Cuernavaca, Morelos, M\u00e9xico : La Ratona Cartonera, 2013. 16 pages : includes Illustrations ; 22 cm.\" \/>\n<meta property=\"og:url\" content=\"https:\/\/booksfrommexico.com\/es\/producto\/nu-tonjo-nu-xinchi-zak\/\" \/>\n<meta property=\"og:site_name\" content=\"Books From Mexico\" \/>\n<meta property=\"article:modified_time\" content=\"2025-02-26T01:20:34+00:00\" \/>\n<meta property=\"og:image\" content=\"http:\/\/booksfrommexico.com\/app\/uploads\/2023\/05\/169507.jpeg\" \/>\n\t<meta property=\"og:image:width\" content=\"489\" \/>\n\t<meta property=\"og:image:height\" content=\"634\" \/>\n\t<meta property=\"og:image:type\" content=\"image\/jpeg\" \/>\n<meta name=\"twitter:card\" content=\"summary_large_image\" \/>\n<meta name=\"twitter:label1\" content=\"Tiempo de lectura\" \/>\n\t<meta name=\"twitter:data1\" content=\"1 minuto\" \/>\n<script type=\"application\/ld+json\" class=\"yoast-schema-graph\">{\"@context\":\"https:\/\/schema.org\",\"@graph\":[{\"@type\":\"WebPage\",\"@id\":\"https:\/\/booksfrommexico.com\/es\/producto\/nu-tonjo-nu-xinchi-zak\/\",\"url\":\"https:\/\/booksfrommexico.com\/es\/producto\/nu-tonjo-nu-xinchi-zak\/\",\"name\":\"Nu tonjo nu xinchi zak\",\"isPartOf\":{\"@id\":\"https:\/\/booksfrommexico.com\/#website\"},\"primaryImageOfPage\":{\"@id\":\"https:\/\/booksfrommexico.com\/es\/producto\/nu-tonjo-nu-xinchi-zak\/#primaryimage\"},\"image\":{\"@id\":\"https:\/\/booksfrommexico.com\/es\/producto\/nu-tonjo-nu-xinchi-zak\/#primaryimage\"},\"thumbnailUrl\":\"https:\/\/booksfrommexico.com\/app\/uploads\/2023\/05\/169507.jpeg\",\"datePublished\":\"2023-05-08T17:09:51+00:00\",\"dateModified\":\"2025-02-26T01:20:34+00:00\",\"description\":\"NU TONJO NU XINCHI ZAK. \/ Julio Gardu\u00f1o Cervantes. Cuernavaca, Morelos, M\u00e9xico : La Ratona Cartonera, 2013. 16 pages : includes Illustrations ; 22 cm.\",\"breadcrumb\":{\"@id\":\"https:\/\/booksfrommexico.com\/es\/producto\/nu-tonjo-nu-xinchi-zak\/#breadcrumb\"},\"inLanguage\":\"es\",\"potentialAction\":[{\"@type\":\"ReadAction\",\"target\":[\"https:\/\/booksfrommexico.com\/es\/producto\/nu-tonjo-nu-xinchi-zak\/\"]}]},{\"@type\":\"ImageObject\",\"inLanguage\":\"es\",\"@id\":\"https:\/\/booksfrommexico.com\/es\/producto\/nu-tonjo-nu-xinchi-zak\/#primaryimage\",\"url\":\"https:\/\/booksfrommexico.com\/app\/uploads\/2023\/05\/169507.jpeg\",\"contentUrl\":\"https:\/\/booksfrommexico.com\/app\/uploads\/2023\/05\/169507.jpeg\",\"width\":489,\"height\":634,\"caption\":\"Nu tonjo nu xinchi zak Books From M\u00e9xico\"},{\"@type\":\"BreadcrumbList\",\"@id\":\"https:\/\/booksfrommexico.com\/es\/producto\/nu-tonjo-nu-xinchi-zak\/#breadcrumb\",\"itemListElement\":[{\"@type\":\"ListItem\",\"position\":1,\"name\":\"Home\",\"item\":\"https:\/\/booksfrommexico.com\/es\/\"},{\"@type\":\"ListItem\",\"position\":2,\"name\":\"Libros\",\"item\":\"https:\/\/booksfrommexico.com\/es\/libros\/\"},{\"@type\":\"ListItem\",\"position\":3,\"name\":\"Nu tonjo nu xinchi zak\"}]},{\"@type\":\"WebSite\",\"@id\":\"https:\/\/booksfrommexico.com\/#website\",\"url\":\"https:\/\/booksfrommexico.com\/\",\"name\":\"Books From Mexico\",\"description\":\"\",\"publisher\":{\"@id\":\"https:\/\/booksfrommexico.com\/#organization\"},\"potentialAction\":[{\"@type\":\"SearchAction\",\"target\":{\"@type\":\"EntryPoint\",\"urlTemplate\":\"https:\/\/booksfrommexico.com\/?s={search_term_string}\"},\"query-input\":{\"@type\":\"PropertyValueSpecification\",\"valueRequired\":true,\"valueName\":\"search_term_string\"}}],\"inLanguage\":\"es\"},{\"@type\":\"Organization\",\"@id\":\"https:\/\/booksfrommexico.com\/#organization\",\"name\":\"Books From Mexico\",\"url\":\"https:\/\/booksfrommexico.com\/\",\"logo\":{\"@type\":\"ImageObject\",\"inLanguage\":\"es\",\"@id\":\"https:\/\/booksfrommexico.com\/#\/schema\/logo\/image\/\",\"url\":\"https:\/\/booksfrommexico.com\/app\/uploads\/2023\/05\/logo-booksfrommexico.svg\",\"contentUrl\":\"https:\/\/booksfrommexico.com\/app\/uploads\/2023\/05\/logo-booksfrommexico.svg\",\"width\":86,\"height\":56,\"caption\":\"Books From Mexico\"},\"image\":{\"@id\":\"https:\/\/booksfrommexico.com\/#\/schema\/logo\/image\/\"}}]}<\/script>\n<!-- \/ Yoast SEO plugin. -->","yoast_head_json":{"title":"Nu tonjo nu xinchi zak","description":"NU TONJO NU XINCHI ZAK. \/ Julio Gardu\u00f1o Cervantes. Cuernavaca, Morelos, M\u00e9xico : La Ratona Cartonera, 2013. 16 pages : includes Illustrations ; 22 cm.","robots":{"index":"index","follow":"follow","max-snippet":"max-snippet:-1","max-image-preview":"max-image-preview:large","max-video-preview":"max-video-preview:-1"},"canonical":"https:\/\/booksfrommexico.com\/es\/producto\/nu-tonjo-nu-xinchi-zak\/","og_locale":"es_ES","og_type":"article","og_title":"Nu tonjo nu xinchi zak","og_description":"NU TONJO NU XINCHI ZAK. \/ Julio Gardu\u00f1o Cervantes. Cuernavaca, Morelos, M\u00e9xico : La Ratona Cartonera, 2013. 16 pages : includes Illustrations ; 22 cm.","og_url":"https:\/\/booksfrommexico.com\/es\/producto\/nu-tonjo-nu-xinchi-zak\/","og_site_name":"Books From Mexico","article_modified_time":"2025-02-26T01:20:34+00:00","og_image":[{"width":489,"height":634,"url":"http:\/\/booksfrommexico.com\/app\/uploads\/2023\/05\/169507.jpeg","type":"image\/jpeg"}],"twitter_card":"summary_large_image","twitter_misc":{"Tiempo de lectura":"1 minuto"},"schema":{"@context":"https:\/\/schema.org","@graph":[{"@type":"WebPage","@id":"https:\/\/booksfrommexico.com\/es\/producto\/nu-tonjo-nu-xinchi-zak\/","url":"https:\/\/booksfrommexico.com\/es\/producto\/nu-tonjo-nu-xinchi-zak\/","name":"Nu tonjo nu xinchi zak","isPartOf":{"@id":"https:\/\/booksfrommexico.com\/#website"},"primaryImageOfPage":{"@id":"https:\/\/booksfrommexico.com\/es\/producto\/nu-tonjo-nu-xinchi-zak\/#primaryimage"},"image":{"@id":"https:\/\/booksfrommexico.com\/es\/producto\/nu-tonjo-nu-xinchi-zak\/#primaryimage"},"thumbnailUrl":"https:\/\/booksfrommexico.com\/app\/uploads\/2023\/05\/169507.jpeg","datePublished":"2023-05-08T17:09:51+00:00","dateModified":"2025-02-26T01:20:34+00:00","description":"NU TONJO NU XINCHI ZAK. \/ Julio Gardu\u00f1o Cervantes. Cuernavaca, Morelos, M\u00e9xico : La Ratona Cartonera, 2013. 16 pages : includes Illustrations ; 22 cm.","breadcrumb":{"@id":"https:\/\/booksfrommexico.com\/es\/producto\/nu-tonjo-nu-xinchi-zak\/#breadcrumb"},"inLanguage":"es","potentialAction":[{"@type":"ReadAction","target":["https:\/\/booksfrommexico.com\/es\/producto\/nu-tonjo-nu-xinchi-zak\/"]}]},{"@type":"ImageObject","inLanguage":"es","@id":"https:\/\/booksfrommexico.com\/es\/producto\/nu-tonjo-nu-xinchi-zak\/#primaryimage","url":"https:\/\/booksfrommexico.com\/app\/uploads\/2023\/05\/169507.jpeg","contentUrl":"https:\/\/booksfrommexico.com\/app\/uploads\/2023\/05\/169507.jpeg","width":489,"height":634,"caption":"Nu tonjo nu xinchi zak Books From M\u00e9xico"},{"@type":"BreadcrumbList","@id":"https:\/\/booksfrommexico.com\/es\/producto\/nu-tonjo-nu-xinchi-zak\/#breadcrumb","itemListElement":[{"@type":"ListItem","position":1,"name":"Home","item":"https:\/\/booksfrommexico.com\/es\/"},{"@type":"ListItem","position":2,"name":"Libros","item":"https:\/\/booksfrommexico.com\/es\/libros\/"},{"@type":"ListItem","position":3,"name":"Nu tonjo nu xinchi zak"}]},{"@type":"WebSite","@id":"https:\/\/booksfrommexico.com\/#website","url":"https:\/\/booksfrommexico.com\/","name":"Books From Mexico","description":"","publisher":{"@id":"https:\/\/booksfrommexico.com\/#organization"},"potentialAction":[{"@type":"SearchAction","target":{"@type":"EntryPoint","urlTemplate":"https:\/\/booksfrommexico.com\/?s={search_term_string}"},"query-input":{"@type":"PropertyValueSpecification","valueRequired":true,"valueName":"search_term_string"}}],"inLanguage":"es"},{"@type":"Organization","@id":"https:\/\/booksfrommexico.com\/#organization","name":"Books From Mexico","url":"https:\/\/booksfrommexico.com\/","logo":{"@type":"ImageObject","inLanguage":"es","@id":"https:\/\/booksfrommexico.com\/#\/schema\/logo\/image\/","url":"https:\/\/booksfrommexico.com\/app\/uploads\/2023\/05\/logo-booksfrommexico.svg","contentUrl":"https:\/\/booksfrommexico.com\/app\/uploads\/2023\/05\/logo-booksfrommexico.svg","width":86,"height":56,"caption":"Books From Mexico"},"image":{"@id":"https:\/\/booksfrommexico.com\/#\/schema\/logo\/image\/"}}]}},"_links":{"self":[{"href":"https:\/\/booksfrommexico.com\/es\/wp-json\/wp\/v2\/product\/1016","targetHints":{"allow":["GET"]}}],"collection":[{"href":"https:\/\/booksfrommexico.com\/es\/wp-json\/wp\/v2\/product"}],"about":[{"href":"https:\/\/booksfrommexico.com\/es\/wp-json\/wp\/v2\/types\/product"}],"wp:featuredmedia":[{"embeddable":true,"href":"https:\/\/booksfrommexico.com\/es\/wp-json\/wp\/v2\/media\/1015"}],"wp:attachment":[{"href":"https:\/\/booksfrommexico.com\/es\/wp-json\/wp\/v2\/media?parent=1016"}],"wp:term":[{"taxonomy":"product_brand","embeddable":true,"href":"https:\/\/booksfrommexico.com\/es\/wp-json\/wp\/v2\/product_brand?post=1016"},{"taxonomy":"product_cat","embeddable":true,"href":"https:\/\/booksfrommexico.com\/es\/wp-json\/wp\/v2\/product_cat?post=1016"},{"taxonomy":"product_tag","embeddable":true,"href":"https:\/\/booksfrommexico.com\/es\/wp-json\/wp\/v2\/product_tag?post=1016"}],"curies":[{"name":"wp","href":"https:\/\/api.w.org\/{rel}","templated":true}]}}