{"id":1018,"date":"2023-05-08T17:09:53","date_gmt":"2023-05-08T17:09:53","guid":{"rendered":"http:\/\/booksfrommexico.com\/product\/soneus-suenos-i-elefantes-y-papalotes\/"},"modified":"2024-05-07T20:12:06","modified_gmt":"2024-05-07T20:12:06","slug":"soneus-suenos-i-elefantes-y-papalotes","status":"publish","type":"product","link":"https:\/\/booksfrommexico.com\/es\/producto\/soneus-suenos-i-elefantes-y-papalotes\/","title":{"rendered":"So\u00f1eus sue\u00f1os I: Elefantes y papalotes"},"content":{"rendered":"<p><span style=\"font-weight: 400;\">Edson Lechuga es un escritor y tallerista de creaci\u00f3n literaria, con estudios en literatura por parte de la UNAM, Casa Lamm y la UB. Las ilustraciones que acompa\u00f1an la historia son realizadas por Paula Laverde. Como el t\u00edtulo lo indica, este libro es un retrato de los sue\u00f1os del autor, lo que lo vuelve un viaje por el subconsciente, junto con todo lo hilarante, inconexo e incoherente que caracteriza a los sue\u00f1os, sin embargo consiguiendo contar una historia. Siendo parte de La Cartonera, este ejemplar es el n\u00famero 32 de un tiraje de 120, contando con un encuadernado artesanal y una portada \u00fanica pintada a mano.<\/span><\/p>\n","protected":false},"excerpt":{"rendered":"<p>SO\u00d1EUS SUE\u00d1OS I : ELEFANTES Y PAPALOTES<span style=\"font-weight: 400;\">. \/ Edson Lechuga. Second printing. Cuernavaca, Morelos, M\u00e9xico : La Cartonera, 2011. 22 pages : includes illustrations ; 23 cm.<\/span><\/p>\n","protected":false},"featured_media":1017,"template":"","meta":{"_acf_changed":false,"inline_featured_image":false},"product_brand":[],"product_cat":[25],"product_tag":[4193,3769],"class_list":{"0":"post-1018","1":"product","2":"type-product","3":"status-publish","4":"has-post-thumbnail","6":"product_cat-literatura","7":"product_tag-cartonera-es","8":"product_tag-obras-ilustradas","10":"first","11":"instock","12":"taxable","13":"shipping-taxable","14":"purchasable","15":"product-type-simple"},"acf":[],"yoast_head":"<!-- This site is optimized with the Yoast SEO plugin v27.2 - https:\/\/yoast.com\/product\/yoast-seo-wordpress\/ -->\n<title>So\u00f1eus sue\u00f1os I: Elefantes y papalotes<\/title>\n<meta name=\"description\" content=\"SO\u00d1EUS SUE\u00d1OS I : ELEFANTES Y PAPALOTES. \/ Edson Lechuga. Second printing. Cuernavaca, Morelos, M\u00e9xico : La Cartonera, 2011.\" \/>\n<meta name=\"robots\" content=\"index, follow, max-snippet:-1, max-image-preview:large, max-video-preview:-1\" \/>\n<link rel=\"canonical\" href=\"https:\/\/booksfrommexico.com\/es\/producto\/soneus-suenos-i-elefantes-y-papalotes\/\" \/>\n<meta property=\"og:locale\" content=\"es_ES\" \/>\n<meta property=\"og:type\" content=\"article\" \/>\n<meta property=\"og:title\" content=\"So\u00f1eus sue\u00f1os I: Elefantes y papalotes\" \/>\n<meta property=\"og:description\" content=\"SO\u00d1EUS SUE\u00d1OS I : ELEFANTES Y PAPALOTES. \/ Edson Lechuga. Second printing. Cuernavaca, Morelos, M\u00e9xico : La Cartonera, 2011.\" \/>\n<meta property=\"og:url\" content=\"https:\/\/booksfrommexico.com\/es\/producto\/soneus-suenos-i-elefantes-y-papalotes\/\" \/>\n<meta property=\"og:site_name\" content=\"Books From Mexico\" \/>\n<meta property=\"article:modified_time\" content=\"2024-05-07T20:12:06+00:00\" \/>\n<meta property=\"og:image\" content=\"http:\/\/booksfrommexico.com\/app\/uploads\/2023\/05\/169512.jpeg\" \/>\n\t<meta property=\"og:image:width\" content=\"403\" \/>\n\t<meta property=\"og:image:height\" content=\"642\" \/>\n\t<meta property=\"og:image:type\" content=\"image\/jpeg\" \/>\n<meta name=\"twitter:card\" content=\"summary_large_image\" \/>\n<meta name=\"twitter:label1\" content=\"Tiempo de lectura\" \/>\n\t<meta name=\"twitter:data1\" content=\"1 minuto\" \/>\n<script type=\"application\/ld+json\" class=\"yoast-schema-graph\">{\"@context\":\"https:\/\/schema.org\",\"@graph\":[{\"@type\":\"WebPage\",\"@id\":\"https:\/\/booksfrommexico.com\/es\/producto\/soneus-suenos-i-elefantes-y-papalotes\/\",\"url\":\"https:\/\/booksfrommexico.com\/es\/producto\/soneus-suenos-i-elefantes-y-papalotes\/\",\"name\":\"So\u00f1eus sue\u00f1os I: Elefantes y papalotes\",\"isPartOf\":{\"@id\":\"https:\/\/booksfrommexico.com\/#website\"},\"primaryImageOfPage\":{\"@id\":\"https:\/\/booksfrommexico.com\/es\/producto\/soneus-suenos-i-elefantes-y-papalotes\/#primaryimage\"},\"image\":{\"@id\":\"https:\/\/booksfrommexico.com\/es\/producto\/soneus-suenos-i-elefantes-y-papalotes\/#primaryimage\"},\"thumbnailUrl\":\"https:\/\/booksfrommexico.com\/app\/uploads\/2023\/05\/169512.jpeg\",\"datePublished\":\"2023-05-08T17:09:53+00:00\",\"dateModified\":\"2024-05-07T20:12:06+00:00\",\"description\":\"SO\u00d1EUS SUE\u00d1OS I : ELEFANTES Y PAPALOTES. \/ Edson Lechuga. Second printing. Cuernavaca, Morelos, M\u00e9xico : La Cartonera, 2011.\",\"breadcrumb\":{\"@id\":\"https:\/\/booksfrommexico.com\/es\/producto\/soneus-suenos-i-elefantes-y-papalotes\/#breadcrumb\"},\"inLanguage\":\"es\",\"potentialAction\":[{\"@type\":\"ReadAction\",\"target\":[\"https:\/\/booksfrommexico.com\/es\/producto\/soneus-suenos-i-elefantes-y-papalotes\/\"]}]},{\"@type\":\"ImageObject\",\"inLanguage\":\"es\",\"@id\":\"https:\/\/booksfrommexico.com\/es\/producto\/soneus-suenos-i-elefantes-y-papalotes\/#primaryimage\",\"url\":\"https:\/\/booksfrommexico.com\/app\/uploads\/2023\/05\/169512.jpeg\",\"contentUrl\":\"https:\/\/booksfrommexico.com\/app\/uploads\/2023\/05\/169512.jpeg\",\"width\":403,\"height\":642,\"caption\":\"So\u00f1eus sue\u00f1os I elefantes y papalotes. Books From M\u00e9xico\"},{\"@type\":\"BreadcrumbList\",\"@id\":\"https:\/\/booksfrommexico.com\/es\/producto\/soneus-suenos-i-elefantes-y-papalotes\/#breadcrumb\",\"itemListElement\":[{\"@type\":\"ListItem\",\"position\":1,\"name\":\"Home\",\"item\":\"https:\/\/booksfrommexico.com\/es\/\"},{\"@type\":\"ListItem\",\"position\":2,\"name\":\"Libros\",\"item\":\"https:\/\/booksfrommexico.com\/es\/libros\/\"},{\"@type\":\"ListItem\",\"position\":3,\"name\":\"So\u00f1eus sue\u00f1os I: Elefantes y papalotes\"}]},{\"@type\":\"WebSite\",\"@id\":\"https:\/\/booksfrommexico.com\/#website\",\"url\":\"https:\/\/booksfrommexico.com\/\",\"name\":\"Books From Mexico\",\"description\":\"\",\"publisher\":{\"@id\":\"https:\/\/booksfrommexico.com\/#organization\"},\"potentialAction\":[{\"@type\":\"SearchAction\",\"target\":{\"@type\":\"EntryPoint\",\"urlTemplate\":\"https:\/\/booksfrommexico.com\/?s={search_term_string}\"},\"query-input\":{\"@type\":\"PropertyValueSpecification\",\"valueRequired\":true,\"valueName\":\"search_term_string\"}}],\"inLanguage\":\"es\"},{\"@type\":\"Organization\",\"@id\":\"https:\/\/booksfrommexico.com\/#organization\",\"name\":\"Books From Mexico\",\"url\":\"https:\/\/booksfrommexico.com\/\",\"logo\":{\"@type\":\"ImageObject\",\"inLanguage\":\"es\",\"@id\":\"https:\/\/booksfrommexico.com\/#\/schema\/logo\/image\/\",\"url\":\"https:\/\/booksfrommexico.com\/app\/uploads\/2023\/05\/logo-booksfrommexico.svg\",\"contentUrl\":\"https:\/\/booksfrommexico.com\/app\/uploads\/2023\/05\/logo-booksfrommexico.svg\",\"width\":86,\"height\":56,\"caption\":\"Books From Mexico\"},\"image\":{\"@id\":\"https:\/\/booksfrommexico.com\/#\/schema\/logo\/image\/\"}}]}<\/script>\n<!-- \/ Yoast SEO plugin. -->","yoast_head_json":{"title":"So\u00f1eus sue\u00f1os I: Elefantes y papalotes","description":"SO\u00d1EUS SUE\u00d1OS I : ELEFANTES Y PAPALOTES. \/ Edson Lechuga. Second printing. Cuernavaca, Morelos, M\u00e9xico : La Cartonera, 2011.","robots":{"index":"index","follow":"follow","max-snippet":"max-snippet:-1","max-image-preview":"max-image-preview:large","max-video-preview":"max-video-preview:-1"},"canonical":"https:\/\/booksfrommexico.com\/es\/producto\/soneus-suenos-i-elefantes-y-papalotes\/","og_locale":"es_ES","og_type":"article","og_title":"So\u00f1eus sue\u00f1os I: Elefantes y papalotes","og_description":"SO\u00d1EUS SUE\u00d1OS I : ELEFANTES Y PAPALOTES. \/ Edson Lechuga. Second printing. Cuernavaca, Morelos, M\u00e9xico : La Cartonera, 2011.","og_url":"https:\/\/booksfrommexico.com\/es\/producto\/soneus-suenos-i-elefantes-y-papalotes\/","og_site_name":"Books From Mexico","article_modified_time":"2024-05-07T20:12:06+00:00","og_image":[{"width":403,"height":642,"url":"http:\/\/booksfrommexico.com\/app\/uploads\/2023\/05\/169512.jpeg","type":"image\/jpeg"}],"twitter_card":"summary_large_image","twitter_misc":{"Tiempo de lectura":"1 minuto"},"schema":{"@context":"https:\/\/schema.org","@graph":[{"@type":"WebPage","@id":"https:\/\/booksfrommexico.com\/es\/producto\/soneus-suenos-i-elefantes-y-papalotes\/","url":"https:\/\/booksfrommexico.com\/es\/producto\/soneus-suenos-i-elefantes-y-papalotes\/","name":"So\u00f1eus sue\u00f1os I: Elefantes y papalotes","isPartOf":{"@id":"https:\/\/booksfrommexico.com\/#website"},"primaryImageOfPage":{"@id":"https:\/\/booksfrommexico.com\/es\/producto\/soneus-suenos-i-elefantes-y-papalotes\/#primaryimage"},"image":{"@id":"https:\/\/booksfrommexico.com\/es\/producto\/soneus-suenos-i-elefantes-y-papalotes\/#primaryimage"},"thumbnailUrl":"https:\/\/booksfrommexico.com\/app\/uploads\/2023\/05\/169512.jpeg","datePublished":"2023-05-08T17:09:53+00:00","dateModified":"2024-05-07T20:12:06+00:00","description":"SO\u00d1EUS SUE\u00d1OS I : ELEFANTES Y PAPALOTES. \/ Edson Lechuga. Second printing. Cuernavaca, Morelos, M\u00e9xico : La Cartonera, 2011.","breadcrumb":{"@id":"https:\/\/booksfrommexico.com\/es\/producto\/soneus-suenos-i-elefantes-y-papalotes\/#breadcrumb"},"inLanguage":"es","potentialAction":[{"@type":"ReadAction","target":["https:\/\/booksfrommexico.com\/es\/producto\/soneus-suenos-i-elefantes-y-papalotes\/"]}]},{"@type":"ImageObject","inLanguage":"es","@id":"https:\/\/booksfrommexico.com\/es\/producto\/soneus-suenos-i-elefantes-y-papalotes\/#primaryimage","url":"https:\/\/booksfrommexico.com\/app\/uploads\/2023\/05\/169512.jpeg","contentUrl":"https:\/\/booksfrommexico.com\/app\/uploads\/2023\/05\/169512.jpeg","width":403,"height":642,"caption":"So\u00f1eus sue\u00f1os I elefantes y papalotes. Books From M\u00e9xico"},{"@type":"BreadcrumbList","@id":"https:\/\/booksfrommexico.com\/es\/producto\/soneus-suenos-i-elefantes-y-papalotes\/#breadcrumb","itemListElement":[{"@type":"ListItem","position":1,"name":"Home","item":"https:\/\/booksfrommexico.com\/es\/"},{"@type":"ListItem","position":2,"name":"Libros","item":"https:\/\/booksfrommexico.com\/es\/libros\/"},{"@type":"ListItem","position":3,"name":"So\u00f1eus sue\u00f1os I: Elefantes y papalotes"}]},{"@type":"WebSite","@id":"https:\/\/booksfrommexico.com\/#website","url":"https:\/\/booksfrommexico.com\/","name":"Books From Mexico","description":"","publisher":{"@id":"https:\/\/booksfrommexico.com\/#organization"},"potentialAction":[{"@type":"SearchAction","target":{"@type":"EntryPoint","urlTemplate":"https:\/\/booksfrommexico.com\/?s={search_term_string}"},"query-input":{"@type":"PropertyValueSpecification","valueRequired":true,"valueName":"search_term_string"}}],"inLanguage":"es"},{"@type":"Organization","@id":"https:\/\/booksfrommexico.com\/#organization","name":"Books From Mexico","url":"https:\/\/booksfrommexico.com\/","logo":{"@type":"ImageObject","inLanguage":"es","@id":"https:\/\/booksfrommexico.com\/#\/schema\/logo\/image\/","url":"https:\/\/booksfrommexico.com\/app\/uploads\/2023\/05\/logo-booksfrommexico.svg","contentUrl":"https:\/\/booksfrommexico.com\/app\/uploads\/2023\/05\/logo-booksfrommexico.svg","width":86,"height":56,"caption":"Books From Mexico"},"image":{"@id":"https:\/\/booksfrommexico.com\/#\/schema\/logo\/image\/"}}]}},"_links":{"self":[{"href":"https:\/\/booksfrommexico.com\/es\/wp-json\/wp\/v2\/product\/1018","targetHints":{"allow":["GET"]}}],"collection":[{"href":"https:\/\/booksfrommexico.com\/es\/wp-json\/wp\/v2\/product"}],"about":[{"href":"https:\/\/booksfrommexico.com\/es\/wp-json\/wp\/v2\/types\/product"}],"wp:featuredmedia":[{"embeddable":true,"href":"https:\/\/booksfrommexico.com\/es\/wp-json\/wp\/v2\/media\/1017"}],"wp:attachment":[{"href":"https:\/\/booksfrommexico.com\/es\/wp-json\/wp\/v2\/media?parent=1018"}],"wp:term":[{"taxonomy":"product_brand","embeddable":true,"href":"https:\/\/booksfrommexico.com\/es\/wp-json\/wp\/v2\/product_brand?post=1018"},{"taxonomy":"product_cat","embeddable":true,"href":"https:\/\/booksfrommexico.com\/es\/wp-json\/wp\/v2\/product_cat?post=1018"},{"taxonomy":"product_tag","embeddable":true,"href":"https:\/\/booksfrommexico.com\/es\/wp-json\/wp\/v2\/product_tag?post=1018"}],"curies":[{"name":"wp","href":"https:\/\/api.w.org\/{rel}","templated":true}]}}