{"id":1022,"date":"2023-05-08T17:09:57","date_gmt":"2023-05-08T17:09:57","guid":{"rendered":"http:\/\/booksfrommexico.com\/product\/sentencia-de-fuego\/"},"modified":"2024-05-07T20:31:44","modified_gmt":"2024-05-07T20:31:44","slug":"sentencia-de-fuego","status":"publish","type":"product","link":"https:\/\/booksfrommexico.com\/es\/producto\/sentencia-de-fuego\/","title":{"rendered":"Sentencia de fuego"},"content":{"rendered":"<p><span style=\"font-weight: 400;\">Melissa Nungaray es una prol\u00edfica poeta y narradora mexicana que estudi\u00f3 Lengua y Literatura Hisp\u00e1nicas en la Universidad Aut\u00f3noma del Estado de M\u00e9xico. En 2014, obtuvo el segundo lugar del Premio Nacional de Poes\u00eda Joven Jorge Lara y ha colaborado en diversas revistas en la secci\u00f3n de poes\u00eda. El t\u00edtulo que se presenta aqu\u00ed fue escrito cuando la autora ten\u00eda 13 a\u00f1os, y re\u00fane una serie de 25 poemas cortos en los que hace declaraciones y aseveraciones contundentes para una adolescente de su edad, trat\u00e1ndose de su dura visi\u00f3n de la vida. Siendo parte de La Cartonera, este ejemplar es el n\u00famero 85 de un tiraje de 125, contando con un encuadernado artesanal y una portada \u00fanica pintada a mano.<\/span><\/p>\n","protected":false},"excerpt":{"rendered":"<p>SENTENCIA DE FUEGO<span style=\"font-weight: 400;\">. \/ Melissa Nungaray. Cuernavaca, Morelos, M\u00e9xico : La Cartonera, 2011. 38 pages ; 23 cm. <\/span><\/p>\n","protected":false},"featured_media":1021,"template":"","meta":{"_acf_changed":false,"inline_featured_image":false},"product_brand":[],"product_cat":[25,32],"product_tag":[4193,3661,4232,4225,3598],"class_list":{"0":"post-1022","1":"product","2":"type-product","3":"status-publish","4":"has-post-thumbnail","6":"product_cat-literatura","7":"product_cat-poesia-literatura","8":"product_tag-cartonera-es","9":"product_tag-juventud","10":"product_tag-literatura-infantil-y-juvenil","11":"product_tag-mujeres-literatura","12":"product_tag-poesia-mexicana","14":"first","15":"instock","16":"taxable","17":"shipping-taxable","18":"purchasable","19":"product-type-simple"},"acf":[],"yoast_head":"<!-- This site is optimized with the Yoast SEO plugin v27.3 - https:\/\/yoast.com\/product\/yoast-seo-wordpress\/ -->\n<title>Sentencia de fuego<\/title>\n<meta name=\"description\" content=\"SENTENCIA DE FUEGO. \/ Melissa Nungaray. Cuernavaca, Morelos, M\u00e9xico : La Cartonera, 2011. 38 pages ; 23 cm. [Poes\u00eda juvenil].\" \/>\n<meta name=\"robots\" content=\"index, follow, max-snippet:-1, max-image-preview:large, max-video-preview:-1\" \/>\n<link rel=\"canonical\" href=\"https:\/\/booksfrommexico.com\/es\/producto\/sentencia-de-fuego\/\" \/>\n<meta property=\"og:locale\" content=\"es_ES\" \/>\n<meta property=\"og:type\" content=\"article\" \/>\n<meta property=\"og:title\" content=\"Sentencia de fuego\" \/>\n<meta property=\"og:description\" content=\"SENTENCIA DE FUEGO. \/ Melissa Nungaray. Cuernavaca, Morelos, M\u00e9xico : La Cartonera, 2011. 38 pages ; 23 cm. [Poes\u00eda juvenil].\" \/>\n<meta property=\"og:url\" content=\"https:\/\/booksfrommexico.com\/es\/producto\/sentencia-de-fuego\/\" \/>\n<meta property=\"og:site_name\" content=\"Books From Mexico\" \/>\n<meta property=\"article:modified_time\" content=\"2024-05-07T20:31:44+00:00\" \/>\n<meta property=\"og:image\" content=\"http:\/\/booksfrommexico.com\/app\/uploads\/2023\/05\/169515.jpeg\" \/>\n\t<meta property=\"og:image:width\" content=\"408\" \/>\n\t<meta property=\"og:image:height\" content=\"647\" \/>\n\t<meta property=\"og:image:type\" content=\"image\/jpeg\" \/>\n<meta name=\"twitter:card\" content=\"summary_large_image\" \/>\n<meta name=\"twitter:label1\" content=\"Tiempo de lectura\" \/>\n\t<meta name=\"twitter:data1\" content=\"1 minuto\" \/>\n<script type=\"application\/ld+json\" class=\"yoast-schema-graph\">{\"@context\":\"https:\\\/\\\/schema.org\",\"@graph\":[{\"@type\":\"WebPage\",\"@id\":\"https:\\\/\\\/booksfrommexico.com\\\/es\\\/producto\\\/sentencia-de-fuego\\\/\",\"url\":\"https:\\\/\\\/booksfrommexico.com\\\/es\\\/producto\\\/sentencia-de-fuego\\\/\",\"name\":\"Sentencia de fuego\",\"isPartOf\":{\"@id\":\"https:\\\/\\\/booksfrommexico.com\\\/#website\"},\"primaryImageOfPage\":{\"@id\":\"https:\\\/\\\/booksfrommexico.com\\\/es\\\/producto\\\/sentencia-de-fuego\\\/#primaryimage\"},\"image\":{\"@id\":\"https:\\\/\\\/booksfrommexico.com\\\/es\\\/producto\\\/sentencia-de-fuego\\\/#primaryimage\"},\"thumbnailUrl\":\"https:\\\/\\\/booksfrommexico.com\\\/app\\\/uploads\\\/2023\\\/05\\\/169515.jpeg\",\"datePublished\":\"2023-05-08T17:09:57+00:00\",\"dateModified\":\"2024-05-07T20:31:44+00:00\",\"description\":\"SENTENCIA DE FUEGO. \\\/ Melissa Nungaray. Cuernavaca, Morelos, M\u00e9xico : La Cartonera, 2011. 38 pages ; 23 cm. [Poes\u00eda juvenil].\",\"breadcrumb\":{\"@id\":\"https:\\\/\\\/booksfrommexico.com\\\/es\\\/producto\\\/sentencia-de-fuego\\\/#breadcrumb\"},\"inLanguage\":\"es\",\"potentialAction\":[{\"@type\":\"ReadAction\",\"target\":[\"https:\\\/\\\/booksfrommexico.com\\\/es\\\/producto\\\/sentencia-de-fuego\\\/\"]}]},{\"@type\":\"ImageObject\",\"inLanguage\":\"es\",\"@id\":\"https:\\\/\\\/booksfrommexico.com\\\/es\\\/producto\\\/sentencia-de-fuego\\\/#primaryimage\",\"url\":\"https:\\\/\\\/booksfrommexico.com\\\/app\\\/uploads\\\/2023\\\/05\\\/169515.jpeg\",\"contentUrl\":\"https:\\\/\\\/booksfrommexico.com\\\/app\\\/uploads\\\/2023\\\/05\\\/169515.jpeg\",\"width\":408,\"height\":647,\"caption\":\"Sentencia de fuego por Melissa Nungaray. Books From M\u00e9xico\"},{\"@type\":\"BreadcrumbList\",\"@id\":\"https:\\\/\\\/booksfrommexico.com\\\/es\\\/producto\\\/sentencia-de-fuego\\\/#breadcrumb\",\"itemListElement\":[{\"@type\":\"ListItem\",\"position\":1,\"name\":\"Home\",\"item\":\"https:\\\/\\\/booksfrommexico.com\\\/es\\\/\"},{\"@type\":\"ListItem\",\"position\":2,\"name\":\"Libros\",\"item\":\"https:\\\/\\\/booksfrommexico.com\\\/es\\\/libros\\\/\"},{\"@type\":\"ListItem\",\"position\":3,\"name\":\"Sentencia de fuego\"}]},{\"@type\":\"WebSite\",\"@id\":\"https:\\\/\\\/booksfrommexico.com\\\/#website\",\"url\":\"https:\\\/\\\/booksfrommexico.com\\\/\",\"name\":\"Books From Mexico\",\"description\":\"\",\"publisher\":{\"@id\":\"https:\\\/\\\/booksfrommexico.com\\\/#organization\"},\"potentialAction\":[{\"@type\":\"SearchAction\",\"target\":{\"@type\":\"EntryPoint\",\"urlTemplate\":\"https:\\\/\\\/booksfrommexico.com\\\/?s={search_term_string}\"},\"query-input\":{\"@type\":\"PropertyValueSpecification\",\"valueRequired\":true,\"valueName\":\"search_term_string\"}}],\"inLanguage\":\"es\"},{\"@type\":\"Organization\",\"@id\":\"https:\\\/\\\/booksfrommexico.com\\\/#organization\",\"name\":\"Books From Mexico\",\"url\":\"https:\\\/\\\/booksfrommexico.com\\\/\",\"logo\":{\"@type\":\"ImageObject\",\"inLanguage\":\"es\",\"@id\":\"https:\\\/\\\/booksfrommexico.com\\\/#\\\/schema\\\/logo\\\/image\\\/\",\"url\":\"https:\\\/\\\/booksfrommexico.com\\\/app\\\/uploads\\\/2023\\\/05\\\/logo-booksfrommexico.svg\",\"contentUrl\":\"https:\\\/\\\/booksfrommexico.com\\\/app\\\/uploads\\\/2023\\\/05\\\/logo-booksfrommexico.svg\",\"width\":86,\"height\":56,\"caption\":\"Books From Mexico\"},\"image\":{\"@id\":\"https:\\\/\\\/booksfrommexico.com\\\/#\\\/schema\\\/logo\\\/image\\\/\"}}]}<\/script>\n<!-- \/ Yoast SEO plugin. -->","yoast_head_json":{"title":"Sentencia de fuego","description":"SENTENCIA DE FUEGO. \/ Melissa Nungaray. Cuernavaca, Morelos, M\u00e9xico : La Cartonera, 2011. 38 pages ; 23 cm. [Poes\u00eda juvenil].","robots":{"index":"index","follow":"follow","max-snippet":"max-snippet:-1","max-image-preview":"max-image-preview:large","max-video-preview":"max-video-preview:-1"},"canonical":"https:\/\/booksfrommexico.com\/es\/producto\/sentencia-de-fuego\/","og_locale":"es_ES","og_type":"article","og_title":"Sentencia de fuego","og_description":"SENTENCIA DE FUEGO. \/ Melissa Nungaray. Cuernavaca, Morelos, M\u00e9xico : La Cartonera, 2011. 38 pages ; 23 cm. [Poes\u00eda juvenil].","og_url":"https:\/\/booksfrommexico.com\/es\/producto\/sentencia-de-fuego\/","og_site_name":"Books From Mexico","article_modified_time":"2024-05-07T20:31:44+00:00","og_image":[{"width":408,"height":647,"url":"http:\/\/booksfrommexico.com\/app\/uploads\/2023\/05\/169515.jpeg","type":"image\/jpeg"}],"twitter_card":"summary_large_image","twitter_misc":{"Tiempo de lectura":"1 minuto"},"schema":{"@context":"https:\/\/schema.org","@graph":[{"@type":"WebPage","@id":"https:\/\/booksfrommexico.com\/es\/producto\/sentencia-de-fuego\/","url":"https:\/\/booksfrommexico.com\/es\/producto\/sentencia-de-fuego\/","name":"Sentencia de fuego","isPartOf":{"@id":"https:\/\/booksfrommexico.com\/#website"},"primaryImageOfPage":{"@id":"https:\/\/booksfrommexico.com\/es\/producto\/sentencia-de-fuego\/#primaryimage"},"image":{"@id":"https:\/\/booksfrommexico.com\/es\/producto\/sentencia-de-fuego\/#primaryimage"},"thumbnailUrl":"https:\/\/booksfrommexico.com\/app\/uploads\/2023\/05\/169515.jpeg","datePublished":"2023-05-08T17:09:57+00:00","dateModified":"2024-05-07T20:31:44+00:00","description":"SENTENCIA DE FUEGO. \/ Melissa Nungaray. Cuernavaca, Morelos, M\u00e9xico : La Cartonera, 2011. 38 pages ; 23 cm. [Poes\u00eda juvenil].","breadcrumb":{"@id":"https:\/\/booksfrommexico.com\/es\/producto\/sentencia-de-fuego\/#breadcrumb"},"inLanguage":"es","potentialAction":[{"@type":"ReadAction","target":["https:\/\/booksfrommexico.com\/es\/producto\/sentencia-de-fuego\/"]}]},{"@type":"ImageObject","inLanguage":"es","@id":"https:\/\/booksfrommexico.com\/es\/producto\/sentencia-de-fuego\/#primaryimage","url":"https:\/\/booksfrommexico.com\/app\/uploads\/2023\/05\/169515.jpeg","contentUrl":"https:\/\/booksfrommexico.com\/app\/uploads\/2023\/05\/169515.jpeg","width":408,"height":647,"caption":"Sentencia de fuego por Melissa Nungaray. Books From M\u00e9xico"},{"@type":"BreadcrumbList","@id":"https:\/\/booksfrommexico.com\/es\/producto\/sentencia-de-fuego\/#breadcrumb","itemListElement":[{"@type":"ListItem","position":1,"name":"Home","item":"https:\/\/booksfrommexico.com\/es\/"},{"@type":"ListItem","position":2,"name":"Libros","item":"https:\/\/booksfrommexico.com\/es\/libros\/"},{"@type":"ListItem","position":3,"name":"Sentencia de fuego"}]},{"@type":"WebSite","@id":"https:\/\/booksfrommexico.com\/#website","url":"https:\/\/booksfrommexico.com\/","name":"Books From Mexico","description":"","publisher":{"@id":"https:\/\/booksfrommexico.com\/#organization"},"potentialAction":[{"@type":"SearchAction","target":{"@type":"EntryPoint","urlTemplate":"https:\/\/booksfrommexico.com\/?s={search_term_string}"},"query-input":{"@type":"PropertyValueSpecification","valueRequired":true,"valueName":"search_term_string"}}],"inLanguage":"es"},{"@type":"Organization","@id":"https:\/\/booksfrommexico.com\/#organization","name":"Books From Mexico","url":"https:\/\/booksfrommexico.com\/","logo":{"@type":"ImageObject","inLanguage":"es","@id":"https:\/\/booksfrommexico.com\/#\/schema\/logo\/image\/","url":"https:\/\/booksfrommexico.com\/app\/uploads\/2023\/05\/logo-booksfrommexico.svg","contentUrl":"https:\/\/booksfrommexico.com\/app\/uploads\/2023\/05\/logo-booksfrommexico.svg","width":86,"height":56,"caption":"Books From Mexico"},"image":{"@id":"https:\/\/booksfrommexico.com\/#\/schema\/logo\/image\/"}}]}},"_links":{"self":[{"href":"https:\/\/booksfrommexico.com\/es\/wp-json\/wp\/v2\/product\/1022","targetHints":{"allow":["GET"]}}],"collection":[{"href":"https:\/\/booksfrommexico.com\/es\/wp-json\/wp\/v2\/product"}],"about":[{"href":"https:\/\/booksfrommexico.com\/es\/wp-json\/wp\/v2\/types\/product"}],"wp:featuredmedia":[{"embeddable":true,"href":"https:\/\/booksfrommexico.com\/es\/wp-json\/wp\/v2\/media\/1021"}],"wp:attachment":[{"href":"https:\/\/booksfrommexico.com\/es\/wp-json\/wp\/v2\/media?parent=1022"}],"wp:term":[{"taxonomy":"product_brand","embeddable":true,"href":"https:\/\/booksfrommexico.com\/es\/wp-json\/wp\/v2\/product_brand?post=1022"},{"taxonomy":"product_cat","embeddable":true,"href":"https:\/\/booksfrommexico.com\/es\/wp-json\/wp\/v2\/product_cat?post=1022"},{"taxonomy":"product_tag","embeddable":true,"href":"https:\/\/booksfrommexico.com\/es\/wp-json\/wp\/v2\/product_tag?post=1022"}],"curies":[{"name":"wp","href":"https:\/\/api.w.org\/{rel}","templated":true}]}}