{"id":1024,"date":"2023-05-08T17:09:59","date_gmt":"2023-05-08T17:09:59","guid":{"rendered":"http:\/\/booksfrommexico.com\/product\/abriran-las-grandes-alameda-sultimas-palabras-de-salvador-allende\/"},"modified":"2024-05-07T20:42:30","modified_gmt":"2024-05-07T20:42:30","slug":"abriran-las-grandes-alameda-sultimas-palabras-de-salvador-allende","status":"publish","type":"product","link":"https:\/\/booksfrommexico.com\/es\/producto\/abriran-las-grandes-alameda-sultimas-palabras-de-salvador-allende\/","title":{"rendered":"Abrir\u00e1n las grandes alamedas: \u00daltimas palabras de Salvador Allende"},"content":{"rendered":"<p><span style=\"font-weight: 400;\">El 11 de septiembre de 1973, el gobierno del Presidente Salvador Allende, que hab\u00eda sido elegido el 4 de septiembre del a\u00f1o anterior representando a la Uni\u00f3n Popular, es derrocado por un golpe de estado. Horas antes de este suceso, Allende dio comunicados por medio de la radio para dar lo que, posteriormente, se conocer\u00eda como sus \u00faltimas palabras, pues decidi\u00f3 quitarse la vida antes que ser torturado por militares. Este t\u00edtulo re\u00fane esas \u00faltimas declaraciones, junto con la documentaci\u00f3n escrita de los anuncios que se dieron sobre el suceso. Siendo parte de La Cartonera, este ejemplar es el n\u00famero 73 de un tiraje de 80, contando con un encuadernado artesanal y una portada \u00fanica pintada a mano.<\/span><\/p>\n","protected":false},"excerpt":{"rendered":"<p>ABRIR\u00c1N LAS GRANDES ALAMEDAS : \u00daLTIMAS PALABRAS DE SALVADOR ALLENDE<span style=\"font-weight: 400;\">. \/ Gabriela Videla, \u00d3scar Soto. Cuernavaca, Morelos, M\u00e9xico : La Cartonera, 2013. 35 pages : includes illustrations, bibliography ;\u00a0 23 cm. <\/span><\/p>\n","protected":false},"featured_media":1023,"template":"","meta":{"_acf_changed":false,"inline_featured_image":false},"product_brand":[],"product_cat":[27,651],"product_tag":[4193,3618],"class_list":{"0":"post-1024","1":"product","2":"type-product","3":"status-publish","4":"has-post-thumbnail","6":"product_cat-historia","7":"product_cat-historia-politica","8":"product_tag-cartonera-es","9":"product_tag-historia-y-critica","11":"first","12":"instock","13":"taxable","14":"shipping-taxable","15":"purchasable","16":"product-type-simple"},"acf":[],"yoast_head":"<!-- This site is optimized with the Yoast SEO plugin v27.3 - https:\/\/yoast.com\/product\/yoast-seo-wordpress\/ -->\n<title>Abrir\u00e1n las grandes alamedas: \u00daltimas palabras Salvador Allende<\/title>\n<meta name=\"description\" content=\"ABRIR\u00c1N LAS GRANDES ALAMEDAS : \u00daLTIMAS PALABRAS DE SALVADOR ALLENDE. \/ Gabriela Videla, \u00d3scar Soto. Cuernavaca, Morelos, M\u00e9xico : La Cartonera, 2013.\" \/>\n<meta name=\"robots\" content=\"index, follow, max-snippet:-1, max-image-preview:large, max-video-preview:-1\" \/>\n<link rel=\"canonical\" href=\"https:\/\/booksfrommexico.com\/es\/producto\/abriran-las-grandes-alameda-sultimas-palabras-de-salvador-allende\/\" \/>\n<meta property=\"og:locale\" content=\"es_ES\" \/>\n<meta property=\"og:type\" content=\"article\" \/>\n<meta property=\"og:title\" content=\"Abrir\u00e1n las grandes alamedas: \u00daltimas palabras Salvador Allende\" \/>\n<meta property=\"og:description\" content=\"ABRIR\u00c1N LAS GRANDES ALAMEDAS : \u00daLTIMAS PALABRAS DE SALVADOR ALLENDE. \/ Gabriela Videla, \u00d3scar Soto. Cuernavaca, Morelos, M\u00e9xico : La Cartonera, 2013.\" \/>\n<meta property=\"og:url\" content=\"https:\/\/booksfrommexico.com\/es\/producto\/abriran-las-grandes-alameda-sultimas-palabras-de-salvador-allende\/\" \/>\n<meta property=\"og:site_name\" content=\"Books From Mexico\" \/>\n<meta property=\"article:modified_time\" content=\"2024-05-07T20:42:30+00:00\" \/>\n<meta property=\"og:image\" content=\"http:\/\/booksfrommexico.com\/app\/uploads\/2023\/05\/169516.jpeg\" \/>\n\t<meta property=\"og:image:width\" content=\"425\" \/>\n\t<meta property=\"og:image:height\" content=\"648\" \/>\n\t<meta property=\"og:image:type\" content=\"image\/jpeg\" \/>\n<meta name=\"twitter:card\" content=\"summary_large_image\" \/>\n<meta name=\"twitter:label1\" content=\"Tiempo de lectura\" \/>\n\t<meta name=\"twitter:data1\" content=\"1 minuto\" \/>\n<script type=\"application\/ld+json\" class=\"yoast-schema-graph\">{\"@context\":\"https:\\\/\\\/schema.org\",\"@graph\":[{\"@type\":\"WebPage\",\"@id\":\"https:\\\/\\\/booksfrommexico.com\\\/es\\\/producto\\\/abriran-las-grandes-alameda-sultimas-palabras-de-salvador-allende\\\/\",\"url\":\"https:\\\/\\\/booksfrommexico.com\\\/es\\\/producto\\\/abriran-las-grandes-alameda-sultimas-palabras-de-salvador-allende\\\/\",\"name\":\"Abrir\u00e1n las grandes alamedas: \u00daltimas palabras Salvador Allende\",\"isPartOf\":{\"@id\":\"https:\\\/\\\/booksfrommexico.com\\\/#website\"},\"primaryImageOfPage\":{\"@id\":\"https:\\\/\\\/booksfrommexico.com\\\/es\\\/producto\\\/abriran-las-grandes-alameda-sultimas-palabras-de-salvador-allende\\\/#primaryimage\"},\"image\":{\"@id\":\"https:\\\/\\\/booksfrommexico.com\\\/es\\\/producto\\\/abriran-las-grandes-alameda-sultimas-palabras-de-salvador-allende\\\/#primaryimage\"},\"thumbnailUrl\":\"https:\\\/\\\/booksfrommexico.com\\\/app\\\/uploads\\\/2023\\\/05\\\/169516.jpeg\",\"datePublished\":\"2023-05-08T17:09:59+00:00\",\"dateModified\":\"2024-05-07T20:42:30+00:00\",\"description\":\"ABRIR\u00c1N LAS GRANDES ALAMEDAS : \u00daLTIMAS PALABRAS DE SALVADOR ALLENDE. \\\/ Gabriela Videla, \u00d3scar Soto. Cuernavaca, Morelos, M\u00e9xico : La Cartonera, 2013.\",\"breadcrumb\":{\"@id\":\"https:\\\/\\\/booksfrommexico.com\\\/es\\\/producto\\\/abriran-las-grandes-alameda-sultimas-palabras-de-salvador-allende\\\/#breadcrumb\"},\"inLanguage\":\"es\",\"potentialAction\":[{\"@type\":\"ReadAction\",\"target\":[\"https:\\\/\\\/booksfrommexico.com\\\/es\\\/producto\\\/abriran-las-grandes-alameda-sultimas-palabras-de-salvador-allende\\\/\"]}]},{\"@type\":\"ImageObject\",\"inLanguage\":\"es\",\"@id\":\"https:\\\/\\\/booksfrommexico.com\\\/es\\\/producto\\\/abriran-las-grandes-alameda-sultimas-palabras-de-salvador-allende\\\/#primaryimage\",\"url\":\"https:\\\/\\\/booksfrommexico.com\\\/app\\\/uploads\\\/2023\\\/05\\\/169516.jpeg\",\"contentUrl\":\"https:\\\/\\\/booksfrommexico.com\\\/app\\\/uploads\\\/2023\\\/05\\\/169516.jpeg\",\"width\":425,\"height\":648,\"caption\":\"Abrir\u00e1n las grandes alamedas, \u00faltimas palabras de Salvador Allende\"},{\"@type\":\"BreadcrumbList\",\"@id\":\"https:\\\/\\\/booksfrommexico.com\\\/es\\\/producto\\\/abriran-las-grandes-alameda-sultimas-palabras-de-salvador-allende\\\/#breadcrumb\",\"itemListElement\":[{\"@type\":\"ListItem\",\"position\":1,\"name\":\"Home\",\"item\":\"https:\\\/\\\/booksfrommexico.com\\\/es\\\/\"},{\"@type\":\"ListItem\",\"position\":2,\"name\":\"Libros\",\"item\":\"https:\\\/\\\/booksfrommexico.com\\\/es\\\/libros\\\/\"},{\"@type\":\"ListItem\",\"position\":3,\"name\":\"Abrir\u00e1n las grandes alamedas: \u00daltimas palabras de Salvador Allende\"}]},{\"@type\":\"WebSite\",\"@id\":\"https:\\\/\\\/booksfrommexico.com\\\/#website\",\"url\":\"https:\\\/\\\/booksfrommexico.com\\\/\",\"name\":\"Books From Mexico\",\"description\":\"\",\"publisher\":{\"@id\":\"https:\\\/\\\/booksfrommexico.com\\\/#organization\"},\"potentialAction\":[{\"@type\":\"SearchAction\",\"target\":{\"@type\":\"EntryPoint\",\"urlTemplate\":\"https:\\\/\\\/booksfrommexico.com\\\/?s={search_term_string}\"},\"query-input\":{\"@type\":\"PropertyValueSpecification\",\"valueRequired\":true,\"valueName\":\"search_term_string\"}}],\"inLanguage\":\"es\"},{\"@type\":\"Organization\",\"@id\":\"https:\\\/\\\/booksfrommexico.com\\\/#organization\",\"name\":\"Books From Mexico\",\"url\":\"https:\\\/\\\/booksfrommexico.com\\\/\",\"logo\":{\"@type\":\"ImageObject\",\"inLanguage\":\"es\",\"@id\":\"https:\\\/\\\/booksfrommexico.com\\\/#\\\/schema\\\/logo\\\/image\\\/\",\"url\":\"https:\\\/\\\/booksfrommexico.com\\\/app\\\/uploads\\\/2023\\\/05\\\/logo-booksfrommexico.svg\",\"contentUrl\":\"https:\\\/\\\/booksfrommexico.com\\\/app\\\/uploads\\\/2023\\\/05\\\/logo-booksfrommexico.svg\",\"width\":86,\"height\":56,\"caption\":\"Books From Mexico\"},\"image\":{\"@id\":\"https:\\\/\\\/booksfrommexico.com\\\/#\\\/schema\\\/logo\\\/image\\\/\"}}]}<\/script>\n<!-- \/ Yoast SEO plugin. -->","yoast_head_json":{"title":"Abrir\u00e1n las grandes alamedas: \u00daltimas palabras Salvador Allende","description":"ABRIR\u00c1N LAS GRANDES ALAMEDAS : \u00daLTIMAS PALABRAS DE SALVADOR ALLENDE. \/ Gabriela Videla, \u00d3scar Soto. Cuernavaca, Morelos, M\u00e9xico : La Cartonera, 2013.","robots":{"index":"index","follow":"follow","max-snippet":"max-snippet:-1","max-image-preview":"max-image-preview:large","max-video-preview":"max-video-preview:-1"},"canonical":"https:\/\/booksfrommexico.com\/es\/producto\/abriran-las-grandes-alameda-sultimas-palabras-de-salvador-allende\/","og_locale":"es_ES","og_type":"article","og_title":"Abrir\u00e1n las grandes alamedas: \u00daltimas palabras Salvador Allende","og_description":"ABRIR\u00c1N LAS GRANDES ALAMEDAS : \u00daLTIMAS PALABRAS DE SALVADOR ALLENDE. \/ Gabriela Videla, \u00d3scar Soto. Cuernavaca, Morelos, M\u00e9xico : La Cartonera, 2013.","og_url":"https:\/\/booksfrommexico.com\/es\/producto\/abriran-las-grandes-alameda-sultimas-palabras-de-salvador-allende\/","og_site_name":"Books From Mexico","article_modified_time":"2024-05-07T20:42:30+00:00","og_image":[{"width":425,"height":648,"url":"http:\/\/booksfrommexico.com\/app\/uploads\/2023\/05\/169516.jpeg","type":"image\/jpeg"}],"twitter_card":"summary_large_image","twitter_misc":{"Tiempo de lectura":"1 minuto"},"schema":{"@context":"https:\/\/schema.org","@graph":[{"@type":"WebPage","@id":"https:\/\/booksfrommexico.com\/es\/producto\/abriran-las-grandes-alameda-sultimas-palabras-de-salvador-allende\/","url":"https:\/\/booksfrommexico.com\/es\/producto\/abriran-las-grandes-alameda-sultimas-palabras-de-salvador-allende\/","name":"Abrir\u00e1n las grandes alamedas: \u00daltimas palabras Salvador Allende","isPartOf":{"@id":"https:\/\/booksfrommexico.com\/#website"},"primaryImageOfPage":{"@id":"https:\/\/booksfrommexico.com\/es\/producto\/abriran-las-grandes-alameda-sultimas-palabras-de-salvador-allende\/#primaryimage"},"image":{"@id":"https:\/\/booksfrommexico.com\/es\/producto\/abriran-las-grandes-alameda-sultimas-palabras-de-salvador-allende\/#primaryimage"},"thumbnailUrl":"https:\/\/booksfrommexico.com\/app\/uploads\/2023\/05\/169516.jpeg","datePublished":"2023-05-08T17:09:59+00:00","dateModified":"2024-05-07T20:42:30+00:00","description":"ABRIR\u00c1N LAS GRANDES ALAMEDAS : \u00daLTIMAS PALABRAS DE SALVADOR ALLENDE. \/ Gabriela Videla, \u00d3scar Soto. Cuernavaca, Morelos, M\u00e9xico : La Cartonera, 2013.","breadcrumb":{"@id":"https:\/\/booksfrommexico.com\/es\/producto\/abriran-las-grandes-alameda-sultimas-palabras-de-salvador-allende\/#breadcrumb"},"inLanguage":"es","potentialAction":[{"@type":"ReadAction","target":["https:\/\/booksfrommexico.com\/es\/producto\/abriran-las-grandes-alameda-sultimas-palabras-de-salvador-allende\/"]}]},{"@type":"ImageObject","inLanguage":"es","@id":"https:\/\/booksfrommexico.com\/es\/producto\/abriran-las-grandes-alameda-sultimas-palabras-de-salvador-allende\/#primaryimage","url":"https:\/\/booksfrommexico.com\/app\/uploads\/2023\/05\/169516.jpeg","contentUrl":"https:\/\/booksfrommexico.com\/app\/uploads\/2023\/05\/169516.jpeg","width":425,"height":648,"caption":"Abrir\u00e1n las grandes alamedas, \u00faltimas palabras de Salvador Allende"},{"@type":"BreadcrumbList","@id":"https:\/\/booksfrommexico.com\/es\/producto\/abriran-las-grandes-alameda-sultimas-palabras-de-salvador-allende\/#breadcrumb","itemListElement":[{"@type":"ListItem","position":1,"name":"Home","item":"https:\/\/booksfrommexico.com\/es\/"},{"@type":"ListItem","position":2,"name":"Libros","item":"https:\/\/booksfrommexico.com\/es\/libros\/"},{"@type":"ListItem","position":3,"name":"Abrir\u00e1n las grandes alamedas: \u00daltimas palabras de Salvador Allende"}]},{"@type":"WebSite","@id":"https:\/\/booksfrommexico.com\/#website","url":"https:\/\/booksfrommexico.com\/","name":"Books From Mexico","description":"","publisher":{"@id":"https:\/\/booksfrommexico.com\/#organization"},"potentialAction":[{"@type":"SearchAction","target":{"@type":"EntryPoint","urlTemplate":"https:\/\/booksfrommexico.com\/?s={search_term_string}"},"query-input":{"@type":"PropertyValueSpecification","valueRequired":true,"valueName":"search_term_string"}}],"inLanguage":"es"},{"@type":"Organization","@id":"https:\/\/booksfrommexico.com\/#organization","name":"Books From Mexico","url":"https:\/\/booksfrommexico.com\/","logo":{"@type":"ImageObject","inLanguage":"es","@id":"https:\/\/booksfrommexico.com\/#\/schema\/logo\/image\/","url":"https:\/\/booksfrommexico.com\/app\/uploads\/2023\/05\/logo-booksfrommexico.svg","contentUrl":"https:\/\/booksfrommexico.com\/app\/uploads\/2023\/05\/logo-booksfrommexico.svg","width":86,"height":56,"caption":"Books From Mexico"},"image":{"@id":"https:\/\/booksfrommexico.com\/#\/schema\/logo\/image\/"}}]}},"_links":{"self":[{"href":"https:\/\/booksfrommexico.com\/es\/wp-json\/wp\/v2\/product\/1024","targetHints":{"allow":["GET"]}}],"collection":[{"href":"https:\/\/booksfrommexico.com\/es\/wp-json\/wp\/v2\/product"}],"about":[{"href":"https:\/\/booksfrommexico.com\/es\/wp-json\/wp\/v2\/types\/product"}],"wp:featuredmedia":[{"embeddable":true,"href":"https:\/\/booksfrommexico.com\/es\/wp-json\/wp\/v2\/media\/1023"}],"wp:attachment":[{"href":"https:\/\/booksfrommexico.com\/es\/wp-json\/wp\/v2\/media?parent=1024"}],"wp:term":[{"taxonomy":"product_brand","embeddable":true,"href":"https:\/\/booksfrommexico.com\/es\/wp-json\/wp\/v2\/product_brand?post=1024"},{"taxonomy":"product_cat","embeddable":true,"href":"https:\/\/booksfrommexico.com\/es\/wp-json\/wp\/v2\/product_cat?post=1024"},{"taxonomy":"product_tag","embeddable":true,"href":"https:\/\/booksfrommexico.com\/es\/wp-json\/wp\/v2\/product_tag?post=1024"}],"curies":[{"name":"wp","href":"https:\/\/api.w.org\/{rel}","templated":true}]}}