{"id":1026,"date":"2023-05-08T17:10:01","date_gmt":"2023-05-08T17:10:01","guid":{"rendered":"http:\/\/booksfrommexico.com\/product\/viajes-al-este-de-la-ciudad-journey-to-the-citys-east-side-una-cronica-de-la-guerra-contra-en-el-narco-en-tijuana-a-chronicle-of-the-war-against-narcos-in-tijuana\/"},"modified":"2024-05-07T23:16:33","modified_gmt":"2024-05-07T23:16:33","slug":"viajes-al-este-de-la-ciudad-journey-to-the-citys-east-side-una-cronica-de-la-guerra-contra-en-el-narco-en-tijuana-a-chronicle-of-the-war-against-narcos-in-tijuana","status":"publish","type":"product","link":"https:\/\/booksfrommexico.com\/es\/producto\/viajes-al-este-de-la-ciudad-journey-to-the-citys-east-side-una-cronica-de-la-guerra-contra-en-el-narco-en-tijuana-a-chronicle-of-the-war-against-narcos-in-tijuana\/","title":{"rendered":"Viajes al este de la ciudad: Una cr\u00f3nica de la guerra contra en el narco en Tijuana"},"content":{"rendered":"<p><span style=\"font-weight: 400;\">La llamada \u201cGuerra contra el narco\u201d desatada en M\u00e9xico con el sexenio del presidente Felipe Calder\u00f3n, comenz\u00f3 causando estragos en Tijuana, al ser \u201cdescubiertas\u201d fosas clandestinas en las zonas m\u00e1s pobres de la ciudad. Tras estos hallazgos, continu\u00f3 una racha de violencia que se extendi\u00f3 por todo el pa\u00eds, amenazando no s\u00f3lo a los habitantes sino tambi\u00e9n a periodistas, reporteros y fot\u00f3grafos que buscaban hacer su labor. La poblaci\u00f3n comenz\u00f3 a normalizar esto, perdiendo sensibilidad ante las desapariciones forzadas, secuestros, asesinatos y narcomensajes. En este t\u00edtulo el autor ofrece muchos pormenores de esta historia del pa\u00eds, acompa\u00f1ados de fotograf\u00edas y en una versi\u00f3n biling\u00fce espa\u00f1ol-ingl\u00e9s.<\/span><\/p>\n","protected":false},"excerpt":{"rendered":"<p>VIAJES AL ESTE DE LA CIUDAD : UNA CR\u00d3NICA DE LA GUERRA CONTRA EL NARCO EN TIJUANA : JOURNEY TO THE CITY&#8217;S EAST SIDE :\u00a0 A CHRONICLE OF THE WAR AGAINST NARCOS IN TIJUANA. <span style=\"font-weight: 400;\">\/ Omar Mill\u00e1n. Bilingual edition. M\u00e9xico, D.F. : Trilce Ediciones ; Consejo Nacional para la Cultura y las Artes , Direcci\u00f3n General de Publicaciones, 2013. 391 pages : includes photos, references, semblance. ISBN : 9786077663621 (Trilce) ; 9786075163109 (CONACULTA).<\/span><\/p>\n","protected":false},"featured_media":1025,"template":"","meta":{"_acf_changed":false,"inline_featured_image":false},"product_brand":[],"product_cat":[3331],"product_tag":[4306],"class_list":{"0":"post-1026","1":"product","2":"type-product","3":"status-publish","4":"has-post-thumbnail","6":"product_cat-drogas-narcotrafico-narcopolitica-y-narcosociedad","7":"product_tag-tijuana-mexico","9":"first","10":"instock","11":"taxable","12":"shipping-taxable","13":"purchasable","14":"product-type-simple"},"acf":[],"yoast_head":"<!-- This site is optimized with the Yoast SEO plugin v27.3 - https:\/\/yoast.com\/product\/yoast-seo-wordpress\/ -->\n<title>Viajes al este de la ciudad: Journey to the city&#039;s east side<\/title>\n<meta name=\"description\" content=\"VIAJES AL ESTE DE LA CIUDAD : UNA CR\u00d3NICA DE LA GUERRA CONTRA EL NARCO EN TIJUANA \/ Omar Mill\u00e1n. Bilingual edition. Trilce Ediciones ; CONACULTA, 2013.\" \/>\n<meta name=\"robots\" content=\"index, follow, max-snippet:-1, max-image-preview:large, max-video-preview:-1\" \/>\n<link rel=\"canonical\" href=\"https:\/\/booksfrommexico.com\/es\/producto\/viajes-al-este-de-la-ciudad-journey-to-the-citys-east-side-una-cronica-de-la-guerra-contra-en-el-narco-en-tijuana-a-chronicle-of-the-war-against-narcos-in-tijuana\/\" \/>\n<meta property=\"og:locale\" content=\"es_ES\" \/>\n<meta property=\"og:type\" content=\"article\" \/>\n<meta property=\"og:title\" content=\"Viajes al este de la ciudad: Journey to the city&#039;s east side\" \/>\n<meta property=\"og:description\" content=\"VIAJES AL ESTE DE LA CIUDAD : UNA CR\u00d3NICA DE LA GUERRA CONTRA EL NARCO EN TIJUANA \/ Omar Mill\u00e1n. Bilingual edition. Trilce Ediciones ; CONACULTA, 2013.\" \/>\n<meta property=\"og:url\" content=\"https:\/\/booksfrommexico.com\/es\/producto\/viajes-al-este-de-la-ciudad-journey-to-the-citys-east-side-una-cronica-de-la-guerra-contra-en-el-narco-en-tijuana-a-chronicle-of-the-war-against-narcos-in-tijuana\/\" \/>\n<meta property=\"og:site_name\" content=\"Books From Mexico\" \/>\n<meta property=\"article:modified_time\" content=\"2024-05-07T23:16:33+00:00\" \/>\n<meta property=\"og:image\" content=\"http:\/\/booksfrommexico.com\/app\/uploads\/2023\/05\/170356.jpeg\" \/>\n\t<meta property=\"og:image:width\" content=\"477\" \/>\n\t<meta property=\"og:image:height\" content=\"653\" \/>\n\t<meta property=\"og:image:type\" content=\"image\/jpeg\" \/>\n<meta name=\"twitter:card\" content=\"summary_large_image\" \/>\n<meta name=\"twitter:label1\" content=\"Tiempo de lectura\" \/>\n\t<meta name=\"twitter:data1\" content=\"1 minuto\" \/>\n<script type=\"application\/ld+json\" class=\"yoast-schema-graph\">{\"@context\":\"https:\\\/\\\/schema.org\",\"@graph\":[{\"@type\":\"WebPage\",\"@id\":\"https:\\\/\\\/booksfrommexico.com\\\/es\\\/producto\\\/viajes-al-este-de-la-ciudad-journey-to-the-citys-east-side-una-cronica-de-la-guerra-contra-en-el-narco-en-tijuana-a-chronicle-of-the-war-against-narcos-in-tijuana\\\/\",\"url\":\"https:\\\/\\\/booksfrommexico.com\\\/es\\\/producto\\\/viajes-al-este-de-la-ciudad-journey-to-the-citys-east-side-una-cronica-de-la-guerra-contra-en-el-narco-en-tijuana-a-chronicle-of-the-war-against-narcos-in-tijuana\\\/\",\"name\":\"Viajes al este de la ciudad: Journey to the city's east side\",\"isPartOf\":{\"@id\":\"https:\\\/\\\/booksfrommexico.com\\\/#website\"},\"primaryImageOfPage\":{\"@id\":\"https:\\\/\\\/booksfrommexico.com\\\/es\\\/producto\\\/viajes-al-este-de-la-ciudad-journey-to-the-citys-east-side-una-cronica-de-la-guerra-contra-en-el-narco-en-tijuana-a-chronicle-of-the-war-against-narcos-in-tijuana\\\/#primaryimage\"},\"image\":{\"@id\":\"https:\\\/\\\/booksfrommexico.com\\\/es\\\/producto\\\/viajes-al-este-de-la-ciudad-journey-to-the-citys-east-side-una-cronica-de-la-guerra-contra-en-el-narco-en-tijuana-a-chronicle-of-the-war-against-narcos-in-tijuana\\\/#primaryimage\"},\"thumbnailUrl\":\"https:\\\/\\\/booksfrommexico.com\\\/app\\\/uploads\\\/2023\\\/05\\\/170356.jpeg\",\"datePublished\":\"2023-05-08T17:10:01+00:00\",\"dateModified\":\"2024-05-07T23:16:33+00:00\",\"description\":\"VIAJES AL ESTE DE LA CIUDAD : UNA CR\u00d3NICA DE LA GUERRA CONTRA EL NARCO EN TIJUANA \\\/ Omar Mill\u00e1n. Bilingual edition. Trilce Ediciones ; CONACULTA, 2013.\",\"breadcrumb\":{\"@id\":\"https:\\\/\\\/booksfrommexico.com\\\/es\\\/producto\\\/viajes-al-este-de-la-ciudad-journey-to-the-citys-east-side-una-cronica-de-la-guerra-contra-en-el-narco-en-tijuana-a-chronicle-of-the-war-against-narcos-in-tijuana\\\/#breadcrumb\"},\"inLanguage\":\"es\",\"potentialAction\":[{\"@type\":\"ReadAction\",\"target\":[\"https:\\\/\\\/booksfrommexico.com\\\/es\\\/producto\\\/viajes-al-este-de-la-ciudad-journey-to-the-citys-east-side-una-cronica-de-la-guerra-contra-en-el-narco-en-tijuana-a-chronicle-of-the-war-against-narcos-in-tijuana\\\/\"]}]},{\"@type\":\"ImageObject\",\"inLanguage\":\"es\",\"@id\":\"https:\\\/\\\/booksfrommexico.com\\\/es\\\/producto\\\/viajes-al-este-de-la-ciudad-journey-to-the-citys-east-side-una-cronica-de-la-guerra-contra-en-el-narco-en-tijuana-a-chronicle-of-the-war-against-narcos-in-tijuana\\\/#primaryimage\",\"url\":\"https:\\\/\\\/booksfrommexico.com\\\/app\\\/uploads\\\/2023\\\/05\\\/170356.jpeg\",\"contentUrl\":\"https:\\\/\\\/booksfrommexico.com\\\/app\\\/uploads\\\/2023\\\/05\\\/170356.jpeg\",\"width\":477,\"height\":653,\"caption\":\"Viajes al este de la ciudad = Journey to the city's east side una cr\u00f3nica de la guerra contra en el narco en Tijuana = A chronicle of the war against narcos in Tijuana\"},{\"@type\":\"BreadcrumbList\",\"@id\":\"https:\\\/\\\/booksfrommexico.com\\\/es\\\/producto\\\/viajes-al-este-de-la-ciudad-journey-to-the-citys-east-side-una-cronica-de-la-guerra-contra-en-el-narco-en-tijuana-a-chronicle-of-the-war-against-narcos-in-tijuana\\\/#breadcrumb\",\"itemListElement\":[{\"@type\":\"ListItem\",\"position\":1,\"name\":\"Home\",\"item\":\"https:\\\/\\\/booksfrommexico.com\\\/es\\\/\"},{\"@type\":\"ListItem\",\"position\":2,\"name\":\"Libros\",\"item\":\"https:\\\/\\\/booksfrommexico.com\\\/es\\\/libros\\\/\"},{\"@type\":\"ListItem\",\"position\":3,\"name\":\"Viajes al este de la ciudad: Una cr\u00f3nica de la guerra contra en el narco en Tijuana\"}]},{\"@type\":\"WebSite\",\"@id\":\"https:\\\/\\\/booksfrommexico.com\\\/#website\",\"url\":\"https:\\\/\\\/booksfrommexico.com\\\/\",\"name\":\"Books From Mexico\",\"description\":\"\",\"publisher\":{\"@id\":\"https:\\\/\\\/booksfrommexico.com\\\/#organization\"},\"potentialAction\":[{\"@type\":\"SearchAction\",\"target\":{\"@type\":\"EntryPoint\",\"urlTemplate\":\"https:\\\/\\\/booksfrommexico.com\\\/?s={search_term_string}\"},\"query-input\":{\"@type\":\"PropertyValueSpecification\",\"valueRequired\":true,\"valueName\":\"search_term_string\"}}],\"inLanguage\":\"es\"},{\"@type\":\"Organization\",\"@id\":\"https:\\\/\\\/booksfrommexico.com\\\/#organization\",\"name\":\"Books From Mexico\",\"url\":\"https:\\\/\\\/booksfrommexico.com\\\/\",\"logo\":{\"@type\":\"ImageObject\",\"inLanguage\":\"es\",\"@id\":\"https:\\\/\\\/booksfrommexico.com\\\/#\\\/schema\\\/logo\\\/image\\\/\",\"url\":\"https:\\\/\\\/booksfrommexico.com\\\/app\\\/uploads\\\/2023\\\/05\\\/logo-booksfrommexico.svg\",\"contentUrl\":\"https:\\\/\\\/booksfrommexico.com\\\/app\\\/uploads\\\/2023\\\/05\\\/logo-booksfrommexico.svg\",\"width\":86,\"height\":56,\"caption\":\"Books From Mexico\"},\"image\":{\"@id\":\"https:\\\/\\\/booksfrommexico.com\\\/#\\\/schema\\\/logo\\\/image\\\/\"}}]}<\/script>\n<!-- \/ Yoast SEO plugin. -->","yoast_head_json":{"title":"Viajes al este de la ciudad: Journey to the city's east side","description":"VIAJES AL ESTE DE LA CIUDAD : UNA CR\u00d3NICA DE LA GUERRA CONTRA EL NARCO EN TIJUANA \/ Omar Mill\u00e1n. Bilingual edition. Trilce Ediciones ; CONACULTA, 2013.","robots":{"index":"index","follow":"follow","max-snippet":"max-snippet:-1","max-image-preview":"max-image-preview:large","max-video-preview":"max-video-preview:-1"},"canonical":"https:\/\/booksfrommexico.com\/es\/producto\/viajes-al-este-de-la-ciudad-journey-to-the-citys-east-side-una-cronica-de-la-guerra-contra-en-el-narco-en-tijuana-a-chronicle-of-the-war-against-narcos-in-tijuana\/","og_locale":"es_ES","og_type":"article","og_title":"Viajes al este de la ciudad: Journey to the city's east side","og_description":"VIAJES AL ESTE DE LA CIUDAD : UNA CR\u00d3NICA DE LA GUERRA CONTRA EL NARCO EN TIJUANA \/ Omar Mill\u00e1n. Bilingual edition. Trilce Ediciones ; CONACULTA, 2013.","og_url":"https:\/\/booksfrommexico.com\/es\/producto\/viajes-al-este-de-la-ciudad-journey-to-the-citys-east-side-una-cronica-de-la-guerra-contra-en-el-narco-en-tijuana-a-chronicle-of-the-war-against-narcos-in-tijuana\/","og_site_name":"Books From Mexico","article_modified_time":"2024-05-07T23:16:33+00:00","og_image":[{"width":477,"height":653,"url":"http:\/\/booksfrommexico.com\/app\/uploads\/2023\/05\/170356.jpeg","type":"image\/jpeg"}],"twitter_card":"summary_large_image","twitter_misc":{"Tiempo de lectura":"1 minuto"},"schema":{"@context":"https:\/\/schema.org","@graph":[{"@type":"WebPage","@id":"https:\/\/booksfrommexico.com\/es\/producto\/viajes-al-este-de-la-ciudad-journey-to-the-citys-east-side-una-cronica-de-la-guerra-contra-en-el-narco-en-tijuana-a-chronicle-of-the-war-against-narcos-in-tijuana\/","url":"https:\/\/booksfrommexico.com\/es\/producto\/viajes-al-este-de-la-ciudad-journey-to-the-citys-east-side-una-cronica-de-la-guerra-contra-en-el-narco-en-tijuana-a-chronicle-of-the-war-against-narcos-in-tijuana\/","name":"Viajes al este de la ciudad: Journey to the city's east side","isPartOf":{"@id":"https:\/\/booksfrommexico.com\/#website"},"primaryImageOfPage":{"@id":"https:\/\/booksfrommexico.com\/es\/producto\/viajes-al-este-de-la-ciudad-journey-to-the-citys-east-side-una-cronica-de-la-guerra-contra-en-el-narco-en-tijuana-a-chronicle-of-the-war-against-narcos-in-tijuana\/#primaryimage"},"image":{"@id":"https:\/\/booksfrommexico.com\/es\/producto\/viajes-al-este-de-la-ciudad-journey-to-the-citys-east-side-una-cronica-de-la-guerra-contra-en-el-narco-en-tijuana-a-chronicle-of-the-war-against-narcos-in-tijuana\/#primaryimage"},"thumbnailUrl":"https:\/\/booksfrommexico.com\/app\/uploads\/2023\/05\/170356.jpeg","datePublished":"2023-05-08T17:10:01+00:00","dateModified":"2024-05-07T23:16:33+00:00","description":"VIAJES AL ESTE DE LA CIUDAD : UNA CR\u00d3NICA DE LA GUERRA CONTRA EL NARCO EN TIJUANA \/ Omar Mill\u00e1n. Bilingual edition. Trilce Ediciones ; CONACULTA, 2013.","breadcrumb":{"@id":"https:\/\/booksfrommexico.com\/es\/producto\/viajes-al-este-de-la-ciudad-journey-to-the-citys-east-side-una-cronica-de-la-guerra-contra-en-el-narco-en-tijuana-a-chronicle-of-the-war-against-narcos-in-tijuana\/#breadcrumb"},"inLanguage":"es","potentialAction":[{"@type":"ReadAction","target":["https:\/\/booksfrommexico.com\/es\/producto\/viajes-al-este-de-la-ciudad-journey-to-the-citys-east-side-una-cronica-de-la-guerra-contra-en-el-narco-en-tijuana-a-chronicle-of-the-war-against-narcos-in-tijuana\/"]}]},{"@type":"ImageObject","inLanguage":"es","@id":"https:\/\/booksfrommexico.com\/es\/producto\/viajes-al-este-de-la-ciudad-journey-to-the-citys-east-side-una-cronica-de-la-guerra-contra-en-el-narco-en-tijuana-a-chronicle-of-the-war-against-narcos-in-tijuana\/#primaryimage","url":"https:\/\/booksfrommexico.com\/app\/uploads\/2023\/05\/170356.jpeg","contentUrl":"https:\/\/booksfrommexico.com\/app\/uploads\/2023\/05\/170356.jpeg","width":477,"height":653,"caption":"Viajes al este de la ciudad = Journey to the city's east side una cr\u00f3nica de la guerra contra en el narco en Tijuana = A chronicle of the war against narcos in Tijuana"},{"@type":"BreadcrumbList","@id":"https:\/\/booksfrommexico.com\/es\/producto\/viajes-al-este-de-la-ciudad-journey-to-the-citys-east-side-una-cronica-de-la-guerra-contra-en-el-narco-en-tijuana-a-chronicle-of-the-war-against-narcos-in-tijuana\/#breadcrumb","itemListElement":[{"@type":"ListItem","position":1,"name":"Home","item":"https:\/\/booksfrommexico.com\/es\/"},{"@type":"ListItem","position":2,"name":"Libros","item":"https:\/\/booksfrommexico.com\/es\/libros\/"},{"@type":"ListItem","position":3,"name":"Viajes al este de la ciudad: Una cr\u00f3nica de la guerra contra en el narco en Tijuana"}]},{"@type":"WebSite","@id":"https:\/\/booksfrommexico.com\/#website","url":"https:\/\/booksfrommexico.com\/","name":"Books From Mexico","description":"","publisher":{"@id":"https:\/\/booksfrommexico.com\/#organization"},"potentialAction":[{"@type":"SearchAction","target":{"@type":"EntryPoint","urlTemplate":"https:\/\/booksfrommexico.com\/?s={search_term_string}"},"query-input":{"@type":"PropertyValueSpecification","valueRequired":true,"valueName":"search_term_string"}}],"inLanguage":"es"},{"@type":"Organization","@id":"https:\/\/booksfrommexico.com\/#organization","name":"Books From Mexico","url":"https:\/\/booksfrommexico.com\/","logo":{"@type":"ImageObject","inLanguage":"es","@id":"https:\/\/booksfrommexico.com\/#\/schema\/logo\/image\/","url":"https:\/\/booksfrommexico.com\/app\/uploads\/2023\/05\/logo-booksfrommexico.svg","contentUrl":"https:\/\/booksfrommexico.com\/app\/uploads\/2023\/05\/logo-booksfrommexico.svg","width":86,"height":56,"caption":"Books From Mexico"},"image":{"@id":"https:\/\/booksfrommexico.com\/#\/schema\/logo\/image\/"}}]}},"_links":{"self":[{"href":"https:\/\/booksfrommexico.com\/es\/wp-json\/wp\/v2\/product\/1026","targetHints":{"allow":["GET"]}}],"collection":[{"href":"https:\/\/booksfrommexico.com\/es\/wp-json\/wp\/v2\/product"}],"about":[{"href":"https:\/\/booksfrommexico.com\/es\/wp-json\/wp\/v2\/types\/product"}],"wp:featuredmedia":[{"embeddable":true,"href":"https:\/\/booksfrommexico.com\/es\/wp-json\/wp\/v2\/media\/1025"}],"wp:attachment":[{"href":"https:\/\/booksfrommexico.com\/es\/wp-json\/wp\/v2\/media?parent=1026"}],"wp:term":[{"taxonomy":"product_brand","embeddable":true,"href":"https:\/\/booksfrommexico.com\/es\/wp-json\/wp\/v2\/product_brand?post=1026"},{"taxonomy":"product_cat","embeddable":true,"href":"https:\/\/booksfrommexico.com\/es\/wp-json\/wp\/v2\/product_cat?post=1026"},{"taxonomy":"product_tag","embeddable":true,"href":"https:\/\/booksfrommexico.com\/es\/wp-json\/wp\/v2\/product_tag?post=1026"}],"curies":[{"name":"wp","href":"https:\/\/api.w.org\/{rel}","templated":true}]}}