{"id":1028,"date":"2023-05-08T17:10:03","date_gmt":"2023-05-08T17:10:03","guid":{"rendered":"http:\/\/booksfrommexico.com\/product\/el-campesinado-y-su-persistencia-en-la-actualidad-mexicana\/"},"modified":"2024-05-07T22:20:55","modified_gmt":"2024-05-07T22:20:55","slug":"el-campesinado-y-su-persistencia-en-la-actualidad-mexicana","status":"publish","type":"product","link":"https:\/\/booksfrommexico.com\/es\/producto\/el-campesinado-y-su-persistencia-en-la-actualidad-mexicana\/","title":{"rendered":"El Campesinado y su persistencia en la actualidad mexicana"},"content":{"rendered":"<p><span style=\"font-weight: 400;\">Hablar del campesinado es hablar de un mundo complejo, diverso y cambiante, es por ello que a trav\u00e9s del trabajo de investigaci\u00f3n y an\u00e1lisis de 13 autores que desde sus respectivas \u00e1reas (historia, antropolog\u00eda, econom\u00eda rural) brindan una visi\u00f3n integral de las problem\u00e1ticas de los campesinos en M\u00e9xico. El eje central de estos trabajos es la vida rural mexicana y los cambios que ha atravesado desde la Revoluci\u00f3n mexicana, el movimiento zapatista, hasta la actualidad. Mediante la exploraci\u00f3n de distintos temas, periodos y facetas del campo, se ofrece una perspectiva del M\u00e9xico rural durante el siglo XX y el umbral del XXI.<\/span><\/p>\n","protected":false},"excerpt":{"rendered":"<p>EL CAMPESINADO Y SU PERSISTENCIA EN LA ACTUALIDAD MEXICANA.<span style=\"font-weight: 400;\"> \/ Tanal\u00eds Padilla (coordinator). M\u00e9xico, D.F. : Fondo de Cultura Econ\u00f3mica , Consejo Nacional para la Cultura y las Artes, 2013. 507 pages : includes references, tables, charts, bibliography at the end of each chapter ; 22 cm. (Colecci\u00f3n Biblioteca Mexicana ; Serie Historia y Antropolog\u00eda). ISBN : 9786075164168. <\/span><\/p>\n","protected":false},"featured_media":1027,"template":"","meta":{"_acf_changed":false,"inline_featured_image":false},"product_brand":[],"product_cat":[182,78],"product_tag":[3695,3839],"class_list":{"0":"post-1028","1":"product","2":"type-product","3":"status-publish","4":"has-post-thumbnail","6":"product_cat-estudios-culturales-y-de-identidad-sociologia","7":"product_cat-sociologia","8":"product_tag-levantamiento-campesino","9":"product_tag-trabajadores","11":"first","12":"instock","13":"taxable","14":"shipping-taxable","15":"purchasable","16":"product-type-simple"},"acf":[],"yoast_head":"<!-- This site is optimized with the Yoast SEO plugin v27.3 - https:\/\/yoast.com\/product\/yoast-seo-wordpress\/ -->\n<title>El Campesinado y su persistencia en la actualidad mexicana<\/title>\n<meta name=\"description\" content=\"EL CAMPESINADO Y SU PERSISTENCIA EN LA ACTUALIDAD MEXICANA. \/ Tanal\u00eds Padilla (coordinator). M\u00e9xico, D.F. : Fondo de Cultura Econ\u00f3mica , CONACULTA, 2013.\" \/>\n<meta name=\"robots\" content=\"index, follow, max-snippet:-1, max-image-preview:large, max-video-preview:-1\" \/>\n<link rel=\"canonical\" href=\"https:\/\/booksfrommexico.com\/es\/producto\/el-campesinado-y-su-persistencia-en-la-actualidad-mexicana\/\" \/>\n<meta property=\"og:locale\" content=\"es_ES\" \/>\n<meta property=\"og:type\" content=\"article\" \/>\n<meta property=\"og:title\" content=\"El Campesinado y su persistencia en la actualidad mexicana\" \/>\n<meta property=\"og:description\" content=\"EL CAMPESINADO Y SU PERSISTENCIA EN LA ACTUALIDAD MEXICANA. \/ Tanal\u00eds Padilla (coordinator). M\u00e9xico, D.F. : Fondo de Cultura Econ\u00f3mica , CONACULTA, 2013.\" \/>\n<meta property=\"og:url\" content=\"https:\/\/booksfrommexico.com\/es\/producto\/el-campesinado-y-su-persistencia-en-la-actualidad-mexicana\/\" \/>\n<meta property=\"og:site_name\" content=\"Books From Mexico\" \/>\n<meta property=\"article:modified_time\" content=\"2024-05-07T22:20:55+00:00\" \/>\n<meta property=\"og:image\" content=\"http:\/\/booksfrommexico.com\/app\/uploads\/2023\/05\/170577.jpeg\" \/>\n\t<meta property=\"og:image:width\" content=\"387\" \/>\n\t<meta property=\"og:image:height\" content=\"610\" \/>\n\t<meta property=\"og:image:type\" content=\"image\/jpeg\" \/>\n<meta name=\"twitter:card\" content=\"summary_large_image\" \/>\n<meta name=\"twitter:label1\" content=\"Tiempo de lectura\" \/>\n\t<meta name=\"twitter:data1\" content=\"1 minuto\" \/>\n<script type=\"application\/ld+json\" class=\"yoast-schema-graph\">{\"@context\":\"https:\\\/\\\/schema.org\",\"@graph\":[{\"@type\":\"WebPage\",\"@id\":\"https:\\\/\\\/booksfrommexico.com\\\/es\\\/producto\\\/el-campesinado-y-su-persistencia-en-la-actualidad-mexicana\\\/\",\"url\":\"https:\\\/\\\/booksfrommexico.com\\\/es\\\/producto\\\/el-campesinado-y-su-persistencia-en-la-actualidad-mexicana\\\/\",\"name\":\"El Campesinado y su persistencia en la actualidad mexicana\",\"isPartOf\":{\"@id\":\"https:\\\/\\\/booksfrommexico.com\\\/#website\"},\"primaryImageOfPage\":{\"@id\":\"https:\\\/\\\/booksfrommexico.com\\\/es\\\/producto\\\/el-campesinado-y-su-persistencia-en-la-actualidad-mexicana\\\/#primaryimage\"},\"image\":{\"@id\":\"https:\\\/\\\/booksfrommexico.com\\\/es\\\/producto\\\/el-campesinado-y-su-persistencia-en-la-actualidad-mexicana\\\/#primaryimage\"},\"thumbnailUrl\":\"https:\\\/\\\/booksfrommexico.com\\\/app\\\/uploads\\\/2023\\\/05\\\/170577.jpeg\",\"datePublished\":\"2023-05-08T17:10:03+00:00\",\"dateModified\":\"2024-05-07T22:20:55+00:00\",\"description\":\"EL CAMPESINADO Y SU PERSISTENCIA EN LA ACTUALIDAD MEXICANA. \\\/ Tanal\u00eds Padilla (coordinator). M\u00e9xico, D.F. : Fondo de Cultura Econ\u00f3mica , CONACULTA, 2013.\",\"breadcrumb\":{\"@id\":\"https:\\\/\\\/booksfrommexico.com\\\/es\\\/producto\\\/el-campesinado-y-su-persistencia-en-la-actualidad-mexicana\\\/#breadcrumb\"},\"inLanguage\":\"es\",\"potentialAction\":[{\"@type\":\"ReadAction\",\"target\":[\"https:\\\/\\\/booksfrommexico.com\\\/es\\\/producto\\\/el-campesinado-y-su-persistencia-en-la-actualidad-mexicana\\\/\"]}]},{\"@type\":\"ImageObject\",\"inLanguage\":\"es\",\"@id\":\"https:\\\/\\\/booksfrommexico.com\\\/es\\\/producto\\\/el-campesinado-y-su-persistencia-en-la-actualidad-mexicana\\\/#primaryimage\",\"url\":\"https:\\\/\\\/booksfrommexico.com\\\/app\\\/uploads\\\/2023\\\/05\\\/170577.jpeg\",\"contentUrl\":\"https:\\\/\\\/booksfrommexico.com\\\/app\\\/uploads\\\/2023\\\/05\\\/170577.jpeg\",\"width\":387,\"height\":610,\"caption\":\"El Campesinado y su persistencia en la actualidad mexicana - Books From M\u00e9xico\"},{\"@type\":\"BreadcrumbList\",\"@id\":\"https:\\\/\\\/booksfrommexico.com\\\/es\\\/producto\\\/el-campesinado-y-su-persistencia-en-la-actualidad-mexicana\\\/#breadcrumb\",\"itemListElement\":[{\"@type\":\"ListItem\",\"position\":1,\"name\":\"Home\",\"item\":\"https:\\\/\\\/booksfrommexico.com\\\/es\\\/\"},{\"@type\":\"ListItem\",\"position\":2,\"name\":\"Libros\",\"item\":\"https:\\\/\\\/booksfrommexico.com\\\/es\\\/libros\\\/\"},{\"@type\":\"ListItem\",\"position\":3,\"name\":\"El Campesinado y su persistencia en la actualidad mexicana\"}]},{\"@type\":\"WebSite\",\"@id\":\"https:\\\/\\\/booksfrommexico.com\\\/#website\",\"url\":\"https:\\\/\\\/booksfrommexico.com\\\/\",\"name\":\"Books From Mexico\",\"description\":\"\",\"publisher\":{\"@id\":\"https:\\\/\\\/booksfrommexico.com\\\/#organization\"},\"potentialAction\":[{\"@type\":\"SearchAction\",\"target\":{\"@type\":\"EntryPoint\",\"urlTemplate\":\"https:\\\/\\\/booksfrommexico.com\\\/?s={search_term_string}\"},\"query-input\":{\"@type\":\"PropertyValueSpecification\",\"valueRequired\":true,\"valueName\":\"search_term_string\"}}],\"inLanguage\":\"es\"},{\"@type\":\"Organization\",\"@id\":\"https:\\\/\\\/booksfrommexico.com\\\/#organization\",\"name\":\"Books From Mexico\",\"url\":\"https:\\\/\\\/booksfrommexico.com\\\/\",\"logo\":{\"@type\":\"ImageObject\",\"inLanguage\":\"es\",\"@id\":\"https:\\\/\\\/booksfrommexico.com\\\/#\\\/schema\\\/logo\\\/image\\\/\",\"url\":\"https:\\\/\\\/booksfrommexico.com\\\/app\\\/uploads\\\/2023\\\/05\\\/logo-booksfrommexico.svg\",\"contentUrl\":\"https:\\\/\\\/booksfrommexico.com\\\/app\\\/uploads\\\/2023\\\/05\\\/logo-booksfrommexico.svg\",\"width\":86,\"height\":56,\"caption\":\"Books From Mexico\"},\"image\":{\"@id\":\"https:\\\/\\\/booksfrommexico.com\\\/#\\\/schema\\\/logo\\\/image\\\/\"}}]}<\/script>\n<!-- \/ Yoast SEO plugin. -->","yoast_head_json":{"title":"El Campesinado y su persistencia en la actualidad mexicana","description":"EL CAMPESINADO Y SU PERSISTENCIA EN LA ACTUALIDAD MEXICANA. \/ Tanal\u00eds Padilla (coordinator). M\u00e9xico, D.F. : Fondo de Cultura Econ\u00f3mica , CONACULTA, 2013.","robots":{"index":"index","follow":"follow","max-snippet":"max-snippet:-1","max-image-preview":"max-image-preview:large","max-video-preview":"max-video-preview:-1"},"canonical":"https:\/\/booksfrommexico.com\/es\/producto\/el-campesinado-y-su-persistencia-en-la-actualidad-mexicana\/","og_locale":"es_ES","og_type":"article","og_title":"El Campesinado y su persistencia en la actualidad mexicana","og_description":"EL CAMPESINADO Y SU PERSISTENCIA EN LA ACTUALIDAD MEXICANA. \/ Tanal\u00eds Padilla (coordinator). M\u00e9xico, D.F. : Fondo de Cultura Econ\u00f3mica , CONACULTA, 2013.","og_url":"https:\/\/booksfrommexico.com\/es\/producto\/el-campesinado-y-su-persistencia-en-la-actualidad-mexicana\/","og_site_name":"Books From Mexico","article_modified_time":"2024-05-07T22:20:55+00:00","og_image":[{"width":387,"height":610,"url":"http:\/\/booksfrommexico.com\/app\/uploads\/2023\/05\/170577.jpeg","type":"image\/jpeg"}],"twitter_card":"summary_large_image","twitter_misc":{"Tiempo de lectura":"1 minuto"},"schema":{"@context":"https:\/\/schema.org","@graph":[{"@type":"WebPage","@id":"https:\/\/booksfrommexico.com\/es\/producto\/el-campesinado-y-su-persistencia-en-la-actualidad-mexicana\/","url":"https:\/\/booksfrommexico.com\/es\/producto\/el-campesinado-y-su-persistencia-en-la-actualidad-mexicana\/","name":"El Campesinado y su persistencia en la actualidad mexicana","isPartOf":{"@id":"https:\/\/booksfrommexico.com\/#website"},"primaryImageOfPage":{"@id":"https:\/\/booksfrommexico.com\/es\/producto\/el-campesinado-y-su-persistencia-en-la-actualidad-mexicana\/#primaryimage"},"image":{"@id":"https:\/\/booksfrommexico.com\/es\/producto\/el-campesinado-y-su-persistencia-en-la-actualidad-mexicana\/#primaryimage"},"thumbnailUrl":"https:\/\/booksfrommexico.com\/app\/uploads\/2023\/05\/170577.jpeg","datePublished":"2023-05-08T17:10:03+00:00","dateModified":"2024-05-07T22:20:55+00:00","description":"EL CAMPESINADO Y SU PERSISTENCIA EN LA ACTUALIDAD MEXICANA. \/ Tanal\u00eds Padilla (coordinator). M\u00e9xico, D.F. : Fondo de Cultura Econ\u00f3mica , CONACULTA, 2013.","breadcrumb":{"@id":"https:\/\/booksfrommexico.com\/es\/producto\/el-campesinado-y-su-persistencia-en-la-actualidad-mexicana\/#breadcrumb"},"inLanguage":"es","potentialAction":[{"@type":"ReadAction","target":["https:\/\/booksfrommexico.com\/es\/producto\/el-campesinado-y-su-persistencia-en-la-actualidad-mexicana\/"]}]},{"@type":"ImageObject","inLanguage":"es","@id":"https:\/\/booksfrommexico.com\/es\/producto\/el-campesinado-y-su-persistencia-en-la-actualidad-mexicana\/#primaryimage","url":"https:\/\/booksfrommexico.com\/app\/uploads\/2023\/05\/170577.jpeg","contentUrl":"https:\/\/booksfrommexico.com\/app\/uploads\/2023\/05\/170577.jpeg","width":387,"height":610,"caption":"El Campesinado y su persistencia en la actualidad mexicana - Books From M\u00e9xico"},{"@type":"BreadcrumbList","@id":"https:\/\/booksfrommexico.com\/es\/producto\/el-campesinado-y-su-persistencia-en-la-actualidad-mexicana\/#breadcrumb","itemListElement":[{"@type":"ListItem","position":1,"name":"Home","item":"https:\/\/booksfrommexico.com\/es\/"},{"@type":"ListItem","position":2,"name":"Libros","item":"https:\/\/booksfrommexico.com\/es\/libros\/"},{"@type":"ListItem","position":3,"name":"El Campesinado y su persistencia en la actualidad mexicana"}]},{"@type":"WebSite","@id":"https:\/\/booksfrommexico.com\/#website","url":"https:\/\/booksfrommexico.com\/","name":"Books From Mexico","description":"","publisher":{"@id":"https:\/\/booksfrommexico.com\/#organization"},"potentialAction":[{"@type":"SearchAction","target":{"@type":"EntryPoint","urlTemplate":"https:\/\/booksfrommexico.com\/?s={search_term_string}"},"query-input":{"@type":"PropertyValueSpecification","valueRequired":true,"valueName":"search_term_string"}}],"inLanguage":"es"},{"@type":"Organization","@id":"https:\/\/booksfrommexico.com\/#organization","name":"Books From Mexico","url":"https:\/\/booksfrommexico.com\/","logo":{"@type":"ImageObject","inLanguage":"es","@id":"https:\/\/booksfrommexico.com\/#\/schema\/logo\/image\/","url":"https:\/\/booksfrommexico.com\/app\/uploads\/2023\/05\/logo-booksfrommexico.svg","contentUrl":"https:\/\/booksfrommexico.com\/app\/uploads\/2023\/05\/logo-booksfrommexico.svg","width":86,"height":56,"caption":"Books From Mexico"},"image":{"@id":"https:\/\/booksfrommexico.com\/#\/schema\/logo\/image\/"}}]}},"_links":{"self":[{"href":"https:\/\/booksfrommexico.com\/es\/wp-json\/wp\/v2\/product\/1028","targetHints":{"allow":["GET"]}}],"collection":[{"href":"https:\/\/booksfrommexico.com\/es\/wp-json\/wp\/v2\/product"}],"about":[{"href":"https:\/\/booksfrommexico.com\/es\/wp-json\/wp\/v2\/types\/product"}],"wp:featuredmedia":[{"embeddable":true,"href":"https:\/\/booksfrommexico.com\/es\/wp-json\/wp\/v2\/media\/1027"}],"wp:attachment":[{"href":"https:\/\/booksfrommexico.com\/es\/wp-json\/wp\/v2\/media?parent=1028"}],"wp:term":[{"taxonomy":"product_brand","embeddable":true,"href":"https:\/\/booksfrommexico.com\/es\/wp-json\/wp\/v2\/product_brand?post=1028"},{"taxonomy":"product_cat","embeddable":true,"href":"https:\/\/booksfrommexico.com\/es\/wp-json\/wp\/v2\/product_cat?post=1028"},{"taxonomy":"product_tag","embeddable":true,"href":"https:\/\/booksfrommexico.com\/es\/wp-json\/wp\/v2\/product_tag?post=1028"}],"curies":[{"name":"wp","href":"https:\/\/api.w.org\/{rel}","templated":true}]}}