{"id":1030,"date":"2023-05-08T17:10:04","date_gmt":"2023-05-08T17:10:04","guid":{"rendered":"http:\/\/booksfrommexico.com\/product\/kors-o-el-pentagrama-hemisferico\/"},"modified":"2024-05-09T22:30:59","modified_gmt":"2024-05-09T22:30:59","slug":"kors-o-el-pentagrama-hemisferico","status":"publish","type":"product","link":"https:\/\/booksfrommexico.com\/es\/producto\/kors-o-el-pentagrama-hemisferico\/","title":{"rendered":"Kors o El pentagrama hemisf\u00e9rico"},"content":{"rendered":"<p><span style=\"font-weight: 400;\">H\u00e9ctor Hern\u00e1ndez ha dedicado su trabajo en esencia a la poes\u00eda, ganando el Premio Pablo Neruda por la Fundaci\u00f3n hom\u00f3nima debido a su destacada trayectoria tanto en Chile como en el extranjero, y siendo seleccionado en el <\/span><i><span style=\"font-weight: 400;\">Cuerpo plural : Antolog\u00eda de la poes\u00eda hispanoamericana reciente<\/span><\/i><span style=\"font-weight: 400;\">, as\u00ed como en <\/span><i><span style=\"font-weight: 400;\">Bombardeo de poemas sobre Varsovia. <\/span><\/i><span style=\"font-weight: 400;\">Los poemas que aqu\u00ed se contienen son muy breves, resultando m\u00e1s en frases po\u00e9ticas cargadas de fuertes reflexiones, que de estrofas. Estos poemas podr\u00edan incluso verse como diccionario de conceptos definidos por la visi\u00f3n del autor. Este t\u00edtulo pertenece a Regia Cartonera, trat\u00e1ndose de un ejemplar encuadernado artesanalmente y con una portada pintada a mano. <\/span><\/p>\n","protected":false},"excerpt":{"rendered":"<p>KORS O EL PENTAGRAMA HEMISF\u00c9RICO<span style=\"font-weight: 400;\">. \/ H\u00e9ctor Hern\u00e1ndez Montecinos. Monterrey, M\u00e9xico : Regia Cartonera, 2011. 115 pages : includes semblance, portrait ; 22 cm.\u00a0<\/span><\/p>\n","protected":false},"featured_media":1029,"template":"","meta":{"_acf_changed":false,"inline_featured_image":false},"product_brand":[],"product_cat":[25,32],"product_tag":[4193,4115,4180],"class_list":{"0":"post-1030","1":"product","2":"type-product","3":"status-publish","4":"has-post-thumbnail","6":"product_cat-literatura","7":"product_cat-poesia-literatura","8":"product_tag-cartonera-es","9":"product_tag-poesia-es","10":"product_tag-poesia-contemporanea","12":"first","13":"instock","14":"taxable","15":"shipping-taxable","16":"purchasable","17":"product-type-simple"},"acf":[],"yoast_head":"<!-- This site is optimized with the Yoast SEO plugin v27.3 - https:\/\/yoast.com\/product\/yoast-seo-wordpress\/ -->\n<title>Kors o El pentagrama hemisf\u00e9rico<\/title>\n<meta name=\"description\" content=\"KORS O EL PENTAGRAMA HEMISF\u00c9RICO. \/ H\u00e9ctor Hern\u00e1ndez Montecinos. Monterrey, M\u00e9xico : Regia Cartonera, 2011. 115 pages : includes semblance, portrait.\" \/>\n<meta name=\"robots\" content=\"index, follow, max-snippet:-1, max-image-preview:large, max-video-preview:-1\" \/>\n<link rel=\"canonical\" href=\"https:\/\/booksfrommexico.com\/es\/producto\/kors-o-el-pentagrama-hemisferico\/\" \/>\n<meta property=\"og:locale\" content=\"es_ES\" \/>\n<meta property=\"og:type\" content=\"article\" \/>\n<meta property=\"og:title\" content=\"Kors o El pentagrama hemisf\u00e9rico\" \/>\n<meta property=\"og:description\" content=\"KORS O EL PENTAGRAMA HEMISF\u00c9RICO. \/ H\u00e9ctor Hern\u00e1ndez Montecinos. Monterrey, M\u00e9xico : Regia Cartonera, 2011. 115 pages : includes semblance, portrait.\" \/>\n<meta property=\"og:url\" content=\"https:\/\/booksfrommexico.com\/es\/producto\/kors-o-el-pentagrama-hemisferico\/\" \/>\n<meta property=\"og:site_name\" content=\"Books From Mexico\" \/>\n<meta property=\"article:modified_time\" content=\"2024-05-09T22:30:59+00:00\" \/>\n<meta property=\"og:image\" content=\"http:\/\/booksfrommexico.com\/app\/uploads\/2023\/05\/171943.jpeg\" \/>\n\t<meta property=\"og:image:width\" content=\"487\" \/>\n\t<meta property=\"og:image:height\" content=\"608\" \/>\n\t<meta property=\"og:image:type\" content=\"image\/jpeg\" \/>\n<meta name=\"twitter:card\" content=\"summary_large_image\" \/>\n<meta name=\"twitter:label1\" content=\"Tiempo de lectura\" \/>\n\t<meta name=\"twitter:data1\" content=\"1 minuto\" \/>\n<script type=\"application\/ld+json\" class=\"yoast-schema-graph\">{\"@context\":\"https:\\\/\\\/schema.org\",\"@graph\":[{\"@type\":\"WebPage\",\"@id\":\"https:\\\/\\\/booksfrommexico.com\\\/es\\\/producto\\\/kors-o-el-pentagrama-hemisferico\\\/\",\"url\":\"https:\\\/\\\/booksfrommexico.com\\\/es\\\/producto\\\/kors-o-el-pentagrama-hemisferico\\\/\",\"name\":\"Kors o El pentagrama hemisf\u00e9rico\",\"isPartOf\":{\"@id\":\"https:\\\/\\\/booksfrommexico.com\\\/#website\"},\"primaryImageOfPage\":{\"@id\":\"https:\\\/\\\/booksfrommexico.com\\\/es\\\/producto\\\/kors-o-el-pentagrama-hemisferico\\\/#primaryimage\"},\"image\":{\"@id\":\"https:\\\/\\\/booksfrommexico.com\\\/es\\\/producto\\\/kors-o-el-pentagrama-hemisferico\\\/#primaryimage\"},\"thumbnailUrl\":\"https:\\\/\\\/booksfrommexico.com\\\/app\\\/uploads\\\/2023\\\/05\\\/171943.jpeg\",\"datePublished\":\"2023-05-08T17:10:04+00:00\",\"dateModified\":\"2024-05-09T22:30:59+00:00\",\"description\":\"KORS O EL PENTAGRAMA HEMISF\u00c9RICO. \\\/ H\u00e9ctor Hern\u00e1ndez Montecinos. Monterrey, M\u00e9xico : Regia Cartonera, 2011. 115 pages : includes semblance, portrait.\",\"breadcrumb\":{\"@id\":\"https:\\\/\\\/booksfrommexico.com\\\/es\\\/producto\\\/kors-o-el-pentagrama-hemisferico\\\/#breadcrumb\"},\"inLanguage\":\"es\",\"potentialAction\":[{\"@type\":\"ReadAction\",\"target\":[\"https:\\\/\\\/booksfrommexico.com\\\/es\\\/producto\\\/kors-o-el-pentagrama-hemisferico\\\/\"]}]},{\"@type\":\"ImageObject\",\"inLanguage\":\"es\",\"@id\":\"https:\\\/\\\/booksfrommexico.com\\\/es\\\/producto\\\/kors-o-el-pentagrama-hemisferico\\\/#primaryimage\",\"url\":\"https:\\\/\\\/booksfrommexico.com\\\/app\\\/uploads\\\/2023\\\/05\\\/171943.jpeg\",\"contentUrl\":\"https:\\\/\\\/booksfrommexico.com\\\/app\\\/uploads\\\/2023\\\/05\\\/171943.jpeg\",\"width\":487,\"height\":608,\"caption\":\"Kors, o. El pentagrama hemisf\u00e9rico. Books From M\u00e9xico\"},{\"@type\":\"BreadcrumbList\",\"@id\":\"https:\\\/\\\/booksfrommexico.com\\\/es\\\/producto\\\/kors-o-el-pentagrama-hemisferico\\\/#breadcrumb\",\"itemListElement\":[{\"@type\":\"ListItem\",\"position\":1,\"name\":\"Home\",\"item\":\"https:\\\/\\\/booksfrommexico.com\\\/es\\\/\"},{\"@type\":\"ListItem\",\"position\":2,\"name\":\"Libros\",\"item\":\"https:\\\/\\\/booksfrommexico.com\\\/es\\\/libros\\\/\"},{\"@type\":\"ListItem\",\"position\":3,\"name\":\"Kors o El pentagrama hemisf\u00e9rico\"}]},{\"@type\":\"WebSite\",\"@id\":\"https:\\\/\\\/booksfrommexico.com\\\/#website\",\"url\":\"https:\\\/\\\/booksfrommexico.com\\\/\",\"name\":\"Books From Mexico\",\"description\":\"\",\"publisher\":{\"@id\":\"https:\\\/\\\/booksfrommexico.com\\\/#organization\"},\"potentialAction\":[{\"@type\":\"SearchAction\",\"target\":{\"@type\":\"EntryPoint\",\"urlTemplate\":\"https:\\\/\\\/booksfrommexico.com\\\/?s={search_term_string}\"},\"query-input\":{\"@type\":\"PropertyValueSpecification\",\"valueRequired\":true,\"valueName\":\"search_term_string\"}}],\"inLanguage\":\"es\"},{\"@type\":\"Organization\",\"@id\":\"https:\\\/\\\/booksfrommexico.com\\\/#organization\",\"name\":\"Books From Mexico\",\"url\":\"https:\\\/\\\/booksfrommexico.com\\\/\",\"logo\":{\"@type\":\"ImageObject\",\"inLanguage\":\"es\",\"@id\":\"https:\\\/\\\/booksfrommexico.com\\\/#\\\/schema\\\/logo\\\/image\\\/\",\"url\":\"https:\\\/\\\/booksfrommexico.com\\\/app\\\/uploads\\\/2023\\\/05\\\/logo-booksfrommexico.svg\",\"contentUrl\":\"https:\\\/\\\/booksfrommexico.com\\\/app\\\/uploads\\\/2023\\\/05\\\/logo-booksfrommexico.svg\",\"width\":86,\"height\":56,\"caption\":\"Books From Mexico\"},\"image\":{\"@id\":\"https:\\\/\\\/booksfrommexico.com\\\/#\\\/schema\\\/logo\\\/image\\\/\"}}]}<\/script>\n<!-- \/ Yoast SEO plugin. -->","yoast_head_json":{"title":"Kors o El pentagrama hemisf\u00e9rico","description":"KORS O EL PENTAGRAMA HEMISF\u00c9RICO. \/ H\u00e9ctor Hern\u00e1ndez Montecinos. Monterrey, M\u00e9xico : Regia Cartonera, 2011. 115 pages : includes semblance, portrait.","robots":{"index":"index","follow":"follow","max-snippet":"max-snippet:-1","max-image-preview":"max-image-preview:large","max-video-preview":"max-video-preview:-1"},"canonical":"https:\/\/booksfrommexico.com\/es\/producto\/kors-o-el-pentagrama-hemisferico\/","og_locale":"es_ES","og_type":"article","og_title":"Kors o El pentagrama hemisf\u00e9rico","og_description":"KORS O EL PENTAGRAMA HEMISF\u00c9RICO. \/ H\u00e9ctor Hern\u00e1ndez Montecinos. Monterrey, M\u00e9xico : Regia Cartonera, 2011. 115 pages : includes semblance, portrait.","og_url":"https:\/\/booksfrommexico.com\/es\/producto\/kors-o-el-pentagrama-hemisferico\/","og_site_name":"Books From Mexico","article_modified_time":"2024-05-09T22:30:59+00:00","og_image":[{"width":487,"height":608,"url":"http:\/\/booksfrommexico.com\/app\/uploads\/2023\/05\/171943.jpeg","type":"image\/jpeg"}],"twitter_card":"summary_large_image","twitter_misc":{"Tiempo de lectura":"1 minuto"},"schema":{"@context":"https:\/\/schema.org","@graph":[{"@type":"WebPage","@id":"https:\/\/booksfrommexico.com\/es\/producto\/kors-o-el-pentagrama-hemisferico\/","url":"https:\/\/booksfrommexico.com\/es\/producto\/kors-o-el-pentagrama-hemisferico\/","name":"Kors o El pentagrama hemisf\u00e9rico","isPartOf":{"@id":"https:\/\/booksfrommexico.com\/#website"},"primaryImageOfPage":{"@id":"https:\/\/booksfrommexico.com\/es\/producto\/kors-o-el-pentagrama-hemisferico\/#primaryimage"},"image":{"@id":"https:\/\/booksfrommexico.com\/es\/producto\/kors-o-el-pentagrama-hemisferico\/#primaryimage"},"thumbnailUrl":"https:\/\/booksfrommexico.com\/app\/uploads\/2023\/05\/171943.jpeg","datePublished":"2023-05-08T17:10:04+00:00","dateModified":"2024-05-09T22:30:59+00:00","description":"KORS O EL PENTAGRAMA HEMISF\u00c9RICO. \/ H\u00e9ctor Hern\u00e1ndez Montecinos. Monterrey, M\u00e9xico : Regia Cartonera, 2011. 115 pages : includes semblance, portrait.","breadcrumb":{"@id":"https:\/\/booksfrommexico.com\/es\/producto\/kors-o-el-pentagrama-hemisferico\/#breadcrumb"},"inLanguage":"es","potentialAction":[{"@type":"ReadAction","target":["https:\/\/booksfrommexico.com\/es\/producto\/kors-o-el-pentagrama-hemisferico\/"]}]},{"@type":"ImageObject","inLanguage":"es","@id":"https:\/\/booksfrommexico.com\/es\/producto\/kors-o-el-pentagrama-hemisferico\/#primaryimage","url":"https:\/\/booksfrommexico.com\/app\/uploads\/2023\/05\/171943.jpeg","contentUrl":"https:\/\/booksfrommexico.com\/app\/uploads\/2023\/05\/171943.jpeg","width":487,"height":608,"caption":"Kors, o. El pentagrama hemisf\u00e9rico. Books From M\u00e9xico"},{"@type":"BreadcrumbList","@id":"https:\/\/booksfrommexico.com\/es\/producto\/kors-o-el-pentagrama-hemisferico\/#breadcrumb","itemListElement":[{"@type":"ListItem","position":1,"name":"Home","item":"https:\/\/booksfrommexico.com\/es\/"},{"@type":"ListItem","position":2,"name":"Libros","item":"https:\/\/booksfrommexico.com\/es\/libros\/"},{"@type":"ListItem","position":3,"name":"Kors o El pentagrama hemisf\u00e9rico"}]},{"@type":"WebSite","@id":"https:\/\/booksfrommexico.com\/#website","url":"https:\/\/booksfrommexico.com\/","name":"Books From Mexico","description":"","publisher":{"@id":"https:\/\/booksfrommexico.com\/#organization"},"potentialAction":[{"@type":"SearchAction","target":{"@type":"EntryPoint","urlTemplate":"https:\/\/booksfrommexico.com\/?s={search_term_string}"},"query-input":{"@type":"PropertyValueSpecification","valueRequired":true,"valueName":"search_term_string"}}],"inLanguage":"es"},{"@type":"Organization","@id":"https:\/\/booksfrommexico.com\/#organization","name":"Books From Mexico","url":"https:\/\/booksfrommexico.com\/","logo":{"@type":"ImageObject","inLanguage":"es","@id":"https:\/\/booksfrommexico.com\/#\/schema\/logo\/image\/","url":"https:\/\/booksfrommexico.com\/app\/uploads\/2023\/05\/logo-booksfrommexico.svg","contentUrl":"https:\/\/booksfrommexico.com\/app\/uploads\/2023\/05\/logo-booksfrommexico.svg","width":86,"height":56,"caption":"Books From Mexico"},"image":{"@id":"https:\/\/booksfrommexico.com\/#\/schema\/logo\/image\/"}}]}},"_links":{"self":[{"href":"https:\/\/booksfrommexico.com\/es\/wp-json\/wp\/v2\/product\/1030","targetHints":{"allow":["GET"]}}],"collection":[{"href":"https:\/\/booksfrommexico.com\/es\/wp-json\/wp\/v2\/product"}],"about":[{"href":"https:\/\/booksfrommexico.com\/es\/wp-json\/wp\/v2\/types\/product"}],"wp:featuredmedia":[{"embeddable":true,"href":"https:\/\/booksfrommexico.com\/es\/wp-json\/wp\/v2\/media\/1029"}],"wp:attachment":[{"href":"https:\/\/booksfrommexico.com\/es\/wp-json\/wp\/v2\/media?parent=1030"}],"wp:term":[{"taxonomy":"product_brand","embeddable":true,"href":"https:\/\/booksfrommexico.com\/es\/wp-json\/wp\/v2\/product_brand?post=1030"},{"taxonomy":"product_cat","embeddable":true,"href":"https:\/\/booksfrommexico.com\/es\/wp-json\/wp\/v2\/product_cat?post=1030"},{"taxonomy":"product_tag","embeddable":true,"href":"https:\/\/booksfrommexico.com\/es\/wp-json\/wp\/v2\/product_tag?post=1030"}],"curies":[{"name":"wp","href":"https:\/\/api.w.org\/{rel}","templated":true}]}}