{"id":1032,"date":"2023-05-08T17:10:06","date_gmt":"2023-05-08T17:10:06","guid":{"rendered":"http:\/\/booksfrommexico.com\/product\/discursos-de-la-discriminacion-el-indigena-en-la-prensa-tapatia-durante-el-siglo-xix\/"},"modified":"2024-05-07T21:54:10","modified_gmt":"2024-05-07T21:54:10","slug":"discursos-de-la-discriminacion-el-indigena-en-la-prensa-tapatia-durante-el-siglo-xix","status":"publish","type":"product","link":"https:\/\/booksfrommexico.com\/es\/producto\/discursos-de-la-discriminacion-el-indigena-en-la-prensa-tapatia-durante-el-siglo-xix\/","title":{"rendered":"Discursos de la discriminaci\u00f3n: El ind\u00edgena en la prensa tapat\u00eda durante el siglo XIX"},"content":{"rendered":"<p><span style=\"font-weight: 400;\">La autora presenta el an\u00e1lisis de un caso particular de manifestaci\u00f3n del racismo en la segunda mitad del siglo XIX mexicano, explorando la prensa del estado de Jalisco y la visi\u00f3n que se ten\u00eda del indio. V\u00e1zquez analiza las bases del racismo mexicano demostrando que, en efecto, se trata de racismo, tratando con el hecho de que en Espa\u00f1a la propia Corona alent\u00f3 la imagen de los pueblos originarios como gente r\u00fastica, b\u00e1rbara, lejos de la civilizaci\u00f3n. Aqu\u00ed se presenta un estudio completo sobre el periodismo mexicano, necesario para entender la actitud de la prensa en Jalisco, reflexionando acerca de los or\u00edgenes de la misma, su desempe\u00f1o desde la \u00e9poca colonial y c\u00f3mo lleg\u00f3 a los d\u00edas de Porfirio D\u00edaz.<\/span><\/p>\n","protected":false},"excerpt":{"rendered":"<p>DISCURSOS DE LA DISCRIMINACI\u00d3N : EL IND\u00cdGENA EN LA PRENSA TAPAT\u00cdA DURANTE EL SIGLO XIX<span style=\"font-weight: 400;\">. \/ \u00c9rika Julieta V\u00e1zquez Flores. Le\u00f3n, Guanajuato, M\u00e9xico : Universidad de Guanajuato , Divisi\u00f3n de Ciencias Sociales y Humanidades, 2012. 317 pages : includes tables, references, bibliography, CD-ROM ; 22 cm. ISBN : 9786074412161.<\/span><\/p>\n<p><br style=\"font-weight: 400;\" \/><br style=\"font-weight: 400;\" \/><\/p>\n","protected":false},"featured_media":1031,"template":"","meta":{"_acf_changed":false,"inline_featured_image":false},"product_brand":[],"product_cat":[4110,78],"product_tag":[3659,3639,4172],"class_list":{"0":"post-1032","1":"product","2":"type-product","3":"status-publish","4":"has-post-thumbnail","6":"product_cat-estudios-latinoamericanos","7":"product_cat-sociologia","8":"product_tag-condiciones-sociales","9":"product_tag-derechos-indigenas","10":"product_tag-periodismo","12":"first","13":"instock","14":"taxable","15":"shipping-taxable","16":"purchasable","17":"product-type-simple"},"acf":[],"yoast_head":"<!-- This site is optimized with the Yoast SEO plugin v27.3 - https:\/\/yoast.com\/product\/yoast-seo-wordpress\/ -->\n<title>Discursos de la discriminaci\u00f3n<\/title>\n<meta name=\"description\" content=\"DISCURSOS DE LA DISCRIMINACI\u00d3N : EL IND\u00cdGENA EN LA PRENSA TAPAT\u00cdA DURANTE EL SIGLO XIX. \/ \u00c9rika Julieta V\u00e1zquez Flores. Universidad de Guanajuato .\" \/>\n<meta name=\"robots\" content=\"index, follow, max-snippet:-1, max-image-preview:large, max-video-preview:-1\" \/>\n<link rel=\"canonical\" href=\"https:\/\/booksfrommexico.com\/es\/producto\/discursos-de-la-discriminacion-el-indigena-en-la-prensa-tapatia-durante-el-siglo-xix\/\" \/>\n<meta property=\"og:locale\" content=\"es_ES\" \/>\n<meta property=\"og:type\" content=\"article\" \/>\n<meta property=\"og:title\" content=\"Discursos de la discriminaci\u00f3n\" \/>\n<meta property=\"og:description\" content=\"DISCURSOS DE LA DISCRIMINACI\u00d3N : EL IND\u00cdGENA EN LA PRENSA TAPAT\u00cdA DURANTE EL SIGLO XIX. \/ \u00c9rika Julieta V\u00e1zquez Flores. Universidad de Guanajuato .\" \/>\n<meta property=\"og:url\" content=\"https:\/\/booksfrommexico.com\/es\/producto\/discursos-de-la-discriminacion-el-indigena-en-la-prensa-tapatia-durante-el-siglo-xix\/\" \/>\n<meta property=\"og:site_name\" content=\"Books From Mexico\" \/>\n<meta property=\"article:modified_time\" content=\"2024-05-07T21:54:10+00:00\" \/>\n<meta property=\"og:image\" content=\"http:\/\/booksfrommexico.com\/app\/uploads\/2023\/05\/170945.jpeg\" \/>\n\t<meta property=\"og:image:width\" content=\"437\" \/>\n\t<meta property=\"og:image:height\" content=\"618\" \/>\n\t<meta property=\"og:image:type\" content=\"image\/jpeg\" \/>\n<meta name=\"twitter:card\" content=\"summary_large_image\" \/>\n<meta name=\"twitter:label1\" content=\"Tiempo de lectura\" \/>\n\t<meta name=\"twitter:data1\" content=\"1 minuto\" \/>\n<script type=\"application\/ld+json\" class=\"yoast-schema-graph\">{\"@context\":\"https:\\\/\\\/schema.org\",\"@graph\":[{\"@type\":\"WebPage\",\"@id\":\"https:\\\/\\\/booksfrommexico.com\\\/es\\\/producto\\\/discursos-de-la-discriminacion-el-indigena-en-la-prensa-tapatia-durante-el-siglo-xix\\\/\",\"url\":\"https:\\\/\\\/booksfrommexico.com\\\/es\\\/producto\\\/discursos-de-la-discriminacion-el-indigena-en-la-prensa-tapatia-durante-el-siglo-xix\\\/\",\"name\":\"Discursos de la discriminaci\u00f3n\",\"isPartOf\":{\"@id\":\"https:\\\/\\\/booksfrommexico.com\\\/#website\"},\"primaryImageOfPage\":{\"@id\":\"https:\\\/\\\/booksfrommexico.com\\\/es\\\/producto\\\/discursos-de-la-discriminacion-el-indigena-en-la-prensa-tapatia-durante-el-siglo-xix\\\/#primaryimage\"},\"image\":{\"@id\":\"https:\\\/\\\/booksfrommexico.com\\\/es\\\/producto\\\/discursos-de-la-discriminacion-el-indigena-en-la-prensa-tapatia-durante-el-siglo-xix\\\/#primaryimage\"},\"thumbnailUrl\":\"https:\\\/\\\/booksfrommexico.com\\\/app\\\/uploads\\\/2023\\\/05\\\/170945.jpeg\",\"datePublished\":\"2023-05-08T17:10:06+00:00\",\"dateModified\":\"2024-05-07T21:54:10+00:00\",\"description\":\"DISCURSOS DE LA DISCRIMINACI\u00d3N : EL IND\u00cdGENA EN LA PRENSA TAPAT\u00cdA DURANTE EL SIGLO XIX. \\\/ \u00c9rika Julieta V\u00e1zquez Flores. Universidad de Guanajuato .\",\"breadcrumb\":{\"@id\":\"https:\\\/\\\/booksfrommexico.com\\\/es\\\/producto\\\/discursos-de-la-discriminacion-el-indigena-en-la-prensa-tapatia-durante-el-siglo-xix\\\/#breadcrumb\"},\"inLanguage\":\"es\",\"potentialAction\":[{\"@type\":\"ReadAction\",\"target\":[\"https:\\\/\\\/booksfrommexico.com\\\/es\\\/producto\\\/discursos-de-la-discriminacion-el-indigena-en-la-prensa-tapatia-durante-el-siglo-xix\\\/\"]}]},{\"@type\":\"ImageObject\",\"inLanguage\":\"es\",\"@id\":\"https:\\\/\\\/booksfrommexico.com\\\/es\\\/producto\\\/discursos-de-la-discriminacion-el-indigena-en-la-prensa-tapatia-durante-el-siglo-xix\\\/#primaryimage\",\"url\":\"https:\\\/\\\/booksfrommexico.com\\\/app\\\/uploads\\\/2023\\\/05\\\/170945.jpeg\",\"contentUrl\":\"https:\\\/\\\/booksfrommexico.com\\\/app\\\/uploads\\\/2023\\\/05\\\/170945.jpeg\",\"width\":437,\"height\":618,\"caption\":\"Discursos de la discriminaci\u00f3n. El ind\u00edgena en la prensa tapat\u00eda durante el siglo XIX. Books From M\u00e9xico\"},{\"@type\":\"BreadcrumbList\",\"@id\":\"https:\\\/\\\/booksfrommexico.com\\\/es\\\/producto\\\/discursos-de-la-discriminacion-el-indigena-en-la-prensa-tapatia-durante-el-siglo-xix\\\/#breadcrumb\",\"itemListElement\":[{\"@type\":\"ListItem\",\"position\":1,\"name\":\"Home\",\"item\":\"https:\\\/\\\/booksfrommexico.com\\\/es\\\/\"},{\"@type\":\"ListItem\",\"position\":2,\"name\":\"Libros\",\"item\":\"https:\\\/\\\/booksfrommexico.com\\\/es\\\/libros\\\/\"},{\"@type\":\"ListItem\",\"position\":3,\"name\":\"Discursos de la discriminaci\u00f3n: El ind\u00edgena en la prensa tapat\u00eda durante el siglo XIX\"}]},{\"@type\":\"WebSite\",\"@id\":\"https:\\\/\\\/booksfrommexico.com\\\/#website\",\"url\":\"https:\\\/\\\/booksfrommexico.com\\\/\",\"name\":\"Books From Mexico\",\"description\":\"\",\"publisher\":{\"@id\":\"https:\\\/\\\/booksfrommexico.com\\\/#organization\"},\"potentialAction\":[{\"@type\":\"SearchAction\",\"target\":{\"@type\":\"EntryPoint\",\"urlTemplate\":\"https:\\\/\\\/booksfrommexico.com\\\/?s={search_term_string}\"},\"query-input\":{\"@type\":\"PropertyValueSpecification\",\"valueRequired\":true,\"valueName\":\"search_term_string\"}}],\"inLanguage\":\"es\"},{\"@type\":\"Organization\",\"@id\":\"https:\\\/\\\/booksfrommexico.com\\\/#organization\",\"name\":\"Books From Mexico\",\"url\":\"https:\\\/\\\/booksfrommexico.com\\\/\",\"logo\":{\"@type\":\"ImageObject\",\"inLanguage\":\"es\",\"@id\":\"https:\\\/\\\/booksfrommexico.com\\\/#\\\/schema\\\/logo\\\/image\\\/\",\"url\":\"https:\\\/\\\/booksfrommexico.com\\\/app\\\/uploads\\\/2023\\\/05\\\/logo-booksfrommexico.svg\",\"contentUrl\":\"https:\\\/\\\/booksfrommexico.com\\\/app\\\/uploads\\\/2023\\\/05\\\/logo-booksfrommexico.svg\",\"width\":86,\"height\":56,\"caption\":\"Books From Mexico\"},\"image\":{\"@id\":\"https:\\\/\\\/booksfrommexico.com\\\/#\\\/schema\\\/logo\\\/image\\\/\"}}]}<\/script>\n<!-- \/ Yoast SEO plugin. -->","yoast_head_json":{"title":"Discursos de la discriminaci\u00f3n","description":"DISCURSOS DE LA DISCRIMINACI\u00d3N : EL IND\u00cdGENA EN LA PRENSA TAPAT\u00cdA DURANTE EL SIGLO XIX. \/ \u00c9rika Julieta V\u00e1zquez Flores. Universidad de Guanajuato .","robots":{"index":"index","follow":"follow","max-snippet":"max-snippet:-1","max-image-preview":"max-image-preview:large","max-video-preview":"max-video-preview:-1"},"canonical":"https:\/\/booksfrommexico.com\/es\/producto\/discursos-de-la-discriminacion-el-indigena-en-la-prensa-tapatia-durante-el-siglo-xix\/","og_locale":"es_ES","og_type":"article","og_title":"Discursos de la discriminaci\u00f3n","og_description":"DISCURSOS DE LA DISCRIMINACI\u00d3N : EL IND\u00cdGENA EN LA PRENSA TAPAT\u00cdA DURANTE EL SIGLO XIX. \/ \u00c9rika Julieta V\u00e1zquez Flores. Universidad de Guanajuato .","og_url":"https:\/\/booksfrommexico.com\/es\/producto\/discursos-de-la-discriminacion-el-indigena-en-la-prensa-tapatia-durante-el-siglo-xix\/","og_site_name":"Books From Mexico","article_modified_time":"2024-05-07T21:54:10+00:00","og_image":[{"width":437,"height":618,"url":"http:\/\/booksfrommexico.com\/app\/uploads\/2023\/05\/170945.jpeg","type":"image\/jpeg"}],"twitter_card":"summary_large_image","twitter_misc":{"Tiempo de lectura":"1 minuto"},"schema":{"@context":"https:\/\/schema.org","@graph":[{"@type":"WebPage","@id":"https:\/\/booksfrommexico.com\/es\/producto\/discursos-de-la-discriminacion-el-indigena-en-la-prensa-tapatia-durante-el-siglo-xix\/","url":"https:\/\/booksfrommexico.com\/es\/producto\/discursos-de-la-discriminacion-el-indigena-en-la-prensa-tapatia-durante-el-siglo-xix\/","name":"Discursos de la discriminaci\u00f3n","isPartOf":{"@id":"https:\/\/booksfrommexico.com\/#website"},"primaryImageOfPage":{"@id":"https:\/\/booksfrommexico.com\/es\/producto\/discursos-de-la-discriminacion-el-indigena-en-la-prensa-tapatia-durante-el-siglo-xix\/#primaryimage"},"image":{"@id":"https:\/\/booksfrommexico.com\/es\/producto\/discursos-de-la-discriminacion-el-indigena-en-la-prensa-tapatia-durante-el-siglo-xix\/#primaryimage"},"thumbnailUrl":"https:\/\/booksfrommexico.com\/app\/uploads\/2023\/05\/170945.jpeg","datePublished":"2023-05-08T17:10:06+00:00","dateModified":"2024-05-07T21:54:10+00:00","description":"DISCURSOS DE LA DISCRIMINACI\u00d3N : EL IND\u00cdGENA EN LA PRENSA TAPAT\u00cdA DURANTE EL SIGLO XIX. \/ \u00c9rika Julieta V\u00e1zquez Flores. Universidad de Guanajuato .","breadcrumb":{"@id":"https:\/\/booksfrommexico.com\/es\/producto\/discursos-de-la-discriminacion-el-indigena-en-la-prensa-tapatia-durante-el-siglo-xix\/#breadcrumb"},"inLanguage":"es","potentialAction":[{"@type":"ReadAction","target":["https:\/\/booksfrommexico.com\/es\/producto\/discursos-de-la-discriminacion-el-indigena-en-la-prensa-tapatia-durante-el-siglo-xix\/"]}]},{"@type":"ImageObject","inLanguage":"es","@id":"https:\/\/booksfrommexico.com\/es\/producto\/discursos-de-la-discriminacion-el-indigena-en-la-prensa-tapatia-durante-el-siglo-xix\/#primaryimage","url":"https:\/\/booksfrommexico.com\/app\/uploads\/2023\/05\/170945.jpeg","contentUrl":"https:\/\/booksfrommexico.com\/app\/uploads\/2023\/05\/170945.jpeg","width":437,"height":618,"caption":"Discursos de la discriminaci\u00f3n. El ind\u00edgena en la prensa tapat\u00eda durante el siglo XIX. Books From M\u00e9xico"},{"@type":"BreadcrumbList","@id":"https:\/\/booksfrommexico.com\/es\/producto\/discursos-de-la-discriminacion-el-indigena-en-la-prensa-tapatia-durante-el-siglo-xix\/#breadcrumb","itemListElement":[{"@type":"ListItem","position":1,"name":"Home","item":"https:\/\/booksfrommexico.com\/es\/"},{"@type":"ListItem","position":2,"name":"Libros","item":"https:\/\/booksfrommexico.com\/es\/libros\/"},{"@type":"ListItem","position":3,"name":"Discursos de la discriminaci\u00f3n: El ind\u00edgena en la prensa tapat\u00eda durante el siglo XIX"}]},{"@type":"WebSite","@id":"https:\/\/booksfrommexico.com\/#website","url":"https:\/\/booksfrommexico.com\/","name":"Books From Mexico","description":"","publisher":{"@id":"https:\/\/booksfrommexico.com\/#organization"},"potentialAction":[{"@type":"SearchAction","target":{"@type":"EntryPoint","urlTemplate":"https:\/\/booksfrommexico.com\/?s={search_term_string}"},"query-input":{"@type":"PropertyValueSpecification","valueRequired":true,"valueName":"search_term_string"}}],"inLanguage":"es"},{"@type":"Organization","@id":"https:\/\/booksfrommexico.com\/#organization","name":"Books From Mexico","url":"https:\/\/booksfrommexico.com\/","logo":{"@type":"ImageObject","inLanguage":"es","@id":"https:\/\/booksfrommexico.com\/#\/schema\/logo\/image\/","url":"https:\/\/booksfrommexico.com\/app\/uploads\/2023\/05\/logo-booksfrommexico.svg","contentUrl":"https:\/\/booksfrommexico.com\/app\/uploads\/2023\/05\/logo-booksfrommexico.svg","width":86,"height":56,"caption":"Books From Mexico"},"image":{"@id":"https:\/\/booksfrommexico.com\/#\/schema\/logo\/image\/"}}]}},"_links":{"self":[{"href":"https:\/\/booksfrommexico.com\/es\/wp-json\/wp\/v2\/product\/1032","targetHints":{"allow":["GET"]}}],"collection":[{"href":"https:\/\/booksfrommexico.com\/es\/wp-json\/wp\/v2\/product"}],"about":[{"href":"https:\/\/booksfrommexico.com\/es\/wp-json\/wp\/v2\/types\/product"}],"wp:featuredmedia":[{"embeddable":true,"href":"https:\/\/booksfrommexico.com\/es\/wp-json\/wp\/v2\/media\/1031"}],"wp:attachment":[{"href":"https:\/\/booksfrommexico.com\/es\/wp-json\/wp\/v2\/media?parent=1032"}],"wp:term":[{"taxonomy":"product_brand","embeddable":true,"href":"https:\/\/booksfrommexico.com\/es\/wp-json\/wp\/v2\/product_brand?post=1032"},{"taxonomy":"product_cat","embeddable":true,"href":"https:\/\/booksfrommexico.com\/es\/wp-json\/wp\/v2\/product_cat?post=1032"},{"taxonomy":"product_tag","embeddable":true,"href":"https:\/\/booksfrommexico.com\/es\/wp-json\/wp\/v2\/product_tag?post=1032"}],"curies":[{"name":"wp","href":"https:\/\/api.w.org\/{rel}","templated":true}]}}