{"id":1034,"date":"2023-05-08T17:10:08","date_gmt":"2023-05-08T17:10:08","guid":{"rendered":"http:\/\/booksfrommexico.com\/product\/la-linea-blanca-notas-sobre-el-genocidio\/"},"modified":"2024-05-08T21:55:20","modified_gmt":"2024-05-08T21:55:20","slug":"la-linea-blanca-notas-sobre-el-genocidio","status":"publish","type":"product","link":"https:\/\/booksfrommexico.com\/es\/producto\/la-linea-blanca-notas-sobre-el-genocidio\/","title":{"rendered":"La l\u00ednea blanca (Notas sobre el genocidio)"},"content":{"rendered":"<p><span style=\"font-weight: 400;\">Ren\u00e9 Morales estudi\u00f3 Lengua y Literatura Hisp\u00e1nica en la UNAM, ha publicado y participado en revistas y antolog\u00edas. Este t\u00edtulo es una colecci\u00f3n de poemas que est\u00e1 dividida en tres partes, con poemas breves pero concisos que suelen ser de verso libre. M\u00e1s all\u00e1 del estilo del autor, lo que verdaderamente resalta e impacta es la tem\u00e1tica en torno a la que giran: M\u00e9xico y Centroam\u00e9rica, pero desde su lado m\u00e1s violento, crudo y doloroso; funcionando estos poemas a la vez como protesta y como exhibici\u00f3n de la realidad que se vive en estas regiones del mundo. Este t\u00edtulo pertenece a Regia Cartonera, trat\u00e1ndose de un ejemplar encuadernado artesanalmente y con una portada pintada a mano. <\/span><\/p>\n","protected":false},"excerpt":{"rendered":"<p>LA L\u00cdNEA BLANCA : (NOTAS SOBRE EL GENOCIDIO)<span style=\"font-weight: 400;\">. \/ Ren\u00e9 Morales. Monterrey, M\u00e9xico : Regia Cartonera, 2014. 65 pages : includes photos, semblance ; 22 cm. <\/span><\/p>\n","protected":false},"featured_media":1033,"template":"","meta":{"_acf_changed":false,"inline_featured_image":false},"product_brand":[],"product_cat":[25,32,699],"product_tag":[4176,4193,4115,4180],"class_list":{"0":"post-1034","1":"product","2":"type-product","3":"status-publish","4":"has-post-thumbnail","6":"product_cat-literatura","7":"product_cat-poesia-literatura","8":"product_cat-violencia-en-la-sociedad-sociologia","9":"product_tag-activismo-y-protesta","10":"product_tag-cartonera-es","11":"product_tag-poesia-es","12":"product_tag-poesia-contemporanea","14":"first","15":"instock","16":"taxable","17":"shipping-taxable","18":"purchasable","19":"product-type-simple"},"acf":[],"yoast_head":"<!-- This site is optimized with the Yoast SEO plugin v27.3 - https:\/\/yoast.com\/product\/yoast-seo-wordpress\/ -->\n<title>La l\u00ednea blanca (Notas sobre el genocidio)<\/title>\n<meta name=\"description\" content=\"LA L\u00cdNEA BLANCA : (NOTAS SOBRE EL GENOCIDIO). \/ Ren\u00e9 Morales. Monterrey, M\u00e9xico : Regia Cartonera, 2014. 65 pages : includes photos, semblance ; 22 cm.\" \/>\n<meta name=\"robots\" content=\"index, follow, max-snippet:-1, max-image-preview:large, max-video-preview:-1\" \/>\n<link rel=\"canonical\" href=\"https:\/\/booksfrommexico.com\/es\/producto\/la-linea-blanca-notas-sobre-el-genocidio\/\" \/>\n<meta property=\"og:locale\" content=\"es_ES\" \/>\n<meta property=\"og:type\" content=\"article\" \/>\n<meta property=\"og:title\" content=\"La l\u00ednea blanca (Notas sobre el genocidio)\" \/>\n<meta property=\"og:description\" content=\"LA L\u00cdNEA BLANCA : (NOTAS SOBRE EL GENOCIDIO). \/ Ren\u00e9 Morales. Monterrey, M\u00e9xico : Regia Cartonera, 2014. 65 pages : includes photos, semblance ; 22 cm.\" \/>\n<meta property=\"og:url\" content=\"https:\/\/booksfrommexico.com\/es\/producto\/la-linea-blanca-notas-sobre-el-genocidio\/\" \/>\n<meta property=\"og:site_name\" content=\"Books From Mexico\" \/>\n<meta property=\"article:modified_time\" content=\"2024-05-08T21:55:20+00:00\" \/>\n<meta property=\"og:image\" content=\"http:\/\/booksfrommexico.com\/app\/uploads\/2023\/05\/171928.jpeg\" \/>\n\t<meta property=\"og:image:width\" content=\"394\" \/>\n\t<meta property=\"og:image:height\" content=\"608\" \/>\n\t<meta property=\"og:image:type\" content=\"image\/jpeg\" \/>\n<meta name=\"twitter:card\" content=\"summary_large_image\" \/>\n<meta name=\"twitter:label1\" content=\"Tiempo de lectura\" \/>\n\t<meta name=\"twitter:data1\" content=\"1 minuto\" \/>\n<script type=\"application\/ld+json\" class=\"yoast-schema-graph\">{\"@context\":\"https:\\\/\\\/schema.org\",\"@graph\":[{\"@type\":\"WebPage\",\"@id\":\"https:\\\/\\\/booksfrommexico.com\\\/es\\\/producto\\\/la-linea-blanca-notas-sobre-el-genocidio\\\/\",\"url\":\"https:\\\/\\\/booksfrommexico.com\\\/es\\\/producto\\\/la-linea-blanca-notas-sobre-el-genocidio\\\/\",\"name\":\"La l\u00ednea blanca (Notas sobre el genocidio)\",\"isPartOf\":{\"@id\":\"https:\\\/\\\/booksfrommexico.com\\\/#website\"},\"primaryImageOfPage\":{\"@id\":\"https:\\\/\\\/booksfrommexico.com\\\/es\\\/producto\\\/la-linea-blanca-notas-sobre-el-genocidio\\\/#primaryimage\"},\"image\":{\"@id\":\"https:\\\/\\\/booksfrommexico.com\\\/es\\\/producto\\\/la-linea-blanca-notas-sobre-el-genocidio\\\/#primaryimage\"},\"thumbnailUrl\":\"https:\\\/\\\/booksfrommexico.com\\\/app\\\/uploads\\\/2023\\\/05\\\/171928.jpeg\",\"datePublished\":\"2023-05-08T17:10:08+00:00\",\"dateModified\":\"2024-05-08T21:55:20+00:00\",\"description\":\"LA L\u00cdNEA BLANCA : (NOTAS SOBRE EL GENOCIDIO). \\\/ Ren\u00e9 Morales. Monterrey, M\u00e9xico : Regia Cartonera, 2014. 65 pages : includes photos, semblance ; 22 cm.\",\"breadcrumb\":{\"@id\":\"https:\\\/\\\/booksfrommexico.com\\\/es\\\/producto\\\/la-linea-blanca-notas-sobre-el-genocidio\\\/#breadcrumb\"},\"inLanguage\":\"es\",\"potentialAction\":[{\"@type\":\"ReadAction\",\"target\":[\"https:\\\/\\\/booksfrommexico.com\\\/es\\\/producto\\\/la-linea-blanca-notas-sobre-el-genocidio\\\/\"]}]},{\"@type\":\"ImageObject\",\"inLanguage\":\"es\",\"@id\":\"https:\\\/\\\/booksfrommexico.com\\\/es\\\/producto\\\/la-linea-blanca-notas-sobre-el-genocidio\\\/#primaryimage\",\"url\":\"https:\\\/\\\/booksfrommexico.com\\\/app\\\/uploads\\\/2023\\\/05\\\/171928.jpeg\",\"contentUrl\":\"https:\\\/\\\/booksfrommexico.com\\\/app\\\/uploads\\\/2023\\\/05\\\/171928.jpeg\",\"width\":394,\"height\":608,\"caption\":\"La l\u00ednea blanca (notas sobre el genocidio) Books From M\u00e9xico.\"},{\"@type\":\"BreadcrumbList\",\"@id\":\"https:\\\/\\\/booksfrommexico.com\\\/es\\\/producto\\\/la-linea-blanca-notas-sobre-el-genocidio\\\/#breadcrumb\",\"itemListElement\":[{\"@type\":\"ListItem\",\"position\":1,\"name\":\"Home\",\"item\":\"https:\\\/\\\/booksfrommexico.com\\\/es\\\/\"},{\"@type\":\"ListItem\",\"position\":2,\"name\":\"Libros\",\"item\":\"https:\\\/\\\/booksfrommexico.com\\\/es\\\/libros\\\/\"},{\"@type\":\"ListItem\",\"position\":3,\"name\":\"La l\u00ednea blanca (Notas sobre el genocidio)\"}]},{\"@type\":\"WebSite\",\"@id\":\"https:\\\/\\\/booksfrommexico.com\\\/#website\",\"url\":\"https:\\\/\\\/booksfrommexico.com\\\/\",\"name\":\"Books From Mexico\",\"description\":\"\",\"publisher\":{\"@id\":\"https:\\\/\\\/booksfrommexico.com\\\/#organization\"},\"potentialAction\":[{\"@type\":\"SearchAction\",\"target\":{\"@type\":\"EntryPoint\",\"urlTemplate\":\"https:\\\/\\\/booksfrommexico.com\\\/?s={search_term_string}\"},\"query-input\":{\"@type\":\"PropertyValueSpecification\",\"valueRequired\":true,\"valueName\":\"search_term_string\"}}],\"inLanguage\":\"es\"},{\"@type\":\"Organization\",\"@id\":\"https:\\\/\\\/booksfrommexico.com\\\/#organization\",\"name\":\"Books From Mexico\",\"url\":\"https:\\\/\\\/booksfrommexico.com\\\/\",\"logo\":{\"@type\":\"ImageObject\",\"inLanguage\":\"es\",\"@id\":\"https:\\\/\\\/booksfrommexico.com\\\/#\\\/schema\\\/logo\\\/image\\\/\",\"url\":\"https:\\\/\\\/booksfrommexico.com\\\/app\\\/uploads\\\/2023\\\/05\\\/logo-booksfrommexico.svg\",\"contentUrl\":\"https:\\\/\\\/booksfrommexico.com\\\/app\\\/uploads\\\/2023\\\/05\\\/logo-booksfrommexico.svg\",\"width\":86,\"height\":56,\"caption\":\"Books From Mexico\"},\"image\":{\"@id\":\"https:\\\/\\\/booksfrommexico.com\\\/#\\\/schema\\\/logo\\\/image\\\/\"}}]}<\/script>\n<!-- \/ Yoast SEO plugin. -->","yoast_head_json":{"title":"La l\u00ednea blanca (Notas sobre el genocidio)","description":"LA L\u00cdNEA BLANCA : (NOTAS SOBRE EL GENOCIDIO). \/ Ren\u00e9 Morales. Monterrey, M\u00e9xico : Regia Cartonera, 2014. 65 pages : includes photos, semblance ; 22 cm.","robots":{"index":"index","follow":"follow","max-snippet":"max-snippet:-1","max-image-preview":"max-image-preview:large","max-video-preview":"max-video-preview:-1"},"canonical":"https:\/\/booksfrommexico.com\/es\/producto\/la-linea-blanca-notas-sobre-el-genocidio\/","og_locale":"es_ES","og_type":"article","og_title":"La l\u00ednea blanca (Notas sobre el genocidio)","og_description":"LA L\u00cdNEA BLANCA : (NOTAS SOBRE EL GENOCIDIO). \/ Ren\u00e9 Morales. Monterrey, M\u00e9xico : Regia Cartonera, 2014. 65 pages : includes photos, semblance ; 22 cm.","og_url":"https:\/\/booksfrommexico.com\/es\/producto\/la-linea-blanca-notas-sobre-el-genocidio\/","og_site_name":"Books From Mexico","article_modified_time":"2024-05-08T21:55:20+00:00","og_image":[{"width":394,"height":608,"url":"http:\/\/booksfrommexico.com\/app\/uploads\/2023\/05\/171928.jpeg","type":"image\/jpeg"}],"twitter_card":"summary_large_image","twitter_misc":{"Tiempo de lectura":"1 minuto"},"schema":{"@context":"https:\/\/schema.org","@graph":[{"@type":"WebPage","@id":"https:\/\/booksfrommexico.com\/es\/producto\/la-linea-blanca-notas-sobre-el-genocidio\/","url":"https:\/\/booksfrommexico.com\/es\/producto\/la-linea-blanca-notas-sobre-el-genocidio\/","name":"La l\u00ednea blanca (Notas sobre el genocidio)","isPartOf":{"@id":"https:\/\/booksfrommexico.com\/#website"},"primaryImageOfPage":{"@id":"https:\/\/booksfrommexico.com\/es\/producto\/la-linea-blanca-notas-sobre-el-genocidio\/#primaryimage"},"image":{"@id":"https:\/\/booksfrommexico.com\/es\/producto\/la-linea-blanca-notas-sobre-el-genocidio\/#primaryimage"},"thumbnailUrl":"https:\/\/booksfrommexico.com\/app\/uploads\/2023\/05\/171928.jpeg","datePublished":"2023-05-08T17:10:08+00:00","dateModified":"2024-05-08T21:55:20+00:00","description":"LA L\u00cdNEA BLANCA : (NOTAS SOBRE EL GENOCIDIO). \/ Ren\u00e9 Morales. Monterrey, M\u00e9xico : Regia Cartonera, 2014. 65 pages : includes photos, semblance ; 22 cm.","breadcrumb":{"@id":"https:\/\/booksfrommexico.com\/es\/producto\/la-linea-blanca-notas-sobre-el-genocidio\/#breadcrumb"},"inLanguage":"es","potentialAction":[{"@type":"ReadAction","target":["https:\/\/booksfrommexico.com\/es\/producto\/la-linea-blanca-notas-sobre-el-genocidio\/"]}]},{"@type":"ImageObject","inLanguage":"es","@id":"https:\/\/booksfrommexico.com\/es\/producto\/la-linea-blanca-notas-sobre-el-genocidio\/#primaryimage","url":"https:\/\/booksfrommexico.com\/app\/uploads\/2023\/05\/171928.jpeg","contentUrl":"https:\/\/booksfrommexico.com\/app\/uploads\/2023\/05\/171928.jpeg","width":394,"height":608,"caption":"La l\u00ednea blanca (notas sobre el genocidio) Books From M\u00e9xico."},{"@type":"BreadcrumbList","@id":"https:\/\/booksfrommexico.com\/es\/producto\/la-linea-blanca-notas-sobre-el-genocidio\/#breadcrumb","itemListElement":[{"@type":"ListItem","position":1,"name":"Home","item":"https:\/\/booksfrommexico.com\/es\/"},{"@type":"ListItem","position":2,"name":"Libros","item":"https:\/\/booksfrommexico.com\/es\/libros\/"},{"@type":"ListItem","position":3,"name":"La l\u00ednea blanca (Notas sobre el genocidio)"}]},{"@type":"WebSite","@id":"https:\/\/booksfrommexico.com\/#website","url":"https:\/\/booksfrommexico.com\/","name":"Books From Mexico","description":"","publisher":{"@id":"https:\/\/booksfrommexico.com\/#organization"},"potentialAction":[{"@type":"SearchAction","target":{"@type":"EntryPoint","urlTemplate":"https:\/\/booksfrommexico.com\/?s={search_term_string}"},"query-input":{"@type":"PropertyValueSpecification","valueRequired":true,"valueName":"search_term_string"}}],"inLanguage":"es"},{"@type":"Organization","@id":"https:\/\/booksfrommexico.com\/#organization","name":"Books From Mexico","url":"https:\/\/booksfrommexico.com\/","logo":{"@type":"ImageObject","inLanguage":"es","@id":"https:\/\/booksfrommexico.com\/#\/schema\/logo\/image\/","url":"https:\/\/booksfrommexico.com\/app\/uploads\/2023\/05\/logo-booksfrommexico.svg","contentUrl":"https:\/\/booksfrommexico.com\/app\/uploads\/2023\/05\/logo-booksfrommexico.svg","width":86,"height":56,"caption":"Books From Mexico"},"image":{"@id":"https:\/\/booksfrommexico.com\/#\/schema\/logo\/image\/"}}]}},"_links":{"self":[{"href":"https:\/\/booksfrommexico.com\/es\/wp-json\/wp\/v2\/product\/1034","targetHints":{"allow":["GET"]}}],"collection":[{"href":"https:\/\/booksfrommexico.com\/es\/wp-json\/wp\/v2\/product"}],"about":[{"href":"https:\/\/booksfrommexico.com\/es\/wp-json\/wp\/v2\/types\/product"}],"wp:featuredmedia":[{"embeddable":true,"href":"https:\/\/booksfrommexico.com\/es\/wp-json\/wp\/v2\/media\/1033"}],"wp:attachment":[{"href":"https:\/\/booksfrommexico.com\/es\/wp-json\/wp\/v2\/media?parent=1034"}],"wp:term":[{"taxonomy":"product_brand","embeddable":true,"href":"https:\/\/booksfrommexico.com\/es\/wp-json\/wp\/v2\/product_brand?post=1034"},{"taxonomy":"product_cat","embeddable":true,"href":"https:\/\/booksfrommexico.com\/es\/wp-json\/wp\/v2\/product_cat?post=1034"},{"taxonomy":"product_tag","embeddable":true,"href":"https:\/\/booksfrommexico.com\/es\/wp-json\/wp\/v2\/product_tag?post=1034"}],"curies":[{"name":"wp","href":"https:\/\/api.w.org\/{rel}","templated":true}]}}