{"id":1036,"date":"2023-05-08T17:10:10","date_gmt":"2023-05-08T17:10:10","guid":{"rendered":"http:\/\/booksfrommexico.com\/product\/manicomio\/"},"modified":"2024-05-09T22:21:33","modified_gmt":"2024-05-09T22:21:33","slug":"manicomio","status":"publish","type":"product","link":"https:\/\/booksfrommexico.com\/es\/producto\/manicomio\/","title":{"rendered":"Manicomio"},"content":{"rendered":"<p><span style=\"font-weight: 400;\">Maurizio Medo gan\u00f3 el Premio Nacional de Poes\u00eda Mart\u00edn Ad\u00e1n en 1986, con el cual dio inicio a una\u00a0 larga trayectoria, publicando desde entonces diversos t\u00edtulos enfocados principalmente en la poes\u00eda. Esta colecci\u00f3n de poemas est\u00e1 dividida en 4 secciones, las cuales hacen alusi\u00f3n a lugares, situaciones o personajes de un manicomio, as\u00ed como cada una contiene conceptos, personajes o autores de la literatura relacionados con el concepto de \u201clocura\u201d. El autor tambi\u00e9n juega con el texto introduciendo, en ocasiones, im\u00e1genes que acompa\u00f1an y enriquecen al poema. Este t\u00edtulo pertenece a Regia Cartonera, trat\u00e1ndose de un ejemplar encuadernado artesanalmente y con una portada pintada a mano.<\/span><\/p>\n","protected":false},"excerpt":{"rendered":"<p>MANICOMIO<span style=\"font-weight: 400;\">. \/ Maurizio Medo. Monterrey, M\u00e9xico : Regia Cartonera, 2011. 90 pages : includes illustrations, semblance, portrait ; 22 cm. <\/span><\/p>\n","protected":false},"featured_media":1035,"template":"","meta":{"_acf_changed":false,"inline_featured_image":false},"product_brand":[],"product_cat":[25,32],"product_tag":[4193,4317,4115],"class_list":{"0":"post-1036","1":"product","2":"type-product","3":"status-publish","4":"has-post-thumbnail","6":"product_cat-literatura","7":"product_cat-poesia-literatura","8":"product_tag-cartonera-es","9":"product_tag-enfermedades-mentales","10":"product_tag-poesia-es","12":"first","13":"instock","14":"taxable","15":"shipping-taxable","16":"purchasable","17":"product-type-simple"},"acf":[],"yoast_head":"<!-- This site is optimized with the Yoast SEO plugin v27.2 - https:\/\/yoast.com\/product\/yoast-seo-wordpress\/ -->\n<title>Manicomio<\/title>\n<meta name=\"description\" content=\"MANICOMIO. \/ Maurizio Medo. Monterrey, M\u00e9xico : Regia Cartonera, 2011. 90 pages : includes illustrations, semblance, portrait ; 22 cm.\" \/>\n<meta name=\"robots\" content=\"index, follow, max-snippet:-1, max-image-preview:large, max-video-preview:-1\" \/>\n<link rel=\"canonical\" href=\"https:\/\/booksfrommexico.com\/es\/producto\/manicomio\/\" \/>\n<meta property=\"og:locale\" content=\"es_ES\" \/>\n<meta property=\"og:type\" content=\"article\" \/>\n<meta property=\"og:title\" content=\"Manicomio\" \/>\n<meta property=\"og:description\" content=\"MANICOMIO. \/ Maurizio Medo. Monterrey, M\u00e9xico : Regia Cartonera, 2011. 90 pages : includes illustrations, semblance, portrait ; 22 cm.\" \/>\n<meta property=\"og:url\" content=\"https:\/\/booksfrommexico.com\/es\/producto\/manicomio\/\" \/>\n<meta property=\"og:site_name\" content=\"Books From Mexico\" \/>\n<meta property=\"article:modified_time\" content=\"2024-05-09T22:21:33+00:00\" \/>\n<meta property=\"og:image\" content=\"http:\/\/booksfrommexico.com\/app\/uploads\/2023\/05\/171944.jpeg\" \/>\n\t<meta property=\"og:image:width\" content=\"485\" \/>\n\t<meta property=\"og:image:height\" content=\"600\" \/>\n\t<meta property=\"og:image:type\" content=\"image\/jpeg\" \/>\n<meta name=\"twitter:card\" content=\"summary_large_image\" \/>\n<meta name=\"twitter:label1\" content=\"Tiempo de lectura\" \/>\n\t<meta name=\"twitter:data1\" content=\"1 minuto\" \/>\n<script type=\"application\/ld+json\" class=\"yoast-schema-graph\">{\"@context\":\"https:\/\/schema.org\",\"@graph\":[{\"@type\":\"WebPage\",\"@id\":\"https:\/\/booksfrommexico.com\/es\/producto\/manicomio\/\",\"url\":\"https:\/\/booksfrommexico.com\/es\/producto\/manicomio\/\",\"name\":\"Manicomio\",\"isPartOf\":{\"@id\":\"https:\/\/booksfrommexico.com\/#website\"},\"primaryImageOfPage\":{\"@id\":\"https:\/\/booksfrommexico.com\/es\/producto\/manicomio\/#primaryimage\"},\"image\":{\"@id\":\"https:\/\/booksfrommexico.com\/es\/producto\/manicomio\/#primaryimage\"},\"thumbnailUrl\":\"https:\/\/booksfrommexico.com\/app\/uploads\/2023\/05\/171944.jpeg\",\"datePublished\":\"2023-05-08T17:10:10+00:00\",\"dateModified\":\"2024-05-09T22:21:33+00:00\",\"description\":\"MANICOMIO. \/ Maurizio Medo. Monterrey, M\u00e9xico : Regia Cartonera, 2011. 90 pages : includes illustrations, semblance, portrait ; 22 cm.\",\"breadcrumb\":{\"@id\":\"https:\/\/booksfrommexico.com\/es\/producto\/manicomio\/#breadcrumb\"},\"inLanguage\":\"es\",\"potentialAction\":[{\"@type\":\"ReadAction\",\"target\":[\"https:\/\/booksfrommexico.com\/es\/producto\/manicomio\/\"]}]},{\"@type\":\"ImageObject\",\"inLanguage\":\"es\",\"@id\":\"https:\/\/booksfrommexico.com\/es\/producto\/manicomio\/#primaryimage\",\"url\":\"https:\/\/booksfrommexico.com\/app\/uploads\/2023\/05\/171944.jpeg\",\"contentUrl\":\"https:\/\/booksfrommexico.com\/app\/uploads\/2023\/05\/171944.jpeg\",\"width\":485,\"height\":600,\"caption\":\"Manicomio por Maurizio Medo. Books From M\u00e9xico\"},{\"@type\":\"BreadcrumbList\",\"@id\":\"https:\/\/booksfrommexico.com\/es\/producto\/manicomio\/#breadcrumb\",\"itemListElement\":[{\"@type\":\"ListItem\",\"position\":1,\"name\":\"Home\",\"item\":\"https:\/\/booksfrommexico.com\/es\/\"},{\"@type\":\"ListItem\",\"position\":2,\"name\":\"Libros\",\"item\":\"https:\/\/booksfrommexico.com\/es\/libros\/\"},{\"@type\":\"ListItem\",\"position\":3,\"name\":\"Manicomio\"}]},{\"@type\":\"WebSite\",\"@id\":\"https:\/\/booksfrommexico.com\/#website\",\"url\":\"https:\/\/booksfrommexico.com\/\",\"name\":\"Books From Mexico\",\"description\":\"\",\"publisher\":{\"@id\":\"https:\/\/booksfrommexico.com\/#organization\"},\"potentialAction\":[{\"@type\":\"SearchAction\",\"target\":{\"@type\":\"EntryPoint\",\"urlTemplate\":\"https:\/\/booksfrommexico.com\/?s={search_term_string}\"},\"query-input\":{\"@type\":\"PropertyValueSpecification\",\"valueRequired\":true,\"valueName\":\"search_term_string\"}}],\"inLanguage\":\"es\"},{\"@type\":\"Organization\",\"@id\":\"https:\/\/booksfrommexico.com\/#organization\",\"name\":\"Books From Mexico\",\"url\":\"https:\/\/booksfrommexico.com\/\",\"logo\":{\"@type\":\"ImageObject\",\"inLanguage\":\"es\",\"@id\":\"https:\/\/booksfrommexico.com\/#\/schema\/logo\/image\/\",\"url\":\"https:\/\/booksfrommexico.com\/app\/uploads\/2023\/05\/logo-booksfrommexico.svg\",\"contentUrl\":\"https:\/\/booksfrommexico.com\/app\/uploads\/2023\/05\/logo-booksfrommexico.svg\",\"width\":86,\"height\":56,\"caption\":\"Books From Mexico\"},\"image\":{\"@id\":\"https:\/\/booksfrommexico.com\/#\/schema\/logo\/image\/\"}}]}<\/script>\n<!-- \/ Yoast SEO plugin. -->","yoast_head_json":{"title":"Manicomio","description":"MANICOMIO. \/ Maurizio Medo. Monterrey, M\u00e9xico : Regia Cartonera, 2011. 90 pages : includes illustrations, semblance, portrait ; 22 cm.","robots":{"index":"index","follow":"follow","max-snippet":"max-snippet:-1","max-image-preview":"max-image-preview:large","max-video-preview":"max-video-preview:-1"},"canonical":"https:\/\/booksfrommexico.com\/es\/producto\/manicomio\/","og_locale":"es_ES","og_type":"article","og_title":"Manicomio","og_description":"MANICOMIO. \/ Maurizio Medo. Monterrey, M\u00e9xico : Regia Cartonera, 2011. 90 pages : includes illustrations, semblance, portrait ; 22 cm.","og_url":"https:\/\/booksfrommexico.com\/es\/producto\/manicomio\/","og_site_name":"Books From Mexico","article_modified_time":"2024-05-09T22:21:33+00:00","og_image":[{"width":485,"height":600,"url":"http:\/\/booksfrommexico.com\/app\/uploads\/2023\/05\/171944.jpeg","type":"image\/jpeg"}],"twitter_card":"summary_large_image","twitter_misc":{"Tiempo de lectura":"1 minuto"},"schema":{"@context":"https:\/\/schema.org","@graph":[{"@type":"WebPage","@id":"https:\/\/booksfrommexico.com\/es\/producto\/manicomio\/","url":"https:\/\/booksfrommexico.com\/es\/producto\/manicomio\/","name":"Manicomio","isPartOf":{"@id":"https:\/\/booksfrommexico.com\/#website"},"primaryImageOfPage":{"@id":"https:\/\/booksfrommexico.com\/es\/producto\/manicomio\/#primaryimage"},"image":{"@id":"https:\/\/booksfrommexico.com\/es\/producto\/manicomio\/#primaryimage"},"thumbnailUrl":"https:\/\/booksfrommexico.com\/app\/uploads\/2023\/05\/171944.jpeg","datePublished":"2023-05-08T17:10:10+00:00","dateModified":"2024-05-09T22:21:33+00:00","description":"MANICOMIO. \/ Maurizio Medo. Monterrey, M\u00e9xico : Regia Cartonera, 2011. 90 pages : includes illustrations, semblance, portrait ; 22 cm.","breadcrumb":{"@id":"https:\/\/booksfrommexico.com\/es\/producto\/manicomio\/#breadcrumb"},"inLanguage":"es","potentialAction":[{"@type":"ReadAction","target":["https:\/\/booksfrommexico.com\/es\/producto\/manicomio\/"]}]},{"@type":"ImageObject","inLanguage":"es","@id":"https:\/\/booksfrommexico.com\/es\/producto\/manicomio\/#primaryimage","url":"https:\/\/booksfrommexico.com\/app\/uploads\/2023\/05\/171944.jpeg","contentUrl":"https:\/\/booksfrommexico.com\/app\/uploads\/2023\/05\/171944.jpeg","width":485,"height":600,"caption":"Manicomio por Maurizio Medo. Books From M\u00e9xico"},{"@type":"BreadcrumbList","@id":"https:\/\/booksfrommexico.com\/es\/producto\/manicomio\/#breadcrumb","itemListElement":[{"@type":"ListItem","position":1,"name":"Home","item":"https:\/\/booksfrommexico.com\/es\/"},{"@type":"ListItem","position":2,"name":"Libros","item":"https:\/\/booksfrommexico.com\/es\/libros\/"},{"@type":"ListItem","position":3,"name":"Manicomio"}]},{"@type":"WebSite","@id":"https:\/\/booksfrommexico.com\/#website","url":"https:\/\/booksfrommexico.com\/","name":"Books From Mexico","description":"","publisher":{"@id":"https:\/\/booksfrommexico.com\/#organization"},"potentialAction":[{"@type":"SearchAction","target":{"@type":"EntryPoint","urlTemplate":"https:\/\/booksfrommexico.com\/?s={search_term_string}"},"query-input":{"@type":"PropertyValueSpecification","valueRequired":true,"valueName":"search_term_string"}}],"inLanguage":"es"},{"@type":"Organization","@id":"https:\/\/booksfrommexico.com\/#organization","name":"Books From Mexico","url":"https:\/\/booksfrommexico.com\/","logo":{"@type":"ImageObject","inLanguage":"es","@id":"https:\/\/booksfrommexico.com\/#\/schema\/logo\/image\/","url":"https:\/\/booksfrommexico.com\/app\/uploads\/2023\/05\/logo-booksfrommexico.svg","contentUrl":"https:\/\/booksfrommexico.com\/app\/uploads\/2023\/05\/logo-booksfrommexico.svg","width":86,"height":56,"caption":"Books From Mexico"},"image":{"@id":"https:\/\/booksfrommexico.com\/#\/schema\/logo\/image\/"}}]}},"_links":{"self":[{"href":"https:\/\/booksfrommexico.com\/es\/wp-json\/wp\/v2\/product\/1036","targetHints":{"allow":["GET"]}}],"collection":[{"href":"https:\/\/booksfrommexico.com\/es\/wp-json\/wp\/v2\/product"}],"about":[{"href":"https:\/\/booksfrommexico.com\/es\/wp-json\/wp\/v2\/types\/product"}],"wp:featuredmedia":[{"embeddable":true,"href":"https:\/\/booksfrommexico.com\/es\/wp-json\/wp\/v2\/media\/1035"}],"wp:attachment":[{"href":"https:\/\/booksfrommexico.com\/es\/wp-json\/wp\/v2\/media?parent=1036"}],"wp:term":[{"taxonomy":"product_brand","embeddable":true,"href":"https:\/\/booksfrommexico.com\/es\/wp-json\/wp\/v2\/product_brand?post=1036"},{"taxonomy":"product_cat","embeddable":true,"href":"https:\/\/booksfrommexico.com\/es\/wp-json\/wp\/v2\/product_cat?post=1036"},{"taxonomy":"product_tag","embeddable":true,"href":"https:\/\/booksfrommexico.com\/es\/wp-json\/wp\/v2\/product_tag?post=1036"}],"curies":[{"name":"wp","href":"https:\/\/api.w.org\/{rel}","templated":true}]}}