{"id":1038,"date":"2023-05-08T17:10:12","date_gmt":"2023-05-08T17:10:12","guid":{"rendered":"http:\/\/booksfrommexico.com\/product\/palabras-de-emergencia-poesia-desde-el-asfalto-antologia-joven-de-monterrey\/"},"modified":"2024-05-08T22:08:29","modified_gmt":"2024-05-08T22:08:29","slug":"palabras-de-emergencia-poesia-desde-el-asfalto-antologia-joven-de-monterrey","status":"publish","type":"product","link":"https:\/\/booksfrommexico.com\/es\/producto\/palabras-de-emergencia-poesia-desde-el-asfalto-antologia-joven-de-monterrey\/","title":{"rendered":"Palabras de emergencia: Poes\u00eda desde el asfalto (Antolog\u00eda joven de Monterrey)"},"content":{"rendered":"<p><span style=\"font-weight: 400;\">Este t\u00edtulo es parte de una propuesta editorial que abre el concepto de \u201cantolog\u00eda viva\u201d, es decir, que no es un libro acabado sino en construcci\u00f3n y crecimiento al incluir el trabajo de poetas j\u00f3venes, actualiz\u00e1ndose cada cierto tiempo. Los poemas que se presentan tienen t\u00f3picos variados, incluyendo reflexiones al respecto de su entorno, la violencia en que viven sus autores, y su necesidad de expresarse; pero su tema principal es la ciudad de Monterrey, pues a los escritores que se incluyen aqu\u00ed eso es lo que los une: su ciudad. Este t\u00edtulo pertenece a Regia Cartonera, trat\u00e1ndose de un ejemplar encuadernado artesanalmente y con una portada pintada a mano.\u00a0<\/span><\/p>\n","protected":false},"excerpt":{"rendered":"<p>PALABRAS DE EMERGENCIA : POES\u00cdA DESDE EL ASFALTO (ANTOLOG\u00cdA JOVEN DE MONTERREY)<span style=\"font-weight: 400;\">. \/ Monterrey, M\u00e9xico : Regia Cartonera, 2013. 90 pages ; 22 cm.<\/span><\/p>\n","protected":false},"featured_media":1037,"template":"","meta":{"_acf_changed":false,"inline_featured_image":false},"product_brand":[],"product_cat":[25,32],"product_tag":[4193,4232,4311,4115],"class_list":{"0":"post-1038","1":"product","2":"type-product","3":"status-publish","4":"has-post-thumbnail","6":"product_cat-literatura","7":"product_cat-poesia-literatura","8":"product_tag-cartonera-es","9":"product_tag-literatura-infantil-y-juvenil","10":"product_tag-nuevo-leon-mexico","11":"product_tag-poesia-es","13":"first","14":"instock","15":"taxable","16":"shipping-taxable","17":"purchasable","18":"product-type-simple"},"acf":[],"yoast_head":"<!-- This site is optimized with the Yoast SEO plugin v27.3 - https:\/\/yoast.com\/product\/yoast-seo-wordpress\/ -->\n<title>Palabras de emergencia: Poes\u00eda desde el asfalto<\/title>\n<meta name=\"description\" content=\"PALABRAS DE EMERGENCIA : POES\u00cdA DESDE EL ASFALTO (ANTOLOG\u00cdA JOVEN DE MONTERREY). \/ Monterrey, M\u00e9xico : Regia Cartonera, 2013. 90 pages ; 22 cm.\" \/>\n<meta name=\"robots\" content=\"index, follow, max-snippet:-1, max-image-preview:large, max-video-preview:-1\" \/>\n<link rel=\"canonical\" href=\"https:\/\/booksfrommexico.com\/es\/producto\/palabras-de-emergencia-poesia-desde-el-asfalto-antologia-joven-de-monterrey\/\" \/>\n<meta property=\"og:locale\" content=\"es_ES\" \/>\n<meta property=\"og:type\" content=\"article\" \/>\n<meta property=\"og:title\" content=\"Palabras de emergencia: Poes\u00eda desde el asfalto\" \/>\n<meta property=\"og:description\" content=\"PALABRAS DE EMERGENCIA : POES\u00cdA DESDE EL ASFALTO (ANTOLOG\u00cdA JOVEN DE MONTERREY). \/ Monterrey, M\u00e9xico : Regia Cartonera, 2013. 90 pages ; 22 cm.\" \/>\n<meta property=\"og:url\" content=\"https:\/\/booksfrommexico.com\/es\/producto\/palabras-de-emergencia-poesia-desde-el-asfalto-antologia-joven-de-monterrey\/\" \/>\n<meta property=\"og:site_name\" content=\"Books From Mexico\" \/>\n<meta property=\"article:modified_time\" content=\"2024-05-08T22:08:29+00:00\" \/>\n<meta property=\"og:image\" content=\"http:\/\/booksfrommexico.com\/app\/uploads\/2023\/05\/171941.jpeg\" \/>\n\t<meta property=\"og:image:width\" content=\"395\" \/>\n\t<meta property=\"og:image:height\" content=\"615\" \/>\n\t<meta property=\"og:image:type\" content=\"image\/jpeg\" \/>\n<meta name=\"twitter:card\" content=\"summary_large_image\" \/>\n<meta name=\"twitter:label1\" content=\"Tiempo de lectura\" \/>\n\t<meta name=\"twitter:data1\" content=\"1 minuto\" \/>\n<script type=\"application\/ld+json\" class=\"yoast-schema-graph\">{\"@context\":\"https:\\\/\\\/schema.org\",\"@graph\":[{\"@type\":\"WebPage\",\"@id\":\"https:\\\/\\\/booksfrommexico.com\\\/es\\\/producto\\\/palabras-de-emergencia-poesia-desde-el-asfalto-antologia-joven-de-monterrey\\\/\",\"url\":\"https:\\\/\\\/booksfrommexico.com\\\/es\\\/producto\\\/palabras-de-emergencia-poesia-desde-el-asfalto-antologia-joven-de-monterrey\\\/\",\"name\":\"Palabras de emergencia: Poes\u00eda desde el asfalto\",\"isPartOf\":{\"@id\":\"https:\\\/\\\/booksfrommexico.com\\\/#website\"},\"primaryImageOfPage\":{\"@id\":\"https:\\\/\\\/booksfrommexico.com\\\/es\\\/producto\\\/palabras-de-emergencia-poesia-desde-el-asfalto-antologia-joven-de-monterrey\\\/#primaryimage\"},\"image\":{\"@id\":\"https:\\\/\\\/booksfrommexico.com\\\/es\\\/producto\\\/palabras-de-emergencia-poesia-desde-el-asfalto-antologia-joven-de-monterrey\\\/#primaryimage\"},\"thumbnailUrl\":\"https:\\\/\\\/booksfrommexico.com\\\/app\\\/uploads\\\/2023\\\/05\\\/171941.jpeg\",\"datePublished\":\"2023-05-08T17:10:12+00:00\",\"dateModified\":\"2024-05-08T22:08:29+00:00\",\"description\":\"PALABRAS DE EMERGENCIA : POES\u00cdA DESDE EL ASFALTO (ANTOLOG\u00cdA JOVEN DE MONTERREY). \\\/ Monterrey, M\u00e9xico : Regia Cartonera, 2013. 90 pages ; 22 cm.\",\"breadcrumb\":{\"@id\":\"https:\\\/\\\/booksfrommexico.com\\\/es\\\/producto\\\/palabras-de-emergencia-poesia-desde-el-asfalto-antologia-joven-de-monterrey\\\/#breadcrumb\"},\"inLanguage\":\"es\",\"potentialAction\":[{\"@type\":\"ReadAction\",\"target\":[\"https:\\\/\\\/booksfrommexico.com\\\/es\\\/producto\\\/palabras-de-emergencia-poesia-desde-el-asfalto-antologia-joven-de-monterrey\\\/\"]}]},{\"@type\":\"ImageObject\",\"inLanguage\":\"es\",\"@id\":\"https:\\\/\\\/booksfrommexico.com\\\/es\\\/producto\\\/palabras-de-emergencia-poesia-desde-el-asfalto-antologia-joven-de-monterrey\\\/#primaryimage\",\"url\":\"https:\\\/\\\/booksfrommexico.com\\\/app\\\/uploads\\\/2023\\\/05\\\/171941.jpeg\",\"contentUrl\":\"https:\\\/\\\/booksfrommexico.com\\\/app\\\/uploads\\\/2023\\\/05\\\/171941.jpeg\",\"width\":395,\"height\":615,\"caption\":\"Palabras de emergencia: poes\u00eda desde el asfalto Books From M\u00e9xico\"},{\"@type\":\"BreadcrumbList\",\"@id\":\"https:\\\/\\\/booksfrommexico.com\\\/es\\\/producto\\\/palabras-de-emergencia-poesia-desde-el-asfalto-antologia-joven-de-monterrey\\\/#breadcrumb\",\"itemListElement\":[{\"@type\":\"ListItem\",\"position\":1,\"name\":\"Home\",\"item\":\"https:\\\/\\\/booksfrommexico.com\\\/es\\\/\"},{\"@type\":\"ListItem\",\"position\":2,\"name\":\"Libros\",\"item\":\"https:\\\/\\\/booksfrommexico.com\\\/es\\\/libros\\\/\"},{\"@type\":\"ListItem\",\"position\":3,\"name\":\"Palabras de emergencia: Poes\u00eda desde el asfalto (Antolog\u00eda joven de Monterrey)\"}]},{\"@type\":\"WebSite\",\"@id\":\"https:\\\/\\\/booksfrommexico.com\\\/#website\",\"url\":\"https:\\\/\\\/booksfrommexico.com\\\/\",\"name\":\"Books From Mexico\",\"description\":\"\",\"publisher\":{\"@id\":\"https:\\\/\\\/booksfrommexico.com\\\/#organization\"},\"potentialAction\":[{\"@type\":\"SearchAction\",\"target\":{\"@type\":\"EntryPoint\",\"urlTemplate\":\"https:\\\/\\\/booksfrommexico.com\\\/?s={search_term_string}\"},\"query-input\":{\"@type\":\"PropertyValueSpecification\",\"valueRequired\":true,\"valueName\":\"search_term_string\"}}],\"inLanguage\":\"es\"},{\"@type\":\"Organization\",\"@id\":\"https:\\\/\\\/booksfrommexico.com\\\/#organization\",\"name\":\"Books From Mexico\",\"url\":\"https:\\\/\\\/booksfrommexico.com\\\/\",\"logo\":{\"@type\":\"ImageObject\",\"inLanguage\":\"es\",\"@id\":\"https:\\\/\\\/booksfrommexico.com\\\/#\\\/schema\\\/logo\\\/image\\\/\",\"url\":\"https:\\\/\\\/booksfrommexico.com\\\/app\\\/uploads\\\/2023\\\/05\\\/logo-booksfrommexico.svg\",\"contentUrl\":\"https:\\\/\\\/booksfrommexico.com\\\/app\\\/uploads\\\/2023\\\/05\\\/logo-booksfrommexico.svg\",\"width\":86,\"height\":56,\"caption\":\"Books From Mexico\"},\"image\":{\"@id\":\"https:\\\/\\\/booksfrommexico.com\\\/#\\\/schema\\\/logo\\\/image\\\/\"}}]}<\/script>\n<!-- \/ Yoast SEO plugin. -->","yoast_head_json":{"title":"Palabras de emergencia: Poes\u00eda desde el asfalto","description":"PALABRAS DE EMERGENCIA : POES\u00cdA DESDE EL ASFALTO (ANTOLOG\u00cdA JOVEN DE MONTERREY). \/ Monterrey, M\u00e9xico : Regia Cartonera, 2013. 90 pages ; 22 cm.","robots":{"index":"index","follow":"follow","max-snippet":"max-snippet:-1","max-image-preview":"max-image-preview:large","max-video-preview":"max-video-preview:-1"},"canonical":"https:\/\/booksfrommexico.com\/es\/producto\/palabras-de-emergencia-poesia-desde-el-asfalto-antologia-joven-de-monterrey\/","og_locale":"es_ES","og_type":"article","og_title":"Palabras de emergencia: Poes\u00eda desde el asfalto","og_description":"PALABRAS DE EMERGENCIA : POES\u00cdA DESDE EL ASFALTO (ANTOLOG\u00cdA JOVEN DE MONTERREY). \/ Monterrey, M\u00e9xico : Regia Cartonera, 2013. 90 pages ; 22 cm.","og_url":"https:\/\/booksfrommexico.com\/es\/producto\/palabras-de-emergencia-poesia-desde-el-asfalto-antologia-joven-de-monterrey\/","og_site_name":"Books From Mexico","article_modified_time":"2024-05-08T22:08:29+00:00","og_image":[{"width":395,"height":615,"url":"http:\/\/booksfrommexico.com\/app\/uploads\/2023\/05\/171941.jpeg","type":"image\/jpeg"}],"twitter_card":"summary_large_image","twitter_misc":{"Tiempo de lectura":"1 minuto"},"schema":{"@context":"https:\/\/schema.org","@graph":[{"@type":"WebPage","@id":"https:\/\/booksfrommexico.com\/es\/producto\/palabras-de-emergencia-poesia-desde-el-asfalto-antologia-joven-de-monterrey\/","url":"https:\/\/booksfrommexico.com\/es\/producto\/palabras-de-emergencia-poesia-desde-el-asfalto-antologia-joven-de-monterrey\/","name":"Palabras de emergencia: Poes\u00eda desde el asfalto","isPartOf":{"@id":"https:\/\/booksfrommexico.com\/#website"},"primaryImageOfPage":{"@id":"https:\/\/booksfrommexico.com\/es\/producto\/palabras-de-emergencia-poesia-desde-el-asfalto-antologia-joven-de-monterrey\/#primaryimage"},"image":{"@id":"https:\/\/booksfrommexico.com\/es\/producto\/palabras-de-emergencia-poesia-desde-el-asfalto-antologia-joven-de-monterrey\/#primaryimage"},"thumbnailUrl":"https:\/\/booksfrommexico.com\/app\/uploads\/2023\/05\/171941.jpeg","datePublished":"2023-05-08T17:10:12+00:00","dateModified":"2024-05-08T22:08:29+00:00","description":"PALABRAS DE EMERGENCIA : POES\u00cdA DESDE EL ASFALTO (ANTOLOG\u00cdA JOVEN DE MONTERREY). \/ Monterrey, M\u00e9xico : Regia Cartonera, 2013. 90 pages ; 22 cm.","breadcrumb":{"@id":"https:\/\/booksfrommexico.com\/es\/producto\/palabras-de-emergencia-poesia-desde-el-asfalto-antologia-joven-de-monterrey\/#breadcrumb"},"inLanguage":"es","potentialAction":[{"@type":"ReadAction","target":["https:\/\/booksfrommexico.com\/es\/producto\/palabras-de-emergencia-poesia-desde-el-asfalto-antologia-joven-de-monterrey\/"]}]},{"@type":"ImageObject","inLanguage":"es","@id":"https:\/\/booksfrommexico.com\/es\/producto\/palabras-de-emergencia-poesia-desde-el-asfalto-antologia-joven-de-monterrey\/#primaryimage","url":"https:\/\/booksfrommexico.com\/app\/uploads\/2023\/05\/171941.jpeg","contentUrl":"https:\/\/booksfrommexico.com\/app\/uploads\/2023\/05\/171941.jpeg","width":395,"height":615,"caption":"Palabras de emergencia: poes\u00eda desde el asfalto Books From M\u00e9xico"},{"@type":"BreadcrumbList","@id":"https:\/\/booksfrommexico.com\/es\/producto\/palabras-de-emergencia-poesia-desde-el-asfalto-antologia-joven-de-monterrey\/#breadcrumb","itemListElement":[{"@type":"ListItem","position":1,"name":"Home","item":"https:\/\/booksfrommexico.com\/es\/"},{"@type":"ListItem","position":2,"name":"Libros","item":"https:\/\/booksfrommexico.com\/es\/libros\/"},{"@type":"ListItem","position":3,"name":"Palabras de emergencia: Poes\u00eda desde el asfalto (Antolog\u00eda joven de Monterrey)"}]},{"@type":"WebSite","@id":"https:\/\/booksfrommexico.com\/#website","url":"https:\/\/booksfrommexico.com\/","name":"Books From Mexico","description":"","publisher":{"@id":"https:\/\/booksfrommexico.com\/#organization"},"potentialAction":[{"@type":"SearchAction","target":{"@type":"EntryPoint","urlTemplate":"https:\/\/booksfrommexico.com\/?s={search_term_string}"},"query-input":{"@type":"PropertyValueSpecification","valueRequired":true,"valueName":"search_term_string"}}],"inLanguage":"es"},{"@type":"Organization","@id":"https:\/\/booksfrommexico.com\/#organization","name":"Books From Mexico","url":"https:\/\/booksfrommexico.com\/","logo":{"@type":"ImageObject","inLanguage":"es","@id":"https:\/\/booksfrommexico.com\/#\/schema\/logo\/image\/","url":"https:\/\/booksfrommexico.com\/app\/uploads\/2023\/05\/logo-booksfrommexico.svg","contentUrl":"https:\/\/booksfrommexico.com\/app\/uploads\/2023\/05\/logo-booksfrommexico.svg","width":86,"height":56,"caption":"Books From Mexico"},"image":{"@id":"https:\/\/booksfrommexico.com\/#\/schema\/logo\/image\/"}}]}},"_links":{"self":[{"href":"https:\/\/booksfrommexico.com\/es\/wp-json\/wp\/v2\/product\/1038","targetHints":{"allow":["GET"]}}],"collection":[{"href":"https:\/\/booksfrommexico.com\/es\/wp-json\/wp\/v2\/product"}],"about":[{"href":"https:\/\/booksfrommexico.com\/es\/wp-json\/wp\/v2\/types\/product"}],"wp:featuredmedia":[{"embeddable":true,"href":"https:\/\/booksfrommexico.com\/es\/wp-json\/wp\/v2\/media\/1037"}],"wp:attachment":[{"href":"https:\/\/booksfrommexico.com\/es\/wp-json\/wp\/v2\/media?parent=1038"}],"wp:term":[{"taxonomy":"product_brand","embeddable":true,"href":"https:\/\/booksfrommexico.com\/es\/wp-json\/wp\/v2\/product_brand?post=1038"},{"taxonomy":"product_cat","embeddable":true,"href":"https:\/\/booksfrommexico.com\/es\/wp-json\/wp\/v2\/product_cat?post=1038"},{"taxonomy":"product_tag","embeddable":true,"href":"https:\/\/booksfrommexico.com\/es\/wp-json\/wp\/v2\/product_tag?post=1038"}],"curies":[{"name":"wp","href":"https:\/\/api.w.org\/{rel}","templated":true}]}}