{"id":1042,"date":"2023-05-08T17:10:17","date_gmt":"2023-05-08T17:10:17","guid":{"rendered":"http:\/\/booksfrommexico.com\/product\/castillos-que-se-incendian\/"},"modified":"2024-05-08T22:29:19","modified_gmt":"2024-05-08T22:29:19","slug":"castillos-que-se-incendian","status":"publish","type":"product","link":"https:\/\/booksfrommexico.com\/es\/producto\/castillos-que-se-incendian\/","title":{"rendered":"Castillos que se incendian"},"content":{"rendered":"<p><span style=\"font-weight: 400;\">Jos\u00e9 Luis Z\u00e1rate es un ensayista, poeta y narrador, ha ganado diversos premios y es pionero de la literatura electr\u00f3nica. Su trabajo lo hace formar parte de un movimiento renovador de la literatura mexicana de finales del siglo XX, que abandona lo que el autor considera \u201cnacionalismo imperante\u201d y busca volverse m\u00e1s universal. Fiel a su estilo que busca la originalidad, en este t\u00edtulo se encuentran breves narraciones que no abarcan m\u00e1s all\u00e1 de una p\u00e1gina, pudiendo funcionar en ocasiones tanto como cuento como poema. Este t\u00edtulo pertenece a Regia Cartonera, trat\u00e1ndose de un ejemplar encuadernado artesanalmente y con una portada pintada a mano. <\/span><\/p>\n","protected":false},"excerpt":{"rendered":"<p>CASTILLOS QUE SE INCENDIAN<span style=\"font-weight: 400;\">. Jos\u00e9 Luis Z\u00e1rate. Monterrey, M\u00e9xico : Regia Cartonera, 2012. 90 pages : includes portrait, semblance ; 22 cm. (Serie Narrativa).<\/span><\/p>\n","protected":false},"featured_media":1041,"template":"","meta":{"_acf_changed":false,"inline_featured_image":false},"product_brand":[],"product_cat":[37,25],"product_tag":[4193,4127,3603],"class_list":{"0":"post-1042","1":"product","2":"type-product","3":"status-publish","4":"has-post-thumbnail","6":"product_cat-cuento-literatura","7":"product_cat-literatura","8":"product_tag-cartonera-es","9":"product_tag-cuento","10":"product_tag-cuentos-mexicanos","12":"first","13":"instock","14":"taxable","15":"shipping-taxable","16":"purchasable","17":"product-type-simple"},"acf":[],"yoast_head":"<!-- This site is optimized with the Yoast SEO plugin v27.3 - https:\/\/yoast.com\/product\/yoast-seo-wordpress\/ -->\n<title>Castillos que se incendian<\/title>\n<meta name=\"description\" content=\"CASTILLOS QUE SE INCENDIAN. Jos\u00e9 Luis Z\u00e1rate. Monterrey, M\u00e9xico : Regia Cartonera, 2012. 90 pages : includes portrait, semblance ; 22 cm. (Serie Narrativa).\" \/>\n<meta name=\"robots\" content=\"index, follow, max-snippet:-1, max-image-preview:large, max-video-preview:-1\" \/>\n<link rel=\"canonical\" href=\"https:\/\/booksfrommexico.com\/es\/producto\/castillos-que-se-incendian\/\" \/>\n<meta property=\"og:locale\" content=\"es_ES\" \/>\n<meta property=\"og:type\" content=\"article\" \/>\n<meta property=\"og:title\" content=\"Castillos que se incendian\" \/>\n<meta property=\"og:description\" content=\"CASTILLOS QUE SE INCENDIAN. Jos\u00e9 Luis Z\u00e1rate. Monterrey, M\u00e9xico : Regia Cartonera, 2012. 90 pages : includes portrait, semblance ; 22 cm. (Serie Narrativa).\" \/>\n<meta property=\"og:url\" content=\"https:\/\/booksfrommexico.com\/es\/producto\/castillos-que-se-incendian\/\" \/>\n<meta property=\"og:site_name\" content=\"Books From Mexico\" \/>\n<meta property=\"article:modified_time\" content=\"2024-05-08T22:29:19+00:00\" \/>\n<meta property=\"og:image\" content=\"http:\/\/booksfrommexico.com\/app\/uploads\/2023\/05\/171938.jpeg\" \/>\n\t<meta property=\"og:image:width\" content=\"393\" \/>\n\t<meta property=\"og:image:height\" content=\"622\" \/>\n\t<meta property=\"og:image:type\" content=\"image\/jpeg\" \/>\n<meta name=\"twitter:card\" content=\"summary_large_image\" \/>\n<meta name=\"twitter:label1\" content=\"Tiempo de lectura\" \/>\n\t<meta name=\"twitter:data1\" content=\"1 minuto\" \/>\n<script type=\"application\/ld+json\" class=\"yoast-schema-graph\">{\"@context\":\"https:\\\/\\\/schema.org\",\"@graph\":[{\"@type\":\"WebPage\",\"@id\":\"https:\\\/\\\/booksfrommexico.com\\\/es\\\/producto\\\/castillos-que-se-incendian\\\/\",\"url\":\"https:\\\/\\\/booksfrommexico.com\\\/es\\\/producto\\\/castillos-que-se-incendian\\\/\",\"name\":\"Castillos que se incendian\",\"isPartOf\":{\"@id\":\"https:\\\/\\\/booksfrommexico.com\\\/#website\"},\"primaryImageOfPage\":{\"@id\":\"https:\\\/\\\/booksfrommexico.com\\\/es\\\/producto\\\/castillos-que-se-incendian\\\/#primaryimage\"},\"image\":{\"@id\":\"https:\\\/\\\/booksfrommexico.com\\\/es\\\/producto\\\/castillos-que-se-incendian\\\/#primaryimage\"},\"thumbnailUrl\":\"https:\\\/\\\/booksfrommexico.com\\\/app\\\/uploads\\\/2023\\\/05\\\/171938.jpeg\",\"datePublished\":\"2023-05-08T17:10:17+00:00\",\"dateModified\":\"2024-05-08T22:29:19+00:00\",\"description\":\"CASTILLOS QUE SE INCENDIAN. Jos\u00e9 Luis Z\u00e1rate. Monterrey, M\u00e9xico : Regia Cartonera, 2012. 90 pages : includes portrait, semblance ; 22 cm. (Serie Narrativa).\",\"breadcrumb\":{\"@id\":\"https:\\\/\\\/booksfrommexico.com\\\/es\\\/producto\\\/castillos-que-se-incendian\\\/#breadcrumb\"},\"inLanguage\":\"es\",\"potentialAction\":[{\"@type\":\"ReadAction\",\"target\":[\"https:\\\/\\\/booksfrommexico.com\\\/es\\\/producto\\\/castillos-que-se-incendian\\\/\"]}]},{\"@type\":\"ImageObject\",\"inLanguage\":\"es\",\"@id\":\"https:\\\/\\\/booksfrommexico.com\\\/es\\\/producto\\\/castillos-que-se-incendian\\\/#primaryimage\",\"url\":\"https:\\\/\\\/booksfrommexico.com\\\/app\\\/uploads\\\/2023\\\/05\\\/171938.jpeg\",\"contentUrl\":\"https:\\\/\\\/booksfrommexico.com\\\/app\\\/uploads\\\/2023\\\/05\\\/171938.jpeg\",\"width\":393,\"height\":622,\"caption\":\"Castillos que se incendian - Books Brom M\u00e9xico\"},{\"@type\":\"BreadcrumbList\",\"@id\":\"https:\\\/\\\/booksfrommexico.com\\\/es\\\/producto\\\/castillos-que-se-incendian\\\/#breadcrumb\",\"itemListElement\":[{\"@type\":\"ListItem\",\"position\":1,\"name\":\"Home\",\"item\":\"https:\\\/\\\/booksfrommexico.com\\\/es\\\/\"},{\"@type\":\"ListItem\",\"position\":2,\"name\":\"Libros\",\"item\":\"https:\\\/\\\/booksfrommexico.com\\\/es\\\/libros\\\/\"},{\"@type\":\"ListItem\",\"position\":3,\"name\":\"Castillos que se incendian\"}]},{\"@type\":\"WebSite\",\"@id\":\"https:\\\/\\\/booksfrommexico.com\\\/#website\",\"url\":\"https:\\\/\\\/booksfrommexico.com\\\/\",\"name\":\"Books From Mexico\",\"description\":\"\",\"publisher\":{\"@id\":\"https:\\\/\\\/booksfrommexico.com\\\/#organization\"},\"potentialAction\":[{\"@type\":\"SearchAction\",\"target\":{\"@type\":\"EntryPoint\",\"urlTemplate\":\"https:\\\/\\\/booksfrommexico.com\\\/?s={search_term_string}\"},\"query-input\":{\"@type\":\"PropertyValueSpecification\",\"valueRequired\":true,\"valueName\":\"search_term_string\"}}],\"inLanguage\":\"es\"},{\"@type\":\"Organization\",\"@id\":\"https:\\\/\\\/booksfrommexico.com\\\/#organization\",\"name\":\"Books From Mexico\",\"url\":\"https:\\\/\\\/booksfrommexico.com\\\/\",\"logo\":{\"@type\":\"ImageObject\",\"inLanguage\":\"es\",\"@id\":\"https:\\\/\\\/booksfrommexico.com\\\/#\\\/schema\\\/logo\\\/image\\\/\",\"url\":\"https:\\\/\\\/booksfrommexico.com\\\/app\\\/uploads\\\/2023\\\/05\\\/logo-booksfrommexico.svg\",\"contentUrl\":\"https:\\\/\\\/booksfrommexico.com\\\/app\\\/uploads\\\/2023\\\/05\\\/logo-booksfrommexico.svg\",\"width\":86,\"height\":56,\"caption\":\"Books From Mexico\"},\"image\":{\"@id\":\"https:\\\/\\\/booksfrommexico.com\\\/#\\\/schema\\\/logo\\\/image\\\/\"}}]}<\/script>\n<!-- \/ Yoast SEO plugin. -->","yoast_head_json":{"title":"Castillos que se incendian","description":"CASTILLOS QUE SE INCENDIAN. Jos\u00e9 Luis Z\u00e1rate. Monterrey, M\u00e9xico : Regia Cartonera, 2012. 90 pages : includes portrait, semblance ; 22 cm. (Serie Narrativa).","robots":{"index":"index","follow":"follow","max-snippet":"max-snippet:-1","max-image-preview":"max-image-preview:large","max-video-preview":"max-video-preview:-1"},"canonical":"https:\/\/booksfrommexico.com\/es\/producto\/castillos-que-se-incendian\/","og_locale":"es_ES","og_type":"article","og_title":"Castillos que se incendian","og_description":"CASTILLOS QUE SE INCENDIAN. Jos\u00e9 Luis Z\u00e1rate. Monterrey, M\u00e9xico : Regia Cartonera, 2012. 90 pages : includes portrait, semblance ; 22 cm. (Serie Narrativa).","og_url":"https:\/\/booksfrommexico.com\/es\/producto\/castillos-que-se-incendian\/","og_site_name":"Books From Mexico","article_modified_time":"2024-05-08T22:29:19+00:00","og_image":[{"width":393,"height":622,"url":"http:\/\/booksfrommexico.com\/app\/uploads\/2023\/05\/171938.jpeg","type":"image\/jpeg"}],"twitter_card":"summary_large_image","twitter_misc":{"Tiempo de lectura":"1 minuto"},"schema":{"@context":"https:\/\/schema.org","@graph":[{"@type":"WebPage","@id":"https:\/\/booksfrommexico.com\/es\/producto\/castillos-que-se-incendian\/","url":"https:\/\/booksfrommexico.com\/es\/producto\/castillos-que-se-incendian\/","name":"Castillos que se incendian","isPartOf":{"@id":"https:\/\/booksfrommexico.com\/#website"},"primaryImageOfPage":{"@id":"https:\/\/booksfrommexico.com\/es\/producto\/castillos-que-se-incendian\/#primaryimage"},"image":{"@id":"https:\/\/booksfrommexico.com\/es\/producto\/castillos-que-se-incendian\/#primaryimage"},"thumbnailUrl":"https:\/\/booksfrommexico.com\/app\/uploads\/2023\/05\/171938.jpeg","datePublished":"2023-05-08T17:10:17+00:00","dateModified":"2024-05-08T22:29:19+00:00","description":"CASTILLOS QUE SE INCENDIAN. Jos\u00e9 Luis Z\u00e1rate. Monterrey, M\u00e9xico : Regia Cartonera, 2012. 90 pages : includes portrait, semblance ; 22 cm. (Serie Narrativa).","breadcrumb":{"@id":"https:\/\/booksfrommexico.com\/es\/producto\/castillos-que-se-incendian\/#breadcrumb"},"inLanguage":"es","potentialAction":[{"@type":"ReadAction","target":["https:\/\/booksfrommexico.com\/es\/producto\/castillos-que-se-incendian\/"]}]},{"@type":"ImageObject","inLanguage":"es","@id":"https:\/\/booksfrommexico.com\/es\/producto\/castillos-que-se-incendian\/#primaryimage","url":"https:\/\/booksfrommexico.com\/app\/uploads\/2023\/05\/171938.jpeg","contentUrl":"https:\/\/booksfrommexico.com\/app\/uploads\/2023\/05\/171938.jpeg","width":393,"height":622,"caption":"Castillos que se incendian - Books Brom M\u00e9xico"},{"@type":"BreadcrumbList","@id":"https:\/\/booksfrommexico.com\/es\/producto\/castillos-que-se-incendian\/#breadcrumb","itemListElement":[{"@type":"ListItem","position":1,"name":"Home","item":"https:\/\/booksfrommexico.com\/es\/"},{"@type":"ListItem","position":2,"name":"Libros","item":"https:\/\/booksfrommexico.com\/es\/libros\/"},{"@type":"ListItem","position":3,"name":"Castillos que se incendian"}]},{"@type":"WebSite","@id":"https:\/\/booksfrommexico.com\/#website","url":"https:\/\/booksfrommexico.com\/","name":"Books From Mexico","description":"","publisher":{"@id":"https:\/\/booksfrommexico.com\/#organization"},"potentialAction":[{"@type":"SearchAction","target":{"@type":"EntryPoint","urlTemplate":"https:\/\/booksfrommexico.com\/?s={search_term_string}"},"query-input":{"@type":"PropertyValueSpecification","valueRequired":true,"valueName":"search_term_string"}}],"inLanguage":"es"},{"@type":"Organization","@id":"https:\/\/booksfrommexico.com\/#organization","name":"Books From Mexico","url":"https:\/\/booksfrommexico.com\/","logo":{"@type":"ImageObject","inLanguage":"es","@id":"https:\/\/booksfrommexico.com\/#\/schema\/logo\/image\/","url":"https:\/\/booksfrommexico.com\/app\/uploads\/2023\/05\/logo-booksfrommexico.svg","contentUrl":"https:\/\/booksfrommexico.com\/app\/uploads\/2023\/05\/logo-booksfrommexico.svg","width":86,"height":56,"caption":"Books From Mexico"},"image":{"@id":"https:\/\/booksfrommexico.com\/#\/schema\/logo\/image\/"}}]}},"_links":{"self":[{"href":"https:\/\/booksfrommexico.com\/es\/wp-json\/wp\/v2\/product\/1042","targetHints":{"allow":["GET"]}}],"collection":[{"href":"https:\/\/booksfrommexico.com\/es\/wp-json\/wp\/v2\/product"}],"about":[{"href":"https:\/\/booksfrommexico.com\/es\/wp-json\/wp\/v2\/types\/product"}],"wp:featuredmedia":[{"embeddable":true,"href":"https:\/\/booksfrommexico.com\/es\/wp-json\/wp\/v2\/media\/1041"}],"wp:attachment":[{"href":"https:\/\/booksfrommexico.com\/es\/wp-json\/wp\/v2\/media?parent=1042"}],"wp:term":[{"taxonomy":"product_brand","embeddable":true,"href":"https:\/\/booksfrommexico.com\/es\/wp-json\/wp\/v2\/product_brand?post=1042"},{"taxonomy":"product_cat","embeddable":true,"href":"https:\/\/booksfrommexico.com\/es\/wp-json\/wp\/v2\/product_cat?post=1042"},{"taxonomy":"product_tag","embeddable":true,"href":"https:\/\/booksfrommexico.com\/es\/wp-json\/wp\/v2\/product_tag?post=1042"}],"curies":[{"name":"wp","href":"https:\/\/api.w.org\/{rel}","templated":true}]}}