{"id":1046,"date":"2023-05-08T17:10:21","date_gmt":"2023-05-08T17:10:21","guid":{"rendered":"http:\/\/booksfrommexico.com\/product\/zurita-auschwitz\/"},"modified":"2024-05-08T23:33:42","modified_gmt":"2024-05-08T23:33:42","slug":"zurita-auschwitz","status":"publish","type":"product","link":"https:\/\/booksfrommexico.com\/es\/producto\/zurita-auschwitz\/","title":{"rendered":"Zurita \/ Auschwitz"},"content":{"rendered":"<p><span style=\"font-weight: 400;\">Ra\u00fal Zurita estudi\u00f3 Ingenier\u00eda Civil, sin embargo se ha dedicado a la literatura, en especial a la poes\u00eda. Ha publicado diversos libros\u00a0 desde 1979, recibiendo reconocimiento y premios, dedic\u00e1ndose a la ense\u00f1anza de la literatura creativa en la Universidad Diego Portales. Este t\u00edtulo contiene tanto poes\u00eda como narraci\u00f3n, en los cuales el autor explora la segunda guerra mundial, el amor y el desamor. Tiene la particularidad de estar configurado como tr\u00edptico, doblado en 8 partes, separando as\u00ed cada cuento y poema por segmento. Este t\u00edtulo pertenece a Regia Cartonera, trat\u00e1ndose de un ejemplar encuadernado artesanalmente y con una portada pintada a mano.<\/span><\/p>\n","protected":false},"excerpt":{"rendered":"<p>ZURITA \/ AUSCHWITZ<span style=\"font-weight: 400;\">. \/ Ra\u00fal Zurita. Monterrey, M\u00e9xico : Regia Cartonera, 2009. (1 leaf folded into 8 parts) : includes semblance, portrait ; 10 X 22 cm. <\/span><\/p>\n","protected":false},"featured_media":6148,"template":"","meta":{"_acf_changed":false,"inline_featured_image":false},"product_brand":[],"product_cat":[25,32],"product_tag":[4193,4313,4115,4315],"class_list":{"0":"post-1046","1":"product","2":"type-product","3":"status-publish","4":"has-post-thumbnail","6":"product_cat-literatura","7":"product_cat-poesia-literatura","8":"product_tag-cartonera-es","9":"product_tag-narracion","10":"product_tag-poesia-es","11":"product_tag-segunda-guerra-mundial","13":"first","14":"outofstock","15":"taxable","16":"shipping-taxable","17":"purchasable","18":"product-type-simple"},"acf":[],"yoast_head":"<!-- This site is optimized with the Yoast SEO plugin v27.3 - https:\/\/yoast.com\/product\/yoast-seo-wordpress\/ -->\n<title>Zurita \/ Auschwitz<\/title>\n<meta name=\"description\" content=\"ZURITA \/ AUSCHWITZ. \/ Ra\u00fal Zurita. Monterrey, M\u00e9xico : Regia Cartonera, 2009. (1 leaf folded into 8 parts) : includes semblance, portrait ; 10 X 22 cm.\" \/>\n<meta name=\"robots\" content=\"index, follow, max-snippet:-1, max-image-preview:large, max-video-preview:-1\" \/>\n<link rel=\"canonical\" href=\"https:\/\/booksfrommexico.com\/es\/producto\/zurita-auschwitz\/\" \/>\n<meta property=\"og:locale\" content=\"es_ES\" \/>\n<meta property=\"og:type\" content=\"article\" \/>\n<meta property=\"og:title\" content=\"Zurita \/ Auschwitz\" \/>\n<meta property=\"og:description\" content=\"ZURITA \/ AUSCHWITZ. \/ Ra\u00fal Zurita. Monterrey, M\u00e9xico : Regia Cartonera, 2009. (1 leaf folded into 8 parts) : includes semblance, portrait ; 10 X 22 cm.\" \/>\n<meta property=\"og:url\" content=\"https:\/\/booksfrommexico.com\/es\/producto\/zurita-auschwitz\/\" \/>\n<meta property=\"og:site_name\" content=\"Books From Mexico\" \/>\n<meta property=\"article:modified_time\" content=\"2024-05-08T23:33:42+00:00\" \/>\n<meta property=\"og:image\" content=\"http:\/\/booksfrommexico.com\/app\/uploads\/2023\/05\/171936-1.jpeg\" \/>\n\t<meta property=\"og:image:width\" content=\"251\" \/>\n\t<meta property=\"og:image:height\" content=\"616\" \/>\n\t<meta property=\"og:image:type\" content=\"image\/jpeg\" \/>\n<meta name=\"twitter:card\" content=\"summary_large_image\" \/>\n<meta name=\"twitter:label1\" content=\"Tiempo de lectura\" \/>\n\t<meta name=\"twitter:data1\" content=\"1 minuto\" \/>\n<script type=\"application\/ld+json\" class=\"yoast-schema-graph\">{\"@context\":\"https:\\\/\\\/schema.org\",\"@graph\":[{\"@type\":\"WebPage\",\"@id\":\"https:\\\/\\\/booksfrommexico.com\\\/es\\\/producto\\\/zurita-auschwitz\\\/\",\"url\":\"https:\\\/\\\/booksfrommexico.com\\\/es\\\/producto\\\/zurita-auschwitz\\\/\",\"name\":\"Zurita \\\/ Auschwitz\",\"isPartOf\":{\"@id\":\"https:\\\/\\\/booksfrommexico.com\\\/#website\"},\"primaryImageOfPage\":{\"@id\":\"https:\\\/\\\/booksfrommexico.com\\\/es\\\/producto\\\/zurita-auschwitz\\\/#primaryimage\"},\"image\":{\"@id\":\"https:\\\/\\\/booksfrommexico.com\\\/es\\\/producto\\\/zurita-auschwitz\\\/#primaryimage\"},\"thumbnailUrl\":\"https:\\\/\\\/booksfrommexico.com\\\/app\\\/uploads\\\/2023\\\/05\\\/171936-1.jpeg\",\"datePublished\":\"2023-05-08T17:10:21+00:00\",\"dateModified\":\"2024-05-08T23:33:42+00:00\",\"description\":\"ZURITA \\\/ AUSCHWITZ. \\\/ Ra\u00fal Zurita. Monterrey, M\u00e9xico : Regia Cartonera, 2009. (1 leaf folded into 8 parts) : includes semblance, portrait ; 10 X 22 cm.\",\"breadcrumb\":{\"@id\":\"https:\\\/\\\/booksfrommexico.com\\\/es\\\/producto\\\/zurita-auschwitz\\\/#breadcrumb\"},\"inLanguage\":\"es\",\"potentialAction\":[{\"@type\":\"ReadAction\",\"target\":[\"https:\\\/\\\/booksfrommexico.com\\\/es\\\/producto\\\/zurita-auschwitz\\\/\"]}]},{\"@type\":\"ImageObject\",\"inLanguage\":\"es\",\"@id\":\"https:\\\/\\\/booksfrommexico.com\\\/es\\\/producto\\\/zurita-auschwitz\\\/#primaryimage\",\"url\":\"https:\\\/\\\/booksfrommexico.com\\\/app\\\/uploads\\\/2023\\\/05\\\/171936-1.jpeg\",\"contentUrl\":\"https:\\\/\\\/booksfrommexico.com\\\/app\\\/uploads\\\/2023\\\/05\\\/171936-1.jpeg\",\"width\":251,\"height\":616,\"caption\":\"ZURITA \\\/ AUSCHWITZ\"},{\"@type\":\"BreadcrumbList\",\"@id\":\"https:\\\/\\\/booksfrommexico.com\\\/es\\\/producto\\\/zurita-auschwitz\\\/#breadcrumb\",\"itemListElement\":[{\"@type\":\"ListItem\",\"position\":1,\"name\":\"Home\",\"item\":\"https:\\\/\\\/booksfrommexico.com\\\/es\\\/\"},{\"@type\":\"ListItem\",\"position\":2,\"name\":\"Libros\",\"item\":\"https:\\\/\\\/booksfrommexico.com\\\/es\\\/libros\\\/\"},{\"@type\":\"ListItem\",\"position\":3,\"name\":\"Zurita \\\/ Auschwitz\"}]},{\"@type\":\"WebSite\",\"@id\":\"https:\\\/\\\/booksfrommexico.com\\\/#website\",\"url\":\"https:\\\/\\\/booksfrommexico.com\\\/\",\"name\":\"Books From Mexico\",\"description\":\"\",\"publisher\":{\"@id\":\"https:\\\/\\\/booksfrommexico.com\\\/#organization\"},\"potentialAction\":[{\"@type\":\"SearchAction\",\"target\":{\"@type\":\"EntryPoint\",\"urlTemplate\":\"https:\\\/\\\/booksfrommexico.com\\\/?s={search_term_string}\"},\"query-input\":{\"@type\":\"PropertyValueSpecification\",\"valueRequired\":true,\"valueName\":\"search_term_string\"}}],\"inLanguage\":\"es\"},{\"@type\":\"Organization\",\"@id\":\"https:\\\/\\\/booksfrommexico.com\\\/#organization\",\"name\":\"Books From Mexico\",\"url\":\"https:\\\/\\\/booksfrommexico.com\\\/\",\"logo\":{\"@type\":\"ImageObject\",\"inLanguage\":\"es\",\"@id\":\"https:\\\/\\\/booksfrommexico.com\\\/#\\\/schema\\\/logo\\\/image\\\/\",\"url\":\"https:\\\/\\\/booksfrommexico.com\\\/app\\\/uploads\\\/2023\\\/05\\\/logo-booksfrommexico.svg\",\"contentUrl\":\"https:\\\/\\\/booksfrommexico.com\\\/app\\\/uploads\\\/2023\\\/05\\\/logo-booksfrommexico.svg\",\"width\":86,\"height\":56,\"caption\":\"Books From Mexico\"},\"image\":{\"@id\":\"https:\\\/\\\/booksfrommexico.com\\\/#\\\/schema\\\/logo\\\/image\\\/\"}}]}<\/script>\n<!-- \/ Yoast SEO plugin. -->","yoast_head_json":{"title":"Zurita \/ Auschwitz","description":"ZURITA \/ AUSCHWITZ. \/ Ra\u00fal Zurita. Monterrey, M\u00e9xico : Regia Cartonera, 2009. (1 leaf folded into 8 parts) : includes semblance, portrait ; 10 X 22 cm.","robots":{"index":"index","follow":"follow","max-snippet":"max-snippet:-1","max-image-preview":"max-image-preview:large","max-video-preview":"max-video-preview:-1"},"canonical":"https:\/\/booksfrommexico.com\/es\/producto\/zurita-auschwitz\/","og_locale":"es_ES","og_type":"article","og_title":"Zurita \/ Auschwitz","og_description":"ZURITA \/ AUSCHWITZ. \/ Ra\u00fal Zurita. Monterrey, M\u00e9xico : Regia Cartonera, 2009. (1 leaf folded into 8 parts) : includes semblance, portrait ; 10 X 22 cm.","og_url":"https:\/\/booksfrommexico.com\/es\/producto\/zurita-auschwitz\/","og_site_name":"Books From Mexico","article_modified_time":"2024-05-08T23:33:42+00:00","og_image":[{"width":251,"height":616,"url":"http:\/\/booksfrommexico.com\/app\/uploads\/2023\/05\/171936-1.jpeg","type":"image\/jpeg"}],"twitter_card":"summary_large_image","twitter_misc":{"Tiempo de lectura":"1 minuto"},"schema":{"@context":"https:\/\/schema.org","@graph":[{"@type":"WebPage","@id":"https:\/\/booksfrommexico.com\/es\/producto\/zurita-auschwitz\/","url":"https:\/\/booksfrommexico.com\/es\/producto\/zurita-auschwitz\/","name":"Zurita \/ Auschwitz","isPartOf":{"@id":"https:\/\/booksfrommexico.com\/#website"},"primaryImageOfPage":{"@id":"https:\/\/booksfrommexico.com\/es\/producto\/zurita-auschwitz\/#primaryimage"},"image":{"@id":"https:\/\/booksfrommexico.com\/es\/producto\/zurita-auschwitz\/#primaryimage"},"thumbnailUrl":"https:\/\/booksfrommexico.com\/app\/uploads\/2023\/05\/171936-1.jpeg","datePublished":"2023-05-08T17:10:21+00:00","dateModified":"2024-05-08T23:33:42+00:00","description":"ZURITA \/ AUSCHWITZ. \/ Ra\u00fal Zurita. Monterrey, M\u00e9xico : Regia Cartonera, 2009. (1 leaf folded into 8 parts) : includes semblance, portrait ; 10 X 22 cm.","breadcrumb":{"@id":"https:\/\/booksfrommexico.com\/es\/producto\/zurita-auschwitz\/#breadcrumb"},"inLanguage":"es","potentialAction":[{"@type":"ReadAction","target":["https:\/\/booksfrommexico.com\/es\/producto\/zurita-auschwitz\/"]}]},{"@type":"ImageObject","inLanguage":"es","@id":"https:\/\/booksfrommexico.com\/es\/producto\/zurita-auschwitz\/#primaryimage","url":"https:\/\/booksfrommexico.com\/app\/uploads\/2023\/05\/171936-1.jpeg","contentUrl":"https:\/\/booksfrommexico.com\/app\/uploads\/2023\/05\/171936-1.jpeg","width":251,"height":616,"caption":"ZURITA \/ AUSCHWITZ"},{"@type":"BreadcrumbList","@id":"https:\/\/booksfrommexico.com\/es\/producto\/zurita-auschwitz\/#breadcrumb","itemListElement":[{"@type":"ListItem","position":1,"name":"Home","item":"https:\/\/booksfrommexico.com\/es\/"},{"@type":"ListItem","position":2,"name":"Libros","item":"https:\/\/booksfrommexico.com\/es\/libros\/"},{"@type":"ListItem","position":3,"name":"Zurita \/ Auschwitz"}]},{"@type":"WebSite","@id":"https:\/\/booksfrommexico.com\/#website","url":"https:\/\/booksfrommexico.com\/","name":"Books From Mexico","description":"","publisher":{"@id":"https:\/\/booksfrommexico.com\/#organization"},"potentialAction":[{"@type":"SearchAction","target":{"@type":"EntryPoint","urlTemplate":"https:\/\/booksfrommexico.com\/?s={search_term_string}"},"query-input":{"@type":"PropertyValueSpecification","valueRequired":true,"valueName":"search_term_string"}}],"inLanguage":"es"},{"@type":"Organization","@id":"https:\/\/booksfrommexico.com\/#organization","name":"Books From Mexico","url":"https:\/\/booksfrommexico.com\/","logo":{"@type":"ImageObject","inLanguage":"es","@id":"https:\/\/booksfrommexico.com\/#\/schema\/logo\/image\/","url":"https:\/\/booksfrommexico.com\/app\/uploads\/2023\/05\/logo-booksfrommexico.svg","contentUrl":"https:\/\/booksfrommexico.com\/app\/uploads\/2023\/05\/logo-booksfrommexico.svg","width":86,"height":56,"caption":"Books From Mexico"},"image":{"@id":"https:\/\/booksfrommexico.com\/#\/schema\/logo\/image\/"}}]}},"_links":{"self":[{"href":"https:\/\/booksfrommexico.com\/es\/wp-json\/wp\/v2\/product\/1046","targetHints":{"allow":["GET"]}}],"collection":[{"href":"https:\/\/booksfrommexico.com\/es\/wp-json\/wp\/v2\/product"}],"about":[{"href":"https:\/\/booksfrommexico.com\/es\/wp-json\/wp\/v2\/types\/product"}],"wp:featuredmedia":[{"embeddable":true,"href":"https:\/\/booksfrommexico.com\/es\/wp-json\/wp\/v2\/media\/6148"}],"wp:attachment":[{"href":"https:\/\/booksfrommexico.com\/es\/wp-json\/wp\/v2\/media?parent=1046"}],"wp:term":[{"taxonomy":"product_brand","embeddable":true,"href":"https:\/\/booksfrommexico.com\/es\/wp-json\/wp\/v2\/product_brand?post=1046"},{"taxonomy":"product_cat","embeddable":true,"href":"https:\/\/booksfrommexico.com\/es\/wp-json\/wp\/v2\/product_cat?post=1046"},{"taxonomy":"product_tag","embeddable":true,"href":"https:\/\/booksfrommexico.com\/es\/wp-json\/wp\/v2\/product_tag?post=1046"}],"curies":[{"name":"wp","href":"https:\/\/api.w.org\/{rel}","templated":true}]}}