{"id":105,"date":"2023-05-08T16:10:59","date_gmt":"2023-05-08T16:10:59","guid":{"rendered":"http:\/\/booksfrommexico.com\/product\/mediaciones-de-la-naturaleza-y-sociedad-en-el-riesgo-desastre\/"},"modified":"2024-02-08T21:51:07","modified_gmt":"2024-02-08T21:51:07","slug":"mediaciones-de-la-naturaleza-y-sociedad-en-el-riesgo-desastre","status":"publish","type":"product","link":"https:\/\/booksfrommexico.com\/es\/producto\/mediaciones-de-la-naturaleza-y-sociedad-en-el-riesgo-desastre\/","title":{"rendered":"Mediaciones de la naturaleza y sociedad en el riesgo-desastre"},"content":{"rendered":"<p><span style=\"font-weight: 400;\">Intentar<\/span> <span style=\"font-weight: 400;\"> explicar los desastres naturales no es posible a trav\u00e9s de una perspectiva puramente natural. En este libro podemos encontrar miradas de diversos autores que abordan el tema desde el estudio de los mismos desastres naturales, no como, una crisis moment\u00e1nea, sino como, un proceso cuya construcci\u00f3n es social. A pesar de las notables diferencias entre estos 11 textos, se pueden encontrar puntos en com\u00fan, principalmente reconocen el factor de la vulnerabilidad como elemento central. Asimismo, resaltan la importancia de conocer el territorio en que ocurren estos eventos y el derecho a una autogesti\u00f3n. Tomando en cuenta a los afectados y generando empat\u00eda con los grupos vulnerables.<\/span><\/p>\n","protected":false},"excerpt":{"rendered":"<p>MEDIACIONES DE LA NATURALEZA Y SOCIEDAD EN EL RIESGO-DESASTRE. <span style=\"font-weight: 400;\">\/ Beatriz Adriana M\u00e9ndez Torres, Jorge Dami\u00e1n Mor\u00e1n Escamilla, Jes\u00fas Manuel Mac\u00edas Medrano (coordinators). Ciudad de M\u00e9xico, M\u00e9xico : El Colegio de San Luis ; Centro de Investigaciones y Estudios Superiores en Antropolog\u00eda Social, 2021. 325 pages : includes illustrations, tables, bibliography ; 23 cm. ISBN : 9786078794218 (COLSAN) ; 9786074866094 (CIESAS).<\/span><\/p>\n","protected":false},"featured_media":104,"template":"","meta":{"_acf_changed":false,"inline_featured_image":false},"product_brand":[],"product_cat":[83,561,78],"product_tag":[3665,3663,3667],"class_list":{"0":"post-105","1":"product","2":"type-product","3":"status-publish","4":"has-post-thumbnail","6":"product_cat-ecologia-y-cuestiones-ambientales","7":"product_cat-impactos-ambientales","8":"product_cat-sociologia","9":"product_tag-desastres-naturales","10":"product_tag-estudio-de-casos","11":"product_tag-prevencion","13":"first","14":"instock","15":"taxable","16":"shipping-taxable","17":"purchasable","18":"product-type-simple"},"acf":[],"yoast_head":"<!-- This site is optimized with the Yoast SEO plugin v27.3 - https:\/\/yoast.com\/product\/yoast-seo-wordpress\/ -->\n<title>Mediaciones de la naturaleza y sociedad en el riesgo-desastre<\/title>\n<meta name=\"description\" content=\"Beatriz Adriana M\u00e9ndez Torres, Jorge Dami\u00e1n Mor\u00e1n Escamilla, Jes\u00fas Manuel Mac\u00edas Medrano (coordinators). 2021. COLSAN ; CIESAS.\" \/>\n<meta name=\"robots\" content=\"index, follow, max-snippet:-1, max-image-preview:large, max-video-preview:-1\" \/>\n<link rel=\"canonical\" href=\"https:\/\/booksfrommexico.com\/es\/producto\/mediaciones-de-la-naturaleza-y-sociedad-en-el-riesgo-desastre\/\" \/>\n<meta property=\"og:locale\" content=\"es_ES\" \/>\n<meta property=\"og:type\" content=\"article\" \/>\n<meta property=\"og:title\" content=\"Mediaciones de la naturaleza y sociedad en el riesgo-desastre\" \/>\n<meta property=\"og:description\" content=\"Beatriz Adriana M\u00e9ndez Torres, Jorge Dami\u00e1n Mor\u00e1n Escamilla, Jes\u00fas Manuel Mac\u00edas Medrano (coordinators). 2021. COLSAN ; CIESAS.\" \/>\n<meta property=\"og:url\" content=\"https:\/\/booksfrommexico.com\/es\/producto\/mediaciones-de-la-naturaleza-y-sociedad-en-el-riesgo-desastre\/\" \/>\n<meta property=\"og:site_name\" content=\"Books From Mexico\" \/>\n<meta property=\"article:modified_time\" content=\"2024-02-08T21:51:07+00:00\" \/>\n<meta property=\"og:image\" content=\"http:\/\/booksfrommexico.com\/app\/uploads\/2023\/05\/194162-scaled-1.jpeg\" \/>\n\t<meta property=\"og:image:width\" content=\"1759\" \/>\n\t<meta property=\"og:image:height\" content=\"2560\" \/>\n\t<meta property=\"og:image:type\" content=\"image\/jpeg\" \/>\n<meta name=\"twitter:card\" content=\"summary_large_image\" \/>\n<meta name=\"twitter:label1\" content=\"Tiempo de lectura\" \/>\n\t<meta name=\"twitter:data1\" content=\"1 minuto\" \/>\n<script type=\"application\/ld+json\" class=\"yoast-schema-graph\">{\"@context\":\"https:\\\/\\\/schema.org\",\"@graph\":[{\"@type\":\"WebPage\",\"@id\":\"https:\\\/\\\/booksfrommexico.com\\\/es\\\/producto\\\/mediaciones-de-la-naturaleza-y-sociedad-en-el-riesgo-desastre\\\/\",\"url\":\"https:\\\/\\\/booksfrommexico.com\\\/es\\\/producto\\\/mediaciones-de-la-naturaleza-y-sociedad-en-el-riesgo-desastre\\\/\",\"name\":\"Mediaciones de la naturaleza y sociedad en el riesgo-desastre\",\"isPartOf\":{\"@id\":\"https:\\\/\\\/booksfrommexico.com\\\/#website\"},\"primaryImageOfPage\":{\"@id\":\"https:\\\/\\\/booksfrommexico.com\\\/es\\\/producto\\\/mediaciones-de-la-naturaleza-y-sociedad-en-el-riesgo-desastre\\\/#primaryimage\"},\"image\":{\"@id\":\"https:\\\/\\\/booksfrommexico.com\\\/es\\\/producto\\\/mediaciones-de-la-naturaleza-y-sociedad-en-el-riesgo-desastre\\\/#primaryimage\"},\"thumbnailUrl\":\"https:\\\/\\\/booksfrommexico.com\\\/app\\\/uploads\\\/2023\\\/05\\\/194162-scaled-1.jpeg\",\"datePublished\":\"2023-05-08T16:10:59+00:00\",\"dateModified\":\"2024-02-08T21:51:07+00:00\",\"description\":\"Beatriz Adriana M\u00e9ndez Torres, Jorge Dami\u00e1n Mor\u00e1n Escamilla, Jes\u00fas Manuel Mac\u00edas Medrano (coordinators). 2021. COLSAN ; CIESAS.\",\"breadcrumb\":{\"@id\":\"https:\\\/\\\/booksfrommexico.com\\\/es\\\/producto\\\/mediaciones-de-la-naturaleza-y-sociedad-en-el-riesgo-desastre\\\/#breadcrumb\"},\"inLanguage\":\"es\",\"potentialAction\":[{\"@type\":\"ReadAction\",\"target\":[\"https:\\\/\\\/booksfrommexico.com\\\/es\\\/producto\\\/mediaciones-de-la-naturaleza-y-sociedad-en-el-riesgo-desastre\\\/\"]}]},{\"@type\":\"ImageObject\",\"inLanguage\":\"es\",\"@id\":\"https:\\\/\\\/booksfrommexico.com\\\/es\\\/producto\\\/mediaciones-de-la-naturaleza-y-sociedad-en-el-riesgo-desastre\\\/#primaryimage\",\"url\":\"https:\\\/\\\/booksfrommexico.com\\\/app\\\/uploads\\\/2023\\\/05\\\/194162-scaled-1.jpeg\",\"contentUrl\":\"https:\\\/\\\/booksfrommexico.com\\\/app\\\/uploads\\\/2023\\\/05\\\/194162-scaled-1.jpeg\",\"width\":1759,\"height\":2560,\"caption\":\"Mediaciones de la naturaleza y sociedad en el riesgo-desastre\"},{\"@type\":\"BreadcrumbList\",\"@id\":\"https:\\\/\\\/booksfrommexico.com\\\/es\\\/producto\\\/mediaciones-de-la-naturaleza-y-sociedad-en-el-riesgo-desastre\\\/#breadcrumb\",\"itemListElement\":[{\"@type\":\"ListItem\",\"position\":1,\"name\":\"Home\",\"item\":\"https:\\\/\\\/booksfrommexico.com\\\/es\\\/\"},{\"@type\":\"ListItem\",\"position\":2,\"name\":\"Libros\",\"item\":\"https:\\\/\\\/booksfrommexico.com\\\/es\\\/libros\\\/\"},{\"@type\":\"ListItem\",\"position\":3,\"name\":\"Mediaciones de la naturaleza y sociedad en el riesgo-desastre\"}]},{\"@type\":\"WebSite\",\"@id\":\"https:\\\/\\\/booksfrommexico.com\\\/#website\",\"url\":\"https:\\\/\\\/booksfrommexico.com\\\/\",\"name\":\"Books From Mexico\",\"description\":\"\",\"publisher\":{\"@id\":\"https:\\\/\\\/booksfrommexico.com\\\/#organization\"},\"potentialAction\":[{\"@type\":\"SearchAction\",\"target\":{\"@type\":\"EntryPoint\",\"urlTemplate\":\"https:\\\/\\\/booksfrommexico.com\\\/?s={search_term_string}\"},\"query-input\":{\"@type\":\"PropertyValueSpecification\",\"valueRequired\":true,\"valueName\":\"search_term_string\"}}],\"inLanguage\":\"es\"},{\"@type\":\"Organization\",\"@id\":\"https:\\\/\\\/booksfrommexico.com\\\/#organization\",\"name\":\"Books From Mexico\",\"url\":\"https:\\\/\\\/booksfrommexico.com\\\/\",\"logo\":{\"@type\":\"ImageObject\",\"inLanguage\":\"es\",\"@id\":\"https:\\\/\\\/booksfrommexico.com\\\/#\\\/schema\\\/logo\\\/image\\\/\",\"url\":\"https:\\\/\\\/booksfrommexico.com\\\/app\\\/uploads\\\/2023\\\/05\\\/logo-booksfrommexico.svg\",\"contentUrl\":\"https:\\\/\\\/booksfrommexico.com\\\/app\\\/uploads\\\/2023\\\/05\\\/logo-booksfrommexico.svg\",\"width\":86,\"height\":56,\"caption\":\"Books From Mexico\"},\"image\":{\"@id\":\"https:\\\/\\\/booksfrommexico.com\\\/#\\\/schema\\\/logo\\\/image\\\/\"}}]}<\/script>\n<!-- \/ Yoast SEO plugin. -->","yoast_head_json":{"title":"Mediaciones de la naturaleza y sociedad en el riesgo-desastre","description":"Beatriz Adriana M\u00e9ndez Torres, Jorge Dami\u00e1n Mor\u00e1n Escamilla, Jes\u00fas Manuel Mac\u00edas Medrano (coordinators). 2021. COLSAN ; CIESAS.","robots":{"index":"index","follow":"follow","max-snippet":"max-snippet:-1","max-image-preview":"max-image-preview:large","max-video-preview":"max-video-preview:-1"},"canonical":"https:\/\/booksfrommexico.com\/es\/producto\/mediaciones-de-la-naturaleza-y-sociedad-en-el-riesgo-desastre\/","og_locale":"es_ES","og_type":"article","og_title":"Mediaciones de la naturaleza y sociedad en el riesgo-desastre","og_description":"Beatriz Adriana M\u00e9ndez Torres, Jorge Dami\u00e1n Mor\u00e1n Escamilla, Jes\u00fas Manuel Mac\u00edas Medrano (coordinators). 2021. COLSAN ; CIESAS.","og_url":"https:\/\/booksfrommexico.com\/es\/producto\/mediaciones-de-la-naturaleza-y-sociedad-en-el-riesgo-desastre\/","og_site_name":"Books From Mexico","article_modified_time":"2024-02-08T21:51:07+00:00","og_image":[{"width":1759,"height":2560,"url":"http:\/\/booksfrommexico.com\/app\/uploads\/2023\/05\/194162-scaled-1.jpeg","type":"image\/jpeg"}],"twitter_card":"summary_large_image","twitter_misc":{"Tiempo de lectura":"1 minuto"},"schema":{"@context":"https:\/\/schema.org","@graph":[{"@type":"WebPage","@id":"https:\/\/booksfrommexico.com\/es\/producto\/mediaciones-de-la-naturaleza-y-sociedad-en-el-riesgo-desastre\/","url":"https:\/\/booksfrommexico.com\/es\/producto\/mediaciones-de-la-naturaleza-y-sociedad-en-el-riesgo-desastre\/","name":"Mediaciones de la naturaleza y sociedad en el riesgo-desastre","isPartOf":{"@id":"https:\/\/booksfrommexico.com\/#website"},"primaryImageOfPage":{"@id":"https:\/\/booksfrommexico.com\/es\/producto\/mediaciones-de-la-naturaleza-y-sociedad-en-el-riesgo-desastre\/#primaryimage"},"image":{"@id":"https:\/\/booksfrommexico.com\/es\/producto\/mediaciones-de-la-naturaleza-y-sociedad-en-el-riesgo-desastre\/#primaryimage"},"thumbnailUrl":"https:\/\/booksfrommexico.com\/app\/uploads\/2023\/05\/194162-scaled-1.jpeg","datePublished":"2023-05-08T16:10:59+00:00","dateModified":"2024-02-08T21:51:07+00:00","description":"Beatriz Adriana M\u00e9ndez Torres, Jorge Dami\u00e1n Mor\u00e1n Escamilla, Jes\u00fas Manuel Mac\u00edas Medrano (coordinators). 2021. COLSAN ; CIESAS.","breadcrumb":{"@id":"https:\/\/booksfrommexico.com\/es\/producto\/mediaciones-de-la-naturaleza-y-sociedad-en-el-riesgo-desastre\/#breadcrumb"},"inLanguage":"es","potentialAction":[{"@type":"ReadAction","target":["https:\/\/booksfrommexico.com\/es\/producto\/mediaciones-de-la-naturaleza-y-sociedad-en-el-riesgo-desastre\/"]}]},{"@type":"ImageObject","inLanguage":"es","@id":"https:\/\/booksfrommexico.com\/es\/producto\/mediaciones-de-la-naturaleza-y-sociedad-en-el-riesgo-desastre\/#primaryimage","url":"https:\/\/booksfrommexico.com\/app\/uploads\/2023\/05\/194162-scaled-1.jpeg","contentUrl":"https:\/\/booksfrommexico.com\/app\/uploads\/2023\/05\/194162-scaled-1.jpeg","width":1759,"height":2560,"caption":"Mediaciones de la naturaleza y sociedad en el riesgo-desastre"},{"@type":"BreadcrumbList","@id":"https:\/\/booksfrommexico.com\/es\/producto\/mediaciones-de-la-naturaleza-y-sociedad-en-el-riesgo-desastre\/#breadcrumb","itemListElement":[{"@type":"ListItem","position":1,"name":"Home","item":"https:\/\/booksfrommexico.com\/es\/"},{"@type":"ListItem","position":2,"name":"Libros","item":"https:\/\/booksfrommexico.com\/es\/libros\/"},{"@type":"ListItem","position":3,"name":"Mediaciones de la naturaleza y sociedad en el riesgo-desastre"}]},{"@type":"WebSite","@id":"https:\/\/booksfrommexico.com\/#website","url":"https:\/\/booksfrommexico.com\/","name":"Books From Mexico","description":"","publisher":{"@id":"https:\/\/booksfrommexico.com\/#organization"},"potentialAction":[{"@type":"SearchAction","target":{"@type":"EntryPoint","urlTemplate":"https:\/\/booksfrommexico.com\/?s={search_term_string}"},"query-input":{"@type":"PropertyValueSpecification","valueRequired":true,"valueName":"search_term_string"}}],"inLanguage":"es"},{"@type":"Organization","@id":"https:\/\/booksfrommexico.com\/#organization","name":"Books From Mexico","url":"https:\/\/booksfrommexico.com\/","logo":{"@type":"ImageObject","inLanguage":"es","@id":"https:\/\/booksfrommexico.com\/#\/schema\/logo\/image\/","url":"https:\/\/booksfrommexico.com\/app\/uploads\/2023\/05\/logo-booksfrommexico.svg","contentUrl":"https:\/\/booksfrommexico.com\/app\/uploads\/2023\/05\/logo-booksfrommexico.svg","width":86,"height":56,"caption":"Books From Mexico"},"image":{"@id":"https:\/\/booksfrommexico.com\/#\/schema\/logo\/image\/"}}]}},"_links":{"self":[{"href":"https:\/\/booksfrommexico.com\/es\/wp-json\/wp\/v2\/product\/105","targetHints":{"allow":["GET"]}}],"collection":[{"href":"https:\/\/booksfrommexico.com\/es\/wp-json\/wp\/v2\/product"}],"about":[{"href":"https:\/\/booksfrommexico.com\/es\/wp-json\/wp\/v2\/types\/product"}],"wp:featuredmedia":[{"embeddable":true,"href":"https:\/\/booksfrommexico.com\/es\/wp-json\/wp\/v2\/media\/104"}],"wp:attachment":[{"href":"https:\/\/booksfrommexico.com\/es\/wp-json\/wp\/v2\/media?parent=105"}],"wp:term":[{"taxonomy":"product_brand","embeddable":true,"href":"https:\/\/booksfrommexico.com\/es\/wp-json\/wp\/v2\/product_brand?post=105"},{"taxonomy":"product_cat","embeddable":true,"href":"https:\/\/booksfrommexico.com\/es\/wp-json\/wp\/v2\/product_cat?post=105"},{"taxonomy":"product_tag","embeddable":true,"href":"https:\/\/booksfrommexico.com\/es\/wp-json\/wp\/v2\/product_tag?post=105"}],"curies":[{"name":"wp","href":"https:\/\/api.w.org\/{rel}","templated":true}]}}