{"id":1050,"date":"2023-05-08T17:10:24","date_gmt":"2023-05-08T17:10:24","guid":{"rendered":"http:\/\/booksfrommexico.com\/product\/tierra-inhospita-13-poetas-de-el-salvador\/"},"modified":"2024-05-07T23:27:37","modified_gmt":"2024-05-07T23:27:37","slug":"tierra-inhospita-13-poetas-de-el-salvador","status":"publish","type":"product","link":"https:\/\/booksfrommexico.com\/es\/producto\/tierra-inhospita-13-poetas-de-el-salvador\/","title":{"rendered":"Tierra inh\u00f3spita: 13 poetas de El Salvador"},"content":{"rendered":"<p><span style=\"font-weight: 400;\">Esta antolog\u00eda de poemas presenta a 13 poetas salvadore\u00f1os de distintas generaciones, con trayectorias diferentes, sin embargo todos se han involucrado en \u00e1mbito literario salvadore\u00f1o. Es esta variedad generacional la que ofrece una visi\u00f3n panor\u00e1mica de una buena parte de la atm\u00f3sfera espiritual del siglo XX latinoamericano. En los poemas se encuentran diferencias estil\u00edsticas y\u00a0 variedad de tem\u00e1ticas, pero la constante es el reclamo frente a las injusticias sociales y las consecuencias de las mismas. Este t\u00edtulo pertenece a Regia Cartonera, trat\u00e1ndose de un ejemplar encuadernado artesanalmente y con una portada pintada a mano. <\/span><\/p>\n","protected":false},"excerpt":{"rendered":"<p>TIERRA INH\u00d3SPITA : 13 POETAS DE EL SALVADOR<span style=\"font-weight: 400;\">. \/ Guevara Otoniel (coordinator). Monterrey, M\u00e9xico : Regia Cartonera, 2011. 50 pages : includes semblances, portrait, index ; 22 cm.\u00a0<\/span><\/p>\n<p><br style=\"font-weight: 400;\" \/><br style=\"font-weight: 400;\" \/><\/p>\n","protected":false},"featured_media":1049,"template":"","meta":{"_acf_changed":false,"inline_featured_image":false},"product_brand":[],"product_cat":[25,32],"product_tag":[4193,3821,4309,4115],"class_list":{"0":"post-1050","1":"product","2":"type-product","3":"status-publish","4":"has-post-thumbnail","6":"product_cat-literatura","7":"product_cat-poesia-literatura","8":"product_tag-cartonera-es","9":"product_tag-literatura-hispanoamericana","10":"product_tag-literatura-salvadorena","11":"product_tag-poesia-es","13":"first","14":"instock","15":"taxable","16":"shipping-taxable","17":"purchasable","18":"product-type-simple"},"acf":[],"yoast_head":"<!-- This site is optimized with the Yoast SEO plugin v27.2 - https:\/\/yoast.com\/product\/yoast-seo-wordpress\/ -->\n<title>Tierra inh\u00f3spita: 13 poetas de El Salvador<\/title>\n<meta name=\"description\" content=\"TIERRA INH\u00d3SPITA : 13 POETAS DE EL SALVADOR. \/ Guevara Otoniel (coordinator). Monterrey, M\u00e9xico : Regia Cartonera, 2011. 50 pages.\" \/>\n<meta name=\"robots\" content=\"index, follow, max-snippet:-1, max-image-preview:large, max-video-preview:-1\" \/>\n<link rel=\"canonical\" href=\"https:\/\/booksfrommexico.com\/es\/producto\/tierra-inhospita-13-poetas-de-el-salvador\/\" \/>\n<meta property=\"og:locale\" content=\"es_ES\" \/>\n<meta property=\"og:type\" content=\"article\" \/>\n<meta property=\"og:title\" content=\"Tierra inh\u00f3spita: 13 poetas de El Salvador\" \/>\n<meta property=\"og:description\" content=\"TIERRA INH\u00d3SPITA : 13 POETAS DE EL SALVADOR. \/ Guevara Otoniel (coordinator). Monterrey, M\u00e9xico : Regia Cartonera, 2011. 50 pages.\" \/>\n<meta property=\"og:url\" content=\"https:\/\/booksfrommexico.com\/es\/producto\/tierra-inhospita-13-poetas-de-el-salvador\/\" \/>\n<meta property=\"og:site_name\" content=\"Books From Mexico\" \/>\n<meta property=\"article:modified_time\" content=\"2024-05-07T23:27:37+00:00\" \/>\n<meta property=\"og:image\" content=\"http:\/\/booksfrommexico.com\/app\/uploads\/2023\/05\/171934.jpeg\" \/>\n\t<meta property=\"og:image:width\" content=\"396\" \/>\n\t<meta property=\"og:image:height\" content=\"619\" \/>\n\t<meta property=\"og:image:type\" content=\"image\/jpeg\" \/>\n<meta name=\"twitter:card\" content=\"summary_large_image\" \/>\n<meta name=\"twitter:label1\" content=\"Tiempo de lectura\" \/>\n\t<meta name=\"twitter:data1\" content=\"1 minuto\" \/>\n<script type=\"application\/ld+json\" class=\"yoast-schema-graph\">{\"@context\":\"https:\/\/schema.org\",\"@graph\":[{\"@type\":\"WebPage\",\"@id\":\"https:\/\/booksfrommexico.com\/es\/producto\/tierra-inhospita-13-poetas-de-el-salvador\/\",\"url\":\"https:\/\/booksfrommexico.com\/es\/producto\/tierra-inhospita-13-poetas-de-el-salvador\/\",\"name\":\"Tierra inh\u00f3spita: 13 poetas de El Salvador\",\"isPartOf\":{\"@id\":\"https:\/\/booksfrommexico.com\/#website\"},\"primaryImageOfPage\":{\"@id\":\"https:\/\/booksfrommexico.com\/es\/producto\/tierra-inhospita-13-poetas-de-el-salvador\/#primaryimage\"},\"image\":{\"@id\":\"https:\/\/booksfrommexico.com\/es\/producto\/tierra-inhospita-13-poetas-de-el-salvador\/#primaryimage\"},\"thumbnailUrl\":\"https:\/\/booksfrommexico.com\/app\/uploads\/2023\/05\/171934.jpeg\",\"datePublished\":\"2023-05-08T17:10:24+00:00\",\"dateModified\":\"2024-05-07T23:27:37+00:00\",\"description\":\"TIERRA INH\u00d3SPITA : 13 POETAS DE EL SALVADOR. \/ Guevara Otoniel (coordinator). Monterrey, M\u00e9xico : Regia Cartonera, 2011. 50 pages.\",\"breadcrumb\":{\"@id\":\"https:\/\/booksfrommexico.com\/es\/producto\/tierra-inhospita-13-poetas-de-el-salvador\/#breadcrumb\"},\"inLanguage\":\"es\",\"potentialAction\":[{\"@type\":\"ReadAction\",\"target\":[\"https:\/\/booksfrommexico.com\/es\/producto\/tierra-inhospita-13-poetas-de-el-salvador\/\"]}]},{\"@type\":\"ImageObject\",\"inLanguage\":\"es\",\"@id\":\"https:\/\/booksfrommexico.com\/es\/producto\/tierra-inhospita-13-poetas-de-el-salvador\/#primaryimage\",\"url\":\"https:\/\/booksfrommexico.com\/app\/uploads\/2023\/05\/171934.jpeg\",\"contentUrl\":\"https:\/\/booksfrommexico.com\/app\/uploads\/2023\/05\/171934.jpeg\",\"width\":396,\"height\":619,\"caption\":\"Tierra inh\u00f3spita: 13 poetas de El Salvador - Books From M\u00e9xico\"},{\"@type\":\"BreadcrumbList\",\"@id\":\"https:\/\/booksfrommexico.com\/es\/producto\/tierra-inhospita-13-poetas-de-el-salvador\/#breadcrumb\",\"itemListElement\":[{\"@type\":\"ListItem\",\"position\":1,\"name\":\"Home\",\"item\":\"https:\/\/booksfrommexico.com\/es\/\"},{\"@type\":\"ListItem\",\"position\":2,\"name\":\"Libros\",\"item\":\"https:\/\/booksfrommexico.com\/es\/libros\/\"},{\"@type\":\"ListItem\",\"position\":3,\"name\":\"Tierra inh\u00f3spita: 13 poetas de El Salvador\"}]},{\"@type\":\"WebSite\",\"@id\":\"https:\/\/booksfrommexico.com\/#website\",\"url\":\"https:\/\/booksfrommexico.com\/\",\"name\":\"Books From Mexico\",\"description\":\"\",\"publisher\":{\"@id\":\"https:\/\/booksfrommexico.com\/#organization\"},\"potentialAction\":[{\"@type\":\"SearchAction\",\"target\":{\"@type\":\"EntryPoint\",\"urlTemplate\":\"https:\/\/booksfrommexico.com\/?s={search_term_string}\"},\"query-input\":{\"@type\":\"PropertyValueSpecification\",\"valueRequired\":true,\"valueName\":\"search_term_string\"}}],\"inLanguage\":\"es\"},{\"@type\":\"Organization\",\"@id\":\"https:\/\/booksfrommexico.com\/#organization\",\"name\":\"Books From Mexico\",\"url\":\"https:\/\/booksfrommexico.com\/\",\"logo\":{\"@type\":\"ImageObject\",\"inLanguage\":\"es\",\"@id\":\"https:\/\/booksfrommexico.com\/#\/schema\/logo\/image\/\",\"url\":\"https:\/\/booksfrommexico.com\/app\/uploads\/2023\/05\/logo-booksfrommexico.svg\",\"contentUrl\":\"https:\/\/booksfrommexico.com\/app\/uploads\/2023\/05\/logo-booksfrommexico.svg\",\"width\":86,\"height\":56,\"caption\":\"Books From Mexico\"},\"image\":{\"@id\":\"https:\/\/booksfrommexico.com\/#\/schema\/logo\/image\/\"}}]}<\/script>\n<!-- \/ Yoast SEO plugin. -->","yoast_head_json":{"title":"Tierra inh\u00f3spita: 13 poetas de El Salvador","description":"TIERRA INH\u00d3SPITA : 13 POETAS DE EL SALVADOR. \/ Guevara Otoniel (coordinator). Monterrey, M\u00e9xico : Regia Cartonera, 2011. 50 pages.","robots":{"index":"index","follow":"follow","max-snippet":"max-snippet:-1","max-image-preview":"max-image-preview:large","max-video-preview":"max-video-preview:-1"},"canonical":"https:\/\/booksfrommexico.com\/es\/producto\/tierra-inhospita-13-poetas-de-el-salvador\/","og_locale":"es_ES","og_type":"article","og_title":"Tierra inh\u00f3spita: 13 poetas de El Salvador","og_description":"TIERRA INH\u00d3SPITA : 13 POETAS DE EL SALVADOR. \/ Guevara Otoniel (coordinator). Monterrey, M\u00e9xico : Regia Cartonera, 2011. 50 pages.","og_url":"https:\/\/booksfrommexico.com\/es\/producto\/tierra-inhospita-13-poetas-de-el-salvador\/","og_site_name":"Books From Mexico","article_modified_time":"2024-05-07T23:27:37+00:00","og_image":[{"width":396,"height":619,"url":"http:\/\/booksfrommexico.com\/app\/uploads\/2023\/05\/171934.jpeg","type":"image\/jpeg"}],"twitter_card":"summary_large_image","twitter_misc":{"Tiempo de lectura":"1 minuto"},"schema":{"@context":"https:\/\/schema.org","@graph":[{"@type":"WebPage","@id":"https:\/\/booksfrommexico.com\/es\/producto\/tierra-inhospita-13-poetas-de-el-salvador\/","url":"https:\/\/booksfrommexico.com\/es\/producto\/tierra-inhospita-13-poetas-de-el-salvador\/","name":"Tierra inh\u00f3spita: 13 poetas de El Salvador","isPartOf":{"@id":"https:\/\/booksfrommexico.com\/#website"},"primaryImageOfPage":{"@id":"https:\/\/booksfrommexico.com\/es\/producto\/tierra-inhospita-13-poetas-de-el-salvador\/#primaryimage"},"image":{"@id":"https:\/\/booksfrommexico.com\/es\/producto\/tierra-inhospita-13-poetas-de-el-salvador\/#primaryimage"},"thumbnailUrl":"https:\/\/booksfrommexico.com\/app\/uploads\/2023\/05\/171934.jpeg","datePublished":"2023-05-08T17:10:24+00:00","dateModified":"2024-05-07T23:27:37+00:00","description":"TIERRA INH\u00d3SPITA : 13 POETAS DE EL SALVADOR. \/ Guevara Otoniel (coordinator). Monterrey, M\u00e9xico : Regia Cartonera, 2011. 50 pages.","breadcrumb":{"@id":"https:\/\/booksfrommexico.com\/es\/producto\/tierra-inhospita-13-poetas-de-el-salvador\/#breadcrumb"},"inLanguage":"es","potentialAction":[{"@type":"ReadAction","target":["https:\/\/booksfrommexico.com\/es\/producto\/tierra-inhospita-13-poetas-de-el-salvador\/"]}]},{"@type":"ImageObject","inLanguage":"es","@id":"https:\/\/booksfrommexico.com\/es\/producto\/tierra-inhospita-13-poetas-de-el-salvador\/#primaryimage","url":"https:\/\/booksfrommexico.com\/app\/uploads\/2023\/05\/171934.jpeg","contentUrl":"https:\/\/booksfrommexico.com\/app\/uploads\/2023\/05\/171934.jpeg","width":396,"height":619,"caption":"Tierra inh\u00f3spita: 13 poetas de El Salvador - Books From M\u00e9xico"},{"@type":"BreadcrumbList","@id":"https:\/\/booksfrommexico.com\/es\/producto\/tierra-inhospita-13-poetas-de-el-salvador\/#breadcrumb","itemListElement":[{"@type":"ListItem","position":1,"name":"Home","item":"https:\/\/booksfrommexico.com\/es\/"},{"@type":"ListItem","position":2,"name":"Libros","item":"https:\/\/booksfrommexico.com\/es\/libros\/"},{"@type":"ListItem","position":3,"name":"Tierra inh\u00f3spita: 13 poetas de El Salvador"}]},{"@type":"WebSite","@id":"https:\/\/booksfrommexico.com\/#website","url":"https:\/\/booksfrommexico.com\/","name":"Books From Mexico","description":"","publisher":{"@id":"https:\/\/booksfrommexico.com\/#organization"},"potentialAction":[{"@type":"SearchAction","target":{"@type":"EntryPoint","urlTemplate":"https:\/\/booksfrommexico.com\/?s={search_term_string}"},"query-input":{"@type":"PropertyValueSpecification","valueRequired":true,"valueName":"search_term_string"}}],"inLanguage":"es"},{"@type":"Organization","@id":"https:\/\/booksfrommexico.com\/#organization","name":"Books From Mexico","url":"https:\/\/booksfrommexico.com\/","logo":{"@type":"ImageObject","inLanguage":"es","@id":"https:\/\/booksfrommexico.com\/#\/schema\/logo\/image\/","url":"https:\/\/booksfrommexico.com\/app\/uploads\/2023\/05\/logo-booksfrommexico.svg","contentUrl":"https:\/\/booksfrommexico.com\/app\/uploads\/2023\/05\/logo-booksfrommexico.svg","width":86,"height":56,"caption":"Books From Mexico"},"image":{"@id":"https:\/\/booksfrommexico.com\/#\/schema\/logo\/image\/"}}]}},"_links":{"self":[{"href":"https:\/\/booksfrommexico.com\/es\/wp-json\/wp\/v2\/product\/1050","targetHints":{"allow":["GET"]}}],"collection":[{"href":"https:\/\/booksfrommexico.com\/es\/wp-json\/wp\/v2\/product"}],"about":[{"href":"https:\/\/booksfrommexico.com\/es\/wp-json\/wp\/v2\/types\/product"}],"wp:featuredmedia":[{"embeddable":true,"href":"https:\/\/booksfrommexico.com\/es\/wp-json\/wp\/v2\/media\/1049"}],"wp:attachment":[{"href":"https:\/\/booksfrommexico.com\/es\/wp-json\/wp\/v2\/media?parent=1050"}],"wp:term":[{"taxonomy":"product_brand","embeddable":true,"href":"https:\/\/booksfrommexico.com\/es\/wp-json\/wp\/v2\/product_brand?post=1050"},{"taxonomy":"product_cat","embeddable":true,"href":"https:\/\/booksfrommexico.com\/es\/wp-json\/wp\/v2\/product_cat?post=1050"},{"taxonomy":"product_tag","embeddable":true,"href":"https:\/\/booksfrommexico.com\/es\/wp-json\/wp\/v2\/product_tag?post=1050"}],"curies":[{"name":"wp","href":"https:\/\/api.w.org\/{rel}","templated":true}]}}