{"id":1058,"date":"2023-05-08T17:10:30","date_gmt":"2023-05-08T17:10:30","guid":{"rendered":"http:\/\/booksfrommexico.com\/product\/ayotzinapa-la-rabia-y-la-esperanza\/"},"modified":"2024-05-31T18:32:19","modified_gmt":"2024-05-31T18:32:19","slug":"ayotzinapa-la-rabia-y-la-esperanza","status":"publish","type":"product","link":"https:\/\/booksfrommexico.com\/es\/producto\/ayotzinapa-la-rabia-y-la-esperanza\/","title":{"rendered":"Ayotzinapa: La rabia y la esperanza"},"content":{"rendered":"<p><span style=\"font-weight: 400;\">Este texto funciona como investigaci\u00f3n, cr\u00edtica y debate debido a la forma personal del autor al involucrarse con el tema de la desaparici\u00f3n de los 43 estudiantes desaparecidos de Ayotzinapa. El texto est\u00e1 dividido en dos partes: en la primera realiza una reconstrucci\u00f3n del surgimiento y las transformaciones de la protesta, en la segunda se proponen claves de lectura para el an\u00e1lisis hist\u00f3rico y pol\u00edtico de la protesta. Estas protestas de las que se hablan aqu\u00ed son espec\u00edficamente acerca de los estudiantes de Ayotzinapa, las movilizaciones que han habido a\u00f1o con a\u00f1o a lo largo del pa\u00eds, as\u00ed como de la falta de respuestas por parte de las investigaciones realizadas por el gobierno.\u00a0 <\/span><\/p>\n","protected":false},"excerpt":{"rendered":"<p>AYOTZINAPA: LA RABIA Y LA ESPERANZA<span style=\"font-weight: 400;\">. \/ Roberto Gonz\u00e1lez Villarreal. M\u00e9xico, D.F. : Editorial Terracota, 2015. 175 pages : Includes bibliography ; 23 cm. (Serie Colecci\u00f3n Debate). ISBN : 9786077130925. <\/span><\/p>\n","protected":false},"featured_media":1057,"template":"","meta":{"_acf_changed":false,"inline_featured_image":false},"product_brand":[],"product_cat":[441,78],"product_tag":[4319,4398,4122],"class_list":{"0":"post-1058","1":"product","2":"type-product","3":"status-publish","4":"has-post-thumbnail","6":"product_cat-movimientos-sociales-sociologia","7":"product_cat-sociologia","8":"product_tag-ayotzinapa","9":"product_tag-historia-mexico","10":"product_tag-investigacion","12":"first","13":"instock","14":"taxable","15":"shipping-taxable","16":"purchasable","17":"product-type-simple"},"acf":[],"yoast_head":"<!-- This site is optimized with the Yoast SEO plugin v27.3 - https:\/\/yoast.com\/product\/yoast-seo-wordpress\/ -->\n<title>Ayotzinapa: La rabia y la esperanza<\/title>\n<meta name=\"description\" content=\"AYOTZINAPA: LA RABIA Y LA ESPERANZA. \/ Roberto Gonz\u00e1lez Villarreal. M\u00e9xico, D.F. : Editorial Terracota, 2015. 175 pages. (Serie Colecci\u00f3n Debate).\" \/>\n<meta name=\"robots\" content=\"index, follow, max-snippet:-1, max-image-preview:large, max-video-preview:-1\" \/>\n<link rel=\"canonical\" href=\"https:\/\/booksfrommexico.com\/es\/producto\/ayotzinapa-la-rabia-y-la-esperanza\/\" \/>\n<meta property=\"og:locale\" content=\"es_ES\" \/>\n<meta property=\"og:type\" content=\"article\" \/>\n<meta property=\"og:title\" content=\"Ayotzinapa: La rabia y la esperanza\" \/>\n<meta property=\"og:description\" content=\"AYOTZINAPA: LA RABIA Y LA ESPERANZA. \/ Roberto Gonz\u00e1lez Villarreal. M\u00e9xico, D.F. : Editorial Terracota, 2015. 175 pages. (Serie Colecci\u00f3n Debate).\" \/>\n<meta property=\"og:url\" content=\"https:\/\/booksfrommexico.com\/es\/producto\/ayotzinapa-la-rabia-y-la-esperanza\/\" \/>\n<meta property=\"og:site_name\" content=\"Books From Mexico\" \/>\n<meta property=\"article:modified_time\" content=\"2024-05-31T18:32:19+00:00\" \/>\n<meta property=\"og:image\" content=\"http:\/\/booksfrommexico.com\/app\/uploads\/2023\/05\/173061.jpeg\" \/>\n\t<meta property=\"og:image:width\" content=\"441\" \/>\n\t<meta property=\"og:image:height\" content=\"662\" \/>\n\t<meta property=\"og:image:type\" content=\"image\/jpeg\" \/>\n<meta name=\"twitter:card\" content=\"summary_large_image\" \/>\n<meta name=\"twitter:label1\" content=\"Tiempo de lectura\" \/>\n\t<meta name=\"twitter:data1\" content=\"1 minuto\" \/>\n<script type=\"application\/ld+json\" class=\"yoast-schema-graph\">{\"@context\":\"https:\\\/\\\/schema.org\",\"@graph\":[{\"@type\":\"WebPage\",\"@id\":\"https:\\\/\\\/booksfrommexico.com\\\/es\\\/producto\\\/ayotzinapa-la-rabia-y-la-esperanza\\\/\",\"url\":\"https:\\\/\\\/booksfrommexico.com\\\/es\\\/producto\\\/ayotzinapa-la-rabia-y-la-esperanza\\\/\",\"name\":\"Ayotzinapa: La rabia y la esperanza\",\"isPartOf\":{\"@id\":\"https:\\\/\\\/booksfrommexico.com\\\/#website\"},\"primaryImageOfPage\":{\"@id\":\"https:\\\/\\\/booksfrommexico.com\\\/es\\\/producto\\\/ayotzinapa-la-rabia-y-la-esperanza\\\/#primaryimage\"},\"image\":{\"@id\":\"https:\\\/\\\/booksfrommexico.com\\\/es\\\/producto\\\/ayotzinapa-la-rabia-y-la-esperanza\\\/#primaryimage\"},\"thumbnailUrl\":\"https:\\\/\\\/booksfrommexico.com\\\/app\\\/uploads\\\/2023\\\/05\\\/173061.jpeg\",\"datePublished\":\"2023-05-08T17:10:30+00:00\",\"dateModified\":\"2024-05-31T18:32:19+00:00\",\"description\":\"AYOTZINAPA: LA RABIA Y LA ESPERANZA. \\\/ Roberto Gonz\u00e1lez Villarreal. M\u00e9xico, D.F. : Editorial Terracota, 2015. 175 pages. (Serie Colecci\u00f3n Debate).\",\"breadcrumb\":{\"@id\":\"https:\\\/\\\/booksfrommexico.com\\\/es\\\/producto\\\/ayotzinapa-la-rabia-y-la-esperanza\\\/#breadcrumb\"},\"inLanguage\":\"es\",\"potentialAction\":[{\"@type\":\"ReadAction\",\"target\":[\"https:\\\/\\\/booksfrommexico.com\\\/es\\\/producto\\\/ayotzinapa-la-rabia-y-la-esperanza\\\/\"]}]},{\"@type\":\"ImageObject\",\"inLanguage\":\"es\",\"@id\":\"https:\\\/\\\/booksfrommexico.com\\\/es\\\/producto\\\/ayotzinapa-la-rabia-y-la-esperanza\\\/#primaryimage\",\"url\":\"https:\\\/\\\/booksfrommexico.com\\\/app\\\/uploads\\\/2023\\\/05\\\/173061.jpeg\",\"contentUrl\":\"https:\\\/\\\/booksfrommexico.com\\\/app\\\/uploads\\\/2023\\\/05\\\/173061.jpeg\",\"width\":441,\"height\":662,\"caption\":\"Ayotzinapa, la rabia y la esperanza - Books From M\u00e9xico\"},{\"@type\":\"BreadcrumbList\",\"@id\":\"https:\\\/\\\/booksfrommexico.com\\\/es\\\/producto\\\/ayotzinapa-la-rabia-y-la-esperanza\\\/#breadcrumb\",\"itemListElement\":[{\"@type\":\"ListItem\",\"position\":1,\"name\":\"Home\",\"item\":\"https:\\\/\\\/booksfrommexico.com\\\/es\\\/\"},{\"@type\":\"ListItem\",\"position\":2,\"name\":\"Libros\",\"item\":\"https:\\\/\\\/booksfrommexico.com\\\/es\\\/libros\\\/\"},{\"@type\":\"ListItem\",\"position\":3,\"name\":\"Ayotzinapa: La rabia y la esperanza\"}]},{\"@type\":\"WebSite\",\"@id\":\"https:\\\/\\\/booksfrommexico.com\\\/#website\",\"url\":\"https:\\\/\\\/booksfrommexico.com\\\/\",\"name\":\"Books From Mexico\",\"description\":\"\",\"publisher\":{\"@id\":\"https:\\\/\\\/booksfrommexico.com\\\/#organization\"},\"potentialAction\":[{\"@type\":\"SearchAction\",\"target\":{\"@type\":\"EntryPoint\",\"urlTemplate\":\"https:\\\/\\\/booksfrommexico.com\\\/?s={search_term_string}\"},\"query-input\":{\"@type\":\"PropertyValueSpecification\",\"valueRequired\":true,\"valueName\":\"search_term_string\"}}],\"inLanguage\":\"es\"},{\"@type\":\"Organization\",\"@id\":\"https:\\\/\\\/booksfrommexico.com\\\/#organization\",\"name\":\"Books From Mexico\",\"url\":\"https:\\\/\\\/booksfrommexico.com\\\/\",\"logo\":{\"@type\":\"ImageObject\",\"inLanguage\":\"es\",\"@id\":\"https:\\\/\\\/booksfrommexico.com\\\/#\\\/schema\\\/logo\\\/image\\\/\",\"url\":\"https:\\\/\\\/booksfrommexico.com\\\/app\\\/uploads\\\/2023\\\/05\\\/logo-booksfrommexico.svg\",\"contentUrl\":\"https:\\\/\\\/booksfrommexico.com\\\/app\\\/uploads\\\/2023\\\/05\\\/logo-booksfrommexico.svg\",\"width\":86,\"height\":56,\"caption\":\"Books From Mexico\"},\"image\":{\"@id\":\"https:\\\/\\\/booksfrommexico.com\\\/#\\\/schema\\\/logo\\\/image\\\/\"}}]}<\/script>\n<!-- \/ Yoast SEO plugin. -->","yoast_head_json":{"title":"Ayotzinapa: La rabia y la esperanza","description":"AYOTZINAPA: LA RABIA Y LA ESPERANZA. \/ Roberto Gonz\u00e1lez Villarreal. M\u00e9xico, D.F. : Editorial Terracota, 2015. 175 pages. (Serie Colecci\u00f3n Debate).","robots":{"index":"index","follow":"follow","max-snippet":"max-snippet:-1","max-image-preview":"max-image-preview:large","max-video-preview":"max-video-preview:-1"},"canonical":"https:\/\/booksfrommexico.com\/es\/producto\/ayotzinapa-la-rabia-y-la-esperanza\/","og_locale":"es_ES","og_type":"article","og_title":"Ayotzinapa: La rabia y la esperanza","og_description":"AYOTZINAPA: LA RABIA Y LA ESPERANZA. \/ Roberto Gonz\u00e1lez Villarreal. M\u00e9xico, D.F. : Editorial Terracota, 2015. 175 pages. (Serie Colecci\u00f3n Debate).","og_url":"https:\/\/booksfrommexico.com\/es\/producto\/ayotzinapa-la-rabia-y-la-esperanza\/","og_site_name":"Books From Mexico","article_modified_time":"2024-05-31T18:32:19+00:00","og_image":[{"width":441,"height":662,"url":"http:\/\/booksfrommexico.com\/app\/uploads\/2023\/05\/173061.jpeg","type":"image\/jpeg"}],"twitter_card":"summary_large_image","twitter_misc":{"Tiempo de lectura":"1 minuto"},"schema":{"@context":"https:\/\/schema.org","@graph":[{"@type":"WebPage","@id":"https:\/\/booksfrommexico.com\/es\/producto\/ayotzinapa-la-rabia-y-la-esperanza\/","url":"https:\/\/booksfrommexico.com\/es\/producto\/ayotzinapa-la-rabia-y-la-esperanza\/","name":"Ayotzinapa: La rabia y la esperanza","isPartOf":{"@id":"https:\/\/booksfrommexico.com\/#website"},"primaryImageOfPage":{"@id":"https:\/\/booksfrommexico.com\/es\/producto\/ayotzinapa-la-rabia-y-la-esperanza\/#primaryimage"},"image":{"@id":"https:\/\/booksfrommexico.com\/es\/producto\/ayotzinapa-la-rabia-y-la-esperanza\/#primaryimage"},"thumbnailUrl":"https:\/\/booksfrommexico.com\/app\/uploads\/2023\/05\/173061.jpeg","datePublished":"2023-05-08T17:10:30+00:00","dateModified":"2024-05-31T18:32:19+00:00","description":"AYOTZINAPA: LA RABIA Y LA ESPERANZA. \/ Roberto Gonz\u00e1lez Villarreal. M\u00e9xico, D.F. : Editorial Terracota, 2015. 175 pages. (Serie Colecci\u00f3n Debate).","breadcrumb":{"@id":"https:\/\/booksfrommexico.com\/es\/producto\/ayotzinapa-la-rabia-y-la-esperanza\/#breadcrumb"},"inLanguage":"es","potentialAction":[{"@type":"ReadAction","target":["https:\/\/booksfrommexico.com\/es\/producto\/ayotzinapa-la-rabia-y-la-esperanza\/"]}]},{"@type":"ImageObject","inLanguage":"es","@id":"https:\/\/booksfrommexico.com\/es\/producto\/ayotzinapa-la-rabia-y-la-esperanza\/#primaryimage","url":"https:\/\/booksfrommexico.com\/app\/uploads\/2023\/05\/173061.jpeg","contentUrl":"https:\/\/booksfrommexico.com\/app\/uploads\/2023\/05\/173061.jpeg","width":441,"height":662,"caption":"Ayotzinapa, la rabia y la esperanza - Books From M\u00e9xico"},{"@type":"BreadcrumbList","@id":"https:\/\/booksfrommexico.com\/es\/producto\/ayotzinapa-la-rabia-y-la-esperanza\/#breadcrumb","itemListElement":[{"@type":"ListItem","position":1,"name":"Home","item":"https:\/\/booksfrommexico.com\/es\/"},{"@type":"ListItem","position":2,"name":"Libros","item":"https:\/\/booksfrommexico.com\/es\/libros\/"},{"@type":"ListItem","position":3,"name":"Ayotzinapa: La rabia y la esperanza"}]},{"@type":"WebSite","@id":"https:\/\/booksfrommexico.com\/#website","url":"https:\/\/booksfrommexico.com\/","name":"Books From Mexico","description":"","publisher":{"@id":"https:\/\/booksfrommexico.com\/#organization"},"potentialAction":[{"@type":"SearchAction","target":{"@type":"EntryPoint","urlTemplate":"https:\/\/booksfrommexico.com\/?s={search_term_string}"},"query-input":{"@type":"PropertyValueSpecification","valueRequired":true,"valueName":"search_term_string"}}],"inLanguage":"es"},{"@type":"Organization","@id":"https:\/\/booksfrommexico.com\/#organization","name":"Books From Mexico","url":"https:\/\/booksfrommexico.com\/","logo":{"@type":"ImageObject","inLanguage":"es","@id":"https:\/\/booksfrommexico.com\/#\/schema\/logo\/image\/","url":"https:\/\/booksfrommexico.com\/app\/uploads\/2023\/05\/logo-booksfrommexico.svg","contentUrl":"https:\/\/booksfrommexico.com\/app\/uploads\/2023\/05\/logo-booksfrommexico.svg","width":86,"height":56,"caption":"Books From Mexico"},"image":{"@id":"https:\/\/booksfrommexico.com\/#\/schema\/logo\/image\/"}}]}},"_links":{"self":[{"href":"https:\/\/booksfrommexico.com\/es\/wp-json\/wp\/v2\/product\/1058","targetHints":{"allow":["GET"]}}],"collection":[{"href":"https:\/\/booksfrommexico.com\/es\/wp-json\/wp\/v2\/product"}],"about":[{"href":"https:\/\/booksfrommexico.com\/es\/wp-json\/wp\/v2\/types\/product"}],"wp:featuredmedia":[{"embeddable":true,"href":"https:\/\/booksfrommexico.com\/es\/wp-json\/wp\/v2\/media\/1057"}],"wp:attachment":[{"href":"https:\/\/booksfrommexico.com\/es\/wp-json\/wp\/v2\/media?parent=1058"}],"wp:term":[{"taxonomy":"product_brand","embeddable":true,"href":"https:\/\/booksfrommexico.com\/es\/wp-json\/wp\/v2\/product_brand?post=1058"},{"taxonomy":"product_cat","embeddable":true,"href":"https:\/\/booksfrommexico.com\/es\/wp-json\/wp\/v2\/product_cat?post=1058"},{"taxonomy":"product_tag","embeddable":true,"href":"https:\/\/booksfrommexico.com\/es\/wp-json\/wp\/v2\/product_tag?post=1058"}],"curies":[{"name":"wp","href":"https:\/\/api.w.org\/{rel}","templated":true}]}}