{"id":1060,"date":"2023-05-08T17:10:32","date_gmt":"2023-05-08T17:10:32","guid":{"rendered":"http:\/\/booksfrommexico.com\/product\/oaxaca-de-rius-2\/"},"modified":"2024-05-09T22:46:24","modified_gmt":"2024-05-09T22:46:24","slug":"oaxaca-de-rius-2","status":"publish","type":"product","link":"https:\/\/booksfrommexico.com\/es\/producto\/oaxaca-de-rius-2\/","title":{"rendered":"Oaxaca de Rius"},"content":{"rendered":"<p><span style=\"font-weight: 400;\">Tras la publicaci\u00f3n del libro \u201cRius en pedacitos\u201d, que contaba con una ilustraci\u00f3n que hac\u00eda alusi\u00f3n al estado de Oaxaca,\u00a0 al autor se le fue sugerido realizar un libro completamente dedicado a este estado. El resultado fue este t\u00edtulo, el cual, libre de pretensiones hist\u00f3ricas o pol\u00edticas, contiene caricaturas que ilustran impresiones fugaces, chistes y apuntes referentes a Oaxaca, lugar donde lleg\u00f3 a residir el autor. Mediante estos bocetos se pueden entrever los arquetipos pol\u00edticos que permanecen con el paso de las generaciones, los dioses olvidados, las costumbre cotidianas, la proliferaci\u00f3n de iglesias, el linaje zapoteca, las fiestas, la gastronom\u00eda, el mezcal y todo aquello que vuelve emblem\u00e1tico a este estado. <\/span><\/p>\n","protected":false},"excerpt":{"rendered":"<p>OAXACA DE RIUS<span style=\"font-weight: 400;\">. \/ Oaxaca de Ju\u00e1rez, Oaxaca, M\u00e9xico : Almad\u00eda, 2014. <\/span><span style=\"font-weight: 400;\">[60 sheets unpaged] <\/span><span style=\"font-weight: 400;\">: chiefly illustrations ; 23 cm. ISBN : 9786074111743.<\/span><\/p>\n","protected":false},"featured_media":1059,"template":"","meta":{"_acf_changed":false,"inline_featured_image":false},"product_brand":[],"product_cat":[87,4259],"product_tag":[3797,3769],"class_list":{"0":"post-1060","1":"product","2":"type-product","3":"status-publish","4":"has-post-thumbnail","6":"product_cat-arte","7":"product_cat-caricatura","8":"product_tag-oaxaca-mexico","9":"product_tag-obras-ilustradas","11":"first","12":"instock","13":"taxable","14":"shipping-taxable","15":"purchasable","16":"product-type-simple"},"acf":[],"yoast_head":"<!-- This site is optimized with the Yoast SEO plugin v27.3 - https:\/\/yoast.com\/product\/yoast-seo-wordpress\/ -->\n<title>Oaxaca de Rius<\/title>\n<meta name=\"description\" content=\"OAXACA DE RIUS. \/ Oaxaca de Ju\u00e1rez, Oaxaca, M\u00e9xico : Almad\u00eda, 2014. [60 sheets unpaged] : chiefly illustrations ; 23 cm. ISBN : 9786074111743.\" \/>\n<meta name=\"robots\" content=\"index, follow, max-snippet:-1, max-image-preview:large, max-video-preview:-1\" \/>\n<link rel=\"canonical\" href=\"https:\/\/booksfrommexico.com\/es\/producto\/oaxaca-de-rius-2\/\" \/>\n<meta property=\"og:locale\" content=\"es_ES\" \/>\n<meta property=\"og:type\" content=\"article\" \/>\n<meta property=\"og:title\" content=\"Oaxaca de Rius\" \/>\n<meta property=\"og:description\" content=\"OAXACA DE RIUS. \/ Oaxaca de Ju\u00e1rez, Oaxaca, M\u00e9xico : Almad\u00eda, 2014. [60 sheets unpaged] : chiefly illustrations ; 23 cm. ISBN : 9786074111743.\" \/>\n<meta property=\"og:url\" content=\"https:\/\/booksfrommexico.com\/es\/producto\/oaxaca-de-rius-2\/\" \/>\n<meta property=\"og:site_name\" content=\"Books From Mexico\" \/>\n<meta property=\"article:modified_time\" content=\"2024-05-09T22:46:24+00:00\" \/>\n<meta property=\"og:image\" content=\"http:\/\/booksfrommexico.com\/app\/uploads\/2023\/05\/172451-1.jpeg\" \/>\n\t<meta property=\"og:image:width\" content=\"441\" \/>\n\t<meta property=\"og:image:height\" content=\"662\" \/>\n\t<meta property=\"og:image:type\" content=\"image\/jpeg\" \/>\n<meta name=\"twitter:card\" content=\"summary_large_image\" \/>\n<meta name=\"twitter:label1\" content=\"Tiempo de lectura\" \/>\n\t<meta name=\"twitter:data1\" content=\"1 minuto\" \/>\n<script type=\"application\/ld+json\" class=\"yoast-schema-graph\">{\"@context\":\"https:\\\/\\\/schema.org\",\"@graph\":[{\"@type\":\"WebPage\",\"@id\":\"https:\\\/\\\/booksfrommexico.com\\\/es\\\/producto\\\/oaxaca-de-rius-2\\\/\",\"url\":\"https:\\\/\\\/booksfrommexico.com\\\/es\\\/producto\\\/oaxaca-de-rius-2\\\/\",\"name\":\"Oaxaca de Rius\",\"isPartOf\":{\"@id\":\"https:\\\/\\\/booksfrommexico.com\\\/#website\"},\"primaryImageOfPage\":{\"@id\":\"https:\\\/\\\/booksfrommexico.com\\\/es\\\/producto\\\/oaxaca-de-rius-2\\\/#primaryimage\"},\"image\":{\"@id\":\"https:\\\/\\\/booksfrommexico.com\\\/es\\\/producto\\\/oaxaca-de-rius-2\\\/#primaryimage\"},\"thumbnailUrl\":\"https:\\\/\\\/booksfrommexico.com\\\/app\\\/uploads\\\/2023\\\/05\\\/172451-1.jpeg\",\"datePublished\":\"2023-05-08T17:10:32+00:00\",\"dateModified\":\"2024-05-09T22:46:24+00:00\",\"description\":\"OAXACA DE RIUS. \\\/ Oaxaca de Ju\u00e1rez, Oaxaca, M\u00e9xico : Almad\u00eda, 2014. [60 sheets unpaged] : chiefly illustrations ; 23 cm. ISBN : 9786074111743.\",\"breadcrumb\":{\"@id\":\"https:\\\/\\\/booksfrommexico.com\\\/es\\\/producto\\\/oaxaca-de-rius-2\\\/#breadcrumb\"},\"inLanguage\":\"es\",\"potentialAction\":[{\"@type\":\"ReadAction\",\"target\":[\"https:\\\/\\\/booksfrommexico.com\\\/es\\\/producto\\\/oaxaca-de-rius-2\\\/\"]}]},{\"@type\":\"ImageObject\",\"inLanguage\":\"es\",\"@id\":\"https:\\\/\\\/booksfrommexico.com\\\/es\\\/producto\\\/oaxaca-de-rius-2\\\/#primaryimage\",\"url\":\"https:\\\/\\\/booksfrommexico.com\\\/app\\\/uploads\\\/2023\\\/05\\\/172451-1.jpeg\",\"contentUrl\":\"https:\\\/\\\/booksfrommexico.com\\\/app\\\/uploads\\\/2023\\\/05\\\/172451-1.jpeg\",\"width\":441,\"height\":662},{\"@type\":\"BreadcrumbList\",\"@id\":\"https:\\\/\\\/booksfrommexico.com\\\/es\\\/producto\\\/oaxaca-de-rius-2\\\/#breadcrumb\",\"itemListElement\":[{\"@type\":\"ListItem\",\"position\":1,\"name\":\"Home\",\"item\":\"https:\\\/\\\/booksfrommexico.com\\\/es\\\/\"},{\"@type\":\"ListItem\",\"position\":2,\"name\":\"Libros\",\"item\":\"https:\\\/\\\/booksfrommexico.com\\\/es\\\/libros\\\/\"},{\"@type\":\"ListItem\",\"position\":3,\"name\":\"Oaxaca de Rius\"}]},{\"@type\":\"WebSite\",\"@id\":\"https:\\\/\\\/booksfrommexico.com\\\/#website\",\"url\":\"https:\\\/\\\/booksfrommexico.com\\\/\",\"name\":\"Books From Mexico\",\"description\":\"\",\"publisher\":{\"@id\":\"https:\\\/\\\/booksfrommexico.com\\\/#organization\"},\"potentialAction\":[{\"@type\":\"SearchAction\",\"target\":{\"@type\":\"EntryPoint\",\"urlTemplate\":\"https:\\\/\\\/booksfrommexico.com\\\/?s={search_term_string}\"},\"query-input\":{\"@type\":\"PropertyValueSpecification\",\"valueRequired\":true,\"valueName\":\"search_term_string\"}}],\"inLanguage\":\"es\"},{\"@type\":\"Organization\",\"@id\":\"https:\\\/\\\/booksfrommexico.com\\\/#organization\",\"name\":\"Books From Mexico\",\"url\":\"https:\\\/\\\/booksfrommexico.com\\\/\",\"logo\":{\"@type\":\"ImageObject\",\"inLanguage\":\"es\",\"@id\":\"https:\\\/\\\/booksfrommexico.com\\\/#\\\/schema\\\/logo\\\/image\\\/\",\"url\":\"https:\\\/\\\/booksfrommexico.com\\\/app\\\/uploads\\\/2023\\\/05\\\/logo-booksfrommexico.svg\",\"contentUrl\":\"https:\\\/\\\/booksfrommexico.com\\\/app\\\/uploads\\\/2023\\\/05\\\/logo-booksfrommexico.svg\",\"width\":86,\"height\":56,\"caption\":\"Books From Mexico\"},\"image\":{\"@id\":\"https:\\\/\\\/booksfrommexico.com\\\/#\\\/schema\\\/logo\\\/image\\\/\"}}]}<\/script>\n<!-- \/ Yoast SEO plugin. -->","yoast_head_json":{"title":"Oaxaca de Rius","description":"OAXACA DE RIUS. \/ Oaxaca de Ju\u00e1rez, Oaxaca, M\u00e9xico : Almad\u00eda, 2014. [60 sheets unpaged] : chiefly illustrations ; 23 cm. ISBN : 9786074111743.","robots":{"index":"index","follow":"follow","max-snippet":"max-snippet:-1","max-image-preview":"max-image-preview:large","max-video-preview":"max-video-preview:-1"},"canonical":"https:\/\/booksfrommexico.com\/es\/producto\/oaxaca-de-rius-2\/","og_locale":"es_ES","og_type":"article","og_title":"Oaxaca de Rius","og_description":"OAXACA DE RIUS. \/ Oaxaca de Ju\u00e1rez, Oaxaca, M\u00e9xico : Almad\u00eda, 2014. [60 sheets unpaged] : chiefly illustrations ; 23 cm. ISBN : 9786074111743.","og_url":"https:\/\/booksfrommexico.com\/es\/producto\/oaxaca-de-rius-2\/","og_site_name":"Books From Mexico","article_modified_time":"2024-05-09T22:46:24+00:00","og_image":[{"width":441,"height":662,"url":"http:\/\/booksfrommexico.com\/app\/uploads\/2023\/05\/172451-1.jpeg","type":"image\/jpeg"}],"twitter_card":"summary_large_image","twitter_misc":{"Tiempo de lectura":"1 minuto"},"schema":{"@context":"https:\/\/schema.org","@graph":[{"@type":"WebPage","@id":"https:\/\/booksfrommexico.com\/es\/producto\/oaxaca-de-rius-2\/","url":"https:\/\/booksfrommexico.com\/es\/producto\/oaxaca-de-rius-2\/","name":"Oaxaca de Rius","isPartOf":{"@id":"https:\/\/booksfrommexico.com\/#website"},"primaryImageOfPage":{"@id":"https:\/\/booksfrommexico.com\/es\/producto\/oaxaca-de-rius-2\/#primaryimage"},"image":{"@id":"https:\/\/booksfrommexico.com\/es\/producto\/oaxaca-de-rius-2\/#primaryimage"},"thumbnailUrl":"https:\/\/booksfrommexico.com\/app\/uploads\/2023\/05\/172451-1.jpeg","datePublished":"2023-05-08T17:10:32+00:00","dateModified":"2024-05-09T22:46:24+00:00","description":"OAXACA DE RIUS. \/ Oaxaca de Ju\u00e1rez, Oaxaca, M\u00e9xico : Almad\u00eda, 2014. [60 sheets unpaged] : chiefly illustrations ; 23 cm. ISBN : 9786074111743.","breadcrumb":{"@id":"https:\/\/booksfrommexico.com\/es\/producto\/oaxaca-de-rius-2\/#breadcrumb"},"inLanguage":"es","potentialAction":[{"@type":"ReadAction","target":["https:\/\/booksfrommexico.com\/es\/producto\/oaxaca-de-rius-2\/"]}]},{"@type":"ImageObject","inLanguage":"es","@id":"https:\/\/booksfrommexico.com\/es\/producto\/oaxaca-de-rius-2\/#primaryimage","url":"https:\/\/booksfrommexico.com\/app\/uploads\/2023\/05\/172451-1.jpeg","contentUrl":"https:\/\/booksfrommexico.com\/app\/uploads\/2023\/05\/172451-1.jpeg","width":441,"height":662},{"@type":"BreadcrumbList","@id":"https:\/\/booksfrommexico.com\/es\/producto\/oaxaca-de-rius-2\/#breadcrumb","itemListElement":[{"@type":"ListItem","position":1,"name":"Home","item":"https:\/\/booksfrommexico.com\/es\/"},{"@type":"ListItem","position":2,"name":"Libros","item":"https:\/\/booksfrommexico.com\/es\/libros\/"},{"@type":"ListItem","position":3,"name":"Oaxaca de Rius"}]},{"@type":"WebSite","@id":"https:\/\/booksfrommexico.com\/#website","url":"https:\/\/booksfrommexico.com\/","name":"Books From Mexico","description":"","publisher":{"@id":"https:\/\/booksfrommexico.com\/#organization"},"potentialAction":[{"@type":"SearchAction","target":{"@type":"EntryPoint","urlTemplate":"https:\/\/booksfrommexico.com\/?s={search_term_string}"},"query-input":{"@type":"PropertyValueSpecification","valueRequired":true,"valueName":"search_term_string"}}],"inLanguage":"es"},{"@type":"Organization","@id":"https:\/\/booksfrommexico.com\/#organization","name":"Books From Mexico","url":"https:\/\/booksfrommexico.com\/","logo":{"@type":"ImageObject","inLanguage":"es","@id":"https:\/\/booksfrommexico.com\/#\/schema\/logo\/image\/","url":"https:\/\/booksfrommexico.com\/app\/uploads\/2023\/05\/logo-booksfrommexico.svg","contentUrl":"https:\/\/booksfrommexico.com\/app\/uploads\/2023\/05\/logo-booksfrommexico.svg","width":86,"height":56,"caption":"Books From Mexico"},"image":{"@id":"https:\/\/booksfrommexico.com\/#\/schema\/logo\/image\/"}}]}},"_links":{"self":[{"href":"https:\/\/booksfrommexico.com\/es\/wp-json\/wp\/v2\/product\/1060","targetHints":{"allow":["GET"]}}],"collection":[{"href":"https:\/\/booksfrommexico.com\/es\/wp-json\/wp\/v2\/product"}],"about":[{"href":"https:\/\/booksfrommexico.com\/es\/wp-json\/wp\/v2\/types\/product"}],"wp:featuredmedia":[{"embeddable":true,"href":"https:\/\/booksfrommexico.com\/es\/wp-json\/wp\/v2\/media\/1059"}],"wp:attachment":[{"href":"https:\/\/booksfrommexico.com\/es\/wp-json\/wp\/v2\/media?parent=1060"}],"wp:term":[{"taxonomy":"product_brand","embeddable":true,"href":"https:\/\/booksfrommexico.com\/es\/wp-json\/wp\/v2\/product_brand?post=1060"},{"taxonomy":"product_cat","embeddable":true,"href":"https:\/\/booksfrommexico.com\/es\/wp-json\/wp\/v2\/product_cat?post=1060"},{"taxonomy":"product_tag","embeddable":true,"href":"https:\/\/booksfrommexico.com\/es\/wp-json\/wp\/v2\/product_tag?post=1060"}],"curies":[{"name":"wp","href":"https:\/\/api.w.org\/{rel}","templated":true}]}}