{"id":1062,"date":"2023-05-08T17:10:33","date_gmt":"2023-05-08T17:10:33","guid":{"rendered":"http:\/\/booksfrommexico.com\/product\/me-dejaste-puro-animal-inexistente-poesia\/"},"modified":"2024-05-09T23:44:08","modified_gmt":"2024-05-09T23:44:08","slug":"me-dejaste-puro-animal-inexistente-poesia","status":"publish","type":"product","link":"https:\/\/booksfrommexico.com\/es\/producto\/me-dejaste-puro-animal-inexistente-poesia\/","title":{"rendered":"Me dejaste puro animal inexistente: Poes\u00eda"},"content":{"rendered":"<p><span style=\"font-weight: 400;\">Claudia S\u00e1nchez Rod es egresada de la carrera de Lengua y Literatura Hisp\u00e1nicas de la UNAM, desempe\u00f1\u00e1ndose como docente, traductora y periodista, publicando su trabajo en revistas literarias y antolog\u00edas de poes\u00eda. Este t\u00edtulo est\u00e1 dividido en cinco apartados, y aunque no parecen tener relaci\u00f3n entre s\u00ed, individualmente en los poemas se pueden encontrar sentimientos y circunstancias que detonan en varios momentos y los unen: frustraciones, deseos y errores de la vida cotidiana. Esta edici\u00f3n pertenece a La Cartonera, por lo que su fabricaci\u00f3n\u00a0 es un trabajo artesanal empastado en cart\u00f3n con portada \u00fanica, siendo el ejemplar 32 de un tiraje de 130.<\/span><\/p>\n","protected":false},"excerpt":{"rendered":"<p>ME DEJASTE PURO ANIMAL INEXISTENTE : POES\u00cdA<span style=\"font-weight: 400;\">. \/ Claudia S\u00e1nchez Rod Cuernavaca, Morelos, M\u00e9xico : La Cartonera 2015. 72 pages : includes semblance ; 23 cm.<\/span><\/p>\n<p><br style=\"font-weight: 400;\" \/><br style=\"font-weight: 400;\" \/><\/p>\n","protected":false},"featured_media":1061,"template":"","meta":{"_acf_changed":false,"inline_featured_image":false},"product_brand":[],"product_cat":[25,32],"product_tag":[4193,4225,4115,3598],"class_list":{"0":"post-1062","1":"product","2":"type-product","3":"status-publish","4":"has-post-thumbnail","6":"product_cat-literatura","7":"product_cat-poesia-literatura","8":"product_tag-cartonera-es","9":"product_tag-mujeres-literatura","10":"product_tag-poesia-es","11":"product_tag-poesia-mexicana","13":"first","14":"instock","15":"taxable","16":"shipping-taxable","17":"purchasable","18":"product-type-simple"},"acf":[],"yoast_head":"<!-- This site is optimized with the Yoast SEO plugin v27.2 - https:\/\/yoast.com\/product\/yoast-seo-wordpress\/ -->\n<title>Me dejaste puro animal inexistente: Poes\u00eda<\/title>\n<meta name=\"description\" content=\"ME DEJASTE PURO ANIMAL INEXISTENTE : POES\u00cdA. \/ Claudia S\u00e1nchez Rod Cuernavaca, Morelos, M\u00e9xico : La Cartonera 2015. 72 pages : includes semblance ; 23 cm.\" \/>\n<meta name=\"robots\" content=\"index, follow, max-snippet:-1, max-image-preview:large, max-video-preview:-1\" \/>\n<link rel=\"canonical\" href=\"https:\/\/booksfrommexico.com\/es\/producto\/me-dejaste-puro-animal-inexistente-poesia\/\" \/>\n<meta property=\"og:locale\" content=\"es_ES\" \/>\n<meta property=\"og:type\" content=\"article\" \/>\n<meta property=\"og:title\" content=\"Me dejaste puro animal inexistente: Poes\u00eda\" \/>\n<meta property=\"og:description\" content=\"ME DEJASTE PURO ANIMAL INEXISTENTE : POES\u00cdA. \/ Claudia S\u00e1nchez Rod Cuernavaca, Morelos, M\u00e9xico : La Cartonera 2015. 72 pages : includes semblance ; 23 cm.\" \/>\n<meta property=\"og:url\" content=\"https:\/\/booksfrommexico.com\/es\/producto\/me-dejaste-puro-animal-inexistente-poesia\/\" \/>\n<meta property=\"og:site_name\" content=\"Books From Mexico\" \/>\n<meta property=\"article:modified_time\" content=\"2024-05-09T23:44:08+00:00\" \/>\n<meta property=\"og:image\" content=\"http:\/\/booksfrommexico.com\/app\/uploads\/2023\/05\/177268.jpeg\" \/>\n\t<meta property=\"og:image:width\" content=\"426\" \/>\n\t<meta property=\"og:image:height\" content=\"649\" \/>\n\t<meta property=\"og:image:type\" content=\"image\/jpeg\" \/>\n<meta name=\"twitter:card\" content=\"summary_large_image\" \/>\n<meta name=\"twitter:label1\" content=\"Tiempo de lectura\" \/>\n\t<meta name=\"twitter:data1\" content=\"1 minuto\" \/>\n<script type=\"application\/ld+json\" class=\"yoast-schema-graph\">{\"@context\":\"https:\/\/schema.org\",\"@graph\":[{\"@type\":\"WebPage\",\"@id\":\"https:\/\/booksfrommexico.com\/es\/producto\/me-dejaste-puro-animal-inexistente-poesia\/\",\"url\":\"https:\/\/booksfrommexico.com\/es\/producto\/me-dejaste-puro-animal-inexistente-poesia\/\",\"name\":\"Me dejaste puro animal inexistente: Poes\u00eda\",\"isPartOf\":{\"@id\":\"https:\/\/booksfrommexico.com\/#website\"},\"primaryImageOfPage\":{\"@id\":\"https:\/\/booksfrommexico.com\/es\/producto\/me-dejaste-puro-animal-inexistente-poesia\/#primaryimage\"},\"image\":{\"@id\":\"https:\/\/booksfrommexico.com\/es\/producto\/me-dejaste-puro-animal-inexistente-poesia\/#primaryimage\"},\"thumbnailUrl\":\"https:\/\/booksfrommexico.com\/app\/uploads\/2023\/05\/177268.jpeg\",\"datePublished\":\"2023-05-08T17:10:33+00:00\",\"dateModified\":\"2024-05-09T23:44:08+00:00\",\"description\":\"ME DEJASTE PURO ANIMAL INEXISTENTE : POES\u00cdA. \/ Claudia S\u00e1nchez Rod Cuernavaca, Morelos, M\u00e9xico : La Cartonera 2015. 72 pages : includes semblance ; 23 cm.\",\"breadcrumb\":{\"@id\":\"https:\/\/booksfrommexico.com\/es\/producto\/me-dejaste-puro-animal-inexistente-poesia\/#breadcrumb\"},\"inLanguage\":\"es\",\"potentialAction\":[{\"@type\":\"ReadAction\",\"target\":[\"https:\/\/booksfrommexico.com\/es\/producto\/me-dejaste-puro-animal-inexistente-poesia\/\"]}]},{\"@type\":\"ImageObject\",\"inLanguage\":\"es\",\"@id\":\"https:\/\/booksfrommexico.com\/es\/producto\/me-dejaste-puro-animal-inexistente-poesia\/#primaryimage\",\"url\":\"https:\/\/booksfrommexico.com\/app\/uploads\/2023\/05\/177268.jpeg\",\"contentUrl\":\"https:\/\/booksfrommexico.com\/app\/uploads\/2023\/05\/177268.jpeg\",\"width\":426,\"height\":649,\"caption\":\"Me dejaste puro animal inexistente poes\u00eda - Books From M\u00e9xico\"},{\"@type\":\"BreadcrumbList\",\"@id\":\"https:\/\/booksfrommexico.com\/es\/producto\/me-dejaste-puro-animal-inexistente-poesia\/#breadcrumb\",\"itemListElement\":[{\"@type\":\"ListItem\",\"position\":1,\"name\":\"Home\",\"item\":\"https:\/\/booksfrommexico.com\/es\/\"},{\"@type\":\"ListItem\",\"position\":2,\"name\":\"Libros\",\"item\":\"https:\/\/booksfrommexico.com\/es\/libros\/\"},{\"@type\":\"ListItem\",\"position\":3,\"name\":\"Me dejaste puro animal inexistente: Poes\u00eda\"}]},{\"@type\":\"WebSite\",\"@id\":\"https:\/\/booksfrommexico.com\/#website\",\"url\":\"https:\/\/booksfrommexico.com\/\",\"name\":\"Books From Mexico\",\"description\":\"\",\"publisher\":{\"@id\":\"https:\/\/booksfrommexico.com\/#organization\"},\"potentialAction\":[{\"@type\":\"SearchAction\",\"target\":{\"@type\":\"EntryPoint\",\"urlTemplate\":\"https:\/\/booksfrommexico.com\/?s={search_term_string}\"},\"query-input\":{\"@type\":\"PropertyValueSpecification\",\"valueRequired\":true,\"valueName\":\"search_term_string\"}}],\"inLanguage\":\"es\"},{\"@type\":\"Organization\",\"@id\":\"https:\/\/booksfrommexico.com\/#organization\",\"name\":\"Books From Mexico\",\"url\":\"https:\/\/booksfrommexico.com\/\",\"logo\":{\"@type\":\"ImageObject\",\"inLanguage\":\"es\",\"@id\":\"https:\/\/booksfrommexico.com\/#\/schema\/logo\/image\/\",\"url\":\"https:\/\/booksfrommexico.com\/app\/uploads\/2023\/05\/logo-booksfrommexico.svg\",\"contentUrl\":\"https:\/\/booksfrommexico.com\/app\/uploads\/2023\/05\/logo-booksfrommexico.svg\",\"width\":86,\"height\":56,\"caption\":\"Books From Mexico\"},\"image\":{\"@id\":\"https:\/\/booksfrommexico.com\/#\/schema\/logo\/image\/\"}}]}<\/script>\n<!-- \/ Yoast SEO plugin. -->","yoast_head_json":{"title":"Me dejaste puro animal inexistente: Poes\u00eda","description":"ME DEJASTE PURO ANIMAL INEXISTENTE : POES\u00cdA. \/ Claudia S\u00e1nchez Rod Cuernavaca, Morelos, M\u00e9xico : La Cartonera 2015. 72 pages : includes semblance ; 23 cm.","robots":{"index":"index","follow":"follow","max-snippet":"max-snippet:-1","max-image-preview":"max-image-preview:large","max-video-preview":"max-video-preview:-1"},"canonical":"https:\/\/booksfrommexico.com\/es\/producto\/me-dejaste-puro-animal-inexistente-poesia\/","og_locale":"es_ES","og_type":"article","og_title":"Me dejaste puro animal inexistente: Poes\u00eda","og_description":"ME DEJASTE PURO ANIMAL INEXISTENTE : POES\u00cdA. \/ Claudia S\u00e1nchez Rod Cuernavaca, Morelos, M\u00e9xico : La Cartonera 2015. 72 pages : includes semblance ; 23 cm.","og_url":"https:\/\/booksfrommexico.com\/es\/producto\/me-dejaste-puro-animal-inexistente-poesia\/","og_site_name":"Books From Mexico","article_modified_time":"2024-05-09T23:44:08+00:00","og_image":[{"width":426,"height":649,"url":"http:\/\/booksfrommexico.com\/app\/uploads\/2023\/05\/177268.jpeg","type":"image\/jpeg"}],"twitter_card":"summary_large_image","twitter_misc":{"Tiempo de lectura":"1 minuto"},"schema":{"@context":"https:\/\/schema.org","@graph":[{"@type":"WebPage","@id":"https:\/\/booksfrommexico.com\/es\/producto\/me-dejaste-puro-animal-inexistente-poesia\/","url":"https:\/\/booksfrommexico.com\/es\/producto\/me-dejaste-puro-animal-inexistente-poesia\/","name":"Me dejaste puro animal inexistente: Poes\u00eda","isPartOf":{"@id":"https:\/\/booksfrommexico.com\/#website"},"primaryImageOfPage":{"@id":"https:\/\/booksfrommexico.com\/es\/producto\/me-dejaste-puro-animal-inexistente-poesia\/#primaryimage"},"image":{"@id":"https:\/\/booksfrommexico.com\/es\/producto\/me-dejaste-puro-animal-inexistente-poesia\/#primaryimage"},"thumbnailUrl":"https:\/\/booksfrommexico.com\/app\/uploads\/2023\/05\/177268.jpeg","datePublished":"2023-05-08T17:10:33+00:00","dateModified":"2024-05-09T23:44:08+00:00","description":"ME DEJASTE PURO ANIMAL INEXISTENTE : POES\u00cdA. \/ Claudia S\u00e1nchez Rod Cuernavaca, Morelos, M\u00e9xico : La Cartonera 2015. 72 pages : includes semblance ; 23 cm.","breadcrumb":{"@id":"https:\/\/booksfrommexico.com\/es\/producto\/me-dejaste-puro-animal-inexistente-poesia\/#breadcrumb"},"inLanguage":"es","potentialAction":[{"@type":"ReadAction","target":["https:\/\/booksfrommexico.com\/es\/producto\/me-dejaste-puro-animal-inexistente-poesia\/"]}]},{"@type":"ImageObject","inLanguage":"es","@id":"https:\/\/booksfrommexico.com\/es\/producto\/me-dejaste-puro-animal-inexistente-poesia\/#primaryimage","url":"https:\/\/booksfrommexico.com\/app\/uploads\/2023\/05\/177268.jpeg","contentUrl":"https:\/\/booksfrommexico.com\/app\/uploads\/2023\/05\/177268.jpeg","width":426,"height":649,"caption":"Me dejaste puro animal inexistente poes\u00eda - Books From M\u00e9xico"},{"@type":"BreadcrumbList","@id":"https:\/\/booksfrommexico.com\/es\/producto\/me-dejaste-puro-animal-inexistente-poesia\/#breadcrumb","itemListElement":[{"@type":"ListItem","position":1,"name":"Home","item":"https:\/\/booksfrommexico.com\/es\/"},{"@type":"ListItem","position":2,"name":"Libros","item":"https:\/\/booksfrommexico.com\/es\/libros\/"},{"@type":"ListItem","position":3,"name":"Me dejaste puro animal inexistente: Poes\u00eda"}]},{"@type":"WebSite","@id":"https:\/\/booksfrommexico.com\/#website","url":"https:\/\/booksfrommexico.com\/","name":"Books From Mexico","description":"","publisher":{"@id":"https:\/\/booksfrommexico.com\/#organization"},"potentialAction":[{"@type":"SearchAction","target":{"@type":"EntryPoint","urlTemplate":"https:\/\/booksfrommexico.com\/?s={search_term_string}"},"query-input":{"@type":"PropertyValueSpecification","valueRequired":true,"valueName":"search_term_string"}}],"inLanguage":"es"},{"@type":"Organization","@id":"https:\/\/booksfrommexico.com\/#organization","name":"Books From Mexico","url":"https:\/\/booksfrommexico.com\/","logo":{"@type":"ImageObject","inLanguage":"es","@id":"https:\/\/booksfrommexico.com\/#\/schema\/logo\/image\/","url":"https:\/\/booksfrommexico.com\/app\/uploads\/2023\/05\/logo-booksfrommexico.svg","contentUrl":"https:\/\/booksfrommexico.com\/app\/uploads\/2023\/05\/logo-booksfrommexico.svg","width":86,"height":56,"caption":"Books From Mexico"},"image":{"@id":"https:\/\/booksfrommexico.com\/#\/schema\/logo\/image\/"}}]}},"_links":{"self":[{"href":"https:\/\/booksfrommexico.com\/es\/wp-json\/wp\/v2\/product\/1062","targetHints":{"allow":["GET"]}}],"collection":[{"href":"https:\/\/booksfrommexico.com\/es\/wp-json\/wp\/v2\/product"}],"about":[{"href":"https:\/\/booksfrommexico.com\/es\/wp-json\/wp\/v2\/types\/product"}],"wp:featuredmedia":[{"embeddable":true,"href":"https:\/\/booksfrommexico.com\/es\/wp-json\/wp\/v2\/media\/1061"}],"wp:attachment":[{"href":"https:\/\/booksfrommexico.com\/es\/wp-json\/wp\/v2\/media?parent=1062"}],"wp:term":[{"taxonomy":"product_brand","embeddable":true,"href":"https:\/\/booksfrommexico.com\/es\/wp-json\/wp\/v2\/product_brand?post=1062"},{"taxonomy":"product_cat","embeddable":true,"href":"https:\/\/booksfrommexico.com\/es\/wp-json\/wp\/v2\/product_cat?post=1062"},{"taxonomy":"product_tag","embeddable":true,"href":"https:\/\/booksfrommexico.com\/es\/wp-json\/wp\/v2\/product_tag?post=1062"}],"curies":[{"name":"wp","href":"https:\/\/api.w.org\/{rel}","templated":true}]}}