{"id":1064,"date":"2023-05-08T17:10:35","date_gmt":"2023-05-08T17:10:35","guid":{"rendered":"http:\/\/booksfrommexico.com\/product\/ex-tinta\/"},"modified":"2024-05-09T23:50:43","modified_gmt":"2024-05-09T23:50:43","slug":"ex-tinta","status":"publish","type":"product","link":"https:\/\/booksfrommexico.com\/es\/producto\/ex-tinta\/","title":{"rendered":"Ex tinta"},"content":{"rendered":"<p><span style=\"font-weight: 400;\">Beatriz Stellino ha colaborado en revistas y peri\u00f3dicos con poemas, cuentos, art\u00edculos, dibujos y grabado, obtuvo una beca para j\u00f3venes poetas en el Instituto Nacional de Bellas Artes en 1985. En este t\u00edtulo la autora comparte en un breve texto momentos puntuales de su d\u00eda a d\u00eda que la hacen reflexionar sobre la soledad y la b\u00fasqueda de s\u00ed misma. Es inevitable encontrar en esta lectura referencias dentro del texto al trabajo de Virginia Woolf, quien en su obra tambi\u00e9n habla sobre la complejidad de ser mujer en una sociedad construida por y para hombres. <\/span><span style=\"font-weight: 400;\">Esta edici\u00f3n pertenece a La Ratona Cartonera, trat\u00e1ndose de un ejemplar encuadernado artesanalmente y con una portada pintada a mano. <\/span><\/p>\n","protected":false},"excerpt":{"rendered":"<p>EX TINTA<span style=\"font-weight: 400;\">. \/ Beatriz Stellino. Cuernavaca, Morelos, M\u00e9xico : La Ratona Cartonera, 2015. 23 pages : includes illustrations ; 22 cm. ISBN : 9786079675707.<\/span><\/p>\n","protected":false},"featured_media":1063,"template":"","meta":{"_acf_changed":false,"inline_featured_image":false},"product_brand":[],"product_cat":[25,32],"product_tag":[4193,4225,4115],"class_list":{"0":"post-1064","1":"product","2":"type-product","3":"status-publish","4":"has-post-thumbnail","6":"product_cat-literatura","7":"product_cat-poesia-literatura","8":"product_tag-cartonera-es","9":"product_tag-mujeres-literatura","10":"product_tag-poesia-es","12":"first","13":"instock","14":"taxable","15":"shipping-taxable","16":"purchasable","17":"product-type-simple"},"acf":[],"yoast_head":"<!-- This site is optimized with the Yoast SEO plugin v27.2 - https:\/\/yoast.com\/product\/yoast-seo-wordpress\/ -->\n<title>Ex Tinta<\/title>\n<meta name=\"description\" content=\"EX TINTA. \/ Beatriz Stellino. Cuernavaca, Morelos, M\u00e9xico : La Ratona Cartonera, 2015. 23 pages : includes illustrations ; 22 cm. ISBN : 9786079675707.\" \/>\n<meta name=\"robots\" content=\"index, follow, max-snippet:-1, max-image-preview:large, max-video-preview:-1\" \/>\n<link rel=\"canonical\" href=\"https:\/\/booksfrommexico.com\/es\/producto\/ex-tinta\/\" \/>\n<meta property=\"og:locale\" content=\"es_ES\" \/>\n<meta property=\"og:type\" content=\"article\" \/>\n<meta property=\"og:title\" content=\"Ex Tinta\" \/>\n<meta property=\"og:description\" content=\"EX TINTA. \/ Beatriz Stellino. Cuernavaca, Morelos, M\u00e9xico : La Ratona Cartonera, 2015. 23 pages : includes illustrations ; 22 cm. ISBN : 9786079675707.\" \/>\n<meta property=\"og:url\" content=\"https:\/\/booksfrommexico.com\/es\/producto\/ex-tinta\/\" \/>\n<meta property=\"og:site_name\" content=\"Books From Mexico\" \/>\n<meta property=\"article:modified_time\" content=\"2024-05-09T23:50:43+00:00\" \/>\n<meta property=\"og:image\" content=\"http:\/\/booksfrommexico.com\/app\/uploads\/2023\/05\/177273.jpg\" \/>\n\t<meta property=\"og:image:width\" content=\"671\" \/>\n\t<meta property=\"og:image:height\" content=\"834\" \/>\n\t<meta property=\"og:image:type\" content=\"image\/jpeg\" \/>\n<meta name=\"twitter:card\" content=\"summary_large_image\" \/>\n<meta name=\"twitter:label1\" content=\"Tiempo de lectura\" \/>\n\t<meta name=\"twitter:data1\" content=\"1 minuto\" \/>\n<script type=\"application\/ld+json\" class=\"yoast-schema-graph\">{\"@context\":\"https:\/\/schema.org\",\"@graph\":[{\"@type\":\"WebPage\",\"@id\":\"https:\/\/booksfrommexico.com\/es\/producto\/ex-tinta\/\",\"url\":\"https:\/\/booksfrommexico.com\/es\/producto\/ex-tinta\/\",\"name\":\"Ex Tinta\",\"isPartOf\":{\"@id\":\"https:\/\/booksfrommexico.com\/#website\"},\"primaryImageOfPage\":{\"@id\":\"https:\/\/booksfrommexico.com\/es\/producto\/ex-tinta\/#primaryimage\"},\"image\":{\"@id\":\"https:\/\/booksfrommexico.com\/es\/producto\/ex-tinta\/#primaryimage\"},\"thumbnailUrl\":\"https:\/\/booksfrommexico.com\/app\/uploads\/2023\/05\/177273.jpg\",\"datePublished\":\"2023-05-08T17:10:35+00:00\",\"dateModified\":\"2024-05-09T23:50:43+00:00\",\"description\":\"EX TINTA. \/ Beatriz Stellino. Cuernavaca, Morelos, M\u00e9xico : La Ratona Cartonera, 2015. 23 pages : includes illustrations ; 22 cm. ISBN : 9786079675707.\",\"breadcrumb\":{\"@id\":\"https:\/\/booksfrommexico.com\/es\/producto\/ex-tinta\/#breadcrumb\"},\"inLanguage\":\"es\",\"potentialAction\":[{\"@type\":\"ReadAction\",\"target\":[\"https:\/\/booksfrommexico.com\/es\/producto\/ex-tinta\/\"]}]},{\"@type\":\"ImageObject\",\"inLanguage\":\"es\",\"@id\":\"https:\/\/booksfrommexico.com\/es\/producto\/ex-tinta\/#primaryimage\",\"url\":\"https:\/\/booksfrommexico.com\/app\/uploads\/2023\/05\/177273.jpg\",\"contentUrl\":\"https:\/\/booksfrommexico.com\/app\/uploads\/2023\/05\/177273.jpg\",\"width\":671,\"height\":834,\"caption\":\"Ex tinta por Beatriz Stellino - Books From M\u00e9xico\"},{\"@type\":\"BreadcrumbList\",\"@id\":\"https:\/\/booksfrommexico.com\/es\/producto\/ex-tinta\/#breadcrumb\",\"itemListElement\":[{\"@type\":\"ListItem\",\"position\":1,\"name\":\"Home\",\"item\":\"https:\/\/booksfrommexico.com\/es\/\"},{\"@type\":\"ListItem\",\"position\":2,\"name\":\"Libros\",\"item\":\"https:\/\/booksfrommexico.com\/es\/libros\/\"},{\"@type\":\"ListItem\",\"position\":3,\"name\":\"Ex tinta\"}]},{\"@type\":\"WebSite\",\"@id\":\"https:\/\/booksfrommexico.com\/#website\",\"url\":\"https:\/\/booksfrommexico.com\/\",\"name\":\"Books From Mexico\",\"description\":\"\",\"publisher\":{\"@id\":\"https:\/\/booksfrommexico.com\/#organization\"},\"potentialAction\":[{\"@type\":\"SearchAction\",\"target\":{\"@type\":\"EntryPoint\",\"urlTemplate\":\"https:\/\/booksfrommexico.com\/?s={search_term_string}\"},\"query-input\":{\"@type\":\"PropertyValueSpecification\",\"valueRequired\":true,\"valueName\":\"search_term_string\"}}],\"inLanguage\":\"es\"},{\"@type\":\"Organization\",\"@id\":\"https:\/\/booksfrommexico.com\/#organization\",\"name\":\"Books From Mexico\",\"url\":\"https:\/\/booksfrommexico.com\/\",\"logo\":{\"@type\":\"ImageObject\",\"inLanguage\":\"es\",\"@id\":\"https:\/\/booksfrommexico.com\/#\/schema\/logo\/image\/\",\"url\":\"https:\/\/booksfrommexico.com\/app\/uploads\/2023\/05\/logo-booksfrommexico.svg\",\"contentUrl\":\"https:\/\/booksfrommexico.com\/app\/uploads\/2023\/05\/logo-booksfrommexico.svg\",\"width\":86,\"height\":56,\"caption\":\"Books From Mexico\"},\"image\":{\"@id\":\"https:\/\/booksfrommexico.com\/#\/schema\/logo\/image\/\"}}]}<\/script>\n<!-- \/ Yoast SEO plugin. -->","yoast_head_json":{"title":"Ex Tinta","description":"EX TINTA. \/ Beatriz Stellino. Cuernavaca, Morelos, M\u00e9xico : La Ratona Cartonera, 2015. 23 pages : includes illustrations ; 22 cm. ISBN : 9786079675707.","robots":{"index":"index","follow":"follow","max-snippet":"max-snippet:-1","max-image-preview":"max-image-preview:large","max-video-preview":"max-video-preview:-1"},"canonical":"https:\/\/booksfrommexico.com\/es\/producto\/ex-tinta\/","og_locale":"es_ES","og_type":"article","og_title":"Ex Tinta","og_description":"EX TINTA. \/ Beatriz Stellino. Cuernavaca, Morelos, M\u00e9xico : La Ratona Cartonera, 2015. 23 pages : includes illustrations ; 22 cm. ISBN : 9786079675707.","og_url":"https:\/\/booksfrommexico.com\/es\/producto\/ex-tinta\/","og_site_name":"Books From Mexico","article_modified_time":"2024-05-09T23:50:43+00:00","og_image":[{"width":671,"height":834,"url":"http:\/\/booksfrommexico.com\/app\/uploads\/2023\/05\/177273.jpg","type":"image\/jpeg"}],"twitter_card":"summary_large_image","twitter_misc":{"Tiempo de lectura":"1 minuto"},"schema":{"@context":"https:\/\/schema.org","@graph":[{"@type":"WebPage","@id":"https:\/\/booksfrommexico.com\/es\/producto\/ex-tinta\/","url":"https:\/\/booksfrommexico.com\/es\/producto\/ex-tinta\/","name":"Ex Tinta","isPartOf":{"@id":"https:\/\/booksfrommexico.com\/#website"},"primaryImageOfPage":{"@id":"https:\/\/booksfrommexico.com\/es\/producto\/ex-tinta\/#primaryimage"},"image":{"@id":"https:\/\/booksfrommexico.com\/es\/producto\/ex-tinta\/#primaryimage"},"thumbnailUrl":"https:\/\/booksfrommexico.com\/app\/uploads\/2023\/05\/177273.jpg","datePublished":"2023-05-08T17:10:35+00:00","dateModified":"2024-05-09T23:50:43+00:00","description":"EX TINTA. \/ Beatriz Stellino. Cuernavaca, Morelos, M\u00e9xico : La Ratona Cartonera, 2015. 23 pages : includes illustrations ; 22 cm. ISBN : 9786079675707.","breadcrumb":{"@id":"https:\/\/booksfrommexico.com\/es\/producto\/ex-tinta\/#breadcrumb"},"inLanguage":"es","potentialAction":[{"@type":"ReadAction","target":["https:\/\/booksfrommexico.com\/es\/producto\/ex-tinta\/"]}]},{"@type":"ImageObject","inLanguage":"es","@id":"https:\/\/booksfrommexico.com\/es\/producto\/ex-tinta\/#primaryimage","url":"https:\/\/booksfrommexico.com\/app\/uploads\/2023\/05\/177273.jpg","contentUrl":"https:\/\/booksfrommexico.com\/app\/uploads\/2023\/05\/177273.jpg","width":671,"height":834,"caption":"Ex tinta por Beatriz Stellino - Books From M\u00e9xico"},{"@type":"BreadcrumbList","@id":"https:\/\/booksfrommexico.com\/es\/producto\/ex-tinta\/#breadcrumb","itemListElement":[{"@type":"ListItem","position":1,"name":"Home","item":"https:\/\/booksfrommexico.com\/es\/"},{"@type":"ListItem","position":2,"name":"Libros","item":"https:\/\/booksfrommexico.com\/es\/libros\/"},{"@type":"ListItem","position":3,"name":"Ex tinta"}]},{"@type":"WebSite","@id":"https:\/\/booksfrommexico.com\/#website","url":"https:\/\/booksfrommexico.com\/","name":"Books From Mexico","description":"","publisher":{"@id":"https:\/\/booksfrommexico.com\/#organization"},"potentialAction":[{"@type":"SearchAction","target":{"@type":"EntryPoint","urlTemplate":"https:\/\/booksfrommexico.com\/?s={search_term_string}"},"query-input":{"@type":"PropertyValueSpecification","valueRequired":true,"valueName":"search_term_string"}}],"inLanguage":"es"},{"@type":"Organization","@id":"https:\/\/booksfrommexico.com\/#organization","name":"Books From Mexico","url":"https:\/\/booksfrommexico.com\/","logo":{"@type":"ImageObject","inLanguage":"es","@id":"https:\/\/booksfrommexico.com\/#\/schema\/logo\/image\/","url":"https:\/\/booksfrommexico.com\/app\/uploads\/2023\/05\/logo-booksfrommexico.svg","contentUrl":"https:\/\/booksfrommexico.com\/app\/uploads\/2023\/05\/logo-booksfrommexico.svg","width":86,"height":56,"caption":"Books From Mexico"},"image":{"@id":"https:\/\/booksfrommexico.com\/#\/schema\/logo\/image\/"}}]}},"_links":{"self":[{"href":"https:\/\/booksfrommexico.com\/es\/wp-json\/wp\/v2\/product\/1064","targetHints":{"allow":["GET"]}}],"collection":[{"href":"https:\/\/booksfrommexico.com\/es\/wp-json\/wp\/v2\/product"}],"about":[{"href":"https:\/\/booksfrommexico.com\/es\/wp-json\/wp\/v2\/types\/product"}],"wp:featuredmedia":[{"embeddable":true,"href":"https:\/\/booksfrommexico.com\/es\/wp-json\/wp\/v2\/media\/1063"}],"wp:attachment":[{"href":"https:\/\/booksfrommexico.com\/es\/wp-json\/wp\/v2\/media?parent=1064"}],"wp:term":[{"taxonomy":"product_brand","embeddable":true,"href":"https:\/\/booksfrommexico.com\/es\/wp-json\/wp\/v2\/product_brand?post=1064"},{"taxonomy":"product_cat","embeddable":true,"href":"https:\/\/booksfrommexico.com\/es\/wp-json\/wp\/v2\/product_cat?post=1064"},{"taxonomy":"product_tag","embeddable":true,"href":"https:\/\/booksfrommexico.com\/es\/wp-json\/wp\/v2\/product_tag?post=1064"}],"curies":[{"name":"wp","href":"https:\/\/api.w.org\/{rel}","templated":true}]}}