{"id":1066,"date":"2023-05-08T17:10:37","date_gmt":"2023-05-08T17:10:37","guid":{"rendered":"http:\/\/booksfrommexico.com\/product\/peatonal\/"},"modified":"2024-05-10T16:55:35","modified_gmt":"2024-05-10T16:55:35","slug":"peatonal","status":"publish","type":"product","link":"https:\/\/booksfrommexico.com\/es\/producto\/peatonal\/","title":{"rendered":"Peatonal"},"content":{"rendered":"<p><span style=\"font-weight: 400;\">Mart\u00edn Cinzano es el seud\u00f3nimo del poeta chileno Gonzalo Rojas Gonz\u00e1lez, ha publicado poemarios y su libro <\/span><i><span style=\"font-weight: 400;\">Perdido<\/span><\/i><span style=\"font-weight: 400;\"> gan\u00f3 el Concurso Nacional de Cr\u00f3nica de la UNAM. El poemario que aqu\u00ed se presenta est\u00e1 dividido en tres partes que mantienen una correlaci\u00f3n por medio de la perspectiva de anarquismo, lucha y resistencia ante la desigualdad social. Esta forma de ver la vida est\u00e1 motivada por los 15 a\u00f1os que el autor vivi\u00f3 en la Ciudad de M\u00e9xico, dedic\u00e1ndose al comercio callejero de de libros de viejo, dejando en sus textos ver su paso por lugares como la Facultad de Filosof\u00eda y Letras. <\/span><span style=\"font-weight: 400;\">Esta edici\u00f3n consta s\u00f3lo de 100 ejemplares y al pertenecer a La Ratona Cartonera, se trata de un ejemplar encuadernado artesanalmente y con una portada pintada a mano. <\/span><\/p>\n","protected":false},"excerpt":{"rendered":"<p>Mart\u00edn Cinzano. Cuernavaca, Morelos: La Ratona Cartonera, 2016. 46 pages: 22 cm.<\/p>\n","protected":false},"featured_media":1065,"template":"","meta":{"_acf_changed":false,"inline_featured_image":false},"product_brand":[],"product_cat":[25,32],"product_tag":[4193,4115,3598],"class_list":{"0":"post-1066","1":"product","2":"type-product","3":"status-publish","4":"has-post-thumbnail","6":"product_cat-literatura","7":"product_cat-poesia-literatura","8":"product_tag-cartonera-es","9":"product_tag-poesia-es","10":"product_tag-poesia-mexicana","12":"first","13":"instock","14":"taxable","15":"shipping-taxable","16":"purchasable","17":"product-type-simple"},"acf":[],"yoast_head":"<!-- This site is optimized with the Yoast SEO plugin v27.3 - https:\/\/yoast.com\/product\/yoast-seo-wordpress\/ -->\n<title>Peatonal<\/title>\n<meta name=\"description\" content=\"PEATONAL. \/ Mart\u00edn Cinzano. Cuernavaca, Morelos, M\u00e9xico : La Ratona Cartonera, 2016. 46 pages ; 22 cm. [Poes\u00eda mexicana].\" \/>\n<meta name=\"robots\" content=\"index, follow, max-snippet:-1, max-image-preview:large, max-video-preview:-1\" \/>\n<link rel=\"canonical\" href=\"https:\/\/booksfrommexico.com\/es\/producto\/peatonal\/\" \/>\n<meta property=\"og:locale\" content=\"es_ES\" \/>\n<meta property=\"og:type\" content=\"article\" \/>\n<meta property=\"og:title\" content=\"Peatonal\" \/>\n<meta property=\"og:description\" content=\"PEATONAL. \/ Mart\u00edn Cinzano. Cuernavaca, Morelos, M\u00e9xico : La Ratona Cartonera, 2016. 46 pages ; 22 cm. [Poes\u00eda mexicana].\" \/>\n<meta property=\"og:url\" content=\"https:\/\/booksfrommexico.com\/es\/producto\/peatonal\/\" \/>\n<meta property=\"og:site_name\" content=\"Books From Mexico\" \/>\n<meta property=\"article:modified_time\" content=\"2024-05-10T16:55:35+00:00\" \/>\n<meta property=\"og:image\" content=\"http:\/\/booksfrommexico.com\/app\/uploads\/2023\/05\/177274.jpg\" \/>\n\t<meta property=\"og:image:width\" content=\"675\" \/>\n\t<meta property=\"og:image:height\" content=\"857\" \/>\n\t<meta property=\"og:image:type\" content=\"image\/jpeg\" \/>\n<meta name=\"twitter:card\" content=\"summary_large_image\" \/>\n<meta name=\"twitter:label1\" content=\"Tiempo de lectura\" \/>\n\t<meta name=\"twitter:data1\" content=\"1 minuto\" \/>\n<script type=\"application\/ld+json\" class=\"yoast-schema-graph\">{\"@context\":\"https:\\\/\\\/schema.org\",\"@graph\":[{\"@type\":\"WebPage\",\"@id\":\"https:\\\/\\\/booksfrommexico.com\\\/es\\\/producto\\\/peatonal\\\/\",\"url\":\"https:\\\/\\\/booksfrommexico.com\\\/es\\\/producto\\\/peatonal\\\/\",\"name\":\"Peatonal\",\"isPartOf\":{\"@id\":\"https:\\\/\\\/booksfrommexico.com\\\/#website\"},\"primaryImageOfPage\":{\"@id\":\"https:\\\/\\\/booksfrommexico.com\\\/es\\\/producto\\\/peatonal\\\/#primaryimage\"},\"image\":{\"@id\":\"https:\\\/\\\/booksfrommexico.com\\\/es\\\/producto\\\/peatonal\\\/#primaryimage\"},\"thumbnailUrl\":\"https:\\\/\\\/booksfrommexico.com\\\/app\\\/uploads\\\/2023\\\/05\\\/177274.jpg\",\"datePublished\":\"2023-05-08T17:10:37+00:00\",\"dateModified\":\"2024-05-10T16:55:35+00:00\",\"description\":\"PEATONAL. \\\/ Mart\u00edn Cinzano. Cuernavaca, Morelos, M\u00e9xico : La Ratona Cartonera, 2016. 46 pages ; 22 cm. [Poes\u00eda mexicana].\",\"breadcrumb\":{\"@id\":\"https:\\\/\\\/booksfrommexico.com\\\/es\\\/producto\\\/peatonal\\\/#breadcrumb\"},\"inLanguage\":\"es\",\"potentialAction\":[{\"@type\":\"ReadAction\",\"target\":[\"https:\\\/\\\/booksfrommexico.com\\\/es\\\/producto\\\/peatonal\\\/\"]}]},{\"@type\":\"ImageObject\",\"inLanguage\":\"es\",\"@id\":\"https:\\\/\\\/booksfrommexico.com\\\/es\\\/producto\\\/peatonal\\\/#primaryimage\",\"url\":\"https:\\\/\\\/booksfrommexico.com\\\/app\\\/uploads\\\/2023\\\/05\\\/177274.jpg\",\"contentUrl\":\"https:\\\/\\\/booksfrommexico.com\\\/app\\\/uploads\\\/2023\\\/05\\\/177274.jpg\",\"width\":675,\"height\":857,\"caption\":\"Peatonal - Books From M\u00e9xico\"},{\"@type\":\"BreadcrumbList\",\"@id\":\"https:\\\/\\\/booksfrommexico.com\\\/es\\\/producto\\\/peatonal\\\/#breadcrumb\",\"itemListElement\":[{\"@type\":\"ListItem\",\"position\":1,\"name\":\"Home\",\"item\":\"https:\\\/\\\/booksfrommexico.com\\\/es\\\/\"},{\"@type\":\"ListItem\",\"position\":2,\"name\":\"Libros\",\"item\":\"https:\\\/\\\/booksfrommexico.com\\\/es\\\/libros\\\/\"},{\"@type\":\"ListItem\",\"position\":3,\"name\":\"Peatonal\"}]},{\"@type\":\"WebSite\",\"@id\":\"https:\\\/\\\/booksfrommexico.com\\\/#website\",\"url\":\"https:\\\/\\\/booksfrommexico.com\\\/\",\"name\":\"Books From Mexico\",\"description\":\"\",\"publisher\":{\"@id\":\"https:\\\/\\\/booksfrommexico.com\\\/#organization\"},\"potentialAction\":[{\"@type\":\"SearchAction\",\"target\":{\"@type\":\"EntryPoint\",\"urlTemplate\":\"https:\\\/\\\/booksfrommexico.com\\\/?s={search_term_string}\"},\"query-input\":{\"@type\":\"PropertyValueSpecification\",\"valueRequired\":true,\"valueName\":\"search_term_string\"}}],\"inLanguage\":\"es\"},{\"@type\":\"Organization\",\"@id\":\"https:\\\/\\\/booksfrommexico.com\\\/#organization\",\"name\":\"Books From Mexico\",\"url\":\"https:\\\/\\\/booksfrommexico.com\\\/\",\"logo\":{\"@type\":\"ImageObject\",\"inLanguage\":\"es\",\"@id\":\"https:\\\/\\\/booksfrommexico.com\\\/#\\\/schema\\\/logo\\\/image\\\/\",\"url\":\"https:\\\/\\\/booksfrommexico.com\\\/app\\\/uploads\\\/2023\\\/05\\\/logo-booksfrommexico.svg\",\"contentUrl\":\"https:\\\/\\\/booksfrommexico.com\\\/app\\\/uploads\\\/2023\\\/05\\\/logo-booksfrommexico.svg\",\"width\":86,\"height\":56,\"caption\":\"Books From Mexico\"},\"image\":{\"@id\":\"https:\\\/\\\/booksfrommexico.com\\\/#\\\/schema\\\/logo\\\/image\\\/\"}}]}<\/script>\n<!-- \/ Yoast SEO plugin. -->","yoast_head_json":{"title":"Peatonal","description":"PEATONAL. \/ Mart\u00edn Cinzano. Cuernavaca, Morelos, M\u00e9xico : La Ratona Cartonera, 2016. 46 pages ; 22 cm. [Poes\u00eda mexicana].","robots":{"index":"index","follow":"follow","max-snippet":"max-snippet:-1","max-image-preview":"max-image-preview:large","max-video-preview":"max-video-preview:-1"},"canonical":"https:\/\/booksfrommexico.com\/es\/producto\/peatonal\/","og_locale":"es_ES","og_type":"article","og_title":"Peatonal","og_description":"PEATONAL. \/ Mart\u00edn Cinzano. Cuernavaca, Morelos, M\u00e9xico : La Ratona Cartonera, 2016. 46 pages ; 22 cm. [Poes\u00eda mexicana].","og_url":"https:\/\/booksfrommexico.com\/es\/producto\/peatonal\/","og_site_name":"Books From Mexico","article_modified_time":"2024-05-10T16:55:35+00:00","og_image":[{"width":675,"height":857,"url":"http:\/\/booksfrommexico.com\/app\/uploads\/2023\/05\/177274.jpg","type":"image\/jpeg"}],"twitter_card":"summary_large_image","twitter_misc":{"Tiempo de lectura":"1 minuto"},"schema":{"@context":"https:\/\/schema.org","@graph":[{"@type":"WebPage","@id":"https:\/\/booksfrommexico.com\/es\/producto\/peatonal\/","url":"https:\/\/booksfrommexico.com\/es\/producto\/peatonal\/","name":"Peatonal","isPartOf":{"@id":"https:\/\/booksfrommexico.com\/#website"},"primaryImageOfPage":{"@id":"https:\/\/booksfrommexico.com\/es\/producto\/peatonal\/#primaryimage"},"image":{"@id":"https:\/\/booksfrommexico.com\/es\/producto\/peatonal\/#primaryimage"},"thumbnailUrl":"https:\/\/booksfrommexico.com\/app\/uploads\/2023\/05\/177274.jpg","datePublished":"2023-05-08T17:10:37+00:00","dateModified":"2024-05-10T16:55:35+00:00","description":"PEATONAL. \/ Mart\u00edn Cinzano. Cuernavaca, Morelos, M\u00e9xico : La Ratona Cartonera, 2016. 46 pages ; 22 cm. [Poes\u00eda mexicana].","breadcrumb":{"@id":"https:\/\/booksfrommexico.com\/es\/producto\/peatonal\/#breadcrumb"},"inLanguage":"es","potentialAction":[{"@type":"ReadAction","target":["https:\/\/booksfrommexico.com\/es\/producto\/peatonal\/"]}]},{"@type":"ImageObject","inLanguage":"es","@id":"https:\/\/booksfrommexico.com\/es\/producto\/peatonal\/#primaryimage","url":"https:\/\/booksfrommexico.com\/app\/uploads\/2023\/05\/177274.jpg","contentUrl":"https:\/\/booksfrommexico.com\/app\/uploads\/2023\/05\/177274.jpg","width":675,"height":857,"caption":"Peatonal - Books From M\u00e9xico"},{"@type":"BreadcrumbList","@id":"https:\/\/booksfrommexico.com\/es\/producto\/peatonal\/#breadcrumb","itemListElement":[{"@type":"ListItem","position":1,"name":"Home","item":"https:\/\/booksfrommexico.com\/es\/"},{"@type":"ListItem","position":2,"name":"Libros","item":"https:\/\/booksfrommexico.com\/es\/libros\/"},{"@type":"ListItem","position":3,"name":"Peatonal"}]},{"@type":"WebSite","@id":"https:\/\/booksfrommexico.com\/#website","url":"https:\/\/booksfrommexico.com\/","name":"Books From Mexico","description":"","publisher":{"@id":"https:\/\/booksfrommexico.com\/#organization"},"potentialAction":[{"@type":"SearchAction","target":{"@type":"EntryPoint","urlTemplate":"https:\/\/booksfrommexico.com\/?s={search_term_string}"},"query-input":{"@type":"PropertyValueSpecification","valueRequired":true,"valueName":"search_term_string"}}],"inLanguage":"es"},{"@type":"Organization","@id":"https:\/\/booksfrommexico.com\/#organization","name":"Books From Mexico","url":"https:\/\/booksfrommexico.com\/","logo":{"@type":"ImageObject","inLanguage":"es","@id":"https:\/\/booksfrommexico.com\/#\/schema\/logo\/image\/","url":"https:\/\/booksfrommexico.com\/app\/uploads\/2023\/05\/logo-booksfrommexico.svg","contentUrl":"https:\/\/booksfrommexico.com\/app\/uploads\/2023\/05\/logo-booksfrommexico.svg","width":86,"height":56,"caption":"Books From Mexico"},"image":{"@id":"https:\/\/booksfrommexico.com\/#\/schema\/logo\/image\/"}}]}},"_links":{"self":[{"href":"https:\/\/booksfrommexico.com\/es\/wp-json\/wp\/v2\/product\/1066","targetHints":{"allow":["GET"]}}],"collection":[{"href":"https:\/\/booksfrommexico.com\/es\/wp-json\/wp\/v2\/product"}],"about":[{"href":"https:\/\/booksfrommexico.com\/es\/wp-json\/wp\/v2\/types\/product"}],"wp:featuredmedia":[{"embeddable":true,"href":"https:\/\/booksfrommexico.com\/es\/wp-json\/wp\/v2\/media\/1065"}],"wp:attachment":[{"href":"https:\/\/booksfrommexico.com\/es\/wp-json\/wp\/v2\/media?parent=1066"}],"wp:term":[{"taxonomy":"product_brand","embeddable":true,"href":"https:\/\/booksfrommexico.com\/es\/wp-json\/wp\/v2\/product_brand?post=1066"},{"taxonomy":"product_cat","embeddable":true,"href":"https:\/\/booksfrommexico.com\/es\/wp-json\/wp\/v2\/product_cat?post=1066"},{"taxonomy":"product_tag","embeddable":true,"href":"https:\/\/booksfrommexico.com\/es\/wp-json\/wp\/v2\/product_tag?post=1066"}],"curies":[{"name":"wp","href":"https:\/\/api.w.org\/{rel}","templated":true}]}}