{"id":107,"date":"2023-05-08T16:11:03","date_gmt":"2023-05-08T16:11:03","guid":{"rendered":"http:\/\/booksfrommexico.com\/product\/diego-rivera-y-la-experiencia-en-la-urss\/"},"modified":"2025-10-25T07:45:50","modified_gmt":"2025-10-25T07:45:50","slug":"diego-rivera-y-la-experiencia-en-la-urss","status":"publish","type":"product","link":"https:\/\/booksfrommexico.com\/es\/producto\/diego-rivera-y-la-experiencia-en-la-urss\/","title":{"rendered":"Diego Rivera y la experiencia en la URSS"},"content":{"rendered":"<p><span style=\"font-weight: 400;\">En 1927 Diego Rivera fue invitado a Mosc\u00fa para participar en los festejos del aniversario de la Revoluci\u00f3n de Octubre; en ese viaje, su relaci\u00f3n con artistas sovi\u00e9ticos le permiti\u00f3 crear obras que dan testimonio de este acontecimiento fundamental en su carrera. En 1955, Rivera realiz\u00f3 un segundo viaje en el que tuvo un periodo de creatividad en el que realiz\u00f3 obras de caballete y dibujos. En este t\u00edtulo se recopilan obras de \u00e9se ciclo que abordan de forma in\u00e9dita etapas cruciales en la creaci\u00f3n de Diego Rivera, su evoluci\u00f3n personal y art\u00edstica, as\u00ed como los diferentes estilos pict\u00f3ricos que desarroll\u00f3. Acompa\u00f1ando a estas obras, se encuentran una serie de textos anal\u00edticos que contextualizan y explican este periodo.<\/span><\/p>\n<p dir=\"ltr\" data-placeholder=\"Traducci\u00f3n\" data-ved=\"2ahUKEwiPr7Wp9v2CAxX1PEQIHfQ-BykQ3ewLegQIBRAQ\">\n","protected":false},"excerpt":{"rendered":"<p>DIEGO RIVERA Y LA EXPERIENCIA EN LA URSS<span style=\"font-weight: 400;\">. \/ Juan Hurtado y Santacruz, Juan Rafael Coronel Rivera, Mar\u00eda Estela Duarte S\u00e1nchez, Xavier Guzm\u00e1n Urbiola, Larissa Iv\u00e1nova, Mariano Meza Marroquin, Tony Wood (texts) ; Michel Zab\u00e9 Thiriat, Gerardo Landa Rojano, Francisco Kochen, Peggy Tenison, Rick Hall (photos) ; Magdalena Zavala Bonachea, Luis Ruis Caso (coordinators). M\u00e9xico, D.F. : Secretar\u00eda de Cultura , Instituto Nacional de Bellas Artes y Literatura ; Banco de M\u00e9xico , Museo Mural Diego Rivera , Museo Estudio Diego Rivera, 2017. 232 pages : includes color illustrations, photos, bibliographic notes\u00a0 ; 30 cm. ISBN : 9786076055106.<\/span><\/p>\n","protected":false},"featured_media":106,"template":"","meta":{"_acf_changed":false,"inline_featured_image":false},"product_brand":[],"product_cat":[87,88],"product_tag":[4044,4534,4473,3669,3671,3689],"class_list":{"0":"post-107","1":"product","2":"type-product","3":"status-publish","4":"has-post-thumbnail","6":"product_cat-arte","7":"product_cat-critica-de-arte-arte","8":"product_tag-arte","9":"product_tag-arte-mexicano","10":"product_tag-catalogos-es","11":"product_tag-diego-rivera","12":"product_tag-exposiciones","13":"product_tag-u-r-s-s","15":"first","16":"instock","17":"taxable","18":"shipping-taxable","19":"purchasable","20":"product-type-simple"},"acf":[],"yoast_head":"<!-- This site is optimized with the Yoast SEO plugin v27.3 - https:\/\/yoast.com\/product\/yoast-seo-wordpress\/ -->\n<title>Diego Rivera y la experiencia en la URSS<\/title>\n<meta name=\"description\" content=\"DIEGO RIVERA Y LA EXPERIENCIA EN LA URSS. \/ Magdalena Zavala Bonachea, Luis Ruis Caso (coordinators). M\u00e9xico, D.F. : INBAL ; Banco de M\u00e9xico, 2017.\" \/>\n<meta name=\"robots\" content=\"index, follow, max-snippet:-1, max-image-preview:large, max-video-preview:-1\" \/>\n<link rel=\"canonical\" href=\"https:\/\/booksfrommexico.com\/es\/producto\/diego-rivera-y-la-experiencia-en-la-urss\/\" \/>\n<meta property=\"og:locale\" content=\"es_ES\" \/>\n<meta property=\"og:type\" content=\"article\" \/>\n<meta property=\"og:title\" content=\"Diego Rivera y la experiencia en la URSS\" \/>\n<meta property=\"og:description\" content=\"DIEGO RIVERA Y LA EXPERIENCIA EN LA URSS. \/ Magdalena Zavala Bonachea, Luis Ruis Caso (coordinators). M\u00e9xico, D.F. : INBAL ; Banco de M\u00e9xico, 2017.\" \/>\n<meta property=\"og:url\" content=\"https:\/\/booksfrommexico.com\/es\/producto\/diego-rivera-y-la-experiencia-en-la-urss\/\" \/>\n<meta property=\"og:site_name\" content=\"Books From Mexico\" \/>\n<meta property=\"article:modified_time\" content=\"2025-10-25T07:45:50+00:00\" \/>\n<meta property=\"og:image\" content=\"http:\/\/booksfrommexico.com\/app\/uploads\/2023\/05\/189720.jpg\" \/>\n\t<meta property=\"og:image:width\" content=\"834\" \/>\n\t<meta property=\"og:image:height\" content=\"1154\" \/>\n\t<meta property=\"og:image:type\" content=\"image\/jpeg\" \/>\n<meta name=\"twitter:card\" content=\"summary_large_image\" \/>\n<meta name=\"twitter:label1\" content=\"Tiempo de lectura\" \/>\n\t<meta name=\"twitter:data1\" content=\"1 minuto\" \/>\n<script type=\"application\/ld+json\" class=\"yoast-schema-graph\">{\"@context\":\"https:\\\/\\\/schema.org\",\"@graph\":[{\"@type\":\"WebPage\",\"@id\":\"https:\\\/\\\/booksfrommexico.com\\\/es\\\/producto\\\/diego-rivera-y-la-experiencia-en-la-urss\\\/\",\"url\":\"https:\\\/\\\/booksfrommexico.com\\\/es\\\/producto\\\/diego-rivera-y-la-experiencia-en-la-urss\\\/\",\"name\":\"Diego Rivera y la experiencia en la URSS\",\"isPartOf\":{\"@id\":\"https:\\\/\\\/booksfrommexico.com\\\/#website\"},\"primaryImageOfPage\":{\"@id\":\"https:\\\/\\\/booksfrommexico.com\\\/es\\\/producto\\\/diego-rivera-y-la-experiencia-en-la-urss\\\/#primaryimage\"},\"image\":{\"@id\":\"https:\\\/\\\/booksfrommexico.com\\\/es\\\/producto\\\/diego-rivera-y-la-experiencia-en-la-urss\\\/#primaryimage\"},\"thumbnailUrl\":\"https:\\\/\\\/booksfrommexico.com\\\/app\\\/uploads\\\/2023\\\/05\\\/189720.jpg\",\"datePublished\":\"2023-05-08T16:11:03+00:00\",\"dateModified\":\"2025-10-25T07:45:50+00:00\",\"description\":\"DIEGO RIVERA Y LA EXPERIENCIA EN LA URSS. \\\/ Magdalena Zavala Bonachea, Luis Ruis Caso (coordinators). M\u00e9xico, D.F. : INBAL ; Banco de M\u00e9xico, 2017.\",\"breadcrumb\":{\"@id\":\"https:\\\/\\\/booksfrommexico.com\\\/es\\\/producto\\\/diego-rivera-y-la-experiencia-en-la-urss\\\/#breadcrumb\"},\"inLanguage\":\"es\",\"potentialAction\":[{\"@type\":\"ReadAction\",\"target\":[\"https:\\\/\\\/booksfrommexico.com\\\/es\\\/producto\\\/diego-rivera-y-la-experiencia-en-la-urss\\\/\"]}]},{\"@type\":\"ImageObject\",\"inLanguage\":\"es\",\"@id\":\"https:\\\/\\\/booksfrommexico.com\\\/es\\\/producto\\\/diego-rivera-y-la-experiencia-en-la-urss\\\/#primaryimage\",\"url\":\"https:\\\/\\\/booksfrommexico.com\\\/app\\\/uploads\\\/2023\\\/05\\\/189720.jpg\",\"contentUrl\":\"https:\\\/\\\/booksfrommexico.com\\\/app\\\/uploads\\\/2023\\\/05\\\/189720.jpg\",\"width\":834,\"height\":1154,\"caption\":\"Diego Rivera y la experiencia en la URSS\"},{\"@type\":\"BreadcrumbList\",\"@id\":\"https:\\\/\\\/booksfrommexico.com\\\/es\\\/producto\\\/diego-rivera-y-la-experiencia-en-la-urss\\\/#breadcrumb\",\"itemListElement\":[{\"@type\":\"ListItem\",\"position\":1,\"name\":\"Home\",\"item\":\"https:\\\/\\\/booksfrommexico.com\\\/es\\\/\"},{\"@type\":\"ListItem\",\"position\":2,\"name\":\"Libros\",\"item\":\"https:\\\/\\\/booksfrommexico.com\\\/es\\\/libros\\\/\"},{\"@type\":\"ListItem\",\"position\":3,\"name\":\"Diego Rivera y la experiencia en la URSS\"}]},{\"@type\":\"WebSite\",\"@id\":\"https:\\\/\\\/booksfrommexico.com\\\/#website\",\"url\":\"https:\\\/\\\/booksfrommexico.com\\\/\",\"name\":\"Books From Mexico\",\"description\":\"\",\"publisher\":{\"@id\":\"https:\\\/\\\/booksfrommexico.com\\\/#organization\"},\"potentialAction\":[{\"@type\":\"SearchAction\",\"target\":{\"@type\":\"EntryPoint\",\"urlTemplate\":\"https:\\\/\\\/booksfrommexico.com\\\/?s={search_term_string}\"},\"query-input\":{\"@type\":\"PropertyValueSpecification\",\"valueRequired\":true,\"valueName\":\"search_term_string\"}}],\"inLanguage\":\"es\"},{\"@type\":\"Organization\",\"@id\":\"https:\\\/\\\/booksfrommexico.com\\\/#organization\",\"name\":\"Books From Mexico\",\"url\":\"https:\\\/\\\/booksfrommexico.com\\\/\",\"logo\":{\"@type\":\"ImageObject\",\"inLanguage\":\"es\",\"@id\":\"https:\\\/\\\/booksfrommexico.com\\\/#\\\/schema\\\/logo\\\/image\\\/\",\"url\":\"https:\\\/\\\/booksfrommexico.com\\\/app\\\/uploads\\\/2023\\\/05\\\/logo-booksfrommexico.svg\",\"contentUrl\":\"https:\\\/\\\/booksfrommexico.com\\\/app\\\/uploads\\\/2023\\\/05\\\/logo-booksfrommexico.svg\",\"width\":86,\"height\":56,\"caption\":\"Books From Mexico\"},\"image\":{\"@id\":\"https:\\\/\\\/booksfrommexico.com\\\/#\\\/schema\\\/logo\\\/image\\\/\"}}]}<\/script>\n<!-- \/ Yoast SEO plugin. -->","yoast_head_json":{"title":"Diego Rivera y la experiencia en la URSS","description":"DIEGO RIVERA Y LA EXPERIENCIA EN LA URSS. \/ Magdalena Zavala Bonachea, Luis Ruis Caso (coordinators). M\u00e9xico, D.F. : INBAL ; Banco de M\u00e9xico, 2017.","robots":{"index":"index","follow":"follow","max-snippet":"max-snippet:-1","max-image-preview":"max-image-preview:large","max-video-preview":"max-video-preview:-1"},"canonical":"https:\/\/booksfrommexico.com\/es\/producto\/diego-rivera-y-la-experiencia-en-la-urss\/","og_locale":"es_ES","og_type":"article","og_title":"Diego Rivera y la experiencia en la URSS","og_description":"DIEGO RIVERA Y LA EXPERIENCIA EN LA URSS. \/ Magdalena Zavala Bonachea, Luis Ruis Caso (coordinators). M\u00e9xico, D.F. : INBAL ; Banco de M\u00e9xico, 2017.","og_url":"https:\/\/booksfrommexico.com\/es\/producto\/diego-rivera-y-la-experiencia-en-la-urss\/","og_site_name":"Books From Mexico","article_modified_time":"2025-10-25T07:45:50+00:00","og_image":[{"width":834,"height":1154,"url":"http:\/\/booksfrommexico.com\/app\/uploads\/2023\/05\/189720.jpg","type":"image\/jpeg"}],"twitter_card":"summary_large_image","twitter_misc":{"Tiempo de lectura":"1 minuto"},"schema":{"@context":"https:\/\/schema.org","@graph":[{"@type":"WebPage","@id":"https:\/\/booksfrommexico.com\/es\/producto\/diego-rivera-y-la-experiencia-en-la-urss\/","url":"https:\/\/booksfrommexico.com\/es\/producto\/diego-rivera-y-la-experiencia-en-la-urss\/","name":"Diego Rivera y la experiencia en la URSS","isPartOf":{"@id":"https:\/\/booksfrommexico.com\/#website"},"primaryImageOfPage":{"@id":"https:\/\/booksfrommexico.com\/es\/producto\/diego-rivera-y-la-experiencia-en-la-urss\/#primaryimage"},"image":{"@id":"https:\/\/booksfrommexico.com\/es\/producto\/diego-rivera-y-la-experiencia-en-la-urss\/#primaryimage"},"thumbnailUrl":"https:\/\/booksfrommexico.com\/app\/uploads\/2023\/05\/189720.jpg","datePublished":"2023-05-08T16:11:03+00:00","dateModified":"2025-10-25T07:45:50+00:00","description":"DIEGO RIVERA Y LA EXPERIENCIA EN LA URSS. \/ Magdalena Zavala Bonachea, Luis Ruis Caso (coordinators). M\u00e9xico, D.F. : INBAL ; Banco de M\u00e9xico, 2017.","breadcrumb":{"@id":"https:\/\/booksfrommexico.com\/es\/producto\/diego-rivera-y-la-experiencia-en-la-urss\/#breadcrumb"},"inLanguage":"es","potentialAction":[{"@type":"ReadAction","target":["https:\/\/booksfrommexico.com\/es\/producto\/diego-rivera-y-la-experiencia-en-la-urss\/"]}]},{"@type":"ImageObject","inLanguage":"es","@id":"https:\/\/booksfrommexico.com\/es\/producto\/diego-rivera-y-la-experiencia-en-la-urss\/#primaryimage","url":"https:\/\/booksfrommexico.com\/app\/uploads\/2023\/05\/189720.jpg","contentUrl":"https:\/\/booksfrommexico.com\/app\/uploads\/2023\/05\/189720.jpg","width":834,"height":1154,"caption":"Diego Rivera y la experiencia en la URSS"},{"@type":"BreadcrumbList","@id":"https:\/\/booksfrommexico.com\/es\/producto\/diego-rivera-y-la-experiencia-en-la-urss\/#breadcrumb","itemListElement":[{"@type":"ListItem","position":1,"name":"Home","item":"https:\/\/booksfrommexico.com\/es\/"},{"@type":"ListItem","position":2,"name":"Libros","item":"https:\/\/booksfrommexico.com\/es\/libros\/"},{"@type":"ListItem","position":3,"name":"Diego Rivera y la experiencia en la URSS"}]},{"@type":"WebSite","@id":"https:\/\/booksfrommexico.com\/#website","url":"https:\/\/booksfrommexico.com\/","name":"Books From Mexico","description":"","publisher":{"@id":"https:\/\/booksfrommexico.com\/#organization"},"potentialAction":[{"@type":"SearchAction","target":{"@type":"EntryPoint","urlTemplate":"https:\/\/booksfrommexico.com\/?s={search_term_string}"},"query-input":{"@type":"PropertyValueSpecification","valueRequired":true,"valueName":"search_term_string"}}],"inLanguage":"es"},{"@type":"Organization","@id":"https:\/\/booksfrommexico.com\/#organization","name":"Books From Mexico","url":"https:\/\/booksfrommexico.com\/","logo":{"@type":"ImageObject","inLanguage":"es","@id":"https:\/\/booksfrommexico.com\/#\/schema\/logo\/image\/","url":"https:\/\/booksfrommexico.com\/app\/uploads\/2023\/05\/logo-booksfrommexico.svg","contentUrl":"https:\/\/booksfrommexico.com\/app\/uploads\/2023\/05\/logo-booksfrommexico.svg","width":86,"height":56,"caption":"Books From Mexico"},"image":{"@id":"https:\/\/booksfrommexico.com\/#\/schema\/logo\/image\/"}}]}},"_links":{"self":[{"href":"https:\/\/booksfrommexico.com\/es\/wp-json\/wp\/v2\/product\/107","targetHints":{"allow":["GET"]}}],"collection":[{"href":"https:\/\/booksfrommexico.com\/es\/wp-json\/wp\/v2\/product"}],"about":[{"href":"https:\/\/booksfrommexico.com\/es\/wp-json\/wp\/v2\/types\/product"}],"wp:featuredmedia":[{"embeddable":true,"href":"https:\/\/booksfrommexico.com\/es\/wp-json\/wp\/v2\/media\/106"}],"wp:attachment":[{"href":"https:\/\/booksfrommexico.com\/es\/wp-json\/wp\/v2\/media?parent=107"}],"wp:term":[{"taxonomy":"product_brand","embeddable":true,"href":"https:\/\/booksfrommexico.com\/es\/wp-json\/wp\/v2\/product_brand?post=107"},{"taxonomy":"product_cat","embeddable":true,"href":"https:\/\/booksfrommexico.com\/es\/wp-json\/wp\/v2\/product_cat?post=107"},{"taxonomy":"product_tag","embeddable":true,"href":"https:\/\/booksfrommexico.com\/es\/wp-json\/wp\/v2\/product_tag?post=107"}],"curies":[{"name":"wp","href":"https:\/\/api.w.org\/{rel}","templated":true}]}}