{"id":1070,"date":"2023-05-08T17:10:40","date_gmt":"2023-05-08T17:10:40","guid":{"rendered":"http:\/\/booksfrommexico.com\/product\/las-lenguas-de-ayer-en-las-voces-de-hoy\/"},"modified":"2024-02-09T19:50:49","modified_gmt":"2024-02-09T19:50:49","slug":"las-lenguas-de-ayer-en-las-voces-de-hoy","status":"publish","type":"product","link":"https:\/\/booksfrommexico.com\/es\/producto\/las-lenguas-de-ayer-en-las-voces-de-hoy\/","title":{"rendered":"Las lenguas de ayer en las voces de hoy"},"content":{"rendered":"","protected":false},"excerpt":{"rendered":"<p>Jos\u00e9 Luis Iturrioz Leza (comp.); Ra\u00fal Padilla L\u00f3pez. Guadalajara, Jalisco, M\u00e9xico: Universidad de Guadalajara, Editorial Universitaria, 2017. 147 pages: 21 cm. ISBN: 9786077429579<\/p>\n","protected":false},"featured_media":1069,"template":"","meta":{"_acf_changed":false,"inline_featured_image":false},"product_brand":[],"product_cat":[25],"product_tag":[],"class_list":{"0":"post-1070","1":"product","2":"type-product","3":"status-publish","4":"has-post-thumbnail","6":"product_cat-literatura","8":"first","9":"outofstock","10":"taxable","11":"shipping-taxable","12":"purchasable","13":"product-type-simple"},"acf":[],"yoast_head":"<!-- This site is optimized with the Yoast SEO plugin v27.3 - https:\/\/yoast.com\/product\/yoast-seo-wordpress\/ -->\n<title>Las lenguas de ayer en las voces de hoy - Books From M\u00e9xico<\/title>\n<meta name=\"description\" content=\"Las lenguas de ayer en las voces de hoy. Jos\u00e9 Luis Iturrioz Leza (comp.); Ra\u00fal Padilla L\u00f3pez. Guadalajara, Jalisco, M\u00e9xico: Universidad de Guadalajara.\" \/>\n<meta name=\"robots\" content=\"index, follow, max-snippet:-1, max-image-preview:large, max-video-preview:-1\" \/>\n<link rel=\"canonical\" href=\"https:\/\/booksfrommexico.com\/es\/producto\/las-lenguas-de-ayer-en-las-voces-de-hoy\/\" \/>\n<meta property=\"og:locale\" content=\"es_ES\" \/>\n<meta property=\"og:type\" content=\"article\" \/>\n<meta property=\"og:title\" content=\"Las lenguas de ayer en las voces de hoy - Books From M\u00e9xico\" \/>\n<meta property=\"og:description\" content=\"Las lenguas de ayer en las voces de hoy. Jos\u00e9 Luis Iturrioz Leza (comp.); Ra\u00fal Padilla L\u00f3pez. Guadalajara, Jalisco, M\u00e9xico: Universidad de Guadalajara.\" \/>\n<meta property=\"og:url\" content=\"https:\/\/booksfrommexico.com\/es\/producto\/las-lenguas-de-ayer-en-las-voces-de-hoy\/\" \/>\n<meta property=\"og:site_name\" content=\"Books From Mexico\" \/>\n<meta property=\"article:modified_time\" content=\"2024-02-09T19:50:49+00:00\" \/>\n<meta property=\"og:image\" content=\"http:\/\/booksfrommexico.com\/app\/uploads\/2023\/05\/183617.jpeg\" \/>\n\t<meta property=\"og:image:width\" content=\"497\" \/>\n\t<meta property=\"og:image:height\" content=\"793\" \/>\n\t<meta property=\"og:image:type\" content=\"image\/jpeg\" \/>\n<meta name=\"twitter:card\" content=\"summary_large_image\" \/>\n<meta name=\"twitter:label1\" content=\"Tiempo de lectura\" \/>\n\t<meta name=\"twitter:data1\" content=\"1 minuto\" \/>\n<script type=\"application\/ld+json\" class=\"yoast-schema-graph\">{\"@context\":\"https:\\\/\\\/schema.org\",\"@graph\":[{\"@type\":\"WebPage\",\"@id\":\"https:\\\/\\\/booksfrommexico.com\\\/es\\\/producto\\\/las-lenguas-de-ayer-en-las-voces-de-hoy\\\/\",\"url\":\"https:\\\/\\\/booksfrommexico.com\\\/es\\\/producto\\\/las-lenguas-de-ayer-en-las-voces-de-hoy\\\/\",\"name\":\"Las lenguas de ayer en las voces de hoy - Books From M\u00e9xico\",\"isPartOf\":{\"@id\":\"https:\\\/\\\/booksfrommexico.com\\\/#website\"},\"primaryImageOfPage\":{\"@id\":\"https:\\\/\\\/booksfrommexico.com\\\/es\\\/producto\\\/las-lenguas-de-ayer-en-las-voces-de-hoy\\\/#primaryimage\"},\"image\":{\"@id\":\"https:\\\/\\\/booksfrommexico.com\\\/es\\\/producto\\\/las-lenguas-de-ayer-en-las-voces-de-hoy\\\/#primaryimage\"},\"thumbnailUrl\":\"https:\\\/\\\/booksfrommexico.com\\\/app\\\/uploads\\\/2023\\\/05\\\/183617.jpeg\",\"datePublished\":\"2023-05-08T17:10:40+00:00\",\"dateModified\":\"2024-02-09T19:50:49+00:00\",\"description\":\"Las lenguas de ayer en las voces de hoy. Jos\u00e9 Luis Iturrioz Leza (comp.); Ra\u00fal Padilla L\u00f3pez. Guadalajara, Jalisco, M\u00e9xico: Universidad de Guadalajara.\",\"breadcrumb\":{\"@id\":\"https:\\\/\\\/booksfrommexico.com\\\/es\\\/producto\\\/las-lenguas-de-ayer-en-las-voces-de-hoy\\\/#breadcrumb\"},\"inLanguage\":\"es\",\"potentialAction\":[{\"@type\":\"ReadAction\",\"target\":[\"https:\\\/\\\/booksfrommexico.com\\\/es\\\/producto\\\/las-lenguas-de-ayer-en-las-voces-de-hoy\\\/\"]}]},{\"@type\":\"ImageObject\",\"inLanguage\":\"es\",\"@id\":\"https:\\\/\\\/booksfrommexico.com\\\/es\\\/producto\\\/las-lenguas-de-ayer-en-las-voces-de-hoy\\\/#primaryimage\",\"url\":\"https:\\\/\\\/booksfrommexico.com\\\/app\\\/uploads\\\/2023\\\/05\\\/183617.jpeg\",\"contentUrl\":\"https:\\\/\\\/booksfrommexico.com\\\/app\\\/uploads\\\/2023\\\/05\\\/183617.jpeg\",\"width\":497,\"height\":793,\"caption\":\"Las lenguas de ayer en las voces de hoy - Books From M\u00e9xico\"},{\"@type\":\"BreadcrumbList\",\"@id\":\"https:\\\/\\\/booksfrommexico.com\\\/es\\\/producto\\\/las-lenguas-de-ayer-en-las-voces-de-hoy\\\/#breadcrumb\",\"itemListElement\":[{\"@type\":\"ListItem\",\"position\":1,\"name\":\"Home\",\"item\":\"https:\\\/\\\/booksfrommexico.com\\\/es\\\/\"},{\"@type\":\"ListItem\",\"position\":2,\"name\":\"Libros\",\"item\":\"https:\\\/\\\/booksfrommexico.com\\\/es\\\/libros\\\/\"},{\"@type\":\"ListItem\",\"position\":3,\"name\":\"Las lenguas de ayer en las voces de hoy\"}]},{\"@type\":\"WebSite\",\"@id\":\"https:\\\/\\\/booksfrommexico.com\\\/#website\",\"url\":\"https:\\\/\\\/booksfrommexico.com\\\/\",\"name\":\"Books From Mexico\",\"description\":\"\",\"publisher\":{\"@id\":\"https:\\\/\\\/booksfrommexico.com\\\/#organization\"},\"potentialAction\":[{\"@type\":\"SearchAction\",\"target\":{\"@type\":\"EntryPoint\",\"urlTemplate\":\"https:\\\/\\\/booksfrommexico.com\\\/?s={search_term_string}\"},\"query-input\":{\"@type\":\"PropertyValueSpecification\",\"valueRequired\":true,\"valueName\":\"search_term_string\"}}],\"inLanguage\":\"es\"},{\"@type\":\"Organization\",\"@id\":\"https:\\\/\\\/booksfrommexico.com\\\/#organization\",\"name\":\"Books From Mexico\",\"url\":\"https:\\\/\\\/booksfrommexico.com\\\/\",\"logo\":{\"@type\":\"ImageObject\",\"inLanguage\":\"es\",\"@id\":\"https:\\\/\\\/booksfrommexico.com\\\/#\\\/schema\\\/logo\\\/image\\\/\",\"url\":\"https:\\\/\\\/booksfrommexico.com\\\/app\\\/uploads\\\/2023\\\/05\\\/logo-booksfrommexico.svg\",\"contentUrl\":\"https:\\\/\\\/booksfrommexico.com\\\/app\\\/uploads\\\/2023\\\/05\\\/logo-booksfrommexico.svg\",\"width\":86,\"height\":56,\"caption\":\"Books From Mexico\"},\"image\":{\"@id\":\"https:\\\/\\\/booksfrommexico.com\\\/#\\\/schema\\\/logo\\\/image\\\/\"}}]}<\/script>\n<!-- \/ Yoast SEO plugin. -->","yoast_head_json":{"title":"Las lenguas de ayer en las voces de hoy - Books From M\u00e9xico","description":"Las lenguas de ayer en las voces de hoy. Jos\u00e9 Luis Iturrioz Leza (comp.); Ra\u00fal Padilla L\u00f3pez. Guadalajara, Jalisco, M\u00e9xico: Universidad de Guadalajara.","robots":{"index":"index","follow":"follow","max-snippet":"max-snippet:-1","max-image-preview":"max-image-preview:large","max-video-preview":"max-video-preview:-1"},"canonical":"https:\/\/booksfrommexico.com\/es\/producto\/las-lenguas-de-ayer-en-las-voces-de-hoy\/","og_locale":"es_ES","og_type":"article","og_title":"Las lenguas de ayer en las voces de hoy - Books From M\u00e9xico","og_description":"Las lenguas de ayer en las voces de hoy. Jos\u00e9 Luis Iturrioz Leza (comp.); Ra\u00fal Padilla L\u00f3pez. Guadalajara, Jalisco, M\u00e9xico: Universidad de Guadalajara.","og_url":"https:\/\/booksfrommexico.com\/es\/producto\/las-lenguas-de-ayer-en-las-voces-de-hoy\/","og_site_name":"Books From Mexico","article_modified_time":"2024-02-09T19:50:49+00:00","og_image":[{"width":497,"height":793,"url":"http:\/\/booksfrommexico.com\/app\/uploads\/2023\/05\/183617.jpeg","type":"image\/jpeg"}],"twitter_card":"summary_large_image","twitter_misc":{"Tiempo de lectura":"1 minuto"},"schema":{"@context":"https:\/\/schema.org","@graph":[{"@type":"WebPage","@id":"https:\/\/booksfrommexico.com\/es\/producto\/las-lenguas-de-ayer-en-las-voces-de-hoy\/","url":"https:\/\/booksfrommexico.com\/es\/producto\/las-lenguas-de-ayer-en-las-voces-de-hoy\/","name":"Las lenguas de ayer en las voces de hoy - Books From M\u00e9xico","isPartOf":{"@id":"https:\/\/booksfrommexico.com\/#website"},"primaryImageOfPage":{"@id":"https:\/\/booksfrommexico.com\/es\/producto\/las-lenguas-de-ayer-en-las-voces-de-hoy\/#primaryimage"},"image":{"@id":"https:\/\/booksfrommexico.com\/es\/producto\/las-lenguas-de-ayer-en-las-voces-de-hoy\/#primaryimage"},"thumbnailUrl":"https:\/\/booksfrommexico.com\/app\/uploads\/2023\/05\/183617.jpeg","datePublished":"2023-05-08T17:10:40+00:00","dateModified":"2024-02-09T19:50:49+00:00","description":"Las lenguas de ayer en las voces de hoy. Jos\u00e9 Luis Iturrioz Leza (comp.); Ra\u00fal Padilla L\u00f3pez. Guadalajara, Jalisco, M\u00e9xico: Universidad de Guadalajara.","breadcrumb":{"@id":"https:\/\/booksfrommexico.com\/es\/producto\/las-lenguas-de-ayer-en-las-voces-de-hoy\/#breadcrumb"},"inLanguage":"es","potentialAction":[{"@type":"ReadAction","target":["https:\/\/booksfrommexico.com\/es\/producto\/las-lenguas-de-ayer-en-las-voces-de-hoy\/"]}]},{"@type":"ImageObject","inLanguage":"es","@id":"https:\/\/booksfrommexico.com\/es\/producto\/las-lenguas-de-ayer-en-las-voces-de-hoy\/#primaryimage","url":"https:\/\/booksfrommexico.com\/app\/uploads\/2023\/05\/183617.jpeg","contentUrl":"https:\/\/booksfrommexico.com\/app\/uploads\/2023\/05\/183617.jpeg","width":497,"height":793,"caption":"Las lenguas de ayer en las voces de hoy - Books From M\u00e9xico"},{"@type":"BreadcrumbList","@id":"https:\/\/booksfrommexico.com\/es\/producto\/las-lenguas-de-ayer-en-las-voces-de-hoy\/#breadcrumb","itemListElement":[{"@type":"ListItem","position":1,"name":"Home","item":"https:\/\/booksfrommexico.com\/es\/"},{"@type":"ListItem","position":2,"name":"Libros","item":"https:\/\/booksfrommexico.com\/es\/libros\/"},{"@type":"ListItem","position":3,"name":"Las lenguas de ayer en las voces de hoy"}]},{"@type":"WebSite","@id":"https:\/\/booksfrommexico.com\/#website","url":"https:\/\/booksfrommexico.com\/","name":"Books From Mexico","description":"","publisher":{"@id":"https:\/\/booksfrommexico.com\/#organization"},"potentialAction":[{"@type":"SearchAction","target":{"@type":"EntryPoint","urlTemplate":"https:\/\/booksfrommexico.com\/?s={search_term_string}"},"query-input":{"@type":"PropertyValueSpecification","valueRequired":true,"valueName":"search_term_string"}}],"inLanguage":"es"},{"@type":"Organization","@id":"https:\/\/booksfrommexico.com\/#organization","name":"Books From Mexico","url":"https:\/\/booksfrommexico.com\/","logo":{"@type":"ImageObject","inLanguage":"es","@id":"https:\/\/booksfrommexico.com\/#\/schema\/logo\/image\/","url":"https:\/\/booksfrommexico.com\/app\/uploads\/2023\/05\/logo-booksfrommexico.svg","contentUrl":"https:\/\/booksfrommexico.com\/app\/uploads\/2023\/05\/logo-booksfrommexico.svg","width":86,"height":56,"caption":"Books From Mexico"},"image":{"@id":"https:\/\/booksfrommexico.com\/#\/schema\/logo\/image\/"}}]}},"_links":{"self":[{"href":"https:\/\/booksfrommexico.com\/es\/wp-json\/wp\/v2\/product\/1070","targetHints":{"allow":["GET"]}}],"collection":[{"href":"https:\/\/booksfrommexico.com\/es\/wp-json\/wp\/v2\/product"}],"about":[{"href":"https:\/\/booksfrommexico.com\/es\/wp-json\/wp\/v2\/types\/product"}],"wp:featuredmedia":[{"embeddable":true,"href":"https:\/\/booksfrommexico.com\/es\/wp-json\/wp\/v2\/media\/1069"}],"wp:attachment":[{"href":"https:\/\/booksfrommexico.com\/es\/wp-json\/wp\/v2\/media?parent=1070"}],"wp:term":[{"taxonomy":"product_brand","embeddable":true,"href":"https:\/\/booksfrommexico.com\/es\/wp-json\/wp\/v2\/product_brand?post=1070"},{"taxonomy":"product_cat","embeddable":true,"href":"https:\/\/booksfrommexico.com\/es\/wp-json\/wp\/v2\/product_cat?post=1070"},{"taxonomy":"product_tag","embeddable":true,"href":"https:\/\/booksfrommexico.com\/es\/wp-json\/wp\/v2\/product_tag?post=1070"}],"curies":[{"name":"wp","href":"https:\/\/api.w.org\/{rel}","templated":true}]}}