{"id":1074,"date":"2023-05-08T17:10:45","date_gmt":"2023-05-08T17:10:45","guid":{"rendered":"http:\/\/booksfrommexico.com\/product\/polvo-y-raiz\/"},"modified":"2024-04-09T20:38:06","modified_gmt":"2024-04-09T20:38:06","slug":"polvo-y-raiz","status":"publish","type":"product","link":"https:\/\/booksfrommexico.com\/es\/producto\/polvo-y-raiz\/","title":{"rendered":"Polvo y Ra\u00edz"},"content":{"rendered":"<p><span style=\"font-weight: 400;\">Eno\u00e9 Er\u00e9ndira estudi\u00f3 y ense\u00f1\u00f3 Letras en la Universidad de Guadalajara. En esta colecci\u00f3n de poemas publicada de manera p\u00f3stuma, la autora divide en 2 su poemario, d\u00e1ndole a cada parte \u201cUn poema Uno\u201d y \u201cUn poema Dos\u201d, los cuales dan pista al lector para ir comprendiendo la l\u00ednea de inspiraci\u00f3n. Sus poemas, breves y sencillos, reflejan un profundo sentir y una amplia visi\u00f3n de la existencia. Evitando la literalidad en sus palabras y acerc\u00e1ndose m\u00e1s a las cuestiones del esp\u00edritu, el lector puede encontrar versos sin rima, pero que se mantienen mel\u00f3dicos. Esta edici\u00f3n pertenece a La Rueda Cartonera, por lo que su fabricaci\u00f3n\u00a0 es un trabajo artesanal empastado en cart\u00f3n.<\/span><\/p>\n","protected":false},"excerpt":{"rendered":"<p>POLVO Y RA\u00cdZ<span style=\"font-weight: 400;\">. \/ Eno\u00e9 Er\u00e9ndira. First re-edition. Jalisco, M\u00e9xico : Ediciones del Varrio Xino ; Editorial La Rueda Cartonera, 2017. 41 pages ; 22 cm. <\/span><\/p>\n","protected":false},"featured_media":1073,"template":"","meta":{"_acf_changed":false,"inline_featured_image":false},"product_brand":[],"product_cat":[25,32],"product_tag":[4193,3598],"class_list":{"0":"post-1074","1":"product","2":"type-product","3":"status-publish","4":"has-post-thumbnail","6":"product_cat-literatura","7":"product_cat-poesia-literatura","8":"product_tag-cartonera-es","9":"product_tag-poesia-mexicana","11":"first","12":"instock","13":"taxable","14":"shipping-taxable","15":"purchasable","16":"product-type-simple"},"acf":[],"yoast_head":"<!-- This site is optimized with the Yoast SEO plugin v27.2 - https:\/\/yoast.com\/product\/yoast-seo-wordpress\/ -->\n<title>Polvo y Ra\u00edz<\/title>\n<meta name=\"description\" content=\"POLVO Y RA\u00cdZ. \/ Eno\u00e9 Er\u00e9ndira. First re-edition. Jalisco, M\u00e9xico : Ediciones del Varrio Xino ; Editorial La Rueda Cartonera, 2017. 41 pages ; 22 cm.\" \/>\n<meta name=\"robots\" content=\"index, follow, max-snippet:-1, max-image-preview:large, max-video-preview:-1\" \/>\n<link rel=\"canonical\" href=\"https:\/\/booksfrommexico.com\/es\/producto\/polvo-y-raiz\/\" \/>\n<meta property=\"og:locale\" content=\"es_ES\" \/>\n<meta property=\"og:type\" content=\"article\" \/>\n<meta property=\"og:title\" content=\"Polvo y Ra\u00edz\" \/>\n<meta property=\"og:description\" content=\"POLVO Y RA\u00cdZ. \/ Eno\u00e9 Er\u00e9ndira. First re-edition. Jalisco, M\u00e9xico : Ediciones del Varrio Xino ; Editorial La Rueda Cartonera, 2017. 41 pages ; 22 cm.\" \/>\n<meta property=\"og:url\" content=\"https:\/\/booksfrommexico.com\/es\/producto\/polvo-y-raiz\/\" \/>\n<meta property=\"og:site_name\" content=\"Books From Mexico\" \/>\n<meta property=\"article:modified_time\" content=\"2024-04-09T20:38:06+00:00\" \/>\n<meta property=\"og:image\" content=\"http:\/\/booksfrommexico.com\/app\/uploads\/2023\/05\/183432.jpeg\" \/>\n\t<meta property=\"og:image:width\" content=\"538\" \/>\n\t<meta property=\"og:image:height\" content=\"852\" \/>\n\t<meta property=\"og:image:type\" content=\"image\/jpeg\" \/>\n<meta name=\"twitter:card\" content=\"summary_large_image\" \/>\n<meta name=\"twitter:label1\" content=\"Tiempo de lectura\" \/>\n\t<meta name=\"twitter:data1\" content=\"1 minuto\" \/>\n<script type=\"application\/ld+json\" class=\"yoast-schema-graph\">{\"@context\":\"https:\/\/schema.org\",\"@graph\":[{\"@type\":\"WebPage\",\"@id\":\"https:\/\/booksfrommexico.com\/es\/producto\/polvo-y-raiz\/\",\"url\":\"https:\/\/booksfrommexico.com\/es\/producto\/polvo-y-raiz\/\",\"name\":\"Polvo y Ra\u00edz\",\"isPartOf\":{\"@id\":\"https:\/\/booksfrommexico.com\/#website\"},\"primaryImageOfPage\":{\"@id\":\"https:\/\/booksfrommexico.com\/es\/producto\/polvo-y-raiz\/#primaryimage\"},\"image\":{\"@id\":\"https:\/\/booksfrommexico.com\/es\/producto\/polvo-y-raiz\/#primaryimage\"},\"thumbnailUrl\":\"https:\/\/booksfrommexico.com\/app\/uploads\/2023\/05\/183432.jpeg\",\"datePublished\":\"2023-05-08T17:10:45+00:00\",\"dateModified\":\"2024-04-09T20:38:06+00:00\",\"description\":\"POLVO Y RA\u00cdZ. \/ Eno\u00e9 Er\u00e9ndira. First re-edition. Jalisco, M\u00e9xico : Ediciones del Varrio Xino ; Editorial La Rueda Cartonera, 2017. 41 pages ; 22 cm.\",\"breadcrumb\":{\"@id\":\"https:\/\/booksfrommexico.com\/es\/producto\/polvo-y-raiz\/#breadcrumb\"},\"inLanguage\":\"es\",\"potentialAction\":[{\"@type\":\"ReadAction\",\"target\":[\"https:\/\/booksfrommexico.com\/es\/producto\/polvo-y-raiz\/\"]}]},{\"@type\":\"ImageObject\",\"inLanguage\":\"es\",\"@id\":\"https:\/\/booksfrommexico.com\/es\/producto\/polvo-y-raiz\/#primaryimage\",\"url\":\"https:\/\/booksfrommexico.com\/app\/uploads\/2023\/05\/183432.jpeg\",\"contentUrl\":\"https:\/\/booksfrommexico.com\/app\/uploads\/2023\/05\/183432.jpeg\",\"width\":538,\"height\":852,\"caption\":\"Polvo y ra\u00edz - Books Form M\u00e9xico\"},{\"@type\":\"BreadcrumbList\",\"@id\":\"https:\/\/booksfrommexico.com\/es\/producto\/polvo-y-raiz\/#breadcrumb\",\"itemListElement\":[{\"@type\":\"ListItem\",\"position\":1,\"name\":\"Home\",\"item\":\"https:\/\/booksfrommexico.com\/es\/\"},{\"@type\":\"ListItem\",\"position\":2,\"name\":\"Libros\",\"item\":\"https:\/\/booksfrommexico.com\/es\/libros\/\"},{\"@type\":\"ListItem\",\"position\":3,\"name\":\"Polvo y Ra\u00edz\"}]},{\"@type\":\"WebSite\",\"@id\":\"https:\/\/booksfrommexico.com\/#website\",\"url\":\"https:\/\/booksfrommexico.com\/\",\"name\":\"Books From Mexico\",\"description\":\"\",\"publisher\":{\"@id\":\"https:\/\/booksfrommexico.com\/#organization\"},\"potentialAction\":[{\"@type\":\"SearchAction\",\"target\":{\"@type\":\"EntryPoint\",\"urlTemplate\":\"https:\/\/booksfrommexico.com\/?s={search_term_string}\"},\"query-input\":{\"@type\":\"PropertyValueSpecification\",\"valueRequired\":true,\"valueName\":\"search_term_string\"}}],\"inLanguage\":\"es\"},{\"@type\":\"Organization\",\"@id\":\"https:\/\/booksfrommexico.com\/#organization\",\"name\":\"Books From Mexico\",\"url\":\"https:\/\/booksfrommexico.com\/\",\"logo\":{\"@type\":\"ImageObject\",\"inLanguage\":\"es\",\"@id\":\"https:\/\/booksfrommexico.com\/#\/schema\/logo\/image\/\",\"url\":\"https:\/\/booksfrommexico.com\/app\/uploads\/2023\/05\/logo-booksfrommexico.svg\",\"contentUrl\":\"https:\/\/booksfrommexico.com\/app\/uploads\/2023\/05\/logo-booksfrommexico.svg\",\"width\":86,\"height\":56,\"caption\":\"Books From Mexico\"},\"image\":{\"@id\":\"https:\/\/booksfrommexico.com\/#\/schema\/logo\/image\/\"}}]}<\/script>\n<!-- \/ Yoast SEO plugin. -->","yoast_head_json":{"title":"Polvo y Ra\u00edz","description":"POLVO Y RA\u00cdZ. \/ Eno\u00e9 Er\u00e9ndira. First re-edition. Jalisco, M\u00e9xico : Ediciones del Varrio Xino ; Editorial La Rueda Cartonera, 2017. 41 pages ; 22 cm.","robots":{"index":"index","follow":"follow","max-snippet":"max-snippet:-1","max-image-preview":"max-image-preview:large","max-video-preview":"max-video-preview:-1"},"canonical":"https:\/\/booksfrommexico.com\/es\/producto\/polvo-y-raiz\/","og_locale":"es_ES","og_type":"article","og_title":"Polvo y Ra\u00edz","og_description":"POLVO Y RA\u00cdZ. \/ Eno\u00e9 Er\u00e9ndira. First re-edition. Jalisco, M\u00e9xico : Ediciones del Varrio Xino ; Editorial La Rueda Cartonera, 2017. 41 pages ; 22 cm.","og_url":"https:\/\/booksfrommexico.com\/es\/producto\/polvo-y-raiz\/","og_site_name":"Books From Mexico","article_modified_time":"2024-04-09T20:38:06+00:00","og_image":[{"width":538,"height":852,"url":"http:\/\/booksfrommexico.com\/app\/uploads\/2023\/05\/183432.jpeg","type":"image\/jpeg"}],"twitter_card":"summary_large_image","twitter_misc":{"Tiempo de lectura":"1 minuto"},"schema":{"@context":"https:\/\/schema.org","@graph":[{"@type":"WebPage","@id":"https:\/\/booksfrommexico.com\/es\/producto\/polvo-y-raiz\/","url":"https:\/\/booksfrommexico.com\/es\/producto\/polvo-y-raiz\/","name":"Polvo y Ra\u00edz","isPartOf":{"@id":"https:\/\/booksfrommexico.com\/#website"},"primaryImageOfPage":{"@id":"https:\/\/booksfrommexico.com\/es\/producto\/polvo-y-raiz\/#primaryimage"},"image":{"@id":"https:\/\/booksfrommexico.com\/es\/producto\/polvo-y-raiz\/#primaryimage"},"thumbnailUrl":"https:\/\/booksfrommexico.com\/app\/uploads\/2023\/05\/183432.jpeg","datePublished":"2023-05-08T17:10:45+00:00","dateModified":"2024-04-09T20:38:06+00:00","description":"POLVO Y RA\u00cdZ. \/ Eno\u00e9 Er\u00e9ndira. First re-edition. Jalisco, M\u00e9xico : Ediciones del Varrio Xino ; Editorial La Rueda Cartonera, 2017. 41 pages ; 22 cm.","breadcrumb":{"@id":"https:\/\/booksfrommexico.com\/es\/producto\/polvo-y-raiz\/#breadcrumb"},"inLanguage":"es","potentialAction":[{"@type":"ReadAction","target":["https:\/\/booksfrommexico.com\/es\/producto\/polvo-y-raiz\/"]}]},{"@type":"ImageObject","inLanguage":"es","@id":"https:\/\/booksfrommexico.com\/es\/producto\/polvo-y-raiz\/#primaryimage","url":"https:\/\/booksfrommexico.com\/app\/uploads\/2023\/05\/183432.jpeg","contentUrl":"https:\/\/booksfrommexico.com\/app\/uploads\/2023\/05\/183432.jpeg","width":538,"height":852,"caption":"Polvo y ra\u00edz - Books Form M\u00e9xico"},{"@type":"BreadcrumbList","@id":"https:\/\/booksfrommexico.com\/es\/producto\/polvo-y-raiz\/#breadcrumb","itemListElement":[{"@type":"ListItem","position":1,"name":"Home","item":"https:\/\/booksfrommexico.com\/es\/"},{"@type":"ListItem","position":2,"name":"Libros","item":"https:\/\/booksfrommexico.com\/es\/libros\/"},{"@type":"ListItem","position":3,"name":"Polvo y Ra\u00edz"}]},{"@type":"WebSite","@id":"https:\/\/booksfrommexico.com\/#website","url":"https:\/\/booksfrommexico.com\/","name":"Books From Mexico","description":"","publisher":{"@id":"https:\/\/booksfrommexico.com\/#organization"},"potentialAction":[{"@type":"SearchAction","target":{"@type":"EntryPoint","urlTemplate":"https:\/\/booksfrommexico.com\/?s={search_term_string}"},"query-input":{"@type":"PropertyValueSpecification","valueRequired":true,"valueName":"search_term_string"}}],"inLanguage":"es"},{"@type":"Organization","@id":"https:\/\/booksfrommexico.com\/#organization","name":"Books From Mexico","url":"https:\/\/booksfrommexico.com\/","logo":{"@type":"ImageObject","inLanguage":"es","@id":"https:\/\/booksfrommexico.com\/#\/schema\/logo\/image\/","url":"https:\/\/booksfrommexico.com\/app\/uploads\/2023\/05\/logo-booksfrommexico.svg","contentUrl":"https:\/\/booksfrommexico.com\/app\/uploads\/2023\/05\/logo-booksfrommexico.svg","width":86,"height":56,"caption":"Books From Mexico"},"image":{"@id":"https:\/\/booksfrommexico.com\/#\/schema\/logo\/image\/"}}]}},"_links":{"self":[{"href":"https:\/\/booksfrommexico.com\/es\/wp-json\/wp\/v2\/product\/1074","targetHints":{"allow":["GET"]}}],"collection":[{"href":"https:\/\/booksfrommexico.com\/es\/wp-json\/wp\/v2\/product"}],"about":[{"href":"https:\/\/booksfrommexico.com\/es\/wp-json\/wp\/v2\/types\/product"}],"wp:featuredmedia":[{"embeddable":true,"href":"https:\/\/booksfrommexico.com\/es\/wp-json\/wp\/v2\/media\/1073"}],"wp:attachment":[{"href":"https:\/\/booksfrommexico.com\/es\/wp-json\/wp\/v2\/media?parent=1074"}],"wp:term":[{"taxonomy":"product_brand","embeddable":true,"href":"https:\/\/booksfrommexico.com\/es\/wp-json\/wp\/v2\/product_brand?post=1074"},{"taxonomy":"product_cat","embeddable":true,"href":"https:\/\/booksfrommexico.com\/es\/wp-json\/wp\/v2\/product_cat?post=1074"},{"taxonomy":"product_tag","embeddable":true,"href":"https:\/\/booksfrommexico.com\/es\/wp-json\/wp\/v2\/product_tag?post=1074"}],"curies":[{"name":"wp","href":"https:\/\/api.w.org\/{rel}","templated":true}]}}