{"id":1082,"date":"2023-05-08T17:10:52","date_gmt":"2023-05-08T17:10:52","guid":{"rendered":"http:\/\/booksfrommexico.com\/product\/aquel-quetzalcoatl-se-fue-pal-norte\/"},"modified":"2024-06-04T18:51:26","modified_gmt":"2024-06-04T18:51:26","slug":"aquel-quetzalcoatl-se-fue-pal-norte","status":"publish","type":"product","link":"https:\/\/booksfrommexico.com\/es\/producto\/aquel-quetzalcoatl-se-fue-pal-norte\/","title":{"rendered":"Aquel Quetzalc\u00f3atl se fue pa&#8217;l norte"},"content":{"rendered":"<p><span style=\"font-weight: 400;\">Rub\u00e9n Medina es un poeta, traductor, acad\u00e9mico mexicano y uno de los fundadores del movimiento infrarrealista a finales de 1975, estudi\u00f3 la licenciatura y el doctorado en Letras en la Universidad de San Diego, California. En su trabajo como escritor, se ha dedicado a hacer una cr\u00edtica a las sociedades estadounidense y mexicana, hablando acerca de lo cotidiano. Algunos de sus poemas son reflexiones autobiogr\u00e1ficas del pasado, como esta historia escrita en versos, en forma de poema. Esta se trata de una edici\u00f3n especial de Ediciones el viaje y, fiel a su estilo, cuenta con cubierta en cart\u00f3n y encuadernaci\u00f3n artesanal.<\/span><\/p>\n","protected":false},"excerpt":{"rendered":"<p>AQUEL QUETZALC\u00d3ATL SE FUE PA\u2019L NORTE. <span style=\"font-weight: 400;\">\/ Rub\u00e9n Medina. Guadalajara, M\u00e9xico : Ediciones el viaje, 2018. 27 pages ; 22 cm. (Colecci\u00f3n Viejo cartonero).<\/span><\/p>\n","protected":false},"featured_media":1081,"template":"","meta":{"_acf_changed":false,"inline_featured_image":false},"product_brand":[],"product_cat":[25,32],"product_tag":[4193,4115],"class_list":{"0":"post-1082","1":"product","2":"type-product","3":"status-publish","4":"has-post-thumbnail","6":"product_cat-literatura","7":"product_cat-poesia-literatura","8":"product_tag-cartonera-es","9":"product_tag-poesia-es","11":"first","12":"instock","13":"taxable","14":"shipping-taxable","15":"purchasable","16":"product-type-simple"},"acf":[],"yoast_head":"<!-- This site is optimized with the Yoast SEO plugin v27.2 - https:\/\/yoast.com\/product\/yoast-seo-wordpress\/ -->\n<title>Aquel Quetzalc\u00f3atl se fue pa&#039;l norte<\/title>\n<meta name=\"description\" content=\"AQUEL QUETZALC\u00d3ATL SE FUE PA\u2019L NORTE. \/ Rub\u00e9n Medina. Guadalajara, M\u00e9xico : Ediciones el viaje, 2018. 27 pages ; 22 cm. (Colecci\u00f3n Viejo cartonero).\" \/>\n<meta name=\"robots\" content=\"index, follow, max-snippet:-1, max-image-preview:large, max-video-preview:-1\" \/>\n<link rel=\"canonical\" href=\"https:\/\/booksfrommexico.com\/es\/producto\/aquel-quetzalcoatl-se-fue-pal-norte\/\" \/>\n<meta property=\"og:locale\" content=\"es_ES\" \/>\n<meta property=\"og:type\" content=\"article\" \/>\n<meta property=\"og:title\" content=\"Aquel Quetzalc\u00f3atl se fue pa&#039;l norte\" \/>\n<meta property=\"og:description\" content=\"AQUEL QUETZALC\u00d3ATL SE FUE PA\u2019L NORTE. \/ Rub\u00e9n Medina. Guadalajara, M\u00e9xico : Ediciones el viaje, 2018. 27 pages ; 22 cm. (Colecci\u00f3n Viejo cartonero).\" \/>\n<meta property=\"og:url\" content=\"https:\/\/booksfrommexico.com\/es\/producto\/aquel-quetzalcoatl-se-fue-pal-norte\/\" \/>\n<meta property=\"og:site_name\" content=\"Books From Mexico\" \/>\n<meta property=\"article:modified_time\" content=\"2024-06-04T18:51:26+00:00\" \/>\n<meta property=\"og:image\" content=\"http:\/\/booksfrommexico.com\/app\/uploads\/2023\/05\/183402.jpeg\" \/>\n\t<meta property=\"og:image:width\" content=\"427\" \/>\n\t<meta property=\"og:image:height\" content=\"641\" \/>\n\t<meta property=\"og:image:type\" content=\"image\/jpeg\" \/>\n<meta name=\"twitter:card\" content=\"summary_large_image\" \/>\n<meta name=\"twitter:label1\" content=\"Tiempo de lectura\" \/>\n\t<meta name=\"twitter:data1\" content=\"1 minuto\" \/>\n<script type=\"application\/ld+json\" class=\"yoast-schema-graph\">{\"@context\":\"https:\/\/schema.org\",\"@graph\":[{\"@type\":\"WebPage\",\"@id\":\"https:\/\/booksfrommexico.com\/es\/producto\/aquel-quetzalcoatl-se-fue-pal-norte\/\",\"url\":\"https:\/\/booksfrommexico.com\/es\/producto\/aquel-quetzalcoatl-se-fue-pal-norte\/\",\"name\":\"Aquel Quetzalc\u00f3atl se fue pa'l norte\",\"isPartOf\":{\"@id\":\"https:\/\/booksfrommexico.com\/#website\"},\"primaryImageOfPage\":{\"@id\":\"https:\/\/booksfrommexico.com\/es\/producto\/aquel-quetzalcoatl-se-fue-pal-norte\/#primaryimage\"},\"image\":{\"@id\":\"https:\/\/booksfrommexico.com\/es\/producto\/aquel-quetzalcoatl-se-fue-pal-norte\/#primaryimage\"},\"thumbnailUrl\":\"https:\/\/booksfrommexico.com\/app\/uploads\/2023\/05\/183402.jpeg\",\"datePublished\":\"2023-05-08T17:10:52+00:00\",\"dateModified\":\"2024-06-04T18:51:26+00:00\",\"description\":\"AQUEL QUETZALC\u00d3ATL SE FUE PA\u2019L NORTE. \/ Rub\u00e9n Medina. Guadalajara, M\u00e9xico : Ediciones el viaje, 2018. 27 pages ; 22 cm. (Colecci\u00f3n Viejo cartonero).\",\"breadcrumb\":{\"@id\":\"https:\/\/booksfrommexico.com\/es\/producto\/aquel-quetzalcoatl-se-fue-pal-norte\/#breadcrumb\"},\"inLanguage\":\"es\",\"potentialAction\":[{\"@type\":\"ReadAction\",\"target\":[\"https:\/\/booksfrommexico.com\/es\/producto\/aquel-quetzalcoatl-se-fue-pal-norte\/\"]}]},{\"@type\":\"ImageObject\",\"inLanguage\":\"es\",\"@id\":\"https:\/\/booksfrommexico.com\/es\/producto\/aquel-quetzalcoatl-se-fue-pal-norte\/#primaryimage\",\"url\":\"https:\/\/booksfrommexico.com\/app\/uploads\/2023\/05\/183402.jpeg\",\"contentUrl\":\"https:\/\/booksfrommexico.com\/app\/uploads\/2023\/05\/183402.jpeg\",\"width\":427,\"height\":641},{\"@type\":\"BreadcrumbList\",\"@id\":\"https:\/\/booksfrommexico.com\/es\/producto\/aquel-quetzalcoatl-se-fue-pal-norte\/#breadcrumb\",\"itemListElement\":[{\"@type\":\"ListItem\",\"position\":1,\"name\":\"Home\",\"item\":\"https:\/\/booksfrommexico.com\/es\/\"},{\"@type\":\"ListItem\",\"position\":2,\"name\":\"Libros\",\"item\":\"https:\/\/booksfrommexico.com\/es\/libros\/\"},{\"@type\":\"ListItem\",\"position\":3,\"name\":\"Aquel Quetzalc\u00f3atl se fue pa&#8217;l norte\"}]},{\"@type\":\"WebSite\",\"@id\":\"https:\/\/booksfrommexico.com\/#website\",\"url\":\"https:\/\/booksfrommexico.com\/\",\"name\":\"Books From Mexico\",\"description\":\"\",\"publisher\":{\"@id\":\"https:\/\/booksfrommexico.com\/#organization\"},\"potentialAction\":[{\"@type\":\"SearchAction\",\"target\":{\"@type\":\"EntryPoint\",\"urlTemplate\":\"https:\/\/booksfrommexico.com\/?s={search_term_string}\"},\"query-input\":{\"@type\":\"PropertyValueSpecification\",\"valueRequired\":true,\"valueName\":\"search_term_string\"}}],\"inLanguage\":\"es\"},{\"@type\":\"Organization\",\"@id\":\"https:\/\/booksfrommexico.com\/#organization\",\"name\":\"Books From Mexico\",\"url\":\"https:\/\/booksfrommexico.com\/\",\"logo\":{\"@type\":\"ImageObject\",\"inLanguage\":\"es\",\"@id\":\"https:\/\/booksfrommexico.com\/#\/schema\/logo\/image\/\",\"url\":\"https:\/\/booksfrommexico.com\/app\/uploads\/2023\/05\/logo-booksfrommexico.svg\",\"contentUrl\":\"https:\/\/booksfrommexico.com\/app\/uploads\/2023\/05\/logo-booksfrommexico.svg\",\"width\":86,\"height\":56,\"caption\":\"Books From Mexico\"},\"image\":{\"@id\":\"https:\/\/booksfrommexico.com\/#\/schema\/logo\/image\/\"}}]}<\/script>\n<!-- \/ Yoast SEO plugin. -->","yoast_head_json":{"title":"Aquel Quetzalc\u00f3atl se fue pa'l norte","description":"AQUEL QUETZALC\u00d3ATL SE FUE PA\u2019L NORTE. \/ Rub\u00e9n Medina. Guadalajara, M\u00e9xico : Ediciones el viaje, 2018. 27 pages ; 22 cm. (Colecci\u00f3n Viejo cartonero).","robots":{"index":"index","follow":"follow","max-snippet":"max-snippet:-1","max-image-preview":"max-image-preview:large","max-video-preview":"max-video-preview:-1"},"canonical":"https:\/\/booksfrommexico.com\/es\/producto\/aquel-quetzalcoatl-se-fue-pal-norte\/","og_locale":"es_ES","og_type":"article","og_title":"Aquel Quetzalc\u00f3atl se fue pa'l norte","og_description":"AQUEL QUETZALC\u00d3ATL SE FUE PA\u2019L NORTE. \/ Rub\u00e9n Medina. Guadalajara, M\u00e9xico : Ediciones el viaje, 2018. 27 pages ; 22 cm. (Colecci\u00f3n Viejo cartonero).","og_url":"https:\/\/booksfrommexico.com\/es\/producto\/aquel-quetzalcoatl-se-fue-pal-norte\/","og_site_name":"Books From Mexico","article_modified_time":"2024-06-04T18:51:26+00:00","og_image":[{"width":427,"height":641,"url":"http:\/\/booksfrommexico.com\/app\/uploads\/2023\/05\/183402.jpeg","type":"image\/jpeg"}],"twitter_card":"summary_large_image","twitter_misc":{"Tiempo de lectura":"1 minuto"},"schema":{"@context":"https:\/\/schema.org","@graph":[{"@type":"WebPage","@id":"https:\/\/booksfrommexico.com\/es\/producto\/aquel-quetzalcoatl-se-fue-pal-norte\/","url":"https:\/\/booksfrommexico.com\/es\/producto\/aquel-quetzalcoatl-se-fue-pal-norte\/","name":"Aquel Quetzalc\u00f3atl se fue pa'l norte","isPartOf":{"@id":"https:\/\/booksfrommexico.com\/#website"},"primaryImageOfPage":{"@id":"https:\/\/booksfrommexico.com\/es\/producto\/aquel-quetzalcoatl-se-fue-pal-norte\/#primaryimage"},"image":{"@id":"https:\/\/booksfrommexico.com\/es\/producto\/aquel-quetzalcoatl-se-fue-pal-norte\/#primaryimage"},"thumbnailUrl":"https:\/\/booksfrommexico.com\/app\/uploads\/2023\/05\/183402.jpeg","datePublished":"2023-05-08T17:10:52+00:00","dateModified":"2024-06-04T18:51:26+00:00","description":"AQUEL QUETZALC\u00d3ATL SE FUE PA\u2019L NORTE. \/ Rub\u00e9n Medina. Guadalajara, M\u00e9xico : Ediciones el viaje, 2018. 27 pages ; 22 cm. (Colecci\u00f3n Viejo cartonero).","breadcrumb":{"@id":"https:\/\/booksfrommexico.com\/es\/producto\/aquel-quetzalcoatl-se-fue-pal-norte\/#breadcrumb"},"inLanguage":"es","potentialAction":[{"@type":"ReadAction","target":["https:\/\/booksfrommexico.com\/es\/producto\/aquel-quetzalcoatl-se-fue-pal-norte\/"]}]},{"@type":"ImageObject","inLanguage":"es","@id":"https:\/\/booksfrommexico.com\/es\/producto\/aquel-quetzalcoatl-se-fue-pal-norte\/#primaryimage","url":"https:\/\/booksfrommexico.com\/app\/uploads\/2023\/05\/183402.jpeg","contentUrl":"https:\/\/booksfrommexico.com\/app\/uploads\/2023\/05\/183402.jpeg","width":427,"height":641},{"@type":"BreadcrumbList","@id":"https:\/\/booksfrommexico.com\/es\/producto\/aquel-quetzalcoatl-se-fue-pal-norte\/#breadcrumb","itemListElement":[{"@type":"ListItem","position":1,"name":"Home","item":"https:\/\/booksfrommexico.com\/es\/"},{"@type":"ListItem","position":2,"name":"Libros","item":"https:\/\/booksfrommexico.com\/es\/libros\/"},{"@type":"ListItem","position":3,"name":"Aquel Quetzalc\u00f3atl se fue pa&#8217;l norte"}]},{"@type":"WebSite","@id":"https:\/\/booksfrommexico.com\/#website","url":"https:\/\/booksfrommexico.com\/","name":"Books From Mexico","description":"","publisher":{"@id":"https:\/\/booksfrommexico.com\/#organization"},"potentialAction":[{"@type":"SearchAction","target":{"@type":"EntryPoint","urlTemplate":"https:\/\/booksfrommexico.com\/?s={search_term_string}"},"query-input":{"@type":"PropertyValueSpecification","valueRequired":true,"valueName":"search_term_string"}}],"inLanguage":"es"},{"@type":"Organization","@id":"https:\/\/booksfrommexico.com\/#organization","name":"Books From Mexico","url":"https:\/\/booksfrommexico.com\/","logo":{"@type":"ImageObject","inLanguage":"es","@id":"https:\/\/booksfrommexico.com\/#\/schema\/logo\/image\/","url":"https:\/\/booksfrommexico.com\/app\/uploads\/2023\/05\/logo-booksfrommexico.svg","contentUrl":"https:\/\/booksfrommexico.com\/app\/uploads\/2023\/05\/logo-booksfrommexico.svg","width":86,"height":56,"caption":"Books From Mexico"},"image":{"@id":"https:\/\/booksfrommexico.com\/#\/schema\/logo\/image\/"}}]}},"_links":{"self":[{"href":"https:\/\/booksfrommexico.com\/es\/wp-json\/wp\/v2\/product\/1082","targetHints":{"allow":["GET"]}}],"collection":[{"href":"https:\/\/booksfrommexico.com\/es\/wp-json\/wp\/v2\/product"}],"about":[{"href":"https:\/\/booksfrommexico.com\/es\/wp-json\/wp\/v2\/types\/product"}],"wp:featuredmedia":[{"embeddable":true,"href":"https:\/\/booksfrommexico.com\/es\/wp-json\/wp\/v2\/media\/1081"}],"wp:attachment":[{"href":"https:\/\/booksfrommexico.com\/es\/wp-json\/wp\/v2\/media?parent=1082"}],"wp:term":[{"taxonomy":"product_brand","embeddable":true,"href":"https:\/\/booksfrommexico.com\/es\/wp-json\/wp\/v2\/product_brand?post=1082"},{"taxonomy":"product_cat","embeddable":true,"href":"https:\/\/booksfrommexico.com\/es\/wp-json\/wp\/v2\/product_cat?post=1082"},{"taxonomy":"product_tag","embeddable":true,"href":"https:\/\/booksfrommexico.com\/es\/wp-json\/wp\/v2\/product_tag?post=1082"}],"curies":[{"name":"wp","href":"https:\/\/api.w.org\/{rel}","templated":true}]}}