{"id":1088,"date":"2023-05-08T17:10:56","date_gmt":"2023-05-08T17:10:56","guid":{"rendered":"http:\/\/booksfrommexico.com\/product\/extranamiento-extincion-y-restauracion-de-la-compania-de-jesus-l-a-provincia-mexicana\/"},"modified":"2024-04-08T22:40:16","modified_gmt":"2024-04-08T22:40:16","slug":"extranamiento-extincion-y-restauracion-de-la-compania-de-jesus-l-a-provincia-mexicana","status":"publish","type":"product","link":"https:\/\/booksfrommexico.com\/es\/producto\/extranamiento-extincion-y-restauracion-de-la-compania-de-jesus-l-a-provincia-mexicana\/","title":{"rendered":"Extra\u00f1amiento, extinci\u00f3n y restauraci\u00f3n de la Compa\u00f1\u00eda de Jes\u00fas"},"content":{"rendered":"<p><span style=\"font-weight: 400;\">A manera de conmemorar el segundo Bicentenario de la Restauraci\u00f3n de la compa\u00f1\u00eda de Jes\u00fas por el Papa P\u00edo VII, se realiza esta obra que incluye 17 estudios realizados por historiadores mexicanos y extranjeros, sobre un tema de importancia trascendental como el extra\u00f1amiento, extinci\u00f3n y restauraci\u00f3n de la mencionada Orden religiosa en la Nueva Espa\u00f1a. Dividido en 5 apartados, estas investigaciones abordan los principales aspectos que este proceso hist\u00f3rico tuvo: la expulsi\u00f3n y extinci\u00f3n de los jesuitas, las partidas y el arribo a El Puerto, expresiones culturales de los expulsos antes y despu\u00e9s de 1767, la ausencia de los \u201csoldados de Cristo\u201d y la ef\u00edmera Restauraci\u00f3n.<\/span><\/p>\n","protected":false},"excerpt":{"rendered":"<p>EXTRA\u00d1AMIENTO, EXTINCI\u00d3N Y RESTAURACI\u00d3N DE LA COMPA\u00d1\u00cdA DE JES\u00daS : LA PROVINCIA MEXICANA. <span style=\"font-weight: 400;\">\/ Mar\u00eda Cristina Torales Pacheco, Juan Carlos Casas Garc\u00eda (coordinators, editors). Ciudad de M\u00e9xico, M\u00e9xico : Universidad Iberoamericana ; Universidad Pontificia de M\u00e9xico ; Sociedad Mexicana de Historia Eclesi\u00e1stica, 2017. 618 pages : includes photos, tables, references, bibliography ; 23 cm. ISBN : 9786074174465 (IBERO) ; 9786077837275 (UPM).\u00a0<\/span><\/p>\n","protected":false},"featured_media":1087,"template":"","meta":{"_acf_changed":false,"inline_featured_image":false},"product_brand":[],"product_cat":[27,158],"product_tag":[3657,3843],"class_list":{"0":"post-1088","1":"product","2":"type-product","3":"status-publish","4":"has-post-thumbnail","6":"product_cat-historia","7":"product_cat-religion-y-sociedad","8":"product_tag-historia","9":"product_tag-historia-eclesiastica","11":"first","12":"instock","13":"taxable","14":"shipping-taxable","15":"purchasable","16":"product-type-simple"},"acf":[],"yoast_head":"<!-- This site is optimized with the Yoast SEO plugin v27.3 - https:\/\/yoast.com\/product\/yoast-seo-wordpress\/ -->\n<title>Extra\u00f1amiento, extinci\u00f3n y restauraci\u00f3n de la Compa\u00f1\u00eda de Jes\u00fas<\/title>\n<meta name=\"description\" content=\"EXTRA\u00d1AMIENTO, EXTINCI\u00d3N Y RESTAURACI\u00d3N DE LA COMPA\u00d1\u00cdA DE JES\u00daS : LA PROVINCIA MEXICANA. \/ Mar\u00eda Cristina Torales Pacheco, Juan Carlos Casas Garc\u00eda.\" \/>\n<meta name=\"robots\" content=\"index, follow, max-snippet:-1, max-image-preview:large, max-video-preview:-1\" \/>\n<link rel=\"canonical\" href=\"https:\/\/booksfrommexico.com\/es\/producto\/extranamiento-extincion-y-restauracion-de-la-compania-de-jesus-l-a-provincia-mexicana\/\" \/>\n<meta property=\"og:locale\" content=\"es_ES\" \/>\n<meta property=\"og:type\" content=\"article\" \/>\n<meta property=\"og:title\" content=\"Extra\u00f1amiento, extinci\u00f3n y restauraci\u00f3n de la Compa\u00f1\u00eda de Jes\u00fas\" \/>\n<meta property=\"og:description\" content=\"EXTRA\u00d1AMIENTO, EXTINCI\u00d3N Y RESTAURACI\u00d3N DE LA COMPA\u00d1\u00cdA DE JES\u00daS : LA PROVINCIA MEXICANA. \/ Mar\u00eda Cristina Torales Pacheco, Juan Carlos Casas Garc\u00eda.\" \/>\n<meta property=\"og:url\" content=\"https:\/\/booksfrommexico.com\/es\/producto\/extranamiento-extincion-y-restauracion-de-la-compania-de-jesus-l-a-provincia-mexicana\/\" \/>\n<meta property=\"og:site_name\" content=\"Books From Mexico\" \/>\n<meta property=\"article:modified_time\" content=\"2024-04-08T22:40:16+00:00\" \/>\n<meta property=\"og:image\" content=\"http:\/\/booksfrommexico.com\/app\/uploads\/2023\/05\/183126.jpeg\" \/>\n\t<meta property=\"og:image:width\" content=\"441\" \/>\n\t<meta property=\"og:image:height\" content=\"651\" \/>\n\t<meta property=\"og:image:type\" content=\"image\/jpeg\" \/>\n<meta name=\"twitter:card\" content=\"summary_large_image\" \/>\n<meta name=\"twitter:label1\" content=\"Tiempo de lectura\" \/>\n\t<meta name=\"twitter:data1\" content=\"1 minuto\" \/>\n<script type=\"application\/ld+json\" class=\"yoast-schema-graph\">{\"@context\":\"https:\\\/\\\/schema.org\",\"@graph\":[{\"@type\":\"WebPage\",\"@id\":\"https:\\\/\\\/booksfrommexico.com\\\/es\\\/producto\\\/extranamiento-extincion-y-restauracion-de-la-compania-de-jesus-l-a-provincia-mexicana\\\/\",\"url\":\"https:\\\/\\\/booksfrommexico.com\\\/es\\\/producto\\\/extranamiento-extincion-y-restauracion-de-la-compania-de-jesus-l-a-provincia-mexicana\\\/\",\"name\":\"Extra\u00f1amiento, extinci\u00f3n y restauraci\u00f3n de la Compa\u00f1\u00eda de Jes\u00fas\",\"isPartOf\":{\"@id\":\"https:\\\/\\\/booksfrommexico.com\\\/#website\"},\"primaryImageOfPage\":{\"@id\":\"https:\\\/\\\/booksfrommexico.com\\\/es\\\/producto\\\/extranamiento-extincion-y-restauracion-de-la-compania-de-jesus-l-a-provincia-mexicana\\\/#primaryimage\"},\"image\":{\"@id\":\"https:\\\/\\\/booksfrommexico.com\\\/es\\\/producto\\\/extranamiento-extincion-y-restauracion-de-la-compania-de-jesus-l-a-provincia-mexicana\\\/#primaryimage\"},\"thumbnailUrl\":\"https:\\\/\\\/booksfrommexico.com\\\/app\\\/uploads\\\/2023\\\/05\\\/183126.jpeg\",\"datePublished\":\"2023-05-08T17:10:56+00:00\",\"dateModified\":\"2024-04-08T22:40:16+00:00\",\"description\":\"EXTRA\u00d1AMIENTO, EXTINCI\u00d3N Y RESTAURACI\u00d3N DE LA COMPA\u00d1\u00cdA DE JES\u00daS : LA PROVINCIA MEXICANA. \\\/ Mar\u00eda Cristina Torales Pacheco, Juan Carlos Casas Garc\u00eda.\",\"breadcrumb\":{\"@id\":\"https:\\\/\\\/booksfrommexico.com\\\/es\\\/producto\\\/extranamiento-extincion-y-restauracion-de-la-compania-de-jesus-l-a-provincia-mexicana\\\/#breadcrumb\"},\"inLanguage\":\"es\",\"potentialAction\":[{\"@type\":\"ReadAction\",\"target\":[\"https:\\\/\\\/booksfrommexico.com\\\/es\\\/producto\\\/extranamiento-extincion-y-restauracion-de-la-compania-de-jesus-l-a-provincia-mexicana\\\/\"]}]},{\"@type\":\"ImageObject\",\"inLanguage\":\"es\",\"@id\":\"https:\\\/\\\/booksfrommexico.com\\\/es\\\/producto\\\/extranamiento-extincion-y-restauracion-de-la-compania-de-jesus-l-a-provincia-mexicana\\\/#primaryimage\",\"url\":\"https:\\\/\\\/booksfrommexico.com\\\/app\\\/uploads\\\/2023\\\/05\\\/183126.jpeg\",\"contentUrl\":\"https:\\\/\\\/booksfrommexico.com\\\/app\\\/uploads\\\/2023\\\/05\\\/183126.jpeg\",\"width\":441,\"height\":651},{\"@type\":\"BreadcrumbList\",\"@id\":\"https:\\\/\\\/booksfrommexico.com\\\/es\\\/producto\\\/extranamiento-extincion-y-restauracion-de-la-compania-de-jesus-l-a-provincia-mexicana\\\/#breadcrumb\",\"itemListElement\":[{\"@type\":\"ListItem\",\"position\":1,\"name\":\"Home\",\"item\":\"https:\\\/\\\/booksfrommexico.com\\\/es\\\/\"},{\"@type\":\"ListItem\",\"position\":2,\"name\":\"Libros\",\"item\":\"https:\\\/\\\/booksfrommexico.com\\\/es\\\/libros\\\/\"},{\"@type\":\"ListItem\",\"position\":3,\"name\":\"Extra\u00f1amiento, extinci\u00f3n y restauraci\u00f3n de la Compa\u00f1\u00eda de Jes\u00fas\"}]},{\"@type\":\"WebSite\",\"@id\":\"https:\\\/\\\/booksfrommexico.com\\\/#website\",\"url\":\"https:\\\/\\\/booksfrommexico.com\\\/\",\"name\":\"Books From Mexico\",\"description\":\"\",\"publisher\":{\"@id\":\"https:\\\/\\\/booksfrommexico.com\\\/#organization\"},\"potentialAction\":[{\"@type\":\"SearchAction\",\"target\":{\"@type\":\"EntryPoint\",\"urlTemplate\":\"https:\\\/\\\/booksfrommexico.com\\\/?s={search_term_string}\"},\"query-input\":{\"@type\":\"PropertyValueSpecification\",\"valueRequired\":true,\"valueName\":\"search_term_string\"}}],\"inLanguage\":\"es\"},{\"@type\":\"Organization\",\"@id\":\"https:\\\/\\\/booksfrommexico.com\\\/#organization\",\"name\":\"Books From Mexico\",\"url\":\"https:\\\/\\\/booksfrommexico.com\\\/\",\"logo\":{\"@type\":\"ImageObject\",\"inLanguage\":\"es\",\"@id\":\"https:\\\/\\\/booksfrommexico.com\\\/#\\\/schema\\\/logo\\\/image\\\/\",\"url\":\"https:\\\/\\\/booksfrommexico.com\\\/app\\\/uploads\\\/2023\\\/05\\\/logo-booksfrommexico.svg\",\"contentUrl\":\"https:\\\/\\\/booksfrommexico.com\\\/app\\\/uploads\\\/2023\\\/05\\\/logo-booksfrommexico.svg\",\"width\":86,\"height\":56,\"caption\":\"Books From Mexico\"},\"image\":{\"@id\":\"https:\\\/\\\/booksfrommexico.com\\\/#\\\/schema\\\/logo\\\/image\\\/\"}}]}<\/script>\n<!-- \/ Yoast SEO plugin. -->","yoast_head_json":{"title":"Extra\u00f1amiento, extinci\u00f3n y restauraci\u00f3n de la Compa\u00f1\u00eda de Jes\u00fas","description":"EXTRA\u00d1AMIENTO, EXTINCI\u00d3N Y RESTAURACI\u00d3N DE LA COMPA\u00d1\u00cdA DE JES\u00daS : LA PROVINCIA MEXICANA. \/ Mar\u00eda Cristina Torales Pacheco, Juan Carlos Casas Garc\u00eda.","robots":{"index":"index","follow":"follow","max-snippet":"max-snippet:-1","max-image-preview":"max-image-preview:large","max-video-preview":"max-video-preview:-1"},"canonical":"https:\/\/booksfrommexico.com\/es\/producto\/extranamiento-extincion-y-restauracion-de-la-compania-de-jesus-l-a-provincia-mexicana\/","og_locale":"es_ES","og_type":"article","og_title":"Extra\u00f1amiento, extinci\u00f3n y restauraci\u00f3n de la Compa\u00f1\u00eda de Jes\u00fas","og_description":"EXTRA\u00d1AMIENTO, EXTINCI\u00d3N Y RESTAURACI\u00d3N DE LA COMPA\u00d1\u00cdA DE JES\u00daS : LA PROVINCIA MEXICANA. \/ Mar\u00eda Cristina Torales Pacheco, Juan Carlos Casas Garc\u00eda.","og_url":"https:\/\/booksfrommexico.com\/es\/producto\/extranamiento-extincion-y-restauracion-de-la-compania-de-jesus-l-a-provincia-mexicana\/","og_site_name":"Books From Mexico","article_modified_time":"2024-04-08T22:40:16+00:00","og_image":[{"width":441,"height":651,"url":"http:\/\/booksfrommexico.com\/app\/uploads\/2023\/05\/183126.jpeg","type":"image\/jpeg"}],"twitter_card":"summary_large_image","twitter_misc":{"Tiempo de lectura":"1 minuto"},"schema":{"@context":"https:\/\/schema.org","@graph":[{"@type":"WebPage","@id":"https:\/\/booksfrommexico.com\/es\/producto\/extranamiento-extincion-y-restauracion-de-la-compania-de-jesus-l-a-provincia-mexicana\/","url":"https:\/\/booksfrommexico.com\/es\/producto\/extranamiento-extincion-y-restauracion-de-la-compania-de-jesus-l-a-provincia-mexicana\/","name":"Extra\u00f1amiento, extinci\u00f3n y restauraci\u00f3n de la Compa\u00f1\u00eda de Jes\u00fas","isPartOf":{"@id":"https:\/\/booksfrommexico.com\/#website"},"primaryImageOfPage":{"@id":"https:\/\/booksfrommexico.com\/es\/producto\/extranamiento-extincion-y-restauracion-de-la-compania-de-jesus-l-a-provincia-mexicana\/#primaryimage"},"image":{"@id":"https:\/\/booksfrommexico.com\/es\/producto\/extranamiento-extincion-y-restauracion-de-la-compania-de-jesus-l-a-provincia-mexicana\/#primaryimage"},"thumbnailUrl":"https:\/\/booksfrommexico.com\/app\/uploads\/2023\/05\/183126.jpeg","datePublished":"2023-05-08T17:10:56+00:00","dateModified":"2024-04-08T22:40:16+00:00","description":"EXTRA\u00d1AMIENTO, EXTINCI\u00d3N Y RESTAURACI\u00d3N DE LA COMPA\u00d1\u00cdA DE JES\u00daS : LA PROVINCIA MEXICANA. \/ Mar\u00eda Cristina Torales Pacheco, Juan Carlos Casas Garc\u00eda.","breadcrumb":{"@id":"https:\/\/booksfrommexico.com\/es\/producto\/extranamiento-extincion-y-restauracion-de-la-compania-de-jesus-l-a-provincia-mexicana\/#breadcrumb"},"inLanguage":"es","potentialAction":[{"@type":"ReadAction","target":["https:\/\/booksfrommexico.com\/es\/producto\/extranamiento-extincion-y-restauracion-de-la-compania-de-jesus-l-a-provincia-mexicana\/"]}]},{"@type":"ImageObject","inLanguage":"es","@id":"https:\/\/booksfrommexico.com\/es\/producto\/extranamiento-extincion-y-restauracion-de-la-compania-de-jesus-l-a-provincia-mexicana\/#primaryimage","url":"https:\/\/booksfrommexico.com\/app\/uploads\/2023\/05\/183126.jpeg","contentUrl":"https:\/\/booksfrommexico.com\/app\/uploads\/2023\/05\/183126.jpeg","width":441,"height":651},{"@type":"BreadcrumbList","@id":"https:\/\/booksfrommexico.com\/es\/producto\/extranamiento-extincion-y-restauracion-de-la-compania-de-jesus-l-a-provincia-mexicana\/#breadcrumb","itemListElement":[{"@type":"ListItem","position":1,"name":"Home","item":"https:\/\/booksfrommexico.com\/es\/"},{"@type":"ListItem","position":2,"name":"Libros","item":"https:\/\/booksfrommexico.com\/es\/libros\/"},{"@type":"ListItem","position":3,"name":"Extra\u00f1amiento, extinci\u00f3n y restauraci\u00f3n de la Compa\u00f1\u00eda de Jes\u00fas"}]},{"@type":"WebSite","@id":"https:\/\/booksfrommexico.com\/#website","url":"https:\/\/booksfrommexico.com\/","name":"Books From Mexico","description":"","publisher":{"@id":"https:\/\/booksfrommexico.com\/#organization"},"potentialAction":[{"@type":"SearchAction","target":{"@type":"EntryPoint","urlTemplate":"https:\/\/booksfrommexico.com\/?s={search_term_string}"},"query-input":{"@type":"PropertyValueSpecification","valueRequired":true,"valueName":"search_term_string"}}],"inLanguage":"es"},{"@type":"Organization","@id":"https:\/\/booksfrommexico.com\/#organization","name":"Books From Mexico","url":"https:\/\/booksfrommexico.com\/","logo":{"@type":"ImageObject","inLanguage":"es","@id":"https:\/\/booksfrommexico.com\/#\/schema\/logo\/image\/","url":"https:\/\/booksfrommexico.com\/app\/uploads\/2023\/05\/logo-booksfrommexico.svg","contentUrl":"https:\/\/booksfrommexico.com\/app\/uploads\/2023\/05\/logo-booksfrommexico.svg","width":86,"height":56,"caption":"Books From Mexico"},"image":{"@id":"https:\/\/booksfrommexico.com\/#\/schema\/logo\/image\/"}}]}},"_links":{"self":[{"href":"https:\/\/booksfrommexico.com\/es\/wp-json\/wp\/v2\/product\/1088","targetHints":{"allow":["GET"]}}],"collection":[{"href":"https:\/\/booksfrommexico.com\/es\/wp-json\/wp\/v2\/product"}],"about":[{"href":"https:\/\/booksfrommexico.com\/es\/wp-json\/wp\/v2\/types\/product"}],"wp:featuredmedia":[{"embeddable":true,"href":"https:\/\/booksfrommexico.com\/es\/wp-json\/wp\/v2\/media\/1087"}],"wp:attachment":[{"href":"https:\/\/booksfrommexico.com\/es\/wp-json\/wp\/v2\/media?parent=1088"}],"wp:term":[{"taxonomy":"product_brand","embeddable":true,"href":"https:\/\/booksfrommexico.com\/es\/wp-json\/wp\/v2\/product_brand?post=1088"},{"taxonomy":"product_cat","embeddable":true,"href":"https:\/\/booksfrommexico.com\/es\/wp-json\/wp\/v2\/product_cat?post=1088"},{"taxonomy":"product_tag","embeddable":true,"href":"https:\/\/booksfrommexico.com\/es\/wp-json\/wp\/v2\/product_tag?post=1088"}],"curies":[{"name":"wp","href":"https:\/\/api.w.org\/{rel}","templated":true}]}}