{"id":109,"date":"2023-05-08T16:11:19","date_gmt":"2023-05-08T16:11:19","guid":{"rendered":"http:\/\/booksfrommexico.com\/product\/violencia-contra-la-mujer-en-mexico\/"},"modified":"2024-10-02T23:30:21","modified_gmt":"2024-10-02T23:30:21","slug":"violencia-contra-la-mujer-en-mexico","status":"publish","type":"product","link":"https:\/\/booksfrommexico.com\/es\/producto\/violencia-contra-la-mujer-en-mexico\/","title":{"rendered":"Violencia contra la mujer en M\u00e9xico"},"content":{"rendered":"<p><span style=\"font-weight: 400;\">La violencia contra la mujer trasciende fronteras, culturas y sociedades; las manifestaciones de \u00e9sta son de \u00edndole y naturaleza tan diversa que resulta imposible resumirlas en un s\u00f3lo libro, incluso cuando se acota a una sola regi\u00f3n, como se hace en este t\u00edtulo con M\u00e9xico. Aqu\u00ed se ha tratado de mostrar distintas visiones de \u00e9ste fen\u00f3meno sin pretender agotarlo en modo alguno, ya que es amplio y complejo, sin embargo busca ser un esfuerzo para integrar y exponer la din\u00e1mica del maltrato de g\u00e9nero en este pa\u00eds. Apoy\u00e1ndose en gr\u00e1ficos y tablas, se expone la situaci\u00f3n de la violencia contra las mujeres ind\u00edgenas y las mujeres migrantes, el feminicidio, la violencia masculina y\u00a0 una amplia gama de temas relacionados. <\/span><\/p>\n","protected":false},"excerpt":{"rendered":"<p>VIOLENCIA CONTRA LA MUJER EN M\u00c9XICO<span style=\"font-weight: 400;\">. \/ Teresa Fern\u00e1ndez de Juan (coordinator). M\u00e9xico, D.F. : Comisi\u00f3n Nacional de Derechos Humanos, 2004. 270 pages : includes graphics, tables, notes, bibliography at the end of each chapter ; 22 cm. ISBN : 9706443541.\u00a0<\/span><\/p>\n","protected":false},"featured_media":108,"template":"","meta":{"_acf_changed":false,"inline_featured_image":false},"product_brand":[],"product_cat":[147,217],"product_tag":[3673,3752,3594,3675,4422],"class_list":{"0":"post-109","1":"product","2":"type-product","3":"status-publish","4":"has-post-thumbnail","6":"product_cat-estudios-de-genero","7":"product_cat-violencia-contra-las-mujeres-estudios-de-genero","8":"product_tag-delitos-contra-mujeres","9":"product_tag-derechos-mujeres","10":"product_tag-mexico","11":"product_tag-mujeres-maltratadas","12":"product_tag-violencia-de-genero","14":"first","15":"instock","16":"sale","17":"taxable","18":"shipping-taxable","19":"purchasable","20":"product-type-simple"},"acf":[],"yoast_head":"<!-- This site is optimized with the Yoast SEO plugin v27.3 - https:\/\/yoast.com\/product\/yoast-seo-wordpress\/ -->\n<title>Violencia contra la mujer en M\u00e9xico<\/title>\n<meta name=\"description\" content=\"VIOLENCIA CONTRA LA MUJER EN M\u00c9XICO. \/ Teresa Fern\u00e1ndez de Juan (coordinator). Comisi\u00f3n Nacional de Derechos Humanos, 2004. ISBN : 9706443541.\" \/>\n<meta name=\"robots\" content=\"index, follow, max-snippet:-1, max-image-preview:large, max-video-preview:-1\" \/>\n<link rel=\"canonical\" href=\"https:\/\/booksfrommexico.com\/es\/producto\/violencia-contra-la-mujer-en-mexico\/\" \/>\n<meta property=\"og:locale\" content=\"es_ES\" \/>\n<meta property=\"og:type\" content=\"article\" \/>\n<meta property=\"og:title\" content=\"Violencia contra la mujer en M\u00e9xico\" \/>\n<meta property=\"og:description\" content=\"VIOLENCIA CONTRA LA MUJER EN M\u00c9XICO. \/ Teresa Fern\u00e1ndez de Juan (coordinator). Comisi\u00f3n Nacional de Derechos Humanos, 2004. ISBN : 9706443541.\" \/>\n<meta property=\"og:url\" content=\"https:\/\/booksfrommexico.com\/es\/producto\/violencia-contra-la-mujer-en-mexico\/\" \/>\n<meta property=\"og:site_name\" content=\"Books From Mexico\" \/>\n<meta property=\"article:modified_time\" content=\"2024-10-02T23:30:21+00:00\" \/>\n<meta property=\"og:image\" content=\"http:\/\/booksfrommexico.com\/app\/uploads\/2023\/05\/125278-2.jpeg\" \/>\n\t<meta property=\"og:image:width\" content=\"445\" \/>\n\t<meta property=\"og:image:height\" content=\"636\" \/>\n\t<meta property=\"og:image:type\" content=\"image\/jpeg\" \/>\n<meta name=\"twitter:card\" content=\"summary_large_image\" \/>\n<meta name=\"twitter:label1\" content=\"Tiempo de lectura\" \/>\n\t<meta name=\"twitter:data1\" content=\"1 minuto\" \/>\n<script type=\"application\/ld+json\" class=\"yoast-schema-graph\">{\"@context\":\"https:\\\/\\\/schema.org\",\"@graph\":[{\"@type\":\"WebPage\",\"@id\":\"https:\\\/\\\/booksfrommexico.com\\\/es\\\/producto\\\/violencia-contra-la-mujer-en-mexico\\\/\",\"url\":\"https:\\\/\\\/booksfrommexico.com\\\/es\\\/producto\\\/violencia-contra-la-mujer-en-mexico\\\/\",\"name\":\"Violencia contra la mujer en M\u00e9xico\",\"isPartOf\":{\"@id\":\"https:\\\/\\\/booksfrommexico.com\\\/#website\"},\"primaryImageOfPage\":{\"@id\":\"https:\\\/\\\/booksfrommexico.com\\\/es\\\/producto\\\/violencia-contra-la-mujer-en-mexico\\\/#primaryimage\"},\"image\":{\"@id\":\"https:\\\/\\\/booksfrommexico.com\\\/es\\\/producto\\\/violencia-contra-la-mujer-en-mexico\\\/#primaryimage\"},\"thumbnailUrl\":\"https:\\\/\\\/booksfrommexico.com\\\/app\\\/uploads\\\/2023\\\/05\\\/125278-2.jpeg\",\"datePublished\":\"2023-05-08T16:11:19+00:00\",\"dateModified\":\"2024-10-02T23:30:21+00:00\",\"description\":\"VIOLENCIA CONTRA LA MUJER EN M\u00c9XICO. \\\/ Teresa Fern\u00e1ndez de Juan (coordinator). Comisi\u00f3n Nacional de Derechos Humanos, 2004. ISBN : 9706443541.\",\"breadcrumb\":{\"@id\":\"https:\\\/\\\/booksfrommexico.com\\\/es\\\/producto\\\/violencia-contra-la-mujer-en-mexico\\\/#breadcrumb\"},\"inLanguage\":\"es\",\"potentialAction\":[{\"@type\":\"ReadAction\",\"target\":[\"https:\\\/\\\/booksfrommexico.com\\\/es\\\/producto\\\/violencia-contra-la-mujer-en-mexico\\\/\"]}]},{\"@type\":\"ImageObject\",\"inLanguage\":\"es\",\"@id\":\"https:\\\/\\\/booksfrommexico.com\\\/es\\\/producto\\\/violencia-contra-la-mujer-en-mexico\\\/#primaryimage\",\"url\":\"https:\\\/\\\/booksfrommexico.com\\\/app\\\/uploads\\\/2023\\\/05\\\/125278-2.jpeg\",\"contentUrl\":\"https:\\\/\\\/booksfrommexico.com\\\/app\\\/uploads\\\/2023\\\/05\\\/125278-2.jpeg\",\"width\":445,\"height\":636,\"caption\":\"VIOLENCIA CONTRA LA MUJER EN M\u00c9XICO\"},{\"@type\":\"BreadcrumbList\",\"@id\":\"https:\\\/\\\/booksfrommexico.com\\\/es\\\/producto\\\/violencia-contra-la-mujer-en-mexico\\\/#breadcrumb\",\"itemListElement\":[{\"@type\":\"ListItem\",\"position\":1,\"name\":\"Home\",\"item\":\"https:\\\/\\\/booksfrommexico.com\\\/es\\\/\"},{\"@type\":\"ListItem\",\"position\":2,\"name\":\"Libros\",\"item\":\"https:\\\/\\\/booksfrommexico.com\\\/es\\\/libros\\\/\"},{\"@type\":\"ListItem\",\"position\":3,\"name\":\"Violencia contra la mujer en M\u00e9xico\"}]},{\"@type\":\"WebSite\",\"@id\":\"https:\\\/\\\/booksfrommexico.com\\\/#website\",\"url\":\"https:\\\/\\\/booksfrommexico.com\\\/\",\"name\":\"Books From Mexico\",\"description\":\"\",\"publisher\":{\"@id\":\"https:\\\/\\\/booksfrommexico.com\\\/#organization\"},\"potentialAction\":[{\"@type\":\"SearchAction\",\"target\":{\"@type\":\"EntryPoint\",\"urlTemplate\":\"https:\\\/\\\/booksfrommexico.com\\\/?s={search_term_string}\"},\"query-input\":{\"@type\":\"PropertyValueSpecification\",\"valueRequired\":true,\"valueName\":\"search_term_string\"}}],\"inLanguage\":\"es\"},{\"@type\":\"Organization\",\"@id\":\"https:\\\/\\\/booksfrommexico.com\\\/#organization\",\"name\":\"Books From Mexico\",\"url\":\"https:\\\/\\\/booksfrommexico.com\\\/\",\"logo\":{\"@type\":\"ImageObject\",\"inLanguage\":\"es\",\"@id\":\"https:\\\/\\\/booksfrommexico.com\\\/#\\\/schema\\\/logo\\\/image\\\/\",\"url\":\"https:\\\/\\\/booksfrommexico.com\\\/app\\\/uploads\\\/2023\\\/05\\\/logo-booksfrommexico.svg\",\"contentUrl\":\"https:\\\/\\\/booksfrommexico.com\\\/app\\\/uploads\\\/2023\\\/05\\\/logo-booksfrommexico.svg\",\"width\":86,\"height\":56,\"caption\":\"Books From Mexico\"},\"image\":{\"@id\":\"https:\\\/\\\/booksfrommexico.com\\\/#\\\/schema\\\/logo\\\/image\\\/\"}}]}<\/script>\n<!-- \/ Yoast SEO plugin. -->","yoast_head_json":{"title":"Violencia contra la mujer en M\u00e9xico","description":"VIOLENCIA CONTRA LA MUJER EN M\u00c9XICO. \/ Teresa Fern\u00e1ndez de Juan (coordinator). Comisi\u00f3n Nacional de Derechos Humanos, 2004. ISBN : 9706443541.","robots":{"index":"index","follow":"follow","max-snippet":"max-snippet:-1","max-image-preview":"max-image-preview:large","max-video-preview":"max-video-preview:-1"},"canonical":"https:\/\/booksfrommexico.com\/es\/producto\/violencia-contra-la-mujer-en-mexico\/","og_locale":"es_ES","og_type":"article","og_title":"Violencia contra la mujer en M\u00e9xico","og_description":"VIOLENCIA CONTRA LA MUJER EN M\u00c9XICO. \/ Teresa Fern\u00e1ndez de Juan (coordinator). Comisi\u00f3n Nacional de Derechos Humanos, 2004. ISBN : 9706443541.","og_url":"https:\/\/booksfrommexico.com\/es\/producto\/violencia-contra-la-mujer-en-mexico\/","og_site_name":"Books From Mexico","article_modified_time":"2024-10-02T23:30:21+00:00","og_image":[{"width":445,"height":636,"url":"http:\/\/booksfrommexico.com\/app\/uploads\/2023\/05\/125278-2.jpeg","type":"image\/jpeg"}],"twitter_card":"summary_large_image","twitter_misc":{"Tiempo de lectura":"1 minuto"},"schema":{"@context":"https:\/\/schema.org","@graph":[{"@type":"WebPage","@id":"https:\/\/booksfrommexico.com\/es\/producto\/violencia-contra-la-mujer-en-mexico\/","url":"https:\/\/booksfrommexico.com\/es\/producto\/violencia-contra-la-mujer-en-mexico\/","name":"Violencia contra la mujer en M\u00e9xico","isPartOf":{"@id":"https:\/\/booksfrommexico.com\/#website"},"primaryImageOfPage":{"@id":"https:\/\/booksfrommexico.com\/es\/producto\/violencia-contra-la-mujer-en-mexico\/#primaryimage"},"image":{"@id":"https:\/\/booksfrommexico.com\/es\/producto\/violencia-contra-la-mujer-en-mexico\/#primaryimage"},"thumbnailUrl":"https:\/\/booksfrommexico.com\/app\/uploads\/2023\/05\/125278-2.jpeg","datePublished":"2023-05-08T16:11:19+00:00","dateModified":"2024-10-02T23:30:21+00:00","description":"VIOLENCIA CONTRA LA MUJER EN M\u00c9XICO. \/ Teresa Fern\u00e1ndez de Juan (coordinator). Comisi\u00f3n Nacional de Derechos Humanos, 2004. ISBN : 9706443541.","breadcrumb":{"@id":"https:\/\/booksfrommexico.com\/es\/producto\/violencia-contra-la-mujer-en-mexico\/#breadcrumb"},"inLanguage":"es","potentialAction":[{"@type":"ReadAction","target":["https:\/\/booksfrommexico.com\/es\/producto\/violencia-contra-la-mujer-en-mexico\/"]}]},{"@type":"ImageObject","inLanguage":"es","@id":"https:\/\/booksfrommexico.com\/es\/producto\/violencia-contra-la-mujer-en-mexico\/#primaryimage","url":"https:\/\/booksfrommexico.com\/app\/uploads\/2023\/05\/125278-2.jpeg","contentUrl":"https:\/\/booksfrommexico.com\/app\/uploads\/2023\/05\/125278-2.jpeg","width":445,"height":636,"caption":"VIOLENCIA CONTRA LA MUJER EN M\u00c9XICO"},{"@type":"BreadcrumbList","@id":"https:\/\/booksfrommexico.com\/es\/producto\/violencia-contra-la-mujer-en-mexico\/#breadcrumb","itemListElement":[{"@type":"ListItem","position":1,"name":"Home","item":"https:\/\/booksfrommexico.com\/es\/"},{"@type":"ListItem","position":2,"name":"Libros","item":"https:\/\/booksfrommexico.com\/es\/libros\/"},{"@type":"ListItem","position":3,"name":"Violencia contra la mujer en M\u00e9xico"}]},{"@type":"WebSite","@id":"https:\/\/booksfrommexico.com\/#website","url":"https:\/\/booksfrommexico.com\/","name":"Books From Mexico","description":"","publisher":{"@id":"https:\/\/booksfrommexico.com\/#organization"},"potentialAction":[{"@type":"SearchAction","target":{"@type":"EntryPoint","urlTemplate":"https:\/\/booksfrommexico.com\/?s={search_term_string}"},"query-input":{"@type":"PropertyValueSpecification","valueRequired":true,"valueName":"search_term_string"}}],"inLanguage":"es"},{"@type":"Organization","@id":"https:\/\/booksfrommexico.com\/#organization","name":"Books From Mexico","url":"https:\/\/booksfrommexico.com\/","logo":{"@type":"ImageObject","inLanguage":"es","@id":"https:\/\/booksfrommexico.com\/#\/schema\/logo\/image\/","url":"https:\/\/booksfrommexico.com\/app\/uploads\/2023\/05\/logo-booksfrommexico.svg","contentUrl":"https:\/\/booksfrommexico.com\/app\/uploads\/2023\/05\/logo-booksfrommexico.svg","width":86,"height":56,"caption":"Books From Mexico"},"image":{"@id":"https:\/\/booksfrommexico.com\/#\/schema\/logo\/image\/"}}]}},"_links":{"self":[{"href":"https:\/\/booksfrommexico.com\/es\/wp-json\/wp\/v2\/product\/109","targetHints":{"allow":["GET"]}}],"collection":[{"href":"https:\/\/booksfrommexico.com\/es\/wp-json\/wp\/v2\/product"}],"about":[{"href":"https:\/\/booksfrommexico.com\/es\/wp-json\/wp\/v2\/types\/product"}],"wp:featuredmedia":[{"embeddable":true,"href":"https:\/\/booksfrommexico.com\/es\/wp-json\/wp\/v2\/media\/108"}],"wp:attachment":[{"href":"https:\/\/booksfrommexico.com\/es\/wp-json\/wp\/v2\/media?parent=109"}],"wp:term":[{"taxonomy":"product_brand","embeddable":true,"href":"https:\/\/booksfrommexico.com\/es\/wp-json\/wp\/v2\/product_brand?post=109"},{"taxonomy":"product_cat","embeddable":true,"href":"https:\/\/booksfrommexico.com\/es\/wp-json\/wp\/v2\/product_cat?post=109"},{"taxonomy":"product_tag","embeddable":true,"href":"https:\/\/booksfrommexico.com\/es\/wp-json\/wp\/v2\/product_tag?post=109"}],"curies":[{"name":"wp","href":"https:\/\/api.w.org\/{rel}","templated":true}]}}