{"id":1090,"date":"2023-05-08T17:10:58","date_gmt":"2023-05-08T17:10:58","guid":{"rendered":"http:\/\/booksfrommexico.com\/product\/iglesias-kirishitan-el-arte-de-lo-efimero-en-las-misiones-catolicas-en-japon-1549-1639\/"},"modified":"2024-11-21T23:48:45","modified_gmt":"2024-11-21T23:48:45","slug":"iglesias-kirishitan-el-arte-de-lo-efimero-en-las-misiones-catolicas-en-japon-1549-1639","status":"publish","type":"product","link":"https:\/\/booksfrommexico.com\/es\/producto\/iglesias-kirishitan-el-arte-de-lo-efimero-en-las-misiones-catolicas-en-japon-1549-1639\/","title":{"rendered":"Iglesias kirishitan: El arte de lo ef\u00edmero en las misiones cat\u00f3licas en Jap\u00f3n"},"content":{"rendered":"<p><span style=\"font-weight: 400;\">Arimura indaga acerca de las contribuciones de los art\u00edfices japoneses en la producci\u00f3n del arte cat\u00f3lico durante la evangelizaci\u00f3n. Estudiar la arquitectura y ajuar interior de los espacios de culto cat\u00f3lico en Jap\u00f3n implica un reto debido a que todas las iglesias fueron destruidas a causa de la pol\u00edtica anticristiana de las autoridades nativas. Pese a este obst\u00e1culo, la autora rescata una gran cantidad de referencias documentales para reconstruir las caracter\u00edsticas concretas de estos recintos religiosos. Como apunte extra, esta edici\u00f3n consta de s\u00f3lo 500 ejemplares.<\/span><\/p>\n","protected":false},"excerpt":{"rendered":"<p>IGLESIAS KIRISHITAN : EL ARTE DE LO EF\u00cdMERO EN LAS MISIONES CAT\u00d3LICAS EN JAP\u00d3N (1549-1639). <span style=\"font-weight: 400;\">\/ Rie Arimura. Ciudad de M\u00e9xico, M\u00e9xico : Universidad Iberoamericana, 2017. 291 pages : includes color maps, color illustrations, tables, bibliography ; 23 cm. ISBN : 9786074174656.<\/span><\/p>\n","protected":false},"featured_media":1089,"template":"","meta":{"_acf_changed":false,"inline_featured_image":false},"product_brand":[],"product_cat":[4194,27,158],"product_tag":[4044,3729],"class_list":{"0":"post-1090","1":"product","2":"type-product","3":"status-publish","4":"has-post-thumbnail","6":"product_cat-arte-religioso","7":"product_cat-historia","8":"product_cat-religion-y-sociedad","9":"product_tag-arte","10":"product_tag-religion","12":"first","13":"instock","14":"taxable","15":"shipping-taxable","16":"purchasable","17":"product-type-simple"},"acf":[],"yoast_head":"<!-- This site is optimized with the Yoast SEO plugin v27.3 - https:\/\/yoast.com\/product\/yoast-seo-wordpress\/ -->\n<title>Iglesias kirishitan: El arte de lo ef\u00edmero en las misiones cat\u00f3licas...<\/title>\n<meta name=\"description\" content=\"IGLESIAS KIRISHITAN : EL ARTE DE LO EF\u00cdMERO EN LAS MISIONES CAT\u00d3LICAS EN JAP\u00d3N (1549-1639). \/ Rie Arimura. ISBN : 9786074174656.\" \/>\n<meta name=\"robots\" content=\"index, follow, max-snippet:-1, max-image-preview:large, max-video-preview:-1\" \/>\n<link rel=\"canonical\" href=\"https:\/\/booksfrommexico.com\/es\/producto\/iglesias-kirishitan-el-arte-de-lo-efimero-en-las-misiones-catolicas-en-japon-1549-1639\/\" \/>\n<meta property=\"og:locale\" content=\"es_ES\" \/>\n<meta property=\"og:type\" content=\"article\" \/>\n<meta property=\"og:title\" content=\"Iglesias kirishitan: El arte de lo ef\u00edmero en las misiones cat\u00f3licas...\" \/>\n<meta property=\"og:description\" content=\"IGLESIAS KIRISHITAN : EL ARTE DE LO EF\u00cdMERO EN LAS MISIONES CAT\u00d3LICAS EN JAP\u00d3N (1549-1639). \/ Rie Arimura. ISBN : 9786074174656.\" \/>\n<meta property=\"og:url\" content=\"https:\/\/booksfrommexico.com\/es\/producto\/iglesias-kirishitan-el-arte-de-lo-efimero-en-las-misiones-catolicas-en-japon-1549-1639\/\" \/>\n<meta property=\"og:site_name\" content=\"Books From Mexico\" \/>\n<meta property=\"article:modified_time\" content=\"2024-11-21T23:48:45+00:00\" \/>\n<meta property=\"og:image\" content=\"http:\/\/booksfrommexico.com\/app\/uploads\/2023\/05\/183140.jpeg\" \/>\n\t<meta property=\"og:image:width\" content=\"480\" \/>\n\t<meta property=\"og:image:height\" content=\"659\" \/>\n\t<meta property=\"og:image:type\" content=\"image\/jpeg\" \/>\n<meta name=\"twitter:card\" content=\"summary_large_image\" \/>\n<meta name=\"twitter:label1\" content=\"Tiempo de lectura\" \/>\n\t<meta name=\"twitter:data1\" content=\"1 minuto\" \/>\n<script type=\"application\/ld+json\" class=\"yoast-schema-graph\">{\"@context\":\"https:\\\/\\\/schema.org\",\"@graph\":[{\"@type\":\"WebPage\",\"@id\":\"https:\\\/\\\/booksfrommexico.com\\\/es\\\/producto\\\/iglesias-kirishitan-el-arte-de-lo-efimero-en-las-misiones-catolicas-en-japon-1549-1639\\\/\",\"url\":\"https:\\\/\\\/booksfrommexico.com\\\/es\\\/producto\\\/iglesias-kirishitan-el-arte-de-lo-efimero-en-las-misiones-catolicas-en-japon-1549-1639\\\/\",\"name\":\"Iglesias kirishitan: El arte de lo ef\u00edmero en las misiones cat\u00f3licas...\",\"isPartOf\":{\"@id\":\"https:\\\/\\\/booksfrommexico.com\\\/#website\"},\"primaryImageOfPage\":{\"@id\":\"https:\\\/\\\/booksfrommexico.com\\\/es\\\/producto\\\/iglesias-kirishitan-el-arte-de-lo-efimero-en-las-misiones-catolicas-en-japon-1549-1639\\\/#primaryimage\"},\"image\":{\"@id\":\"https:\\\/\\\/booksfrommexico.com\\\/es\\\/producto\\\/iglesias-kirishitan-el-arte-de-lo-efimero-en-las-misiones-catolicas-en-japon-1549-1639\\\/#primaryimage\"},\"thumbnailUrl\":\"https:\\\/\\\/booksfrommexico.com\\\/app\\\/uploads\\\/2023\\\/05\\\/183140.jpeg\",\"datePublished\":\"2023-05-08T17:10:58+00:00\",\"dateModified\":\"2024-11-21T23:48:45+00:00\",\"description\":\"IGLESIAS KIRISHITAN : EL ARTE DE LO EF\u00cdMERO EN LAS MISIONES CAT\u00d3LICAS EN JAP\u00d3N (1549-1639). \\\/ Rie Arimura. ISBN : 9786074174656.\",\"breadcrumb\":{\"@id\":\"https:\\\/\\\/booksfrommexico.com\\\/es\\\/producto\\\/iglesias-kirishitan-el-arte-de-lo-efimero-en-las-misiones-catolicas-en-japon-1549-1639\\\/#breadcrumb\"},\"inLanguage\":\"es\",\"potentialAction\":[{\"@type\":\"ReadAction\",\"target\":[\"https:\\\/\\\/booksfrommexico.com\\\/es\\\/producto\\\/iglesias-kirishitan-el-arte-de-lo-efimero-en-las-misiones-catolicas-en-japon-1549-1639\\\/\"]}]},{\"@type\":\"ImageObject\",\"inLanguage\":\"es\",\"@id\":\"https:\\\/\\\/booksfrommexico.com\\\/es\\\/producto\\\/iglesias-kirishitan-el-arte-de-lo-efimero-en-las-misiones-catolicas-en-japon-1549-1639\\\/#primaryimage\",\"url\":\"https:\\\/\\\/booksfrommexico.com\\\/app\\\/uploads\\\/2023\\\/05\\\/183140.jpeg\",\"contentUrl\":\"https:\\\/\\\/booksfrommexico.com\\\/app\\\/uploads\\\/2023\\\/05\\\/183140.jpeg\",\"width\":480,\"height\":659},{\"@type\":\"BreadcrumbList\",\"@id\":\"https:\\\/\\\/booksfrommexico.com\\\/es\\\/producto\\\/iglesias-kirishitan-el-arte-de-lo-efimero-en-las-misiones-catolicas-en-japon-1549-1639\\\/#breadcrumb\",\"itemListElement\":[{\"@type\":\"ListItem\",\"position\":1,\"name\":\"Home\",\"item\":\"https:\\\/\\\/booksfrommexico.com\\\/es\\\/\"},{\"@type\":\"ListItem\",\"position\":2,\"name\":\"Libros\",\"item\":\"https:\\\/\\\/booksfrommexico.com\\\/es\\\/libros\\\/\"},{\"@type\":\"ListItem\",\"position\":3,\"name\":\"Iglesias kirishitan: El arte de lo ef\u00edmero en las misiones cat\u00f3licas en Jap\u00f3n\"}]},{\"@type\":\"WebSite\",\"@id\":\"https:\\\/\\\/booksfrommexico.com\\\/#website\",\"url\":\"https:\\\/\\\/booksfrommexico.com\\\/\",\"name\":\"Books From Mexico\",\"description\":\"\",\"publisher\":{\"@id\":\"https:\\\/\\\/booksfrommexico.com\\\/#organization\"},\"potentialAction\":[{\"@type\":\"SearchAction\",\"target\":{\"@type\":\"EntryPoint\",\"urlTemplate\":\"https:\\\/\\\/booksfrommexico.com\\\/?s={search_term_string}\"},\"query-input\":{\"@type\":\"PropertyValueSpecification\",\"valueRequired\":true,\"valueName\":\"search_term_string\"}}],\"inLanguage\":\"es\"},{\"@type\":\"Organization\",\"@id\":\"https:\\\/\\\/booksfrommexico.com\\\/#organization\",\"name\":\"Books From Mexico\",\"url\":\"https:\\\/\\\/booksfrommexico.com\\\/\",\"logo\":{\"@type\":\"ImageObject\",\"inLanguage\":\"es\",\"@id\":\"https:\\\/\\\/booksfrommexico.com\\\/#\\\/schema\\\/logo\\\/image\\\/\",\"url\":\"https:\\\/\\\/booksfrommexico.com\\\/app\\\/uploads\\\/2023\\\/05\\\/logo-booksfrommexico.svg\",\"contentUrl\":\"https:\\\/\\\/booksfrommexico.com\\\/app\\\/uploads\\\/2023\\\/05\\\/logo-booksfrommexico.svg\",\"width\":86,\"height\":56,\"caption\":\"Books From Mexico\"},\"image\":{\"@id\":\"https:\\\/\\\/booksfrommexico.com\\\/#\\\/schema\\\/logo\\\/image\\\/\"}}]}<\/script>\n<!-- \/ Yoast SEO plugin. -->","yoast_head_json":{"title":"Iglesias kirishitan: El arte de lo ef\u00edmero en las misiones cat\u00f3licas...","description":"IGLESIAS KIRISHITAN : EL ARTE DE LO EF\u00cdMERO EN LAS MISIONES CAT\u00d3LICAS EN JAP\u00d3N (1549-1639). \/ Rie Arimura. ISBN : 9786074174656.","robots":{"index":"index","follow":"follow","max-snippet":"max-snippet:-1","max-image-preview":"max-image-preview:large","max-video-preview":"max-video-preview:-1"},"canonical":"https:\/\/booksfrommexico.com\/es\/producto\/iglesias-kirishitan-el-arte-de-lo-efimero-en-las-misiones-catolicas-en-japon-1549-1639\/","og_locale":"es_ES","og_type":"article","og_title":"Iglesias kirishitan: El arte de lo ef\u00edmero en las misiones cat\u00f3licas...","og_description":"IGLESIAS KIRISHITAN : EL ARTE DE LO EF\u00cdMERO EN LAS MISIONES CAT\u00d3LICAS EN JAP\u00d3N (1549-1639). \/ Rie Arimura. ISBN : 9786074174656.","og_url":"https:\/\/booksfrommexico.com\/es\/producto\/iglesias-kirishitan-el-arte-de-lo-efimero-en-las-misiones-catolicas-en-japon-1549-1639\/","og_site_name":"Books From Mexico","article_modified_time":"2024-11-21T23:48:45+00:00","og_image":[{"width":480,"height":659,"url":"http:\/\/booksfrommexico.com\/app\/uploads\/2023\/05\/183140.jpeg","type":"image\/jpeg"}],"twitter_card":"summary_large_image","twitter_misc":{"Tiempo de lectura":"1 minuto"},"schema":{"@context":"https:\/\/schema.org","@graph":[{"@type":"WebPage","@id":"https:\/\/booksfrommexico.com\/es\/producto\/iglesias-kirishitan-el-arte-de-lo-efimero-en-las-misiones-catolicas-en-japon-1549-1639\/","url":"https:\/\/booksfrommexico.com\/es\/producto\/iglesias-kirishitan-el-arte-de-lo-efimero-en-las-misiones-catolicas-en-japon-1549-1639\/","name":"Iglesias kirishitan: El arte de lo ef\u00edmero en las misiones cat\u00f3licas...","isPartOf":{"@id":"https:\/\/booksfrommexico.com\/#website"},"primaryImageOfPage":{"@id":"https:\/\/booksfrommexico.com\/es\/producto\/iglesias-kirishitan-el-arte-de-lo-efimero-en-las-misiones-catolicas-en-japon-1549-1639\/#primaryimage"},"image":{"@id":"https:\/\/booksfrommexico.com\/es\/producto\/iglesias-kirishitan-el-arte-de-lo-efimero-en-las-misiones-catolicas-en-japon-1549-1639\/#primaryimage"},"thumbnailUrl":"https:\/\/booksfrommexico.com\/app\/uploads\/2023\/05\/183140.jpeg","datePublished":"2023-05-08T17:10:58+00:00","dateModified":"2024-11-21T23:48:45+00:00","description":"IGLESIAS KIRISHITAN : EL ARTE DE LO EF\u00cdMERO EN LAS MISIONES CAT\u00d3LICAS EN JAP\u00d3N (1549-1639). \/ Rie Arimura. ISBN : 9786074174656.","breadcrumb":{"@id":"https:\/\/booksfrommexico.com\/es\/producto\/iglesias-kirishitan-el-arte-de-lo-efimero-en-las-misiones-catolicas-en-japon-1549-1639\/#breadcrumb"},"inLanguage":"es","potentialAction":[{"@type":"ReadAction","target":["https:\/\/booksfrommexico.com\/es\/producto\/iglesias-kirishitan-el-arte-de-lo-efimero-en-las-misiones-catolicas-en-japon-1549-1639\/"]}]},{"@type":"ImageObject","inLanguage":"es","@id":"https:\/\/booksfrommexico.com\/es\/producto\/iglesias-kirishitan-el-arte-de-lo-efimero-en-las-misiones-catolicas-en-japon-1549-1639\/#primaryimage","url":"https:\/\/booksfrommexico.com\/app\/uploads\/2023\/05\/183140.jpeg","contentUrl":"https:\/\/booksfrommexico.com\/app\/uploads\/2023\/05\/183140.jpeg","width":480,"height":659},{"@type":"BreadcrumbList","@id":"https:\/\/booksfrommexico.com\/es\/producto\/iglesias-kirishitan-el-arte-de-lo-efimero-en-las-misiones-catolicas-en-japon-1549-1639\/#breadcrumb","itemListElement":[{"@type":"ListItem","position":1,"name":"Home","item":"https:\/\/booksfrommexico.com\/es\/"},{"@type":"ListItem","position":2,"name":"Libros","item":"https:\/\/booksfrommexico.com\/es\/libros\/"},{"@type":"ListItem","position":3,"name":"Iglesias kirishitan: El arte de lo ef\u00edmero en las misiones cat\u00f3licas en Jap\u00f3n"}]},{"@type":"WebSite","@id":"https:\/\/booksfrommexico.com\/#website","url":"https:\/\/booksfrommexico.com\/","name":"Books From Mexico","description":"","publisher":{"@id":"https:\/\/booksfrommexico.com\/#organization"},"potentialAction":[{"@type":"SearchAction","target":{"@type":"EntryPoint","urlTemplate":"https:\/\/booksfrommexico.com\/?s={search_term_string}"},"query-input":{"@type":"PropertyValueSpecification","valueRequired":true,"valueName":"search_term_string"}}],"inLanguage":"es"},{"@type":"Organization","@id":"https:\/\/booksfrommexico.com\/#organization","name":"Books From Mexico","url":"https:\/\/booksfrommexico.com\/","logo":{"@type":"ImageObject","inLanguage":"es","@id":"https:\/\/booksfrommexico.com\/#\/schema\/logo\/image\/","url":"https:\/\/booksfrommexico.com\/app\/uploads\/2023\/05\/logo-booksfrommexico.svg","contentUrl":"https:\/\/booksfrommexico.com\/app\/uploads\/2023\/05\/logo-booksfrommexico.svg","width":86,"height":56,"caption":"Books From Mexico"},"image":{"@id":"https:\/\/booksfrommexico.com\/#\/schema\/logo\/image\/"}}]}},"_links":{"self":[{"href":"https:\/\/booksfrommexico.com\/es\/wp-json\/wp\/v2\/product\/1090","targetHints":{"allow":["GET"]}}],"collection":[{"href":"https:\/\/booksfrommexico.com\/es\/wp-json\/wp\/v2\/product"}],"about":[{"href":"https:\/\/booksfrommexico.com\/es\/wp-json\/wp\/v2\/types\/product"}],"wp:featuredmedia":[{"embeddable":true,"href":"https:\/\/booksfrommexico.com\/es\/wp-json\/wp\/v2\/media\/1089"}],"wp:attachment":[{"href":"https:\/\/booksfrommexico.com\/es\/wp-json\/wp\/v2\/media?parent=1090"}],"wp:term":[{"taxonomy":"product_brand","embeddable":true,"href":"https:\/\/booksfrommexico.com\/es\/wp-json\/wp\/v2\/product_brand?post=1090"},{"taxonomy":"product_cat","embeddable":true,"href":"https:\/\/booksfrommexico.com\/es\/wp-json\/wp\/v2\/product_cat?post=1090"},{"taxonomy":"product_tag","embeddable":true,"href":"https:\/\/booksfrommexico.com\/es\/wp-json\/wp\/v2\/product_tag?post=1090"}],"curies":[{"name":"wp","href":"https:\/\/api.w.org\/{rel}","templated":true}]}}