{"id":1094,"date":"2023-05-08T17:11:01","date_gmt":"2023-05-08T17:11:01","guid":{"rendered":"http:\/\/booksfrommexico.com\/product\/cartografias-del-libro-arte-transiciones-y-relatos-de-una-practica-liminal\/"},"modified":"2025-04-21T17:47:56","modified_gmt":"2025-04-21T17:47:56","slug":"cartografias-del-libro-arte-transiciones-y-relatos-de-una-practica-liminal","status":"publish","type":"product","link":"https:\/\/booksfrommexico.com\/es\/producto\/cartografias-del-libro-arte-transiciones-y-relatos-de-una-practica-liminal\/","title":{"rendered":"Cartograf\u00edas del libro-arte: Transiciones y relatos de una pr\u00e1ctica liminal"},"content":{"rendered":"<p><span style=\"font-weight: 400;\">El libro-arte se ha popularizado como g\u00e9nero art\u00edstico independiente en el posmodernismo, present\u00e1ndose contra los esquemas oficiales y legitimadores del arte y su mercado\u00a0 \u2015museos, galer\u00edas, editores y cr\u00edticos de arte que tuvieran visi\u00f3n cl\u00e1sica\u2015. En la actualidad el libro-arte es amplio y, por tanto lo son tambi\u00e9n sus formas, derivando en m\u00faltiples esfuerzos por establecer ciertas taxonom\u00edas abiertas. En este t\u00edtulo se ofrece un panorama variado visto desde la perspectiva de diferentes autores en pro de nutrir la comprensi\u00f3n y el an\u00e1lisis de un mismo t\u00e9rmino, concepto y, en este caso, g\u00e9nero.\u00a0<\/span><\/p>\n","protected":false},"excerpt":{"rendered":"<p>CARTOGRAF\u00cdAS DEL LIBRO-ARTE : TRANSICIONES Y RELATOS DE UNA PR\u00c1CTICA LIMINAL<span style=\"font-weight: 400;\">. \/ Hortensia M\u00ednguez Garc\u00eda (coordinator). Ciudad Ju\u00e1rez, Chihuahua, M\u00e9xico : Universidad Aut\u00f3noma de Ciudad Ju\u00e1rez, 2017. 273 pages : includes color photos, references, bibliography at the end of each chapter ; 26 cm. ISBN : 9786075202334.<\/span><\/p>\n","protected":false},"featured_media":1093,"template":"","meta":{"_acf_changed":false,"inline_featured_image":false},"product_brand":[],"product_cat":[3138,3137],"product_tag":[4044,4344],"class_list":{"0":"post-1094","1":"product","2":"type-product","3":"status-publish","4":"has-post-thumbnail","6":"product_cat-historia-de-los-libros-y-la-fabricacion-de-libros-libros-bibliografia-y-bibiotecologia","7":"product_cat-libros-bibliografia-y-bibliotecologia","8":"product_tag-arte","9":"product_tag-libro-arte","11":"first","12":"outofstock","13":"taxable","14":"shipping-taxable","15":"purchasable","16":"product-type-simple"},"acf":[],"yoast_head":"<!-- This site is optimized with the Yoast SEO plugin v27.2 - https:\/\/yoast.com\/product\/yoast-seo-wordpress\/ -->\n<title>Cartograf\u00edas del libro-arte<\/title>\n<meta name=\"description\" content=\"CARTOGRAF\u00cdAS DEL LIBRO-ARTE : TRANSICIONES Y RELATOS DE UNA PR\u00c1CTICA LIMINAL. \/ Hortensia M\u00ednguez Garc\u00eda (coordinator). UACJ, 2017. ISBN : 9786075202334.\" \/>\n<meta name=\"robots\" content=\"index, follow, max-snippet:-1, max-image-preview:large, max-video-preview:-1\" \/>\n<link rel=\"canonical\" href=\"https:\/\/booksfrommexico.com\/es\/producto\/cartografias-del-libro-arte-transiciones-y-relatos-de-una-practica-liminal\/\" \/>\n<meta property=\"og:locale\" content=\"es_ES\" \/>\n<meta property=\"og:type\" content=\"article\" \/>\n<meta property=\"og:title\" content=\"Cartograf\u00edas del libro-arte\" \/>\n<meta property=\"og:description\" content=\"CARTOGRAF\u00cdAS DEL LIBRO-ARTE : TRANSICIONES Y RELATOS DE UNA PR\u00c1CTICA LIMINAL. \/ Hortensia M\u00ednguez Garc\u00eda (coordinator). UACJ, 2017. ISBN : 9786075202334.\" \/>\n<meta property=\"og:url\" content=\"https:\/\/booksfrommexico.com\/es\/producto\/cartografias-del-libro-arte-transiciones-y-relatos-de-una-practica-liminal\/\" \/>\n<meta property=\"og:site_name\" content=\"Books From Mexico\" \/>\n<meta property=\"article:modified_time\" content=\"2025-04-21T17:47:56+00:00\" \/>\n<meta property=\"og:image\" content=\"http:\/\/booksfrommexico.com\/app\/uploads\/2023\/05\/182719.jpeg\" \/>\n\t<meta property=\"og:image:width\" content=\"569\" \/>\n\t<meta property=\"og:image:height\" content=\"750\" \/>\n\t<meta property=\"og:image:type\" content=\"image\/jpeg\" \/>\n<meta name=\"twitter:card\" content=\"summary_large_image\" \/>\n<meta name=\"twitter:label1\" content=\"Tiempo de lectura\" \/>\n\t<meta name=\"twitter:data1\" content=\"1 minuto\" \/>\n<script type=\"application\/ld+json\" class=\"yoast-schema-graph\">{\"@context\":\"https:\/\/schema.org\",\"@graph\":[{\"@type\":\"WebPage\",\"@id\":\"https:\/\/booksfrommexico.com\/es\/producto\/cartografias-del-libro-arte-transiciones-y-relatos-de-una-practica-liminal\/\",\"url\":\"https:\/\/booksfrommexico.com\/es\/producto\/cartografias-del-libro-arte-transiciones-y-relatos-de-una-practica-liminal\/\",\"name\":\"Cartograf\u00edas del libro-arte\",\"isPartOf\":{\"@id\":\"https:\/\/booksfrommexico.com\/#website\"},\"primaryImageOfPage\":{\"@id\":\"https:\/\/booksfrommexico.com\/es\/producto\/cartografias-del-libro-arte-transiciones-y-relatos-de-una-practica-liminal\/#primaryimage\"},\"image\":{\"@id\":\"https:\/\/booksfrommexico.com\/es\/producto\/cartografias-del-libro-arte-transiciones-y-relatos-de-una-practica-liminal\/#primaryimage\"},\"thumbnailUrl\":\"https:\/\/booksfrommexico.com\/app\/uploads\/2023\/05\/182719.jpeg\",\"datePublished\":\"2023-05-08T17:11:01+00:00\",\"dateModified\":\"2025-04-21T17:47:56+00:00\",\"description\":\"CARTOGRAF\u00cdAS DEL LIBRO-ARTE : TRANSICIONES Y RELATOS DE UNA PR\u00c1CTICA LIMINAL. \/ Hortensia M\u00ednguez Garc\u00eda (coordinator). UACJ, 2017. ISBN : 9786075202334.\",\"breadcrumb\":{\"@id\":\"https:\/\/booksfrommexico.com\/es\/producto\/cartografias-del-libro-arte-transiciones-y-relatos-de-una-practica-liminal\/#breadcrumb\"},\"inLanguage\":\"es\",\"potentialAction\":[{\"@type\":\"ReadAction\",\"target\":[\"https:\/\/booksfrommexico.com\/es\/producto\/cartografias-del-libro-arte-transiciones-y-relatos-de-una-practica-liminal\/\"]}]},{\"@type\":\"ImageObject\",\"inLanguage\":\"es\",\"@id\":\"https:\/\/booksfrommexico.com\/es\/producto\/cartografias-del-libro-arte-transiciones-y-relatos-de-una-practica-liminal\/#primaryimage\",\"url\":\"https:\/\/booksfrommexico.com\/app\/uploads\/2023\/05\/182719.jpeg\",\"contentUrl\":\"https:\/\/booksfrommexico.com\/app\/uploads\/2023\/05\/182719.jpeg\",\"width\":569,\"height\":750},{\"@type\":\"BreadcrumbList\",\"@id\":\"https:\/\/booksfrommexico.com\/es\/producto\/cartografias-del-libro-arte-transiciones-y-relatos-de-una-practica-liminal\/#breadcrumb\",\"itemListElement\":[{\"@type\":\"ListItem\",\"position\":1,\"name\":\"Home\",\"item\":\"https:\/\/booksfrommexico.com\/es\/\"},{\"@type\":\"ListItem\",\"position\":2,\"name\":\"Libros\",\"item\":\"https:\/\/booksfrommexico.com\/es\/libros\/\"},{\"@type\":\"ListItem\",\"position\":3,\"name\":\"Cartograf\u00edas del libro-arte: Transiciones y relatos de una pr\u00e1ctica liminal\"}]},{\"@type\":\"WebSite\",\"@id\":\"https:\/\/booksfrommexico.com\/#website\",\"url\":\"https:\/\/booksfrommexico.com\/\",\"name\":\"Books From Mexico\",\"description\":\"\",\"publisher\":{\"@id\":\"https:\/\/booksfrommexico.com\/#organization\"},\"potentialAction\":[{\"@type\":\"SearchAction\",\"target\":{\"@type\":\"EntryPoint\",\"urlTemplate\":\"https:\/\/booksfrommexico.com\/?s={search_term_string}\"},\"query-input\":{\"@type\":\"PropertyValueSpecification\",\"valueRequired\":true,\"valueName\":\"search_term_string\"}}],\"inLanguage\":\"es\"},{\"@type\":\"Organization\",\"@id\":\"https:\/\/booksfrommexico.com\/#organization\",\"name\":\"Books From Mexico\",\"url\":\"https:\/\/booksfrommexico.com\/\",\"logo\":{\"@type\":\"ImageObject\",\"inLanguage\":\"es\",\"@id\":\"https:\/\/booksfrommexico.com\/#\/schema\/logo\/image\/\",\"url\":\"https:\/\/booksfrommexico.com\/app\/uploads\/2023\/05\/logo-booksfrommexico.svg\",\"contentUrl\":\"https:\/\/booksfrommexico.com\/app\/uploads\/2023\/05\/logo-booksfrommexico.svg\",\"width\":86,\"height\":56,\"caption\":\"Books From Mexico\"},\"image\":{\"@id\":\"https:\/\/booksfrommexico.com\/#\/schema\/logo\/image\/\"}}]}<\/script>\n<!-- \/ Yoast SEO plugin. -->","yoast_head_json":{"title":"Cartograf\u00edas del libro-arte","description":"CARTOGRAF\u00cdAS DEL LIBRO-ARTE : TRANSICIONES Y RELATOS DE UNA PR\u00c1CTICA LIMINAL. \/ Hortensia M\u00ednguez Garc\u00eda (coordinator). UACJ, 2017. ISBN : 9786075202334.","robots":{"index":"index","follow":"follow","max-snippet":"max-snippet:-1","max-image-preview":"max-image-preview:large","max-video-preview":"max-video-preview:-1"},"canonical":"https:\/\/booksfrommexico.com\/es\/producto\/cartografias-del-libro-arte-transiciones-y-relatos-de-una-practica-liminal\/","og_locale":"es_ES","og_type":"article","og_title":"Cartograf\u00edas del libro-arte","og_description":"CARTOGRAF\u00cdAS DEL LIBRO-ARTE : TRANSICIONES Y RELATOS DE UNA PR\u00c1CTICA LIMINAL. \/ Hortensia M\u00ednguez Garc\u00eda (coordinator). UACJ, 2017. ISBN : 9786075202334.","og_url":"https:\/\/booksfrommexico.com\/es\/producto\/cartografias-del-libro-arte-transiciones-y-relatos-de-una-practica-liminal\/","og_site_name":"Books From Mexico","article_modified_time":"2025-04-21T17:47:56+00:00","og_image":[{"width":569,"height":750,"url":"http:\/\/booksfrommexico.com\/app\/uploads\/2023\/05\/182719.jpeg","type":"image\/jpeg"}],"twitter_card":"summary_large_image","twitter_misc":{"Tiempo de lectura":"1 minuto"},"schema":{"@context":"https:\/\/schema.org","@graph":[{"@type":"WebPage","@id":"https:\/\/booksfrommexico.com\/es\/producto\/cartografias-del-libro-arte-transiciones-y-relatos-de-una-practica-liminal\/","url":"https:\/\/booksfrommexico.com\/es\/producto\/cartografias-del-libro-arte-transiciones-y-relatos-de-una-practica-liminal\/","name":"Cartograf\u00edas del libro-arte","isPartOf":{"@id":"https:\/\/booksfrommexico.com\/#website"},"primaryImageOfPage":{"@id":"https:\/\/booksfrommexico.com\/es\/producto\/cartografias-del-libro-arte-transiciones-y-relatos-de-una-practica-liminal\/#primaryimage"},"image":{"@id":"https:\/\/booksfrommexico.com\/es\/producto\/cartografias-del-libro-arte-transiciones-y-relatos-de-una-practica-liminal\/#primaryimage"},"thumbnailUrl":"https:\/\/booksfrommexico.com\/app\/uploads\/2023\/05\/182719.jpeg","datePublished":"2023-05-08T17:11:01+00:00","dateModified":"2025-04-21T17:47:56+00:00","description":"CARTOGRAF\u00cdAS DEL LIBRO-ARTE : TRANSICIONES Y RELATOS DE UNA PR\u00c1CTICA LIMINAL. \/ Hortensia M\u00ednguez Garc\u00eda (coordinator). UACJ, 2017. ISBN : 9786075202334.","breadcrumb":{"@id":"https:\/\/booksfrommexico.com\/es\/producto\/cartografias-del-libro-arte-transiciones-y-relatos-de-una-practica-liminal\/#breadcrumb"},"inLanguage":"es","potentialAction":[{"@type":"ReadAction","target":["https:\/\/booksfrommexico.com\/es\/producto\/cartografias-del-libro-arte-transiciones-y-relatos-de-una-practica-liminal\/"]}]},{"@type":"ImageObject","inLanguage":"es","@id":"https:\/\/booksfrommexico.com\/es\/producto\/cartografias-del-libro-arte-transiciones-y-relatos-de-una-practica-liminal\/#primaryimage","url":"https:\/\/booksfrommexico.com\/app\/uploads\/2023\/05\/182719.jpeg","contentUrl":"https:\/\/booksfrommexico.com\/app\/uploads\/2023\/05\/182719.jpeg","width":569,"height":750},{"@type":"BreadcrumbList","@id":"https:\/\/booksfrommexico.com\/es\/producto\/cartografias-del-libro-arte-transiciones-y-relatos-de-una-practica-liminal\/#breadcrumb","itemListElement":[{"@type":"ListItem","position":1,"name":"Home","item":"https:\/\/booksfrommexico.com\/es\/"},{"@type":"ListItem","position":2,"name":"Libros","item":"https:\/\/booksfrommexico.com\/es\/libros\/"},{"@type":"ListItem","position":3,"name":"Cartograf\u00edas del libro-arte: Transiciones y relatos de una pr\u00e1ctica liminal"}]},{"@type":"WebSite","@id":"https:\/\/booksfrommexico.com\/#website","url":"https:\/\/booksfrommexico.com\/","name":"Books From Mexico","description":"","publisher":{"@id":"https:\/\/booksfrommexico.com\/#organization"},"potentialAction":[{"@type":"SearchAction","target":{"@type":"EntryPoint","urlTemplate":"https:\/\/booksfrommexico.com\/?s={search_term_string}"},"query-input":{"@type":"PropertyValueSpecification","valueRequired":true,"valueName":"search_term_string"}}],"inLanguage":"es"},{"@type":"Organization","@id":"https:\/\/booksfrommexico.com\/#organization","name":"Books From Mexico","url":"https:\/\/booksfrommexico.com\/","logo":{"@type":"ImageObject","inLanguage":"es","@id":"https:\/\/booksfrommexico.com\/#\/schema\/logo\/image\/","url":"https:\/\/booksfrommexico.com\/app\/uploads\/2023\/05\/logo-booksfrommexico.svg","contentUrl":"https:\/\/booksfrommexico.com\/app\/uploads\/2023\/05\/logo-booksfrommexico.svg","width":86,"height":56,"caption":"Books From Mexico"},"image":{"@id":"https:\/\/booksfrommexico.com\/#\/schema\/logo\/image\/"}}]}},"_links":{"self":[{"href":"https:\/\/booksfrommexico.com\/es\/wp-json\/wp\/v2\/product\/1094","targetHints":{"allow":["GET"]}}],"collection":[{"href":"https:\/\/booksfrommexico.com\/es\/wp-json\/wp\/v2\/product"}],"about":[{"href":"https:\/\/booksfrommexico.com\/es\/wp-json\/wp\/v2\/types\/product"}],"wp:featuredmedia":[{"embeddable":true,"href":"https:\/\/booksfrommexico.com\/es\/wp-json\/wp\/v2\/media\/1093"}],"wp:attachment":[{"href":"https:\/\/booksfrommexico.com\/es\/wp-json\/wp\/v2\/media?parent=1094"}],"wp:term":[{"taxonomy":"product_brand","embeddable":true,"href":"https:\/\/booksfrommexico.com\/es\/wp-json\/wp\/v2\/product_brand?post=1094"},{"taxonomy":"product_cat","embeddable":true,"href":"https:\/\/booksfrommexico.com\/es\/wp-json\/wp\/v2\/product_cat?post=1094"},{"taxonomy":"product_tag","embeddable":true,"href":"https:\/\/booksfrommexico.com\/es\/wp-json\/wp\/v2\/product_tag?post=1094"}],"curies":[{"name":"wp","href":"https:\/\/api.w.org\/{rel}","templated":true}]}}