{"id":1096,"date":"2023-05-08T17:11:02","date_gmt":"2023-05-08T17:11:02","guid":{"rendered":"http:\/\/booksfrommexico.com\/product\/que-significa-ser-apache-en-el-siglo-xxi-continuidad-y-cambio-de-los-lipanes-en-texas\/"},"modified":"2023-08-23T21:33:35","modified_gmt":"2023-08-23T21:33:35","slug":"que-significa-ser-apache-en-el-siglo-xxi-continuidad-y-cambio-de-los-lipanes-en-texas","status":"publish","type":"product","link":"https:\/\/booksfrommexico.com\/es\/producto\/que-significa-ser-apache-en-el-siglo-xxi-continuidad-y-cambio-de-los-lipanes-en-texas\/","title":{"rendered":"\u00bfQu\u00e9 significa ser apache en el siglo XXI?"},"content":{"rendered":"<p>Study of adaptation, survival and identity among US native Americans that focuses on ethnic subdivision called Lipan Apaches. Details their past and present struggles to preserve ethnicity and culture. Describes challenges, obstacles and opportunities they face to exist alongside and within non-indigenous regional society.<\/p>\n","protected":false},"excerpt":{"rendered":"<p><strong>Medina Gonz\u00e1lez D\u00e1vila, Jos\u00e9, \u00bfQU\u00c9 SIGNIFICA SER APACHE EN EL SIGLO XXI?: CONTINUIDAD Y CAMBIO DE LOS LIPANES EN TEXAS<\/strong>. \/ Jos\u00e9 Medina Gonz\u00e1lez D\u00e1vila. M\u00e9xico, D.F. : Instituto Nacional de Antropolog\u00eda e Historia, 2015. 395 pages : illustrations, maps; 23 cm. Bibliography: pages 387-395. Includes bibliographical references. ISBN 9786074847024.<\/p>\n","protected":false},"featured_media":1095,"template":"","meta":{"_acf_changed":false,"inline_featured_image":false},"product_brand":[],"product_cat":[182,78],"product_tag":[],"class_list":{"0":"post-1096","1":"product","2":"type-product","3":"status-publish","4":"has-post-thumbnail","6":"product_cat-estudios-culturales-y-de-identidad-sociologia","7":"product_cat-sociologia","9":"first","10":"outofstock","11":"taxable","12":"shipping-taxable","13":"purchasable","14":"product-type-simple"},"acf":[],"yoast_head":"<!-- This site is optimized with the Yoast SEO plugin v27.3 - https:\/\/yoast.com\/product\/yoast-seo-wordpress\/ -->\n<title>\u00bfQu\u00e9 significa ser apache en el siglo XXI? - Books From Mexico<\/title>\n<meta name=\"description\" content=\"\u00bfQU\u00c9 SIGNIFICA SER APACHE EN EL SIGLO XXI?: CONTINUIDAD Y CAMBIO DE LOS LIPANES EN TEXAS. \/ Jos\u00e9 Medina Gonz\u00e1lez D\u00e1vila. Instituto Nacional de Antropolog\u00eda e Historia 2015 9786074847024\" \/>\n<meta name=\"robots\" content=\"index, follow, max-snippet:-1, max-image-preview:large, max-video-preview:-1\" \/>\n<link rel=\"canonical\" href=\"https:\/\/booksfrommexico.com\/es\/producto\/que-significa-ser-apache-en-el-siglo-xxi-continuidad-y-cambio-de-los-lipanes-en-texas\/\" \/>\n<meta property=\"og:locale\" content=\"es_ES\" \/>\n<meta property=\"og:type\" content=\"article\" \/>\n<meta property=\"og:title\" content=\"\u00bfQu\u00e9 significa ser apache en el siglo XXI? - Books From Mexico\" \/>\n<meta property=\"og:description\" content=\"\u00bfQU\u00c9 SIGNIFICA SER APACHE EN EL SIGLO XXI?: CONTINUIDAD Y CAMBIO DE LOS LIPANES EN TEXAS. \/ Jos\u00e9 Medina Gonz\u00e1lez D\u00e1vila. Instituto Nacional de Antropolog\u00eda e Historia 2015 9786074847024\" \/>\n<meta property=\"og:url\" content=\"https:\/\/booksfrommexico.com\/es\/producto\/que-significa-ser-apache-en-el-siglo-xxi-continuidad-y-cambio-de-los-lipanes-en-texas\/\" \/>\n<meta property=\"og:site_name\" content=\"Books From Mexico\" \/>\n<meta property=\"article:modified_time\" content=\"2023-08-23T21:33:35+00:00\" \/>\n<meta property=\"og:image\" content=\"https:\/\/booksfrommexico.com\/app\/uploads\/2023\/05\/177448.jpeg\" \/>\n\t<meta property=\"og:image:width\" content=\"470\" \/>\n\t<meta property=\"og:image:height\" content=\"665\" \/>\n\t<meta property=\"og:image:type\" content=\"image\/jpeg\" \/>\n<meta name=\"twitter:card\" content=\"summary_large_image\" \/>\n<meta name=\"twitter:label1\" content=\"Tiempo de lectura\" \/>\n\t<meta name=\"twitter:data1\" content=\"1 minuto\" \/>\n<script type=\"application\/ld+json\" class=\"yoast-schema-graph\">{\"@context\":\"https:\\\/\\\/schema.org\",\"@graph\":[{\"@type\":\"WebPage\",\"@id\":\"https:\\\/\\\/booksfrommexico.com\\\/es\\\/producto\\\/que-significa-ser-apache-en-el-siglo-xxi-continuidad-y-cambio-de-los-lipanes-en-texas\\\/\",\"url\":\"https:\\\/\\\/booksfrommexico.com\\\/es\\\/producto\\\/que-significa-ser-apache-en-el-siglo-xxi-continuidad-y-cambio-de-los-lipanes-en-texas\\\/\",\"name\":\"\u00bfQu\u00e9 significa ser apache en el siglo XXI? - Books From Mexico\",\"isPartOf\":{\"@id\":\"https:\\\/\\\/booksfrommexico.com\\\/#website\"},\"primaryImageOfPage\":{\"@id\":\"https:\\\/\\\/booksfrommexico.com\\\/es\\\/producto\\\/que-significa-ser-apache-en-el-siglo-xxi-continuidad-y-cambio-de-los-lipanes-en-texas\\\/#primaryimage\"},\"image\":{\"@id\":\"https:\\\/\\\/booksfrommexico.com\\\/es\\\/producto\\\/que-significa-ser-apache-en-el-siglo-xxi-continuidad-y-cambio-de-los-lipanes-en-texas\\\/#primaryimage\"},\"thumbnailUrl\":\"https:\\\/\\\/booksfrommexico.com\\\/app\\\/uploads\\\/2023\\\/05\\\/177448.jpeg\",\"datePublished\":\"2023-05-08T17:11:02+00:00\",\"dateModified\":\"2023-08-23T21:33:35+00:00\",\"description\":\"\u00bfQU\u00c9 SIGNIFICA SER APACHE EN EL SIGLO XXI?: CONTINUIDAD Y CAMBIO DE LOS LIPANES EN TEXAS. \\\/ Jos\u00e9 Medina Gonz\u00e1lez D\u00e1vila. Instituto Nacional de Antropolog\u00eda e Historia 2015 9786074847024\",\"breadcrumb\":{\"@id\":\"https:\\\/\\\/booksfrommexico.com\\\/es\\\/producto\\\/que-significa-ser-apache-en-el-siglo-xxi-continuidad-y-cambio-de-los-lipanes-en-texas\\\/#breadcrumb\"},\"inLanguage\":\"es\",\"potentialAction\":[{\"@type\":\"ReadAction\",\"target\":[\"https:\\\/\\\/booksfrommexico.com\\\/es\\\/producto\\\/que-significa-ser-apache-en-el-siglo-xxi-continuidad-y-cambio-de-los-lipanes-en-texas\\\/\"]}]},{\"@type\":\"ImageObject\",\"inLanguage\":\"es\",\"@id\":\"https:\\\/\\\/booksfrommexico.com\\\/es\\\/producto\\\/que-significa-ser-apache-en-el-siglo-xxi-continuidad-y-cambio-de-los-lipanes-en-texas\\\/#primaryimage\",\"url\":\"https:\\\/\\\/booksfrommexico.com\\\/app\\\/uploads\\\/2023\\\/05\\\/177448.jpeg\",\"contentUrl\":\"https:\\\/\\\/booksfrommexico.com\\\/app\\\/uploads\\\/2023\\\/05\\\/177448.jpeg\",\"width\":470,\"height\":665},{\"@type\":\"BreadcrumbList\",\"@id\":\"https:\\\/\\\/booksfrommexico.com\\\/es\\\/producto\\\/que-significa-ser-apache-en-el-siglo-xxi-continuidad-y-cambio-de-los-lipanes-en-texas\\\/#breadcrumb\",\"itemListElement\":[{\"@type\":\"ListItem\",\"position\":1,\"name\":\"Home\",\"item\":\"https:\\\/\\\/booksfrommexico.com\\\/es\\\/\"},{\"@type\":\"ListItem\",\"position\":2,\"name\":\"Libros\",\"item\":\"https:\\\/\\\/booksfrommexico.com\\\/es\\\/libros\\\/\"},{\"@type\":\"ListItem\",\"position\":3,\"name\":\"\u00bfQu\u00e9 significa ser apache en el siglo XXI?\"}]},{\"@type\":\"WebSite\",\"@id\":\"https:\\\/\\\/booksfrommexico.com\\\/#website\",\"url\":\"https:\\\/\\\/booksfrommexico.com\\\/\",\"name\":\"Books From Mexico\",\"description\":\"\",\"publisher\":{\"@id\":\"https:\\\/\\\/booksfrommexico.com\\\/#organization\"},\"potentialAction\":[{\"@type\":\"SearchAction\",\"target\":{\"@type\":\"EntryPoint\",\"urlTemplate\":\"https:\\\/\\\/booksfrommexico.com\\\/?s={search_term_string}\"},\"query-input\":{\"@type\":\"PropertyValueSpecification\",\"valueRequired\":true,\"valueName\":\"search_term_string\"}}],\"inLanguage\":\"es\"},{\"@type\":\"Organization\",\"@id\":\"https:\\\/\\\/booksfrommexico.com\\\/#organization\",\"name\":\"Books From Mexico\",\"url\":\"https:\\\/\\\/booksfrommexico.com\\\/\",\"logo\":{\"@type\":\"ImageObject\",\"inLanguage\":\"es\",\"@id\":\"https:\\\/\\\/booksfrommexico.com\\\/#\\\/schema\\\/logo\\\/image\\\/\",\"url\":\"https:\\\/\\\/booksfrommexico.com\\\/app\\\/uploads\\\/2023\\\/05\\\/logo-booksfrommexico.svg\",\"contentUrl\":\"https:\\\/\\\/booksfrommexico.com\\\/app\\\/uploads\\\/2023\\\/05\\\/logo-booksfrommexico.svg\",\"width\":86,\"height\":56,\"caption\":\"Books From Mexico\"},\"image\":{\"@id\":\"https:\\\/\\\/booksfrommexico.com\\\/#\\\/schema\\\/logo\\\/image\\\/\"}}]}<\/script>\n<!-- \/ Yoast SEO plugin. -->","yoast_head_json":{"title":"\u00bfQu\u00e9 significa ser apache en el siglo XXI? - Books From Mexico","description":"\u00bfQU\u00c9 SIGNIFICA SER APACHE EN EL SIGLO XXI?: CONTINUIDAD Y CAMBIO DE LOS LIPANES EN TEXAS. \/ Jos\u00e9 Medina Gonz\u00e1lez D\u00e1vila. Instituto Nacional de Antropolog\u00eda e Historia 2015 9786074847024","robots":{"index":"index","follow":"follow","max-snippet":"max-snippet:-1","max-image-preview":"max-image-preview:large","max-video-preview":"max-video-preview:-1"},"canonical":"https:\/\/booksfrommexico.com\/es\/producto\/que-significa-ser-apache-en-el-siglo-xxi-continuidad-y-cambio-de-los-lipanes-en-texas\/","og_locale":"es_ES","og_type":"article","og_title":"\u00bfQu\u00e9 significa ser apache en el siglo XXI? - Books From Mexico","og_description":"\u00bfQU\u00c9 SIGNIFICA SER APACHE EN EL SIGLO XXI?: CONTINUIDAD Y CAMBIO DE LOS LIPANES EN TEXAS. \/ Jos\u00e9 Medina Gonz\u00e1lez D\u00e1vila. Instituto Nacional de Antropolog\u00eda e Historia 2015 9786074847024","og_url":"https:\/\/booksfrommexico.com\/es\/producto\/que-significa-ser-apache-en-el-siglo-xxi-continuidad-y-cambio-de-los-lipanes-en-texas\/","og_site_name":"Books From Mexico","article_modified_time":"2023-08-23T21:33:35+00:00","og_image":[{"width":470,"height":665,"url":"https:\/\/booksfrommexico.com\/app\/uploads\/2023\/05\/177448.jpeg","type":"image\/jpeg"}],"twitter_card":"summary_large_image","twitter_misc":{"Tiempo de lectura":"1 minuto"},"schema":{"@context":"https:\/\/schema.org","@graph":[{"@type":"WebPage","@id":"https:\/\/booksfrommexico.com\/es\/producto\/que-significa-ser-apache-en-el-siglo-xxi-continuidad-y-cambio-de-los-lipanes-en-texas\/","url":"https:\/\/booksfrommexico.com\/es\/producto\/que-significa-ser-apache-en-el-siglo-xxi-continuidad-y-cambio-de-los-lipanes-en-texas\/","name":"\u00bfQu\u00e9 significa ser apache en el siglo XXI? - Books From Mexico","isPartOf":{"@id":"https:\/\/booksfrommexico.com\/#website"},"primaryImageOfPage":{"@id":"https:\/\/booksfrommexico.com\/es\/producto\/que-significa-ser-apache-en-el-siglo-xxi-continuidad-y-cambio-de-los-lipanes-en-texas\/#primaryimage"},"image":{"@id":"https:\/\/booksfrommexico.com\/es\/producto\/que-significa-ser-apache-en-el-siglo-xxi-continuidad-y-cambio-de-los-lipanes-en-texas\/#primaryimage"},"thumbnailUrl":"https:\/\/booksfrommexico.com\/app\/uploads\/2023\/05\/177448.jpeg","datePublished":"2023-05-08T17:11:02+00:00","dateModified":"2023-08-23T21:33:35+00:00","description":"\u00bfQU\u00c9 SIGNIFICA SER APACHE EN EL SIGLO XXI?: CONTINUIDAD Y CAMBIO DE LOS LIPANES EN TEXAS. \/ Jos\u00e9 Medina Gonz\u00e1lez D\u00e1vila. Instituto Nacional de Antropolog\u00eda e Historia 2015 9786074847024","breadcrumb":{"@id":"https:\/\/booksfrommexico.com\/es\/producto\/que-significa-ser-apache-en-el-siglo-xxi-continuidad-y-cambio-de-los-lipanes-en-texas\/#breadcrumb"},"inLanguage":"es","potentialAction":[{"@type":"ReadAction","target":["https:\/\/booksfrommexico.com\/es\/producto\/que-significa-ser-apache-en-el-siglo-xxi-continuidad-y-cambio-de-los-lipanes-en-texas\/"]}]},{"@type":"ImageObject","inLanguage":"es","@id":"https:\/\/booksfrommexico.com\/es\/producto\/que-significa-ser-apache-en-el-siglo-xxi-continuidad-y-cambio-de-los-lipanes-en-texas\/#primaryimage","url":"https:\/\/booksfrommexico.com\/app\/uploads\/2023\/05\/177448.jpeg","contentUrl":"https:\/\/booksfrommexico.com\/app\/uploads\/2023\/05\/177448.jpeg","width":470,"height":665},{"@type":"BreadcrumbList","@id":"https:\/\/booksfrommexico.com\/es\/producto\/que-significa-ser-apache-en-el-siglo-xxi-continuidad-y-cambio-de-los-lipanes-en-texas\/#breadcrumb","itemListElement":[{"@type":"ListItem","position":1,"name":"Home","item":"https:\/\/booksfrommexico.com\/es\/"},{"@type":"ListItem","position":2,"name":"Libros","item":"https:\/\/booksfrommexico.com\/es\/libros\/"},{"@type":"ListItem","position":3,"name":"\u00bfQu\u00e9 significa ser apache en el siglo XXI?"}]},{"@type":"WebSite","@id":"https:\/\/booksfrommexico.com\/#website","url":"https:\/\/booksfrommexico.com\/","name":"Books From Mexico","description":"","publisher":{"@id":"https:\/\/booksfrommexico.com\/#organization"},"potentialAction":[{"@type":"SearchAction","target":{"@type":"EntryPoint","urlTemplate":"https:\/\/booksfrommexico.com\/?s={search_term_string}"},"query-input":{"@type":"PropertyValueSpecification","valueRequired":true,"valueName":"search_term_string"}}],"inLanguage":"es"},{"@type":"Organization","@id":"https:\/\/booksfrommexico.com\/#organization","name":"Books From Mexico","url":"https:\/\/booksfrommexico.com\/","logo":{"@type":"ImageObject","inLanguage":"es","@id":"https:\/\/booksfrommexico.com\/#\/schema\/logo\/image\/","url":"https:\/\/booksfrommexico.com\/app\/uploads\/2023\/05\/logo-booksfrommexico.svg","contentUrl":"https:\/\/booksfrommexico.com\/app\/uploads\/2023\/05\/logo-booksfrommexico.svg","width":86,"height":56,"caption":"Books From Mexico"},"image":{"@id":"https:\/\/booksfrommexico.com\/#\/schema\/logo\/image\/"}}]}},"_links":{"self":[{"href":"https:\/\/booksfrommexico.com\/es\/wp-json\/wp\/v2\/product\/1096","targetHints":{"allow":["GET"]}}],"collection":[{"href":"https:\/\/booksfrommexico.com\/es\/wp-json\/wp\/v2\/product"}],"about":[{"href":"https:\/\/booksfrommexico.com\/es\/wp-json\/wp\/v2\/types\/product"}],"wp:featuredmedia":[{"embeddable":true,"href":"https:\/\/booksfrommexico.com\/es\/wp-json\/wp\/v2\/media\/1095"}],"wp:attachment":[{"href":"https:\/\/booksfrommexico.com\/es\/wp-json\/wp\/v2\/media?parent=1096"}],"wp:term":[{"taxonomy":"product_brand","embeddable":true,"href":"https:\/\/booksfrommexico.com\/es\/wp-json\/wp\/v2\/product_brand?post=1096"},{"taxonomy":"product_cat","embeddable":true,"href":"https:\/\/booksfrommexico.com\/es\/wp-json\/wp\/v2\/product_cat?post=1096"},{"taxonomy":"product_tag","embeddable":true,"href":"https:\/\/booksfrommexico.com\/es\/wp-json\/wp\/v2\/product_tag?post=1096"}],"curies":[{"name":"wp","href":"https:\/\/api.w.org\/{rel}","templated":true}]}}