{"id":1098,"date":"2023-05-08T17:11:04","date_gmt":"2023-05-08T17:11:04","guid":{"rendered":"http:\/\/booksfrommexico.com\/product\/imagenes-sagradas-iconografia-en-esculturas-de-piedra-del-recinto-sagrado-de-tenochtitlan-y-el-museo-etnografico\/"},"modified":"2025-03-01T00:01:29","modified_gmt":"2025-03-01T00:01:29","slug":"imagenes-sagradas-iconografia-en-esculturas-de-piedra-del-recinto-sagrado-de-tenochtitlan-y-el-museo-etnografico","status":"publish","type":"product","link":"https:\/\/booksfrommexico.com\/es\/producto\/imagenes-sagradas-iconografia-en-esculturas-de-piedra-del-recinto-sagrado-de-tenochtitlan-y-el-museo-etnografico\/","title":{"rendered":"Im\u00e1genes sagradas: Iconograf\u00eda en esculturas de piedra del recinto sagrado de Tenochtitl\u00e1n y el museo etnogr\u00e1fico"},"content":{"rendered":"<p><span style=\"font-weight: 400;\">El caso de la escultura en piedra hecha en el centro de M\u00e9xico durante los siglos XV y XVI ha destacado y llamado la atenci\u00f3n a generaciones de investigadores. Se sabe que el fin del arte escult\u00f3rico fue en la mayor\u00eda de los casos religioso, pol\u00edtico, \u00e9tnico y de referencia temporal a eventos concretos, pero tambi\u00e9n se sabe que fue en la Cuenca de M\u00e9xico durante el Poscl\u00e1sico, espec\u00edficamente en Tenochtitlan, destacaron como fue un centro productor.\u00a0 Esta obra propone un m\u00e9todo para la identificaci\u00f3n e interpretaci\u00f3n de 152 esculturas, muchas de ellas fragmentadas y descontextualizadas, algunas exhumadas del Templo Mayor.<\/span><\/p>\n","protected":false},"excerpt":{"rendered":"<p>IM\u00c1GENES SAGRADAS : ICONOGRAF\u00cdA EN ESCULTURAS DE PIEDRA DEL RECINTO SAGRADO DE TENOCHTITLAN Y EL MUSEO ETNOGR\u00c1FICO<span style=\"font-weight: 400;\">. \/ \u00c1ngel Gonz\u00e1lez L\u00f3pez. M\u00e9xico, D.F. : Gobierno de M\u00e9xico , Secretar\u00eda de Cultura ; Instituto Nacional de Antropolog\u00eda e Historia , Proyecto Templo Mayor, 2015. 449 pages : includes photos, illustrations, bibliography ; 23 cm. (Colecci\u00f3n Arqueolog\u00eda ; Serie Logos). ISBN : 9786074845624.<\/span><\/p>\n","protected":false},"featured_media":1097,"template":"","meta":{"_acf_changed":false,"inline_featured_image":false},"product_brand":[],"product_cat":[19,386],"product_tag":[],"class_list":{"0":"post-1098","1":"product","2":"type-product","3":"status-publish","4":"has-post-thumbnail","6":"product_cat-antropologia","7":"product_cat-arqueologia","9":"first","10":"outofstock","11":"taxable","12":"shipping-taxable","13":"purchasable","14":"product-type-simple"},"acf":[],"yoast_head":"<!-- This site is optimized with the Yoast SEO plugin v27.2 - https:\/\/yoast.com\/product\/yoast-seo-wordpress\/ -->\n<title>Im\u00e1genes sagradas<\/title>\n<meta name=\"description\" content=\"IM\u00c1GENES SAGRADAS : ICONOGRAF\u00cdA EN ESCULTURAS DE PIEDRA DEL RECINTO SAGRADO DE TENOCHTITLAN Y EL MUSEO ETNOGR\u00c1FICO. \/ \u00c1ngel Gonz\u00e1lez L\u00f3pez, 2015.\" \/>\n<meta name=\"robots\" content=\"index, follow, max-snippet:-1, max-image-preview:large, max-video-preview:-1\" \/>\n<link rel=\"canonical\" href=\"https:\/\/booksfrommexico.com\/es\/producto\/imagenes-sagradas-iconografia-en-esculturas-de-piedra-del-recinto-sagrado-de-tenochtitlan-y-el-museo-etnografico\/\" \/>\n<meta property=\"og:locale\" content=\"es_ES\" \/>\n<meta property=\"og:type\" content=\"article\" \/>\n<meta property=\"og:title\" content=\"Im\u00e1genes sagradas\" \/>\n<meta property=\"og:description\" content=\"IM\u00c1GENES SAGRADAS : ICONOGRAF\u00cdA EN ESCULTURAS DE PIEDRA DEL RECINTO SAGRADO DE TENOCHTITLAN Y EL MUSEO ETNOGR\u00c1FICO. \/ \u00c1ngel Gonz\u00e1lez L\u00f3pez, 2015.\" \/>\n<meta property=\"og:url\" content=\"https:\/\/booksfrommexico.com\/es\/producto\/imagenes-sagradas-iconografia-en-esculturas-de-piedra-del-recinto-sagrado-de-tenochtitlan-y-el-museo-etnografico\/\" \/>\n<meta property=\"og:site_name\" content=\"Books From Mexico\" \/>\n<meta property=\"article:modified_time\" content=\"2025-03-01T00:01:29+00:00\" \/>\n<meta property=\"og:image\" content=\"http:\/\/booksfrommexico.com\/app\/uploads\/2023\/05\/177459.jpeg\" \/>\n\t<meta property=\"og:image:width\" content=\"474\" \/>\n\t<meta property=\"og:image:height\" content=\"665\" \/>\n\t<meta property=\"og:image:type\" content=\"image\/jpeg\" \/>\n<meta name=\"twitter:card\" content=\"summary_large_image\" \/>\n<meta name=\"twitter:label1\" content=\"Tiempo de lectura\" \/>\n\t<meta name=\"twitter:data1\" content=\"1 minuto\" \/>\n<script type=\"application\/ld+json\" class=\"yoast-schema-graph\">{\"@context\":\"https:\/\/schema.org\",\"@graph\":[{\"@type\":\"WebPage\",\"@id\":\"https:\/\/booksfrommexico.com\/es\/producto\/imagenes-sagradas-iconografia-en-esculturas-de-piedra-del-recinto-sagrado-de-tenochtitlan-y-el-museo-etnografico\/\",\"url\":\"https:\/\/booksfrommexico.com\/es\/producto\/imagenes-sagradas-iconografia-en-esculturas-de-piedra-del-recinto-sagrado-de-tenochtitlan-y-el-museo-etnografico\/\",\"name\":\"Im\u00e1genes sagradas\",\"isPartOf\":{\"@id\":\"https:\/\/booksfrommexico.com\/#website\"},\"primaryImageOfPage\":{\"@id\":\"https:\/\/booksfrommexico.com\/es\/producto\/imagenes-sagradas-iconografia-en-esculturas-de-piedra-del-recinto-sagrado-de-tenochtitlan-y-el-museo-etnografico\/#primaryimage\"},\"image\":{\"@id\":\"https:\/\/booksfrommexico.com\/es\/producto\/imagenes-sagradas-iconografia-en-esculturas-de-piedra-del-recinto-sagrado-de-tenochtitlan-y-el-museo-etnografico\/#primaryimage\"},\"thumbnailUrl\":\"https:\/\/booksfrommexico.com\/app\/uploads\/2023\/05\/177459.jpeg\",\"datePublished\":\"2023-05-08T17:11:04+00:00\",\"dateModified\":\"2025-03-01T00:01:29+00:00\",\"description\":\"IM\u00c1GENES SAGRADAS : ICONOGRAF\u00cdA EN ESCULTURAS DE PIEDRA DEL RECINTO SAGRADO DE TENOCHTITLAN Y EL MUSEO ETNOGR\u00c1FICO. \/ \u00c1ngel Gonz\u00e1lez L\u00f3pez, 2015.\",\"breadcrumb\":{\"@id\":\"https:\/\/booksfrommexico.com\/es\/producto\/imagenes-sagradas-iconografia-en-esculturas-de-piedra-del-recinto-sagrado-de-tenochtitlan-y-el-museo-etnografico\/#breadcrumb\"},\"inLanguage\":\"es\",\"potentialAction\":[{\"@type\":\"ReadAction\",\"target\":[\"https:\/\/booksfrommexico.com\/es\/producto\/imagenes-sagradas-iconografia-en-esculturas-de-piedra-del-recinto-sagrado-de-tenochtitlan-y-el-museo-etnografico\/\"]}]},{\"@type\":\"ImageObject\",\"inLanguage\":\"es\",\"@id\":\"https:\/\/booksfrommexico.com\/es\/producto\/imagenes-sagradas-iconografia-en-esculturas-de-piedra-del-recinto-sagrado-de-tenochtitlan-y-el-museo-etnografico\/#primaryimage\",\"url\":\"https:\/\/booksfrommexico.com\/app\/uploads\/2023\/05\/177459.jpeg\",\"contentUrl\":\"https:\/\/booksfrommexico.com\/app\/uploads\/2023\/05\/177459.jpeg\",\"width\":474,\"height\":665},{\"@type\":\"BreadcrumbList\",\"@id\":\"https:\/\/booksfrommexico.com\/es\/producto\/imagenes-sagradas-iconografia-en-esculturas-de-piedra-del-recinto-sagrado-de-tenochtitlan-y-el-museo-etnografico\/#breadcrumb\",\"itemListElement\":[{\"@type\":\"ListItem\",\"position\":1,\"name\":\"Home\",\"item\":\"https:\/\/booksfrommexico.com\/es\/\"},{\"@type\":\"ListItem\",\"position\":2,\"name\":\"Libros\",\"item\":\"https:\/\/booksfrommexico.com\/es\/libros\/\"},{\"@type\":\"ListItem\",\"position\":3,\"name\":\"Im\u00e1genes sagradas: Iconograf\u00eda en esculturas de piedra del recinto sagrado de Tenochtitl\u00e1n y el museo etnogr\u00e1fico\"}]},{\"@type\":\"WebSite\",\"@id\":\"https:\/\/booksfrommexico.com\/#website\",\"url\":\"https:\/\/booksfrommexico.com\/\",\"name\":\"Books From Mexico\",\"description\":\"\",\"publisher\":{\"@id\":\"https:\/\/booksfrommexico.com\/#organization\"},\"potentialAction\":[{\"@type\":\"SearchAction\",\"target\":{\"@type\":\"EntryPoint\",\"urlTemplate\":\"https:\/\/booksfrommexico.com\/?s={search_term_string}\"},\"query-input\":{\"@type\":\"PropertyValueSpecification\",\"valueRequired\":true,\"valueName\":\"search_term_string\"}}],\"inLanguage\":\"es\"},{\"@type\":\"Organization\",\"@id\":\"https:\/\/booksfrommexico.com\/#organization\",\"name\":\"Books From Mexico\",\"url\":\"https:\/\/booksfrommexico.com\/\",\"logo\":{\"@type\":\"ImageObject\",\"inLanguage\":\"es\",\"@id\":\"https:\/\/booksfrommexico.com\/#\/schema\/logo\/image\/\",\"url\":\"https:\/\/booksfrommexico.com\/app\/uploads\/2023\/05\/logo-booksfrommexico.svg\",\"contentUrl\":\"https:\/\/booksfrommexico.com\/app\/uploads\/2023\/05\/logo-booksfrommexico.svg\",\"width\":86,\"height\":56,\"caption\":\"Books From Mexico\"},\"image\":{\"@id\":\"https:\/\/booksfrommexico.com\/#\/schema\/logo\/image\/\"}}]}<\/script>\n<!-- \/ Yoast SEO plugin. -->","yoast_head_json":{"title":"Im\u00e1genes sagradas","description":"IM\u00c1GENES SAGRADAS : ICONOGRAF\u00cdA EN ESCULTURAS DE PIEDRA DEL RECINTO SAGRADO DE TENOCHTITLAN Y EL MUSEO ETNOGR\u00c1FICO. \/ \u00c1ngel Gonz\u00e1lez L\u00f3pez, 2015.","robots":{"index":"index","follow":"follow","max-snippet":"max-snippet:-1","max-image-preview":"max-image-preview:large","max-video-preview":"max-video-preview:-1"},"canonical":"https:\/\/booksfrommexico.com\/es\/producto\/imagenes-sagradas-iconografia-en-esculturas-de-piedra-del-recinto-sagrado-de-tenochtitlan-y-el-museo-etnografico\/","og_locale":"es_ES","og_type":"article","og_title":"Im\u00e1genes sagradas","og_description":"IM\u00c1GENES SAGRADAS : ICONOGRAF\u00cdA EN ESCULTURAS DE PIEDRA DEL RECINTO SAGRADO DE TENOCHTITLAN Y EL MUSEO ETNOGR\u00c1FICO. \/ \u00c1ngel Gonz\u00e1lez L\u00f3pez, 2015.","og_url":"https:\/\/booksfrommexico.com\/es\/producto\/imagenes-sagradas-iconografia-en-esculturas-de-piedra-del-recinto-sagrado-de-tenochtitlan-y-el-museo-etnografico\/","og_site_name":"Books From Mexico","article_modified_time":"2025-03-01T00:01:29+00:00","og_image":[{"width":474,"height":665,"url":"http:\/\/booksfrommexico.com\/app\/uploads\/2023\/05\/177459.jpeg","type":"image\/jpeg"}],"twitter_card":"summary_large_image","twitter_misc":{"Tiempo de lectura":"1 minuto"},"schema":{"@context":"https:\/\/schema.org","@graph":[{"@type":"WebPage","@id":"https:\/\/booksfrommexico.com\/es\/producto\/imagenes-sagradas-iconografia-en-esculturas-de-piedra-del-recinto-sagrado-de-tenochtitlan-y-el-museo-etnografico\/","url":"https:\/\/booksfrommexico.com\/es\/producto\/imagenes-sagradas-iconografia-en-esculturas-de-piedra-del-recinto-sagrado-de-tenochtitlan-y-el-museo-etnografico\/","name":"Im\u00e1genes sagradas","isPartOf":{"@id":"https:\/\/booksfrommexico.com\/#website"},"primaryImageOfPage":{"@id":"https:\/\/booksfrommexico.com\/es\/producto\/imagenes-sagradas-iconografia-en-esculturas-de-piedra-del-recinto-sagrado-de-tenochtitlan-y-el-museo-etnografico\/#primaryimage"},"image":{"@id":"https:\/\/booksfrommexico.com\/es\/producto\/imagenes-sagradas-iconografia-en-esculturas-de-piedra-del-recinto-sagrado-de-tenochtitlan-y-el-museo-etnografico\/#primaryimage"},"thumbnailUrl":"https:\/\/booksfrommexico.com\/app\/uploads\/2023\/05\/177459.jpeg","datePublished":"2023-05-08T17:11:04+00:00","dateModified":"2025-03-01T00:01:29+00:00","description":"IM\u00c1GENES SAGRADAS : ICONOGRAF\u00cdA EN ESCULTURAS DE PIEDRA DEL RECINTO SAGRADO DE TENOCHTITLAN Y EL MUSEO ETNOGR\u00c1FICO. \/ \u00c1ngel Gonz\u00e1lez L\u00f3pez, 2015.","breadcrumb":{"@id":"https:\/\/booksfrommexico.com\/es\/producto\/imagenes-sagradas-iconografia-en-esculturas-de-piedra-del-recinto-sagrado-de-tenochtitlan-y-el-museo-etnografico\/#breadcrumb"},"inLanguage":"es","potentialAction":[{"@type":"ReadAction","target":["https:\/\/booksfrommexico.com\/es\/producto\/imagenes-sagradas-iconografia-en-esculturas-de-piedra-del-recinto-sagrado-de-tenochtitlan-y-el-museo-etnografico\/"]}]},{"@type":"ImageObject","inLanguage":"es","@id":"https:\/\/booksfrommexico.com\/es\/producto\/imagenes-sagradas-iconografia-en-esculturas-de-piedra-del-recinto-sagrado-de-tenochtitlan-y-el-museo-etnografico\/#primaryimage","url":"https:\/\/booksfrommexico.com\/app\/uploads\/2023\/05\/177459.jpeg","contentUrl":"https:\/\/booksfrommexico.com\/app\/uploads\/2023\/05\/177459.jpeg","width":474,"height":665},{"@type":"BreadcrumbList","@id":"https:\/\/booksfrommexico.com\/es\/producto\/imagenes-sagradas-iconografia-en-esculturas-de-piedra-del-recinto-sagrado-de-tenochtitlan-y-el-museo-etnografico\/#breadcrumb","itemListElement":[{"@type":"ListItem","position":1,"name":"Home","item":"https:\/\/booksfrommexico.com\/es\/"},{"@type":"ListItem","position":2,"name":"Libros","item":"https:\/\/booksfrommexico.com\/es\/libros\/"},{"@type":"ListItem","position":3,"name":"Im\u00e1genes sagradas: Iconograf\u00eda en esculturas de piedra del recinto sagrado de Tenochtitl\u00e1n y el museo etnogr\u00e1fico"}]},{"@type":"WebSite","@id":"https:\/\/booksfrommexico.com\/#website","url":"https:\/\/booksfrommexico.com\/","name":"Books From Mexico","description":"","publisher":{"@id":"https:\/\/booksfrommexico.com\/#organization"},"potentialAction":[{"@type":"SearchAction","target":{"@type":"EntryPoint","urlTemplate":"https:\/\/booksfrommexico.com\/?s={search_term_string}"},"query-input":{"@type":"PropertyValueSpecification","valueRequired":true,"valueName":"search_term_string"}}],"inLanguage":"es"},{"@type":"Organization","@id":"https:\/\/booksfrommexico.com\/#organization","name":"Books From Mexico","url":"https:\/\/booksfrommexico.com\/","logo":{"@type":"ImageObject","inLanguage":"es","@id":"https:\/\/booksfrommexico.com\/#\/schema\/logo\/image\/","url":"https:\/\/booksfrommexico.com\/app\/uploads\/2023\/05\/logo-booksfrommexico.svg","contentUrl":"https:\/\/booksfrommexico.com\/app\/uploads\/2023\/05\/logo-booksfrommexico.svg","width":86,"height":56,"caption":"Books From Mexico"},"image":{"@id":"https:\/\/booksfrommexico.com\/#\/schema\/logo\/image\/"}}]}},"_links":{"self":[{"href":"https:\/\/booksfrommexico.com\/es\/wp-json\/wp\/v2\/product\/1098","targetHints":{"allow":["GET"]}}],"collection":[{"href":"https:\/\/booksfrommexico.com\/es\/wp-json\/wp\/v2\/product"}],"about":[{"href":"https:\/\/booksfrommexico.com\/es\/wp-json\/wp\/v2\/types\/product"}],"wp:featuredmedia":[{"embeddable":true,"href":"https:\/\/booksfrommexico.com\/es\/wp-json\/wp\/v2\/media\/1097"}],"wp:attachment":[{"href":"https:\/\/booksfrommexico.com\/es\/wp-json\/wp\/v2\/media?parent=1098"}],"wp:term":[{"taxonomy":"product_brand","embeddable":true,"href":"https:\/\/booksfrommexico.com\/es\/wp-json\/wp\/v2\/product_brand?post=1098"},{"taxonomy":"product_cat","embeddable":true,"href":"https:\/\/booksfrommexico.com\/es\/wp-json\/wp\/v2\/product_cat?post=1098"},{"taxonomy":"product_tag","embeddable":true,"href":"https:\/\/booksfrommexico.com\/es\/wp-json\/wp\/v2\/product_tag?post=1098"}],"curies":[{"name":"wp","href":"https:\/\/api.w.org\/{rel}","templated":true}]}}