{"id":1102,"date":"2023-05-08T17:11:07","date_gmt":"2023-05-08T17:11:07","guid":{"rendered":"http:\/\/booksfrommexico.com\/product\/svaech-mutetik-sueno-de-pajaros\/"},"modified":"2023-08-23T02:05:06","modified_gmt":"2023-08-23T02:05:06","slug":"svaech-mutetik-sueno-de-pajaros","status":"publish","type":"product","link":"https:\/\/booksfrommexico.com\/es\/producto\/svaech-mutetik-sueno-de-pajaros\/","title":{"rendered":"Svaech mutetik = Sue\u00f1o de p\u00e1jaros"},"content":{"rendered":"","protected":false},"excerpt":{"rendered":"<p>Bolom Pale, Manuel SVAECH MUTETIK = SUE\u00f1O DE P\u00c1JAROS. \/ Manuel Bolom Pale ; Judith Santopietro, presentaci\u00f3n. Cuernavaca, Morelos : La M\u00e1quina Infernal, 2015. 67 pages : \u00a0Illustrations ; 22 cm.<\/p>\n","protected":false},"featured_media":1101,"template":"","meta":{"_acf_changed":false,"inline_featured_image":false},"product_brand":[],"product_cat":[25],"product_tag":[],"class_list":{"0":"post-1102","1":"product","2":"type-product","3":"status-publish","4":"has-post-thumbnail","6":"product_cat-literatura","8":"first","9":"outofstock","10":"taxable","11":"shipping-taxable","12":"purchasable","13":"product-type-simple"},"acf":[],"yoast_head":"<!-- This site is optimized with the Yoast SEO plugin v27.2 - https:\/\/yoast.com\/product\/yoast-seo-wordpress\/ -->\n<title>Svaech mutetik = Sue\u00f1o de p\u00e1jaros - Books From Mexico<\/title>\n<meta name=\"description\" content=\"Bolom Pale, Manuel SVAECH MUTETIK = SUE\u00f1O DE P\u00c1JAROS. \/ Manuel Bolom Pale; Judith Santopietro, presentaci\u00f3n Cuernavaca, Morelos: La M\u00e1quina Infernal 2015.\" \/>\n<meta name=\"robots\" content=\"index, follow, max-snippet:-1, max-image-preview:large, max-video-preview:-1\" \/>\n<link rel=\"canonical\" href=\"https:\/\/booksfrommexico.com\/producto\/svaech-mutetik-sueno-de-pajaros\/\" \/>\n<meta property=\"og:locale\" content=\"es_ES\" \/>\n<meta property=\"og:type\" content=\"article\" \/>\n<meta property=\"og:title\" content=\"Svaech mutetik = Sue\u00f1o de p\u00e1jaros - Books From Mexico\" \/>\n<meta property=\"og:description\" content=\"Bolom Pale, Manuel SVAECH MUTETIK = SUE\u00f1O DE P\u00c1JAROS. \/ Manuel Bolom Pale; Judith Santopietro, presentaci\u00f3n Cuernavaca, Morelos: La M\u00e1quina Infernal 2015.\" \/>\n<meta property=\"og:url\" content=\"https:\/\/booksfrommexico.com\/producto\/svaech-mutetik-sueno-de-pajaros\/\" \/>\n<meta property=\"og:site_name\" content=\"Books From Mexico\" \/>\n<meta property=\"article:modified_time\" content=\"2023-08-23T02:05:06+00:00\" \/>\n<meta property=\"og:image\" content=\"https:\/\/booksfrommexico.com\/app\/uploads\/2023\/05\/177790.jpeg\" \/>\n\t<meta property=\"og:image:width\" content=\"400\" \/>\n\t<meta property=\"og:image:height\" content=\"613\" \/>\n\t<meta property=\"og:image:type\" content=\"image\/jpeg\" \/>\n<meta name=\"twitter:card\" content=\"summary_large_image\" \/>\n<script type=\"application\/ld+json\" class=\"yoast-schema-graph\">{\"@context\":\"https:\/\/schema.org\",\"@graph\":[{\"@type\":\"WebPage\",\"@id\":\"https:\/\/booksfrommexico.com\/producto\/svaech-mutetik-sueno-de-pajaros\/\",\"url\":\"https:\/\/booksfrommexico.com\/producto\/svaech-mutetik-sueno-de-pajaros\/\",\"name\":\"Svaech mutetik = Sue\u00f1o de p\u00e1jaros - Books From Mexico\",\"isPartOf\":{\"@id\":\"https:\/\/booksfrommexico.com\/#website\"},\"primaryImageOfPage\":{\"@id\":\"https:\/\/booksfrommexico.com\/producto\/svaech-mutetik-sueno-de-pajaros\/#primaryimage\"},\"image\":{\"@id\":\"https:\/\/booksfrommexico.com\/producto\/svaech-mutetik-sueno-de-pajaros\/#primaryimage\"},\"thumbnailUrl\":\"https:\/\/booksfrommexico.com\/app\/uploads\/2023\/05\/177790.jpeg\",\"datePublished\":\"2023-05-08T17:11:07+00:00\",\"dateModified\":\"2023-08-23T02:05:06+00:00\",\"description\":\"Bolom Pale, Manuel SVAECH MUTETIK = SUE\u00f1O DE P\u00c1JAROS. \/ Manuel Bolom Pale; Judith Santopietro, presentaci\u00f3n Cuernavaca, Morelos: La M\u00e1quina Infernal 2015.\",\"breadcrumb\":{\"@id\":\"https:\/\/booksfrommexico.com\/producto\/svaech-mutetik-sueno-de-pajaros\/#breadcrumb\"},\"inLanguage\":\"es\",\"potentialAction\":[{\"@type\":\"ReadAction\",\"target\":[\"https:\/\/booksfrommexico.com\/producto\/svaech-mutetik-sueno-de-pajaros\/\"]}]},{\"@type\":\"ImageObject\",\"inLanguage\":\"es\",\"@id\":\"https:\/\/booksfrommexico.com\/producto\/svaech-mutetik-sueno-de-pajaros\/#primaryimage\",\"url\":\"https:\/\/booksfrommexico.com\/app\/uploads\/2023\/05\/177790.jpeg\",\"contentUrl\":\"https:\/\/booksfrommexico.com\/app\/uploads\/2023\/05\/177790.jpeg\",\"width\":400,\"height\":613},{\"@type\":\"BreadcrumbList\",\"@id\":\"https:\/\/booksfrommexico.com\/producto\/svaech-mutetik-sueno-de-pajaros\/#breadcrumb\",\"itemListElement\":[{\"@type\":\"ListItem\",\"position\":1,\"name\":\"Home\",\"item\":\"https:\/\/booksfrommexico.com\/es\/\"},{\"@type\":\"ListItem\",\"position\":2,\"name\":\"Libros\",\"item\":\"https:\/\/booksfrommexico.com\/es\/libros\/\"},{\"@type\":\"ListItem\",\"position\":3,\"name\":\"Svaech mutetik = Sue\u00f1o de p\u00e1jaros\"}]},{\"@type\":\"WebSite\",\"@id\":\"https:\/\/booksfrommexico.com\/#website\",\"url\":\"https:\/\/booksfrommexico.com\/\",\"name\":\"Books From Mexico\",\"description\":\"\",\"publisher\":{\"@id\":\"https:\/\/booksfrommexico.com\/#organization\"},\"potentialAction\":[{\"@type\":\"SearchAction\",\"target\":{\"@type\":\"EntryPoint\",\"urlTemplate\":\"https:\/\/booksfrommexico.com\/?s={search_term_string}\"},\"query-input\":{\"@type\":\"PropertyValueSpecification\",\"valueRequired\":true,\"valueName\":\"search_term_string\"}}],\"inLanguage\":\"es\"},{\"@type\":\"Organization\",\"@id\":\"https:\/\/booksfrommexico.com\/#organization\",\"name\":\"Books From Mexico\",\"url\":\"https:\/\/booksfrommexico.com\/\",\"logo\":{\"@type\":\"ImageObject\",\"inLanguage\":\"es\",\"@id\":\"https:\/\/booksfrommexico.com\/#\/schema\/logo\/image\/\",\"url\":\"https:\/\/booksfrommexico.com\/app\/uploads\/2023\/05\/logo-booksfrommexico.svg\",\"contentUrl\":\"https:\/\/booksfrommexico.com\/app\/uploads\/2023\/05\/logo-booksfrommexico.svg\",\"width\":86,\"height\":56,\"caption\":\"Books From Mexico\"},\"image\":{\"@id\":\"https:\/\/booksfrommexico.com\/#\/schema\/logo\/image\/\"}}]}<\/script>\n<!-- \/ Yoast SEO plugin. -->","yoast_head_json":{"title":"Svaech mutetik = Sue\u00f1o de p\u00e1jaros - Books From Mexico","description":"Bolom Pale, Manuel SVAECH MUTETIK = SUE\u00f1O DE P\u00c1JAROS. \/ Manuel Bolom Pale; Judith Santopietro, presentaci\u00f3n Cuernavaca, Morelos: La M\u00e1quina Infernal 2015.","robots":{"index":"index","follow":"follow","max-snippet":"max-snippet:-1","max-image-preview":"max-image-preview:large","max-video-preview":"max-video-preview:-1"},"canonical":"https:\/\/booksfrommexico.com\/producto\/svaech-mutetik-sueno-de-pajaros\/","og_locale":"es_ES","og_type":"article","og_title":"Svaech mutetik = Sue\u00f1o de p\u00e1jaros - Books From Mexico","og_description":"Bolom Pale, Manuel SVAECH MUTETIK = SUE\u00f1O DE P\u00c1JAROS. \/ Manuel Bolom Pale; Judith Santopietro, presentaci\u00f3n Cuernavaca, Morelos: La M\u00e1quina Infernal 2015.","og_url":"https:\/\/booksfrommexico.com\/producto\/svaech-mutetik-sueno-de-pajaros\/","og_site_name":"Books From Mexico","article_modified_time":"2023-08-23T02:05:06+00:00","og_image":[{"width":400,"height":613,"url":"https:\/\/booksfrommexico.com\/app\/uploads\/2023\/05\/177790.jpeg","type":"image\/jpeg"}],"twitter_card":"summary_large_image","schema":{"@context":"https:\/\/schema.org","@graph":[{"@type":"WebPage","@id":"https:\/\/booksfrommexico.com\/producto\/svaech-mutetik-sueno-de-pajaros\/","url":"https:\/\/booksfrommexico.com\/producto\/svaech-mutetik-sueno-de-pajaros\/","name":"Svaech mutetik = Sue\u00f1o de p\u00e1jaros - Books From Mexico","isPartOf":{"@id":"https:\/\/booksfrommexico.com\/#website"},"primaryImageOfPage":{"@id":"https:\/\/booksfrommexico.com\/producto\/svaech-mutetik-sueno-de-pajaros\/#primaryimage"},"image":{"@id":"https:\/\/booksfrommexico.com\/producto\/svaech-mutetik-sueno-de-pajaros\/#primaryimage"},"thumbnailUrl":"https:\/\/booksfrommexico.com\/app\/uploads\/2023\/05\/177790.jpeg","datePublished":"2023-05-08T17:11:07+00:00","dateModified":"2023-08-23T02:05:06+00:00","description":"Bolom Pale, Manuel SVAECH MUTETIK = SUE\u00f1O DE P\u00c1JAROS. \/ Manuel Bolom Pale; Judith Santopietro, presentaci\u00f3n Cuernavaca, Morelos: La M\u00e1quina Infernal 2015.","breadcrumb":{"@id":"https:\/\/booksfrommexico.com\/producto\/svaech-mutetik-sueno-de-pajaros\/#breadcrumb"},"inLanguage":"es","potentialAction":[{"@type":"ReadAction","target":["https:\/\/booksfrommexico.com\/producto\/svaech-mutetik-sueno-de-pajaros\/"]}]},{"@type":"ImageObject","inLanguage":"es","@id":"https:\/\/booksfrommexico.com\/producto\/svaech-mutetik-sueno-de-pajaros\/#primaryimage","url":"https:\/\/booksfrommexico.com\/app\/uploads\/2023\/05\/177790.jpeg","contentUrl":"https:\/\/booksfrommexico.com\/app\/uploads\/2023\/05\/177790.jpeg","width":400,"height":613},{"@type":"BreadcrumbList","@id":"https:\/\/booksfrommexico.com\/producto\/svaech-mutetik-sueno-de-pajaros\/#breadcrumb","itemListElement":[{"@type":"ListItem","position":1,"name":"Home","item":"https:\/\/booksfrommexico.com\/es\/"},{"@type":"ListItem","position":2,"name":"Libros","item":"https:\/\/booksfrommexico.com\/es\/libros\/"},{"@type":"ListItem","position":3,"name":"Svaech mutetik = Sue\u00f1o de p\u00e1jaros"}]},{"@type":"WebSite","@id":"https:\/\/booksfrommexico.com\/#website","url":"https:\/\/booksfrommexico.com\/","name":"Books From Mexico","description":"","publisher":{"@id":"https:\/\/booksfrommexico.com\/#organization"},"potentialAction":[{"@type":"SearchAction","target":{"@type":"EntryPoint","urlTemplate":"https:\/\/booksfrommexico.com\/?s={search_term_string}"},"query-input":{"@type":"PropertyValueSpecification","valueRequired":true,"valueName":"search_term_string"}}],"inLanguage":"es"},{"@type":"Organization","@id":"https:\/\/booksfrommexico.com\/#organization","name":"Books From Mexico","url":"https:\/\/booksfrommexico.com\/","logo":{"@type":"ImageObject","inLanguage":"es","@id":"https:\/\/booksfrommexico.com\/#\/schema\/logo\/image\/","url":"https:\/\/booksfrommexico.com\/app\/uploads\/2023\/05\/logo-booksfrommexico.svg","contentUrl":"https:\/\/booksfrommexico.com\/app\/uploads\/2023\/05\/logo-booksfrommexico.svg","width":86,"height":56,"caption":"Books From Mexico"},"image":{"@id":"https:\/\/booksfrommexico.com\/#\/schema\/logo\/image\/"}}]}},"_links":{"self":[{"href":"https:\/\/booksfrommexico.com\/es\/wp-json\/wp\/v2\/product\/1102","targetHints":{"allow":["GET"]}}],"collection":[{"href":"https:\/\/booksfrommexico.com\/es\/wp-json\/wp\/v2\/product"}],"about":[{"href":"https:\/\/booksfrommexico.com\/es\/wp-json\/wp\/v2\/types\/product"}],"wp:featuredmedia":[{"embeddable":true,"href":"https:\/\/booksfrommexico.com\/es\/wp-json\/wp\/v2\/media\/1101"}],"wp:attachment":[{"href":"https:\/\/booksfrommexico.com\/es\/wp-json\/wp\/v2\/media?parent=1102"}],"wp:term":[{"taxonomy":"product_brand","embeddable":true,"href":"https:\/\/booksfrommexico.com\/es\/wp-json\/wp\/v2\/product_brand?post=1102"},{"taxonomy":"product_cat","embeddable":true,"href":"https:\/\/booksfrommexico.com\/es\/wp-json\/wp\/v2\/product_cat?post=1102"},{"taxonomy":"product_tag","embeddable":true,"href":"https:\/\/booksfrommexico.com\/es\/wp-json\/wp\/v2\/product_tag?post=1102"}],"curies":[{"name":"wp","href":"https:\/\/api.w.org\/{rel}","templated":true}]}}