{"id":111,"date":"2023-05-08T16:11:20","date_gmt":"2023-05-08T16:11:20","guid":{"rendered":"http:\/\/booksfrommexico.com\/product\/fronteras-en-america-del-norte-estudios-multidisciplinarios\/"},"modified":"2024-10-02T23:30:10","modified_gmt":"2024-10-02T23:30:10","slug":"fronteras-en-america-del-norte-estudios-multidisciplinarios","status":"publish","type":"product","link":"https:\/\/booksfrommexico.com\/es\/producto\/fronteras-en-america-del-norte-estudios-multidisciplinarios\/","title":{"rendered":"Fronteras en Am\u00e9rica del Norte: Estudios multidisciplinarios"},"content":{"rendered":"<p id=\"tw-target-text\" class=\"tw-data-text tw-text-large tw-ta\" dir=\"ltr\" data-placeholder=\"Traducci\u00f3n\" data-ved=\"2ahUKEwjZnZun_P2CAxW5NEQIHXOGAygQ3ewLegQIBRAQ\"><span style=\"font-weight: 400;\">El Tratado de Libre Comercio de Am\u00e9rica del Norte, m\u00e1s all\u00e1 de sus objetivos inmediatos, plante\u00f3 la opci\u00f3n de una integraci\u00f3n que, adem\u00e1s de profundizar en lo econ\u00f3mico, considera aspectos sociales y pol\u00edticos presentes en la realidad que comparten los pa\u00edses de esta regi\u00f3n. Los estudios que se re\u00fanen aqu\u00ed se guiaron por el inter\u00e9s de aportar elementos de discusi\u00f3n en el \u00e1rea de estudios comparados M\u00e9xico-Canad\u00e1, buscando debatir aquellos aspectos tanto te\u00f3ricos como emp\u00edricos de los espacios fronterizos. Los editores consideran que en los trabajos reunidos aqu\u00ed podr\u00e1n encontrar aspectos de reflexi\u00f3n que trascienden las definiciones formales y escuetas respecto a su car\u00e1cter pol\u00edtico-administrativo o econ\u00f3mico.<\/span><\/p>\n","protected":false},"excerpt":{"rendered":"<p>FRONTERAS EN AM\u00c9RICA DEL NORTE : ESTUDIOS MULTIDISCIPLINARIOS<span style=\"font-weight: 400;\">. \/ Alejandro Mercado Celis, Elizabeth Guti\u00e9rrez Romero (editors). M\u00e9xico, D.F. : Universidad Nacional Aut\u00f3noma de M\u00e9xico , Centro de Investigaciones Sobre Am\u00e9rica del Norte, 2004. 534 pages : includes tables, graphics, notes, charts, bibliography at the end of each chapter ; 23 cm. ISBN : 9703213790. <\/span><\/p>\n","protected":false},"featured_media":110,"template":"","meta":{"_acf_changed":false,"inline_featured_image":false},"product_brand":[],"product_cat":[66,78],"product_tag":[4411,3685,3594,3683,3687],"class_list":{"0":"post-111","1":"product","2":"type-product","3":"status-publish","4":"has-post-thumbnail","6":"product_cat-sociocultural","7":"product_cat-sociologia","8":"product_tag-frontera-norte","9":"product_tag-inmigracion","10":"product_tag-mexico","11":"product_tag-multiculturalismo","12":"product_tag-norte-america","14":"first","15":"instock","16":"sale","17":"taxable","18":"shipping-taxable","19":"purchasable","20":"product-type-simple"},"acf":[],"yoast_head":"<!-- This site is optimized with the Yoast SEO plugin v27.3 - https:\/\/yoast.com\/product\/yoast-seo-wordpress\/ -->\n<title>Fronteras en Am\u00e9rica del Norte: Estudios multidisciplinarios<\/title>\n<meta name=\"description\" content=\"FRONTERAS EN AM\u00c9RICA DEL NORTE : ESTUDIOS MULTIDISCIPLINARIOS. \/ Alejandro Mercado Celis, Elizabeth Guti\u00e9rrez Romero (editors). UNAM , CISAN.\" \/>\n<meta name=\"robots\" content=\"index, follow, max-snippet:-1, max-image-preview:large, max-video-preview:-1\" \/>\n<link rel=\"canonical\" href=\"https:\/\/booksfrommexico.com\/es\/producto\/fronteras-en-america-del-norte-estudios-multidisciplinarios\/\" \/>\n<meta property=\"og:locale\" content=\"es_ES\" \/>\n<meta property=\"og:type\" content=\"article\" \/>\n<meta property=\"og:title\" content=\"Fronteras en Am\u00e9rica del Norte: Estudios multidisciplinarios\" \/>\n<meta property=\"og:description\" content=\"FRONTERAS EN AM\u00c9RICA DEL NORTE : ESTUDIOS MULTIDISCIPLINARIOS. \/ Alejandro Mercado Celis, Elizabeth Guti\u00e9rrez Romero (editors). UNAM , CISAN.\" \/>\n<meta property=\"og:url\" content=\"https:\/\/booksfrommexico.com\/es\/producto\/fronteras-en-america-del-norte-estudios-multidisciplinarios\/\" \/>\n<meta property=\"og:site_name\" content=\"Books From Mexico\" \/>\n<meta property=\"article:modified_time\" content=\"2024-10-02T23:30:10+00:00\" \/>\n<meta property=\"og:image\" content=\"http:\/\/booksfrommexico.com\/app\/uploads\/2023\/05\/125215.jpeg\" \/>\n\t<meta property=\"og:image:width\" content=\"436\" \/>\n\t<meta property=\"og:image:height\" content=\"662\" \/>\n\t<meta property=\"og:image:type\" content=\"image\/jpeg\" \/>\n<meta name=\"twitter:card\" content=\"summary_large_image\" \/>\n<meta name=\"twitter:label1\" content=\"Tiempo de lectura\" \/>\n\t<meta name=\"twitter:data1\" content=\"1 minuto\" \/>\n<script type=\"application\/ld+json\" class=\"yoast-schema-graph\">{\"@context\":\"https:\\\/\\\/schema.org\",\"@graph\":[{\"@type\":\"WebPage\",\"@id\":\"https:\\\/\\\/booksfrommexico.com\\\/es\\\/producto\\\/fronteras-en-america-del-norte-estudios-multidisciplinarios\\\/\",\"url\":\"https:\\\/\\\/booksfrommexico.com\\\/es\\\/producto\\\/fronteras-en-america-del-norte-estudios-multidisciplinarios\\\/\",\"name\":\"Fronteras en Am\u00e9rica del Norte: Estudios multidisciplinarios\",\"isPartOf\":{\"@id\":\"https:\\\/\\\/booksfrommexico.com\\\/#website\"},\"primaryImageOfPage\":{\"@id\":\"https:\\\/\\\/booksfrommexico.com\\\/es\\\/producto\\\/fronteras-en-america-del-norte-estudios-multidisciplinarios\\\/#primaryimage\"},\"image\":{\"@id\":\"https:\\\/\\\/booksfrommexico.com\\\/es\\\/producto\\\/fronteras-en-america-del-norte-estudios-multidisciplinarios\\\/#primaryimage\"},\"thumbnailUrl\":\"https:\\\/\\\/booksfrommexico.com\\\/app\\\/uploads\\\/2023\\\/05\\\/125215.jpeg\",\"datePublished\":\"2023-05-08T16:11:20+00:00\",\"dateModified\":\"2024-10-02T23:30:10+00:00\",\"description\":\"FRONTERAS EN AM\u00c9RICA DEL NORTE : ESTUDIOS MULTIDISCIPLINARIOS. \\\/ Alejandro Mercado Celis, Elizabeth Guti\u00e9rrez Romero (editors). UNAM , CISAN.\",\"breadcrumb\":{\"@id\":\"https:\\\/\\\/booksfrommexico.com\\\/es\\\/producto\\\/fronteras-en-america-del-norte-estudios-multidisciplinarios\\\/#breadcrumb\"},\"inLanguage\":\"es\",\"potentialAction\":[{\"@type\":\"ReadAction\",\"target\":[\"https:\\\/\\\/booksfrommexico.com\\\/es\\\/producto\\\/fronteras-en-america-del-norte-estudios-multidisciplinarios\\\/\"]}]},{\"@type\":\"ImageObject\",\"inLanguage\":\"es\",\"@id\":\"https:\\\/\\\/booksfrommexico.com\\\/es\\\/producto\\\/fronteras-en-america-del-norte-estudios-multidisciplinarios\\\/#primaryimage\",\"url\":\"https:\\\/\\\/booksfrommexico.com\\\/app\\\/uploads\\\/2023\\\/05\\\/125215.jpeg\",\"contentUrl\":\"https:\\\/\\\/booksfrommexico.com\\\/app\\\/uploads\\\/2023\\\/05\\\/125215.jpeg\",\"width\":436,\"height\":662,\"caption\":\"FRONTERAS EN AM\u00c9RICA DEL NORTE : ESTUDIOS MULTIDISCIPLINARIOS\"},{\"@type\":\"BreadcrumbList\",\"@id\":\"https:\\\/\\\/booksfrommexico.com\\\/es\\\/producto\\\/fronteras-en-america-del-norte-estudios-multidisciplinarios\\\/#breadcrumb\",\"itemListElement\":[{\"@type\":\"ListItem\",\"position\":1,\"name\":\"Home\",\"item\":\"https:\\\/\\\/booksfrommexico.com\\\/es\\\/\"},{\"@type\":\"ListItem\",\"position\":2,\"name\":\"Libros\",\"item\":\"https:\\\/\\\/booksfrommexico.com\\\/es\\\/libros\\\/\"},{\"@type\":\"ListItem\",\"position\":3,\"name\":\"Fronteras en Am\u00e9rica del Norte: Estudios multidisciplinarios\"}]},{\"@type\":\"WebSite\",\"@id\":\"https:\\\/\\\/booksfrommexico.com\\\/#website\",\"url\":\"https:\\\/\\\/booksfrommexico.com\\\/\",\"name\":\"Books From Mexico\",\"description\":\"\",\"publisher\":{\"@id\":\"https:\\\/\\\/booksfrommexico.com\\\/#organization\"},\"potentialAction\":[{\"@type\":\"SearchAction\",\"target\":{\"@type\":\"EntryPoint\",\"urlTemplate\":\"https:\\\/\\\/booksfrommexico.com\\\/?s={search_term_string}\"},\"query-input\":{\"@type\":\"PropertyValueSpecification\",\"valueRequired\":true,\"valueName\":\"search_term_string\"}}],\"inLanguage\":\"es\"},{\"@type\":\"Organization\",\"@id\":\"https:\\\/\\\/booksfrommexico.com\\\/#organization\",\"name\":\"Books From Mexico\",\"url\":\"https:\\\/\\\/booksfrommexico.com\\\/\",\"logo\":{\"@type\":\"ImageObject\",\"inLanguage\":\"es\",\"@id\":\"https:\\\/\\\/booksfrommexico.com\\\/#\\\/schema\\\/logo\\\/image\\\/\",\"url\":\"https:\\\/\\\/booksfrommexico.com\\\/app\\\/uploads\\\/2023\\\/05\\\/logo-booksfrommexico.svg\",\"contentUrl\":\"https:\\\/\\\/booksfrommexico.com\\\/app\\\/uploads\\\/2023\\\/05\\\/logo-booksfrommexico.svg\",\"width\":86,\"height\":56,\"caption\":\"Books From Mexico\"},\"image\":{\"@id\":\"https:\\\/\\\/booksfrommexico.com\\\/#\\\/schema\\\/logo\\\/image\\\/\"}}]}<\/script>\n<!-- \/ Yoast SEO plugin. -->","yoast_head_json":{"title":"Fronteras en Am\u00e9rica del Norte: Estudios multidisciplinarios","description":"FRONTERAS EN AM\u00c9RICA DEL NORTE : ESTUDIOS MULTIDISCIPLINARIOS. \/ Alejandro Mercado Celis, Elizabeth Guti\u00e9rrez Romero (editors). UNAM , CISAN.","robots":{"index":"index","follow":"follow","max-snippet":"max-snippet:-1","max-image-preview":"max-image-preview:large","max-video-preview":"max-video-preview:-1"},"canonical":"https:\/\/booksfrommexico.com\/es\/producto\/fronteras-en-america-del-norte-estudios-multidisciplinarios\/","og_locale":"es_ES","og_type":"article","og_title":"Fronteras en Am\u00e9rica del Norte: Estudios multidisciplinarios","og_description":"FRONTERAS EN AM\u00c9RICA DEL NORTE : ESTUDIOS MULTIDISCIPLINARIOS. \/ Alejandro Mercado Celis, Elizabeth Guti\u00e9rrez Romero (editors). UNAM , CISAN.","og_url":"https:\/\/booksfrommexico.com\/es\/producto\/fronteras-en-america-del-norte-estudios-multidisciplinarios\/","og_site_name":"Books From Mexico","article_modified_time":"2024-10-02T23:30:10+00:00","og_image":[{"width":436,"height":662,"url":"http:\/\/booksfrommexico.com\/app\/uploads\/2023\/05\/125215.jpeg","type":"image\/jpeg"}],"twitter_card":"summary_large_image","twitter_misc":{"Tiempo de lectura":"1 minuto"},"schema":{"@context":"https:\/\/schema.org","@graph":[{"@type":"WebPage","@id":"https:\/\/booksfrommexico.com\/es\/producto\/fronteras-en-america-del-norte-estudios-multidisciplinarios\/","url":"https:\/\/booksfrommexico.com\/es\/producto\/fronteras-en-america-del-norte-estudios-multidisciplinarios\/","name":"Fronteras en Am\u00e9rica del Norte: Estudios multidisciplinarios","isPartOf":{"@id":"https:\/\/booksfrommexico.com\/#website"},"primaryImageOfPage":{"@id":"https:\/\/booksfrommexico.com\/es\/producto\/fronteras-en-america-del-norte-estudios-multidisciplinarios\/#primaryimage"},"image":{"@id":"https:\/\/booksfrommexico.com\/es\/producto\/fronteras-en-america-del-norte-estudios-multidisciplinarios\/#primaryimage"},"thumbnailUrl":"https:\/\/booksfrommexico.com\/app\/uploads\/2023\/05\/125215.jpeg","datePublished":"2023-05-08T16:11:20+00:00","dateModified":"2024-10-02T23:30:10+00:00","description":"FRONTERAS EN AM\u00c9RICA DEL NORTE : ESTUDIOS MULTIDISCIPLINARIOS. \/ Alejandro Mercado Celis, Elizabeth Guti\u00e9rrez Romero (editors). UNAM , CISAN.","breadcrumb":{"@id":"https:\/\/booksfrommexico.com\/es\/producto\/fronteras-en-america-del-norte-estudios-multidisciplinarios\/#breadcrumb"},"inLanguage":"es","potentialAction":[{"@type":"ReadAction","target":["https:\/\/booksfrommexico.com\/es\/producto\/fronteras-en-america-del-norte-estudios-multidisciplinarios\/"]}]},{"@type":"ImageObject","inLanguage":"es","@id":"https:\/\/booksfrommexico.com\/es\/producto\/fronteras-en-america-del-norte-estudios-multidisciplinarios\/#primaryimage","url":"https:\/\/booksfrommexico.com\/app\/uploads\/2023\/05\/125215.jpeg","contentUrl":"https:\/\/booksfrommexico.com\/app\/uploads\/2023\/05\/125215.jpeg","width":436,"height":662,"caption":"FRONTERAS EN AM\u00c9RICA DEL NORTE : ESTUDIOS MULTIDISCIPLINARIOS"},{"@type":"BreadcrumbList","@id":"https:\/\/booksfrommexico.com\/es\/producto\/fronteras-en-america-del-norte-estudios-multidisciplinarios\/#breadcrumb","itemListElement":[{"@type":"ListItem","position":1,"name":"Home","item":"https:\/\/booksfrommexico.com\/es\/"},{"@type":"ListItem","position":2,"name":"Libros","item":"https:\/\/booksfrommexico.com\/es\/libros\/"},{"@type":"ListItem","position":3,"name":"Fronteras en Am\u00e9rica del Norte: Estudios multidisciplinarios"}]},{"@type":"WebSite","@id":"https:\/\/booksfrommexico.com\/#website","url":"https:\/\/booksfrommexico.com\/","name":"Books From Mexico","description":"","publisher":{"@id":"https:\/\/booksfrommexico.com\/#organization"},"potentialAction":[{"@type":"SearchAction","target":{"@type":"EntryPoint","urlTemplate":"https:\/\/booksfrommexico.com\/?s={search_term_string}"},"query-input":{"@type":"PropertyValueSpecification","valueRequired":true,"valueName":"search_term_string"}}],"inLanguage":"es"},{"@type":"Organization","@id":"https:\/\/booksfrommexico.com\/#organization","name":"Books From Mexico","url":"https:\/\/booksfrommexico.com\/","logo":{"@type":"ImageObject","inLanguage":"es","@id":"https:\/\/booksfrommexico.com\/#\/schema\/logo\/image\/","url":"https:\/\/booksfrommexico.com\/app\/uploads\/2023\/05\/logo-booksfrommexico.svg","contentUrl":"https:\/\/booksfrommexico.com\/app\/uploads\/2023\/05\/logo-booksfrommexico.svg","width":86,"height":56,"caption":"Books From Mexico"},"image":{"@id":"https:\/\/booksfrommexico.com\/#\/schema\/logo\/image\/"}}]}},"_links":{"self":[{"href":"https:\/\/booksfrommexico.com\/es\/wp-json\/wp\/v2\/product\/111","targetHints":{"allow":["GET"]}}],"collection":[{"href":"https:\/\/booksfrommexico.com\/es\/wp-json\/wp\/v2\/product"}],"about":[{"href":"https:\/\/booksfrommexico.com\/es\/wp-json\/wp\/v2\/types\/product"}],"wp:featuredmedia":[{"embeddable":true,"href":"https:\/\/booksfrommexico.com\/es\/wp-json\/wp\/v2\/media\/110"}],"wp:attachment":[{"href":"https:\/\/booksfrommexico.com\/es\/wp-json\/wp\/v2\/media?parent=111"}],"wp:term":[{"taxonomy":"product_brand","embeddable":true,"href":"https:\/\/booksfrommexico.com\/es\/wp-json\/wp\/v2\/product_brand?post=111"},{"taxonomy":"product_cat","embeddable":true,"href":"https:\/\/booksfrommexico.com\/es\/wp-json\/wp\/v2\/product_cat?post=111"},{"taxonomy":"product_tag","embeddable":true,"href":"https:\/\/booksfrommexico.com\/es\/wp-json\/wp\/v2\/product_tag?post=111"}],"curies":[{"name":"wp","href":"https:\/\/api.w.org\/{rel}","templated":true}]}}