{"id":1112,"date":"2023-05-08T17:11:15","date_gmt":"2023-05-08T17:11:15","guid":{"rendered":"http:\/\/booksfrommexico.com\/product\/seguir-las-huellas-hacia-el-centenario-del-primer-congreso-feminista-1916-2016\/"},"modified":"2024-05-10T19:48:33","modified_gmt":"2024-05-10T19:48:33","slug":"seguir-las-huellas-hacia-el-centenario-del-primer-congreso-feminista-1916-2016","status":"publish","type":"product","link":"https:\/\/booksfrommexico.com\/es\/producto\/seguir-las-huellas-hacia-el-centenario-del-primer-congreso-feminista-1916-2016\/","title":{"rendered":"Seguir las huellas: Hacia el Centenario del Primer Congreso Feminista 1916-2016"},"content":{"rendered":"<p><span style=\"font-weight: 400;\">En este t\u00edtulo se recopilan los trabajos presentados en el II Seminario de Historia de las Mujeres y de G\u00e9nero, realizado los d\u00edas 12 y 13 de noviembre de 2014 en la ciudad de Cuetzalan del Progreso, Puebla. A lo largo de estos trabajos, es evidente el inter\u00e9s tanto de organizadoras y participantes para conmemorar en el 2016 el primer centenario de del Primer Congreso Feminista con la intenci\u00f3n de visibilizar a las mujeres y estudiaras en un amplio contexto, complejo, y en algunos casos adverso. La visi\u00f3n que se recupera en estos textos busca reconstruir las historias individuales de las mujeres a lo largo de los siglos, conocer sus espacios, actividades y ambiciones.<\/span><\/p>\n","protected":false},"excerpt":{"rendered":"<p>SEGUIR LAS HUELLAS : HACIA EL CENTENARIO DEL PRIMER CONGRESO FEMINISTA : 1916-2016<span style=\"font-weight: 400;\">. \/ Gloria A. Tirado Villegas, Elva Rivera G\u00f3mez (coordinators). Puebla, Puebla, M\u00e9xico : Benem\u00e9rita Universidad Aut\u00f3noma de Puebla , Direcci\u00f3n de Fomento Editorial ; Culiac\u00e1n, Sinaloa : Universidad Aut\u00f3noma de Sinaloa , Direcci\u00f3n de Editorial, 2015. 348 pages : includes tables, charts, bibliography at the end of each chapter ; 23 cm. ISBN : 9786074879063 (BUAP) ; 9786077370901 (UAS).<\/span><\/p>\n","protected":false},"featured_media":1111,"template":"","meta":{"_acf_changed":false,"inline_featured_image":false},"product_brand":[],"product_cat":[147,148,1551],"product_tag":[4211,4003],"class_list":{"0":"post-1112","1":"product","2":"type-product","3":"status-publish","4":"has-post-thumbnail","6":"product_cat-estudios-de-genero","7":"product_cat-estudios-sobre-las-mujeres-estudios-de-genero","8":"product_cat-feminismo-estudios-de-genero","9":"product_tag-feminismo","10":"product_tag-seminarios-y-congresos","12":"first","13":"instock","14":"taxable","15":"shipping-taxable","16":"purchasable","17":"product-type-simple"},"acf":[],"yoast_head":"<!-- This site is optimized with the Yoast SEO plugin v27.3 - https:\/\/yoast.com\/product\/yoast-seo-wordpress\/ -->\n<title>Seguir las huellas<\/title>\n<meta name=\"description\" content=\"SEGUIR LAS HUELLAS : HACIA EL CENTENARIO DEL PRIMER CONGRESO FEMINISTA : 1916-2016. \/ Gloria A. Tirado Villegas, Elva Rivera G\u00f3mez (coordinators).\" \/>\n<meta name=\"robots\" content=\"index, follow, max-snippet:-1, max-image-preview:large, max-video-preview:-1\" \/>\n<link rel=\"canonical\" href=\"https:\/\/booksfrommexico.com\/es\/producto\/seguir-las-huellas-hacia-el-centenario-del-primer-congreso-feminista-1916-2016\/\" \/>\n<meta property=\"og:locale\" content=\"es_ES\" \/>\n<meta property=\"og:type\" content=\"article\" \/>\n<meta property=\"og:title\" content=\"Seguir las huellas\" \/>\n<meta property=\"og:description\" content=\"SEGUIR LAS HUELLAS : HACIA EL CENTENARIO DEL PRIMER CONGRESO FEMINISTA : 1916-2016. \/ Gloria A. Tirado Villegas, Elva Rivera G\u00f3mez (coordinators).\" \/>\n<meta property=\"og:url\" content=\"https:\/\/booksfrommexico.com\/es\/producto\/seguir-las-huellas-hacia-el-centenario-del-primer-congreso-feminista-1916-2016\/\" \/>\n<meta property=\"og:site_name\" content=\"Books From Mexico\" \/>\n<meta property=\"article:modified_time\" content=\"2024-05-10T19:48:33+00:00\" \/>\n<meta property=\"og:image\" content=\"http:\/\/booksfrommexico.com\/app\/uploads\/2023\/05\/179776.jpeg\" \/>\n\t<meta property=\"og:image:width\" content=\"475\" \/>\n\t<meta property=\"og:image:height\" content=\"647\" \/>\n\t<meta property=\"og:image:type\" content=\"image\/jpeg\" \/>\n<meta name=\"twitter:card\" content=\"summary_large_image\" \/>\n<meta name=\"twitter:label1\" content=\"Tiempo de lectura\" \/>\n\t<meta name=\"twitter:data1\" content=\"1 minuto\" \/>\n<script type=\"application\/ld+json\" class=\"yoast-schema-graph\">{\"@context\":\"https:\\\/\\\/schema.org\",\"@graph\":[{\"@type\":\"WebPage\",\"@id\":\"https:\\\/\\\/booksfrommexico.com\\\/es\\\/producto\\\/seguir-las-huellas-hacia-el-centenario-del-primer-congreso-feminista-1916-2016\\\/\",\"url\":\"https:\\\/\\\/booksfrommexico.com\\\/es\\\/producto\\\/seguir-las-huellas-hacia-el-centenario-del-primer-congreso-feminista-1916-2016\\\/\",\"name\":\"Seguir las huellas\",\"isPartOf\":{\"@id\":\"https:\\\/\\\/booksfrommexico.com\\\/#website\"},\"primaryImageOfPage\":{\"@id\":\"https:\\\/\\\/booksfrommexico.com\\\/es\\\/producto\\\/seguir-las-huellas-hacia-el-centenario-del-primer-congreso-feminista-1916-2016\\\/#primaryimage\"},\"image\":{\"@id\":\"https:\\\/\\\/booksfrommexico.com\\\/es\\\/producto\\\/seguir-las-huellas-hacia-el-centenario-del-primer-congreso-feminista-1916-2016\\\/#primaryimage\"},\"thumbnailUrl\":\"https:\\\/\\\/booksfrommexico.com\\\/app\\\/uploads\\\/2023\\\/05\\\/179776.jpeg\",\"datePublished\":\"2023-05-08T17:11:15+00:00\",\"dateModified\":\"2024-05-10T19:48:33+00:00\",\"description\":\"SEGUIR LAS HUELLAS : HACIA EL CENTENARIO DEL PRIMER CONGRESO FEMINISTA : 1916-2016. \\\/ Gloria A. Tirado Villegas, Elva Rivera G\u00f3mez (coordinators).\",\"breadcrumb\":{\"@id\":\"https:\\\/\\\/booksfrommexico.com\\\/es\\\/producto\\\/seguir-las-huellas-hacia-el-centenario-del-primer-congreso-feminista-1916-2016\\\/#breadcrumb\"},\"inLanguage\":\"es\",\"potentialAction\":[{\"@type\":\"ReadAction\",\"target\":[\"https:\\\/\\\/booksfrommexico.com\\\/es\\\/producto\\\/seguir-las-huellas-hacia-el-centenario-del-primer-congreso-feminista-1916-2016\\\/\"]}]},{\"@type\":\"ImageObject\",\"inLanguage\":\"es\",\"@id\":\"https:\\\/\\\/booksfrommexico.com\\\/es\\\/producto\\\/seguir-las-huellas-hacia-el-centenario-del-primer-congreso-feminista-1916-2016\\\/#primaryimage\",\"url\":\"https:\\\/\\\/booksfrommexico.com\\\/app\\\/uploads\\\/2023\\\/05\\\/179776.jpeg\",\"contentUrl\":\"https:\\\/\\\/booksfrommexico.com\\\/app\\\/uploads\\\/2023\\\/05\\\/179776.jpeg\",\"width\":475,\"height\":647},{\"@type\":\"BreadcrumbList\",\"@id\":\"https:\\\/\\\/booksfrommexico.com\\\/es\\\/producto\\\/seguir-las-huellas-hacia-el-centenario-del-primer-congreso-feminista-1916-2016\\\/#breadcrumb\",\"itemListElement\":[{\"@type\":\"ListItem\",\"position\":1,\"name\":\"Home\",\"item\":\"https:\\\/\\\/booksfrommexico.com\\\/es\\\/\"},{\"@type\":\"ListItem\",\"position\":2,\"name\":\"Libros\",\"item\":\"https:\\\/\\\/booksfrommexico.com\\\/es\\\/libros\\\/\"},{\"@type\":\"ListItem\",\"position\":3,\"name\":\"Seguir las huellas: Hacia el Centenario del Primer Congreso Feminista 1916-2016\"}]},{\"@type\":\"WebSite\",\"@id\":\"https:\\\/\\\/booksfrommexico.com\\\/#website\",\"url\":\"https:\\\/\\\/booksfrommexico.com\\\/\",\"name\":\"Books From Mexico\",\"description\":\"\",\"publisher\":{\"@id\":\"https:\\\/\\\/booksfrommexico.com\\\/#organization\"},\"potentialAction\":[{\"@type\":\"SearchAction\",\"target\":{\"@type\":\"EntryPoint\",\"urlTemplate\":\"https:\\\/\\\/booksfrommexico.com\\\/?s={search_term_string}\"},\"query-input\":{\"@type\":\"PropertyValueSpecification\",\"valueRequired\":true,\"valueName\":\"search_term_string\"}}],\"inLanguage\":\"es\"},{\"@type\":\"Organization\",\"@id\":\"https:\\\/\\\/booksfrommexico.com\\\/#organization\",\"name\":\"Books From Mexico\",\"url\":\"https:\\\/\\\/booksfrommexico.com\\\/\",\"logo\":{\"@type\":\"ImageObject\",\"inLanguage\":\"es\",\"@id\":\"https:\\\/\\\/booksfrommexico.com\\\/#\\\/schema\\\/logo\\\/image\\\/\",\"url\":\"https:\\\/\\\/booksfrommexico.com\\\/app\\\/uploads\\\/2023\\\/05\\\/logo-booksfrommexico.svg\",\"contentUrl\":\"https:\\\/\\\/booksfrommexico.com\\\/app\\\/uploads\\\/2023\\\/05\\\/logo-booksfrommexico.svg\",\"width\":86,\"height\":56,\"caption\":\"Books From Mexico\"},\"image\":{\"@id\":\"https:\\\/\\\/booksfrommexico.com\\\/#\\\/schema\\\/logo\\\/image\\\/\"}}]}<\/script>\n<!-- \/ Yoast SEO plugin. -->","yoast_head_json":{"title":"Seguir las huellas","description":"SEGUIR LAS HUELLAS : HACIA EL CENTENARIO DEL PRIMER CONGRESO FEMINISTA : 1916-2016. \/ Gloria A. Tirado Villegas, Elva Rivera G\u00f3mez (coordinators).","robots":{"index":"index","follow":"follow","max-snippet":"max-snippet:-1","max-image-preview":"max-image-preview:large","max-video-preview":"max-video-preview:-1"},"canonical":"https:\/\/booksfrommexico.com\/es\/producto\/seguir-las-huellas-hacia-el-centenario-del-primer-congreso-feminista-1916-2016\/","og_locale":"es_ES","og_type":"article","og_title":"Seguir las huellas","og_description":"SEGUIR LAS HUELLAS : HACIA EL CENTENARIO DEL PRIMER CONGRESO FEMINISTA : 1916-2016. \/ Gloria A. Tirado Villegas, Elva Rivera G\u00f3mez (coordinators).","og_url":"https:\/\/booksfrommexico.com\/es\/producto\/seguir-las-huellas-hacia-el-centenario-del-primer-congreso-feminista-1916-2016\/","og_site_name":"Books From Mexico","article_modified_time":"2024-05-10T19:48:33+00:00","og_image":[{"width":475,"height":647,"url":"http:\/\/booksfrommexico.com\/app\/uploads\/2023\/05\/179776.jpeg","type":"image\/jpeg"}],"twitter_card":"summary_large_image","twitter_misc":{"Tiempo de lectura":"1 minuto"},"schema":{"@context":"https:\/\/schema.org","@graph":[{"@type":"WebPage","@id":"https:\/\/booksfrommexico.com\/es\/producto\/seguir-las-huellas-hacia-el-centenario-del-primer-congreso-feminista-1916-2016\/","url":"https:\/\/booksfrommexico.com\/es\/producto\/seguir-las-huellas-hacia-el-centenario-del-primer-congreso-feminista-1916-2016\/","name":"Seguir las huellas","isPartOf":{"@id":"https:\/\/booksfrommexico.com\/#website"},"primaryImageOfPage":{"@id":"https:\/\/booksfrommexico.com\/es\/producto\/seguir-las-huellas-hacia-el-centenario-del-primer-congreso-feminista-1916-2016\/#primaryimage"},"image":{"@id":"https:\/\/booksfrommexico.com\/es\/producto\/seguir-las-huellas-hacia-el-centenario-del-primer-congreso-feminista-1916-2016\/#primaryimage"},"thumbnailUrl":"https:\/\/booksfrommexico.com\/app\/uploads\/2023\/05\/179776.jpeg","datePublished":"2023-05-08T17:11:15+00:00","dateModified":"2024-05-10T19:48:33+00:00","description":"SEGUIR LAS HUELLAS : HACIA EL CENTENARIO DEL PRIMER CONGRESO FEMINISTA : 1916-2016. \/ Gloria A. Tirado Villegas, Elva Rivera G\u00f3mez (coordinators).","breadcrumb":{"@id":"https:\/\/booksfrommexico.com\/es\/producto\/seguir-las-huellas-hacia-el-centenario-del-primer-congreso-feminista-1916-2016\/#breadcrumb"},"inLanguage":"es","potentialAction":[{"@type":"ReadAction","target":["https:\/\/booksfrommexico.com\/es\/producto\/seguir-las-huellas-hacia-el-centenario-del-primer-congreso-feminista-1916-2016\/"]}]},{"@type":"ImageObject","inLanguage":"es","@id":"https:\/\/booksfrommexico.com\/es\/producto\/seguir-las-huellas-hacia-el-centenario-del-primer-congreso-feminista-1916-2016\/#primaryimage","url":"https:\/\/booksfrommexico.com\/app\/uploads\/2023\/05\/179776.jpeg","contentUrl":"https:\/\/booksfrommexico.com\/app\/uploads\/2023\/05\/179776.jpeg","width":475,"height":647},{"@type":"BreadcrumbList","@id":"https:\/\/booksfrommexico.com\/es\/producto\/seguir-las-huellas-hacia-el-centenario-del-primer-congreso-feminista-1916-2016\/#breadcrumb","itemListElement":[{"@type":"ListItem","position":1,"name":"Home","item":"https:\/\/booksfrommexico.com\/es\/"},{"@type":"ListItem","position":2,"name":"Libros","item":"https:\/\/booksfrommexico.com\/es\/libros\/"},{"@type":"ListItem","position":3,"name":"Seguir las huellas: Hacia el Centenario del Primer Congreso Feminista 1916-2016"}]},{"@type":"WebSite","@id":"https:\/\/booksfrommexico.com\/#website","url":"https:\/\/booksfrommexico.com\/","name":"Books From Mexico","description":"","publisher":{"@id":"https:\/\/booksfrommexico.com\/#organization"},"potentialAction":[{"@type":"SearchAction","target":{"@type":"EntryPoint","urlTemplate":"https:\/\/booksfrommexico.com\/?s={search_term_string}"},"query-input":{"@type":"PropertyValueSpecification","valueRequired":true,"valueName":"search_term_string"}}],"inLanguage":"es"},{"@type":"Organization","@id":"https:\/\/booksfrommexico.com\/#organization","name":"Books From Mexico","url":"https:\/\/booksfrommexico.com\/","logo":{"@type":"ImageObject","inLanguage":"es","@id":"https:\/\/booksfrommexico.com\/#\/schema\/logo\/image\/","url":"https:\/\/booksfrommexico.com\/app\/uploads\/2023\/05\/logo-booksfrommexico.svg","contentUrl":"https:\/\/booksfrommexico.com\/app\/uploads\/2023\/05\/logo-booksfrommexico.svg","width":86,"height":56,"caption":"Books From Mexico"},"image":{"@id":"https:\/\/booksfrommexico.com\/#\/schema\/logo\/image\/"}}]}},"_links":{"self":[{"href":"https:\/\/booksfrommexico.com\/es\/wp-json\/wp\/v2\/product\/1112","targetHints":{"allow":["GET"]}}],"collection":[{"href":"https:\/\/booksfrommexico.com\/es\/wp-json\/wp\/v2\/product"}],"about":[{"href":"https:\/\/booksfrommexico.com\/es\/wp-json\/wp\/v2\/types\/product"}],"wp:featuredmedia":[{"embeddable":true,"href":"https:\/\/booksfrommexico.com\/es\/wp-json\/wp\/v2\/media\/1111"}],"wp:attachment":[{"href":"https:\/\/booksfrommexico.com\/es\/wp-json\/wp\/v2\/media?parent=1112"}],"wp:term":[{"taxonomy":"product_brand","embeddable":true,"href":"https:\/\/booksfrommexico.com\/es\/wp-json\/wp\/v2\/product_brand?post=1112"},{"taxonomy":"product_cat","embeddable":true,"href":"https:\/\/booksfrommexico.com\/es\/wp-json\/wp\/v2\/product_cat?post=1112"},{"taxonomy":"product_tag","embeddable":true,"href":"https:\/\/booksfrommexico.com\/es\/wp-json\/wp\/v2\/product_tag?post=1112"}],"curies":[{"name":"wp","href":"https:\/\/api.w.org\/{rel}","templated":true}]}}