{"id":1114,"date":"2023-05-08T17:11:16","date_gmt":"2023-05-08T17:11:16","guid":{"rendered":"http:\/\/booksfrommexico.com\/product\/miradas-desde-lo-social-en-urbanismo-cultura-genero-e-historia-una-perspectiva-de-jovenes-investigadores-universitarios\/"},"modified":"2024-11-21T22:17:07","modified_gmt":"2024-11-21T22:17:07","slug":"miradas-desde-lo-social-en-urbanismo-cultura-genero-e-historia-una-perspectiva-de-jovenes-investigadores-universitarios","status":"publish","type":"product","link":"https:\/\/booksfrommexico.com\/es\/producto\/miradas-desde-lo-social-en-urbanismo-cultura-genero-e-historia-una-perspectiva-de-jovenes-investigadores-universitarios\/","title":{"rendered":"Miradas desde lo social en urbanismo, cultura, g\u00e9nero e historia: Una perspectiva de j\u00f3venes investigadores universitarios"},"content":{"rendered":"<p><span style=\"font-weight: 400;\">En este t\u00edtulo se delimitan, desde la perspectiva de lo social, fundamentalmente cuatro temas: urbanismo, cultura, g\u00e9nero e historia. Esta publicaci\u00f3n es el resultado del trabajo de tesistas que presentaron sus investigaciones para obtener un grado en la Universidad Aut\u00f3noma de Quer\u00e9taro, y la instituci\u00f3n reconoce su esfuerzo como una tarea fundamental, especialmente por ser j\u00f3venes interesados en mantener la labor de investigaci\u00f3n. Se presentan aqu\u00ed 5 trabajos de tesis con temas diversos, que en su mayor\u00eda est\u00e1n enfocados en movimientos sociales, estudios de campo y an\u00e1lisis socioculturales en Quer\u00e9taro.<\/span><\/p>\n","protected":false},"excerpt":{"rendered":"<p>MIRADAS DESDE LO SOCIAL EN URBANISMO, CULTURA, G\u00c9NERO E HISTORIA : UNA PERSPECTIVA DE J\u00d3VENES INVESTIGADORES UNIVERSITARIOS. \/ Stefan Gandler, Oliva Sol\u00eds Hern\u00e1ndez, editores. Quer\u00e9taro, Qro., M\u00e9xico : Universidad Aut\u00f3noma de Quer\u00e9taro, Facultad de Ciencias Pol\u00edticas y Sociales, 2015. 386 pages : illustrations; 22 cm. Bibliography at the end of each chapter Includes bibliographic references ISBN 9786075131634.<\/p>\n","protected":false},"featured_media":1113,"template":"","meta":{"_acf_changed":false,"inline_featured_image":false},"product_brand":[],"product_cat":[320,27,78],"product_tag":[4122,4325],"class_list":{"0":"post-1114","1":"product","2":"type-product","3":"status-publish","4":"has-post-thumbnail","6":"product_cat-arquitectura","7":"product_cat-historia","8":"product_cat-sociologia","9":"product_tag-investigacion","10":"product_tag-queretaro-mexico","12":"first","13":"instock","14":"taxable","15":"shipping-taxable","16":"purchasable","17":"product-type-simple"},"acf":[],"yoast_head":"<!-- This site is optimized with the Yoast SEO plugin v27.3 - https:\/\/yoast.com\/product\/yoast-seo-wordpress\/ -->\n<title>Miradas desde lo social en urbanismo, cultura, g\u00e9nero e historia:<\/title>\n<meta name=\"description\" content=\"MIRADAS DESDE LO SOCIAL EN URBANISMO, CULTURA, G\u00c9NERO E HISTORIA : UNA PERSPECTIVA DE J\u00d3VENES INVESTIGADORES UNIVERSITARIOS. \/ ISBN : 9786075131634.\" \/>\n<meta name=\"robots\" content=\"index, follow, max-snippet:-1, max-image-preview:large, max-video-preview:-1\" \/>\n<link rel=\"canonical\" href=\"https:\/\/booksfrommexico.com\/es\/producto\/miradas-desde-lo-social-en-urbanismo-cultura-genero-e-historia-una-perspectiva-de-jovenes-investigadores-universitarios\/\" \/>\n<meta property=\"og:locale\" content=\"es_ES\" \/>\n<meta property=\"og:type\" content=\"article\" \/>\n<meta property=\"og:title\" content=\"Miradas desde lo social en urbanismo, cultura, g\u00e9nero e historia:\" \/>\n<meta property=\"og:description\" content=\"MIRADAS DESDE LO SOCIAL EN URBANISMO, CULTURA, G\u00c9NERO E HISTORIA : UNA PERSPECTIVA DE J\u00d3VENES INVESTIGADORES UNIVERSITARIOS. \/ ISBN : 9786075131634.\" \/>\n<meta property=\"og:url\" content=\"https:\/\/booksfrommexico.com\/es\/producto\/miradas-desde-lo-social-en-urbanismo-cultura-genero-e-historia-una-perspectiva-de-jovenes-investigadores-universitarios\/\" \/>\n<meta property=\"og:site_name\" content=\"Books From Mexico\" \/>\n<meta property=\"article:modified_time\" content=\"2024-11-21T22:17:07+00:00\" \/>\n<meta property=\"og:image\" content=\"http:\/\/booksfrommexico.com\/app\/uploads\/2023\/05\/178419.jpeg\" \/>\n\t<meta property=\"og:image:width\" content=\"484\" \/>\n\t<meta property=\"og:image:height\" content=\"605\" \/>\n\t<meta property=\"og:image:type\" content=\"image\/jpeg\" \/>\n<meta name=\"twitter:card\" content=\"summary_large_image\" \/>\n<meta name=\"twitter:label1\" content=\"Tiempo de lectura\" \/>\n\t<meta name=\"twitter:data1\" content=\"1 minuto\" \/>\n<script type=\"application\/ld+json\" class=\"yoast-schema-graph\">{\"@context\":\"https:\\\/\\\/schema.org\",\"@graph\":[{\"@type\":\"WebPage\",\"@id\":\"https:\\\/\\\/booksfrommexico.com\\\/es\\\/producto\\\/miradas-desde-lo-social-en-urbanismo-cultura-genero-e-historia-una-perspectiva-de-jovenes-investigadores-universitarios\\\/\",\"url\":\"https:\\\/\\\/booksfrommexico.com\\\/es\\\/producto\\\/miradas-desde-lo-social-en-urbanismo-cultura-genero-e-historia-una-perspectiva-de-jovenes-investigadores-universitarios\\\/\",\"name\":\"Miradas desde lo social en urbanismo, cultura, g\u00e9nero e historia:\",\"isPartOf\":{\"@id\":\"https:\\\/\\\/booksfrommexico.com\\\/#website\"},\"primaryImageOfPage\":{\"@id\":\"https:\\\/\\\/booksfrommexico.com\\\/es\\\/producto\\\/miradas-desde-lo-social-en-urbanismo-cultura-genero-e-historia-una-perspectiva-de-jovenes-investigadores-universitarios\\\/#primaryimage\"},\"image\":{\"@id\":\"https:\\\/\\\/booksfrommexico.com\\\/es\\\/producto\\\/miradas-desde-lo-social-en-urbanismo-cultura-genero-e-historia-una-perspectiva-de-jovenes-investigadores-universitarios\\\/#primaryimage\"},\"thumbnailUrl\":\"https:\\\/\\\/booksfrommexico.com\\\/app\\\/uploads\\\/2023\\\/05\\\/178419.jpeg\",\"datePublished\":\"2023-05-08T17:11:16+00:00\",\"dateModified\":\"2024-11-21T22:17:07+00:00\",\"description\":\"MIRADAS DESDE LO SOCIAL EN URBANISMO, CULTURA, G\u00c9NERO E HISTORIA : UNA PERSPECTIVA DE J\u00d3VENES INVESTIGADORES UNIVERSITARIOS. \\\/ ISBN : 9786075131634.\",\"breadcrumb\":{\"@id\":\"https:\\\/\\\/booksfrommexico.com\\\/es\\\/producto\\\/miradas-desde-lo-social-en-urbanismo-cultura-genero-e-historia-una-perspectiva-de-jovenes-investigadores-universitarios\\\/#breadcrumb\"},\"inLanguage\":\"es\",\"potentialAction\":[{\"@type\":\"ReadAction\",\"target\":[\"https:\\\/\\\/booksfrommexico.com\\\/es\\\/producto\\\/miradas-desde-lo-social-en-urbanismo-cultura-genero-e-historia-una-perspectiva-de-jovenes-investigadores-universitarios\\\/\"]}]},{\"@type\":\"ImageObject\",\"inLanguage\":\"es\",\"@id\":\"https:\\\/\\\/booksfrommexico.com\\\/es\\\/producto\\\/miradas-desde-lo-social-en-urbanismo-cultura-genero-e-historia-una-perspectiva-de-jovenes-investigadores-universitarios\\\/#primaryimage\",\"url\":\"https:\\\/\\\/booksfrommexico.com\\\/app\\\/uploads\\\/2023\\\/05\\\/178419.jpeg\",\"contentUrl\":\"https:\\\/\\\/booksfrommexico.com\\\/app\\\/uploads\\\/2023\\\/05\\\/178419.jpeg\",\"width\":484,\"height\":605},{\"@type\":\"BreadcrumbList\",\"@id\":\"https:\\\/\\\/booksfrommexico.com\\\/es\\\/producto\\\/miradas-desde-lo-social-en-urbanismo-cultura-genero-e-historia-una-perspectiva-de-jovenes-investigadores-universitarios\\\/#breadcrumb\",\"itemListElement\":[{\"@type\":\"ListItem\",\"position\":1,\"name\":\"Home\",\"item\":\"https:\\\/\\\/booksfrommexico.com\\\/es\\\/\"},{\"@type\":\"ListItem\",\"position\":2,\"name\":\"Libros\",\"item\":\"https:\\\/\\\/booksfrommexico.com\\\/es\\\/libros\\\/\"},{\"@type\":\"ListItem\",\"position\":3,\"name\":\"Miradas desde lo social en urbanismo, cultura, g\u00e9nero e historia: Una perspectiva de j\u00f3venes investigadores universitarios\"}]},{\"@type\":\"WebSite\",\"@id\":\"https:\\\/\\\/booksfrommexico.com\\\/#website\",\"url\":\"https:\\\/\\\/booksfrommexico.com\\\/\",\"name\":\"Books From Mexico\",\"description\":\"\",\"publisher\":{\"@id\":\"https:\\\/\\\/booksfrommexico.com\\\/#organization\"},\"potentialAction\":[{\"@type\":\"SearchAction\",\"target\":{\"@type\":\"EntryPoint\",\"urlTemplate\":\"https:\\\/\\\/booksfrommexico.com\\\/?s={search_term_string}\"},\"query-input\":{\"@type\":\"PropertyValueSpecification\",\"valueRequired\":true,\"valueName\":\"search_term_string\"}}],\"inLanguage\":\"es\"},{\"@type\":\"Organization\",\"@id\":\"https:\\\/\\\/booksfrommexico.com\\\/#organization\",\"name\":\"Books From Mexico\",\"url\":\"https:\\\/\\\/booksfrommexico.com\\\/\",\"logo\":{\"@type\":\"ImageObject\",\"inLanguage\":\"es\",\"@id\":\"https:\\\/\\\/booksfrommexico.com\\\/#\\\/schema\\\/logo\\\/image\\\/\",\"url\":\"https:\\\/\\\/booksfrommexico.com\\\/app\\\/uploads\\\/2023\\\/05\\\/logo-booksfrommexico.svg\",\"contentUrl\":\"https:\\\/\\\/booksfrommexico.com\\\/app\\\/uploads\\\/2023\\\/05\\\/logo-booksfrommexico.svg\",\"width\":86,\"height\":56,\"caption\":\"Books From Mexico\"},\"image\":{\"@id\":\"https:\\\/\\\/booksfrommexico.com\\\/#\\\/schema\\\/logo\\\/image\\\/\"}}]}<\/script>\n<!-- \/ Yoast SEO plugin. -->","yoast_head_json":{"title":"Miradas desde lo social en urbanismo, cultura, g\u00e9nero e historia:","description":"MIRADAS DESDE LO SOCIAL EN URBANISMO, CULTURA, G\u00c9NERO E HISTORIA : UNA PERSPECTIVA DE J\u00d3VENES INVESTIGADORES UNIVERSITARIOS. \/ ISBN : 9786075131634.","robots":{"index":"index","follow":"follow","max-snippet":"max-snippet:-1","max-image-preview":"max-image-preview:large","max-video-preview":"max-video-preview:-1"},"canonical":"https:\/\/booksfrommexico.com\/es\/producto\/miradas-desde-lo-social-en-urbanismo-cultura-genero-e-historia-una-perspectiva-de-jovenes-investigadores-universitarios\/","og_locale":"es_ES","og_type":"article","og_title":"Miradas desde lo social en urbanismo, cultura, g\u00e9nero e historia:","og_description":"MIRADAS DESDE LO SOCIAL EN URBANISMO, CULTURA, G\u00c9NERO E HISTORIA : UNA PERSPECTIVA DE J\u00d3VENES INVESTIGADORES UNIVERSITARIOS. \/ ISBN : 9786075131634.","og_url":"https:\/\/booksfrommexico.com\/es\/producto\/miradas-desde-lo-social-en-urbanismo-cultura-genero-e-historia-una-perspectiva-de-jovenes-investigadores-universitarios\/","og_site_name":"Books From Mexico","article_modified_time":"2024-11-21T22:17:07+00:00","og_image":[{"width":484,"height":605,"url":"http:\/\/booksfrommexico.com\/app\/uploads\/2023\/05\/178419.jpeg","type":"image\/jpeg"}],"twitter_card":"summary_large_image","twitter_misc":{"Tiempo de lectura":"1 minuto"},"schema":{"@context":"https:\/\/schema.org","@graph":[{"@type":"WebPage","@id":"https:\/\/booksfrommexico.com\/es\/producto\/miradas-desde-lo-social-en-urbanismo-cultura-genero-e-historia-una-perspectiva-de-jovenes-investigadores-universitarios\/","url":"https:\/\/booksfrommexico.com\/es\/producto\/miradas-desde-lo-social-en-urbanismo-cultura-genero-e-historia-una-perspectiva-de-jovenes-investigadores-universitarios\/","name":"Miradas desde lo social en urbanismo, cultura, g\u00e9nero e historia:","isPartOf":{"@id":"https:\/\/booksfrommexico.com\/#website"},"primaryImageOfPage":{"@id":"https:\/\/booksfrommexico.com\/es\/producto\/miradas-desde-lo-social-en-urbanismo-cultura-genero-e-historia-una-perspectiva-de-jovenes-investigadores-universitarios\/#primaryimage"},"image":{"@id":"https:\/\/booksfrommexico.com\/es\/producto\/miradas-desde-lo-social-en-urbanismo-cultura-genero-e-historia-una-perspectiva-de-jovenes-investigadores-universitarios\/#primaryimage"},"thumbnailUrl":"https:\/\/booksfrommexico.com\/app\/uploads\/2023\/05\/178419.jpeg","datePublished":"2023-05-08T17:11:16+00:00","dateModified":"2024-11-21T22:17:07+00:00","description":"MIRADAS DESDE LO SOCIAL EN URBANISMO, CULTURA, G\u00c9NERO E HISTORIA : UNA PERSPECTIVA DE J\u00d3VENES INVESTIGADORES UNIVERSITARIOS. \/ ISBN : 9786075131634.","breadcrumb":{"@id":"https:\/\/booksfrommexico.com\/es\/producto\/miradas-desde-lo-social-en-urbanismo-cultura-genero-e-historia-una-perspectiva-de-jovenes-investigadores-universitarios\/#breadcrumb"},"inLanguage":"es","potentialAction":[{"@type":"ReadAction","target":["https:\/\/booksfrommexico.com\/es\/producto\/miradas-desde-lo-social-en-urbanismo-cultura-genero-e-historia-una-perspectiva-de-jovenes-investigadores-universitarios\/"]}]},{"@type":"ImageObject","inLanguage":"es","@id":"https:\/\/booksfrommexico.com\/es\/producto\/miradas-desde-lo-social-en-urbanismo-cultura-genero-e-historia-una-perspectiva-de-jovenes-investigadores-universitarios\/#primaryimage","url":"https:\/\/booksfrommexico.com\/app\/uploads\/2023\/05\/178419.jpeg","contentUrl":"https:\/\/booksfrommexico.com\/app\/uploads\/2023\/05\/178419.jpeg","width":484,"height":605},{"@type":"BreadcrumbList","@id":"https:\/\/booksfrommexico.com\/es\/producto\/miradas-desde-lo-social-en-urbanismo-cultura-genero-e-historia-una-perspectiva-de-jovenes-investigadores-universitarios\/#breadcrumb","itemListElement":[{"@type":"ListItem","position":1,"name":"Home","item":"https:\/\/booksfrommexico.com\/es\/"},{"@type":"ListItem","position":2,"name":"Libros","item":"https:\/\/booksfrommexico.com\/es\/libros\/"},{"@type":"ListItem","position":3,"name":"Miradas desde lo social en urbanismo, cultura, g\u00e9nero e historia: Una perspectiva de j\u00f3venes investigadores universitarios"}]},{"@type":"WebSite","@id":"https:\/\/booksfrommexico.com\/#website","url":"https:\/\/booksfrommexico.com\/","name":"Books From Mexico","description":"","publisher":{"@id":"https:\/\/booksfrommexico.com\/#organization"},"potentialAction":[{"@type":"SearchAction","target":{"@type":"EntryPoint","urlTemplate":"https:\/\/booksfrommexico.com\/?s={search_term_string}"},"query-input":{"@type":"PropertyValueSpecification","valueRequired":true,"valueName":"search_term_string"}}],"inLanguage":"es"},{"@type":"Organization","@id":"https:\/\/booksfrommexico.com\/#organization","name":"Books From Mexico","url":"https:\/\/booksfrommexico.com\/","logo":{"@type":"ImageObject","inLanguage":"es","@id":"https:\/\/booksfrommexico.com\/#\/schema\/logo\/image\/","url":"https:\/\/booksfrommexico.com\/app\/uploads\/2023\/05\/logo-booksfrommexico.svg","contentUrl":"https:\/\/booksfrommexico.com\/app\/uploads\/2023\/05\/logo-booksfrommexico.svg","width":86,"height":56,"caption":"Books From Mexico"},"image":{"@id":"https:\/\/booksfrommexico.com\/#\/schema\/logo\/image\/"}}]}},"_links":{"self":[{"href":"https:\/\/booksfrommexico.com\/es\/wp-json\/wp\/v2\/product\/1114","targetHints":{"allow":["GET"]}}],"collection":[{"href":"https:\/\/booksfrommexico.com\/es\/wp-json\/wp\/v2\/product"}],"about":[{"href":"https:\/\/booksfrommexico.com\/es\/wp-json\/wp\/v2\/types\/product"}],"wp:featuredmedia":[{"embeddable":true,"href":"https:\/\/booksfrommexico.com\/es\/wp-json\/wp\/v2\/media\/1113"}],"wp:attachment":[{"href":"https:\/\/booksfrommexico.com\/es\/wp-json\/wp\/v2\/media?parent=1114"}],"wp:term":[{"taxonomy":"product_brand","embeddable":true,"href":"https:\/\/booksfrommexico.com\/es\/wp-json\/wp\/v2\/product_brand?post=1114"},{"taxonomy":"product_cat","embeddable":true,"href":"https:\/\/booksfrommexico.com\/es\/wp-json\/wp\/v2\/product_cat?post=1114"},{"taxonomy":"product_tag","embeddable":true,"href":"https:\/\/booksfrommexico.com\/es\/wp-json\/wp\/v2\/product_tag?post=1114"}],"curies":[{"name":"wp","href":"https:\/\/api.w.org\/{rel}","templated":true}]}}