{"id":1116,"date":"2023-05-08T17:11:18","date_gmt":"2023-05-08T17:11:18","guid":{"rendered":"http:\/\/booksfrommexico.com\/product\/mujeres-tras-las-rejas-de-pinochet-testimonio-de-tres-ex-presas-politicas-de-la-dictadura\/"},"modified":"2024-05-10T19:46:19","modified_gmt":"2024-05-10T19:46:19","slug":"mujeres-tras-las-rejas-de-pinochet-testimonio-de-tres-ex-presas-politicas-de-la-dictadura","status":"publish","type":"product","link":"https:\/\/booksfrommexico.com\/es\/producto\/mujeres-tras-las-rejas-de-pinochet-testimonio-de-tres-ex-presas-politicas-de-la-dictadura\/","title":{"rendered":"Mujeres tras las rejas de Pinochet: Testimonios de tres ex-presas pol\u00edticas de la dictadura"},"content":{"rendered":"<p><span style=\"font-weight: 400;\">La Universidad Aut\u00f3noma del Estado de M\u00e9xico contin\u00faa con la tradici\u00f3n de amistad y colaboraci\u00f3n entre M\u00e9xico y Chile, con la publicaci\u00f3n de este t\u00edtulo. Al igual que Gabriela Mistral, poeta ganadora del Premio Nobel de Literatura en 1945, quien migr\u00f3 a M\u00e9xico buscando refugio de la\u00a0 dictadura de Chile, estas mujeres comparten la memoria de sus vidas, que se enraizan en la lucha antidictatorial. Estas mujeres fueron consideradas como terroristas durante la dictadura y sus defensas significaron el cuestionar al interior de los organismos de derechos humanos; pese a ello tomaron la decisi\u00f3n de recuperar su voz y contar su historia aqu\u00ed. <\/span><\/p>\n","protected":false},"excerpt":{"rendered":"<p>MUJERES TRAS LAS REJAS DE PINOCHET : TESTIMONIO DE TRES EX PRESAS POL\u00cdTICAS DE LA DICTADURA<span style=\"font-weight: 400;\">. \/ Vivian Lav\u00edn. Toluca, Estado de M\u00e9xico, M\u00e9xico : Universidad Aut\u00f3noma del Estado de M\u00e9xico , Secretar\u00eda de Difusi\u00f3n Cultural , Humanismo que Transforma ; Santiago de Chile, Chile : Ediciones Radio Universidad de Chile, 2015. 261 pages : includes photos ; 22 cm.\u00a0 (Colecci\u00f3n Cuadernos Institucionales ; Serie Literatura y Ensayo). ISBN : 9786074226577.<\/span><\/p>\n","protected":false},"featured_media":1115,"template":"","meta":{"_acf_changed":false,"inline_featured_image":false},"product_brand":[],"product_cat":[147,148],"product_tag":[3799,4101],"class_list":{"0":"post-1116","1":"product","2":"type-product","3":"status-publish","4":"has-post-thumbnail","6":"product_cat-estudios-de-genero","7":"product_cat-estudios-sobre-las-mujeres-estudios-de-genero","8":"product_tag-historia-politica","9":"product_tag-mujeres-es","11":"first","12":"instock","13":"taxable","14":"shipping-taxable","15":"purchasable","16":"product-type-simple"},"acf":[],"yoast_head":"<!-- This site is optimized with the Yoast SEO plugin v27.3 - https:\/\/yoast.com\/product\/yoast-seo-wordpress\/ -->\n<title>Mujeres tras las rejas de Pinochet<\/title>\n<meta name=\"description\" content=\"MUJERES TRAS LAS REJAS DE PINOCHET : TESTIMONIO DE TRES EX PRESAS POL\u00cdTICAS DE LA DICTADURA. \/ Vivian Lav\u00edn. ISBN : 9786074226577.\" \/>\n<meta name=\"robots\" content=\"index, follow, max-snippet:-1, max-image-preview:large, max-video-preview:-1\" \/>\n<link rel=\"canonical\" href=\"https:\/\/booksfrommexico.com\/es\/producto\/mujeres-tras-las-rejas-de-pinochet-testimonio-de-tres-ex-presas-politicas-de-la-dictadura\/\" \/>\n<meta property=\"og:locale\" content=\"es_ES\" \/>\n<meta property=\"og:type\" content=\"article\" \/>\n<meta property=\"og:title\" content=\"Mujeres tras las rejas de Pinochet\" \/>\n<meta property=\"og:description\" content=\"MUJERES TRAS LAS REJAS DE PINOCHET : TESTIMONIO DE TRES EX PRESAS POL\u00cdTICAS DE LA DICTADURA. \/ Vivian Lav\u00edn. ISBN : 9786074226577.\" \/>\n<meta property=\"og:url\" content=\"https:\/\/booksfrommexico.com\/es\/producto\/mujeres-tras-las-rejas-de-pinochet-testimonio-de-tres-ex-presas-politicas-de-la-dictadura\/\" \/>\n<meta property=\"og:site_name\" content=\"Books From Mexico\" \/>\n<meta property=\"article:modified_time\" content=\"2024-05-10T19:46:19+00:00\" \/>\n<meta property=\"og:image\" content=\"http:\/\/booksfrommexico.com\/app\/uploads\/2023\/05\/179847.jpeg\" \/>\n\t<meta property=\"og:image:width\" content=\"401\" \/>\n\t<meta property=\"og:image:height\" content=\"638\" \/>\n\t<meta property=\"og:image:type\" content=\"image\/jpeg\" \/>\n<meta name=\"twitter:card\" content=\"summary_large_image\" \/>\n<meta name=\"twitter:label1\" content=\"Tiempo de lectura\" \/>\n\t<meta name=\"twitter:data1\" content=\"1 minuto\" \/>\n<script type=\"application\/ld+json\" class=\"yoast-schema-graph\">{\"@context\":\"https:\\\/\\\/schema.org\",\"@graph\":[{\"@type\":\"WebPage\",\"@id\":\"https:\\\/\\\/booksfrommexico.com\\\/es\\\/producto\\\/mujeres-tras-las-rejas-de-pinochet-testimonio-de-tres-ex-presas-politicas-de-la-dictadura\\\/\",\"url\":\"https:\\\/\\\/booksfrommexico.com\\\/es\\\/producto\\\/mujeres-tras-las-rejas-de-pinochet-testimonio-de-tres-ex-presas-politicas-de-la-dictadura\\\/\",\"name\":\"Mujeres tras las rejas de Pinochet\",\"isPartOf\":{\"@id\":\"https:\\\/\\\/booksfrommexico.com\\\/#website\"},\"primaryImageOfPage\":{\"@id\":\"https:\\\/\\\/booksfrommexico.com\\\/es\\\/producto\\\/mujeres-tras-las-rejas-de-pinochet-testimonio-de-tres-ex-presas-politicas-de-la-dictadura\\\/#primaryimage\"},\"image\":{\"@id\":\"https:\\\/\\\/booksfrommexico.com\\\/es\\\/producto\\\/mujeres-tras-las-rejas-de-pinochet-testimonio-de-tres-ex-presas-politicas-de-la-dictadura\\\/#primaryimage\"},\"thumbnailUrl\":\"https:\\\/\\\/booksfrommexico.com\\\/app\\\/uploads\\\/2023\\\/05\\\/179847.jpeg\",\"datePublished\":\"2023-05-08T17:11:18+00:00\",\"dateModified\":\"2024-05-10T19:46:19+00:00\",\"description\":\"MUJERES TRAS LAS REJAS DE PINOCHET : TESTIMONIO DE TRES EX PRESAS POL\u00cdTICAS DE LA DICTADURA. \\\/ Vivian Lav\u00edn. ISBN : 9786074226577.\",\"breadcrumb\":{\"@id\":\"https:\\\/\\\/booksfrommexico.com\\\/es\\\/producto\\\/mujeres-tras-las-rejas-de-pinochet-testimonio-de-tres-ex-presas-politicas-de-la-dictadura\\\/#breadcrumb\"},\"inLanguage\":\"es\",\"potentialAction\":[{\"@type\":\"ReadAction\",\"target\":[\"https:\\\/\\\/booksfrommexico.com\\\/es\\\/producto\\\/mujeres-tras-las-rejas-de-pinochet-testimonio-de-tres-ex-presas-politicas-de-la-dictadura\\\/\"]}]},{\"@type\":\"ImageObject\",\"inLanguage\":\"es\",\"@id\":\"https:\\\/\\\/booksfrommexico.com\\\/es\\\/producto\\\/mujeres-tras-las-rejas-de-pinochet-testimonio-de-tres-ex-presas-politicas-de-la-dictadura\\\/#primaryimage\",\"url\":\"https:\\\/\\\/booksfrommexico.com\\\/app\\\/uploads\\\/2023\\\/05\\\/179847.jpeg\",\"contentUrl\":\"https:\\\/\\\/booksfrommexico.com\\\/app\\\/uploads\\\/2023\\\/05\\\/179847.jpeg\",\"width\":401,\"height\":638},{\"@type\":\"BreadcrumbList\",\"@id\":\"https:\\\/\\\/booksfrommexico.com\\\/es\\\/producto\\\/mujeres-tras-las-rejas-de-pinochet-testimonio-de-tres-ex-presas-politicas-de-la-dictadura\\\/#breadcrumb\",\"itemListElement\":[{\"@type\":\"ListItem\",\"position\":1,\"name\":\"Home\",\"item\":\"https:\\\/\\\/booksfrommexico.com\\\/es\\\/\"},{\"@type\":\"ListItem\",\"position\":2,\"name\":\"Libros\",\"item\":\"https:\\\/\\\/booksfrommexico.com\\\/es\\\/libros\\\/\"},{\"@type\":\"ListItem\",\"position\":3,\"name\":\"Mujeres tras las rejas de Pinochet: Testimonios de tres ex-presas pol\u00edticas de la dictadura\"}]},{\"@type\":\"WebSite\",\"@id\":\"https:\\\/\\\/booksfrommexico.com\\\/#website\",\"url\":\"https:\\\/\\\/booksfrommexico.com\\\/\",\"name\":\"Books From Mexico\",\"description\":\"\",\"publisher\":{\"@id\":\"https:\\\/\\\/booksfrommexico.com\\\/#organization\"},\"potentialAction\":[{\"@type\":\"SearchAction\",\"target\":{\"@type\":\"EntryPoint\",\"urlTemplate\":\"https:\\\/\\\/booksfrommexico.com\\\/?s={search_term_string}\"},\"query-input\":{\"@type\":\"PropertyValueSpecification\",\"valueRequired\":true,\"valueName\":\"search_term_string\"}}],\"inLanguage\":\"es\"},{\"@type\":\"Organization\",\"@id\":\"https:\\\/\\\/booksfrommexico.com\\\/#organization\",\"name\":\"Books From Mexico\",\"url\":\"https:\\\/\\\/booksfrommexico.com\\\/\",\"logo\":{\"@type\":\"ImageObject\",\"inLanguage\":\"es\",\"@id\":\"https:\\\/\\\/booksfrommexico.com\\\/#\\\/schema\\\/logo\\\/image\\\/\",\"url\":\"https:\\\/\\\/booksfrommexico.com\\\/app\\\/uploads\\\/2023\\\/05\\\/logo-booksfrommexico.svg\",\"contentUrl\":\"https:\\\/\\\/booksfrommexico.com\\\/app\\\/uploads\\\/2023\\\/05\\\/logo-booksfrommexico.svg\",\"width\":86,\"height\":56,\"caption\":\"Books From Mexico\"},\"image\":{\"@id\":\"https:\\\/\\\/booksfrommexico.com\\\/#\\\/schema\\\/logo\\\/image\\\/\"}}]}<\/script>\n<!-- \/ Yoast SEO plugin. -->","yoast_head_json":{"title":"Mujeres tras las rejas de Pinochet","description":"MUJERES TRAS LAS REJAS DE PINOCHET : TESTIMONIO DE TRES EX PRESAS POL\u00cdTICAS DE LA DICTADURA. \/ Vivian Lav\u00edn. ISBN : 9786074226577.","robots":{"index":"index","follow":"follow","max-snippet":"max-snippet:-1","max-image-preview":"max-image-preview:large","max-video-preview":"max-video-preview:-1"},"canonical":"https:\/\/booksfrommexico.com\/es\/producto\/mujeres-tras-las-rejas-de-pinochet-testimonio-de-tres-ex-presas-politicas-de-la-dictadura\/","og_locale":"es_ES","og_type":"article","og_title":"Mujeres tras las rejas de Pinochet","og_description":"MUJERES TRAS LAS REJAS DE PINOCHET : TESTIMONIO DE TRES EX PRESAS POL\u00cdTICAS DE LA DICTADURA. \/ Vivian Lav\u00edn. ISBN : 9786074226577.","og_url":"https:\/\/booksfrommexico.com\/es\/producto\/mujeres-tras-las-rejas-de-pinochet-testimonio-de-tres-ex-presas-politicas-de-la-dictadura\/","og_site_name":"Books From Mexico","article_modified_time":"2024-05-10T19:46:19+00:00","og_image":[{"width":401,"height":638,"url":"http:\/\/booksfrommexico.com\/app\/uploads\/2023\/05\/179847.jpeg","type":"image\/jpeg"}],"twitter_card":"summary_large_image","twitter_misc":{"Tiempo de lectura":"1 minuto"},"schema":{"@context":"https:\/\/schema.org","@graph":[{"@type":"WebPage","@id":"https:\/\/booksfrommexico.com\/es\/producto\/mujeres-tras-las-rejas-de-pinochet-testimonio-de-tres-ex-presas-politicas-de-la-dictadura\/","url":"https:\/\/booksfrommexico.com\/es\/producto\/mujeres-tras-las-rejas-de-pinochet-testimonio-de-tres-ex-presas-politicas-de-la-dictadura\/","name":"Mujeres tras las rejas de Pinochet","isPartOf":{"@id":"https:\/\/booksfrommexico.com\/#website"},"primaryImageOfPage":{"@id":"https:\/\/booksfrommexico.com\/es\/producto\/mujeres-tras-las-rejas-de-pinochet-testimonio-de-tres-ex-presas-politicas-de-la-dictadura\/#primaryimage"},"image":{"@id":"https:\/\/booksfrommexico.com\/es\/producto\/mujeres-tras-las-rejas-de-pinochet-testimonio-de-tres-ex-presas-politicas-de-la-dictadura\/#primaryimage"},"thumbnailUrl":"https:\/\/booksfrommexico.com\/app\/uploads\/2023\/05\/179847.jpeg","datePublished":"2023-05-08T17:11:18+00:00","dateModified":"2024-05-10T19:46:19+00:00","description":"MUJERES TRAS LAS REJAS DE PINOCHET : TESTIMONIO DE TRES EX PRESAS POL\u00cdTICAS DE LA DICTADURA. \/ Vivian Lav\u00edn. ISBN : 9786074226577.","breadcrumb":{"@id":"https:\/\/booksfrommexico.com\/es\/producto\/mujeres-tras-las-rejas-de-pinochet-testimonio-de-tres-ex-presas-politicas-de-la-dictadura\/#breadcrumb"},"inLanguage":"es","potentialAction":[{"@type":"ReadAction","target":["https:\/\/booksfrommexico.com\/es\/producto\/mujeres-tras-las-rejas-de-pinochet-testimonio-de-tres-ex-presas-politicas-de-la-dictadura\/"]}]},{"@type":"ImageObject","inLanguage":"es","@id":"https:\/\/booksfrommexico.com\/es\/producto\/mujeres-tras-las-rejas-de-pinochet-testimonio-de-tres-ex-presas-politicas-de-la-dictadura\/#primaryimage","url":"https:\/\/booksfrommexico.com\/app\/uploads\/2023\/05\/179847.jpeg","contentUrl":"https:\/\/booksfrommexico.com\/app\/uploads\/2023\/05\/179847.jpeg","width":401,"height":638},{"@type":"BreadcrumbList","@id":"https:\/\/booksfrommexico.com\/es\/producto\/mujeres-tras-las-rejas-de-pinochet-testimonio-de-tres-ex-presas-politicas-de-la-dictadura\/#breadcrumb","itemListElement":[{"@type":"ListItem","position":1,"name":"Home","item":"https:\/\/booksfrommexico.com\/es\/"},{"@type":"ListItem","position":2,"name":"Libros","item":"https:\/\/booksfrommexico.com\/es\/libros\/"},{"@type":"ListItem","position":3,"name":"Mujeres tras las rejas de Pinochet: Testimonios de tres ex-presas pol\u00edticas de la dictadura"}]},{"@type":"WebSite","@id":"https:\/\/booksfrommexico.com\/#website","url":"https:\/\/booksfrommexico.com\/","name":"Books From Mexico","description":"","publisher":{"@id":"https:\/\/booksfrommexico.com\/#organization"},"potentialAction":[{"@type":"SearchAction","target":{"@type":"EntryPoint","urlTemplate":"https:\/\/booksfrommexico.com\/?s={search_term_string}"},"query-input":{"@type":"PropertyValueSpecification","valueRequired":true,"valueName":"search_term_string"}}],"inLanguage":"es"},{"@type":"Organization","@id":"https:\/\/booksfrommexico.com\/#organization","name":"Books From Mexico","url":"https:\/\/booksfrommexico.com\/","logo":{"@type":"ImageObject","inLanguage":"es","@id":"https:\/\/booksfrommexico.com\/#\/schema\/logo\/image\/","url":"https:\/\/booksfrommexico.com\/app\/uploads\/2023\/05\/logo-booksfrommexico.svg","contentUrl":"https:\/\/booksfrommexico.com\/app\/uploads\/2023\/05\/logo-booksfrommexico.svg","width":86,"height":56,"caption":"Books From Mexico"},"image":{"@id":"https:\/\/booksfrommexico.com\/#\/schema\/logo\/image\/"}}]}},"_links":{"self":[{"href":"https:\/\/booksfrommexico.com\/es\/wp-json\/wp\/v2\/product\/1116","targetHints":{"allow":["GET"]}}],"collection":[{"href":"https:\/\/booksfrommexico.com\/es\/wp-json\/wp\/v2\/product"}],"about":[{"href":"https:\/\/booksfrommexico.com\/es\/wp-json\/wp\/v2\/types\/product"}],"wp:featuredmedia":[{"embeddable":true,"href":"https:\/\/booksfrommexico.com\/es\/wp-json\/wp\/v2\/media\/1115"}],"wp:attachment":[{"href":"https:\/\/booksfrommexico.com\/es\/wp-json\/wp\/v2\/media?parent=1116"}],"wp:term":[{"taxonomy":"product_brand","embeddable":true,"href":"https:\/\/booksfrommexico.com\/es\/wp-json\/wp\/v2\/product_brand?post=1116"},{"taxonomy":"product_cat","embeddable":true,"href":"https:\/\/booksfrommexico.com\/es\/wp-json\/wp\/v2\/product_cat?post=1116"},{"taxonomy":"product_tag","embeddable":true,"href":"https:\/\/booksfrommexico.com\/es\/wp-json\/wp\/v2\/product_tag?post=1116"}],"curies":[{"name":"wp","href":"https:\/\/api.w.org\/{rel}","templated":true}]}}