{"id":1118,"date":"2023-05-08T17:11:20","date_gmt":"2023-05-08T17:11:20","guid":{"rendered":"http:\/\/booksfrommexico.com\/product\/joder-a-mexico\/"},"modified":"2024-05-31T18:26:59","modified_gmt":"2024-05-31T18:26:59","slug":"joder-a-mexico","status":"publish","type":"product","link":"https:\/\/booksfrommexico.com\/es\/producto\/joder-a-mexico\/","title":{"rendered":"Joder a M\u00e9xico"},"content":{"rendered":"<p><span style=\"font-weight: 400;\">Chavo del Toro presenta un an\u00e1lisis de los sucesos pol\u00edticos y sociales en M\u00e9xico durante el a\u00f1o 2016, comenzando con el primer aniversario luctuoso de la desaparici\u00f3n de los normalistas de Ayotzinapa, cubriendo hasta el triunfo de Donald Trump como presidente de Estados Unidos. En sus caricaturas se presentan otros eventos como las tragedias de Tlatlaya y Nochixtl\u00e1n, la b\u00fasqueda constante por la presidencia por parte de los Andr\u00e9s Manuel L\u00f3pez Obrador, la casa valuada en millones adquirida por Ang\u00e9lica Rivera, el da\u00f1o a las reservas ecol\u00f3gicas, entre muchos otros que s\u00f3lo muestran la crisis pol\u00edtica, social y econ\u00f3mica vivida en el pa\u00eds.<\/span><\/p>\n","protected":false},"excerpt":{"rendered":"<p>JODER A M\u00c9XICO<span style=\"font-weight: 400;\">. \/ Salvador del Toro Valero. Guadalajara, Jalisco, M\u00e9xico : Universidad de Guadalajara , Editorial Universitaria ; Ciudad de M\u00e9xico , M\u00e9xico : El Economista, 2016. 246 unnumbered pages : chiefly color illustrations ; 24 cm. ISBN : 9786077426684.<\/span><\/p>\n","protected":false},"featured_media":1117,"template":"","meta":{"_acf_changed":false,"inline_featured_image":false},"product_brand":[],"product_cat":[4259,797],"product_tag":[3735,4398],"class_list":{"0":"post-1118","1":"product","2":"type-product","3":"status-publish","4":"has-post-thumbnail","6":"product_cat-caricatura","7":"product_cat-politica-y-ciencia-politica","8":"product_tag-caricatura-politica","9":"product_tag-historia-mexico","11":"first","12":"instock","13":"taxable","14":"shipping-taxable","15":"purchasable","16":"product-type-simple"},"acf":[],"yoast_head":"<!-- This site is optimized with the Yoast SEO plugin v27.3 - https:\/\/yoast.com\/product\/yoast-seo-wordpress\/ -->\n<title>Joder a M\u00e9xico<\/title>\n<meta name=\"description\" content=\"JODER A M\u00c9XICO. \/ Salvador del Toro Valero. Guadalajara, Jalisco, M\u00e9xico : Universidad de Guadalajara , Editorial Universitaria ; El Economista, 2016.\" \/>\n<meta name=\"robots\" content=\"index, follow, max-snippet:-1, max-image-preview:large, max-video-preview:-1\" \/>\n<link rel=\"canonical\" href=\"https:\/\/booksfrommexico.com\/es\/producto\/joder-a-mexico\/\" \/>\n<meta property=\"og:locale\" content=\"es_ES\" \/>\n<meta property=\"og:type\" content=\"article\" \/>\n<meta property=\"og:title\" content=\"Joder a M\u00e9xico\" \/>\n<meta property=\"og:description\" content=\"JODER A M\u00c9XICO. \/ Salvador del Toro Valero. Guadalajara, Jalisco, M\u00e9xico : Universidad de Guadalajara , Editorial Universitaria ; El Economista, 2016.\" \/>\n<meta property=\"og:url\" content=\"https:\/\/booksfrommexico.com\/es\/producto\/joder-a-mexico\/\" \/>\n<meta property=\"og:site_name\" content=\"Books From Mexico\" \/>\n<meta property=\"article:modified_time\" content=\"2024-05-31T18:26:59+00:00\" \/>\n<meta property=\"og:image\" content=\"http:\/\/booksfrommexico.com\/app\/uploads\/2023\/05\/179882.jpeg\" \/>\n\t<meta property=\"og:image:width\" content=\"496\" \/>\n\t<meta property=\"og:image:height\" content=\"681\" \/>\n\t<meta property=\"og:image:type\" content=\"image\/jpeg\" \/>\n<meta name=\"twitter:card\" content=\"summary_large_image\" \/>\n<meta name=\"twitter:label1\" content=\"Tiempo de lectura\" \/>\n\t<meta name=\"twitter:data1\" content=\"1 minuto\" \/>\n<script type=\"application\/ld+json\" class=\"yoast-schema-graph\">{\"@context\":\"https:\\\/\\\/schema.org\",\"@graph\":[{\"@type\":\"WebPage\",\"@id\":\"https:\\\/\\\/booksfrommexico.com\\\/es\\\/producto\\\/joder-a-mexico\\\/\",\"url\":\"https:\\\/\\\/booksfrommexico.com\\\/es\\\/producto\\\/joder-a-mexico\\\/\",\"name\":\"Joder a M\u00e9xico\",\"isPartOf\":{\"@id\":\"https:\\\/\\\/booksfrommexico.com\\\/#website\"},\"primaryImageOfPage\":{\"@id\":\"https:\\\/\\\/booksfrommexico.com\\\/es\\\/producto\\\/joder-a-mexico\\\/#primaryimage\"},\"image\":{\"@id\":\"https:\\\/\\\/booksfrommexico.com\\\/es\\\/producto\\\/joder-a-mexico\\\/#primaryimage\"},\"thumbnailUrl\":\"https:\\\/\\\/booksfrommexico.com\\\/app\\\/uploads\\\/2023\\\/05\\\/179882.jpeg\",\"datePublished\":\"2023-05-08T17:11:20+00:00\",\"dateModified\":\"2024-05-31T18:26:59+00:00\",\"description\":\"JODER A M\u00c9XICO. \\\/ Salvador del Toro Valero. Guadalajara, Jalisco, M\u00e9xico : Universidad de Guadalajara , Editorial Universitaria ; El Economista, 2016.\",\"breadcrumb\":{\"@id\":\"https:\\\/\\\/booksfrommexico.com\\\/es\\\/producto\\\/joder-a-mexico\\\/#breadcrumb\"},\"inLanguage\":\"es\",\"potentialAction\":[{\"@type\":\"ReadAction\",\"target\":[\"https:\\\/\\\/booksfrommexico.com\\\/es\\\/producto\\\/joder-a-mexico\\\/\"]}]},{\"@type\":\"ImageObject\",\"inLanguage\":\"es\",\"@id\":\"https:\\\/\\\/booksfrommexico.com\\\/es\\\/producto\\\/joder-a-mexico\\\/#primaryimage\",\"url\":\"https:\\\/\\\/booksfrommexico.com\\\/app\\\/uploads\\\/2023\\\/05\\\/179882.jpeg\",\"contentUrl\":\"https:\\\/\\\/booksfrommexico.com\\\/app\\\/uploads\\\/2023\\\/05\\\/179882.jpeg\",\"width\":496,\"height\":681},{\"@type\":\"BreadcrumbList\",\"@id\":\"https:\\\/\\\/booksfrommexico.com\\\/es\\\/producto\\\/joder-a-mexico\\\/#breadcrumb\",\"itemListElement\":[{\"@type\":\"ListItem\",\"position\":1,\"name\":\"Home\",\"item\":\"https:\\\/\\\/booksfrommexico.com\\\/es\\\/\"},{\"@type\":\"ListItem\",\"position\":2,\"name\":\"Libros\",\"item\":\"https:\\\/\\\/booksfrommexico.com\\\/es\\\/libros\\\/\"},{\"@type\":\"ListItem\",\"position\":3,\"name\":\"Joder a M\u00e9xico\"}]},{\"@type\":\"WebSite\",\"@id\":\"https:\\\/\\\/booksfrommexico.com\\\/#website\",\"url\":\"https:\\\/\\\/booksfrommexico.com\\\/\",\"name\":\"Books From Mexico\",\"description\":\"\",\"publisher\":{\"@id\":\"https:\\\/\\\/booksfrommexico.com\\\/#organization\"},\"potentialAction\":[{\"@type\":\"SearchAction\",\"target\":{\"@type\":\"EntryPoint\",\"urlTemplate\":\"https:\\\/\\\/booksfrommexico.com\\\/?s={search_term_string}\"},\"query-input\":{\"@type\":\"PropertyValueSpecification\",\"valueRequired\":true,\"valueName\":\"search_term_string\"}}],\"inLanguage\":\"es\"},{\"@type\":\"Organization\",\"@id\":\"https:\\\/\\\/booksfrommexico.com\\\/#organization\",\"name\":\"Books From Mexico\",\"url\":\"https:\\\/\\\/booksfrommexico.com\\\/\",\"logo\":{\"@type\":\"ImageObject\",\"inLanguage\":\"es\",\"@id\":\"https:\\\/\\\/booksfrommexico.com\\\/#\\\/schema\\\/logo\\\/image\\\/\",\"url\":\"https:\\\/\\\/booksfrommexico.com\\\/app\\\/uploads\\\/2023\\\/05\\\/logo-booksfrommexico.svg\",\"contentUrl\":\"https:\\\/\\\/booksfrommexico.com\\\/app\\\/uploads\\\/2023\\\/05\\\/logo-booksfrommexico.svg\",\"width\":86,\"height\":56,\"caption\":\"Books From Mexico\"},\"image\":{\"@id\":\"https:\\\/\\\/booksfrommexico.com\\\/#\\\/schema\\\/logo\\\/image\\\/\"}}]}<\/script>\n<!-- \/ Yoast SEO plugin. -->","yoast_head_json":{"title":"Joder a M\u00e9xico","description":"JODER A M\u00c9XICO. \/ Salvador del Toro Valero. Guadalajara, Jalisco, M\u00e9xico : Universidad de Guadalajara , Editorial Universitaria ; El Economista, 2016.","robots":{"index":"index","follow":"follow","max-snippet":"max-snippet:-1","max-image-preview":"max-image-preview:large","max-video-preview":"max-video-preview:-1"},"canonical":"https:\/\/booksfrommexico.com\/es\/producto\/joder-a-mexico\/","og_locale":"es_ES","og_type":"article","og_title":"Joder a M\u00e9xico","og_description":"JODER A M\u00c9XICO. \/ Salvador del Toro Valero. Guadalajara, Jalisco, M\u00e9xico : Universidad de Guadalajara , Editorial Universitaria ; El Economista, 2016.","og_url":"https:\/\/booksfrommexico.com\/es\/producto\/joder-a-mexico\/","og_site_name":"Books From Mexico","article_modified_time":"2024-05-31T18:26:59+00:00","og_image":[{"width":496,"height":681,"url":"http:\/\/booksfrommexico.com\/app\/uploads\/2023\/05\/179882.jpeg","type":"image\/jpeg"}],"twitter_card":"summary_large_image","twitter_misc":{"Tiempo de lectura":"1 minuto"},"schema":{"@context":"https:\/\/schema.org","@graph":[{"@type":"WebPage","@id":"https:\/\/booksfrommexico.com\/es\/producto\/joder-a-mexico\/","url":"https:\/\/booksfrommexico.com\/es\/producto\/joder-a-mexico\/","name":"Joder a M\u00e9xico","isPartOf":{"@id":"https:\/\/booksfrommexico.com\/#website"},"primaryImageOfPage":{"@id":"https:\/\/booksfrommexico.com\/es\/producto\/joder-a-mexico\/#primaryimage"},"image":{"@id":"https:\/\/booksfrommexico.com\/es\/producto\/joder-a-mexico\/#primaryimage"},"thumbnailUrl":"https:\/\/booksfrommexico.com\/app\/uploads\/2023\/05\/179882.jpeg","datePublished":"2023-05-08T17:11:20+00:00","dateModified":"2024-05-31T18:26:59+00:00","description":"JODER A M\u00c9XICO. \/ Salvador del Toro Valero. Guadalajara, Jalisco, M\u00e9xico : Universidad de Guadalajara , Editorial Universitaria ; El Economista, 2016.","breadcrumb":{"@id":"https:\/\/booksfrommexico.com\/es\/producto\/joder-a-mexico\/#breadcrumb"},"inLanguage":"es","potentialAction":[{"@type":"ReadAction","target":["https:\/\/booksfrommexico.com\/es\/producto\/joder-a-mexico\/"]}]},{"@type":"ImageObject","inLanguage":"es","@id":"https:\/\/booksfrommexico.com\/es\/producto\/joder-a-mexico\/#primaryimage","url":"https:\/\/booksfrommexico.com\/app\/uploads\/2023\/05\/179882.jpeg","contentUrl":"https:\/\/booksfrommexico.com\/app\/uploads\/2023\/05\/179882.jpeg","width":496,"height":681},{"@type":"BreadcrumbList","@id":"https:\/\/booksfrommexico.com\/es\/producto\/joder-a-mexico\/#breadcrumb","itemListElement":[{"@type":"ListItem","position":1,"name":"Home","item":"https:\/\/booksfrommexico.com\/es\/"},{"@type":"ListItem","position":2,"name":"Libros","item":"https:\/\/booksfrommexico.com\/es\/libros\/"},{"@type":"ListItem","position":3,"name":"Joder a M\u00e9xico"}]},{"@type":"WebSite","@id":"https:\/\/booksfrommexico.com\/#website","url":"https:\/\/booksfrommexico.com\/","name":"Books From Mexico","description":"","publisher":{"@id":"https:\/\/booksfrommexico.com\/#organization"},"potentialAction":[{"@type":"SearchAction","target":{"@type":"EntryPoint","urlTemplate":"https:\/\/booksfrommexico.com\/?s={search_term_string}"},"query-input":{"@type":"PropertyValueSpecification","valueRequired":true,"valueName":"search_term_string"}}],"inLanguage":"es"},{"@type":"Organization","@id":"https:\/\/booksfrommexico.com\/#organization","name":"Books From Mexico","url":"https:\/\/booksfrommexico.com\/","logo":{"@type":"ImageObject","inLanguage":"es","@id":"https:\/\/booksfrommexico.com\/#\/schema\/logo\/image\/","url":"https:\/\/booksfrommexico.com\/app\/uploads\/2023\/05\/logo-booksfrommexico.svg","contentUrl":"https:\/\/booksfrommexico.com\/app\/uploads\/2023\/05\/logo-booksfrommexico.svg","width":86,"height":56,"caption":"Books From Mexico"},"image":{"@id":"https:\/\/booksfrommexico.com\/#\/schema\/logo\/image\/"}}]}},"_links":{"self":[{"href":"https:\/\/booksfrommexico.com\/es\/wp-json\/wp\/v2\/product\/1118","targetHints":{"allow":["GET"]}}],"collection":[{"href":"https:\/\/booksfrommexico.com\/es\/wp-json\/wp\/v2\/product"}],"about":[{"href":"https:\/\/booksfrommexico.com\/es\/wp-json\/wp\/v2\/types\/product"}],"wp:featuredmedia":[{"embeddable":true,"href":"https:\/\/booksfrommexico.com\/es\/wp-json\/wp\/v2\/media\/1117"}],"wp:attachment":[{"href":"https:\/\/booksfrommexico.com\/es\/wp-json\/wp\/v2\/media?parent=1118"}],"wp:term":[{"taxonomy":"product_brand","embeddable":true,"href":"https:\/\/booksfrommexico.com\/es\/wp-json\/wp\/v2\/product_brand?post=1118"},{"taxonomy":"product_cat","embeddable":true,"href":"https:\/\/booksfrommexico.com\/es\/wp-json\/wp\/v2\/product_cat?post=1118"},{"taxonomy":"product_tag","embeddable":true,"href":"https:\/\/booksfrommexico.com\/es\/wp-json\/wp\/v2\/product_tag?post=1118"}],"curies":[{"name":"wp","href":"https:\/\/api.w.org\/{rel}","templated":true}]}}