{"id":1120,"date":"2023-05-08T17:11:21","date_gmt":"2023-05-08T17:11:21","guid":{"rendered":"http:\/\/booksfrommexico.com\/product\/b-traven\/"},"modified":"2024-09-21T03:03:45","modified_gmt":"2024-09-21T03:03:45","slug":"b-traven","status":"publish","type":"product","link":"https:\/\/booksfrommexico.com\/es\/producto\/b-traven\/","title":{"rendered":"B. Traven"},"content":{"rendered":"<p><span style=\"font-weight: 400;\">El impacto de la obra de B. Traven sobre el \u00e1mbito internacional signific\u00f3 un fen\u00f3meno que no se hab\u00eda visto antes, siendo uno de los escritores m\u00e1s prol\u00edficos de la primera mitad del siglo XX en M\u00e9xico. El Museo de Arte Moderno ofrece <\/span><i><span style=\"font-weight: 400;\">B. Traven, <\/span><\/i><span style=\"font-weight: 400;\">una exposici\u00f3n que busca honrar a este escritor y fot\u00f3grafo, dando a conocer, por primera vez, su archivo personal en el cual se encuentra informaci\u00f3n reveladora sobre su obra y su vida. Estos detalles son relevantes pues el\u00a0 autor siempre mantuvo en misterio la verdad sobre su origen, present\u00e1ndose mediante un seud\u00f3nimo, generando leyendas e hip\u00f3tesis en torno a su persona.<\/span><\/p>\n","protected":false},"excerpt":{"rendered":"<p>B. TRAVEN. \/ Rafael Avi\u00f1a, Natalia de la Rosa, Antonio Saborit. Saborit, Antonio. M\u00e9xico, D.F. : Museo de Arte Moderno : Secretar\u00eda de Cultura : Instituto Nacional de Bellas Artes, 2016. 207 pages : includes color illustrations ; 27 cm. \u00a0ISBN 9786077453703 (Secretar\u00eda de Cultura) ; 9786076054086 (INBA) ; 6076054085 (INBA Collection).<\/p>\n","protected":false},"featured_media":1119,"template":"","meta":{"_acf_changed":false,"inline_featured_image":false},"product_brand":[],"product_cat":[400,911],"product_tag":[3630,4043],"class_list":{"0":"post-1120","1":"product","2":"type-product","3":"status-publish","4":"has-post-thumbnail","6":"product_cat-catalogos-de-exposiciones-arte","7":"product_cat-pelicula-y-cine","8":"product_tag-biografia","9":"product_tag-fotografia","11":"first","12":"outofstock","13":"taxable","14":"shipping-taxable","15":"purchasable","16":"product-type-simple"},"acf":[],"yoast_head":"<!-- This site is optimized with the Yoast SEO plugin v27.3 - https:\/\/yoast.com\/product\/yoast-seo-wordpress\/ -->\n<title>B. Traven<\/title>\n<meta name=\"description\" content=\"B. TRAVEN. \/ Rafael Avi\u00f1a, Natalia de la Rosa, Antonio Saborit. M\u00e9xico, D.F. : Secretar\u00eda de Cultura : INBA , Museo de Arte Moderno, 2016.\" \/>\n<meta name=\"robots\" content=\"index, follow, max-snippet:-1, max-image-preview:large, max-video-preview:-1\" \/>\n<link rel=\"canonical\" href=\"https:\/\/booksfrommexico.com\/es\/producto\/b-traven\/\" \/>\n<meta property=\"og:locale\" content=\"es_ES\" \/>\n<meta property=\"og:type\" content=\"article\" \/>\n<meta property=\"og:title\" content=\"B. Traven\" \/>\n<meta property=\"og:description\" content=\"B. TRAVEN. \/ Rafael Avi\u00f1a, Natalia de la Rosa, Antonio Saborit. M\u00e9xico, D.F. : Secretar\u00eda de Cultura : INBA , Museo de Arte Moderno, 2016.\" \/>\n<meta property=\"og:url\" content=\"https:\/\/booksfrommexico.com\/es\/producto\/b-traven\/\" \/>\n<meta property=\"og:site_name\" content=\"Books From Mexico\" \/>\n<meta property=\"article:modified_time\" content=\"2024-09-21T03:03:45+00:00\" \/>\n<meta property=\"og:image\" content=\"http:\/\/booksfrommexico.com\/app\/uploads\/2023\/05\/180036.jpeg\" \/>\n\t<meta property=\"og:image:width\" content=\"587\" \/>\n\t<meta property=\"og:image:height\" content=\"776\" \/>\n\t<meta property=\"og:image:type\" content=\"image\/jpeg\" \/>\n<meta name=\"twitter:card\" content=\"summary_large_image\" \/>\n<meta name=\"twitter:label1\" content=\"Tiempo de lectura\" \/>\n\t<meta name=\"twitter:data1\" content=\"1 minuto\" \/>\n<script type=\"application\/ld+json\" class=\"yoast-schema-graph\">{\"@context\":\"https:\\\/\\\/schema.org\",\"@graph\":[{\"@type\":\"WebPage\",\"@id\":\"https:\\\/\\\/booksfrommexico.com\\\/es\\\/producto\\\/b-traven\\\/\",\"url\":\"https:\\\/\\\/booksfrommexico.com\\\/es\\\/producto\\\/b-traven\\\/\",\"name\":\"B. Traven\",\"isPartOf\":{\"@id\":\"https:\\\/\\\/booksfrommexico.com\\\/#website\"},\"primaryImageOfPage\":{\"@id\":\"https:\\\/\\\/booksfrommexico.com\\\/es\\\/producto\\\/b-traven\\\/#primaryimage\"},\"image\":{\"@id\":\"https:\\\/\\\/booksfrommexico.com\\\/es\\\/producto\\\/b-traven\\\/#primaryimage\"},\"thumbnailUrl\":\"https:\\\/\\\/booksfrommexico.com\\\/app\\\/uploads\\\/2023\\\/05\\\/180036.jpeg\",\"datePublished\":\"2023-05-08T17:11:21+00:00\",\"dateModified\":\"2024-09-21T03:03:45+00:00\",\"description\":\"B. TRAVEN. \\\/ Rafael Avi\u00f1a, Natalia de la Rosa, Antonio Saborit. M\u00e9xico, D.F. : Secretar\u00eda de Cultura : INBA , Museo de Arte Moderno, 2016.\",\"breadcrumb\":{\"@id\":\"https:\\\/\\\/booksfrommexico.com\\\/es\\\/producto\\\/b-traven\\\/#breadcrumb\"},\"inLanguage\":\"es\",\"potentialAction\":[{\"@type\":\"ReadAction\",\"target\":[\"https:\\\/\\\/booksfrommexico.com\\\/es\\\/producto\\\/b-traven\\\/\"]}]},{\"@type\":\"ImageObject\",\"inLanguage\":\"es\",\"@id\":\"https:\\\/\\\/booksfrommexico.com\\\/es\\\/producto\\\/b-traven\\\/#primaryimage\",\"url\":\"https:\\\/\\\/booksfrommexico.com\\\/app\\\/uploads\\\/2023\\\/05\\\/180036.jpeg\",\"contentUrl\":\"https:\\\/\\\/booksfrommexico.com\\\/app\\\/uploads\\\/2023\\\/05\\\/180036.jpeg\",\"width\":587,\"height\":776},{\"@type\":\"BreadcrumbList\",\"@id\":\"https:\\\/\\\/booksfrommexico.com\\\/es\\\/producto\\\/b-traven\\\/#breadcrumb\",\"itemListElement\":[{\"@type\":\"ListItem\",\"position\":1,\"name\":\"Home\",\"item\":\"https:\\\/\\\/booksfrommexico.com\\\/es\\\/\"},{\"@type\":\"ListItem\",\"position\":2,\"name\":\"Libros\",\"item\":\"https:\\\/\\\/booksfrommexico.com\\\/es\\\/libros\\\/\"},{\"@type\":\"ListItem\",\"position\":3,\"name\":\"B. Traven\"}]},{\"@type\":\"WebSite\",\"@id\":\"https:\\\/\\\/booksfrommexico.com\\\/#website\",\"url\":\"https:\\\/\\\/booksfrommexico.com\\\/\",\"name\":\"Books From Mexico\",\"description\":\"\",\"publisher\":{\"@id\":\"https:\\\/\\\/booksfrommexico.com\\\/#organization\"},\"potentialAction\":[{\"@type\":\"SearchAction\",\"target\":{\"@type\":\"EntryPoint\",\"urlTemplate\":\"https:\\\/\\\/booksfrommexico.com\\\/?s={search_term_string}\"},\"query-input\":{\"@type\":\"PropertyValueSpecification\",\"valueRequired\":true,\"valueName\":\"search_term_string\"}}],\"inLanguage\":\"es\"},{\"@type\":\"Organization\",\"@id\":\"https:\\\/\\\/booksfrommexico.com\\\/#organization\",\"name\":\"Books From Mexico\",\"url\":\"https:\\\/\\\/booksfrommexico.com\\\/\",\"logo\":{\"@type\":\"ImageObject\",\"inLanguage\":\"es\",\"@id\":\"https:\\\/\\\/booksfrommexico.com\\\/#\\\/schema\\\/logo\\\/image\\\/\",\"url\":\"https:\\\/\\\/booksfrommexico.com\\\/app\\\/uploads\\\/2023\\\/05\\\/logo-booksfrommexico.svg\",\"contentUrl\":\"https:\\\/\\\/booksfrommexico.com\\\/app\\\/uploads\\\/2023\\\/05\\\/logo-booksfrommexico.svg\",\"width\":86,\"height\":56,\"caption\":\"Books From Mexico\"},\"image\":{\"@id\":\"https:\\\/\\\/booksfrommexico.com\\\/#\\\/schema\\\/logo\\\/image\\\/\"}}]}<\/script>\n<!-- \/ Yoast SEO plugin. -->","yoast_head_json":{"title":"B. Traven","description":"B. TRAVEN. \/ Rafael Avi\u00f1a, Natalia de la Rosa, Antonio Saborit. M\u00e9xico, D.F. : Secretar\u00eda de Cultura : INBA , Museo de Arte Moderno, 2016.","robots":{"index":"index","follow":"follow","max-snippet":"max-snippet:-1","max-image-preview":"max-image-preview:large","max-video-preview":"max-video-preview:-1"},"canonical":"https:\/\/booksfrommexico.com\/es\/producto\/b-traven\/","og_locale":"es_ES","og_type":"article","og_title":"B. Traven","og_description":"B. TRAVEN. \/ Rafael Avi\u00f1a, Natalia de la Rosa, Antonio Saborit. M\u00e9xico, D.F. : Secretar\u00eda de Cultura : INBA , Museo de Arte Moderno, 2016.","og_url":"https:\/\/booksfrommexico.com\/es\/producto\/b-traven\/","og_site_name":"Books From Mexico","article_modified_time":"2024-09-21T03:03:45+00:00","og_image":[{"width":587,"height":776,"url":"http:\/\/booksfrommexico.com\/app\/uploads\/2023\/05\/180036.jpeg","type":"image\/jpeg"}],"twitter_card":"summary_large_image","twitter_misc":{"Tiempo de lectura":"1 minuto"},"schema":{"@context":"https:\/\/schema.org","@graph":[{"@type":"WebPage","@id":"https:\/\/booksfrommexico.com\/es\/producto\/b-traven\/","url":"https:\/\/booksfrommexico.com\/es\/producto\/b-traven\/","name":"B. Traven","isPartOf":{"@id":"https:\/\/booksfrommexico.com\/#website"},"primaryImageOfPage":{"@id":"https:\/\/booksfrommexico.com\/es\/producto\/b-traven\/#primaryimage"},"image":{"@id":"https:\/\/booksfrommexico.com\/es\/producto\/b-traven\/#primaryimage"},"thumbnailUrl":"https:\/\/booksfrommexico.com\/app\/uploads\/2023\/05\/180036.jpeg","datePublished":"2023-05-08T17:11:21+00:00","dateModified":"2024-09-21T03:03:45+00:00","description":"B. TRAVEN. \/ Rafael Avi\u00f1a, Natalia de la Rosa, Antonio Saborit. M\u00e9xico, D.F. : Secretar\u00eda de Cultura : INBA , Museo de Arte Moderno, 2016.","breadcrumb":{"@id":"https:\/\/booksfrommexico.com\/es\/producto\/b-traven\/#breadcrumb"},"inLanguage":"es","potentialAction":[{"@type":"ReadAction","target":["https:\/\/booksfrommexico.com\/es\/producto\/b-traven\/"]}]},{"@type":"ImageObject","inLanguage":"es","@id":"https:\/\/booksfrommexico.com\/es\/producto\/b-traven\/#primaryimage","url":"https:\/\/booksfrommexico.com\/app\/uploads\/2023\/05\/180036.jpeg","contentUrl":"https:\/\/booksfrommexico.com\/app\/uploads\/2023\/05\/180036.jpeg","width":587,"height":776},{"@type":"BreadcrumbList","@id":"https:\/\/booksfrommexico.com\/es\/producto\/b-traven\/#breadcrumb","itemListElement":[{"@type":"ListItem","position":1,"name":"Home","item":"https:\/\/booksfrommexico.com\/es\/"},{"@type":"ListItem","position":2,"name":"Libros","item":"https:\/\/booksfrommexico.com\/es\/libros\/"},{"@type":"ListItem","position":3,"name":"B. Traven"}]},{"@type":"WebSite","@id":"https:\/\/booksfrommexico.com\/#website","url":"https:\/\/booksfrommexico.com\/","name":"Books From Mexico","description":"","publisher":{"@id":"https:\/\/booksfrommexico.com\/#organization"},"potentialAction":[{"@type":"SearchAction","target":{"@type":"EntryPoint","urlTemplate":"https:\/\/booksfrommexico.com\/?s={search_term_string}"},"query-input":{"@type":"PropertyValueSpecification","valueRequired":true,"valueName":"search_term_string"}}],"inLanguage":"es"},{"@type":"Organization","@id":"https:\/\/booksfrommexico.com\/#organization","name":"Books From Mexico","url":"https:\/\/booksfrommexico.com\/","logo":{"@type":"ImageObject","inLanguage":"es","@id":"https:\/\/booksfrommexico.com\/#\/schema\/logo\/image\/","url":"https:\/\/booksfrommexico.com\/app\/uploads\/2023\/05\/logo-booksfrommexico.svg","contentUrl":"https:\/\/booksfrommexico.com\/app\/uploads\/2023\/05\/logo-booksfrommexico.svg","width":86,"height":56,"caption":"Books From Mexico"},"image":{"@id":"https:\/\/booksfrommexico.com\/#\/schema\/logo\/image\/"}}]}},"_links":{"self":[{"href":"https:\/\/booksfrommexico.com\/es\/wp-json\/wp\/v2\/product\/1120","targetHints":{"allow":["GET"]}}],"collection":[{"href":"https:\/\/booksfrommexico.com\/es\/wp-json\/wp\/v2\/product"}],"about":[{"href":"https:\/\/booksfrommexico.com\/es\/wp-json\/wp\/v2\/types\/product"}],"wp:featuredmedia":[{"embeddable":true,"href":"https:\/\/booksfrommexico.com\/es\/wp-json\/wp\/v2\/media\/1119"}],"wp:attachment":[{"href":"https:\/\/booksfrommexico.com\/es\/wp-json\/wp\/v2\/media?parent=1120"}],"wp:term":[{"taxonomy":"product_brand","embeddable":true,"href":"https:\/\/booksfrommexico.com\/es\/wp-json\/wp\/v2\/product_brand?post=1120"},{"taxonomy":"product_cat","embeddable":true,"href":"https:\/\/booksfrommexico.com\/es\/wp-json\/wp\/v2\/product_cat?post=1120"},{"taxonomy":"product_tag","embeddable":true,"href":"https:\/\/booksfrommexico.com\/es\/wp-json\/wp\/v2\/product_tag?post=1120"}],"curies":[{"name":"wp","href":"https:\/\/api.w.org\/{rel}","templated":true}]}}