{"id":1128,"date":"2023-05-08T17:11:27","date_gmt":"2023-05-08T17:11:27","guid":{"rendered":"http:\/\/booksfrommexico.com\/product\/del-lacandon-a-la-selva-lacandona-la-construccion-de-una-region-a-traves-de-sus-representantes-y-narrativas\/"},"modified":"2025-02-26T01:20:34","modified_gmt":"2025-02-26T01:20:34","slug":"del-lacandon-a-la-selva-lacandona-la-construccion-de-una-region-a-traves-de-sus-representantes-y-narrativas","status":"publish","type":"product","link":"https:\/\/booksfrommexico.com\/es\/producto\/del-lacandon-a-la-selva-lacandona-la-construccion-de-una-region-a-traves-de-sus-representantes-y-narrativas\/","title":{"rendered":"Del Lacand\u00f3n a la Selva Lacandona: La construcci\u00f3n de una regi\u00f3n a trav\u00e9s de sus representantes y narrativas"},"content":{"rendered":"<p><span style=\"font-weight: 400;\">En esta investigaci\u00f3n, el autor pone especial atenci\u00f3n en el discurso, la pr\u00e1ctica del desarrollo y la pol\u00edtica de la conservaci\u00f3n en la selva chiapaneca para cuestionar los t\u00e9rminos en que se han llevado a cabo, as\u00ed como los supuestos sobre los que se llevan a cabo. Pretende, adem\u00e1s, colaborar en la comprensi\u00f3n del proceso por el cual el espacio geogr\u00e1fico del noreste de Chiapas emergi\u00f3 como la regi\u00f3n-territorio conocida como selva Lacandona. De la misma forma, el autor busca colaborar en el entendimiento de la construcci\u00f3n social de la regi\u00f3n, as\u00ed como sus procesos hist\u00f3ricos y la acci\u00f3n que se ha tomado en torno a sus leyes, iniciativas, programas y reportajes.<\/span><\/p>\n","protected":false},"excerpt":{"rendered":"<p>DEL LACAND\u00d3N A LA SELVA LACANDONA : LA CONSTRUCCI\u00d3N DE UNA REGI\u00d3N A TRAV\u00c9S DE SUS REPRESENTANTES Y NARRATIVAS<span style=\"font-weight: 400;\">. \/ Oswaldo Villalobos Cavazos. Ciudad de M\u00e9xico, M\u00e9xico : Universidad Nacional Aut\u00f3noma de M\u00e9xico , Coordinaci\u00f3n de Humanidades , Programa Universitario de Estudios de la Diversidad Cultural y la Interculturalidad ; Gobierno de M\u00e9xico , Secretar\u00eda de Cultura , Instituto Nacional de Antropolog\u00eda e Historia ; Universidad Aut\u00f3noma de M\u00e9xico ; Universidad Iberoamericana ;\u00a0 Centro de Investigaciones y Estudios Superiores en Antropolog\u00eda Social ; El Colegio de M\u00e9xico, 2016. 280 pages : includes tables, maps, references, bibliography ; 22 cm. (Serie C\u00e1tedra Interinstitucional Arturo Warman ; Colecci\u00f3n La Pluralidad Cultural en M\u00e9xico). ISBN : 9786070284571 (UNAM) ; 9786074848526 (INAH) ; 9786076281154 (COLMEX).<\/span><\/p>\n","protected":false},"featured_media":1127,"template":"","meta":{"_acf_changed":false,"inline_featured_image":false},"product_brand":[],"product_cat":[182,78],"product_tag":[3700,4075,4337],"class_list":{"0":"post-1128","1":"product","2":"type-product","3":"status-publish","4":"has-post-thumbnail","6":"product_cat-estudios-culturales-y-de-identidad-sociologia","7":"product_cat-sociologia","8":"product_tag-chiapas-mexico","9":"product_tag-ecologia","10":"product_tag-selva-lacandona","12":"first","13":"outofstock","14":"taxable","15":"shipping-taxable","16":"purchasable","17":"product-type-simple"},"acf":[],"yoast_head":"<!-- This site is optimized with the Yoast SEO plugin v27.3 - https:\/\/yoast.com\/product\/yoast-seo-wordpress\/ -->\n<title>Del Lacand\u00f3n a la Selva Lacandona<\/title>\n<meta name=\"description\" content=\"DEL LACAND\u00d3N A LA SELVA LACANDONA : LA CONSTRUCCI\u00d3N DE UNA REGI\u00d3N A TRAV\u00c9S DE SUS REPRESENTANTES Y NARRATIVAS. \/ Oswaldo Villalobos Cavazos.\" \/>\n<meta name=\"robots\" content=\"index, follow, max-snippet:-1, max-image-preview:large, max-video-preview:-1\" \/>\n<link rel=\"canonical\" href=\"https:\/\/booksfrommexico.com\/es\/producto\/del-lacandon-a-la-selva-lacandona-la-construccion-de-una-region-a-traves-de-sus-representantes-y-narrativas\/\" \/>\n<meta property=\"og:locale\" content=\"es_ES\" \/>\n<meta property=\"og:type\" content=\"article\" \/>\n<meta property=\"og:title\" content=\"Del Lacand\u00f3n a la Selva Lacandona\" \/>\n<meta property=\"og:description\" content=\"DEL LACAND\u00d3N A LA SELVA LACANDONA : LA CONSTRUCCI\u00d3N DE UNA REGI\u00d3N A TRAV\u00c9S DE SUS REPRESENTANTES Y NARRATIVAS. \/ Oswaldo Villalobos Cavazos.\" \/>\n<meta property=\"og:url\" content=\"https:\/\/booksfrommexico.com\/es\/producto\/del-lacandon-a-la-selva-lacandona-la-construccion-de-una-region-a-traves-de-sus-representantes-y-narrativas\/\" \/>\n<meta property=\"og:site_name\" content=\"Books From Mexico\" \/>\n<meta property=\"article:modified_time\" content=\"2025-02-26T01:20:34+00:00\" \/>\n<meta property=\"og:image\" content=\"http:\/\/booksfrommexico.com\/app\/uploads\/2023\/05\/181873.jpeg\" \/>\n\t<meta property=\"og:image:width\" content=\"458\" \/>\n\t<meta property=\"og:image:height\" content=\"639\" \/>\n\t<meta property=\"og:image:type\" content=\"image\/jpeg\" \/>\n<meta name=\"twitter:card\" content=\"summary_large_image\" \/>\n<meta name=\"twitter:label1\" content=\"Tiempo de lectura\" \/>\n\t<meta name=\"twitter:data1\" content=\"1 minuto\" \/>\n<script type=\"application\/ld+json\" class=\"yoast-schema-graph\">{\"@context\":\"https:\\\/\\\/schema.org\",\"@graph\":[{\"@type\":\"WebPage\",\"@id\":\"https:\\\/\\\/booksfrommexico.com\\\/es\\\/producto\\\/del-lacandon-a-la-selva-lacandona-la-construccion-de-una-region-a-traves-de-sus-representantes-y-narrativas\\\/\",\"url\":\"https:\\\/\\\/booksfrommexico.com\\\/es\\\/producto\\\/del-lacandon-a-la-selva-lacandona-la-construccion-de-una-region-a-traves-de-sus-representantes-y-narrativas\\\/\",\"name\":\"Del Lacand\u00f3n a la Selva Lacandona\",\"isPartOf\":{\"@id\":\"https:\\\/\\\/booksfrommexico.com\\\/#website\"},\"primaryImageOfPage\":{\"@id\":\"https:\\\/\\\/booksfrommexico.com\\\/es\\\/producto\\\/del-lacandon-a-la-selva-lacandona-la-construccion-de-una-region-a-traves-de-sus-representantes-y-narrativas\\\/#primaryimage\"},\"image\":{\"@id\":\"https:\\\/\\\/booksfrommexico.com\\\/es\\\/producto\\\/del-lacandon-a-la-selva-lacandona-la-construccion-de-una-region-a-traves-de-sus-representantes-y-narrativas\\\/#primaryimage\"},\"thumbnailUrl\":\"https:\\\/\\\/booksfrommexico.com\\\/app\\\/uploads\\\/2023\\\/05\\\/181873.jpeg\",\"datePublished\":\"2023-05-08T17:11:27+00:00\",\"dateModified\":\"2025-02-26T01:20:34+00:00\",\"description\":\"DEL LACAND\u00d3N A LA SELVA LACANDONA : LA CONSTRUCCI\u00d3N DE UNA REGI\u00d3N A TRAV\u00c9S DE SUS REPRESENTANTES Y NARRATIVAS. \\\/ Oswaldo Villalobos Cavazos.\",\"breadcrumb\":{\"@id\":\"https:\\\/\\\/booksfrommexico.com\\\/es\\\/producto\\\/del-lacandon-a-la-selva-lacandona-la-construccion-de-una-region-a-traves-de-sus-representantes-y-narrativas\\\/#breadcrumb\"},\"inLanguage\":\"es\",\"potentialAction\":[{\"@type\":\"ReadAction\",\"target\":[\"https:\\\/\\\/booksfrommexico.com\\\/es\\\/producto\\\/del-lacandon-a-la-selva-lacandona-la-construccion-de-una-region-a-traves-de-sus-representantes-y-narrativas\\\/\"]}]},{\"@type\":\"ImageObject\",\"inLanguage\":\"es\",\"@id\":\"https:\\\/\\\/booksfrommexico.com\\\/es\\\/producto\\\/del-lacandon-a-la-selva-lacandona-la-construccion-de-una-region-a-traves-de-sus-representantes-y-narrativas\\\/#primaryimage\",\"url\":\"https:\\\/\\\/booksfrommexico.com\\\/app\\\/uploads\\\/2023\\\/05\\\/181873.jpeg\",\"contentUrl\":\"https:\\\/\\\/booksfrommexico.com\\\/app\\\/uploads\\\/2023\\\/05\\\/181873.jpeg\",\"width\":458,\"height\":639},{\"@type\":\"BreadcrumbList\",\"@id\":\"https:\\\/\\\/booksfrommexico.com\\\/es\\\/producto\\\/del-lacandon-a-la-selva-lacandona-la-construccion-de-una-region-a-traves-de-sus-representantes-y-narrativas\\\/#breadcrumb\",\"itemListElement\":[{\"@type\":\"ListItem\",\"position\":1,\"name\":\"Home\",\"item\":\"https:\\\/\\\/booksfrommexico.com\\\/es\\\/\"},{\"@type\":\"ListItem\",\"position\":2,\"name\":\"Libros\",\"item\":\"https:\\\/\\\/booksfrommexico.com\\\/es\\\/libros\\\/\"},{\"@type\":\"ListItem\",\"position\":3,\"name\":\"Del Lacand\u00f3n a la Selva Lacandona: La construcci\u00f3n de una regi\u00f3n a trav\u00e9s de sus representantes y narrativas\"}]},{\"@type\":\"WebSite\",\"@id\":\"https:\\\/\\\/booksfrommexico.com\\\/#website\",\"url\":\"https:\\\/\\\/booksfrommexico.com\\\/\",\"name\":\"Books From Mexico\",\"description\":\"\",\"publisher\":{\"@id\":\"https:\\\/\\\/booksfrommexico.com\\\/#organization\"},\"potentialAction\":[{\"@type\":\"SearchAction\",\"target\":{\"@type\":\"EntryPoint\",\"urlTemplate\":\"https:\\\/\\\/booksfrommexico.com\\\/?s={search_term_string}\"},\"query-input\":{\"@type\":\"PropertyValueSpecification\",\"valueRequired\":true,\"valueName\":\"search_term_string\"}}],\"inLanguage\":\"es\"},{\"@type\":\"Organization\",\"@id\":\"https:\\\/\\\/booksfrommexico.com\\\/#organization\",\"name\":\"Books From Mexico\",\"url\":\"https:\\\/\\\/booksfrommexico.com\\\/\",\"logo\":{\"@type\":\"ImageObject\",\"inLanguage\":\"es\",\"@id\":\"https:\\\/\\\/booksfrommexico.com\\\/#\\\/schema\\\/logo\\\/image\\\/\",\"url\":\"https:\\\/\\\/booksfrommexico.com\\\/app\\\/uploads\\\/2023\\\/05\\\/logo-booksfrommexico.svg\",\"contentUrl\":\"https:\\\/\\\/booksfrommexico.com\\\/app\\\/uploads\\\/2023\\\/05\\\/logo-booksfrommexico.svg\",\"width\":86,\"height\":56,\"caption\":\"Books From Mexico\"},\"image\":{\"@id\":\"https:\\\/\\\/booksfrommexico.com\\\/#\\\/schema\\\/logo\\\/image\\\/\"}}]}<\/script>\n<!-- \/ Yoast SEO plugin. -->","yoast_head_json":{"title":"Del Lacand\u00f3n a la Selva Lacandona","description":"DEL LACAND\u00d3N A LA SELVA LACANDONA : LA CONSTRUCCI\u00d3N DE UNA REGI\u00d3N A TRAV\u00c9S DE SUS REPRESENTANTES Y NARRATIVAS. \/ Oswaldo Villalobos Cavazos.","robots":{"index":"index","follow":"follow","max-snippet":"max-snippet:-1","max-image-preview":"max-image-preview:large","max-video-preview":"max-video-preview:-1"},"canonical":"https:\/\/booksfrommexico.com\/es\/producto\/del-lacandon-a-la-selva-lacandona-la-construccion-de-una-region-a-traves-de-sus-representantes-y-narrativas\/","og_locale":"es_ES","og_type":"article","og_title":"Del Lacand\u00f3n a la Selva Lacandona","og_description":"DEL LACAND\u00d3N A LA SELVA LACANDONA : LA CONSTRUCCI\u00d3N DE UNA REGI\u00d3N A TRAV\u00c9S DE SUS REPRESENTANTES Y NARRATIVAS. \/ Oswaldo Villalobos Cavazos.","og_url":"https:\/\/booksfrommexico.com\/es\/producto\/del-lacandon-a-la-selva-lacandona-la-construccion-de-una-region-a-traves-de-sus-representantes-y-narrativas\/","og_site_name":"Books From Mexico","article_modified_time":"2025-02-26T01:20:34+00:00","og_image":[{"width":458,"height":639,"url":"http:\/\/booksfrommexico.com\/app\/uploads\/2023\/05\/181873.jpeg","type":"image\/jpeg"}],"twitter_card":"summary_large_image","twitter_misc":{"Tiempo de lectura":"1 minuto"},"schema":{"@context":"https:\/\/schema.org","@graph":[{"@type":"WebPage","@id":"https:\/\/booksfrommexico.com\/es\/producto\/del-lacandon-a-la-selva-lacandona-la-construccion-de-una-region-a-traves-de-sus-representantes-y-narrativas\/","url":"https:\/\/booksfrommexico.com\/es\/producto\/del-lacandon-a-la-selva-lacandona-la-construccion-de-una-region-a-traves-de-sus-representantes-y-narrativas\/","name":"Del Lacand\u00f3n a la Selva Lacandona","isPartOf":{"@id":"https:\/\/booksfrommexico.com\/#website"},"primaryImageOfPage":{"@id":"https:\/\/booksfrommexico.com\/es\/producto\/del-lacandon-a-la-selva-lacandona-la-construccion-de-una-region-a-traves-de-sus-representantes-y-narrativas\/#primaryimage"},"image":{"@id":"https:\/\/booksfrommexico.com\/es\/producto\/del-lacandon-a-la-selva-lacandona-la-construccion-de-una-region-a-traves-de-sus-representantes-y-narrativas\/#primaryimage"},"thumbnailUrl":"https:\/\/booksfrommexico.com\/app\/uploads\/2023\/05\/181873.jpeg","datePublished":"2023-05-08T17:11:27+00:00","dateModified":"2025-02-26T01:20:34+00:00","description":"DEL LACAND\u00d3N A LA SELVA LACANDONA : LA CONSTRUCCI\u00d3N DE UNA REGI\u00d3N A TRAV\u00c9S DE SUS REPRESENTANTES Y NARRATIVAS. \/ Oswaldo Villalobos Cavazos.","breadcrumb":{"@id":"https:\/\/booksfrommexico.com\/es\/producto\/del-lacandon-a-la-selva-lacandona-la-construccion-de-una-region-a-traves-de-sus-representantes-y-narrativas\/#breadcrumb"},"inLanguage":"es","potentialAction":[{"@type":"ReadAction","target":["https:\/\/booksfrommexico.com\/es\/producto\/del-lacandon-a-la-selva-lacandona-la-construccion-de-una-region-a-traves-de-sus-representantes-y-narrativas\/"]}]},{"@type":"ImageObject","inLanguage":"es","@id":"https:\/\/booksfrommexico.com\/es\/producto\/del-lacandon-a-la-selva-lacandona-la-construccion-de-una-region-a-traves-de-sus-representantes-y-narrativas\/#primaryimage","url":"https:\/\/booksfrommexico.com\/app\/uploads\/2023\/05\/181873.jpeg","contentUrl":"https:\/\/booksfrommexico.com\/app\/uploads\/2023\/05\/181873.jpeg","width":458,"height":639},{"@type":"BreadcrumbList","@id":"https:\/\/booksfrommexico.com\/es\/producto\/del-lacandon-a-la-selva-lacandona-la-construccion-de-una-region-a-traves-de-sus-representantes-y-narrativas\/#breadcrumb","itemListElement":[{"@type":"ListItem","position":1,"name":"Home","item":"https:\/\/booksfrommexico.com\/es\/"},{"@type":"ListItem","position":2,"name":"Libros","item":"https:\/\/booksfrommexico.com\/es\/libros\/"},{"@type":"ListItem","position":3,"name":"Del Lacand\u00f3n a la Selva Lacandona: La construcci\u00f3n de una regi\u00f3n a trav\u00e9s de sus representantes y narrativas"}]},{"@type":"WebSite","@id":"https:\/\/booksfrommexico.com\/#website","url":"https:\/\/booksfrommexico.com\/","name":"Books From Mexico","description":"","publisher":{"@id":"https:\/\/booksfrommexico.com\/#organization"},"potentialAction":[{"@type":"SearchAction","target":{"@type":"EntryPoint","urlTemplate":"https:\/\/booksfrommexico.com\/?s={search_term_string}"},"query-input":{"@type":"PropertyValueSpecification","valueRequired":true,"valueName":"search_term_string"}}],"inLanguage":"es"},{"@type":"Organization","@id":"https:\/\/booksfrommexico.com\/#organization","name":"Books From Mexico","url":"https:\/\/booksfrommexico.com\/","logo":{"@type":"ImageObject","inLanguage":"es","@id":"https:\/\/booksfrommexico.com\/#\/schema\/logo\/image\/","url":"https:\/\/booksfrommexico.com\/app\/uploads\/2023\/05\/logo-booksfrommexico.svg","contentUrl":"https:\/\/booksfrommexico.com\/app\/uploads\/2023\/05\/logo-booksfrommexico.svg","width":86,"height":56,"caption":"Books From Mexico"},"image":{"@id":"https:\/\/booksfrommexico.com\/#\/schema\/logo\/image\/"}}]}},"_links":{"self":[{"href":"https:\/\/booksfrommexico.com\/es\/wp-json\/wp\/v2\/product\/1128","targetHints":{"allow":["GET"]}}],"collection":[{"href":"https:\/\/booksfrommexico.com\/es\/wp-json\/wp\/v2\/product"}],"about":[{"href":"https:\/\/booksfrommexico.com\/es\/wp-json\/wp\/v2\/types\/product"}],"wp:featuredmedia":[{"embeddable":true,"href":"https:\/\/booksfrommexico.com\/es\/wp-json\/wp\/v2\/media\/1127"}],"wp:attachment":[{"href":"https:\/\/booksfrommexico.com\/es\/wp-json\/wp\/v2\/media?parent=1128"}],"wp:term":[{"taxonomy":"product_brand","embeddable":true,"href":"https:\/\/booksfrommexico.com\/es\/wp-json\/wp\/v2\/product_brand?post=1128"},{"taxonomy":"product_cat","embeddable":true,"href":"https:\/\/booksfrommexico.com\/es\/wp-json\/wp\/v2\/product_cat?post=1128"},{"taxonomy":"product_tag","embeddable":true,"href":"https:\/\/booksfrommexico.com\/es\/wp-json\/wp\/v2\/product_tag?post=1128"}],"curies":[{"name":"wp","href":"https:\/\/api.w.org\/{rel}","templated":true}]}}