{"id":1130,"date":"2023-05-08T17:11:29","date_gmt":"2023-05-08T17:11:29","guid":{"rendered":"http:\/\/booksfrommexico.com\/product\/suenos-de-lot\/"},"modified":"2024-05-13T23:26:28","modified_gmt":"2024-05-13T23:26:28","slug":"suenos-de-lot","status":"publish","type":"product","link":"https:\/\/booksfrommexico.com\/es\/producto\/suenos-de-lot\/","title":{"rendered":"Sue\u00f1os de Lot"},"content":{"rendered":"<p><span style=\"font-weight: 400;\">Eve Gil es una narradora, ensayista y periodista cultural ganadora del Premio Nacional de Periodismo Fernando Ben\u00edtez 1994 y del Premio Nacional de Cuento Efra\u00edn Huerta 2006 con este t\u00edtulo. Siendo trasladados por la autora de la dramaturgia y la novela al cuento, los tres relatos que se incluyen aqu\u00ed est\u00e1n conectados a trav\u00e9s de su tema eje: el incesto. Entre sus p\u00e1ginas se encuentran situaciones de la cotidianeidad y tambi\u00e9n lugares comunes de la Ciudad de M\u00e9xico, atrapando al lector con sus descripciones. Esta edici\u00f3n consta s\u00f3lo de 100 ejemplares y al pertenecer a la editorial Pachuk Cartonera, se trata de un ejemplar encuadernado artesanalmente y con una portada pintada a mano. <\/span><\/p>\n","protected":false},"excerpt":{"rendered":"<p>SUE\u00d1OS DE LOT<span style=\"font-weight: 400;\">. \/ Eve Gil. Pachuca de Soto, Hidalgo, M\u00e9xico : Pachuk Cartonera, 2016. 50 pages ; 23 cm. (Colecci\u00f3n Narrativa).<\/span><\/p>\n","protected":false},"featured_media":1129,"template":"","meta":{"_acf_changed":false,"inline_featured_image":false},"product_brand":[],"product_cat":[37,25],"product_tag":[4193,4127,3603],"class_list":{"0":"post-1130","1":"product","2":"type-product","3":"status-publish","4":"has-post-thumbnail","6":"product_cat-cuento-literatura","7":"product_cat-literatura","8":"product_tag-cartonera-es","9":"product_tag-cuento","10":"product_tag-cuentos-mexicanos","12":"first","13":"instock","14":"taxable","15":"shipping-taxable","16":"purchasable","17":"product-type-simple"},"acf":[],"yoast_head":"<!-- This site is optimized with the Yoast SEO plugin v27.3 - https:\/\/yoast.com\/product\/yoast-seo-wordpress\/ -->\n<title>Sue\u00f1os de Lot<\/title>\n<meta name=\"description\" content=\"SUE\u00d1OS DE LOT. \/ Eve Gil. Pachuca de Soto, Hidalgo, M\u00e9xico : Pachuk Cartonera, 2016. 50 pages ; 23 cm. (Colecci\u00f3n Narrativa).\" \/>\n<meta name=\"robots\" content=\"index, follow, max-snippet:-1, max-image-preview:large, max-video-preview:-1\" \/>\n<link rel=\"canonical\" href=\"https:\/\/booksfrommexico.com\/es\/producto\/suenos-de-lot\/\" \/>\n<meta property=\"og:locale\" content=\"es_ES\" \/>\n<meta property=\"og:type\" content=\"article\" \/>\n<meta property=\"og:title\" content=\"Sue\u00f1os de Lot\" \/>\n<meta property=\"og:description\" content=\"SUE\u00d1OS DE LOT. \/ Eve Gil. Pachuca de Soto, Hidalgo, M\u00e9xico : Pachuk Cartonera, 2016. 50 pages ; 23 cm. (Colecci\u00f3n Narrativa).\" \/>\n<meta property=\"og:url\" content=\"https:\/\/booksfrommexico.com\/es\/producto\/suenos-de-lot\/\" \/>\n<meta property=\"og:site_name\" content=\"Books From Mexico\" \/>\n<meta property=\"article:modified_time\" content=\"2024-05-13T23:26:28+00:00\" \/>\n<meta property=\"og:image\" content=\"http:\/\/booksfrommexico.com\/app\/uploads\/2023\/05\/182692.jpeg\" \/>\n\t<meta property=\"og:image:width\" content=\"396\" \/>\n\t<meta property=\"og:image:height\" content=\"632\" \/>\n\t<meta property=\"og:image:type\" content=\"image\/jpeg\" \/>\n<meta name=\"twitter:card\" content=\"summary_large_image\" \/>\n<meta name=\"twitter:label1\" content=\"Tiempo de lectura\" \/>\n\t<meta name=\"twitter:data1\" content=\"1 minuto\" \/>\n<script type=\"application\/ld+json\" class=\"yoast-schema-graph\">{\"@context\":\"https:\\\/\\\/schema.org\",\"@graph\":[{\"@type\":\"WebPage\",\"@id\":\"https:\\\/\\\/booksfrommexico.com\\\/es\\\/producto\\\/suenos-de-lot\\\/\",\"url\":\"https:\\\/\\\/booksfrommexico.com\\\/es\\\/producto\\\/suenos-de-lot\\\/\",\"name\":\"Sue\u00f1os de Lot\",\"isPartOf\":{\"@id\":\"https:\\\/\\\/booksfrommexico.com\\\/#website\"},\"primaryImageOfPage\":{\"@id\":\"https:\\\/\\\/booksfrommexico.com\\\/es\\\/producto\\\/suenos-de-lot\\\/#primaryimage\"},\"image\":{\"@id\":\"https:\\\/\\\/booksfrommexico.com\\\/es\\\/producto\\\/suenos-de-lot\\\/#primaryimage\"},\"thumbnailUrl\":\"https:\\\/\\\/booksfrommexico.com\\\/app\\\/uploads\\\/2023\\\/05\\\/182692.jpeg\",\"datePublished\":\"2023-05-08T17:11:29+00:00\",\"dateModified\":\"2024-05-13T23:26:28+00:00\",\"description\":\"SUE\u00d1OS DE LOT. \\\/ Eve Gil. Pachuca de Soto, Hidalgo, M\u00e9xico : Pachuk Cartonera, 2016. 50 pages ; 23 cm. (Colecci\u00f3n Narrativa).\",\"breadcrumb\":{\"@id\":\"https:\\\/\\\/booksfrommexico.com\\\/es\\\/producto\\\/suenos-de-lot\\\/#breadcrumb\"},\"inLanguage\":\"es\",\"potentialAction\":[{\"@type\":\"ReadAction\",\"target\":[\"https:\\\/\\\/booksfrommexico.com\\\/es\\\/producto\\\/suenos-de-lot\\\/\"]}]},{\"@type\":\"ImageObject\",\"inLanguage\":\"es\",\"@id\":\"https:\\\/\\\/booksfrommexico.com\\\/es\\\/producto\\\/suenos-de-lot\\\/#primaryimage\",\"url\":\"https:\\\/\\\/booksfrommexico.com\\\/app\\\/uploads\\\/2023\\\/05\\\/182692.jpeg\",\"contentUrl\":\"https:\\\/\\\/booksfrommexico.com\\\/app\\\/uploads\\\/2023\\\/05\\\/182692.jpeg\",\"width\":396,\"height\":632,\"caption\":\"Books From M\u00e9xico: Sue\u00f1os de Lot\"},{\"@type\":\"BreadcrumbList\",\"@id\":\"https:\\\/\\\/booksfrommexico.com\\\/es\\\/producto\\\/suenos-de-lot\\\/#breadcrumb\",\"itemListElement\":[{\"@type\":\"ListItem\",\"position\":1,\"name\":\"Home\",\"item\":\"https:\\\/\\\/booksfrommexico.com\\\/es\\\/\"},{\"@type\":\"ListItem\",\"position\":2,\"name\":\"Libros\",\"item\":\"https:\\\/\\\/booksfrommexico.com\\\/es\\\/libros\\\/\"},{\"@type\":\"ListItem\",\"position\":3,\"name\":\"Sue\u00f1os de Lot\"}]},{\"@type\":\"WebSite\",\"@id\":\"https:\\\/\\\/booksfrommexico.com\\\/#website\",\"url\":\"https:\\\/\\\/booksfrommexico.com\\\/\",\"name\":\"Books From Mexico\",\"description\":\"\",\"publisher\":{\"@id\":\"https:\\\/\\\/booksfrommexico.com\\\/#organization\"},\"potentialAction\":[{\"@type\":\"SearchAction\",\"target\":{\"@type\":\"EntryPoint\",\"urlTemplate\":\"https:\\\/\\\/booksfrommexico.com\\\/?s={search_term_string}\"},\"query-input\":{\"@type\":\"PropertyValueSpecification\",\"valueRequired\":true,\"valueName\":\"search_term_string\"}}],\"inLanguage\":\"es\"},{\"@type\":\"Organization\",\"@id\":\"https:\\\/\\\/booksfrommexico.com\\\/#organization\",\"name\":\"Books From Mexico\",\"url\":\"https:\\\/\\\/booksfrommexico.com\\\/\",\"logo\":{\"@type\":\"ImageObject\",\"inLanguage\":\"es\",\"@id\":\"https:\\\/\\\/booksfrommexico.com\\\/#\\\/schema\\\/logo\\\/image\\\/\",\"url\":\"https:\\\/\\\/booksfrommexico.com\\\/app\\\/uploads\\\/2023\\\/05\\\/logo-booksfrommexico.svg\",\"contentUrl\":\"https:\\\/\\\/booksfrommexico.com\\\/app\\\/uploads\\\/2023\\\/05\\\/logo-booksfrommexico.svg\",\"width\":86,\"height\":56,\"caption\":\"Books From Mexico\"},\"image\":{\"@id\":\"https:\\\/\\\/booksfrommexico.com\\\/#\\\/schema\\\/logo\\\/image\\\/\"}}]}<\/script>\n<!-- \/ Yoast SEO plugin. -->","yoast_head_json":{"title":"Sue\u00f1os de Lot","description":"SUE\u00d1OS DE LOT. \/ Eve Gil. Pachuca de Soto, Hidalgo, M\u00e9xico : Pachuk Cartonera, 2016. 50 pages ; 23 cm. (Colecci\u00f3n Narrativa).","robots":{"index":"index","follow":"follow","max-snippet":"max-snippet:-1","max-image-preview":"max-image-preview:large","max-video-preview":"max-video-preview:-1"},"canonical":"https:\/\/booksfrommexico.com\/es\/producto\/suenos-de-lot\/","og_locale":"es_ES","og_type":"article","og_title":"Sue\u00f1os de Lot","og_description":"SUE\u00d1OS DE LOT. \/ Eve Gil. Pachuca de Soto, Hidalgo, M\u00e9xico : Pachuk Cartonera, 2016. 50 pages ; 23 cm. (Colecci\u00f3n Narrativa).","og_url":"https:\/\/booksfrommexico.com\/es\/producto\/suenos-de-lot\/","og_site_name":"Books From Mexico","article_modified_time":"2024-05-13T23:26:28+00:00","og_image":[{"width":396,"height":632,"url":"http:\/\/booksfrommexico.com\/app\/uploads\/2023\/05\/182692.jpeg","type":"image\/jpeg"}],"twitter_card":"summary_large_image","twitter_misc":{"Tiempo de lectura":"1 minuto"},"schema":{"@context":"https:\/\/schema.org","@graph":[{"@type":"WebPage","@id":"https:\/\/booksfrommexico.com\/es\/producto\/suenos-de-lot\/","url":"https:\/\/booksfrommexico.com\/es\/producto\/suenos-de-lot\/","name":"Sue\u00f1os de Lot","isPartOf":{"@id":"https:\/\/booksfrommexico.com\/#website"},"primaryImageOfPage":{"@id":"https:\/\/booksfrommexico.com\/es\/producto\/suenos-de-lot\/#primaryimage"},"image":{"@id":"https:\/\/booksfrommexico.com\/es\/producto\/suenos-de-lot\/#primaryimage"},"thumbnailUrl":"https:\/\/booksfrommexico.com\/app\/uploads\/2023\/05\/182692.jpeg","datePublished":"2023-05-08T17:11:29+00:00","dateModified":"2024-05-13T23:26:28+00:00","description":"SUE\u00d1OS DE LOT. \/ Eve Gil. Pachuca de Soto, Hidalgo, M\u00e9xico : Pachuk Cartonera, 2016. 50 pages ; 23 cm. (Colecci\u00f3n Narrativa).","breadcrumb":{"@id":"https:\/\/booksfrommexico.com\/es\/producto\/suenos-de-lot\/#breadcrumb"},"inLanguage":"es","potentialAction":[{"@type":"ReadAction","target":["https:\/\/booksfrommexico.com\/es\/producto\/suenos-de-lot\/"]}]},{"@type":"ImageObject","inLanguage":"es","@id":"https:\/\/booksfrommexico.com\/es\/producto\/suenos-de-lot\/#primaryimage","url":"https:\/\/booksfrommexico.com\/app\/uploads\/2023\/05\/182692.jpeg","contentUrl":"https:\/\/booksfrommexico.com\/app\/uploads\/2023\/05\/182692.jpeg","width":396,"height":632,"caption":"Books From M\u00e9xico: Sue\u00f1os de Lot"},{"@type":"BreadcrumbList","@id":"https:\/\/booksfrommexico.com\/es\/producto\/suenos-de-lot\/#breadcrumb","itemListElement":[{"@type":"ListItem","position":1,"name":"Home","item":"https:\/\/booksfrommexico.com\/es\/"},{"@type":"ListItem","position":2,"name":"Libros","item":"https:\/\/booksfrommexico.com\/es\/libros\/"},{"@type":"ListItem","position":3,"name":"Sue\u00f1os de Lot"}]},{"@type":"WebSite","@id":"https:\/\/booksfrommexico.com\/#website","url":"https:\/\/booksfrommexico.com\/","name":"Books From Mexico","description":"","publisher":{"@id":"https:\/\/booksfrommexico.com\/#organization"},"potentialAction":[{"@type":"SearchAction","target":{"@type":"EntryPoint","urlTemplate":"https:\/\/booksfrommexico.com\/?s={search_term_string}"},"query-input":{"@type":"PropertyValueSpecification","valueRequired":true,"valueName":"search_term_string"}}],"inLanguage":"es"},{"@type":"Organization","@id":"https:\/\/booksfrommexico.com\/#organization","name":"Books From Mexico","url":"https:\/\/booksfrommexico.com\/","logo":{"@type":"ImageObject","inLanguage":"es","@id":"https:\/\/booksfrommexico.com\/#\/schema\/logo\/image\/","url":"https:\/\/booksfrommexico.com\/app\/uploads\/2023\/05\/logo-booksfrommexico.svg","contentUrl":"https:\/\/booksfrommexico.com\/app\/uploads\/2023\/05\/logo-booksfrommexico.svg","width":86,"height":56,"caption":"Books From Mexico"},"image":{"@id":"https:\/\/booksfrommexico.com\/#\/schema\/logo\/image\/"}}]}},"_links":{"self":[{"href":"https:\/\/booksfrommexico.com\/es\/wp-json\/wp\/v2\/product\/1130","targetHints":{"allow":["GET"]}}],"collection":[{"href":"https:\/\/booksfrommexico.com\/es\/wp-json\/wp\/v2\/product"}],"about":[{"href":"https:\/\/booksfrommexico.com\/es\/wp-json\/wp\/v2\/types\/product"}],"wp:featuredmedia":[{"embeddable":true,"href":"https:\/\/booksfrommexico.com\/es\/wp-json\/wp\/v2\/media\/1129"}],"wp:attachment":[{"href":"https:\/\/booksfrommexico.com\/es\/wp-json\/wp\/v2\/media?parent=1130"}],"wp:term":[{"taxonomy":"product_brand","embeddable":true,"href":"https:\/\/booksfrommexico.com\/es\/wp-json\/wp\/v2\/product_brand?post=1130"},{"taxonomy":"product_cat","embeddable":true,"href":"https:\/\/booksfrommexico.com\/es\/wp-json\/wp\/v2\/product_cat?post=1130"},{"taxonomy":"product_tag","embeddable":true,"href":"https:\/\/booksfrommexico.com\/es\/wp-json\/wp\/v2\/product_tag?post=1130"}],"curies":[{"name":"wp","href":"https:\/\/api.w.org\/{rel}","templated":true}]}}