{"id":1134,"date":"2023-05-08T17:11:32","date_gmt":"2023-05-08T17:11:32","guid":{"rendered":"http:\/\/booksfrommexico.com\/product\/cultura-e-identidad-transfronteras-historia-sociedad-arte-y-discurso\/"},"modified":"2024-05-13T23:17:29","modified_gmt":"2024-05-13T23:17:29","slug":"cultura-e-identidad-transfronteras-historia-sociedad-arte-y-discurso","status":"publish","type":"product","link":"https:\/\/booksfrommexico.com\/es\/producto\/cultura-e-identidad-transfronteras-historia-sociedad-arte-y-discurso\/","title":{"rendered":"Cultura e identidad transfronteras: Historia, sociedad, arte y discurso"},"content":{"rendered":"<p><span style=\"font-weight: 400;\">Las diferencias entre los pobladores del norte de M\u00e9xico y el sur de EUA derivan en una cultura fronteriza conjunta que est\u00e1 determinada por sus contextos socio-hist\u00f3ricos y pol\u00edtico. Este t\u00edtulo se presenta con el objetivo de develar, en el panorama global, algunos hechos hist\u00f3ricos que han incidido en la situaci\u00f3n actual, tanto en la sociedad, la econom\u00eda y la pol\u00edtica, como en la cultura de la frontera entre M\u00e9xico y Estados Unidos, a\u00f1os despu\u00e9s de la forma del Tratado de Libre comercio. Dividido en 18 cap\u00edtulos escritos por distintos autores, cada uno hace un acercamiento multidisciplinario inspirado en conceptos din\u00e1micos provenientes de las teor\u00edas del caos y de la complejidad.\u00a0<\/span><\/p>\n","protected":false},"excerpt":{"rendered":"<p>CULTURA E IDENTIDAD TRANSFRONTERAS : HISTORIA, SOCIEDAD, ARTE Y DISCURSO<span style=\"font-weight: 400;\">. \/ Lidia Rodr\u00edguez Alfan (compilator). New York, United States : Legas, 2012. 428 pages : includes color photos, color charts, tables, maps, bibliography at the end of each chapter ; 23 cm. (Serie Latin America in the 21st century). ISBN : 9781897493335 (volumen) ; 1897493339 (serie).<\/span><\/p>\n","protected":false},"featured_media":1133,"template":"","meta":{"_acf_changed":false,"inline_featured_image":false},"product_brand":[],"product_cat":[1065,42],"product_tag":[3659,3685,3612],"class_list":{"0":"post-1134","1":"product","2":"type-product","3":"status-publish","4":"has-post-thumbnail","6":"product_cat-condiciones-sociales-y-politicas-de-la-migracion","7":"product_cat-temas-de-inmigracion-y-migraciones-humanas","8":"product_tag-condiciones-sociales","9":"product_tag-inmigracion","10":"product_tag-inmigrants","12":"first","13":"instock","14":"taxable","15":"shipping-taxable","16":"purchasable","17":"product-type-simple"},"acf":[],"yoast_head":"<!-- This site is optimized with the Yoast SEO plugin v27.3 - https:\/\/yoast.com\/product\/yoast-seo-wordpress\/ -->\n<title>Cultura e identidad transfronteras<\/title>\n<meta name=\"description\" content=\"CULTURA E IDENTIDAD TRANSFRONTERAS : HISTORIA, SOCIEDAD, ARTE Y DISCURSO. \/ Lidia Rodr\u00edguez Alfan (compilator). New York, United States : Legas, 2012.\" \/>\n<meta name=\"robots\" content=\"index, follow, max-snippet:-1, max-image-preview:large, max-video-preview:-1\" \/>\n<link rel=\"canonical\" href=\"https:\/\/booksfrommexico.com\/es\/producto\/cultura-e-identidad-transfronteras-historia-sociedad-arte-y-discurso\/\" \/>\n<meta property=\"og:locale\" content=\"es_ES\" \/>\n<meta property=\"og:type\" content=\"article\" \/>\n<meta property=\"og:title\" content=\"Cultura e identidad transfronteras\" \/>\n<meta property=\"og:description\" content=\"CULTURA E IDENTIDAD TRANSFRONTERAS : HISTORIA, SOCIEDAD, ARTE Y DISCURSO. \/ Lidia Rodr\u00edguez Alfan (compilator). New York, United States : Legas, 2012.\" \/>\n<meta property=\"og:url\" content=\"https:\/\/booksfrommexico.com\/es\/producto\/cultura-e-identidad-transfronteras-historia-sociedad-arte-y-discurso\/\" \/>\n<meta property=\"og:site_name\" content=\"Books From Mexico\" \/>\n<meta property=\"article:modified_time\" content=\"2024-05-13T23:17:29+00:00\" \/>\n<meta property=\"og:image\" content=\"http:\/\/booksfrommexico.com\/app\/uploads\/2023\/05\/182352.jpeg\" \/>\n\t<meta property=\"og:image:width\" content=\"429\" \/>\n\t<meta property=\"og:image:height\" content=\"635\" \/>\n\t<meta property=\"og:image:type\" content=\"image\/jpeg\" \/>\n<meta name=\"twitter:card\" content=\"summary_large_image\" \/>\n<meta name=\"twitter:label1\" content=\"Tiempo de lectura\" \/>\n\t<meta name=\"twitter:data1\" content=\"1 minuto\" \/>\n<script type=\"application\/ld+json\" class=\"yoast-schema-graph\">{\"@context\":\"https:\\\/\\\/schema.org\",\"@graph\":[{\"@type\":\"WebPage\",\"@id\":\"https:\\\/\\\/booksfrommexico.com\\\/es\\\/producto\\\/cultura-e-identidad-transfronteras-historia-sociedad-arte-y-discurso\\\/\",\"url\":\"https:\\\/\\\/booksfrommexico.com\\\/es\\\/producto\\\/cultura-e-identidad-transfronteras-historia-sociedad-arte-y-discurso\\\/\",\"name\":\"Cultura e identidad transfronteras\",\"isPartOf\":{\"@id\":\"https:\\\/\\\/booksfrommexico.com\\\/#website\"},\"primaryImageOfPage\":{\"@id\":\"https:\\\/\\\/booksfrommexico.com\\\/es\\\/producto\\\/cultura-e-identidad-transfronteras-historia-sociedad-arte-y-discurso\\\/#primaryimage\"},\"image\":{\"@id\":\"https:\\\/\\\/booksfrommexico.com\\\/es\\\/producto\\\/cultura-e-identidad-transfronteras-historia-sociedad-arte-y-discurso\\\/#primaryimage\"},\"thumbnailUrl\":\"https:\\\/\\\/booksfrommexico.com\\\/app\\\/uploads\\\/2023\\\/05\\\/182352.jpeg\",\"datePublished\":\"2023-05-08T17:11:32+00:00\",\"dateModified\":\"2024-05-13T23:17:29+00:00\",\"description\":\"CULTURA E IDENTIDAD TRANSFRONTERAS : HISTORIA, SOCIEDAD, ARTE Y DISCURSO. \\\/ Lidia Rodr\u00edguez Alfan (compilator). New York, United States : Legas, 2012.\",\"breadcrumb\":{\"@id\":\"https:\\\/\\\/booksfrommexico.com\\\/es\\\/producto\\\/cultura-e-identidad-transfronteras-historia-sociedad-arte-y-discurso\\\/#breadcrumb\"},\"inLanguage\":\"es\",\"potentialAction\":[{\"@type\":\"ReadAction\",\"target\":[\"https:\\\/\\\/booksfrommexico.com\\\/es\\\/producto\\\/cultura-e-identidad-transfronteras-historia-sociedad-arte-y-discurso\\\/\"]}]},{\"@type\":\"ImageObject\",\"inLanguage\":\"es\",\"@id\":\"https:\\\/\\\/booksfrommexico.com\\\/es\\\/producto\\\/cultura-e-identidad-transfronteras-historia-sociedad-arte-y-discurso\\\/#primaryimage\",\"url\":\"https:\\\/\\\/booksfrommexico.com\\\/app\\\/uploads\\\/2023\\\/05\\\/182352.jpeg\",\"contentUrl\":\"https:\\\/\\\/booksfrommexico.com\\\/app\\\/uploads\\\/2023\\\/05\\\/182352.jpeg\",\"width\":429,\"height\":635,\"caption\":\"Books From M\u00e9xico: Cultura e identidad transfronteras\"},{\"@type\":\"BreadcrumbList\",\"@id\":\"https:\\\/\\\/booksfrommexico.com\\\/es\\\/producto\\\/cultura-e-identidad-transfronteras-historia-sociedad-arte-y-discurso\\\/#breadcrumb\",\"itemListElement\":[{\"@type\":\"ListItem\",\"position\":1,\"name\":\"Home\",\"item\":\"https:\\\/\\\/booksfrommexico.com\\\/es\\\/\"},{\"@type\":\"ListItem\",\"position\":2,\"name\":\"Libros\",\"item\":\"https:\\\/\\\/booksfrommexico.com\\\/es\\\/libros\\\/\"},{\"@type\":\"ListItem\",\"position\":3,\"name\":\"Cultura e identidad transfronteras: Historia, sociedad, arte y discurso\"}]},{\"@type\":\"WebSite\",\"@id\":\"https:\\\/\\\/booksfrommexico.com\\\/#website\",\"url\":\"https:\\\/\\\/booksfrommexico.com\\\/\",\"name\":\"Books From Mexico\",\"description\":\"\",\"publisher\":{\"@id\":\"https:\\\/\\\/booksfrommexico.com\\\/#organization\"},\"potentialAction\":[{\"@type\":\"SearchAction\",\"target\":{\"@type\":\"EntryPoint\",\"urlTemplate\":\"https:\\\/\\\/booksfrommexico.com\\\/?s={search_term_string}\"},\"query-input\":{\"@type\":\"PropertyValueSpecification\",\"valueRequired\":true,\"valueName\":\"search_term_string\"}}],\"inLanguage\":\"es\"},{\"@type\":\"Organization\",\"@id\":\"https:\\\/\\\/booksfrommexico.com\\\/#organization\",\"name\":\"Books From Mexico\",\"url\":\"https:\\\/\\\/booksfrommexico.com\\\/\",\"logo\":{\"@type\":\"ImageObject\",\"inLanguage\":\"es\",\"@id\":\"https:\\\/\\\/booksfrommexico.com\\\/#\\\/schema\\\/logo\\\/image\\\/\",\"url\":\"https:\\\/\\\/booksfrommexico.com\\\/app\\\/uploads\\\/2023\\\/05\\\/logo-booksfrommexico.svg\",\"contentUrl\":\"https:\\\/\\\/booksfrommexico.com\\\/app\\\/uploads\\\/2023\\\/05\\\/logo-booksfrommexico.svg\",\"width\":86,\"height\":56,\"caption\":\"Books From Mexico\"},\"image\":{\"@id\":\"https:\\\/\\\/booksfrommexico.com\\\/#\\\/schema\\\/logo\\\/image\\\/\"}}]}<\/script>\n<!-- \/ Yoast SEO plugin. -->","yoast_head_json":{"title":"Cultura e identidad transfronteras","description":"CULTURA E IDENTIDAD TRANSFRONTERAS : HISTORIA, SOCIEDAD, ARTE Y DISCURSO. \/ Lidia Rodr\u00edguez Alfan (compilator). New York, United States : Legas, 2012.","robots":{"index":"index","follow":"follow","max-snippet":"max-snippet:-1","max-image-preview":"max-image-preview:large","max-video-preview":"max-video-preview:-1"},"canonical":"https:\/\/booksfrommexico.com\/es\/producto\/cultura-e-identidad-transfronteras-historia-sociedad-arte-y-discurso\/","og_locale":"es_ES","og_type":"article","og_title":"Cultura e identidad transfronteras","og_description":"CULTURA E IDENTIDAD TRANSFRONTERAS : HISTORIA, SOCIEDAD, ARTE Y DISCURSO. \/ Lidia Rodr\u00edguez Alfan (compilator). New York, United States : Legas, 2012.","og_url":"https:\/\/booksfrommexico.com\/es\/producto\/cultura-e-identidad-transfronteras-historia-sociedad-arte-y-discurso\/","og_site_name":"Books From Mexico","article_modified_time":"2024-05-13T23:17:29+00:00","og_image":[{"width":429,"height":635,"url":"http:\/\/booksfrommexico.com\/app\/uploads\/2023\/05\/182352.jpeg","type":"image\/jpeg"}],"twitter_card":"summary_large_image","twitter_misc":{"Tiempo de lectura":"1 minuto"},"schema":{"@context":"https:\/\/schema.org","@graph":[{"@type":"WebPage","@id":"https:\/\/booksfrommexico.com\/es\/producto\/cultura-e-identidad-transfronteras-historia-sociedad-arte-y-discurso\/","url":"https:\/\/booksfrommexico.com\/es\/producto\/cultura-e-identidad-transfronteras-historia-sociedad-arte-y-discurso\/","name":"Cultura e identidad transfronteras","isPartOf":{"@id":"https:\/\/booksfrommexico.com\/#website"},"primaryImageOfPage":{"@id":"https:\/\/booksfrommexico.com\/es\/producto\/cultura-e-identidad-transfronteras-historia-sociedad-arte-y-discurso\/#primaryimage"},"image":{"@id":"https:\/\/booksfrommexico.com\/es\/producto\/cultura-e-identidad-transfronteras-historia-sociedad-arte-y-discurso\/#primaryimage"},"thumbnailUrl":"https:\/\/booksfrommexico.com\/app\/uploads\/2023\/05\/182352.jpeg","datePublished":"2023-05-08T17:11:32+00:00","dateModified":"2024-05-13T23:17:29+00:00","description":"CULTURA E IDENTIDAD TRANSFRONTERAS : HISTORIA, SOCIEDAD, ARTE Y DISCURSO. \/ Lidia Rodr\u00edguez Alfan (compilator). New York, United States : Legas, 2012.","breadcrumb":{"@id":"https:\/\/booksfrommexico.com\/es\/producto\/cultura-e-identidad-transfronteras-historia-sociedad-arte-y-discurso\/#breadcrumb"},"inLanguage":"es","potentialAction":[{"@type":"ReadAction","target":["https:\/\/booksfrommexico.com\/es\/producto\/cultura-e-identidad-transfronteras-historia-sociedad-arte-y-discurso\/"]}]},{"@type":"ImageObject","inLanguage":"es","@id":"https:\/\/booksfrommexico.com\/es\/producto\/cultura-e-identidad-transfronteras-historia-sociedad-arte-y-discurso\/#primaryimage","url":"https:\/\/booksfrommexico.com\/app\/uploads\/2023\/05\/182352.jpeg","contentUrl":"https:\/\/booksfrommexico.com\/app\/uploads\/2023\/05\/182352.jpeg","width":429,"height":635,"caption":"Books From M\u00e9xico: Cultura e identidad transfronteras"},{"@type":"BreadcrumbList","@id":"https:\/\/booksfrommexico.com\/es\/producto\/cultura-e-identidad-transfronteras-historia-sociedad-arte-y-discurso\/#breadcrumb","itemListElement":[{"@type":"ListItem","position":1,"name":"Home","item":"https:\/\/booksfrommexico.com\/es\/"},{"@type":"ListItem","position":2,"name":"Libros","item":"https:\/\/booksfrommexico.com\/es\/libros\/"},{"@type":"ListItem","position":3,"name":"Cultura e identidad transfronteras: Historia, sociedad, arte y discurso"}]},{"@type":"WebSite","@id":"https:\/\/booksfrommexico.com\/#website","url":"https:\/\/booksfrommexico.com\/","name":"Books From Mexico","description":"","publisher":{"@id":"https:\/\/booksfrommexico.com\/#organization"},"potentialAction":[{"@type":"SearchAction","target":{"@type":"EntryPoint","urlTemplate":"https:\/\/booksfrommexico.com\/?s={search_term_string}"},"query-input":{"@type":"PropertyValueSpecification","valueRequired":true,"valueName":"search_term_string"}}],"inLanguage":"es"},{"@type":"Organization","@id":"https:\/\/booksfrommexico.com\/#organization","name":"Books From Mexico","url":"https:\/\/booksfrommexico.com\/","logo":{"@type":"ImageObject","inLanguage":"es","@id":"https:\/\/booksfrommexico.com\/#\/schema\/logo\/image\/","url":"https:\/\/booksfrommexico.com\/app\/uploads\/2023\/05\/logo-booksfrommexico.svg","contentUrl":"https:\/\/booksfrommexico.com\/app\/uploads\/2023\/05\/logo-booksfrommexico.svg","width":86,"height":56,"caption":"Books From Mexico"},"image":{"@id":"https:\/\/booksfrommexico.com\/#\/schema\/logo\/image\/"}}]}},"_links":{"self":[{"href":"https:\/\/booksfrommexico.com\/es\/wp-json\/wp\/v2\/product\/1134","targetHints":{"allow":["GET"]}}],"collection":[{"href":"https:\/\/booksfrommexico.com\/es\/wp-json\/wp\/v2\/product"}],"about":[{"href":"https:\/\/booksfrommexico.com\/es\/wp-json\/wp\/v2\/types\/product"}],"wp:featuredmedia":[{"embeddable":true,"href":"https:\/\/booksfrommexico.com\/es\/wp-json\/wp\/v2\/media\/1133"}],"wp:attachment":[{"href":"https:\/\/booksfrommexico.com\/es\/wp-json\/wp\/v2\/media?parent=1134"}],"wp:term":[{"taxonomy":"product_brand","embeddable":true,"href":"https:\/\/booksfrommexico.com\/es\/wp-json\/wp\/v2\/product_brand?post=1134"},{"taxonomy":"product_cat","embeddable":true,"href":"https:\/\/booksfrommexico.com\/es\/wp-json\/wp\/v2\/product_cat?post=1134"},{"taxonomy":"product_tag","embeddable":true,"href":"https:\/\/booksfrommexico.com\/es\/wp-json\/wp\/v2\/product_tag?post=1134"}],"curies":[{"name":"wp","href":"https:\/\/api.w.org\/{rel}","templated":true}]}}