{"id":1136,"date":"2023-05-08T17:11:34","date_gmt":"2023-05-08T17:11:34","guid":{"rendered":"http:\/\/booksfrommexico.com\/product\/mujeres-africanas-y-afrodescendientes-experiencias-de-esclavitud-y-libertad-en-america-latina-y-africa-siglos-xvi-al-xix\/"},"modified":"2024-05-14T21:53:34","modified_gmt":"2024-05-14T21:53:34","slug":"mujeres-africanas-y-afrodescendientes-experiencias-de-esclavitud-y-libertad-en-america-latina-y-africa-siglos-xvi-al-xix","status":"publish","type":"product","link":"https:\/\/booksfrommexico.com\/es\/producto\/mujeres-africanas-y-afrodescendientes-experiencias-de-esclavitud-y-libertad-en-america-latina-y-africa-siglos-xvi-al-xix\/","title":{"rendered":"Mujeres africanas y afrodescendientes: Experiencias de esclavitud y libertad en Am\u00e9rica Latina y \u00c1frica (Siglos XVI al XIX)"},"content":{"rendered":"<p><span style=\"font-weight: 400;\">En d\u00e9cadas pasadas, las investigaciones sobre la esclavitud africana transatl\u00e1ntica se enfocaban en los hombres, bajo el argumento de que el comercio de personas esclavizadas hab\u00eda sido fundamentalmente masculino debido a la demanda para trabajos de miner\u00eda, ganader\u00eda y plantaciones. Fue en el a\u00f1o 2011 cuando surgi\u00f3 la idea de invitar a un grupo de especialistas sobre historia de las mujeres y de la esclavitud para escribir sobre casos particulares de mujeres africanas y\/o afrodescendeientes, libres o esclavas en Am\u00e9rica Latina y \u00c1frica. El resultado es este libro, cuyo contenido son nueve art\u00edculos organizados en 2 secciones: \u201cExperiencias de esclavitud\u201d y \u201cExperiencias de libertad\u201d.<\/span><\/p>\n","protected":false},"excerpt":{"rendered":"<p>MUJERES AFRICANAS Y AFRODESCENDIENTES : EXPERIENCIAS DE ESCLAVITUD Y LIBERTAD EN AM\u00c9RICA LATINA Y \u00c1FRICA. SIGLOS XVI AL XIX<span style=\"font-weight: 400;\">. \/ Mar\u00eda Elisa Vel\u00e1zquez y Carolina Gonz\u00e1lez Undurruaga\u00a0 (coordinators). M\u00e9xico, D.F. : Gobierno de M\u00e9xico, Secretar\u00eda de Cultura , Instituto Nacional de Antropolog\u00eda e Historia, 2016. 343 pages : includes references, maps, charts, tables, bibliography at the end of each chapter ; 21 cm. (Colecci\u00f3n African\u00eda). ISBN : 9786074848021.<\/span><\/p>\n","protected":false},"featured_media":1135,"template":"","meta":{"_acf_changed":false,"inline_featured_image":false},"product_brand":[],"product_cat":[147,148],"product_tag":[4357,3752,3845,4101],"class_list":{"0":"post-1136","1":"product","2":"type-product","3":"status-publish","4":"has-post-thumbnail","6":"product_cat-estudios-de-genero","7":"product_cat-estudios-sobre-las-mujeres-estudios-de-genero","8":"product_tag-afrodescendientes","9":"product_tag-derechos-mujeres","10":"product_tag-esclavitud","11":"product_tag-mujeres-es","13":"first","14":"instock","15":"taxable","16":"shipping-taxable","17":"purchasable","18":"product-type-simple"},"acf":[],"yoast_head":"<!-- This site is optimized with the Yoast SEO plugin v27.3 - https:\/\/yoast.com\/product\/yoast-seo-wordpress\/ -->\n<title>Mujeres africanas y afrodescendientes<\/title>\n<meta name=\"description\" content=\"MUJERES AFRICANAS Y AFRODESCENDIENTES : EXPERIENCIAS DE ESCLAVITUD Y LIBERTAD EN AM\u00c9RICA LATINA Y \u00c1FRICA. SIGLOS XVI AL XIX. \/ Vel\u00e1zquez y Undurruaga.\" \/>\n<meta name=\"robots\" content=\"index, follow, max-snippet:-1, max-image-preview:large, max-video-preview:-1\" \/>\n<link rel=\"canonical\" href=\"https:\/\/booksfrommexico.com\/es\/producto\/mujeres-africanas-y-afrodescendientes-experiencias-de-esclavitud-y-libertad-en-america-latina-y-africa-siglos-xvi-al-xix\/\" \/>\n<meta property=\"og:locale\" content=\"es_ES\" \/>\n<meta property=\"og:type\" content=\"article\" \/>\n<meta property=\"og:title\" content=\"Mujeres africanas y afrodescendientes\" \/>\n<meta property=\"og:description\" content=\"MUJERES AFRICANAS Y AFRODESCENDIENTES : EXPERIENCIAS DE ESCLAVITUD Y LIBERTAD EN AM\u00c9RICA LATINA Y \u00c1FRICA. SIGLOS XVI AL XIX. \/ Vel\u00e1zquez y Undurruaga.\" \/>\n<meta property=\"og:url\" content=\"https:\/\/booksfrommexico.com\/es\/producto\/mujeres-africanas-y-afrodescendientes-experiencias-de-esclavitud-y-libertad-en-america-latina-y-africa-siglos-xvi-al-xix\/\" \/>\n<meta property=\"og:site_name\" content=\"Books From Mexico\" \/>\n<meta property=\"article:modified_time\" content=\"2024-05-14T21:53:34+00:00\" \/>\n<meta property=\"og:image\" content=\"http:\/\/booksfrommexico.com\/app\/uploads\/2023\/05\/180314.jpeg\" \/>\n\t<meta property=\"og:image:width\" content=\"384\" \/>\n\t<meta property=\"og:image:height\" content=\"613\" \/>\n\t<meta property=\"og:image:type\" content=\"image\/jpeg\" \/>\n<meta name=\"twitter:card\" content=\"summary_large_image\" \/>\n<meta name=\"twitter:label1\" content=\"Tiempo de lectura\" \/>\n\t<meta name=\"twitter:data1\" content=\"1 minuto\" \/>\n<script type=\"application\/ld+json\" class=\"yoast-schema-graph\">{\"@context\":\"https:\\\/\\\/schema.org\",\"@graph\":[{\"@type\":\"WebPage\",\"@id\":\"https:\\\/\\\/booksfrommexico.com\\\/es\\\/producto\\\/mujeres-africanas-y-afrodescendientes-experiencias-de-esclavitud-y-libertad-en-america-latina-y-africa-siglos-xvi-al-xix\\\/\",\"url\":\"https:\\\/\\\/booksfrommexico.com\\\/es\\\/producto\\\/mujeres-africanas-y-afrodescendientes-experiencias-de-esclavitud-y-libertad-en-america-latina-y-africa-siglos-xvi-al-xix\\\/\",\"name\":\"Mujeres africanas y afrodescendientes\",\"isPartOf\":{\"@id\":\"https:\\\/\\\/booksfrommexico.com\\\/#website\"},\"primaryImageOfPage\":{\"@id\":\"https:\\\/\\\/booksfrommexico.com\\\/es\\\/producto\\\/mujeres-africanas-y-afrodescendientes-experiencias-de-esclavitud-y-libertad-en-america-latina-y-africa-siglos-xvi-al-xix\\\/#primaryimage\"},\"image\":{\"@id\":\"https:\\\/\\\/booksfrommexico.com\\\/es\\\/producto\\\/mujeres-africanas-y-afrodescendientes-experiencias-de-esclavitud-y-libertad-en-america-latina-y-africa-siglos-xvi-al-xix\\\/#primaryimage\"},\"thumbnailUrl\":\"https:\\\/\\\/booksfrommexico.com\\\/app\\\/uploads\\\/2023\\\/05\\\/180314.jpeg\",\"datePublished\":\"2023-05-08T17:11:34+00:00\",\"dateModified\":\"2024-05-14T21:53:34+00:00\",\"description\":\"MUJERES AFRICANAS Y AFRODESCENDIENTES : EXPERIENCIAS DE ESCLAVITUD Y LIBERTAD EN AM\u00c9RICA LATINA Y \u00c1FRICA. SIGLOS XVI AL XIX. \\\/ Vel\u00e1zquez y Undurruaga.\",\"breadcrumb\":{\"@id\":\"https:\\\/\\\/booksfrommexico.com\\\/es\\\/producto\\\/mujeres-africanas-y-afrodescendientes-experiencias-de-esclavitud-y-libertad-en-america-latina-y-africa-siglos-xvi-al-xix\\\/#breadcrumb\"},\"inLanguage\":\"es\",\"potentialAction\":[{\"@type\":\"ReadAction\",\"target\":[\"https:\\\/\\\/booksfrommexico.com\\\/es\\\/producto\\\/mujeres-africanas-y-afrodescendientes-experiencias-de-esclavitud-y-libertad-en-america-latina-y-africa-siglos-xvi-al-xix\\\/\"]}]},{\"@type\":\"ImageObject\",\"inLanguage\":\"es\",\"@id\":\"https:\\\/\\\/booksfrommexico.com\\\/es\\\/producto\\\/mujeres-africanas-y-afrodescendientes-experiencias-de-esclavitud-y-libertad-en-america-latina-y-africa-siglos-xvi-al-xix\\\/#primaryimage\",\"url\":\"https:\\\/\\\/booksfrommexico.com\\\/app\\\/uploads\\\/2023\\\/05\\\/180314.jpeg\",\"contentUrl\":\"https:\\\/\\\/booksfrommexico.com\\\/app\\\/uploads\\\/2023\\\/05\\\/180314.jpeg\",\"width\":384,\"height\":613,\"caption\":\"Books From M\u00e9xico: Mujeres africanas y afrodescendientes\"},{\"@type\":\"BreadcrumbList\",\"@id\":\"https:\\\/\\\/booksfrommexico.com\\\/es\\\/producto\\\/mujeres-africanas-y-afrodescendientes-experiencias-de-esclavitud-y-libertad-en-america-latina-y-africa-siglos-xvi-al-xix\\\/#breadcrumb\",\"itemListElement\":[{\"@type\":\"ListItem\",\"position\":1,\"name\":\"Home\",\"item\":\"https:\\\/\\\/booksfrommexico.com\\\/es\\\/\"},{\"@type\":\"ListItem\",\"position\":2,\"name\":\"Libros\",\"item\":\"https:\\\/\\\/booksfrommexico.com\\\/es\\\/libros\\\/\"},{\"@type\":\"ListItem\",\"position\":3,\"name\":\"Mujeres africanas y afrodescendientes: Experiencias de esclavitud y libertad en Am\u00e9rica Latina y \u00c1frica (Siglos XVI al XIX)\"}]},{\"@type\":\"WebSite\",\"@id\":\"https:\\\/\\\/booksfrommexico.com\\\/#website\",\"url\":\"https:\\\/\\\/booksfrommexico.com\\\/\",\"name\":\"Books From Mexico\",\"description\":\"\",\"publisher\":{\"@id\":\"https:\\\/\\\/booksfrommexico.com\\\/#organization\"},\"potentialAction\":[{\"@type\":\"SearchAction\",\"target\":{\"@type\":\"EntryPoint\",\"urlTemplate\":\"https:\\\/\\\/booksfrommexico.com\\\/?s={search_term_string}\"},\"query-input\":{\"@type\":\"PropertyValueSpecification\",\"valueRequired\":true,\"valueName\":\"search_term_string\"}}],\"inLanguage\":\"es\"},{\"@type\":\"Organization\",\"@id\":\"https:\\\/\\\/booksfrommexico.com\\\/#organization\",\"name\":\"Books From Mexico\",\"url\":\"https:\\\/\\\/booksfrommexico.com\\\/\",\"logo\":{\"@type\":\"ImageObject\",\"inLanguage\":\"es\",\"@id\":\"https:\\\/\\\/booksfrommexico.com\\\/#\\\/schema\\\/logo\\\/image\\\/\",\"url\":\"https:\\\/\\\/booksfrommexico.com\\\/app\\\/uploads\\\/2023\\\/05\\\/logo-booksfrommexico.svg\",\"contentUrl\":\"https:\\\/\\\/booksfrommexico.com\\\/app\\\/uploads\\\/2023\\\/05\\\/logo-booksfrommexico.svg\",\"width\":86,\"height\":56,\"caption\":\"Books From Mexico\"},\"image\":{\"@id\":\"https:\\\/\\\/booksfrommexico.com\\\/#\\\/schema\\\/logo\\\/image\\\/\"}}]}<\/script>\n<!-- \/ Yoast SEO plugin. -->","yoast_head_json":{"title":"Mujeres africanas y afrodescendientes","description":"MUJERES AFRICANAS Y AFRODESCENDIENTES : EXPERIENCIAS DE ESCLAVITUD Y LIBERTAD EN AM\u00c9RICA LATINA Y \u00c1FRICA. SIGLOS XVI AL XIX. \/ Vel\u00e1zquez y Undurruaga.","robots":{"index":"index","follow":"follow","max-snippet":"max-snippet:-1","max-image-preview":"max-image-preview:large","max-video-preview":"max-video-preview:-1"},"canonical":"https:\/\/booksfrommexico.com\/es\/producto\/mujeres-africanas-y-afrodescendientes-experiencias-de-esclavitud-y-libertad-en-america-latina-y-africa-siglos-xvi-al-xix\/","og_locale":"es_ES","og_type":"article","og_title":"Mujeres africanas y afrodescendientes","og_description":"MUJERES AFRICANAS Y AFRODESCENDIENTES : EXPERIENCIAS DE ESCLAVITUD Y LIBERTAD EN AM\u00c9RICA LATINA Y \u00c1FRICA. SIGLOS XVI AL XIX. \/ Vel\u00e1zquez y Undurruaga.","og_url":"https:\/\/booksfrommexico.com\/es\/producto\/mujeres-africanas-y-afrodescendientes-experiencias-de-esclavitud-y-libertad-en-america-latina-y-africa-siglos-xvi-al-xix\/","og_site_name":"Books From Mexico","article_modified_time":"2024-05-14T21:53:34+00:00","og_image":[{"width":384,"height":613,"url":"http:\/\/booksfrommexico.com\/app\/uploads\/2023\/05\/180314.jpeg","type":"image\/jpeg"}],"twitter_card":"summary_large_image","twitter_misc":{"Tiempo de lectura":"1 minuto"},"schema":{"@context":"https:\/\/schema.org","@graph":[{"@type":"WebPage","@id":"https:\/\/booksfrommexico.com\/es\/producto\/mujeres-africanas-y-afrodescendientes-experiencias-de-esclavitud-y-libertad-en-america-latina-y-africa-siglos-xvi-al-xix\/","url":"https:\/\/booksfrommexico.com\/es\/producto\/mujeres-africanas-y-afrodescendientes-experiencias-de-esclavitud-y-libertad-en-america-latina-y-africa-siglos-xvi-al-xix\/","name":"Mujeres africanas y afrodescendientes","isPartOf":{"@id":"https:\/\/booksfrommexico.com\/#website"},"primaryImageOfPage":{"@id":"https:\/\/booksfrommexico.com\/es\/producto\/mujeres-africanas-y-afrodescendientes-experiencias-de-esclavitud-y-libertad-en-america-latina-y-africa-siglos-xvi-al-xix\/#primaryimage"},"image":{"@id":"https:\/\/booksfrommexico.com\/es\/producto\/mujeres-africanas-y-afrodescendientes-experiencias-de-esclavitud-y-libertad-en-america-latina-y-africa-siglos-xvi-al-xix\/#primaryimage"},"thumbnailUrl":"https:\/\/booksfrommexico.com\/app\/uploads\/2023\/05\/180314.jpeg","datePublished":"2023-05-08T17:11:34+00:00","dateModified":"2024-05-14T21:53:34+00:00","description":"MUJERES AFRICANAS Y AFRODESCENDIENTES : EXPERIENCIAS DE ESCLAVITUD Y LIBERTAD EN AM\u00c9RICA LATINA Y \u00c1FRICA. SIGLOS XVI AL XIX. \/ Vel\u00e1zquez y Undurruaga.","breadcrumb":{"@id":"https:\/\/booksfrommexico.com\/es\/producto\/mujeres-africanas-y-afrodescendientes-experiencias-de-esclavitud-y-libertad-en-america-latina-y-africa-siglos-xvi-al-xix\/#breadcrumb"},"inLanguage":"es","potentialAction":[{"@type":"ReadAction","target":["https:\/\/booksfrommexico.com\/es\/producto\/mujeres-africanas-y-afrodescendientes-experiencias-de-esclavitud-y-libertad-en-america-latina-y-africa-siglos-xvi-al-xix\/"]}]},{"@type":"ImageObject","inLanguage":"es","@id":"https:\/\/booksfrommexico.com\/es\/producto\/mujeres-africanas-y-afrodescendientes-experiencias-de-esclavitud-y-libertad-en-america-latina-y-africa-siglos-xvi-al-xix\/#primaryimage","url":"https:\/\/booksfrommexico.com\/app\/uploads\/2023\/05\/180314.jpeg","contentUrl":"https:\/\/booksfrommexico.com\/app\/uploads\/2023\/05\/180314.jpeg","width":384,"height":613,"caption":"Books From M\u00e9xico: Mujeres africanas y afrodescendientes"},{"@type":"BreadcrumbList","@id":"https:\/\/booksfrommexico.com\/es\/producto\/mujeres-africanas-y-afrodescendientes-experiencias-de-esclavitud-y-libertad-en-america-latina-y-africa-siglos-xvi-al-xix\/#breadcrumb","itemListElement":[{"@type":"ListItem","position":1,"name":"Home","item":"https:\/\/booksfrommexico.com\/es\/"},{"@type":"ListItem","position":2,"name":"Libros","item":"https:\/\/booksfrommexico.com\/es\/libros\/"},{"@type":"ListItem","position":3,"name":"Mujeres africanas y afrodescendientes: Experiencias de esclavitud y libertad en Am\u00e9rica Latina y \u00c1frica (Siglos XVI al XIX)"}]},{"@type":"WebSite","@id":"https:\/\/booksfrommexico.com\/#website","url":"https:\/\/booksfrommexico.com\/","name":"Books From Mexico","description":"","publisher":{"@id":"https:\/\/booksfrommexico.com\/#organization"},"potentialAction":[{"@type":"SearchAction","target":{"@type":"EntryPoint","urlTemplate":"https:\/\/booksfrommexico.com\/?s={search_term_string}"},"query-input":{"@type":"PropertyValueSpecification","valueRequired":true,"valueName":"search_term_string"}}],"inLanguage":"es"},{"@type":"Organization","@id":"https:\/\/booksfrommexico.com\/#organization","name":"Books From Mexico","url":"https:\/\/booksfrommexico.com\/","logo":{"@type":"ImageObject","inLanguage":"es","@id":"https:\/\/booksfrommexico.com\/#\/schema\/logo\/image\/","url":"https:\/\/booksfrommexico.com\/app\/uploads\/2023\/05\/logo-booksfrommexico.svg","contentUrl":"https:\/\/booksfrommexico.com\/app\/uploads\/2023\/05\/logo-booksfrommexico.svg","width":86,"height":56,"caption":"Books From Mexico"},"image":{"@id":"https:\/\/booksfrommexico.com\/#\/schema\/logo\/image\/"}}]}},"_links":{"self":[{"href":"https:\/\/booksfrommexico.com\/es\/wp-json\/wp\/v2\/product\/1136","targetHints":{"allow":["GET"]}}],"collection":[{"href":"https:\/\/booksfrommexico.com\/es\/wp-json\/wp\/v2\/product"}],"about":[{"href":"https:\/\/booksfrommexico.com\/es\/wp-json\/wp\/v2\/types\/product"}],"wp:featuredmedia":[{"embeddable":true,"href":"https:\/\/booksfrommexico.com\/es\/wp-json\/wp\/v2\/media\/1135"}],"wp:attachment":[{"href":"https:\/\/booksfrommexico.com\/es\/wp-json\/wp\/v2\/media?parent=1136"}],"wp:term":[{"taxonomy":"product_brand","embeddable":true,"href":"https:\/\/booksfrommexico.com\/es\/wp-json\/wp\/v2\/product_brand?post=1136"},{"taxonomy":"product_cat","embeddable":true,"href":"https:\/\/booksfrommexico.com\/es\/wp-json\/wp\/v2\/product_cat?post=1136"},{"taxonomy":"product_tag","embeddable":true,"href":"https:\/\/booksfrommexico.com\/es\/wp-json\/wp\/v2\/product_tag?post=1136"}],"curies":[{"name":"wp","href":"https:\/\/api.w.org\/{rel}","templated":true}]}}